{"id":3201,"date":"2020-04-10T09:06:24","date_gmt":"2020-04-10T07:06:24","guid":{"rendered":"https:\/\/bolting.eu\/?post_type=product&#038;p=3201"},"modified":"2025-09-10T09:14:45","modified_gmt":"2025-09-10T07:14:45","slug":"stubai-eispickel-tour-ultralight","status":"publish","type":"product","link":"https:\/\/bolting.eu\/en\/shop\/stubai-eispickel-tour-ultralight\/","title":{"rendered":"Stubai Eispickel Tour Ultralight"},"content":{"rendered":"<p>Der Stubai Eispickel Tour Ultralight ist ein superleichter Hochtouren Pickel. Denn er besteht einerseits zur G\u00e4nze aus hochwertigem Aluminium. Andererseits hat er ein simples Design. Hier gibt es kein Schnick-Schnack!<\/p>\n<p>Dies spart zum einen wertvolles Gewicht wenn die Touren lang und schwer sind. Und zum anderen sorgt es f\u00fcr perfektes Handling im Notfall. Folglich bringt dieses Leichtgewicht gerade einmal 325-395 Gramm auf die Waage!<\/p>\n<p>Dieser Eispickel ist drei L\u00e4ngen erh\u00e4ltlich: erstens in 52cm, in zweitens 59cm und drittens in 66cm<\/p>\n<p>Der Tour Ultralight erf\u00fcllt die h\u00f6chsten Pr\u00fcfungskriterien f\u00fcr Eispickel. Somit kann er nat\u00fcrlich auch als &#8220;Toter Mann&#8221; verwendet werden.<\/p>\n<h3>Eigenschaften Stubai Eispickel Tour Ultralight<\/h3>\n<ul>\n<li>Hersteller: <a href=\"https:\/\/bolting.eu\/produkt-kategorie\/stubai-bergsport\/\">Stubai Bergsport<\/a><\/li>\n<li>L\u00e4ngen: 52cm oder 66 cm<\/li>\n<li>Material: hochwertiges Aluminium<\/li>\n<li>inkl. Handschlaufe<\/li>\n<li>ideal f\u00fcr Hochtouren<\/li>\n<li>Gewicht: 325 bzw. 395 Gramm<\/li>\n<li>ovale Schaft Form f\u00fcr perfektes Handling<\/li>\n<li>in drei L\u00e4ngen erh\u00e4ltlich: 52cm, 59cm, 66cm<\/li>\n<\/ul>\n<h3>Pflegeanleitung Stubai Eispickel Tour Ultralight<\/h3>\n<p>Trocknet euren Eispickel einerseits nach jeder Tour ab. Andererseits lagert ihn trocken. Somit habt ihr bei der n\u00e4chsten Verwendung mehr Freude daran. Dar\u00fcber hinaus erh\u00f6ht das die Lebensdauer des Hochtouren Pickel aus Aluminium.<\/p>\n<p>Stumpfe Hauen und Steckpickel-Zapfen kann man \u00fcberdies mit einer Metallfeile nachsch\u00e4rfen.<\/p>\n<h3>bolting.eu Praxis Tipp<\/h3>\n<p>Am Gletscher solltet ihr immer folgende Ausr\u00fcstung mit dabei haben. Neben <a href=\"https:\/\/bolting.eu\/produkt-kategorie\/kletterseil\/\">Kletterseil<\/a>, <a href=\"https:\/\/bolting.eu\/shop\/stubai-leichtgurt-lux\/\">Hochtouren Gurt<\/a>, <a href=\"https:\/\/bolting.eu\/shop\/stubai-steigeisen-light\/\">Steigeisen<\/a> und dem Stubai Eispickel Tour Ultralight empfehlen wir.<\/p>\n<ul>\n<li>2 extra <a href=\"https:\/\/bolting.eu\/produkt-kategorie\/karabiner-kletterkarabiner\/schraubkarabiner\/\">Schraubkarabiner<\/a><\/li>\n<li>2 extra keylock Karabiner<\/li>\n<li>1 Eisschraube<\/li>\n<li>120cm <a href=\"https:\/\/bolting.eu\/produkt-kategorie\/bandschlinge\/\">Bandschlinge<\/a><\/li>\n<li>2 <a href=\"https:\/\/bolting.eu\/produkt-kategorie\/reepschnur\/\">Reepschn\u00fcre<\/a> \u00e1 3-5m<\/li>\n<li><a href=\"https:\/\/bolting.eu\/shop\/camp-sphinx-seilrolle\/\">Mini Seilrolle<\/a> (optional)<\/li>\n<li><a href=\"https:\/\/bolting.eu\/shop\/climbing-technology-rollnlock-seilklemme\/\">Mini Seilklemme<\/a> (optional)<\/li>\n<\/ul>\n<p>Somit seid ihr f\u00fcr die Spaltenbergung bestens ausger\u00fcstet. Bitte \u00fcbt die Rettung eines Bergsteigers aus einer Gletscherspalte. Hiermit seid ihr auf den Notfall vorbereitet. Erstens bieten viele Bergschulen entsprechende Kurse an. Zweitens auch die alpinen Vereine. Drittens gibt es viel Fachliteratur zum Nachlesen. Und viertens bieten wir Euch hier ein kurzes, informatives Video:<\/p>\n<p><iframe loading=\"lazy\" src=\"https:\/\/www.youtube.com\/embed\/bom_PN0m7b0\" width=\"100%\" height=\"450\" frameborder=\"0\" allowfullscreen=\"allowfullscreen\"><span data-mce-type=\"bookmark\" style=\"display: inline-block; width: 0px; overflow: hidden; line-height: 0;\" class=\"mce_SELRES_start\">\ufeff<\/span><\/iframe><\/p>\n<h3>Made in AUSTRIA!<\/h3>\n<p>Alle Stubai Eispickel werden mit Sorgfalt in Tirol hergestellt. Dieses Produkt erzielt folglich seine gesamte Wertsch\u00f6pfung in \u00d6sterreich <img decoding=\"async\" class=\"emoji\" role=\"img\" draggable=\"false\" src=\"https:\/\/s.w.org\/images\/core\/emoji\/12.0.0-1\/svg\/1f1e6-1f1f9.svg\" alt=\"\ud83c\udde6\ud83c\uddf9\" \/>. Und dies unter der Einhaltung von strengen sozialen und \u00f6kologischen Standards!<\/p>\n<p>Somit ist jeder Kauf dieses \u00d6sterreichischen Qualit\u00e4tsproduktes eine nachhaltige Entscheidung!<\/p>\n<p>Link Tipp: Den neuen Stubai Eispickel Tour Ultralight gleich einmal ausprobieren. Bei einer leichten <a href=\"https:\/\/maltatal.rocks\/alpinklettern-im-maltatal-hohe-tauern\/\" target=\"_blank\" rel=\"noopener noreferrer\">Alpinkletterroute im Nationalpark Hohe Tauern in K\u00e4rnten<\/a>!<\/p>\n","protected":false},"excerpt":{"rendered":"<ul>\n<li>Hersteller: Stubai Bergsport<\/li>\n<li>L\u00e4ngen: 52cm oder 66 cm<\/li>\n<li>Material: hochwertiges Aluminium<\/li>\n<li>inkl. Handschlaufe<\/li>\n<li>ideal f\u00fcr Hochtouren<\/li>\n<li>Gewicht: 325 bzw. 395 Gramm<\/li>\n<li>ovale Schaft Form f\u00fcr perfektes Handling<\/li>\n<li>in drei L\u00e4ngen erh\u00e4ltlich: 52cm, 59cm, 66cm<\/li>\n<li><\/li>\n<\/ul>\n","protected":false},"featured_media":3205,"comment_status":"open","ping_status":"closed","template":"","meta":[],"product_brand":[],"product_cat":[6620,11054,4650],"product_tag":[6861,6910],"class_list":{"0":"post-3201","1":"product","2":"type-product","3":"status-publish","4":"has-post-thumbnail","6":"product_cat-hochtouren-ausruestung","7":"product_cat-eispickel","8":"product_cat-stubai-bergsport","9":"product_tag-hochtouren","10":"product_tag-skitouren","12":"first","13":"outofstock","14":"taxable","15":"shipping-taxable","16":"purchasable","17":"product-type-variable"},"yoast_head":"<!-- This site is optimized with the Yoast SEO Premium plugin v26.9 (Yoast SEO v26.9) - https:\/\/yoast.com\/product\/yoast-seo-premium-wordpress\/ -->\n<title>Stubai Eispickel Tour Ultralight: jetzt online kaufen bei bolting.eu<\/title>\n<meta name=\"description\" content=\"Hier findet ihr den STUBAI EISPICKEL TOUR ULTRALIGHT. Einen Top Hochtouren Pickel mit 52cm, 59cm oder 66cm L\u00e4nge und nur 325-395 Gramm. Made in \ud83c\udde6\ud83c\uddf9AUSTRIA!\" \/>\n<meta name=\"robots\" content=\"index, follow, max-snippet:-1, max-image-preview:large, max-video-preview:-1\" \/>\n<link rel=\"canonical\" href=\"https:\/\/bolting.eu\/en\/shop\/stubai-eispickel-tour-ultralight\/\" \/>\n<meta property=\"og:locale\" content=\"en_US\" \/>\n<meta property=\"og:type\" content=\"article\" \/>\n<meta property=\"og:title\" content=\"Stubai Eispickel Tour Ultralight\" \/>\n<meta property=\"og:description\" content=\"Hier findet ihr den STUBAI EISPICKEL TOUR ULTRALIGHT. Einen Top Hochtouren Pickel mit 52cm, 59cm oder 66cm L\u00e4nge und nur 325-395 Gramm. Made in \ud83c\udde6\ud83c\uddf9AUSTRIA!\" \/>\n<meta property=\"og:url\" content=\"https:\/\/bolting.eu\/en\/shop\/stubai-eispickel-tour-ultralight\/\" \/>\n<meta property=\"og:site_name\" content=\"bolting.eu\" \/>\n<meta property=\"article:publisher\" content=\"https:\/\/www.facebook.com\/bolting.eu\" \/>\n<meta property=\"article:modified_time\" content=\"2025-09-10T07:14:45+00:00\" \/>\n<meta property=\"og:image\" content=\"https:\/\/bolting.eu\/wp-content\/uploads\/2020\/04\/Stubai-Eispickel-Tour-Ultralight.jpg\" \/>\n\t<meta property=\"og:image:width\" content=\"700\" \/>\n\t<meta property=\"og:image:height\" content=\"700\" \/>\n\t<meta property=\"og:image:type\" content=\"image\/jpeg\" \/>\n<meta name=\"twitter:card\" content=\"summary_large_image\" \/>\n<meta name=\"twitter:label1\" content=\"Availability\" \/>\n\t<meta name=\"twitter:data1\" content=\"Out of stock\" \/>\n<script type=\"application\/ld+json\" class=\"yoast-schema-graph\">{\"@context\":\"https:\/\/schema.org\",\"@graph\":[{\"@type\":[\"WebPage\",\"ItemPage\"],\"@id\":\"https:\/\/bolting.eu\/en\/shop\/stubai-eispickel-tour-ultralight\/\",\"url\":\"https:\/\/bolting.eu\/en\/shop\/stubai-eispickel-tour-ultralight\/\",\"name\":\"Stubai Eispickel Tour Ultralight: jetzt online kaufen bei bolting.eu\",\"isPartOf\":{\"@id\":\"https:\/\/bolting.eu\/en\/#website\"},\"primaryImageOfPage\":{\"@id\":\"https:\/\/bolting.eu\/en\/shop\/stubai-eispickel-tour-ultralight\/#primaryimage\"},\"image\":{\"@id\":\"https:\/\/bolting.eu\/en\/shop\/stubai-eispickel-tour-ultralight\/#primaryimage\"},\"thumbnailUrl\":\"https:\/\/bolting.eu\/wp-content\/uploads\/2020\/04\/Stubai-Eispickel-Tour-Ultralight.jpg\",\"datePublished\":\"2020-04-10T07:06:24+00:00\",\"dateModified\":\"2025-09-10T07:14:45+00:00\",\"description\":\"Hier findet ihr den STUBAI EISPICKEL TOUR ULTRALIGHT. Einen Top Hochtouren Pickel mit 52cm, 59cm oder 66cm L\u00e4nge und nur 325-395 Gramm. Made in \ud83c\udde6\ud83c\uddf9AUSTRIA!\",\"breadcrumb\":{\"@id\":\"https:\/\/bolting.eu\/en\/shop\/stubai-eispickel-tour-ultralight\/#breadcrumb\"},\"inLanguage\":\"en-US\",\"potentialAction\":[{\"@type\":\"ReadAction\",\"target\":[\"https:\/\/bolting.eu\/en\/shop\/stubai-eispickel-tour-ultralight\/\"]}]},{\"@type\":\"ImageObject\",\"inLanguage\":\"en-US\",\"@id\":\"https:\/\/bolting.eu\/en\/shop\/stubai-eispickel-tour-ultralight\/#primaryimage\",\"url\":\"https:\/\/bolting.eu\/wp-content\/uploads\/2020\/04\/Stubai-Eispickel-Tour-Ultralight.jpg\",\"contentUrl\":\"https:\/\/bolting.eu\/wp-content\/uploads\/2020\/04\/Stubai-Eispickel-Tour-Ultralight.jpg\",\"width\":700,\"height\":700,\"caption\":\"Das Bild zeigt den Stubai Eispickel Tour Ultralight. Er ist von der Seite zu sehen und man erkennt alle Details des Hochtouren Pickel. Die silberne Alu Haue, den roten Schaft und die Handschlaufe in Schwarz..\"},{\"@type\":\"BreadcrumbList\",\"@id\":\"https:\/\/bolting.eu\/en\/shop\/stubai-eispickel-tour-ultralight\/#breadcrumb\",\"itemListElement\":[{\"@type\":\"ListItem\",\"position\":1,\"name\":\"Shop\",\"item\":\"https:\/\/bolting.eu\/en\/shop\/\"},{\"@type\":\"ListItem\",\"position\":2,\"name\":\"Bergsteiger Ausr\u00fcstung\",\"item\":\"https:\/\/bolting.eu\/produkt-kategorie\/bergsteiger-ausruestung\/\"},{\"@type\":\"ListItem\",\"position\":3,\"name\":\"Glacier travelling gear\",\"item\":\"https:\/\/bolting.eu\/en\/produkt-kategorie\/glacier-travelling-gear\/\"},{\"@type\":\"ListItem\",\"position\":4,\"name\":\"Stubai Eispickel Tour Ultralight\"}]},{\"@type\":\"WebSite\",\"@id\":\"https:\/\/bolting.eu\/en\/#website\",\"url\":\"https:\/\/bolting.eu\/en\/\",\"name\":\"bolting.eu\",\"description\":\"we make climbs happen\",\"publisher\":{\"@id\":\"https:\/\/bolting.eu\/en\/#organization\"},\"potentialAction\":[{\"@type\":\"SearchAction\",\"target\":{\"@type\":\"EntryPoint\",\"urlTemplate\":\"https:\/\/bolting.eu\/en\/?s={search_term_string}\"},\"query-input\":{\"@type\":\"PropertyValueSpecification\",\"valueRequired\":true,\"valueName\":\"search_term_string\"}}],\"inLanguage\":\"en-US\"},{\"@type\":[\"Organization\",\"Place\",\"SportingGoodsStore\"],\"@id\":\"https:\/\/bolting.eu\/en\/#organization\",\"name\":\"bolting.eu\",\"url\":\"https:\/\/bolting.eu\/en\/\",\"logo\":{\"@id\":\"https:\/\/bolting.eu\/en\/shop\/stubai-eispickel-tour-ultralight\/#local-main-organization-logo\"},\"image\":{\"@id\":\"https:\/\/bolting.eu\/en\/shop\/stubai-eispickel-tour-ultralight\/#local-main-organization-logo\"},\"sameAs\":[\"https:\/\/www.facebook.com\/bolting.eu\",\"https:\/\/www.instagram.com\/bolting.eu\/\"],\"address\":{\"@id\":\"https:\/\/bolting.eu\/en\/shop\/stubai-eispickel-tour-ultralight\/#local-main-place-address\"},\"geo\":{\"@type\":\"GeoCoordinates\",\"latitude\":\"47.264176340396226\",\"longitude\":\"11.380109057672346\"},\"telephone\":[\"+43 699 19083372\"],\"openingHoursSpecification\":[{\"@type\":\"OpeningHoursSpecification\",\"dayOfWeek\":[\"Monday\",\"Wednesday\",\"Friday\"],\"opens\":\"14:00\",\"closes\":\"18:00\"},{\"@type\":\"OpeningHoursSpecification\",\"dayOfWeek\":[\"Tuesday\",\"Thursday\",\"Saturday\",\"Sunday\"],\"opens\":\"00:00\",\"closes\":\"00:00\"}],\"email\":\"office@bolting.eu\",\"vatID\":\"ATU59999728\",\"priceRange\":\"$$\",\"currenciesAccepted\":\"Euro\"},{\"@type\":\"PostalAddress\",\"@id\":\"https:\/\/bolting.eu\/en\/shop\/stubai-eispickel-tour-ultralight\/#local-main-place-address\",\"streetAddress\":\"Fischnalerstra\u00dfe 4\",\"addressLocality\":\"Innsbruck\",\"postalCode\":\"6020\",\"addressRegion\":\"Tirol\",\"addressCountry\":\"AT\"},{\"@type\":\"ImageObject\",\"inLanguage\":\"en-US\",\"@id\":\"https:\/\/bolting.eu\/en\/shop\/stubai-eispickel-tour-ultralight\/#local-main-organization-logo\",\"url\":\"https:\/\/bolting.eu\/wp-content\/uploads\/2019\/09\/bolting-logo.png\",\"contentUrl\":\"https:\/\/bolting.eu\/wp-content\/uploads\/2019\/09\/bolting-logo.png\",\"width\":400,\"height\":211,\"caption\":\"bolting.eu\"}]}<\/script>\n<meta property=\"og:video\" content=\"https:\/\/www.youtube.com\/embed\/bom_PN0m7b0\" \/>\n<meta property=\"og:video:type\" content=\"text\/html\" \/>\n<meta property=\"og:video:duration\" content=\"389\" \/>\n<meta property=\"og:video:width\" content=\"480\" \/>\n<meta property=\"og:video:height\" content=\"270\" \/>\n<meta property=\"ya:ovs:adult\" content=\"false\" \/>\n<meta property=\"ya:ovs:upload_date\" content=\"2020-04-10T07:06:24+00:00\" \/>\n<meta property=\"ya:ovs:allow_embed\" content=\"true\" \/>\n<meta property=\"og:availability\" content=\"out of stock\" \/>\n<meta property=\"product:availability\" content=\"out of stock\" \/>\n<meta property=\"product:condition\" content=\"new\" \/>\n<meta name=\"geo.placename\" content=\"Innsbruck\" \/>\n<meta name=\"geo.position\" content=\"47.264176340396226;11.380109057672346\" \/>\n<meta name=\"geo.region\" content=\"Austria\" \/>\n<!-- \/ Yoast SEO Premium plugin. -->","yoast_head_json":{"title":"Stubai Eispickel Tour Ultralight: jetzt online kaufen bei bolting.eu","description":"Hier findet ihr den STUBAI EISPICKEL TOUR ULTRALIGHT. Einen Top Hochtouren Pickel mit 52cm, 59cm oder 66cm L\u00e4nge und nur 325-395 Gramm. Made in \ud83c\udde6\ud83c\uddf9AUSTRIA!","robots":{"index":"index","follow":"follow","max-snippet":"max-snippet:-1","max-image-preview":"max-image-preview:large","max-video-preview":"max-video-preview:-1"},"canonical":"https:\/\/bolting.eu\/en\/shop\/stubai-eispickel-tour-ultralight\/","og_locale":"en_US","og_type":"article","og_title":"Stubai Eispickel Tour Ultralight","og_description":"Hier findet ihr den STUBAI EISPICKEL TOUR ULTRALIGHT. Einen Top Hochtouren Pickel mit 52cm, 59cm oder 66cm L\u00e4nge und nur 325-395 Gramm. Made in \ud83c\udde6\ud83c\uddf9AUSTRIA!","og_url":"https:\/\/bolting.eu\/en\/shop\/stubai-eispickel-tour-ultralight\/","og_site_name":"bolting.eu","article_publisher":"https:\/\/www.facebook.com\/bolting.eu","article_modified_time":"2025-09-10T07:14:45+00:00","og_image":[{"width":700,"height":700,"url":"https:\/\/bolting.eu\/wp-content\/uploads\/2020\/04\/Stubai-Eispickel-Tour-Ultralight.jpg","type":"image\/jpeg"}],"twitter_card":"summary_large_image","twitter_misc":{"Availability":"Out of stock"},"schema":{"@context":"https:\/\/schema.org","@graph":[{"@type":["WebPage","ItemPage"],"@id":"https:\/\/bolting.eu\/en\/shop\/stubai-eispickel-tour-ultralight\/","url":"https:\/\/bolting.eu\/en\/shop\/stubai-eispickel-tour-ultralight\/","name":"Stubai Eispickel Tour Ultralight: jetzt online kaufen bei bolting.eu","isPartOf":{"@id":"https:\/\/bolting.eu\/en\/#website"},"primaryImageOfPage":{"@id":"https:\/\/bolting.eu\/en\/shop\/stubai-eispickel-tour-ultralight\/#primaryimage"},"image":{"@id":"https:\/\/bolting.eu\/en\/shop\/stubai-eispickel-tour-ultralight\/#primaryimage"},"thumbnailUrl":"https:\/\/bolting.eu\/wp-content\/uploads\/2020\/04\/Stubai-Eispickel-Tour-Ultralight.jpg","datePublished":"2020-04-10T07:06:24+00:00","dateModified":"2025-09-10T07:14:45+00:00","description":"Hier findet ihr den STUBAI EISPICKEL TOUR ULTRALIGHT. Einen Top Hochtouren Pickel mit 52cm, 59cm oder 66cm L\u00e4nge und nur 325-395 Gramm. Made in \ud83c\udde6\ud83c\uddf9AUSTRIA!","breadcrumb":{"@id":"https:\/\/bolting.eu\/en\/shop\/stubai-eispickel-tour-ultralight\/#breadcrumb"},"inLanguage":"en-US","potentialAction":[{"@type":"ReadAction","target":["https:\/\/bolting.eu\/en\/shop\/stubai-eispickel-tour-ultralight\/"]}]},{"@type":"ImageObject","inLanguage":"en-US","@id":"https:\/\/bolting.eu\/en\/shop\/stubai-eispickel-tour-ultralight\/#primaryimage","url":"https:\/\/bolting.eu\/wp-content\/uploads\/2020\/04\/Stubai-Eispickel-Tour-Ultralight.jpg","contentUrl":"https:\/\/bolting.eu\/wp-content\/uploads\/2020\/04\/Stubai-Eispickel-Tour-Ultralight.jpg","width":700,"height":700,"caption":"Das Bild zeigt den Stubai Eispickel Tour Ultralight. Er ist von der Seite zu sehen und man erkennt alle Details des Hochtouren Pickel. Die silberne Alu Haue, den roten Schaft und die Handschlaufe in Schwarz.."},{"@type":"BreadcrumbList","@id":"https:\/\/bolting.eu\/en\/shop\/stubai-eispickel-tour-ultralight\/#breadcrumb","itemListElement":[{"@type":"ListItem","position":1,"name":"Shop","item":"https:\/\/bolting.eu\/en\/shop\/"},{"@type":"ListItem","position":2,"name":"Bergsteiger Ausr\u00fcstung","item":"https:\/\/bolting.eu\/produkt-kategorie\/bergsteiger-ausruestung\/"},{"@type":"ListItem","position":3,"name":"Glacier travelling gear","item":"https:\/\/bolting.eu\/en\/produkt-kategorie\/glacier-travelling-gear\/"},{"@type":"ListItem","position":4,"name":"Stubai Eispickel Tour Ultralight"}]},{"@type":"WebSite","@id":"https:\/\/bolting.eu\/en\/#website","url":"https:\/\/bolting.eu\/en\/","name":"bolting.eu","description":"we make climbs happen","publisher":{"@id":"https:\/\/bolting.eu\/en\/#organization"},"potentialAction":[{"@type":"SearchAction","target":{"@type":"EntryPoint","urlTemplate":"https:\/\/bolting.eu\/en\/?s={search_term_string}"},"query-input":{"@type":"PropertyValueSpecification","valueRequired":true,"valueName":"search_term_string"}}],"inLanguage":"en-US"},{"@type":["Organization","Place","SportingGoodsStore"],"@id":"https:\/\/bolting.eu\/en\/#organization","name":"bolting.eu","url":"https:\/\/bolting.eu\/en\/","logo":{"@id":"https:\/\/bolting.eu\/en\/shop\/stubai-eispickel-tour-ultralight\/#local-main-organization-logo"},"image":{"@id":"https:\/\/bolting.eu\/en\/shop\/stubai-eispickel-tour-ultralight\/#local-main-organization-logo"},"sameAs":["https:\/\/www.facebook.com\/bolting.eu","https:\/\/www.instagram.com\/bolting.eu\/"],"address":{"@id":"https:\/\/bolting.eu\/en\/shop\/stubai-eispickel-tour-ultralight\/#local-main-place-address"},"geo":{"@type":"GeoCoordinates","latitude":"47.264176340396226","longitude":"11.380109057672346"},"telephone":["+43 699 19083372"],"openingHoursSpecification":[{"@type":"OpeningHoursSpecification","dayOfWeek":["Monday","Wednesday","Friday"],"opens":"14:00","closes":"18:00"},{"@type":"OpeningHoursSpecification","dayOfWeek":["Tuesday","Thursday","Saturday","Sunday"],"opens":"00:00","closes":"00:00"}],"email":"office@bolting.eu","vatID":"ATU59999728","priceRange":"$$","currenciesAccepted":"Euro"},{"@type":"PostalAddress","@id":"https:\/\/bolting.eu\/en\/shop\/stubai-eispickel-tour-ultralight\/#local-main-place-address","streetAddress":"Fischnalerstra\u00dfe 4","addressLocality":"Innsbruck","postalCode":"6020","addressRegion":"Tirol","addressCountry":"AT"},{"@type":"ImageObject","inLanguage":"en-US","@id":"https:\/\/bolting.eu\/en\/shop\/stubai-eispickel-tour-ultralight\/#local-main-organization-logo","url":"https:\/\/bolting.eu\/wp-content\/uploads\/2019\/09\/bolting-logo.png","contentUrl":"https:\/\/bolting.eu\/wp-content\/uploads\/2019\/09\/bolting-logo.png","width":400,"height":211,"caption":"bolting.eu"}]},"og_video":"https:\/\/www.youtube.com\/embed\/bom_PN0m7b0","og_video_type":"text\/html","og_video_duration":"389","og_video_width":"480","og_video_height":"270","ya_ovs_adult":"false","ya_ovs_upload_date":"2020-04-10T07:06:24+00:00","ya_ovs_allow_embed":"true","og_availability":"out of stock","product_availability":"out of stock","product_condition":"new","geo.placename":"Innsbruck","geo.position":{"lat":"47.264176340396226","long":"11.380109057672346"},"geo.region":"Austria"},"_links":{"self":[{"href":"https:\/\/bolting.eu\/en\/wp-json\/wp\/v2\/product\/3201","targetHints":{"allow":["GET"]}}],"collection":[{"href":"https:\/\/bolting.eu\/en\/wp-json\/wp\/v2\/product"}],"about":[{"href":"https:\/\/bolting.eu\/en\/wp-json\/wp\/v2\/types\/product"}],"replies":[{"embeddable":true,"href":"https:\/\/bolting.eu\/en\/wp-json\/wp\/v2\/comments?post=3201"}],"wp:featuredmedia":[{"embeddable":true,"href":"https:\/\/bolting.eu\/en\/wp-json\/wp\/v2\/media\/3205"}],"wp:attachment":[{"href":"https:\/\/bolting.eu\/en\/wp-json\/wp\/v2\/media?parent=3201"}],"wp:term":[{"taxonomy":"product_brand","embeddable":true,"href":"https:\/\/bolting.eu\/en\/wp-json\/wp\/v2\/product_brand?post=3201"},{"taxonomy":"product_cat","embeddable":true,"href":"https:\/\/bolting.eu\/en\/wp-json\/wp\/v2\/product_cat?post=3201"},{"taxonomy":"product_tag","embeddable":true,"href":"https:\/\/bolting.eu\/en\/wp-json\/wp\/v2\/product_tag?post=3201"}],"curies":[{"name":"wp","href":"https:\/\/api.w.org\/{rel}","templated":true}]}}