{"id":3191,"date":"2020-04-09T18:31:38","date_gmt":"2020-04-09T16:31:38","guid":{"rendered":"https:\/\/bolting.eu\/?post_type=product&#038;p=3191"},"modified":"2024-11-08T17:56:42","modified_gmt":"2024-11-08T16:56:42","slug":"klettersteigkarabiner-stubai","status":"publish","type":"product","link":"https:\/\/bolting.eu\/en\/shop\/klettersteigkarabiner-stubai\/","title":{"rendered":"Klettersteigkarabiner Stubai"},"content":{"rendered":"<p>Der Klettersteigkarabiner Stubai ist eine Innovation von Stubai Bergsport. Er ist ergonomisch derart gestaltet, sodass die Finger weit weg vom Drahtseil bzw. den Schnappern sind. Folglich sind die Finger damit besser gegen Verletzungen gesch\u00fctzt. Vor allem das H\u00e4ngenleiben an losen Drahtseilen kann nicht mehr so leicht passieren. Zudem k\u00f6nnen sich die Finger nicht in der Schnapp\u00f6ffnung verfangen.<\/p>\n<p>Die Bedienung dieses Klettersteigkarabiners ist kinderleicht. Somit kann man sich auf das Wesentliche konzentrieren. Den Klettersteig!<\/p>\n<h3>Eigenschaften Klettersteigkarabiner Stubai<\/h3>\n<ul>\n<li>innovativer Klettersteigkarabiner von <a href=\"https:\/\/bolting.eu\/produkt-kategorie\/stubai-bergsport\/\">Stubai Bergsport<\/a><\/li>\n<li>Material: Aluminium<\/li>\n<li>EN Normen: 362 und 12275<\/li>\n<li>UIAA 121<\/li>\n<li>Bruchlasten: 26kN l\u00e4ngs &#8211; 7 kN quer &#8211; 10 kN offen<\/li>\n<li>Gewicht: 123 Gramm<\/li>\n<li>Dimensionen: 170 x 75mm<\/li>\n<li>Farben: rot und schwarz<\/li>\n<\/ul>\n<p><strong>Ausschlie\u00dflich in Verbindung mit einem genormten Bandfalld\u00e4mpfer zu verwenden!<\/strong><\/p>\n<p>Ihr wisst nicht genau wie die einzelnen Karabiner zu einem vollst\u00e4ndigen Set zusammengef\u00fcgt werden? Dann w\u00e4hlt doch bitte lieber gleich das vom Hersteller produzierte, fertige <a href=\"https:\/\/bolting.eu\/shop\/stubai-klettersteigset-summit-light\/\">Klettersteigset Summit Light<\/a> aus!<\/p>\n<p>Link Tipp: Die neuen Klettersteigkarabiner gleich einmal ausprobieren. Z.B. beim Anf\u00e4nger Klettersteig <a href=\"https:\/\/maltatal.rocks\/klettergebiete-posts\/weg-der-oberkaerntner-jaeger-klettersteig-breitwand\/\" target=\"_blank\" rel=\"noopener noreferrer\">&#8220;Weg der Oberk\u00e4rntner J\u00e4ger&#8221; A\/B<\/a> am wundersch\u00f6nen Millst\u00e4tter See.<\/p>\n","protected":false},"excerpt":{"rendered":"<ul>\n<li>innovativer Klettersteigkarabiner von Stubai Bergsport<\/li>\n<li>Material: Aluminium<\/li>\n<li>EN Normen: 362 und 12275<\/li>\n<li>UIAA 121<\/li>\n<li>Bruchlasten: 26kN l\u00e4ngs &#8211; 7 kN quer &#8211; 10 kN offen<\/li>\n<li>Gewicht: 123 Gramm<\/li>\n<li>Dimensionen: 170 x 75mm<\/li>\n<li>Farben: rot und schwarz<\/li>\n<\/ul>\n","protected":false},"featured_media":3192,"comment_status":"open","ping_status":"closed","template":"","meta":[],"product_brand":[],"product_cat":[44,3010,4650],"product_tag":[],"class_list":{"0":"post-3191","1":"product","2":"type-product","3":"status-publish","4":"has-post-thumbnail","6":"product_cat-kletterkarabiner","7":"product_cat-klettersteigkarabiner","8":"product_cat-stubai-bergsport","10":"first","11":"instock","12":"taxable","13":"shipping-taxable","14":"purchasable","15":"product-type-variable"},"yoast_head":"<!-- This site is optimized with the Yoast SEO Premium plugin v26.9 (Yoast SEO v26.9) - https:\/\/yoast.com\/product\/yoast-seo-premium-wordpress\/ -->\n<title>Klettersteigkarabiner Stubai: jetzt mit Top Preis online kaufen bei bolting.eu<\/title>\n<meta name=\"description\" content=\"Hier findet ihr den KLETTERSTEIGKARABINER STUBAI. Innovativer Karabiner der die Finger vom Stahlseil und Schnapper wegh\u00e4lt. Made in \ud83c\udde6\ud83c\uddf9AUSTRIA!\" \/>\n<meta name=\"robots\" content=\"index, follow, max-snippet:-1, max-image-preview:large, max-video-preview:-1\" \/>\n<link rel=\"canonical\" href=\"https:\/\/bolting.eu\/en\/shop\/klettersteigkarabiner-stubai\/\" \/>\n<meta property=\"og:locale\" content=\"en_US\" \/>\n<meta property=\"og:type\" content=\"article\" \/>\n<meta property=\"og:title\" content=\"Klettersteigkarabiner Stubai\" \/>\n<meta property=\"og:description\" content=\"Hier findet ihr den KLETTERSTEIGKARABINER STUBAI. Innovativer Karabiner der die Finger vom Stahlseil und Schnapper wegh\u00e4lt. Made in \ud83c\udde6\ud83c\uddf9AUSTRIA!\" \/>\n<meta property=\"og:url\" content=\"https:\/\/bolting.eu\/en\/shop\/klettersteigkarabiner-stubai\/\" \/>\n<meta property=\"og:site_name\" content=\"bolting.eu\" \/>\n<meta property=\"article:publisher\" content=\"https:\/\/www.facebook.com\/bolting.eu\" \/>\n<meta property=\"article:modified_time\" content=\"2024-11-08T16:56:42+00:00\" \/>\n<meta property=\"og:image\" content=\"https:\/\/bolting.eu\/wp-content\/uploads\/2020\/04\/Klettersteigkarabiner-Stubai-rot.jpg\" \/>\n\t<meta property=\"og:image:width\" content=\"700\" \/>\n\t<meta property=\"og:image:height\" content=\"700\" \/>\n\t<meta property=\"og:image:type\" content=\"image\/jpeg\" \/>\n<meta name=\"twitter:card\" content=\"summary_large_image\" \/>\n<meta name=\"twitter:label1\" content=\"Availability\" \/>\n\t<meta name=\"twitter:data1\" content=\"In stock\" \/>\n<script type=\"application\/ld+json\" class=\"yoast-schema-graph\">{\"@context\":\"https:\/\/schema.org\",\"@graph\":[{\"@type\":[\"WebPage\",\"ItemPage\"],\"@id\":\"https:\/\/bolting.eu\/en\/shop\/klettersteigkarabiner-stubai\/\",\"url\":\"https:\/\/bolting.eu\/en\/shop\/klettersteigkarabiner-stubai\/\",\"name\":\"Klettersteigkarabiner Stubai: jetzt mit Top Preis online kaufen bei bolting.eu\",\"isPartOf\":{\"@id\":\"https:\/\/bolting.eu\/en\/#website\"},\"primaryImageOfPage\":{\"@id\":\"https:\/\/bolting.eu\/en\/shop\/klettersteigkarabiner-stubai\/#primaryimage\"},\"image\":{\"@id\":\"https:\/\/bolting.eu\/en\/shop\/klettersteigkarabiner-stubai\/#primaryimage\"},\"thumbnailUrl\":\"https:\/\/bolting.eu\/wp-content\/uploads\/2020\/04\/Klettersteigkarabiner-Stubai-rot.jpg\",\"datePublished\":\"2020-04-09T16:31:38+00:00\",\"dateModified\":\"2024-11-08T16:56:42+00:00\",\"description\":\"Hier findet ihr den KLETTERSTEIGKARABINER STUBAI. Innovativer Karabiner der die Finger vom Stahlseil und Schnapper wegh\u00e4lt. Made in \ud83c\udde6\ud83c\uddf9AUSTRIA!\",\"breadcrumb\":{\"@id\":\"https:\/\/bolting.eu\/en\/shop\/klettersteigkarabiner-stubai\/#breadcrumb\"},\"inLanguage\":\"en-US\",\"potentialAction\":[{\"@type\":\"ReadAction\",\"target\":[\"https:\/\/bolting.eu\/en\/shop\/klettersteigkarabiner-stubai\/\"]}]},{\"@type\":\"ImageObject\",\"inLanguage\":\"en-US\",\"@id\":\"https:\/\/bolting.eu\/en\/shop\/klettersteigkarabiner-stubai\/#primaryimage\",\"url\":\"https:\/\/bolting.eu\/wp-content\/uploads\/2020\/04\/Klettersteigkarabiner-Stubai-rot.jpg\",\"contentUrl\":\"https:\/\/bolting.eu\/wp-content\/uploads\/2020\/04\/Klettersteigkarabiner-Stubai-rot.jpg\",\"width\":700,\"height\":700},{\"@type\":\"BreadcrumbList\",\"@id\":\"https:\/\/bolting.eu\/en\/shop\/klettersteigkarabiner-stubai\/#breadcrumb\",\"itemListElement\":[{\"@type\":\"ListItem\",\"position\":1,\"name\":\"Shop\",\"item\":\"https:\/\/bolting.eu\/en\/shop\/\"},{\"@type\":\"ListItem\",\"position\":2,\"name\":\"climbing equipment\",\"item\":\"https:\/\/bolting.eu\/en\/produkt-kategorie\/climbing-equipment\/\"},{\"@type\":\"ListItem\",\"position\":3,\"name\":\"Climbing carabiner\",\"item\":\"https:\/\/bolting.eu\/en\/produkt-kategorie\/climbing-carabiner\/\"},{\"@type\":\"ListItem\",\"position\":4,\"name\":\"Klettersteigkarabiner\",\"item\":\"https:\/\/bolting.eu\/en\/produkt-kategorie\/climbing-carabiner\/klettersteigkarabiner\/\"},{\"@type\":\"ListItem\",\"position\":5,\"name\":\"Klettersteigkarabiner Stubai\"}]},{\"@type\":\"WebSite\",\"@id\":\"https:\/\/bolting.eu\/en\/#website\",\"url\":\"https:\/\/bolting.eu\/en\/\",\"name\":\"bolting.eu\",\"description\":\"we make climbs happen\",\"publisher\":{\"@id\":\"https:\/\/bolting.eu\/en\/#organization\"},\"potentialAction\":[{\"@type\":\"SearchAction\",\"target\":{\"@type\":\"EntryPoint\",\"urlTemplate\":\"https:\/\/bolting.eu\/en\/?s={search_term_string}\"},\"query-input\":{\"@type\":\"PropertyValueSpecification\",\"valueRequired\":true,\"valueName\":\"search_term_string\"}}],\"inLanguage\":\"en-US\"},{\"@type\":[\"Organization\",\"Place\",\"SportingGoodsStore\"],\"@id\":\"https:\/\/bolting.eu\/en\/#organization\",\"name\":\"bolting.eu\",\"url\":\"https:\/\/bolting.eu\/en\/\",\"logo\":{\"@id\":\"https:\/\/bolting.eu\/en\/shop\/klettersteigkarabiner-stubai\/#local-main-organization-logo\"},\"image\":{\"@id\":\"https:\/\/bolting.eu\/en\/shop\/klettersteigkarabiner-stubai\/#local-main-organization-logo\"},\"sameAs\":[\"https:\/\/www.facebook.com\/bolting.eu\",\"https:\/\/www.instagram.com\/bolting.eu\/\"],\"address\":{\"@id\":\"https:\/\/bolting.eu\/en\/shop\/klettersteigkarabiner-stubai\/#local-main-place-address\"},\"geo\":{\"@type\":\"GeoCoordinates\",\"latitude\":\"47.264176340396226\",\"longitude\":\"11.380109057672346\"},\"telephone\":[\"+43 699 19083372\"],\"openingHoursSpecification\":[{\"@type\":\"OpeningHoursSpecification\",\"dayOfWeek\":[\"Monday\",\"Wednesday\",\"Friday\"],\"opens\":\"14:00\",\"closes\":\"18:00\"},{\"@type\":\"OpeningHoursSpecification\",\"dayOfWeek\":[\"Tuesday\",\"Thursday\",\"Saturday\",\"Sunday\"],\"opens\":\"00:00\",\"closes\":\"00:00\"}],\"email\":\"office@bolting.eu\",\"vatID\":\"ATU59999728\",\"priceRange\":\"$$\",\"currenciesAccepted\":\"Euro\"},{\"@type\":\"PostalAddress\",\"@id\":\"https:\/\/bolting.eu\/en\/shop\/klettersteigkarabiner-stubai\/#local-main-place-address\",\"streetAddress\":\"Fischnalerstra\u00dfe 4\",\"addressLocality\":\"Innsbruck\",\"postalCode\":\"6020\",\"addressRegion\":\"Tirol\",\"addressCountry\":\"AT\"},{\"@type\":\"ImageObject\",\"inLanguage\":\"en-US\",\"@id\":\"https:\/\/bolting.eu\/en\/shop\/klettersteigkarabiner-stubai\/#local-main-organization-logo\",\"url\":\"https:\/\/bolting.eu\/wp-content\/uploads\/2019\/09\/bolting-logo.png\",\"contentUrl\":\"https:\/\/bolting.eu\/wp-content\/uploads\/2019\/09\/bolting-logo.png\",\"width\":400,\"height\":211,\"caption\":\"bolting.eu\"}]}<\/script>\n<meta property=\"og:availability\" content=\"instock\" \/>\n<meta property=\"product:availability\" content=\"instock\" \/>\n<meta property=\"product:condition\" content=\"new\" \/>\n<meta name=\"geo.placename\" content=\"Innsbruck\" \/>\n<meta name=\"geo.position\" content=\"47.264176340396226;11.380109057672346\" \/>\n<meta name=\"geo.region\" content=\"Austria\" \/>\n<!-- \/ Yoast SEO Premium plugin. -->","yoast_head_json":{"title":"Klettersteigkarabiner Stubai: jetzt mit Top Preis online kaufen bei bolting.eu","description":"Hier findet ihr den KLETTERSTEIGKARABINER STUBAI. Innovativer Karabiner der die Finger vom Stahlseil und Schnapper wegh\u00e4lt. Made in \ud83c\udde6\ud83c\uddf9AUSTRIA!","robots":{"index":"index","follow":"follow","max-snippet":"max-snippet:-1","max-image-preview":"max-image-preview:large","max-video-preview":"max-video-preview:-1"},"canonical":"https:\/\/bolting.eu\/en\/shop\/klettersteigkarabiner-stubai\/","og_locale":"en_US","og_type":"article","og_title":"Klettersteigkarabiner Stubai","og_description":"Hier findet ihr den KLETTERSTEIGKARABINER STUBAI. Innovativer Karabiner der die Finger vom Stahlseil und Schnapper wegh\u00e4lt. Made in \ud83c\udde6\ud83c\uddf9AUSTRIA!","og_url":"https:\/\/bolting.eu\/en\/shop\/klettersteigkarabiner-stubai\/","og_site_name":"bolting.eu","article_publisher":"https:\/\/www.facebook.com\/bolting.eu","article_modified_time":"2024-11-08T16:56:42+00:00","og_image":[{"width":700,"height":700,"url":"https:\/\/bolting.eu\/wp-content\/uploads\/2020\/04\/Klettersteigkarabiner-Stubai-rot.jpg","type":"image\/jpeg"}],"twitter_card":"summary_large_image","twitter_misc":{"Availability":"In stock"},"schema":{"@context":"https:\/\/schema.org","@graph":[{"@type":["WebPage","ItemPage"],"@id":"https:\/\/bolting.eu\/en\/shop\/klettersteigkarabiner-stubai\/","url":"https:\/\/bolting.eu\/en\/shop\/klettersteigkarabiner-stubai\/","name":"Klettersteigkarabiner Stubai: jetzt mit Top Preis online kaufen bei bolting.eu","isPartOf":{"@id":"https:\/\/bolting.eu\/en\/#website"},"primaryImageOfPage":{"@id":"https:\/\/bolting.eu\/en\/shop\/klettersteigkarabiner-stubai\/#primaryimage"},"image":{"@id":"https:\/\/bolting.eu\/en\/shop\/klettersteigkarabiner-stubai\/#primaryimage"},"thumbnailUrl":"https:\/\/bolting.eu\/wp-content\/uploads\/2020\/04\/Klettersteigkarabiner-Stubai-rot.jpg","datePublished":"2020-04-09T16:31:38+00:00","dateModified":"2024-11-08T16:56:42+00:00","description":"Hier findet ihr den KLETTERSTEIGKARABINER STUBAI. Innovativer Karabiner der die Finger vom Stahlseil und Schnapper wegh\u00e4lt. Made in \ud83c\udde6\ud83c\uddf9AUSTRIA!","breadcrumb":{"@id":"https:\/\/bolting.eu\/en\/shop\/klettersteigkarabiner-stubai\/#breadcrumb"},"inLanguage":"en-US","potentialAction":[{"@type":"ReadAction","target":["https:\/\/bolting.eu\/en\/shop\/klettersteigkarabiner-stubai\/"]}]},{"@type":"ImageObject","inLanguage":"en-US","@id":"https:\/\/bolting.eu\/en\/shop\/klettersteigkarabiner-stubai\/#primaryimage","url":"https:\/\/bolting.eu\/wp-content\/uploads\/2020\/04\/Klettersteigkarabiner-Stubai-rot.jpg","contentUrl":"https:\/\/bolting.eu\/wp-content\/uploads\/2020\/04\/Klettersteigkarabiner-Stubai-rot.jpg","width":700,"height":700},{"@type":"BreadcrumbList","@id":"https:\/\/bolting.eu\/en\/shop\/klettersteigkarabiner-stubai\/#breadcrumb","itemListElement":[{"@type":"ListItem","position":1,"name":"Shop","item":"https:\/\/bolting.eu\/en\/shop\/"},{"@type":"ListItem","position":2,"name":"climbing equipment","item":"https:\/\/bolting.eu\/en\/produkt-kategorie\/climbing-equipment\/"},{"@type":"ListItem","position":3,"name":"Climbing carabiner","item":"https:\/\/bolting.eu\/en\/produkt-kategorie\/climbing-carabiner\/"},{"@type":"ListItem","position":4,"name":"Klettersteigkarabiner","item":"https:\/\/bolting.eu\/en\/produkt-kategorie\/climbing-carabiner\/klettersteigkarabiner\/"},{"@type":"ListItem","position":5,"name":"Klettersteigkarabiner Stubai"}]},{"@type":"WebSite","@id":"https:\/\/bolting.eu\/en\/#website","url":"https:\/\/bolting.eu\/en\/","name":"bolting.eu","description":"we make climbs happen","publisher":{"@id":"https:\/\/bolting.eu\/en\/#organization"},"potentialAction":[{"@type":"SearchAction","target":{"@type":"EntryPoint","urlTemplate":"https:\/\/bolting.eu\/en\/?s={search_term_string}"},"query-input":{"@type":"PropertyValueSpecification","valueRequired":true,"valueName":"search_term_string"}}],"inLanguage":"en-US"},{"@type":["Organization","Place","SportingGoodsStore"],"@id":"https:\/\/bolting.eu\/en\/#organization","name":"bolting.eu","url":"https:\/\/bolting.eu\/en\/","logo":{"@id":"https:\/\/bolting.eu\/en\/shop\/klettersteigkarabiner-stubai\/#local-main-organization-logo"},"image":{"@id":"https:\/\/bolting.eu\/en\/shop\/klettersteigkarabiner-stubai\/#local-main-organization-logo"},"sameAs":["https:\/\/www.facebook.com\/bolting.eu","https:\/\/www.instagram.com\/bolting.eu\/"],"address":{"@id":"https:\/\/bolting.eu\/en\/shop\/klettersteigkarabiner-stubai\/#local-main-place-address"},"geo":{"@type":"GeoCoordinates","latitude":"47.264176340396226","longitude":"11.380109057672346"},"telephone":["+43 699 19083372"],"openingHoursSpecification":[{"@type":"OpeningHoursSpecification","dayOfWeek":["Monday","Wednesday","Friday"],"opens":"14:00","closes":"18:00"},{"@type":"OpeningHoursSpecification","dayOfWeek":["Tuesday","Thursday","Saturday","Sunday"],"opens":"00:00","closes":"00:00"}],"email":"office@bolting.eu","vatID":"ATU59999728","priceRange":"$$","currenciesAccepted":"Euro"},{"@type":"PostalAddress","@id":"https:\/\/bolting.eu\/en\/shop\/klettersteigkarabiner-stubai\/#local-main-place-address","streetAddress":"Fischnalerstra\u00dfe 4","addressLocality":"Innsbruck","postalCode":"6020","addressRegion":"Tirol","addressCountry":"AT"},{"@type":"ImageObject","inLanguage":"en-US","@id":"https:\/\/bolting.eu\/en\/shop\/klettersteigkarabiner-stubai\/#local-main-organization-logo","url":"https:\/\/bolting.eu\/wp-content\/uploads\/2019\/09\/bolting-logo.png","contentUrl":"https:\/\/bolting.eu\/wp-content\/uploads\/2019\/09\/bolting-logo.png","width":400,"height":211,"caption":"bolting.eu"}]},"og_availability":"instock","product_availability":"instock","product_condition":"new","geo.placename":"Innsbruck","geo.position":{"lat":"47.264176340396226","long":"11.380109057672346"},"geo.region":"Austria"},"_links":{"self":[{"href":"https:\/\/bolting.eu\/en\/wp-json\/wp\/v2\/product\/3191","targetHints":{"allow":["GET"]}}],"collection":[{"href":"https:\/\/bolting.eu\/en\/wp-json\/wp\/v2\/product"}],"about":[{"href":"https:\/\/bolting.eu\/en\/wp-json\/wp\/v2\/types\/product"}],"replies":[{"embeddable":true,"href":"https:\/\/bolting.eu\/en\/wp-json\/wp\/v2\/comments?post=3191"}],"wp:featuredmedia":[{"embeddable":true,"href":"https:\/\/bolting.eu\/en\/wp-json\/wp\/v2\/media\/3192"}],"wp:attachment":[{"href":"https:\/\/bolting.eu\/en\/wp-json\/wp\/v2\/media?parent=3191"}],"wp:term":[{"taxonomy":"product_brand","embeddable":true,"href":"https:\/\/bolting.eu\/en\/wp-json\/wp\/v2\/product_brand?post=3191"},{"taxonomy":"product_cat","embeddable":true,"href":"https:\/\/bolting.eu\/en\/wp-json\/wp\/v2\/product_cat?post=3191"},{"taxonomy":"product_tag","embeddable":true,"href":"https:\/\/bolting.eu\/en\/wp-json\/wp\/v2\/product_tag?post=3191"}],"curies":[{"name":"wp","href":"https:\/\/api.w.org\/{rel}","templated":true}]}}