{"id":31874,"date":"2025-02-27T11:01:29","date_gmt":"2025-02-27T10:01:29","guid":{"rendered":"https:\/\/bolting.eu\/?post_type=product&#038;p=31874"},"modified":"2025-03-14T15:16:37","modified_gmt":"2025-03-14T14:16:37","slug":"petzl-schutzueberzug-fuer-vertex-helm","status":"publish","type":"product","link":"https:\/\/bolting.eu\/en\/shop\/petzl-schutzueberzug-fuer-vertex-helm\/","title":{"rendered":"Petzl Schutz\u00fcberzug f\u00fcr Vertex Helm"},"content":{"rendered":"<p>Der Petzl Schutz\u00fcberzug f\u00fcr <a href=\"https:\/\/bolting.eu\/shop\/petzl-vertex\/\">Vertex <\/a>Helme Reihe ist ein praktisches Zubeh\u00f6r. Denn er sch\u00fctzt die Helmschale vor Schmutz und Spritzern.<\/p>\n<p>Hierf\u00fcr kann der d\u00fcnne Schutz\u00fcberzug einfach auf die Helmschale geklippst werden.<\/p>\n<p>Das geht auch mit Kletterhandschuhen wie z.B. <a href=\"https:\/\/bolting.eu\/shop\/handschuhe-petzl-cordex\/\">Petzl Handschuhen Cordex<\/a> sehr gut.<\/p>\n<p>Wir empfehlen dazu den passenden Helmbeutel f\u00fcr Transport und Aufbewahrung des Helms mit seinem Zubeh\u00f6r.<\/p>\n<h2>Eigenschaften Schutz\u00fcberzug f\u00fcr Vertex Helm<\/h2>\n<ul>\n<li>Hersteller: <a href=\"https:\/\/bolting.eu\/produkt-kategorie\/petzl\/\">Petzl<\/a><\/li>\n<li>Material: Polycarbonat<\/li>\n<li>d\u00fcnne, durchsichtiger Kunststoff\u00fcberzug<\/li>\n<li>sch\u00fctzt vor Schmutz und Spritzern<\/li>\n<li>nur f\u00fcr Vertex, Vertex Vent, Vertex HI-VIZ<\/li>\n<li>einfach aufzuklippsen<\/li>\n<li>passt inkl. Helm ideal in <a href=\"https:\/\/bolting.eu\/shop\/petzl-helmbeutel-fuer-vertex-und-strato\/\">Helmbeutel<\/a><\/li>\n<\/ul>\n","protected":false},"excerpt":{"rendered":"<p>D\u00fcnner Schutz\u00fcberzug f\u00fcr Vertex Helme aus Polycarbonat. Ganz leicht selber auf zu klippsen.<\/p>\n<p>Sch\u00fctzt ideal vor Schmutz und Spritzern.<\/p>\n<p>Versandkostenfrei bis 2kg in <img decoding=\"async\" class=\"emoji\" role=\"img\" draggable=\"false\" src=\"https:\/\/s.w.org\/images\/core\/emoji\/14.0.0\/svg\/1f1e6-1f1f9.svg\" alt=\"\ud83c\udde6\ud83c\uddf9\" \/> ab \u20ac 100,- und <img decoding=\"async\" class=\"emoji\" role=\"img\" draggable=\"false\" src=\"https:\/\/s.w.org\/images\/core\/emoji\/14.0.0\/svg\/1f1e9-1f1ea.svg\" alt=\"\ud83c\udde9\ud83c\uddea\" \/> ab \u20ac 200,-!<\/p>\n<p>&nbsp;<\/p>\n","protected":false},"featured_media":31875,"comment_status":"closed","ping_status":"closed","template":"","meta":[],"product_brand":[],"product_cat":[14513,14746,14093],"product_tag":[],"class_list":{"0":"post-31874","1":"product","2":"type-product","3":"status-publish","4":"has-post-thumbnail","6":"product_cat-industriekletter-ausruestung","7":"product_cat-industriekletterhelm","8":"product_cat-petzl","10":"first","11":"instock","12":"taxable","13":"shipping-taxable","14":"purchasable","15":"product-type-simple"},"yoast_head":"<!-- This site is optimized with the Yoast SEO Premium plugin v26.9 (Yoast SEO v26.9) - https:\/\/yoast.com\/product\/yoast-seo-premium-wordpress\/ -->\n<title>Petzl Schutz\u00fcberzug f\u00fcr Vertex Helm | bolting.eu<\/title>\n<meta name=\"description\" content=\"Petzl Schutz\u00fcberzug f\u00fcr Vertex Industriekletterhelme beim Industriekletter Profi kaufen \u2705 Trusted Shop \u2705 kostenloser Versand* \u2705 14 Tage R\u00fcckgaberecht\" \/>\n<meta name=\"robots\" content=\"index, follow, max-snippet:-1, max-image-preview:large, max-video-preview:-1\" \/>\n<link rel=\"canonical\" href=\"https:\/\/bolting.eu\/en\/shop\/petzl-schutzueberzug-fuer-vertex-helm\/\" \/>\n<meta property=\"og:locale\" content=\"en_US\" \/>\n<meta property=\"og:type\" content=\"article\" \/>\n<meta property=\"og:title\" content=\"Petzl Schutz\u00fcberzug f\u00fcr Vertex Helm\" \/>\n<meta property=\"og:description\" content=\"Petzl Schutz\u00fcberzug f\u00fcr Vertex Industriekletterhelme beim Industriekletter Profi kaufen \u2705 Trusted Shop \u2705 kostenloser Versand* \u2705 14 Tage R\u00fcckgaberecht\" \/>\n<meta property=\"og:url\" content=\"https:\/\/bolting.eu\/en\/shop\/petzl-schutzueberzug-fuer-vertex-helm\/\" \/>\n<meta property=\"og:site_name\" content=\"bolting.eu\" \/>\n<meta property=\"article:publisher\" content=\"https:\/\/www.facebook.com\/bolting.eu\" \/>\n<meta property=\"article:modified_time\" content=\"2025-03-14T14:16:37+00:00\" \/>\n<meta property=\"og:image\" content=\"https:\/\/bolting.eu\/wp-content\/uploads\/2025\/02\/Schutzueberzug-Vertex-2.jpg\" \/>\n\t<meta property=\"og:image:width\" content=\"700\" \/>\n\t<meta property=\"og:image:height\" content=\"700\" \/>\n\t<meta property=\"og:image:type\" content=\"image\/jpeg\" \/>\n<meta name=\"twitter:card\" content=\"summary_large_image\" \/>\n<meta name=\"twitter:label1\" content=\"Price\" \/>\n\t<meta name=\"twitter:data1\" content=\"&euro;&nbsp;12,00\" \/>\n\t<meta name=\"twitter:label2\" content=\"Availability\" \/>\n\t<meta name=\"twitter:data2\" content=\"In stock\" \/>\n<script type=\"application\/ld+json\" class=\"yoast-schema-graph\">{\"@context\":\"https:\/\/schema.org\",\"@graph\":[{\"@type\":[\"WebPage\",\"ItemPage\"],\"@id\":\"https:\/\/bolting.eu\/en\/shop\/petzl-schutzueberzug-fuer-vertex-helm\/\",\"url\":\"https:\/\/bolting.eu\/en\/shop\/petzl-schutzueberzug-fuer-vertex-helm\/\",\"name\":\"Petzl Schutz\u00fcberzug f\u00fcr Vertex Helm | bolting.eu\",\"isPartOf\":{\"@id\":\"https:\/\/bolting.eu\/en\/#website\"},\"primaryImageOfPage\":{\"@id\":\"https:\/\/bolting.eu\/en\/shop\/petzl-schutzueberzug-fuer-vertex-helm\/#primaryimage\"},\"image\":{\"@id\":\"https:\/\/bolting.eu\/en\/shop\/petzl-schutzueberzug-fuer-vertex-helm\/#primaryimage\"},\"thumbnailUrl\":\"https:\/\/bolting.eu\/wp-content\/uploads\/2025\/02\/Schutzueberzug-Vertex-2.jpg\",\"datePublished\":\"2025-02-27T10:01:29+00:00\",\"dateModified\":\"2025-03-14T14:16:37+00:00\",\"description\":\"Petzl Schutz\u00fcberzug f\u00fcr Vertex Industriekletterhelme beim Industriekletter Profi kaufen \u2705 Trusted Shop \u2705 kostenloser Versand* \u2705 14 Tage R\u00fcckgaberecht\",\"breadcrumb\":{\"@id\":\"https:\/\/bolting.eu\/en\/shop\/petzl-schutzueberzug-fuer-vertex-helm\/#breadcrumb\"},\"inLanguage\":\"en-US\",\"potentialAction\":[{\"@type\":\"ReadAction\",\"target\":[\"https:\/\/bolting.eu\/en\/shop\/petzl-schutzueberzug-fuer-vertex-helm\/\"]}]},{\"@type\":\"ImageObject\",\"inLanguage\":\"en-US\",\"@id\":\"https:\/\/bolting.eu\/en\/shop\/petzl-schutzueberzug-fuer-vertex-helm\/#primaryimage\",\"url\":\"https:\/\/bolting.eu\/wp-content\/uploads\/2025\/02\/Schutzueberzug-Vertex-2.jpg\",\"contentUrl\":\"https:\/\/bolting.eu\/wp-content\/uploads\/2025\/02\/Schutzueberzug-Vertex-2.jpg\",\"width\":700,\"height\":700,\"caption\":\"Wei\u00dflich - durchsichtiger Petzl Schutz\u00fcberzug f\u00fcr Vertex Industriekletterhelm.\"},{\"@type\":\"BreadcrumbList\",\"@id\":\"https:\/\/bolting.eu\/en\/shop\/petzl-schutzueberzug-fuer-vertex-helm\/#breadcrumb\",\"itemListElement\":[{\"@type\":\"ListItem\",\"position\":1,\"name\":\"Shop\",\"item\":\"https:\/\/bolting.eu\/en\/shop\/\"},{\"@type\":\"ListItem\",\"position\":2,\"name\":\"Industrial climbing gear\",\"item\":\"https:\/\/bolting.eu\/en\/produkt-kategorie\/industrial-climbing-gear\/\"},{\"@type\":\"ListItem\",\"position\":3,\"name\":\"Industriekletterhelm\",\"item\":\"https:\/\/bolting.eu\/produkt-kategorie\/industriekletter-ausruestung\/industriekletterhelm\/\"},{\"@type\":\"ListItem\",\"position\":4,\"name\":\"Petzl Schutz\u00fcberzug f\u00fcr Vertex Helm\"}]},{\"@type\":\"WebSite\",\"@id\":\"https:\/\/bolting.eu\/en\/#website\",\"url\":\"https:\/\/bolting.eu\/en\/\",\"name\":\"bolting.eu\",\"description\":\"we make climbs happen\",\"publisher\":{\"@id\":\"https:\/\/bolting.eu\/en\/#organization\"},\"potentialAction\":[{\"@type\":\"SearchAction\",\"target\":{\"@type\":\"EntryPoint\",\"urlTemplate\":\"https:\/\/bolting.eu\/en\/?s={search_term_string}\"},\"query-input\":{\"@type\":\"PropertyValueSpecification\",\"valueRequired\":true,\"valueName\":\"search_term_string\"}}],\"inLanguage\":\"en-US\"},{\"@type\":[\"Organization\",\"Place\",\"SportingGoodsStore\"],\"@id\":\"https:\/\/bolting.eu\/en\/#organization\",\"name\":\"bolting.eu\",\"url\":\"https:\/\/bolting.eu\/en\/\",\"logo\":{\"@id\":\"https:\/\/bolting.eu\/en\/shop\/petzl-schutzueberzug-fuer-vertex-helm\/#local-main-organization-logo\"},\"image\":{\"@id\":\"https:\/\/bolting.eu\/en\/shop\/petzl-schutzueberzug-fuer-vertex-helm\/#local-main-organization-logo\"},\"sameAs\":[\"https:\/\/www.facebook.com\/bolting.eu\",\"https:\/\/www.instagram.com\/bolting.eu\/\"],\"address\":{\"@id\":\"https:\/\/bolting.eu\/en\/shop\/petzl-schutzueberzug-fuer-vertex-helm\/#local-main-place-address\"},\"geo\":{\"@type\":\"GeoCoordinates\",\"latitude\":\"47.264176340396226\",\"longitude\":\"11.380109057672346\"},\"telephone\":[\"+43 699 19083372\"],\"openingHoursSpecification\":[{\"@type\":\"OpeningHoursSpecification\",\"dayOfWeek\":[\"Monday\",\"Wednesday\",\"Friday\"],\"opens\":\"14:00\",\"closes\":\"18:00\"},{\"@type\":\"OpeningHoursSpecification\",\"dayOfWeek\":[\"Tuesday\",\"Thursday\",\"Saturday\",\"Sunday\"],\"opens\":\"00:00\",\"closes\":\"00:00\"}],\"email\":\"office@bolting.eu\",\"vatID\":\"ATU59999728\",\"priceRange\":\"$$\",\"currenciesAccepted\":\"Euro\"},{\"@type\":\"PostalAddress\",\"@id\":\"https:\/\/bolting.eu\/en\/shop\/petzl-schutzueberzug-fuer-vertex-helm\/#local-main-place-address\",\"streetAddress\":\"Fischnalerstra\u00dfe 4\",\"addressLocality\":\"Innsbruck\",\"postalCode\":\"6020\",\"addressRegion\":\"Tirol\",\"addressCountry\":\"AT\"},{\"@type\":\"ImageObject\",\"inLanguage\":\"en-US\",\"@id\":\"https:\/\/bolting.eu\/en\/shop\/petzl-schutzueberzug-fuer-vertex-helm\/#local-main-organization-logo\",\"url\":\"https:\/\/bolting.eu\/wp-content\/uploads\/2019\/09\/bolting-logo.png\",\"contentUrl\":\"https:\/\/bolting.eu\/wp-content\/uploads\/2019\/09\/bolting-logo.png\",\"width\":400,\"height\":211,\"caption\":\"bolting.eu\"}]}<\/script>\n<meta property=\"product:price:amount\" content=\"12.00\" \/>\n<meta property=\"product:price:currency\" content=\"EUR\" \/>\n<meta property=\"og:availability\" content=\"instock\" \/>\n<meta property=\"product:availability\" content=\"instock\" \/>\n<meta property=\"product:retailer_item_id\" content=\"A012AA00\" \/>\n<meta property=\"product:condition\" content=\"new\" \/>\n<meta name=\"geo.placename\" content=\"Innsbruck\" \/>\n<meta name=\"geo.position\" content=\"47.264176340396226;11.380109057672346\" \/>\n<meta name=\"geo.region\" content=\"Austria\" \/>\n<!-- \/ Yoast SEO Premium plugin. -->","yoast_head_json":{"title":"Petzl Schutz\u00fcberzug f\u00fcr Vertex Helm | bolting.eu","description":"Petzl Schutz\u00fcberzug f\u00fcr Vertex Industriekletterhelme beim Industriekletter Profi kaufen \u2705 Trusted Shop \u2705 kostenloser Versand* \u2705 14 Tage R\u00fcckgaberecht","robots":{"index":"index","follow":"follow","max-snippet":"max-snippet:-1","max-image-preview":"max-image-preview:large","max-video-preview":"max-video-preview:-1"},"canonical":"https:\/\/bolting.eu\/en\/shop\/petzl-schutzueberzug-fuer-vertex-helm\/","og_locale":"en_US","og_type":"article","og_title":"Petzl Schutz\u00fcberzug f\u00fcr Vertex Helm","og_description":"Petzl Schutz\u00fcberzug f\u00fcr Vertex Industriekletterhelme beim Industriekletter Profi kaufen \u2705 Trusted Shop \u2705 kostenloser Versand* \u2705 14 Tage R\u00fcckgaberecht","og_url":"https:\/\/bolting.eu\/en\/shop\/petzl-schutzueberzug-fuer-vertex-helm\/","og_site_name":"bolting.eu","article_publisher":"https:\/\/www.facebook.com\/bolting.eu","article_modified_time":"2025-03-14T14:16:37+00:00","og_image":[{"width":700,"height":700,"url":"https:\/\/bolting.eu\/wp-content\/uploads\/2025\/02\/Schutzueberzug-Vertex-2.jpg","type":"image\/jpeg"}],"twitter_card":"summary_large_image","twitter_misc":{"Price":"&euro;&nbsp;12,00","Availability":"In stock"},"schema":{"@context":"https:\/\/schema.org","@graph":[{"@type":["WebPage","ItemPage"],"@id":"https:\/\/bolting.eu\/en\/shop\/petzl-schutzueberzug-fuer-vertex-helm\/","url":"https:\/\/bolting.eu\/en\/shop\/petzl-schutzueberzug-fuer-vertex-helm\/","name":"Petzl Schutz\u00fcberzug f\u00fcr Vertex Helm | bolting.eu","isPartOf":{"@id":"https:\/\/bolting.eu\/en\/#website"},"primaryImageOfPage":{"@id":"https:\/\/bolting.eu\/en\/shop\/petzl-schutzueberzug-fuer-vertex-helm\/#primaryimage"},"image":{"@id":"https:\/\/bolting.eu\/en\/shop\/petzl-schutzueberzug-fuer-vertex-helm\/#primaryimage"},"thumbnailUrl":"https:\/\/bolting.eu\/wp-content\/uploads\/2025\/02\/Schutzueberzug-Vertex-2.jpg","datePublished":"2025-02-27T10:01:29+00:00","dateModified":"2025-03-14T14:16:37+00:00","description":"Petzl Schutz\u00fcberzug f\u00fcr Vertex Industriekletterhelme beim Industriekletter Profi kaufen \u2705 Trusted Shop \u2705 kostenloser Versand* \u2705 14 Tage R\u00fcckgaberecht","breadcrumb":{"@id":"https:\/\/bolting.eu\/en\/shop\/petzl-schutzueberzug-fuer-vertex-helm\/#breadcrumb"},"inLanguage":"en-US","potentialAction":[{"@type":"ReadAction","target":["https:\/\/bolting.eu\/en\/shop\/petzl-schutzueberzug-fuer-vertex-helm\/"]}]},{"@type":"ImageObject","inLanguage":"en-US","@id":"https:\/\/bolting.eu\/en\/shop\/petzl-schutzueberzug-fuer-vertex-helm\/#primaryimage","url":"https:\/\/bolting.eu\/wp-content\/uploads\/2025\/02\/Schutzueberzug-Vertex-2.jpg","contentUrl":"https:\/\/bolting.eu\/wp-content\/uploads\/2025\/02\/Schutzueberzug-Vertex-2.jpg","width":700,"height":700,"caption":"Wei\u00dflich - durchsichtiger Petzl Schutz\u00fcberzug f\u00fcr Vertex Industriekletterhelm."},{"@type":"BreadcrumbList","@id":"https:\/\/bolting.eu\/en\/shop\/petzl-schutzueberzug-fuer-vertex-helm\/#breadcrumb","itemListElement":[{"@type":"ListItem","position":1,"name":"Shop","item":"https:\/\/bolting.eu\/en\/shop\/"},{"@type":"ListItem","position":2,"name":"Industrial climbing gear","item":"https:\/\/bolting.eu\/en\/produkt-kategorie\/industrial-climbing-gear\/"},{"@type":"ListItem","position":3,"name":"Industriekletterhelm","item":"https:\/\/bolting.eu\/produkt-kategorie\/industriekletter-ausruestung\/industriekletterhelm\/"},{"@type":"ListItem","position":4,"name":"Petzl Schutz\u00fcberzug f\u00fcr Vertex Helm"}]},{"@type":"WebSite","@id":"https:\/\/bolting.eu\/en\/#website","url":"https:\/\/bolting.eu\/en\/","name":"bolting.eu","description":"we make climbs happen","publisher":{"@id":"https:\/\/bolting.eu\/en\/#organization"},"potentialAction":[{"@type":"SearchAction","target":{"@type":"EntryPoint","urlTemplate":"https:\/\/bolting.eu\/en\/?s={search_term_string}"},"query-input":{"@type":"PropertyValueSpecification","valueRequired":true,"valueName":"search_term_string"}}],"inLanguage":"en-US"},{"@type":["Organization","Place","SportingGoodsStore"],"@id":"https:\/\/bolting.eu\/en\/#organization","name":"bolting.eu","url":"https:\/\/bolting.eu\/en\/","logo":{"@id":"https:\/\/bolting.eu\/en\/shop\/petzl-schutzueberzug-fuer-vertex-helm\/#local-main-organization-logo"},"image":{"@id":"https:\/\/bolting.eu\/en\/shop\/petzl-schutzueberzug-fuer-vertex-helm\/#local-main-organization-logo"},"sameAs":["https:\/\/www.facebook.com\/bolting.eu","https:\/\/www.instagram.com\/bolting.eu\/"],"address":{"@id":"https:\/\/bolting.eu\/en\/shop\/petzl-schutzueberzug-fuer-vertex-helm\/#local-main-place-address"},"geo":{"@type":"GeoCoordinates","latitude":"47.264176340396226","longitude":"11.380109057672346"},"telephone":["+43 699 19083372"],"openingHoursSpecification":[{"@type":"OpeningHoursSpecification","dayOfWeek":["Monday","Wednesday","Friday"],"opens":"14:00","closes":"18:00"},{"@type":"OpeningHoursSpecification","dayOfWeek":["Tuesday","Thursday","Saturday","Sunday"],"opens":"00:00","closes":"00:00"}],"email":"office@bolting.eu","vatID":"ATU59999728","priceRange":"$$","currenciesAccepted":"Euro"},{"@type":"PostalAddress","@id":"https:\/\/bolting.eu\/en\/shop\/petzl-schutzueberzug-fuer-vertex-helm\/#local-main-place-address","streetAddress":"Fischnalerstra\u00dfe 4","addressLocality":"Innsbruck","postalCode":"6020","addressRegion":"Tirol","addressCountry":"AT"},{"@type":"ImageObject","inLanguage":"en-US","@id":"https:\/\/bolting.eu\/en\/shop\/petzl-schutzueberzug-fuer-vertex-helm\/#local-main-organization-logo","url":"https:\/\/bolting.eu\/wp-content\/uploads\/2019\/09\/bolting-logo.png","contentUrl":"https:\/\/bolting.eu\/wp-content\/uploads\/2019\/09\/bolting-logo.png","width":400,"height":211,"caption":"bolting.eu"}]},"product_price_amount":"12.00","product_price_currency":"EUR","og_availability":"instock","product_availability":"instock","product_retailer_item_id":"A012AA00","product_condition":"new","geo.placename":"Innsbruck","geo.position":{"lat":"47.264176340396226","long":"11.380109057672346"},"geo.region":"Austria"},"_links":{"self":[{"href":"https:\/\/bolting.eu\/en\/wp-json\/wp\/v2\/product\/31874","targetHints":{"allow":["GET"]}}],"collection":[{"href":"https:\/\/bolting.eu\/en\/wp-json\/wp\/v2\/product"}],"about":[{"href":"https:\/\/bolting.eu\/en\/wp-json\/wp\/v2\/types\/product"}],"replies":[{"embeddable":true,"href":"https:\/\/bolting.eu\/en\/wp-json\/wp\/v2\/comments?post=31874"}],"wp:featuredmedia":[{"embeddable":true,"href":"https:\/\/bolting.eu\/en\/wp-json\/wp\/v2\/media\/31875"}],"wp:attachment":[{"href":"https:\/\/bolting.eu\/en\/wp-json\/wp\/v2\/media?parent=31874"}],"wp:term":[{"taxonomy":"product_brand","embeddable":true,"href":"https:\/\/bolting.eu\/en\/wp-json\/wp\/v2\/product_brand?post=31874"},{"taxonomy":"product_cat","embeddable":true,"href":"https:\/\/bolting.eu\/en\/wp-json\/wp\/v2\/product_cat?post=31874"},{"taxonomy":"product_tag","embeddable":true,"href":"https:\/\/bolting.eu\/en\/wp-json\/wp\/v2\/product_tag?post=31874"}],"curies":[{"name":"wp","href":"https:\/\/api.w.org\/{rel}","templated":true}]}}