{"id":31838,"date":"2025-02-27T08:43:49","date_gmt":"2025-02-27T07:43:49","guid":{"rendered":"https:\/\/bolting.eu\/?post_type=product&#038;p=31838"},"modified":"2025-02-27T10:03:48","modified_gmt":"2025-02-27T09:03:48","slug":"petzl-liner-unterzieh-muetze-fuer-helm","status":"publish","type":"product","link":"https:\/\/bolting.eu\/en\/shop\/petzl-liner-unterzieh-muetze-fuer-helm\/","title":{"rendered":"Petzl Liner &#8211; Unterzieh M\u00fctze f\u00fcr Helm"},"content":{"rendered":"<p>Der Petzl Liner ist eine d\u00fcnne Unterzieh M\u00fctze f\u00fcr Helme. D.h. einerseits f\u00fcr <a href=\"https:\/\/bolting.eu\/produkt-kategorie\/industriekletter-ausruestung\/industriekletterhelm\/\">Industriekletterhelme<\/a> wie den <a href=\"https:\/\/bolting.eu\/shop\/petzl-strato\/\">Strato<\/a>\u00a0oder <a href=\"https:\/\/bolting.eu\/shop\/petzl-vertex\/\">Vertex<\/a>. Und andererseits <a href=\"https:\/\/bolting.eu\/produkt-kategorie\/kletterausruestung\/kletterhelme\/\">Kletterhelme<\/a> wie den <a href=\"https:\/\/bolting.eu\/shop\/petzl-meteor\/\">Meteor<\/a> oder <a href=\"https:\/\/bolting.eu\/shop\/petzl-sirocco\/\">Sirocco<\/a>.<\/p>\n<p>Hierf\u00fcr ist diese d\u00fcnne Haube erstens sehr d\u00fcnn und extrem atmungsaktiv.<\/p>\n<p>Zweitens ist sie schwei\u00dfableitend. Dadurch bleibt der Kopf sch\u00f6n trocken, auch wenn man mal schwitzt.<\/p>\n<p>Und drittens ist sie nahtlos. Somit ist sie extrem anliegend und bequem zu tragen.<\/p>\n<p>Fazit. Eine ideale W\u00e4rmeschichte bei sehr viel Bewegung und etwas milderen Temperaturen.<\/p>\n<h2>Eigenschaften Petzl Liner<\/h2>\n<ul>\n<li>Hersteller: Buff f\u00fcr <a href=\"https:\/\/bolting.eu\/produkt-kategorie\/petzl\/\">Petzl<\/a><\/li>\n<li>Material: Polyester, Elsathan<\/li>\n<li>Gewicht: 15 Gramm<\/li>\n<li>verf\u00fcgbar in Gr\u00f6\u00dfe M\/L (56 &#8211; 59cm) und Gr\u00f6\u00dfe L\/XL (59 &#8211; 63cm)<\/li>\n<li>spezielle Unterzieh M\u00fctze f\u00fcr Helme (aller Hersteller)<\/li>\n<li>ideal f\u00fcr etwas mildere Temperaturen<\/li>\n<li>sehr d\u00fcnne &amp; nahtlose Konstruktion<\/li>\n<li>schwei\u00dfableitend &#8211; ideal wenn geschwitzt wird<\/li>\n<li>atmungsaktiv<\/li>\n<li>waschmaschinenfest bei 40\u00b0<\/li>\n<li>auch gut mit Kletterhandschuhen wie z.B. <a href=\"https:\/\/bolting.eu\/shop\/handschuhe-petzl-cordex\/\">Petzl Cordex<\/a> verwendbar<\/li>\n<li><a href=\"https:\/\/buff.com\/de_eur\/\" target=\"_blank\" rel=\"noopener\">zum Hersteller<\/a><\/li>\n<\/ul>\n<h3>Unterzieher M\u00fctze f\u00fcr Helme aller Marken<\/h3>\n<p>Der Liner von Petzl ist f\u00fcr die Helme aller Marken geeignet.<\/p>\n<p>Denn die d\u00fcnne, nahtlose Konstruktion liegt sehr eng am Kopf an. Folglich &#8220;tr\u00e4gt&#8221; diese M\u00fctze \u00fcberhaupt nicht viel auf. Somit erh\u00f6ht sich der Kopfumfang kaum.<\/p>\n<p>D.h. ihr k\u00f6nnt in der Regel jeden beliebigen Helm dazu verwenden!<\/p>\n","protected":false},"excerpt":{"rendered":"<p>D\u00fcnne und nahtlose Unterzieh M\u00fctze f\u00fcr Helme aller Marken.<\/p>\n<p>Ideal f\u00fcr etwas mildere Temperaturen da atmungsaktiv und schwei\u00dfableitend. Erh\u00e4ltlich in Gr\u00f6\u00dfe M\/L (56 &#8211; 59cm) und Gr\u00f6\u00dfe L\/XL (59 &#8211; 63cm).<\/p>\n<p>Versandkostenfrei bis 2kg in\u00a0<img decoding=\"async\" class=\"emoji\" role=\"img\" draggable=\"false\" src=\"https:\/\/s.w.org\/images\/core\/emoji\/14.0.0\/svg\/1f1e6-1f1f9.svg\" alt=\"\ud83c\udde6\ud83c\uddf9\" \/>\u00a0ab \u20ac 100,- und\u00a0<img decoding=\"async\" class=\"emoji\" role=\"img\" draggable=\"false\" src=\"https:\/\/s.w.org\/images\/core\/emoji\/14.0.0\/svg\/1f1e9-1f1ea.svg\" alt=\"\ud83c\udde9\ud83c\uddea\" \/>\u00a0ab \u20ac 200,-!<\/p>\n","protected":false},"featured_media":31839,"comment_status":"closed","ping_status":"closed","template":"","meta":[],"product_brand":[],"product_cat":[29,6755,14513,14746],"product_tag":[],"class_list":{"0":"post-31838","1":"product","2":"type-product","3":"status-publish","4":"has-post-thumbnail","6":"product_cat-kletterausruestung","7":"product_cat-kletterhelme","8":"product_cat-industriekletter-ausruestung","9":"product_cat-industriekletterhelm","11":"first","12":"instock","13":"taxable","14":"shipping-taxable","15":"purchasable","16":"product-type-variable"},"yoast_head":"<!-- This site is optimized with the Yoast SEO Premium plugin v26.9 (Yoast SEO v26.9) - https:\/\/yoast.com\/product\/yoast-seo-premium-wordpress\/ -->\n<title>Petzl Liner - Unterzieh M\u00fctze f\u00fcr Helm | bolting.eu<\/title>\n<meta name=\"description\" content=\"Petzl Liner - Unterzieh M\u00fctze f\u00fcr Helme beim Kletterprofi kaufen \u2705 Trusted Shop \u2705 kostenloser Versand* \u2705 14 Tage R\u00fcckgaberecht \u2705 Co2 neutrale Zustellung\" \/>\n<meta name=\"robots\" content=\"index, follow, max-snippet:-1, max-image-preview:large, max-video-preview:-1\" \/>\n<link rel=\"canonical\" href=\"https:\/\/bolting.eu\/en\/shop\/petzl-liner-unterzieh-muetze-fuer-helm\/\" \/>\n<meta property=\"og:locale\" content=\"en_US\" \/>\n<meta property=\"og:type\" content=\"article\" \/>\n<meta property=\"og:title\" content=\"Petzl Liner - Unterzieh M\u00fctze f\u00fcr Helm\" \/>\n<meta property=\"og:description\" content=\"Petzl Liner - Unterzieh M\u00fctze f\u00fcr Helme beim Kletterprofi kaufen \u2705 Trusted Shop \u2705 kostenloser Versand* \u2705 14 Tage R\u00fcckgaberecht \u2705 Co2 neutrale Zustellung\" \/>\n<meta property=\"og:url\" content=\"https:\/\/bolting.eu\/en\/shop\/petzl-liner-unterzieh-muetze-fuer-helm\/\" \/>\n<meta property=\"og:site_name\" content=\"bolting.eu\" \/>\n<meta property=\"article:publisher\" content=\"https:\/\/www.facebook.com\/bolting.eu\" \/>\n<meta property=\"article:modified_time\" content=\"2025-02-27T09:03:48+00:00\" \/>\n<meta property=\"og:image\" content=\"https:\/\/bolting.eu\/wp-content\/uploads\/2025\/02\/Petzl-Liner-1.jpg\" \/>\n\t<meta property=\"og:image:width\" content=\"700\" \/>\n\t<meta property=\"og:image:height\" content=\"700\" \/>\n\t<meta property=\"og:image:type\" content=\"image\/jpeg\" \/>\n<meta name=\"twitter:card\" content=\"summary_large_image\" \/>\n<meta name=\"twitter:label1\" content=\"Availability\" \/>\n\t<meta name=\"twitter:data1\" content=\"In stock\" \/>\n<script type=\"application\/ld+json\" class=\"yoast-schema-graph\">{\"@context\":\"https:\/\/schema.org\",\"@graph\":[{\"@type\":[\"WebPage\",\"ItemPage\"],\"@id\":\"https:\/\/bolting.eu\/en\/shop\/petzl-liner-unterzieh-muetze-fuer-helm\/\",\"url\":\"https:\/\/bolting.eu\/en\/shop\/petzl-liner-unterzieh-muetze-fuer-helm\/\",\"name\":\"Petzl Liner - Unterzieh M\u00fctze f\u00fcr Helm | bolting.eu\",\"isPartOf\":{\"@id\":\"https:\/\/bolting.eu\/en\/#website\"},\"primaryImageOfPage\":{\"@id\":\"https:\/\/bolting.eu\/en\/shop\/petzl-liner-unterzieh-muetze-fuer-helm\/#primaryimage\"},\"image\":{\"@id\":\"https:\/\/bolting.eu\/en\/shop\/petzl-liner-unterzieh-muetze-fuer-helm\/#primaryimage\"},\"thumbnailUrl\":\"https:\/\/bolting.eu\/wp-content\/uploads\/2025\/02\/Petzl-Liner-1.jpg\",\"datePublished\":\"2025-02-27T07:43:49+00:00\",\"dateModified\":\"2025-02-27T09:03:48+00:00\",\"description\":\"Petzl Liner - Unterzieh M\u00fctze f\u00fcr Helme beim Kletterprofi kaufen \u2705 Trusted Shop \u2705 kostenloser Versand* \u2705 14 Tage R\u00fcckgaberecht \u2705 Co2 neutrale Zustellung\",\"breadcrumb\":{\"@id\":\"https:\/\/bolting.eu\/en\/shop\/petzl-liner-unterzieh-muetze-fuer-helm\/#breadcrumb\"},\"inLanguage\":\"en-US\",\"potentialAction\":[{\"@type\":\"ReadAction\",\"target\":[\"https:\/\/bolting.eu\/en\/shop\/petzl-liner-unterzieh-muetze-fuer-helm\/\"]}]},{\"@type\":\"ImageObject\",\"inLanguage\":\"en-US\",\"@id\":\"https:\/\/bolting.eu\/en\/shop\/petzl-liner-unterzieh-muetze-fuer-helm\/#primaryimage\",\"url\":\"https:\/\/bolting.eu\/wp-content\/uploads\/2025\/02\/Petzl-Liner-1.jpg\",\"contentUrl\":\"https:\/\/bolting.eu\/wp-content\/uploads\/2025\/02\/Petzl-Liner-1.jpg\",\"width\":700,\"height\":700,\"caption\":\"Schwarze Petzl Liner Unterzieh M\u00fctze f\u00fcr Helme mit gelbem Streifen und Markennamen.\"},{\"@type\":\"BreadcrumbList\",\"@id\":\"https:\/\/bolting.eu\/en\/shop\/petzl-liner-unterzieh-muetze-fuer-helm\/#breadcrumb\",\"itemListElement\":[{\"@type\":\"ListItem\",\"position\":1,\"name\":\"Shop\",\"item\":\"https:\/\/bolting.eu\/en\/shop\/\"},{\"@type\":\"ListItem\",\"position\":2,\"name\":\"Industrial climbing gear\",\"item\":\"https:\/\/bolting.eu\/en\/produkt-kategorie\/industrial-climbing-gear\/\"},{\"@type\":\"ListItem\",\"position\":3,\"name\":\"Petzl Liner &#8211; Unterzieh M\u00fctze f\u00fcr Helm\"}]},{\"@type\":\"WebSite\",\"@id\":\"https:\/\/bolting.eu\/en\/#website\",\"url\":\"https:\/\/bolting.eu\/en\/\",\"name\":\"bolting.eu\",\"description\":\"we make climbs happen\",\"publisher\":{\"@id\":\"https:\/\/bolting.eu\/en\/#organization\"},\"potentialAction\":[{\"@type\":\"SearchAction\",\"target\":{\"@type\":\"EntryPoint\",\"urlTemplate\":\"https:\/\/bolting.eu\/en\/?s={search_term_string}\"},\"query-input\":{\"@type\":\"PropertyValueSpecification\",\"valueRequired\":true,\"valueName\":\"search_term_string\"}}],\"inLanguage\":\"en-US\"},{\"@type\":[\"Organization\",\"Place\",\"SportingGoodsStore\"],\"@id\":\"https:\/\/bolting.eu\/en\/#organization\",\"name\":\"bolting.eu\",\"url\":\"https:\/\/bolting.eu\/en\/\",\"logo\":{\"@id\":\"https:\/\/bolting.eu\/en\/shop\/petzl-liner-unterzieh-muetze-fuer-helm\/#local-main-organization-logo\"},\"image\":{\"@id\":\"https:\/\/bolting.eu\/en\/shop\/petzl-liner-unterzieh-muetze-fuer-helm\/#local-main-organization-logo\"},\"sameAs\":[\"https:\/\/www.facebook.com\/bolting.eu\",\"https:\/\/www.instagram.com\/bolting.eu\/\"],\"address\":{\"@id\":\"https:\/\/bolting.eu\/en\/shop\/petzl-liner-unterzieh-muetze-fuer-helm\/#local-main-place-address\"},\"geo\":{\"@type\":\"GeoCoordinates\",\"latitude\":\"47.264176340396226\",\"longitude\":\"11.380109057672346\"},\"telephone\":[\"+43 699 19083372\"],\"openingHoursSpecification\":[{\"@type\":\"OpeningHoursSpecification\",\"dayOfWeek\":[\"Monday\",\"Wednesday\",\"Friday\"],\"opens\":\"14:00\",\"closes\":\"18:00\"},{\"@type\":\"OpeningHoursSpecification\",\"dayOfWeek\":[\"Tuesday\",\"Thursday\",\"Saturday\",\"Sunday\"],\"opens\":\"00:00\",\"closes\":\"00:00\"}],\"email\":\"office@bolting.eu\",\"vatID\":\"ATU59999728\",\"priceRange\":\"$$\",\"currenciesAccepted\":\"Euro\"},{\"@type\":\"PostalAddress\",\"@id\":\"https:\/\/bolting.eu\/en\/shop\/petzl-liner-unterzieh-muetze-fuer-helm\/#local-main-place-address\",\"streetAddress\":\"Fischnalerstra\u00dfe 4\",\"addressLocality\":\"Innsbruck\",\"postalCode\":\"6020\",\"addressRegion\":\"Tirol\",\"addressCountry\":\"AT\"},{\"@type\":\"ImageObject\",\"inLanguage\":\"en-US\",\"@id\":\"https:\/\/bolting.eu\/en\/shop\/petzl-liner-unterzieh-muetze-fuer-helm\/#local-main-organization-logo\",\"url\":\"https:\/\/bolting.eu\/wp-content\/uploads\/2019\/09\/bolting-logo.png\",\"contentUrl\":\"https:\/\/bolting.eu\/wp-content\/uploads\/2019\/09\/bolting-logo.png\",\"width\":400,\"height\":211,\"caption\":\"bolting.eu\"}]}<\/script>\n<meta property=\"og:availability\" content=\"instock\" \/>\n<meta property=\"product:availability\" content=\"instock\" \/>\n<meta property=\"product:condition\" content=\"new\" \/>\n<meta name=\"geo.placename\" content=\"Innsbruck\" \/>\n<meta name=\"geo.position\" content=\"47.264176340396226;11.380109057672346\" \/>\n<meta name=\"geo.region\" content=\"Austria\" \/>\n<!-- \/ Yoast SEO Premium plugin. -->","yoast_head_json":{"title":"Petzl Liner - Unterzieh M\u00fctze f\u00fcr Helm | bolting.eu","description":"Petzl Liner - Unterzieh M\u00fctze f\u00fcr Helme beim Kletterprofi kaufen \u2705 Trusted Shop \u2705 kostenloser Versand* \u2705 14 Tage R\u00fcckgaberecht \u2705 Co2 neutrale Zustellung","robots":{"index":"index","follow":"follow","max-snippet":"max-snippet:-1","max-image-preview":"max-image-preview:large","max-video-preview":"max-video-preview:-1"},"canonical":"https:\/\/bolting.eu\/en\/shop\/petzl-liner-unterzieh-muetze-fuer-helm\/","og_locale":"en_US","og_type":"article","og_title":"Petzl Liner - Unterzieh M\u00fctze f\u00fcr Helm","og_description":"Petzl Liner - Unterzieh M\u00fctze f\u00fcr Helme beim Kletterprofi kaufen \u2705 Trusted Shop \u2705 kostenloser Versand* \u2705 14 Tage R\u00fcckgaberecht \u2705 Co2 neutrale Zustellung","og_url":"https:\/\/bolting.eu\/en\/shop\/petzl-liner-unterzieh-muetze-fuer-helm\/","og_site_name":"bolting.eu","article_publisher":"https:\/\/www.facebook.com\/bolting.eu","article_modified_time":"2025-02-27T09:03:48+00:00","og_image":[{"width":700,"height":700,"url":"https:\/\/bolting.eu\/wp-content\/uploads\/2025\/02\/Petzl-Liner-1.jpg","type":"image\/jpeg"}],"twitter_card":"summary_large_image","twitter_misc":{"Availability":"In stock"},"schema":{"@context":"https:\/\/schema.org","@graph":[{"@type":["WebPage","ItemPage"],"@id":"https:\/\/bolting.eu\/en\/shop\/petzl-liner-unterzieh-muetze-fuer-helm\/","url":"https:\/\/bolting.eu\/en\/shop\/petzl-liner-unterzieh-muetze-fuer-helm\/","name":"Petzl Liner - Unterzieh M\u00fctze f\u00fcr Helm | bolting.eu","isPartOf":{"@id":"https:\/\/bolting.eu\/en\/#website"},"primaryImageOfPage":{"@id":"https:\/\/bolting.eu\/en\/shop\/petzl-liner-unterzieh-muetze-fuer-helm\/#primaryimage"},"image":{"@id":"https:\/\/bolting.eu\/en\/shop\/petzl-liner-unterzieh-muetze-fuer-helm\/#primaryimage"},"thumbnailUrl":"https:\/\/bolting.eu\/wp-content\/uploads\/2025\/02\/Petzl-Liner-1.jpg","datePublished":"2025-02-27T07:43:49+00:00","dateModified":"2025-02-27T09:03:48+00:00","description":"Petzl Liner - Unterzieh M\u00fctze f\u00fcr Helme beim Kletterprofi kaufen \u2705 Trusted Shop \u2705 kostenloser Versand* \u2705 14 Tage R\u00fcckgaberecht \u2705 Co2 neutrale Zustellung","breadcrumb":{"@id":"https:\/\/bolting.eu\/en\/shop\/petzl-liner-unterzieh-muetze-fuer-helm\/#breadcrumb"},"inLanguage":"en-US","potentialAction":[{"@type":"ReadAction","target":["https:\/\/bolting.eu\/en\/shop\/petzl-liner-unterzieh-muetze-fuer-helm\/"]}]},{"@type":"ImageObject","inLanguage":"en-US","@id":"https:\/\/bolting.eu\/en\/shop\/petzl-liner-unterzieh-muetze-fuer-helm\/#primaryimage","url":"https:\/\/bolting.eu\/wp-content\/uploads\/2025\/02\/Petzl-Liner-1.jpg","contentUrl":"https:\/\/bolting.eu\/wp-content\/uploads\/2025\/02\/Petzl-Liner-1.jpg","width":700,"height":700,"caption":"Schwarze Petzl Liner Unterzieh M\u00fctze f\u00fcr Helme mit gelbem Streifen und Markennamen."},{"@type":"BreadcrumbList","@id":"https:\/\/bolting.eu\/en\/shop\/petzl-liner-unterzieh-muetze-fuer-helm\/#breadcrumb","itemListElement":[{"@type":"ListItem","position":1,"name":"Shop","item":"https:\/\/bolting.eu\/en\/shop\/"},{"@type":"ListItem","position":2,"name":"Industrial climbing gear","item":"https:\/\/bolting.eu\/en\/produkt-kategorie\/industrial-climbing-gear\/"},{"@type":"ListItem","position":3,"name":"Petzl Liner &#8211; Unterzieh M\u00fctze f\u00fcr Helm"}]},{"@type":"WebSite","@id":"https:\/\/bolting.eu\/en\/#website","url":"https:\/\/bolting.eu\/en\/","name":"bolting.eu","description":"we make climbs happen","publisher":{"@id":"https:\/\/bolting.eu\/en\/#organization"},"potentialAction":[{"@type":"SearchAction","target":{"@type":"EntryPoint","urlTemplate":"https:\/\/bolting.eu\/en\/?s={search_term_string}"},"query-input":{"@type":"PropertyValueSpecification","valueRequired":true,"valueName":"search_term_string"}}],"inLanguage":"en-US"},{"@type":["Organization","Place","SportingGoodsStore"],"@id":"https:\/\/bolting.eu\/en\/#organization","name":"bolting.eu","url":"https:\/\/bolting.eu\/en\/","logo":{"@id":"https:\/\/bolting.eu\/en\/shop\/petzl-liner-unterzieh-muetze-fuer-helm\/#local-main-organization-logo"},"image":{"@id":"https:\/\/bolting.eu\/en\/shop\/petzl-liner-unterzieh-muetze-fuer-helm\/#local-main-organization-logo"},"sameAs":["https:\/\/www.facebook.com\/bolting.eu","https:\/\/www.instagram.com\/bolting.eu\/"],"address":{"@id":"https:\/\/bolting.eu\/en\/shop\/petzl-liner-unterzieh-muetze-fuer-helm\/#local-main-place-address"},"geo":{"@type":"GeoCoordinates","latitude":"47.264176340396226","longitude":"11.380109057672346"},"telephone":["+43 699 19083372"],"openingHoursSpecification":[{"@type":"OpeningHoursSpecification","dayOfWeek":["Monday","Wednesday","Friday"],"opens":"14:00","closes":"18:00"},{"@type":"OpeningHoursSpecification","dayOfWeek":["Tuesday","Thursday","Saturday","Sunday"],"opens":"00:00","closes":"00:00"}],"email":"office@bolting.eu","vatID":"ATU59999728","priceRange":"$$","currenciesAccepted":"Euro"},{"@type":"PostalAddress","@id":"https:\/\/bolting.eu\/en\/shop\/petzl-liner-unterzieh-muetze-fuer-helm\/#local-main-place-address","streetAddress":"Fischnalerstra\u00dfe 4","addressLocality":"Innsbruck","postalCode":"6020","addressRegion":"Tirol","addressCountry":"AT"},{"@type":"ImageObject","inLanguage":"en-US","@id":"https:\/\/bolting.eu\/en\/shop\/petzl-liner-unterzieh-muetze-fuer-helm\/#local-main-organization-logo","url":"https:\/\/bolting.eu\/wp-content\/uploads\/2019\/09\/bolting-logo.png","contentUrl":"https:\/\/bolting.eu\/wp-content\/uploads\/2019\/09\/bolting-logo.png","width":400,"height":211,"caption":"bolting.eu"}]},"og_availability":"instock","product_availability":"instock","product_condition":"new","geo.placename":"Innsbruck","geo.position":{"lat":"47.264176340396226","long":"11.380109057672346"},"geo.region":"Austria"},"_links":{"self":[{"href":"https:\/\/bolting.eu\/en\/wp-json\/wp\/v2\/product\/31838","targetHints":{"allow":["GET"]}}],"collection":[{"href":"https:\/\/bolting.eu\/en\/wp-json\/wp\/v2\/product"}],"about":[{"href":"https:\/\/bolting.eu\/en\/wp-json\/wp\/v2\/types\/product"}],"replies":[{"embeddable":true,"href":"https:\/\/bolting.eu\/en\/wp-json\/wp\/v2\/comments?post=31838"}],"wp:featuredmedia":[{"embeddable":true,"href":"https:\/\/bolting.eu\/en\/wp-json\/wp\/v2\/media\/31839"}],"wp:attachment":[{"href":"https:\/\/bolting.eu\/en\/wp-json\/wp\/v2\/media?parent=31838"}],"wp:term":[{"taxonomy":"product_brand","embeddable":true,"href":"https:\/\/bolting.eu\/en\/wp-json\/wp\/v2\/product_brand?post=31838"},{"taxonomy":"product_cat","embeddable":true,"href":"https:\/\/bolting.eu\/en\/wp-json\/wp\/v2\/product_cat?post=31838"},{"taxonomy":"product_tag","embeddable":true,"href":"https:\/\/bolting.eu\/en\/wp-json\/wp\/v2\/product_tag?post=31838"}],"curies":[{"name":"wp","href":"https:\/\/api.w.org\/{rel}","templated":true}]}}