{"id":31737,"date":"2025-02-19T21:44:19","date_gmt":"2025-02-19T20:44:19","guid":{"rendered":"https:\/\/bolting.eu\/?post_type=product&#038;p=31737"},"modified":"2026-04-01T19:58:26","modified_gmt":"2026-04-01T17:58:26","slug":"kletterfuehrer-schweiz-best-of-genuss","status":"publish","type":"product","link":"https:\/\/bolting.eu\/en\/shop\/kletterfuehrer-schweiz-best-of-genuss\/","title":{"rendered":"Kletterf\u00fchrer Schweiz &#8211; Best of Genuss"},"content":{"rendered":"<p>Der Kletterf\u00fchrer Schweiz &#8211; Best of Genuss, ist ein toller Auswahlf\u00fchrer. Folglich fasst er die besten Genussrouten im 4. bis 7. Grad zusammen.<\/p>\n<p>Die Routen sind meist bestens mit Klebehaken oder Bohrhaken abgesichert. Nur vereinzelt sind Friends und Keile n\u00f6tig.<\/p>\n<p>Das Buch ist ein echtes Schweizer F\u00fchrer Taschenmesser. Denn es umfasst unglaubliche 672 Seiten. Zudem findet ihr fasst alle nennenswerte Gebirgsst\u00f6cke wider.<\/p>\n<p>Abschlie\u00dfend sorgt das Panico System mit \u00dcbersichtskarten, Detailkarten und Wand\u00fcbersichten f\u00fcr beste Orientierung.<\/p>\n<h2>Eigenschaften Kletterf\u00fchrer Schweiz &#8211; Best of Genuss<\/h2>\n<ul>\n<li>Verlag: Panico<\/li>\n<li>Auflage: 3. Auflage 2024<\/li>\n<li>Seiten: 672<\/li>\n<li>Format: 143 x 220mm<\/li>\n<li>Sprache: Deutsch<\/li>\n<li>Softcover und unz\u00e4hlige inspirierende Kletterbilder<\/li>\n<\/ul>\n<h3>Die enthaltenen Gebirgsst\u00f6cke<\/h3>\n<p>In diesem Schweiz Auswahl Kletterf\u00fchrer findet ihr alle nennenswerten Gebirgsst\u00f6cke.<\/p>\n<p>Von den Kalkgebieten im Westen wie das Jura, bis hin zum R\u00e4tikon im Osten. Zudem vom Norden wie zentrale Voralpen in den S\u00fcden ins Tessin.<\/p>\n<p>Hier eine kurze Auflistung:<\/p>\n<ul>\n<li>Schweizer Jura<\/li>\n<li>Freiburger Alpen<\/li>\n<li>Wallis &#8211; Montblanc &#8211; Entremont<\/li>\n<li>Wallis &#8211; Oberwallis<\/li>\n<li>Zentralschweizer Voralpen<\/li>\n<li>Berner Oberland<\/li>\n<li>Berner Alpen<\/li>\n<li>Urner Alpen<\/li>\n<li>Grimselpass<\/li>\n<li>Furkapass<\/li>\n<li>G\u00f6schener Tal<\/li>\n<li>Sustenpass<\/li>\n<li>Tessin<\/li>\n<li>Bergell<\/li>\n<li>R\u00e4tikon<\/li>\n<li>Glarner Alpen<\/li>\n<li>Toggenburg<\/li>\n<\/ul>\n<h3>Die Autoren von &#8220;Best of Genuss&#8221;<\/h3>\n<p>Die Qualit\u00e4t dieses Schweizer Kletterf\u00fchrers ist extrem hoch. Denn die Autoren sind &#8220;alte F\u00fcchse&#8221; in diesem Metier.<\/p>\n<p>Zum einen Johanna Widmaier. Sie ist sowohl extrem erfahren beim Schreiben von F\u00fchrern als auch enorm viel unterwegs. Somit beste Voraussetzungen die Routen perfekt zu beschreiben.<\/p>\n<p>Zum anderen Urs odermatt. Ein Mann mit extrem hohen Niveau und den richtigen &#8220;Connections&#8221; zu anderen Locals. Somit gelangen \u00fcber ihn nur relevante und exakte Infos ins Buch.<\/p>\n<figure id=\"attachment_31742\" aria-describedby=\"caption-attachment-31742\" style=\"width: 700px\" class=\"wp-caption alignnone\"><a href=\"https:\/\/bolting.eu\/wp-content\/uploads\/2025\/02\/Klettersfuehrer-Schweiz-3.jpg\"><img loading=\"lazy\" decoding=\"async\" class=\"wp-image-31742 size-full\" src=\"https:\/\/bolting.eu\/wp-content\/uploads\/2025\/02\/Klettersfuehrer-Schweiz-3.jpg\" alt=\"Doppelseite des Kletterf\u00fchrer Schweiz Best of Genuss von Panico mit Wand\u00fcbersicht links und Topo rechts.\" width=\"700\" height=\"700\" srcset=\"https:\/\/bolting.eu\/wp-content\/uploads\/2025\/02\/Klettersfuehrer-Schweiz-3.jpg 700w, https:\/\/bolting.eu\/wp-content\/uploads\/2025\/02\/Klettersfuehrer-Schweiz-3-400x400.jpg 400w, https:\/\/bolting.eu\/wp-content\/uploads\/2025\/02\/Klettersfuehrer-Schweiz-3-280x280.jpg 280w, https:\/\/bolting.eu\/wp-content\/uploads\/2025\/02\/Klettersfuehrer-Schweiz-3-247x247.jpg 247w, https:\/\/bolting.eu\/wp-content\/uploads\/2025\/02\/Klettersfuehrer-Schweiz-3-510x510.jpg 510w, https:\/\/bolting.eu\/wp-content\/uploads\/2025\/02\/Klettersfuehrer-Schweiz-3-100x100.jpg 100w\" sizes=\"auto, (max-width: 700px) 100vw, 700px\" \/><\/a><figcaption id=\"caption-attachment-31742\" class=\"wp-caption-text\">Dank gewissenhafter Autoren sind alle Topos super genau und die infos top aktuell!<\/figcaption><\/figure>\n<h3>Leseprobe Kletterf\u00fchrer Schweiz<\/h3>\n<p>Im Folgenden k\u00f6nnt ihr euch ein pdf herunterladen. Es enth\u00e4lt 34 Seiten, auf denen man sich einen tollen Eindruck von dem &#8220;best of Genuss&#8221; Topo machen kann.<\/p>\n<p>Darunter auch die Detailliste der einzelnen W\u00e4nde in den jeweiligen Gebirgsst\u00f6cken.<\/p>\n<p><a href=\"https:\/\/bolting.eu\/wp-content\/uploads\/2025\/02\/BestOfSchweiz_Leseprobe-1.pdf\" target=\"_blank\" rel=\"noopener\"><strong>Download Leseprobe<\/strong><\/a><\/p>\n<h3>Tolles Panico System<\/h3>\n<p>Der Plaisir Kletterf\u00fchrer \u00fcber die Schweiz &#8211; Best of Genuss ist nach dem bew\u00e4hrten Panico System aufgebaut. D.h. jedes Gebiet wird \u00e4u\u00dferst \u00fcbersichtlich vorgestellt.<\/p>\n<p>Erstens mit einer Zufahrts- bzw. Lage \u00dcbersicht. Somit wei\u00df man mit diesem Auswahlf\u00fchrer immer wo man (hin) fahren muss.<\/p>\n<p>Zweitens mit einer Landkarte. Dies schafft eine klare Orientierungsm\u00f6glichkeit. Man kennt sich also gleich mal gut aus.<\/p>\n<p>Und drittens sind alle W\u00e4nde und Routen mit Foto Topos bzw. gezeichneten Topos sehr genau beschrieben. Man sieht wirklich gut wo welche Linie hoch geht.<\/p>\n<p><a href=\"https:\/\/panico.de\">Panico<\/a> Kletterf\u00fchrer sind einfach super \u00fcbersichtlich!<\/p>\n<figure id=\"attachment_31744\" aria-describedby=\"caption-attachment-31744\" style=\"width: 700px\" class=\"wp-caption alignnone\"><a href=\"https:\/\/bolting.eu\/wp-content\/uploads\/2025\/02\/Klettersfuehrer-Schweiz-2.jpg\"><img loading=\"lazy\" decoding=\"async\" class=\"wp-image-31744 size-full\" src=\"https:\/\/bolting.eu\/wp-content\/uploads\/2025\/02\/Klettersfuehrer-Schweiz-2.jpg\" alt=\"Doppelseite des Kletterf\u00fchrer Schweiz Best of Genuss von Panico mit Text links und Karte rechts.\" width=\"700\" height=\"700\" srcset=\"https:\/\/bolting.eu\/wp-content\/uploads\/2025\/02\/Klettersfuehrer-Schweiz-2.jpg 700w, https:\/\/bolting.eu\/wp-content\/uploads\/2025\/02\/Klettersfuehrer-Schweiz-2-400x400.jpg 400w, https:\/\/bolting.eu\/wp-content\/uploads\/2025\/02\/Klettersfuehrer-Schweiz-2-280x280.jpg 280w, https:\/\/bolting.eu\/wp-content\/uploads\/2025\/02\/Klettersfuehrer-Schweiz-2-247x247.jpg 247w, https:\/\/bolting.eu\/wp-content\/uploads\/2025\/02\/Klettersfuehrer-Schweiz-2-510x510.jpg 510w, https:\/\/bolting.eu\/wp-content\/uploads\/2025\/02\/Klettersfuehrer-Schweiz-2-100x100.jpg 100w\" sizes=\"auto, (max-width: 700px) 100vw, 700px\" \/><\/a><figcaption id=\"caption-attachment-31744\" class=\"wp-caption-text\">Sehr genaue Anfahrtsbeschreibungen und Landkarte geben in jedem Massiv einen perfekten \u00dcberblick.<\/figcaption><\/figure>\n<div class=\"mceTemp\"><\/div>\n","protected":false},"excerpt":{"rendered":"<p>Toller Auswahlf\u00fchrer f\u00fcr die gesamte Schweiz. Enth\u00e4lt auf 672 Seiten hunderte Plaisir Routen vom 4. bis 7. Grad.<\/p>\n<p>Ideal f\u00fcr einen sommerlichen Trip durch die sch\u00f6nsten Gebirgsst\u00f6cke der Eidgenossenschaft!<\/p>\n<p>Versandkostenfrei bis 2kg in <img decoding=\"async\" class=\"emoji\" role=\"img\" draggable=\"false\" src=\"https:\/\/s.w.org\/images\/core\/emoji\/14.0.0\/svg\/1f1e6-1f1f9.svg\" alt=\"\ud83c\udde6\ud83c\uddf9\" \/> ab \u20ac 100,- und <img decoding=\"async\" class=\"emoji\" role=\"img\" draggable=\"false\" src=\"https:\/\/s.w.org\/images\/core\/emoji\/14.0.0\/svg\/1f1e9-1f1ea.svg\" alt=\"\ud83c\udde9\ud83c\uddea\" \/> ab \u20ac 200,-!<\/p>\n","protected":false},"featured_media":31746,"comment_status":"closed","ping_status":"closed","template":"","meta":[],"product_brand":[],"product_cat":[29,10898],"product_tag":[],"class_list":{"0":"post-31737","1":"product","2":"type-product","3":"status-publish","4":"has-post-thumbnail","6":"product_cat-kletterausruestung","7":"product_cat-kletterfuehrer","9":"first","10":"outofstock","11":"taxable","12":"shipping-taxable","13":"purchasable","14":"product-type-simple"},"yoast_head":"<!-- This site is optimized with the Yoast SEO Premium plugin v26.9 (Yoast SEO v26.9) - https:\/\/yoast.com\/product\/yoast-seo-premium-wordpress\/ -->\n<title>Kletterf\u00fchrer Schweiz - Best of Genuss | bolting.eu<\/title>\n<meta name=\"description\" content=\"KLETTERF\u00dcHRER SCHWEIZ - BEST OF GENUSS beim Kletterprofi kaufen \u2705 Trusted Shop \u2705 kostenloser Versand* \u2705 14 Tage R\u00fcckgaberecht \u2705 Co2 neutrale Zustellung\" \/>\n<meta name=\"robots\" content=\"index, follow, max-snippet:-1, max-image-preview:large, max-video-preview:-1\" \/>\n<link rel=\"canonical\" href=\"https:\/\/bolting.eu\/en\/shop\/kletterfuehrer-schweiz-best-of-genuss\/\" \/>\n<meta property=\"og:locale\" content=\"en_US\" \/>\n<meta property=\"og:type\" content=\"article\" \/>\n<meta property=\"og:title\" content=\"Kletterf\u00fchrer Schweiz - Best of Genuss\" \/>\n<meta property=\"og:description\" content=\"KLETTERF\u00dcHRER SCHWEIZ - BEST OF GENUSS beim Kletterprofi kaufen \u2705 Trusted Shop \u2705 kostenloser Versand* \u2705 14 Tage R\u00fcckgaberecht \u2705 Co2 neutrale Zustellung\" \/>\n<meta property=\"og:url\" content=\"https:\/\/bolting.eu\/en\/shop\/kletterfuehrer-schweiz-best-of-genuss\/\" \/>\n<meta property=\"og:site_name\" content=\"bolting.eu\" \/>\n<meta property=\"article:publisher\" content=\"https:\/\/www.facebook.com\/bolting.eu\" \/>\n<meta property=\"article:modified_time\" content=\"2026-04-01T17:58:26+00:00\" \/>\n<meta property=\"og:image\" content=\"https:\/\/bolting.eu\/wp-content\/uploads\/2025\/02\/Klettersfuehrer-Schweiz-1.jpg\" \/>\n\t<meta property=\"og:image:width\" content=\"700\" \/>\n\t<meta property=\"og:image:height\" content=\"700\" \/>\n\t<meta property=\"og:image:type\" content=\"image\/jpeg\" \/>\n<meta name=\"twitter:card\" content=\"summary_large_image\" \/>\n<meta name=\"twitter:label1\" content=\"Price\" \/>\n\t<meta name=\"twitter:data1\" content=\"&euro;&nbsp;49,80\" \/>\n\t<meta name=\"twitter:label2\" content=\"Availability\" \/>\n\t<meta name=\"twitter:data2\" content=\"Out of stock\" \/>\n<script type=\"application\/ld+json\" class=\"yoast-schema-graph\">{\"@context\":\"https:\/\/schema.org\",\"@graph\":[{\"@type\":[\"WebPage\",\"ItemPage\"],\"@id\":\"https:\/\/bolting.eu\/en\/shop\/kletterfuehrer-schweiz-best-of-genuss\/\",\"url\":\"https:\/\/bolting.eu\/en\/shop\/kletterfuehrer-schweiz-best-of-genuss\/\",\"name\":\"Kletterf\u00fchrer Schweiz - Best of Genuss | bolting.eu\",\"isPartOf\":{\"@id\":\"https:\/\/bolting.eu\/en\/#website\"},\"primaryImageOfPage\":{\"@id\":\"https:\/\/bolting.eu\/en\/shop\/kletterfuehrer-schweiz-best-of-genuss\/#primaryimage\"},\"image\":{\"@id\":\"https:\/\/bolting.eu\/en\/shop\/kletterfuehrer-schweiz-best-of-genuss\/#primaryimage\"},\"thumbnailUrl\":\"https:\/\/bolting.eu\/wp-content\/uploads\/2025\/02\/Klettersfuehrer-Schweiz-1.jpg\",\"datePublished\":\"2025-02-19T20:44:19+00:00\",\"dateModified\":\"2026-04-01T17:58:26+00:00\",\"description\":\"KLETTERF\u00dcHRER SCHWEIZ - BEST OF GENUSS beim Kletterprofi kaufen \u2705 Trusted Shop \u2705 kostenloser Versand* \u2705 14 Tage R\u00fcckgaberecht \u2705 Co2 neutrale Zustellung\",\"breadcrumb\":{\"@id\":\"https:\/\/bolting.eu\/en\/shop\/kletterfuehrer-schweiz-best-of-genuss\/#breadcrumb\"},\"inLanguage\":\"en-US\",\"potentialAction\":[{\"@type\":\"ReadAction\",\"target\":[\"https:\/\/bolting.eu\/en\/shop\/kletterfuehrer-schweiz-best-of-genuss\/\"]}]},{\"@type\":\"ImageObject\",\"inLanguage\":\"en-US\",\"@id\":\"https:\/\/bolting.eu\/en\/shop\/kletterfuehrer-schweiz-best-of-genuss\/#primaryimage\",\"url\":\"https:\/\/bolting.eu\/wp-content\/uploads\/2025\/02\/Klettersfuehrer-Schweiz-1.jpg\",\"contentUrl\":\"https:\/\/bolting.eu\/wp-content\/uploads\/2025\/02\/Klettersfuehrer-Schweiz-1.jpg\",\"width\":700,\"height\":700,\"caption\":\"Cover des Kletterf\u00fchrer Schweiz Best of Genuss von Panico mit Kletterer, der aus Felsentor herausschaut.\"},{\"@type\":\"BreadcrumbList\",\"@id\":\"https:\/\/bolting.eu\/en\/shop\/kletterfuehrer-schweiz-best-of-genuss\/#breadcrumb\",\"itemListElement\":[{\"@type\":\"ListItem\",\"position\":1,\"name\":\"Shop\",\"item\":\"https:\/\/bolting.eu\/en\/shop\/\"},{\"@type\":\"ListItem\",\"position\":2,\"name\":\"climbing equipment\",\"item\":\"https:\/\/bolting.eu\/en\/produkt-kategorie\/climbing-equipment\/\"},{\"@type\":\"ListItem\",\"position\":3,\"name\":\"Kletterf\u00fchrer\",\"item\":\"https:\/\/bolting.eu\/produkt-kategorie\/kletterausruestung\/kletterfuehrer\/\"},{\"@type\":\"ListItem\",\"position\":4,\"name\":\"Kletterf\u00fchrer Schweiz &#8211; Best of Genuss\"}]},{\"@type\":\"WebSite\",\"@id\":\"https:\/\/bolting.eu\/en\/#website\",\"url\":\"https:\/\/bolting.eu\/en\/\",\"name\":\"bolting.eu\",\"description\":\"we make climbs happen\",\"publisher\":{\"@id\":\"https:\/\/bolting.eu\/en\/#organization\"},\"potentialAction\":[{\"@type\":\"SearchAction\",\"target\":{\"@type\":\"EntryPoint\",\"urlTemplate\":\"https:\/\/bolting.eu\/en\/?s={search_term_string}\"},\"query-input\":{\"@type\":\"PropertyValueSpecification\",\"valueRequired\":true,\"valueName\":\"search_term_string\"}}],\"inLanguage\":\"en-US\"},{\"@type\":[\"Organization\",\"Place\",\"SportingGoodsStore\"],\"@id\":\"https:\/\/bolting.eu\/en\/#organization\",\"name\":\"bolting.eu\",\"url\":\"https:\/\/bolting.eu\/en\/\",\"logo\":{\"@id\":\"https:\/\/bolting.eu\/en\/shop\/kletterfuehrer-schweiz-best-of-genuss\/#local-main-organization-logo\"},\"image\":{\"@id\":\"https:\/\/bolting.eu\/en\/shop\/kletterfuehrer-schweiz-best-of-genuss\/#local-main-organization-logo\"},\"sameAs\":[\"https:\/\/www.facebook.com\/bolting.eu\",\"https:\/\/www.instagram.com\/bolting.eu\/\"],\"address\":{\"@id\":\"https:\/\/bolting.eu\/en\/shop\/kletterfuehrer-schweiz-best-of-genuss\/#local-main-place-address\"},\"geo\":{\"@type\":\"GeoCoordinates\",\"latitude\":\"47.264176340396226\",\"longitude\":\"11.380109057672346\"},\"telephone\":[\"+43 699 19083372\"],\"openingHoursSpecification\":[{\"@type\":\"OpeningHoursSpecification\",\"dayOfWeek\":[\"Monday\",\"Wednesday\",\"Friday\"],\"opens\":\"14:00\",\"closes\":\"18:00\"},{\"@type\":\"OpeningHoursSpecification\",\"dayOfWeek\":[\"Tuesday\",\"Thursday\",\"Saturday\",\"Sunday\"],\"opens\":\"00:00\",\"closes\":\"00:00\"}],\"email\":\"office@bolting.eu\",\"vatID\":\"ATU59999728\",\"priceRange\":\"$$\",\"currenciesAccepted\":\"Euro\"},{\"@type\":\"PostalAddress\",\"@id\":\"https:\/\/bolting.eu\/en\/shop\/kletterfuehrer-schweiz-best-of-genuss\/#local-main-place-address\",\"streetAddress\":\"Fischnalerstra\u00dfe 4\",\"addressLocality\":\"Innsbruck\",\"postalCode\":\"6020\",\"addressRegion\":\"Tirol\",\"addressCountry\":\"AT\"},{\"@type\":\"ImageObject\",\"inLanguage\":\"en-US\",\"@id\":\"https:\/\/bolting.eu\/en\/shop\/kletterfuehrer-schweiz-best-of-genuss\/#local-main-organization-logo\",\"url\":\"https:\/\/bolting.eu\/wp-content\/uploads\/2019\/09\/bolting-logo.png\",\"contentUrl\":\"https:\/\/bolting.eu\/wp-content\/uploads\/2019\/09\/bolting-logo.png\",\"width\":400,\"height\":211,\"caption\":\"bolting.eu\"}]}<\/script>\n<meta property=\"product:price:amount\" content=\"49.80\" \/>\n<meta property=\"product:price:currency\" content=\"EUR\" \/>\n<meta property=\"og:availability\" content=\"out of stock\" \/>\n<meta property=\"product:availability\" content=\"out of stock\" \/>\n<meta property=\"product:retailer_item_id\" content=\"P_CH_BoG\" \/>\n<meta property=\"product:condition\" content=\"new\" \/>\n<meta name=\"geo.placename\" content=\"Innsbruck\" \/>\n<meta name=\"geo.position\" content=\"47.264176340396226;11.380109057672346\" \/>\n<meta name=\"geo.region\" content=\"Austria\" \/>\n<!-- \/ Yoast SEO Premium plugin. -->","yoast_head_json":{"title":"Kletterf\u00fchrer Schweiz - Best of Genuss | bolting.eu","description":"KLETTERF\u00dcHRER SCHWEIZ - BEST OF GENUSS beim Kletterprofi kaufen \u2705 Trusted Shop \u2705 kostenloser Versand* \u2705 14 Tage R\u00fcckgaberecht \u2705 Co2 neutrale Zustellung","robots":{"index":"index","follow":"follow","max-snippet":"max-snippet:-1","max-image-preview":"max-image-preview:large","max-video-preview":"max-video-preview:-1"},"canonical":"https:\/\/bolting.eu\/en\/shop\/kletterfuehrer-schweiz-best-of-genuss\/","og_locale":"en_US","og_type":"article","og_title":"Kletterf\u00fchrer Schweiz - Best of Genuss","og_description":"KLETTERF\u00dcHRER SCHWEIZ - BEST OF GENUSS beim Kletterprofi kaufen \u2705 Trusted Shop \u2705 kostenloser Versand* \u2705 14 Tage R\u00fcckgaberecht \u2705 Co2 neutrale Zustellung","og_url":"https:\/\/bolting.eu\/en\/shop\/kletterfuehrer-schweiz-best-of-genuss\/","og_site_name":"bolting.eu","article_publisher":"https:\/\/www.facebook.com\/bolting.eu","article_modified_time":"2026-04-01T17:58:26+00:00","og_image":[{"width":700,"height":700,"url":"https:\/\/bolting.eu\/wp-content\/uploads\/2025\/02\/Klettersfuehrer-Schweiz-1.jpg","type":"image\/jpeg"}],"twitter_card":"summary_large_image","twitter_misc":{"Price":"&euro;&nbsp;49,80","Availability":"Out of stock"},"schema":{"@context":"https:\/\/schema.org","@graph":[{"@type":["WebPage","ItemPage"],"@id":"https:\/\/bolting.eu\/en\/shop\/kletterfuehrer-schweiz-best-of-genuss\/","url":"https:\/\/bolting.eu\/en\/shop\/kletterfuehrer-schweiz-best-of-genuss\/","name":"Kletterf\u00fchrer Schweiz - Best of Genuss | bolting.eu","isPartOf":{"@id":"https:\/\/bolting.eu\/en\/#website"},"primaryImageOfPage":{"@id":"https:\/\/bolting.eu\/en\/shop\/kletterfuehrer-schweiz-best-of-genuss\/#primaryimage"},"image":{"@id":"https:\/\/bolting.eu\/en\/shop\/kletterfuehrer-schweiz-best-of-genuss\/#primaryimage"},"thumbnailUrl":"https:\/\/bolting.eu\/wp-content\/uploads\/2025\/02\/Klettersfuehrer-Schweiz-1.jpg","datePublished":"2025-02-19T20:44:19+00:00","dateModified":"2026-04-01T17:58:26+00:00","description":"KLETTERF\u00dcHRER SCHWEIZ - BEST OF GENUSS beim Kletterprofi kaufen \u2705 Trusted Shop \u2705 kostenloser Versand* \u2705 14 Tage R\u00fcckgaberecht \u2705 Co2 neutrale Zustellung","breadcrumb":{"@id":"https:\/\/bolting.eu\/en\/shop\/kletterfuehrer-schweiz-best-of-genuss\/#breadcrumb"},"inLanguage":"en-US","potentialAction":[{"@type":"ReadAction","target":["https:\/\/bolting.eu\/en\/shop\/kletterfuehrer-schweiz-best-of-genuss\/"]}]},{"@type":"ImageObject","inLanguage":"en-US","@id":"https:\/\/bolting.eu\/en\/shop\/kletterfuehrer-schweiz-best-of-genuss\/#primaryimage","url":"https:\/\/bolting.eu\/wp-content\/uploads\/2025\/02\/Klettersfuehrer-Schweiz-1.jpg","contentUrl":"https:\/\/bolting.eu\/wp-content\/uploads\/2025\/02\/Klettersfuehrer-Schweiz-1.jpg","width":700,"height":700,"caption":"Cover des Kletterf\u00fchrer Schweiz Best of Genuss von Panico mit Kletterer, der aus Felsentor herausschaut."},{"@type":"BreadcrumbList","@id":"https:\/\/bolting.eu\/en\/shop\/kletterfuehrer-schweiz-best-of-genuss\/#breadcrumb","itemListElement":[{"@type":"ListItem","position":1,"name":"Shop","item":"https:\/\/bolting.eu\/en\/shop\/"},{"@type":"ListItem","position":2,"name":"climbing equipment","item":"https:\/\/bolting.eu\/en\/produkt-kategorie\/climbing-equipment\/"},{"@type":"ListItem","position":3,"name":"Kletterf\u00fchrer","item":"https:\/\/bolting.eu\/produkt-kategorie\/kletterausruestung\/kletterfuehrer\/"},{"@type":"ListItem","position":4,"name":"Kletterf\u00fchrer Schweiz &#8211; Best of Genuss"}]},{"@type":"WebSite","@id":"https:\/\/bolting.eu\/en\/#website","url":"https:\/\/bolting.eu\/en\/","name":"bolting.eu","description":"we make climbs happen","publisher":{"@id":"https:\/\/bolting.eu\/en\/#organization"},"potentialAction":[{"@type":"SearchAction","target":{"@type":"EntryPoint","urlTemplate":"https:\/\/bolting.eu\/en\/?s={search_term_string}"},"query-input":{"@type":"PropertyValueSpecification","valueRequired":true,"valueName":"search_term_string"}}],"inLanguage":"en-US"},{"@type":["Organization","Place","SportingGoodsStore"],"@id":"https:\/\/bolting.eu\/en\/#organization","name":"bolting.eu","url":"https:\/\/bolting.eu\/en\/","logo":{"@id":"https:\/\/bolting.eu\/en\/shop\/kletterfuehrer-schweiz-best-of-genuss\/#local-main-organization-logo"},"image":{"@id":"https:\/\/bolting.eu\/en\/shop\/kletterfuehrer-schweiz-best-of-genuss\/#local-main-organization-logo"},"sameAs":["https:\/\/www.facebook.com\/bolting.eu","https:\/\/www.instagram.com\/bolting.eu\/"],"address":{"@id":"https:\/\/bolting.eu\/en\/shop\/kletterfuehrer-schweiz-best-of-genuss\/#local-main-place-address"},"geo":{"@type":"GeoCoordinates","latitude":"47.264176340396226","longitude":"11.380109057672346"},"telephone":["+43 699 19083372"],"openingHoursSpecification":[{"@type":"OpeningHoursSpecification","dayOfWeek":["Monday","Wednesday","Friday"],"opens":"14:00","closes":"18:00"},{"@type":"OpeningHoursSpecification","dayOfWeek":["Tuesday","Thursday","Saturday","Sunday"],"opens":"00:00","closes":"00:00"}],"email":"office@bolting.eu","vatID":"ATU59999728","priceRange":"$$","currenciesAccepted":"Euro"},{"@type":"PostalAddress","@id":"https:\/\/bolting.eu\/en\/shop\/kletterfuehrer-schweiz-best-of-genuss\/#local-main-place-address","streetAddress":"Fischnalerstra\u00dfe 4","addressLocality":"Innsbruck","postalCode":"6020","addressRegion":"Tirol","addressCountry":"AT"},{"@type":"ImageObject","inLanguage":"en-US","@id":"https:\/\/bolting.eu\/en\/shop\/kletterfuehrer-schweiz-best-of-genuss\/#local-main-organization-logo","url":"https:\/\/bolting.eu\/wp-content\/uploads\/2019\/09\/bolting-logo.png","contentUrl":"https:\/\/bolting.eu\/wp-content\/uploads\/2019\/09\/bolting-logo.png","width":400,"height":211,"caption":"bolting.eu"}]},"product_price_amount":"49.80","product_price_currency":"EUR","og_availability":"out of stock","product_availability":"out of stock","product_retailer_item_id":"P_CH_BoG","product_condition":"new","geo.placename":"Innsbruck","geo.position":{"lat":"47.264176340396226","long":"11.380109057672346"},"geo.region":"Austria"},"_links":{"self":[{"href":"https:\/\/bolting.eu\/en\/wp-json\/wp\/v2\/product\/31737","targetHints":{"allow":["GET"]}}],"collection":[{"href":"https:\/\/bolting.eu\/en\/wp-json\/wp\/v2\/product"}],"about":[{"href":"https:\/\/bolting.eu\/en\/wp-json\/wp\/v2\/types\/product"}],"replies":[{"embeddable":true,"href":"https:\/\/bolting.eu\/en\/wp-json\/wp\/v2\/comments?post=31737"}],"wp:featuredmedia":[{"embeddable":true,"href":"https:\/\/bolting.eu\/en\/wp-json\/wp\/v2\/media\/31746"}],"wp:attachment":[{"href":"https:\/\/bolting.eu\/en\/wp-json\/wp\/v2\/media?parent=31737"}],"wp:term":[{"taxonomy":"product_brand","embeddable":true,"href":"https:\/\/bolting.eu\/en\/wp-json\/wp\/v2\/product_brand?post=31737"},{"taxonomy":"product_cat","embeddable":true,"href":"https:\/\/bolting.eu\/en\/wp-json\/wp\/v2\/product_cat?post=31737"},{"taxonomy":"product_tag","embeddable":true,"href":"https:\/\/bolting.eu\/en\/wp-json\/wp\/v2\/product_tag?post=31737"}],"curies":[{"name":"wp","href":"https:\/\/api.w.org\/{rel}","templated":true}]}}