{"id":31723,"date":"2025-02-19T13:35:18","date_gmt":"2025-02-19T12:35:18","guid":{"rendered":"https:\/\/bolting.eu\/?post_type=product&#038;p=31723"},"modified":"2025-02-19T13:59:53","modified_gmt":"2025-02-19T12:59:53","slug":"petzl-jane-y-fuer-fortbewegung","status":"publish","type":"product","link":"https:\/\/bolting.eu\/en\/shop\/petzl-jane-y-fuer-fortbewegung\/","title":{"rendered":"Petzl Jane-Y f\u00fcr Fortbewegung"},"content":{"rendered":"<p>Das Petzl Jane-Y f\u00fcr Fortbewegung ist ein doppeltes Verbindungsmittel. Dabei hat es unterschiedlich lange Arme. Somit kann man bei der Fortbewegung immer eingeh\u00e4ngt bleiben.<\/p>\n<p>Weiters sch\u00fctzen die Kunststoff\u00fcberz\u00fcge an den vern\u00e4hten Enden das Dynamikseil. Zudem halten sie die Karabiner dort in Position.<\/p>\n<p>Dieses Verbindungsmittel kann mit allen handels\u00fcblichen <a href=\"https:\/\/bolting.eu\/produkt-kategorie\/industriekletter-ausruestung\/industrieklettergurt\/\">Industrieklettergurten<\/a> verwendet werden.<\/p>\n<p>Achtung. Zur Verwendung auch zur Absturzsicherung ben\u00f6tigt ihr unbedingt einen Absorber <a href=\"https:\/\/bolting.eu\/produkt-kategorie\/industriekletter-ausruestung\/bandfalldaempfer\/\">Bandfalld\u00e4mpfer<\/a>.<\/p>\n<h2>Eigenschaften Petzl Jane-Y f\u00fcr Fortbewegung<\/h2>\n<ul>\n<li>Hersteller: <a href=\"https:\/\/bolting.eu\/produkt-kategorie\/petzl\/\">Petzl<\/a><\/li>\n<li>Material: Polyester<\/li>\n<li>L\u00e4ngen: 30cm und 60cm<\/li>\n<li>Gewicht: 130 Gramm<\/li>\n<li>Normen: EN 354, UKCA, ANSI Z359.3, EAC<\/li>\n<li>doppeltes Verbindungsmittel zur Fortbewegung<\/li>\n<li>individuelle Kennzeichnung auf Kunststoffh\u00fclle<\/li>\n<li>Karabinerfixierung in vern\u00e4hten Endschlaufen<\/li>\n<li>bei Funktion zur Absturzsicherung nur mit Bandfalld\u00e4mpfer zu verwenden<\/li>\n<li><a href=\"https:\/\/www.petzl.com\/DE\/de\/Professional\/Verbindungsmittel-und-Falldampfer\/JANE-Y#:~:text=Das%20PDF%20herunterladen%20%3A%20technical%2Dnotice%2DJANE%2DY%2D1%20%2D%202.47%20MB\" target=\"_blank\" rel=\"noopener\">Bedienungsanleitung<\/a><\/li>\n<\/ul>\n<h3>Verbindung mit dem <a href=\"https:\/\/bolting.eu\/produkt-kategorie\/industriekletter-ausruestung\/industrieklettergurt\/\">Industrieklettergurt<\/a><\/h3>\n<p>F\u00fcr das Jane-Y f\u00fcr Fortbewegung braucht ihr das richtige Verbindungselement.<\/p>\n<p>Wie z.B. <a href=\"https:\/\/bolting.eu\/shop\/petzl-ring-open\/\">Ring open<\/a>, den\u00a0<a href=\"https:\/\/bolting.eu\/shop\/petzl-omni-halbrunder-karabiner\/\">OMNI Karabiner<\/a>,\u00a0<a href=\"https:\/\/bolting.eu\/shop\/petzl-swivel-open\/\">Swivel open<\/a>\u00a0oder dem\u00a0<a href=\"https:\/\/bolting.eu\/shop\/petzl-bmd-karabiner-mit-hoher-bruchlast\/\">BM\u00b4D<\/a>\u00a0Karabiner mit\u00a0<a href=\"https:\/\/bolting.eu\/shop\/petzl-captiv\/\">Captiv B\u00fcgel<\/a>.<\/p>\n<p>\u00dcberdies geht auch ein passendes\u00a0<a href=\"https:\/\/bolting.eu\/produkt-kategorie\/einbohrartikel\/schraubglied-rapidglied\/\">Rapidglieder<\/a>\u00a0wie ein\u00a0<a href=\"https:\/\/bolting.eu\/shop\/petzl-go-8mm-schraubglied\/\">Go 8mm<\/a>, oder halbrundes\u00a0<a href=\"https:\/\/bolting.eu\/shop\/kong-quick-link-d\/\">Kong Quick Link D<\/a>.<\/p>\n<h3>Jane-Y f\u00fcr Fortbewegung anschlagseitige Karabiner<\/h3>\n<p>Anschlagseitig k\u00f6nnt ihr mehrere Karabiner verwendet werden. Somit kommen Modelle wie z.B. <a href=\"https:\/\/bolting.eu\/shop\/petzl-mgo-open\/\">MGO open<\/a> (gut bedienbar mit <a href=\"https:\/\/bolting.eu\/shop\/handschuhe-petzl-cordex\/\">Handschuhen Cordex<\/a>), <a href=\"https:\/\/bolting.eu\/shop\/petzl-eashook-open\/\">Eashook open<\/a> oder der <a href=\"https:\/\/bolting.eu\/shop\/petzl-vertigo-wire-lock\/\">Vertigo Wire Lock<\/a> in Frage.<\/p>\n","protected":false},"excerpt":{"rendered":"<p>Doppeltes Verbindungsmittel zur Fortbewegung mit 30cm bzw. 60cm L\u00e4nge.<\/p>\n<p>Ideal f\u00fcr den Aufstieg am Seil.<\/p>\n<p>Versandkostenfrei bis 2kg in <img decoding=\"async\" class=\"emoji\" role=\"img\" draggable=\"false\" src=\"https:\/\/s.w.org\/images\/core\/emoji\/14.0.0\/svg\/1f1e6-1f1f9.svg\" alt=\"\ud83c\udde6\ud83c\uddf9\" \/>\u00a0ab \u20ac 100,- und\u00a0<img decoding=\"async\" class=\"emoji\" role=\"img\" draggable=\"false\" src=\"https:\/\/s.w.org\/images\/core\/emoji\/14.0.0\/svg\/1f1e9-1f1ea.svg\" alt=\"\ud83c\udde9\ud83c\uddea\" \/>\u00a0ab \u20ac 200,-!<\/p>\n","protected":false},"featured_media":31726,"comment_status":"closed","ping_status":"closed","template":"","meta":[],"product_brand":[],"product_cat":[14513,14748,14093],"product_tag":[],"class_list":{"0":"post-31723","1":"product","2":"type-product","3":"status-publish","4":"has-post-thumbnail","6":"product_cat-industriekletter-ausruestung","7":"product_cat-verbindungsmittel","8":"product_cat-petzl","10":"first","11":"instock","12":"sale","13":"taxable","14":"shipping-taxable","15":"purchasable","16":"product-type-simple"},"yoast_head":"<!-- This site is optimized with the Yoast SEO Premium plugin v26.9 (Yoast SEO v26.9) - https:\/\/yoast.com\/product\/yoast-seo-premium-wordpress\/ -->\n<title>Petzl Jane-Y f\u00fcr Fortbewegung | bolting.eu<\/title>\n<meta name=\"description\" content=\"Petzl Jane-Y f\u00fcr Absturzsicherung beim Industriekletter Profi kaufen \u2705 Trusted Shop \u2705 kostenloser Versand* \u2705 14 Tage R\u00fcckgaberecht \u2705 Co2 neutrale Zustellung\" \/>\n<meta name=\"robots\" content=\"index, follow, max-snippet:-1, max-image-preview:large, max-video-preview:-1\" \/>\n<link rel=\"canonical\" href=\"https:\/\/bolting.eu\/en\/shop\/petzl-jane-y-fuer-fortbewegung\/\" \/>\n<meta property=\"og:locale\" content=\"en_US\" \/>\n<meta property=\"og:type\" content=\"article\" \/>\n<meta property=\"og:title\" content=\"Petzl Jane-Y f\u00fcr Fortbewegung\" \/>\n<meta property=\"og:description\" content=\"Petzl Jane-Y f\u00fcr Absturzsicherung beim Industriekletter Profi kaufen \u2705 Trusted Shop \u2705 kostenloser Versand* \u2705 14 Tage R\u00fcckgaberecht \u2705 Co2 neutrale Zustellung\" \/>\n<meta property=\"og:url\" content=\"https:\/\/bolting.eu\/en\/shop\/petzl-jane-y-fuer-fortbewegung\/\" \/>\n<meta property=\"og:site_name\" content=\"bolting.eu\" \/>\n<meta property=\"article:publisher\" content=\"https:\/\/www.facebook.com\/bolting.eu\" \/>\n<meta property=\"article:modified_time\" content=\"2025-02-19T12:59:53+00:00\" \/>\n<meta property=\"og:image\" content=\"https:\/\/bolting.eu\/wp-content\/uploads\/2025\/02\/Petzl-Jane-Y-Fortbewegung-3.jpg\" \/>\n\t<meta property=\"og:image:width\" content=\"700\" \/>\n\t<meta property=\"og:image:height\" content=\"700\" \/>\n\t<meta property=\"og:image:type\" content=\"image\/jpeg\" \/>\n<meta name=\"twitter:card\" content=\"summary_large_image\" \/>\n<meta name=\"twitter:label1\" content=\"Price\" \/>\n\t<meta name=\"twitter:data1\" content=\"&euro;&nbsp;34,50\" \/>\n\t<meta name=\"twitter:label2\" content=\"Availability\" \/>\n\t<meta name=\"twitter:data2\" content=\"In stock\" \/>\n<script type=\"application\/ld+json\" class=\"yoast-schema-graph\">{\"@context\":\"https:\/\/schema.org\",\"@graph\":[{\"@type\":[\"WebPage\",\"ItemPage\"],\"@id\":\"https:\/\/bolting.eu\/en\/shop\/petzl-jane-y-fuer-fortbewegung\/\",\"url\":\"https:\/\/bolting.eu\/en\/shop\/petzl-jane-y-fuer-fortbewegung\/\",\"name\":\"Petzl Jane-Y f\u00fcr Fortbewegung | bolting.eu\",\"isPartOf\":{\"@id\":\"https:\/\/bolting.eu\/en\/#website\"},\"primaryImageOfPage\":{\"@id\":\"https:\/\/bolting.eu\/en\/shop\/petzl-jane-y-fuer-fortbewegung\/#primaryimage\"},\"image\":{\"@id\":\"https:\/\/bolting.eu\/en\/shop\/petzl-jane-y-fuer-fortbewegung\/#primaryimage\"},\"thumbnailUrl\":\"https:\/\/bolting.eu\/wp-content\/uploads\/2025\/02\/Petzl-Jane-Y-Fortbewegung-3.jpg\",\"datePublished\":\"2025-02-19T12:35:18+00:00\",\"dateModified\":\"2025-02-19T12:59:53+00:00\",\"description\":\"Petzl Jane-Y f\u00fcr Absturzsicherung beim Industriekletter Profi kaufen \u2705 Trusted Shop \u2705 kostenloser Versand* \u2705 14 Tage R\u00fcckgaberecht \u2705 Co2 neutrale Zustellung\",\"breadcrumb\":{\"@id\":\"https:\/\/bolting.eu\/en\/shop\/petzl-jane-y-fuer-fortbewegung\/#breadcrumb\"},\"inLanguage\":\"en-US\",\"potentialAction\":[{\"@type\":\"ReadAction\",\"target\":[\"https:\/\/bolting.eu\/en\/shop\/petzl-jane-y-fuer-fortbewegung\/\"]}]},{\"@type\":\"ImageObject\",\"inLanguage\":\"en-US\",\"@id\":\"https:\/\/bolting.eu\/en\/shop\/petzl-jane-y-fuer-fortbewegung\/#primaryimage\",\"url\":\"https:\/\/bolting.eu\/wp-content\/uploads\/2025\/02\/Petzl-Jane-Y-Fortbewegung-3.jpg\",\"contentUrl\":\"https:\/\/bolting.eu\/wp-content\/uploads\/2025\/02\/Petzl-Jane-Y-Fortbewegung-3.jpg\",\"width\":700,\"height\":700,\"caption\":\"Jany Y\"},{\"@type\":\"BreadcrumbList\",\"@id\":\"https:\/\/bolting.eu\/en\/shop\/petzl-jane-y-fuer-fortbewegung\/#breadcrumb\",\"itemListElement\":[{\"@type\":\"ListItem\",\"position\":1,\"name\":\"Shop\",\"item\":\"https:\/\/bolting.eu\/en\/shop\/\"},{\"@type\":\"ListItem\",\"position\":2,\"name\":\"Industrial climbing gear\",\"item\":\"https:\/\/bolting.eu\/en\/produkt-kategorie\/industrial-climbing-gear\/\"},{\"@type\":\"ListItem\",\"position\":3,\"name\":\"Lanyard\",\"item\":\"https:\/\/bolting.eu\/en\/produkt-kategorie\/lanyard\/\"},{\"@type\":\"ListItem\",\"position\":4,\"name\":\"Petzl Jane-Y f\u00fcr Fortbewegung\"}]},{\"@type\":\"WebSite\",\"@id\":\"https:\/\/bolting.eu\/en\/#website\",\"url\":\"https:\/\/bolting.eu\/en\/\",\"name\":\"bolting.eu\",\"description\":\"we make climbs happen\",\"publisher\":{\"@id\":\"https:\/\/bolting.eu\/en\/#organization\"},\"potentialAction\":[{\"@type\":\"SearchAction\",\"target\":{\"@type\":\"EntryPoint\",\"urlTemplate\":\"https:\/\/bolting.eu\/en\/?s={search_term_string}\"},\"query-input\":{\"@type\":\"PropertyValueSpecification\",\"valueRequired\":true,\"valueName\":\"search_term_string\"}}],\"inLanguage\":\"en-US\"},{\"@type\":[\"Organization\",\"Place\",\"SportingGoodsStore\"],\"@id\":\"https:\/\/bolting.eu\/en\/#organization\",\"name\":\"bolting.eu\",\"url\":\"https:\/\/bolting.eu\/en\/\",\"logo\":{\"@id\":\"https:\/\/bolting.eu\/en\/shop\/petzl-jane-y-fuer-fortbewegung\/#local-main-organization-logo\"},\"image\":{\"@id\":\"https:\/\/bolting.eu\/en\/shop\/petzl-jane-y-fuer-fortbewegung\/#local-main-organization-logo\"},\"sameAs\":[\"https:\/\/www.facebook.com\/bolting.eu\",\"https:\/\/www.instagram.com\/bolting.eu\/\"],\"address\":{\"@id\":\"https:\/\/bolting.eu\/en\/shop\/petzl-jane-y-fuer-fortbewegung\/#local-main-place-address\"},\"geo\":{\"@type\":\"GeoCoordinates\",\"latitude\":\"47.264176340396226\",\"longitude\":\"11.380109057672346\"},\"telephone\":[\"+43 699 19083372\"],\"openingHoursSpecification\":[{\"@type\":\"OpeningHoursSpecification\",\"dayOfWeek\":[\"Monday\",\"Wednesday\",\"Friday\"],\"opens\":\"14:00\",\"closes\":\"18:00\"},{\"@type\":\"OpeningHoursSpecification\",\"dayOfWeek\":[\"Tuesday\",\"Thursday\",\"Saturday\",\"Sunday\"],\"opens\":\"00:00\",\"closes\":\"00:00\"}],\"email\":\"office@bolting.eu\",\"vatID\":\"ATU59999728\",\"priceRange\":\"$$\",\"currenciesAccepted\":\"Euro\"},{\"@type\":\"PostalAddress\",\"@id\":\"https:\/\/bolting.eu\/en\/shop\/petzl-jane-y-fuer-fortbewegung\/#local-main-place-address\",\"streetAddress\":\"Fischnalerstra\u00dfe 4\",\"addressLocality\":\"Innsbruck\",\"postalCode\":\"6020\",\"addressRegion\":\"Tirol\",\"addressCountry\":\"AT\"},{\"@type\":\"ImageObject\",\"inLanguage\":\"en-US\",\"@id\":\"https:\/\/bolting.eu\/en\/shop\/petzl-jane-y-fuer-fortbewegung\/#local-main-organization-logo\",\"url\":\"https:\/\/bolting.eu\/wp-content\/uploads\/2019\/09\/bolting-logo.png\",\"contentUrl\":\"https:\/\/bolting.eu\/wp-content\/uploads\/2019\/09\/bolting-logo.png\",\"width\":400,\"height\":211,\"caption\":\"bolting.eu\"}]}<\/script>\n<meta property=\"product:price:amount\" content=\"34.50\" \/>\n<meta property=\"product:price:currency\" content=\"EUR\" \/>\n<meta property=\"og:availability\" content=\"instock\" \/>\n<meta property=\"product:availability\" content=\"instock\" \/>\n<meta property=\"product:retailer_item_id\" content=\"L051AA00\" \/>\n<meta property=\"product:condition\" content=\"new\" \/>\n<meta name=\"geo.placename\" content=\"Innsbruck\" \/>\n<meta name=\"geo.position\" content=\"47.264176340396226;11.380109057672346\" \/>\n<meta name=\"geo.region\" content=\"Austria\" \/>\n<!-- \/ Yoast SEO Premium plugin. -->","yoast_head_json":{"title":"Petzl Jane-Y f\u00fcr Fortbewegung | bolting.eu","description":"Petzl Jane-Y f\u00fcr Absturzsicherung beim Industriekletter Profi kaufen \u2705 Trusted Shop \u2705 kostenloser Versand* \u2705 14 Tage R\u00fcckgaberecht \u2705 Co2 neutrale Zustellung","robots":{"index":"index","follow":"follow","max-snippet":"max-snippet:-1","max-image-preview":"max-image-preview:large","max-video-preview":"max-video-preview:-1"},"canonical":"https:\/\/bolting.eu\/en\/shop\/petzl-jane-y-fuer-fortbewegung\/","og_locale":"en_US","og_type":"article","og_title":"Petzl Jane-Y f\u00fcr Fortbewegung","og_description":"Petzl Jane-Y f\u00fcr Absturzsicherung beim Industriekletter Profi kaufen \u2705 Trusted Shop \u2705 kostenloser Versand* \u2705 14 Tage R\u00fcckgaberecht \u2705 Co2 neutrale Zustellung","og_url":"https:\/\/bolting.eu\/en\/shop\/petzl-jane-y-fuer-fortbewegung\/","og_site_name":"bolting.eu","article_publisher":"https:\/\/www.facebook.com\/bolting.eu","article_modified_time":"2025-02-19T12:59:53+00:00","og_image":[{"width":700,"height":700,"url":"https:\/\/bolting.eu\/wp-content\/uploads\/2025\/02\/Petzl-Jane-Y-Fortbewegung-3.jpg","type":"image\/jpeg"}],"twitter_card":"summary_large_image","twitter_misc":{"Price":"&euro;&nbsp;34,50","Availability":"In stock"},"schema":{"@context":"https:\/\/schema.org","@graph":[{"@type":["WebPage","ItemPage"],"@id":"https:\/\/bolting.eu\/en\/shop\/petzl-jane-y-fuer-fortbewegung\/","url":"https:\/\/bolting.eu\/en\/shop\/petzl-jane-y-fuer-fortbewegung\/","name":"Petzl Jane-Y f\u00fcr Fortbewegung | bolting.eu","isPartOf":{"@id":"https:\/\/bolting.eu\/en\/#website"},"primaryImageOfPage":{"@id":"https:\/\/bolting.eu\/en\/shop\/petzl-jane-y-fuer-fortbewegung\/#primaryimage"},"image":{"@id":"https:\/\/bolting.eu\/en\/shop\/petzl-jane-y-fuer-fortbewegung\/#primaryimage"},"thumbnailUrl":"https:\/\/bolting.eu\/wp-content\/uploads\/2025\/02\/Petzl-Jane-Y-Fortbewegung-3.jpg","datePublished":"2025-02-19T12:35:18+00:00","dateModified":"2025-02-19T12:59:53+00:00","description":"Petzl Jane-Y f\u00fcr Absturzsicherung beim Industriekletter Profi kaufen \u2705 Trusted Shop \u2705 kostenloser Versand* \u2705 14 Tage R\u00fcckgaberecht \u2705 Co2 neutrale Zustellung","breadcrumb":{"@id":"https:\/\/bolting.eu\/en\/shop\/petzl-jane-y-fuer-fortbewegung\/#breadcrumb"},"inLanguage":"en-US","potentialAction":[{"@type":"ReadAction","target":["https:\/\/bolting.eu\/en\/shop\/petzl-jane-y-fuer-fortbewegung\/"]}]},{"@type":"ImageObject","inLanguage":"en-US","@id":"https:\/\/bolting.eu\/en\/shop\/petzl-jane-y-fuer-fortbewegung\/#primaryimage","url":"https:\/\/bolting.eu\/wp-content\/uploads\/2025\/02\/Petzl-Jane-Y-Fortbewegung-3.jpg","contentUrl":"https:\/\/bolting.eu\/wp-content\/uploads\/2025\/02\/Petzl-Jane-Y-Fortbewegung-3.jpg","width":700,"height":700,"caption":"Jany Y"},{"@type":"BreadcrumbList","@id":"https:\/\/bolting.eu\/en\/shop\/petzl-jane-y-fuer-fortbewegung\/#breadcrumb","itemListElement":[{"@type":"ListItem","position":1,"name":"Shop","item":"https:\/\/bolting.eu\/en\/shop\/"},{"@type":"ListItem","position":2,"name":"Industrial climbing gear","item":"https:\/\/bolting.eu\/en\/produkt-kategorie\/industrial-climbing-gear\/"},{"@type":"ListItem","position":3,"name":"Lanyard","item":"https:\/\/bolting.eu\/en\/produkt-kategorie\/lanyard\/"},{"@type":"ListItem","position":4,"name":"Petzl Jane-Y f\u00fcr Fortbewegung"}]},{"@type":"WebSite","@id":"https:\/\/bolting.eu\/en\/#website","url":"https:\/\/bolting.eu\/en\/","name":"bolting.eu","description":"we make climbs happen","publisher":{"@id":"https:\/\/bolting.eu\/en\/#organization"},"potentialAction":[{"@type":"SearchAction","target":{"@type":"EntryPoint","urlTemplate":"https:\/\/bolting.eu\/en\/?s={search_term_string}"},"query-input":{"@type":"PropertyValueSpecification","valueRequired":true,"valueName":"search_term_string"}}],"inLanguage":"en-US"},{"@type":["Organization","Place","SportingGoodsStore"],"@id":"https:\/\/bolting.eu\/en\/#organization","name":"bolting.eu","url":"https:\/\/bolting.eu\/en\/","logo":{"@id":"https:\/\/bolting.eu\/en\/shop\/petzl-jane-y-fuer-fortbewegung\/#local-main-organization-logo"},"image":{"@id":"https:\/\/bolting.eu\/en\/shop\/petzl-jane-y-fuer-fortbewegung\/#local-main-organization-logo"},"sameAs":["https:\/\/www.facebook.com\/bolting.eu","https:\/\/www.instagram.com\/bolting.eu\/"],"address":{"@id":"https:\/\/bolting.eu\/en\/shop\/petzl-jane-y-fuer-fortbewegung\/#local-main-place-address"},"geo":{"@type":"GeoCoordinates","latitude":"47.264176340396226","longitude":"11.380109057672346"},"telephone":["+43 699 19083372"],"openingHoursSpecification":[{"@type":"OpeningHoursSpecification","dayOfWeek":["Monday","Wednesday","Friday"],"opens":"14:00","closes":"18:00"},{"@type":"OpeningHoursSpecification","dayOfWeek":["Tuesday","Thursday","Saturday","Sunday"],"opens":"00:00","closes":"00:00"}],"email":"office@bolting.eu","vatID":"ATU59999728","priceRange":"$$","currenciesAccepted":"Euro"},{"@type":"PostalAddress","@id":"https:\/\/bolting.eu\/en\/shop\/petzl-jane-y-fuer-fortbewegung\/#local-main-place-address","streetAddress":"Fischnalerstra\u00dfe 4","addressLocality":"Innsbruck","postalCode":"6020","addressRegion":"Tirol","addressCountry":"AT"},{"@type":"ImageObject","inLanguage":"en-US","@id":"https:\/\/bolting.eu\/en\/shop\/petzl-jane-y-fuer-fortbewegung\/#local-main-organization-logo","url":"https:\/\/bolting.eu\/wp-content\/uploads\/2019\/09\/bolting-logo.png","contentUrl":"https:\/\/bolting.eu\/wp-content\/uploads\/2019\/09\/bolting-logo.png","width":400,"height":211,"caption":"bolting.eu"}]},"product_price_amount":"34.50","product_price_currency":"EUR","og_availability":"instock","product_availability":"instock","product_retailer_item_id":"L051AA00","product_condition":"new","geo.placename":"Innsbruck","geo.position":{"lat":"47.264176340396226","long":"11.380109057672346"},"geo.region":"Austria"},"_links":{"self":[{"href":"https:\/\/bolting.eu\/en\/wp-json\/wp\/v2\/product\/31723","targetHints":{"allow":["GET"]}}],"collection":[{"href":"https:\/\/bolting.eu\/en\/wp-json\/wp\/v2\/product"}],"about":[{"href":"https:\/\/bolting.eu\/en\/wp-json\/wp\/v2\/types\/product"}],"replies":[{"embeddable":true,"href":"https:\/\/bolting.eu\/en\/wp-json\/wp\/v2\/comments?post=31723"}],"wp:featuredmedia":[{"embeddable":true,"href":"https:\/\/bolting.eu\/en\/wp-json\/wp\/v2\/media\/31726"}],"wp:attachment":[{"href":"https:\/\/bolting.eu\/en\/wp-json\/wp\/v2\/media?parent=31723"}],"wp:term":[{"taxonomy":"product_brand","embeddable":true,"href":"https:\/\/bolting.eu\/en\/wp-json\/wp\/v2\/product_brand?post=31723"},{"taxonomy":"product_cat","embeddable":true,"href":"https:\/\/bolting.eu\/en\/wp-json\/wp\/v2\/product_cat?post=31723"},{"taxonomy":"product_tag","embeddable":true,"href":"https:\/\/bolting.eu\/en\/wp-json\/wp\/v2\/product_tag?post=31723"}],"curies":[{"name":"wp","href":"https:\/\/api.w.org\/{rel}","templated":true}]}}