{"id":31280,"date":"2025-02-12T13:20:17","date_gmt":"2025-02-12T12:20:17","guid":{"rendered":"https:\/\/bolting.eu\/?post_type=product&#038;p=31280"},"modified":"2026-01-14T16:47:31","modified_gmt":"2026-01-14T15:47:31","slug":"petzl-micro-swivel","status":"publish","type":"product","link":"https:\/\/bolting.eu\/en\/shop\/petzl-micro-swivel\/","title":{"rendered":"Petzl Micro Swivel"},"content":{"rendered":"<p>Der Petzl Micro Swivel ist ein kompakter, aufschraubbarer Wirbel. Er wird in Kombination mit einem Verschlusskarabiner verwendet.<\/p>\n<p>Hiermit erm\u00f6glicht er die <strong>fixe Anbringung<\/strong> von <a href=\"https:\/\/bolting.eu\/produkt-kategorie\/industriekletter-ausruestung\/bandfalldaempfer\/\">Bandfalld\u00e4mpfern<\/a> und <a href=\"https:\/\/bolting.eu\/produkt-kategorie\/industriekletter-ausruestung\/verbindungsmittel\/\">Verbindungsmitteln<\/a> mit <a href=\"https:\/\/bolting.eu\/produkt-kategorie\/industriekletter-ausruestung\/industrieklettergurt\/\">Industrieklettergurten<\/a>.<\/p>\n<p>Dabei verhindert er das Eindrehen der Verbindungsmittel. Somit bleiben Ger\u00e4te in der richtigen Position.<\/p>\n<p>Seine lagerlose Ausf\u00fchrung rundet dieses Produkt perfekt ab. D.h. der Wirbel dreht sich unter Belastung nicht. Unbelastet hat er einen 360\u00b0 Radius.<\/p>\n<h2>Eigenschaften Petzl Micro Swivel<\/h2>\n<ul>\n<li>Hersteller: <a href=\"https:\/\/bolting.eu\/produkt-kategorie\/petzl\/\">Petzl<\/a><\/li>\n<li>Material: Alu, Kunststoff<\/li>\n<li>Gewicht: 75 Gramm<\/li>\n<li>Bruchlast; 23kN<\/li>\n<li>Zertifizierungen; CE, UKCA, EAC<\/li>\n<li>kompakter auffschraubbarer Wirbel<\/li>\n<li>\u00d6se mit elastischem Ring f\u00fcr Verschlusskarabiner (Verdrehschutz)<\/li>\n<li>empfohlener Karabiner <a href=\"https:\/\/bolting.eu\/shop\/petzl-ok-triact-lock\/\">OK Triact-Lock<\/a><\/li>\n<li>weite \u00d6ffnung der 2. \u00d6se f\u00fcr fixe Verbindung mit Bandfalld\u00e4mpfer oder Verbindungsmittel<\/li>\n<li>lagerlose Ausf\u00fchrung &#8211; dreht sich unter Belastung nicht &#8211; sonst 360\u00b0<\/li>\n<li>verhindert ein Eindrehen des Verbindungsmittels<\/li>\n<li>h\u00e4lt Ger\u00e4te wie Abseilger\u00e4te oder mitlaufende Auffangger\u00e4te in richtiger Position<\/li>\n<li><a href=\"https:\/\/www.petzl.com\/DE\/de\/Professional\/Anschlageinrichtungen\/MICRO-SWIVEL#:~:text=Das%20PDF%20herunterladen%20%3A%20technical%2Dnotice%2DMICRO%2DSWIVEL%2D1%20%2D%202.13%20MB\" target=\"_blank\" rel=\"noopener\">Bedienungsanleitung<\/a><\/li>\n<\/ul>\n<h3>Nur Kombination mit Verschlusskarabiner<\/h3>\n<p>Der Micro Swivel von Petzl alleine ist f\u00fcr eine fixe Verbindung zu wenig. Hierf\u00fcr ben\u00f6tigt man auch noch einen Verschlusskarabiner.<\/p>\n<p>Am besten eignet sich ein ovalf\u00f6rmiger 3-Wege Twist-Lock oder OK Ball Lock.<\/p>\n<p>Dieser wird in der fixen \u00d6se eingeh\u00e4ngt. Dabei hilft ein Gummiring den Karabiner zu fixieren. D.h. er wird in L\u00e4ngsrichtung fixiert. Somit gibt es kein Verdrehen mehr.<\/p>\n<figure id=\"attachment_31283\" aria-describedby=\"caption-attachment-31283\" style=\"width: 800px\" class=\"wp-caption alignnone\"><a href=\"https:\/\/bolting.eu\/wp-content\/uploads\/2025\/02\/Petzl-Micro-Swivel-3.jpg\"><img loading=\"lazy\" decoding=\"async\" class=\"wp-image-31283\" src=\"https:\/\/bolting.eu\/wp-content\/uploads\/2025\/02\/Petzl-Micro-Swivel-3.jpg\" alt=\"Schwarz-oranger Petzl Micro Swivel aufrecht mit Grau-orangem Karabiner eingeh\u00e4ngt. Rechts oben buntes bolting.eu Logo.\" width=\"800\" height=\"574\" srcset=\"https:\/\/bolting.eu\/wp-content\/uploads\/2025\/02\/Petzl-Micro-Swivel-3.jpg 1024w, https:\/\/bolting.eu\/wp-content\/uploads\/2025\/02\/Petzl-Micro-Swivel-3-557x400.jpg 557w, https:\/\/bolting.eu\/wp-content\/uploads\/2025\/02\/Petzl-Micro-Swivel-3-768x551.jpg 768w, https:\/\/bolting.eu\/wp-content\/uploads\/2025\/02\/Petzl-Micro-Swivel-3-510x366.jpg 510w, https:\/\/bolting.eu\/wp-content\/uploads\/2025\/02\/Petzl-Micro-Swivel-3-100x72.jpg 100w\" sizes=\"auto, (max-width: 800px) 100vw, 800px\" \/><\/a><figcaption id=\"caption-attachment-31283\" class=\"wp-caption-text\">Zu diesem Wirbel muss immer ein Verschlusskarabiner dazu montiert werden.<\/figcaption><\/figure>\n<h3>Wirbel fixiert nur unter Belastung<\/h3>\n<p>Dieser Wirbel hat eine &#8220;lagerlose Ausf\u00fchrung&#8221;. D.h. er dreht sich unter Belastung nicht mit. Nur wenn er unbelastet ist, kreisen die beiden H\u00e4lften beliebig 360\u00b0 umeinander.<\/p>\n<p>Somit drehen sich die <a href=\"https:\/\/bolting.eu\/produkt-kategorie\/industriekletter-ausruestung\/verbindungsmittel\/\">Verbindungsmittel<\/a> wie bei unbelasteten Man\u00f6vern immer mit. Unter Belastung aber nicht mehr. Damit richten sich jegliche eingeh\u00e4ngte Ger\u00e4te immer ideal aus.<\/p>\n<figure id=\"attachment_31281\" aria-describedby=\"caption-attachment-31281\" style=\"width: 800px\" class=\"wp-caption alignnone\"><a href=\"https:\/\/bolting.eu\/wp-content\/uploads\/2025\/02\/Petzl-Micro-Swivel-4.jpg\"><img loading=\"lazy\" decoding=\"async\" class=\"wp-image-31281\" src=\"https:\/\/bolting.eu\/wp-content\/uploads\/2025\/02\/Petzl-Micro-Swivel-4.jpg\" alt=\"Detail eines schwarz-gelben Industrieklettergurts mit eingeh\u00e4ngtem Karabiner und Wirbel.\" width=\"800\" height=\"574\" srcset=\"https:\/\/bolting.eu\/wp-content\/uploads\/2025\/02\/Petzl-Micro-Swivel-4.jpg 1024w, https:\/\/bolting.eu\/wp-content\/uploads\/2025\/02\/Petzl-Micro-Swivel-4-557x400.jpg 557w, https:\/\/bolting.eu\/wp-content\/uploads\/2025\/02\/Petzl-Micro-Swivel-4-768x551.jpg 768w, https:\/\/bolting.eu\/wp-content\/uploads\/2025\/02\/Petzl-Micro-Swivel-4-510x366.jpg 510w, https:\/\/bolting.eu\/wp-content\/uploads\/2025\/02\/Petzl-Micro-Swivel-4-100x72.jpg 100w\" sizes=\"auto, (max-width: 800px) 100vw, 800px\" \/><\/a><figcaption id=\"caption-attachment-31281\" class=\"wp-caption-text\">Ein Montagebeispiel zur sachgerechten Verwendung. Der Wirbel mit OK Traict-Lock in der Brust\u00f6se eines Auffanggurtes bzw. einem Absorbica Bandfalld\u00e4mpfer.<\/figcaption><\/figure>\n","protected":false},"excerpt":{"rendered":"<p>Kompakter, aufschraubbarer Wirbel f\u00fcr das Industrieklettern.<\/p>\n<p>Erm\u00f6glicht fixe Anbringung von Bandfalld\u00e4mpfern und Verbindungsmitteln mit Industrieklettergurten bzw. Anschlagmitteln.<\/p>\n<p>Versandkostenfrei bis 2kg in <img decoding=\"async\" class=\"emoji\" role=\"img\" draggable=\"false\" src=\"https:\/\/s.w.org\/images\/core\/emoji\/14.0.0\/svg\/1f1e6-1f1f9.svg\" alt=\"\ud83c\udde6\ud83c\uddf9\" \/> ab \u20ac 100,- und <img decoding=\"async\" class=\"emoji\" role=\"img\" draggable=\"false\" src=\"https:\/\/s.w.org\/images\/core\/emoji\/14.0.0\/svg\/1f1e9-1f1ea.svg\" alt=\"\ud83c\udde9\ud83c\uddea\" \/> ab \u20ac 200,-!<\/p>\n","protected":false},"featured_media":31287,"comment_status":"closed","ping_status":"closed","template":"","meta":[],"product_brand":[],"product_cat":[14093,14513,14749,14771],"product_tag":[],"class_list":{"0":"post-31280","1":"product","2":"type-product","3":"status-publish","4":"has-post-thumbnail","6":"product_cat-petzl","7":"product_cat-industriekletter-ausruestung","8":"product_cat-verbindungselemente","9":"product_cat-swivel-wirbel-drehgelenke","11":"first","12":"instock","13":"sale","14":"taxable","15":"shipping-taxable","16":"purchasable","17":"product-type-simple"},"yoast_head":"<!-- This site is optimized with the Yoast SEO Premium plugin v26.9 (Yoast SEO v26.9) - https:\/\/yoast.com\/product\/yoast-seo-premium-wordpress\/ -->\n<title>Petzl Micro Swivel - aufschraubbarer Wirbel | bolting.eu<\/title>\n<meta name=\"description\" content=\"Petzl Micro Swivel beim Industriekletterprofi kaufen \u2705 Trusted Shop \u2705 kostenloser Versand* \u2705 14 Tage R\u00fcckgaberecht \u2705 Co2 neutrale Zustellung\" \/>\n<meta name=\"robots\" content=\"index, follow, max-snippet:-1, max-image-preview:large, max-video-preview:-1\" \/>\n<link rel=\"canonical\" href=\"https:\/\/bolting.eu\/en\/shop\/petzl-micro-swivel\/\" \/>\n<meta property=\"og:locale\" content=\"en_US\" \/>\n<meta property=\"og:type\" content=\"article\" \/>\n<meta property=\"og:title\" content=\"Petzl Micro Swivel\" \/>\n<meta property=\"og:description\" content=\"Petzl Micro Swivel beim Industriekletterprofi kaufen \u2705 Trusted Shop \u2705 kostenloser Versand* \u2705 14 Tage R\u00fcckgaberecht \u2705 Co2 neutrale Zustellung\" \/>\n<meta property=\"og:url\" content=\"https:\/\/bolting.eu\/en\/shop\/petzl-micro-swivel\/\" \/>\n<meta property=\"og:site_name\" content=\"bolting.eu\" \/>\n<meta property=\"article:publisher\" content=\"https:\/\/www.facebook.com\/bolting.eu\" \/>\n<meta property=\"article:modified_time\" content=\"2026-01-14T15:47:31+00:00\" \/>\n<meta property=\"og:image\" content=\"https:\/\/bolting.eu\/wp-content\/uploads\/2025\/02\/Petzl-Micro-Swivel-1.jpg\" \/>\n\t<meta property=\"og:image:width\" content=\"700\" \/>\n\t<meta property=\"og:image:height\" content=\"700\" \/>\n\t<meta property=\"og:image:type\" content=\"image\/jpeg\" \/>\n<meta name=\"twitter:card\" content=\"summary_large_image\" \/>\n<meta name=\"twitter:label1\" content=\"Price\" \/>\n\t<meta name=\"twitter:data1\" content=\"&euro;&nbsp;59,00\" \/>\n\t<meta name=\"twitter:label2\" content=\"Availability\" \/>\n\t<meta name=\"twitter:data2\" content=\"In stock\" \/>\n<script type=\"application\/ld+json\" class=\"yoast-schema-graph\">{\"@context\":\"https:\/\/schema.org\",\"@graph\":[{\"@type\":[\"WebPage\",\"ItemPage\"],\"@id\":\"https:\/\/bolting.eu\/en\/shop\/petzl-micro-swivel\/\",\"url\":\"https:\/\/bolting.eu\/en\/shop\/petzl-micro-swivel\/\",\"name\":\"Petzl Micro Swivel - aufschraubbarer Wirbel | bolting.eu\",\"isPartOf\":{\"@id\":\"https:\/\/bolting.eu\/en\/#website\"},\"primaryImageOfPage\":{\"@id\":\"https:\/\/bolting.eu\/en\/shop\/petzl-micro-swivel\/#primaryimage\"},\"image\":{\"@id\":\"https:\/\/bolting.eu\/en\/shop\/petzl-micro-swivel\/#primaryimage\"},\"thumbnailUrl\":\"https:\/\/bolting.eu\/wp-content\/uploads\/2025\/02\/Petzl-Micro-Swivel-1.jpg\",\"datePublished\":\"2025-02-12T12:20:17+00:00\",\"dateModified\":\"2026-01-14T15:47:31+00:00\",\"description\":\"Petzl Micro Swivel beim Industriekletterprofi kaufen \u2705 Trusted Shop \u2705 kostenloser Versand* \u2705 14 Tage R\u00fcckgaberecht \u2705 Co2 neutrale Zustellung\",\"breadcrumb\":{\"@id\":\"https:\/\/bolting.eu\/en\/shop\/petzl-micro-swivel\/#breadcrumb\"},\"inLanguage\":\"en-US\",\"potentialAction\":[{\"@type\":\"ReadAction\",\"target\":[\"https:\/\/bolting.eu\/en\/shop\/petzl-micro-swivel\/\"]}]},{\"@type\":\"ImageObject\",\"inLanguage\":\"en-US\",\"@id\":\"https:\/\/bolting.eu\/en\/shop\/petzl-micro-swivel\/#primaryimage\",\"url\":\"https:\/\/bolting.eu\/wp-content\/uploads\/2025\/02\/Petzl-Micro-Swivel-1.jpg\",\"contentUrl\":\"https:\/\/bolting.eu\/wp-content\/uploads\/2025\/02\/Petzl-Micro-Swivel-1.jpg\",\"width\":700,\"height\":700,\"caption\":\"Schwarz-oranger Petzl Micro Swivel aufrecht vor wei\u00dfem Hintergrund. Rechts oben buntes bolting.eu Logo.\"},{\"@type\":\"BreadcrumbList\",\"@id\":\"https:\/\/bolting.eu\/en\/shop\/petzl-micro-swivel\/#breadcrumb\",\"itemListElement\":[{\"@type\":\"ListItem\",\"position\":1,\"name\":\"Shop\",\"item\":\"https:\/\/bolting.eu\/en\/shop\/\"},{\"@type\":\"ListItem\",\"position\":2,\"name\":\"Industrial climbing gear\",\"item\":\"https:\/\/bolting.eu\/en\/produkt-kategorie\/industrial-climbing-gear\/\"},{\"@type\":\"ListItem\",\"position\":3,\"name\":\"Swivel - Wirbel Drehgelenke\",\"item\":\"https:\/\/bolting.eu\/produkt-kategorie\/industriekletter-ausruestung\/swivel-wirbel-drehgelenke\/\"},{\"@type\":\"ListItem\",\"position\":4,\"name\":\"Petzl Micro Swivel\"}]},{\"@type\":\"WebSite\",\"@id\":\"https:\/\/bolting.eu\/en\/#website\",\"url\":\"https:\/\/bolting.eu\/en\/\",\"name\":\"bolting.eu\",\"description\":\"we make climbs happen\",\"publisher\":{\"@id\":\"https:\/\/bolting.eu\/en\/#organization\"},\"potentialAction\":[{\"@type\":\"SearchAction\",\"target\":{\"@type\":\"EntryPoint\",\"urlTemplate\":\"https:\/\/bolting.eu\/en\/?s={search_term_string}\"},\"query-input\":{\"@type\":\"PropertyValueSpecification\",\"valueRequired\":true,\"valueName\":\"search_term_string\"}}],\"inLanguage\":\"en-US\"},{\"@type\":[\"Organization\",\"Place\",\"SportingGoodsStore\"],\"@id\":\"https:\/\/bolting.eu\/en\/#organization\",\"name\":\"bolting.eu\",\"url\":\"https:\/\/bolting.eu\/en\/\",\"logo\":{\"@id\":\"https:\/\/bolting.eu\/en\/shop\/petzl-micro-swivel\/#local-main-organization-logo\"},\"image\":{\"@id\":\"https:\/\/bolting.eu\/en\/shop\/petzl-micro-swivel\/#local-main-organization-logo\"},\"sameAs\":[\"https:\/\/www.facebook.com\/bolting.eu\",\"https:\/\/www.instagram.com\/bolting.eu\/\"],\"address\":{\"@id\":\"https:\/\/bolting.eu\/en\/shop\/petzl-micro-swivel\/#local-main-place-address\"},\"geo\":{\"@type\":\"GeoCoordinates\",\"latitude\":\"47.264176340396226\",\"longitude\":\"11.380109057672346\"},\"telephone\":[\"+43 699 19083372\"],\"openingHoursSpecification\":[{\"@type\":\"OpeningHoursSpecification\",\"dayOfWeek\":[\"Monday\",\"Wednesday\",\"Friday\"],\"opens\":\"14:00\",\"closes\":\"18:00\"},{\"@type\":\"OpeningHoursSpecification\",\"dayOfWeek\":[\"Tuesday\",\"Thursday\",\"Saturday\",\"Sunday\"],\"opens\":\"00:00\",\"closes\":\"00:00\"}],\"email\":\"office@bolting.eu\",\"vatID\":\"ATU59999728\",\"priceRange\":\"$$\",\"currenciesAccepted\":\"Euro\"},{\"@type\":\"PostalAddress\",\"@id\":\"https:\/\/bolting.eu\/en\/shop\/petzl-micro-swivel\/#local-main-place-address\",\"streetAddress\":\"Fischnalerstra\u00dfe 4\",\"addressLocality\":\"Innsbruck\",\"postalCode\":\"6020\",\"addressRegion\":\"Tirol\",\"addressCountry\":\"AT\"},{\"@type\":\"ImageObject\",\"inLanguage\":\"en-US\",\"@id\":\"https:\/\/bolting.eu\/en\/shop\/petzl-micro-swivel\/#local-main-organization-logo\",\"url\":\"https:\/\/bolting.eu\/wp-content\/uploads\/2019\/09\/bolting-logo.png\",\"contentUrl\":\"https:\/\/bolting.eu\/wp-content\/uploads\/2019\/09\/bolting-logo.png\",\"width\":400,\"height\":211,\"caption\":\"bolting.eu\"}]}<\/script>\n<meta property=\"product:price:amount\" content=\"59.00\" \/>\n<meta property=\"product:price:currency\" content=\"EUR\" \/>\n<meta property=\"og:availability\" content=\"instock\" \/>\n<meta property=\"product:availability\" content=\"instock\" \/>\n<meta property=\"product:condition\" content=\"new\" \/>\n<meta name=\"geo.placename\" content=\"Innsbruck\" \/>\n<meta name=\"geo.position\" content=\"47.264176340396226;11.380109057672346\" \/>\n<meta name=\"geo.region\" content=\"Austria\" \/>\n<!-- \/ Yoast SEO Premium plugin. -->","yoast_head_json":{"title":"Petzl Micro Swivel - aufschraubbarer Wirbel | bolting.eu","description":"Petzl Micro Swivel beim Industriekletterprofi kaufen \u2705 Trusted Shop \u2705 kostenloser Versand* \u2705 14 Tage R\u00fcckgaberecht \u2705 Co2 neutrale Zustellung","robots":{"index":"index","follow":"follow","max-snippet":"max-snippet:-1","max-image-preview":"max-image-preview:large","max-video-preview":"max-video-preview:-1"},"canonical":"https:\/\/bolting.eu\/en\/shop\/petzl-micro-swivel\/","og_locale":"en_US","og_type":"article","og_title":"Petzl Micro Swivel","og_description":"Petzl Micro Swivel beim Industriekletterprofi kaufen \u2705 Trusted Shop \u2705 kostenloser Versand* \u2705 14 Tage R\u00fcckgaberecht \u2705 Co2 neutrale Zustellung","og_url":"https:\/\/bolting.eu\/en\/shop\/petzl-micro-swivel\/","og_site_name":"bolting.eu","article_publisher":"https:\/\/www.facebook.com\/bolting.eu","article_modified_time":"2026-01-14T15:47:31+00:00","og_image":[{"width":700,"height":700,"url":"https:\/\/bolting.eu\/wp-content\/uploads\/2025\/02\/Petzl-Micro-Swivel-1.jpg","type":"image\/jpeg"}],"twitter_card":"summary_large_image","twitter_misc":{"Price":"&euro;&nbsp;59,00","Availability":"In stock"},"schema":{"@context":"https:\/\/schema.org","@graph":[{"@type":["WebPage","ItemPage"],"@id":"https:\/\/bolting.eu\/en\/shop\/petzl-micro-swivel\/","url":"https:\/\/bolting.eu\/en\/shop\/petzl-micro-swivel\/","name":"Petzl Micro Swivel - aufschraubbarer Wirbel | bolting.eu","isPartOf":{"@id":"https:\/\/bolting.eu\/en\/#website"},"primaryImageOfPage":{"@id":"https:\/\/bolting.eu\/en\/shop\/petzl-micro-swivel\/#primaryimage"},"image":{"@id":"https:\/\/bolting.eu\/en\/shop\/petzl-micro-swivel\/#primaryimage"},"thumbnailUrl":"https:\/\/bolting.eu\/wp-content\/uploads\/2025\/02\/Petzl-Micro-Swivel-1.jpg","datePublished":"2025-02-12T12:20:17+00:00","dateModified":"2026-01-14T15:47:31+00:00","description":"Petzl Micro Swivel beim Industriekletterprofi kaufen \u2705 Trusted Shop \u2705 kostenloser Versand* \u2705 14 Tage R\u00fcckgaberecht \u2705 Co2 neutrale Zustellung","breadcrumb":{"@id":"https:\/\/bolting.eu\/en\/shop\/petzl-micro-swivel\/#breadcrumb"},"inLanguage":"en-US","potentialAction":[{"@type":"ReadAction","target":["https:\/\/bolting.eu\/en\/shop\/petzl-micro-swivel\/"]}]},{"@type":"ImageObject","inLanguage":"en-US","@id":"https:\/\/bolting.eu\/en\/shop\/petzl-micro-swivel\/#primaryimage","url":"https:\/\/bolting.eu\/wp-content\/uploads\/2025\/02\/Petzl-Micro-Swivel-1.jpg","contentUrl":"https:\/\/bolting.eu\/wp-content\/uploads\/2025\/02\/Petzl-Micro-Swivel-1.jpg","width":700,"height":700,"caption":"Schwarz-oranger Petzl Micro Swivel aufrecht vor wei\u00dfem Hintergrund. Rechts oben buntes bolting.eu Logo."},{"@type":"BreadcrumbList","@id":"https:\/\/bolting.eu\/en\/shop\/petzl-micro-swivel\/#breadcrumb","itemListElement":[{"@type":"ListItem","position":1,"name":"Shop","item":"https:\/\/bolting.eu\/en\/shop\/"},{"@type":"ListItem","position":2,"name":"Industrial climbing gear","item":"https:\/\/bolting.eu\/en\/produkt-kategorie\/industrial-climbing-gear\/"},{"@type":"ListItem","position":3,"name":"Swivel - Wirbel Drehgelenke","item":"https:\/\/bolting.eu\/produkt-kategorie\/industriekletter-ausruestung\/swivel-wirbel-drehgelenke\/"},{"@type":"ListItem","position":4,"name":"Petzl Micro Swivel"}]},{"@type":"WebSite","@id":"https:\/\/bolting.eu\/en\/#website","url":"https:\/\/bolting.eu\/en\/","name":"bolting.eu","description":"we make climbs happen","publisher":{"@id":"https:\/\/bolting.eu\/en\/#organization"},"potentialAction":[{"@type":"SearchAction","target":{"@type":"EntryPoint","urlTemplate":"https:\/\/bolting.eu\/en\/?s={search_term_string}"},"query-input":{"@type":"PropertyValueSpecification","valueRequired":true,"valueName":"search_term_string"}}],"inLanguage":"en-US"},{"@type":["Organization","Place","SportingGoodsStore"],"@id":"https:\/\/bolting.eu\/en\/#organization","name":"bolting.eu","url":"https:\/\/bolting.eu\/en\/","logo":{"@id":"https:\/\/bolting.eu\/en\/shop\/petzl-micro-swivel\/#local-main-organization-logo"},"image":{"@id":"https:\/\/bolting.eu\/en\/shop\/petzl-micro-swivel\/#local-main-organization-logo"},"sameAs":["https:\/\/www.facebook.com\/bolting.eu","https:\/\/www.instagram.com\/bolting.eu\/"],"address":{"@id":"https:\/\/bolting.eu\/en\/shop\/petzl-micro-swivel\/#local-main-place-address"},"geo":{"@type":"GeoCoordinates","latitude":"47.264176340396226","longitude":"11.380109057672346"},"telephone":["+43 699 19083372"],"openingHoursSpecification":[{"@type":"OpeningHoursSpecification","dayOfWeek":["Monday","Wednesday","Friday"],"opens":"14:00","closes":"18:00"},{"@type":"OpeningHoursSpecification","dayOfWeek":["Tuesday","Thursday","Saturday","Sunday"],"opens":"00:00","closes":"00:00"}],"email":"office@bolting.eu","vatID":"ATU59999728","priceRange":"$$","currenciesAccepted":"Euro"},{"@type":"PostalAddress","@id":"https:\/\/bolting.eu\/en\/shop\/petzl-micro-swivel\/#local-main-place-address","streetAddress":"Fischnalerstra\u00dfe 4","addressLocality":"Innsbruck","postalCode":"6020","addressRegion":"Tirol","addressCountry":"AT"},{"@type":"ImageObject","inLanguage":"en-US","@id":"https:\/\/bolting.eu\/en\/shop\/petzl-micro-swivel\/#local-main-organization-logo","url":"https:\/\/bolting.eu\/wp-content\/uploads\/2019\/09\/bolting-logo.png","contentUrl":"https:\/\/bolting.eu\/wp-content\/uploads\/2019\/09\/bolting-logo.png","width":400,"height":211,"caption":"bolting.eu"}]},"product_price_amount":"59.00","product_price_currency":"EUR","og_availability":"instock","product_availability":"instock","product_condition":"new","geo.placename":"Innsbruck","geo.position":{"lat":"47.264176340396226","long":"11.380109057672346"},"geo.region":"Austria"},"_links":{"self":[{"href":"https:\/\/bolting.eu\/en\/wp-json\/wp\/v2\/product\/31280","targetHints":{"allow":["GET"]}}],"collection":[{"href":"https:\/\/bolting.eu\/en\/wp-json\/wp\/v2\/product"}],"about":[{"href":"https:\/\/bolting.eu\/en\/wp-json\/wp\/v2\/types\/product"}],"replies":[{"embeddable":true,"href":"https:\/\/bolting.eu\/en\/wp-json\/wp\/v2\/comments?post=31280"}],"wp:featuredmedia":[{"embeddable":true,"href":"https:\/\/bolting.eu\/en\/wp-json\/wp\/v2\/media\/31287"}],"wp:attachment":[{"href":"https:\/\/bolting.eu\/en\/wp-json\/wp\/v2\/media?parent=31280"}],"wp:term":[{"taxonomy":"product_brand","embeddable":true,"href":"https:\/\/bolting.eu\/en\/wp-json\/wp\/v2\/product_brand?post=31280"},{"taxonomy":"product_cat","embeddable":true,"href":"https:\/\/bolting.eu\/en\/wp-json\/wp\/v2\/product_cat?post=31280"},{"taxonomy":"product_tag","embeddable":true,"href":"https:\/\/bolting.eu\/en\/wp-json\/wp\/v2\/product_tag?post=31280"}],"curies":[{"name":"wp","href":"https:\/\/api.w.org\/{rel}","templated":true}]}}