{"id":3113,"date":"2020-04-08T14:06:39","date_gmt":"2020-04-08T12:06:39","guid":{"rendered":"https:\/\/bolting.eu\/?post_type=product&#038;p=3113"},"modified":"2025-07-03T10:49:43","modified_gmt":"2025-07-03T08:49:43","slug":"stubai-rucksack-alpin-35-plus","status":"publish","type":"product","link":"https:\/\/bolting.eu\/en\/shop\/stubai-rucksack-alpin-35-plus\/","title":{"rendered":"Stubai Rucksack Alpin 35 plus"},"content":{"rendered":"<p>Der Stubai Rucksack Alpin 35 plus ist ein solider <a href=\"https:\/\/bolting.eu\/produkt-kategorie\/eis-und-hochtouren\/\">Hochtouren<\/a> Rucksack. Denn er hat alles was man braucht.<\/p>\n<p>Erstens 35 Volumen, erweiterbar um weitere 3 Liter. Somit passt alles Wichtige f\u00fcr eine Tagesetappe hinein. Zweitens das komfortable Tragesystem. Dieses besteht einerseits aus einem breitem H\u00fcftgurt. Dieser fixiert den Rucksack fest an der H\u00fcfte bzw. dem R\u00fccken. Andererseits aus gepolsterten Trageriemen mit Brust Klipp. Das stabilisiert.<\/p>\n<p>Drittens hat der Alpin 35 mehrere Au\u00dfenf\u00e4cher mit soliden Zippern. Zudem eine gro\u00dfe Deckeltasche f\u00fcr wichtige Utensilien. Beispielsweise Sonnenbrille, Sonnencreme oder Handy.<\/p>\n<p>Viertens sorgen Kompressionsriemen f\u00fcr zus\u00e4tzlichen Stauraum. Wie z.B. f\u00fcr ein Seil oder eine Jacke.<\/p>\n<p>Der gesamte R\u00fcckenbereich hat eine durchgehende Schaumstoff D\u00e4mpfung. So bleibt der R\u00fccken gut gesch\u00fctzt.<\/p>\n<p>Fazit. Ein solider Hochtouren Rucksack der seine Geld absolut wert ist. Nat\u00fcrlich kann er auch f\u00fcr weniger hochalpine Sportarten prima verwendet werden. Egal ob im Klettergarten, in der Kletterhalle oder auf Klettersteigen. Mit dem Alpin 35 plus ist man besten ausgestattet.<\/p>\n<h3>Eigenschaften Stubai Rucksack Alpin 35 plus<\/h3>\n<ul>\n<li>Hersteller: <a href=\"https:\/\/bolting.eu\/produkt-kategorie\/stubai-bergsport\/\">Stubai Bergsport<\/a><\/li>\n<li>35 Liter Hochtouren Rucksack<\/li>\n<li>+3 Liter erweiterbar<\/li>\n<li>Gewicht: 850 Gramm<\/li>\n<li>2 seitl. Fronttaschen<\/li>\n<li>gro\u00dfe Deckeltaschen<\/li>\n<li>Kompressionsriemen<\/li>\n<li>komfortables Tragesystem<\/li>\n<li>breiter, angenehm zu tragender H\u00fcftgurt<\/li>\n<li>perfekt f\u00fcr Hochtouren oder als Kletterrucksack f\u00fcr den Klettergarten oder die Halle<\/li>\n<\/ul>\n<h3>Einsatzgebiete Stubai Rucksack Alpin 35 plus<\/h3>\n<ul>\n<li>ideal als Hochtourenrucksack<\/li>\n<li>auch perfekt f\u00fcr Klettergarten &amp; Kletterhalle<\/li>\n<li>super auf langen Klettersteigen<\/li>\n<li>bei allen 1-Tages Bergtouren<\/li>\n<li>zum Wandern<\/li>\n<\/ul>\n<h3>Tipps zum Rucksack Packen<\/h3>\n<p>Packt Euren Stubai Rucksack Alpin 35 plus mit System. Denn dies zahlt sich auf jeder Tour ungemein aus.<\/p>\n<p>Versucht erstens die schweren Gegenst\u00e4nde zu unterst und ans R\u00fcckenteil zu packen. Zum Beispiel die Ersatz Eischrauben, zweite Getr\u00e4nkeflasche usw.. An die Au\u00dfenseite solltet ihr leichteres Material geben, wie beispielsweise Ersatzbekleidung im Dry Bag.<\/p>\n<p>Zweitens sollte dar\u00fcber die Ausr\u00fcstung f\u00fcr z.B. Gipfelanstieg kommen. Die Steigeisen, <a href=\"https:\/\/bolting.eu\/shop\/stubai-leichtgurt-lux\/\">Hochtouren Klettergurt<\/a>, Steigeisen etc&#8230; Wieder zahlt es sich aus, die schweren Gegenst\u00e4nde Richtung R\u00fccken zu legen.<\/p>\n<p>Drittens solltet ihr ganz oben die Regenbekleidung geben. So habt ihr sie bei Bedarf ganz rasch zu Hand.<\/p>\n<p>In die Deckeltasche sollten Sonnebrille, Sonnencreme sowie Euer wassergesch\u00fctztes Handy (H\u00fclle!).<\/p>\n<p>Au\u00dfen am Rucksack sollten Seil, Eispickel und Eure Trinkflasche befestig werden.<\/p>\n<p><strong>Link Tipp:<\/strong> den Stubai Rucksack Alpin 35 plus gleich mal auf einen der sch\u00f6nsten Granit Grate der Ostalpen ausf\u00fchren. Dem <a href=\"https:\/\/maltatal.rocks\/klettergebiete-posts\/winterleitengrat\/\" target=\"_blank\" rel=\"noopener noreferrer\">Winterleitengrat III im Hochalmspitze Massiv<\/a> \/ Nationalpark Hohe Tauern<\/p>\n<p>&nbsp;<\/p>\n","protected":false},"excerpt":{"rendered":"<ul>\n<li>35 Liter Hochtouren Rucksack<\/li>\n<li>+3 Liter erweiterbar<\/li>\n<li>Gewicht: 850 Gramm<\/li>\n<li>2 seitl. Fronttaschen<\/li>\n<li>gro\u00dfe Deckeltaschen<\/li>\n<li>Kompressionsriemen<\/li>\n<li>komfortables Tragesystem<\/li>\n<li>breiter, angenehm zu tragender H\u00fcftgurt<\/li>\n<li>perfekt f\u00fcr Hochtouren oder als Kletterrucksack f\u00fcr den Klettergarten oder die Halle<\/li>\n<\/ul>\n","protected":false},"featured_media":3115,"comment_status":"open","ping_status":"closed","template":"","meta":[],"product_brand":[],"product_cat":[14319,14705,4650,4809,6620],"product_tag":[3465,263,264],"class_list":{"0":"post-3113","1":"product","2":"type-product","3":"status-publish","4":"has-post-thumbnail","6":"product_cat-sale-klettern","7":"product_cat-woerthersee-extrem","8":"product_cat-stubai-bergsport","9":"product_cat-kletterrucksack","10":"product_cat-hochtouren-ausruestung","11":"product_tag-kletterhalle","12":"product_tag-bouldern","13":"product_tag-sportklettern","15":"first","16":"instock","17":"sale","18":"taxable","19":"shipping-taxable","20":"purchasable","21":"product-type-simple"},"yoast_head":"<!-- This site is optimized with the Yoast SEO Premium plugin v26.9 (Yoast SEO v26.9) - https:\/\/yoast.com\/product\/yoast-seo-premium-wordpress\/ -->\n<title>Stubai Rucksack Alpin 35 plus: jetzt online kaufen bei bolting.eu<\/title>\n<meta name=\"description\" content=\"Hier findet ihr den vielseitigen Stubai Rucksack Alpin 35 plus. Ein super Allround Rucksack f\u00fcr Hochtouren, Klettergarten, Kletterhalle und auch Wandern.\" \/>\n<meta name=\"robots\" content=\"index, follow, max-snippet:-1, max-image-preview:large, max-video-preview:-1\" \/>\n<link rel=\"canonical\" href=\"https:\/\/bolting.eu\/en\/shop\/stubai-rucksack-alpin-35-plus\/\" \/>\n<meta property=\"og:locale\" content=\"en_US\" \/>\n<meta property=\"og:type\" content=\"article\" \/>\n<meta property=\"og:title\" content=\"Stubai Rucksack Alpin 35 plus\" \/>\n<meta property=\"og:description\" content=\"Hier findet ihr den vielseitigen Stubai Rucksack Alpin 35 plus. Ein super Allround Rucksack f\u00fcr Hochtouren, Klettergarten, Kletterhalle und auch Wandern.\" \/>\n<meta property=\"og:url\" content=\"https:\/\/bolting.eu\/en\/shop\/stubai-rucksack-alpin-35-plus\/\" \/>\n<meta property=\"og:site_name\" content=\"bolting.eu\" \/>\n<meta property=\"article:publisher\" content=\"https:\/\/www.facebook.com\/bolting.eu\" \/>\n<meta property=\"article:modified_time\" content=\"2025-07-03T08:49:43+00:00\" \/>\n<meta property=\"og:image\" content=\"https:\/\/bolting.eu\/wp-content\/uploads\/2020\/04\/Stubai-Rucksack-Alpin-35-plus.jpg\" \/>\n\t<meta property=\"og:image:width\" content=\"700\" \/>\n\t<meta property=\"og:image:height\" content=\"700\" \/>\n\t<meta property=\"og:image:type\" content=\"image\/jpeg\" \/>\n<meta name=\"twitter:card\" content=\"summary_large_image\" \/>\n<meta name=\"twitter:label1\" content=\"Price\" \/>\n\t<meta name=\"twitter:data1\" content=\"&euro;&nbsp;75,00\" \/>\n\t<meta name=\"twitter:label2\" content=\"Availability\" \/>\n\t<meta name=\"twitter:data2\" content=\"In stock\" \/>\n<script type=\"application\/ld+json\" class=\"yoast-schema-graph\">{\"@context\":\"https:\/\/schema.org\",\"@graph\":[{\"@type\":[\"WebPage\",\"ItemPage\"],\"@id\":\"https:\/\/bolting.eu\/en\/shop\/stubai-rucksack-alpin-35-plus\/\",\"url\":\"https:\/\/bolting.eu\/en\/shop\/stubai-rucksack-alpin-35-plus\/\",\"name\":\"Stubai Rucksack Alpin 35 plus: jetzt online kaufen bei bolting.eu\",\"isPartOf\":{\"@id\":\"https:\/\/bolting.eu\/en\/#website\"},\"primaryImageOfPage\":{\"@id\":\"https:\/\/bolting.eu\/en\/shop\/stubai-rucksack-alpin-35-plus\/#primaryimage\"},\"image\":{\"@id\":\"https:\/\/bolting.eu\/en\/shop\/stubai-rucksack-alpin-35-plus\/#primaryimage\"},\"thumbnailUrl\":\"https:\/\/bolting.eu\/wp-content\/uploads\/2020\/04\/Stubai-Rucksack-Alpin-35-plus.jpg\",\"datePublished\":\"2020-04-08T12:06:39+00:00\",\"dateModified\":\"2025-07-03T08:49:43+00:00\",\"description\":\"Hier findet ihr den vielseitigen Stubai Rucksack Alpin 35 plus. Ein super Allround Rucksack f\u00fcr Hochtouren, Klettergarten, Kletterhalle und auch Wandern.\",\"breadcrumb\":{\"@id\":\"https:\/\/bolting.eu\/en\/shop\/stubai-rucksack-alpin-35-plus\/#breadcrumb\"},\"inLanguage\":\"en-US\",\"potentialAction\":[{\"@type\":\"ReadAction\",\"target\":[\"https:\/\/bolting.eu\/en\/shop\/stubai-rucksack-alpin-35-plus\/\"]}]},{\"@type\":\"ImageObject\",\"inLanguage\":\"en-US\",\"@id\":\"https:\/\/bolting.eu\/en\/shop\/stubai-rucksack-alpin-35-plus\/#primaryimage\",\"url\":\"https:\/\/bolting.eu\/wp-content\/uploads\/2020\/04\/Stubai-Rucksack-Alpin-35-plus.jpg\",\"contentUrl\":\"https:\/\/bolting.eu\/wp-content\/uploads\/2020\/04\/Stubai-Rucksack-Alpin-35-plus.jpg\",\"width\":700,\"height\":700,\"caption\":\"Das Bild zeigt den Stubai Rucksack Alpin 35 plus von der Vorderseite. Man erkannt alle Produktdetails wie Zipper, Kompressionsriemen und Deckeltasche.\"},{\"@type\":\"BreadcrumbList\",\"@id\":\"https:\/\/bolting.eu\/en\/shop\/stubai-rucksack-alpin-35-plus\/#breadcrumb\",\"itemListElement\":[{\"@type\":\"ListItem\",\"position\":1,\"name\":\"Shop\",\"item\":\"https:\/\/bolting.eu\/en\/shop\/\"},{\"@type\":\"ListItem\",\"position\":2,\"name\":\"climbing equipment\",\"item\":\"https:\/\/bolting.eu\/en\/produkt-kategorie\/climbing-equipment\/\"},{\"@type\":\"ListItem\",\"position\":3,\"name\":\"Kletterrucksack\",\"item\":\"https:\/\/bolting.eu\/produkt-kategorie\/kletterausruestung\/kletterrucksack\/\"},{\"@type\":\"ListItem\",\"position\":4,\"name\":\"Stubai Rucksack Alpin 35 plus\"}]},{\"@type\":\"WebSite\",\"@id\":\"https:\/\/bolting.eu\/en\/#website\",\"url\":\"https:\/\/bolting.eu\/en\/\",\"name\":\"bolting.eu\",\"description\":\"we make climbs happen\",\"publisher\":{\"@id\":\"https:\/\/bolting.eu\/en\/#organization\"},\"potentialAction\":[{\"@type\":\"SearchAction\",\"target\":{\"@type\":\"EntryPoint\",\"urlTemplate\":\"https:\/\/bolting.eu\/en\/?s={search_term_string}\"},\"query-input\":{\"@type\":\"PropertyValueSpecification\",\"valueRequired\":true,\"valueName\":\"search_term_string\"}}],\"inLanguage\":\"en-US\"},{\"@type\":[\"Organization\",\"Place\",\"SportingGoodsStore\"],\"@id\":\"https:\/\/bolting.eu\/en\/#organization\",\"name\":\"bolting.eu\",\"url\":\"https:\/\/bolting.eu\/en\/\",\"logo\":{\"@id\":\"https:\/\/bolting.eu\/en\/shop\/stubai-rucksack-alpin-35-plus\/#local-main-organization-logo\"},\"image\":{\"@id\":\"https:\/\/bolting.eu\/en\/shop\/stubai-rucksack-alpin-35-plus\/#local-main-organization-logo\"},\"sameAs\":[\"https:\/\/www.facebook.com\/bolting.eu\",\"https:\/\/www.instagram.com\/bolting.eu\/\"],\"address\":{\"@id\":\"https:\/\/bolting.eu\/en\/shop\/stubai-rucksack-alpin-35-plus\/#local-main-place-address\"},\"geo\":{\"@type\":\"GeoCoordinates\",\"latitude\":\"47.264176340396226\",\"longitude\":\"11.380109057672346\"},\"telephone\":[\"+43 699 19083372\"],\"openingHoursSpecification\":[{\"@type\":\"OpeningHoursSpecification\",\"dayOfWeek\":[\"Monday\",\"Wednesday\",\"Friday\"],\"opens\":\"14:00\",\"closes\":\"18:00\"},{\"@type\":\"OpeningHoursSpecification\",\"dayOfWeek\":[\"Tuesday\",\"Thursday\",\"Saturday\",\"Sunday\"],\"opens\":\"00:00\",\"closes\":\"00:00\"}],\"email\":\"office@bolting.eu\",\"vatID\":\"ATU59999728\",\"priceRange\":\"$$\",\"currenciesAccepted\":\"Euro\"},{\"@type\":\"PostalAddress\",\"@id\":\"https:\/\/bolting.eu\/en\/shop\/stubai-rucksack-alpin-35-plus\/#local-main-place-address\",\"streetAddress\":\"Fischnalerstra\u00dfe 4\",\"addressLocality\":\"Innsbruck\",\"postalCode\":\"6020\",\"addressRegion\":\"Tirol\",\"addressCountry\":\"AT\"},{\"@type\":\"ImageObject\",\"inLanguage\":\"en-US\",\"@id\":\"https:\/\/bolting.eu\/en\/shop\/stubai-rucksack-alpin-35-plus\/#local-main-organization-logo\",\"url\":\"https:\/\/bolting.eu\/wp-content\/uploads\/2019\/09\/bolting-logo.png\",\"contentUrl\":\"https:\/\/bolting.eu\/wp-content\/uploads\/2019\/09\/bolting-logo.png\",\"width\":400,\"height\":211,\"caption\":\"bolting.eu\"}]}<\/script>\n<meta property=\"product:price:amount\" content=\"75.00\" \/>\n<meta property=\"product:price:currency\" content=\"EUR\" \/>\n<meta property=\"og:availability\" content=\"instock\" \/>\n<meta property=\"product:availability\" content=\"instock\" \/>\n<meta property=\"product:retailer_item_id\" content=\"950740\" \/>\n<meta property=\"product:condition\" content=\"new\" \/>\n<meta name=\"geo.placename\" content=\"Innsbruck\" \/>\n<meta name=\"geo.position\" content=\"47.264176340396226;11.380109057672346\" \/>\n<meta name=\"geo.region\" content=\"Austria\" \/>\n<!-- \/ Yoast SEO Premium plugin. -->","yoast_head_json":{"title":"Stubai Rucksack Alpin 35 plus: jetzt online kaufen bei bolting.eu","description":"Hier findet ihr den vielseitigen Stubai Rucksack Alpin 35 plus. Ein super Allround Rucksack f\u00fcr Hochtouren, Klettergarten, Kletterhalle und auch Wandern.","robots":{"index":"index","follow":"follow","max-snippet":"max-snippet:-1","max-image-preview":"max-image-preview:large","max-video-preview":"max-video-preview:-1"},"canonical":"https:\/\/bolting.eu\/en\/shop\/stubai-rucksack-alpin-35-plus\/","og_locale":"en_US","og_type":"article","og_title":"Stubai Rucksack Alpin 35 plus","og_description":"Hier findet ihr den vielseitigen Stubai Rucksack Alpin 35 plus. Ein super Allround Rucksack f\u00fcr Hochtouren, Klettergarten, Kletterhalle und auch Wandern.","og_url":"https:\/\/bolting.eu\/en\/shop\/stubai-rucksack-alpin-35-plus\/","og_site_name":"bolting.eu","article_publisher":"https:\/\/www.facebook.com\/bolting.eu","article_modified_time":"2025-07-03T08:49:43+00:00","og_image":[{"width":700,"height":700,"url":"https:\/\/bolting.eu\/wp-content\/uploads\/2020\/04\/Stubai-Rucksack-Alpin-35-plus.jpg","type":"image\/jpeg"}],"twitter_card":"summary_large_image","twitter_misc":{"Price":"&euro;&nbsp;75,00","Availability":"In stock"},"schema":{"@context":"https:\/\/schema.org","@graph":[{"@type":["WebPage","ItemPage"],"@id":"https:\/\/bolting.eu\/en\/shop\/stubai-rucksack-alpin-35-plus\/","url":"https:\/\/bolting.eu\/en\/shop\/stubai-rucksack-alpin-35-plus\/","name":"Stubai Rucksack Alpin 35 plus: jetzt online kaufen bei bolting.eu","isPartOf":{"@id":"https:\/\/bolting.eu\/en\/#website"},"primaryImageOfPage":{"@id":"https:\/\/bolting.eu\/en\/shop\/stubai-rucksack-alpin-35-plus\/#primaryimage"},"image":{"@id":"https:\/\/bolting.eu\/en\/shop\/stubai-rucksack-alpin-35-plus\/#primaryimage"},"thumbnailUrl":"https:\/\/bolting.eu\/wp-content\/uploads\/2020\/04\/Stubai-Rucksack-Alpin-35-plus.jpg","datePublished":"2020-04-08T12:06:39+00:00","dateModified":"2025-07-03T08:49:43+00:00","description":"Hier findet ihr den vielseitigen Stubai Rucksack Alpin 35 plus. Ein super Allround Rucksack f\u00fcr Hochtouren, Klettergarten, Kletterhalle und auch Wandern.","breadcrumb":{"@id":"https:\/\/bolting.eu\/en\/shop\/stubai-rucksack-alpin-35-plus\/#breadcrumb"},"inLanguage":"en-US","potentialAction":[{"@type":"ReadAction","target":["https:\/\/bolting.eu\/en\/shop\/stubai-rucksack-alpin-35-plus\/"]}]},{"@type":"ImageObject","inLanguage":"en-US","@id":"https:\/\/bolting.eu\/en\/shop\/stubai-rucksack-alpin-35-plus\/#primaryimage","url":"https:\/\/bolting.eu\/wp-content\/uploads\/2020\/04\/Stubai-Rucksack-Alpin-35-plus.jpg","contentUrl":"https:\/\/bolting.eu\/wp-content\/uploads\/2020\/04\/Stubai-Rucksack-Alpin-35-plus.jpg","width":700,"height":700,"caption":"Das Bild zeigt den Stubai Rucksack Alpin 35 plus von der Vorderseite. Man erkannt alle Produktdetails wie Zipper, Kompressionsriemen und Deckeltasche."},{"@type":"BreadcrumbList","@id":"https:\/\/bolting.eu\/en\/shop\/stubai-rucksack-alpin-35-plus\/#breadcrumb","itemListElement":[{"@type":"ListItem","position":1,"name":"Shop","item":"https:\/\/bolting.eu\/en\/shop\/"},{"@type":"ListItem","position":2,"name":"climbing equipment","item":"https:\/\/bolting.eu\/en\/produkt-kategorie\/climbing-equipment\/"},{"@type":"ListItem","position":3,"name":"Kletterrucksack","item":"https:\/\/bolting.eu\/produkt-kategorie\/kletterausruestung\/kletterrucksack\/"},{"@type":"ListItem","position":4,"name":"Stubai Rucksack Alpin 35 plus"}]},{"@type":"WebSite","@id":"https:\/\/bolting.eu\/en\/#website","url":"https:\/\/bolting.eu\/en\/","name":"bolting.eu","description":"we make climbs happen","publisher":{"@id":"https:\/\/bolting.eu\/en\/#organization"},"potentialAction":[{"@type":"SearchAction","target":{"@type":"EntryPoint","urlTemplate":"https:\/\/bolting.eu\/en\/?s={search_term_string}"},"query-input":{"@type":"PropertyValueSpecification","valueRequired":true,"valueName":"search_term_string"}}],"inLanguage":"en-US"},{"@type":["Organization","Place","SportingGoodsStore"],"@id":"https:\/\/bolting.eu\/en\/#organization","name":"bolting.eu","url":"https:\/\/bolting.eu\/en\/","logo":{"@id":"https:\/\/bolting.eu\/en\/shop\/stubai-rucksack-alpin-35-plus\/#local-main-organization-logo"},"image":{"@id":"https:\/\/bolting.eu\/en\/shop\/stubai-rucksack-alpin-35-plus\/#local-main-organization-logo"},"sameAs":["https:\/\/www.facebook.com\/bolting.eu","https:\/\/www.instagram.com\/bolting.eu\/"],"address":{"@id":"https:\/\/bolting.eu\/en\/shop\/stubai-rucksack-alpin-35-plus\/#local-main-place-address"},"geo":{"@type":"GeoCoordinates","latitude":"47.264176340396226","longitude":"11.380109057672346"},"telephone":["+43 699 19083372"],"openingHoursSpecification":[{"@type":"OpeningHoursSpecification","dayOfWeek":["Monday","Wednesday","Friday"],"opens":"14:00","closes":"18:00"},{"@type":"OpeningHoursSpecification","dayOfWeek":["Tuesday","Thursday","Saturday","Sunday"],"opens":"00:00","closes":"00:00"}],"email":"office@bolting.eu","vatID":"ATU59999728","priceRange":"$$","currenciesAccepted":"Euro"},{"@type":"PostalAddress","@id":"https:\/\/bolting.eu\/en\/shop\/stubai-rucksack-alpin-35-plus\/#local-main-place-address","streetAddress":"Fischnalerstra\u00dfe 4","addressLocality":"Innsbruck","postalCode":"6020","addressRegion":"Tirol","addressCountry":"AT"},{"@type":"ImageObject","inLanguage":"en-US","@id":"https:\/\/bolting.eu\/en\/shop\/stubai-rucksack-alpin-35-plus\/#local-main-organization-logo","url":"https:\/\/bolting.eu\/wp-content\/uploads\/2019\/09\/bolting-logo.png","contentUrl":"https:\/\/bolting.eu\/wp-content\/uploads\/2019\/09\/bolting-logo.png","width":400,"height":211,"caption":"bolting.eu"}]},"product_price_amount":"75.00","product_price_currency":"EUR","og_availability":"instock","product_availability":"instock","product_retailer_item_id":"950740","product_condition":"new","geo.placename":"Innsbruck","geo.position":{"lat":"47.264176340396226","long":"11.380109057672346"},"geo.region":"Austria"},"_links":{"self":[{"href":"https:\/\/bolting.eu\/en\/wp-json\/wp\/v2\/product\/3113","targetHints":{"allow":["GET"]}}],"collection":[{"href":"https:\/\/bolting.eu\/en\/wp-json\/wp\/v2\/product"}],"about":[{"href":"https:\/\/bolting.eu\/en\/wp-json\/wp\/v2\/types\/product"}],"replies":[{"embeddable":true,"href":"https:\/\/bolting.eu\/en\/wp-json\/wp\/v2\/comments?post=3113"}],"wp:featuredmedia":[{"embeddable":true,"href":"https:\/\/bolting.eu\/en\/wp-json\/wp\/v2\/media\/3115"}],"wp:attachment":[{"href":"https:\/\/bolting.eu\/en\/wp-json\/wp\/v2\/media?parent=3113"}],"wp:term":[{"taxonomy":"product_brand","embeddable":true,"href":"https:\/\/bolting.eu\/en\/wp-json\/wp\/v2\/product_brand?post=3113"},{"taxonomy":"product_cat","embeddable":true,"href":"https:\/\/bolting.eu\/en\/wp-json\/wp\/v2\/product_cat?post=3113"},{"taxonomy":"product_tag","embeddable":true,"href":"https:\/\/bolting.eu\/en\/wp-json\/wp\/v2\/product_tag?post=3113"}],"curies":[{"name":"wp","href":"https:\/\/api.w.org\/{rel}","templated":true}]}}