{"id":3104,"date":"2020-04-08T13:20:09","date_gmt":"2020-04-08T11:20:09","guid":{"rendered":"https:\/\/bolting.eu\/?post_type=product&#038;p=3104"},"modified":"2024-05-26T17:37:43","modified_gmt":"2024-05-26T15:37:43","slug":"stubai-chalkbag","status":"publish","type":"product","link":"https:\/\/bolting.eu\/en\/shop\/stubai-chalkbag\/","title":{"rendered":"Stubai Chalkbag"},"content":{"rendered":"<p>Das Stubai Chalkbag ist ein ganz simpler Magnesiumbeutel. Endlich einmal ein Produkt ohne Schnick-Schnack das genau wegen seiner Einfachheit besticht. F\u00fcr alle die eben nur ein preisg\u00fcnstiges Chalkbag wollen!<\/p>\n<p>Dieses Bag hat einen robusten Au\u00dfenstoff aus festem Ripstop Nylon. Folglich ist es auch nicht kaputt zu kriegen. Man hat damit viele Jahre eine Freude.<\/p>\n<p>Innen ist es &#8211; wie alle Chalkbags &#8211; mit Fleece gef\u00fcttert. Ein reibungslos funktionierender Verschluss mit Tanka und die B\u00fcrstenhalterung runden das Bag fein ab.<\/p>\n<p>Kurzum. Ein preiswertes Chalkbag f\u00fcr alle Handgr\u00f6\u00dfen ohne Schn\u00f6rkel. Kein Wunder dass dieses Modell eines unserer bestverkauften ist!<\/p>\n<h3>Eigenschaften Stubai Chalkbag<\/h3>\n<ul>\n<li>Material au\u00dfen: robuster Ripstop Nylon<\/li>\n<li>Material innen: Fleece<\/li>\n<li>Ma\u00dfe: H\u00f6he 14,5cm &#8211; Breite 12cm<\/li>\n<li>erh\u00e4ltlich in 3 Farben<\/li>\n<li>preiswert<\/li>\n<li>handlich<\/li>\n<li>inkl. verschlie\u00dfbarem H\u00fcftband<\/li>\n<li>auch als Boulder Chalkbag zu benutzen &#8211; bleibt super stehen (H\u00fcftband abnehmbar)<\/li>\n<\/ul>\n<h3>Passendes Chalk<\/h3>\n<p>Chalk ist nicht gleich Chalk! Suche dir daher in unserem riesigen <a href=\"https:\/\/bolting.eu\/produkt-kategorie\/chalk-klettern\/\">Chalk Sortiment<\/a> dein Lieblingschalk heraus. Egal ob die trockenes, etwas feuchteres, feines oder auch br\u00f6ckeliges Chalk liebst. Wir haben die passende Sorte f\u00fcr Dich!<\/p>\n<p>B\u00fcrsten f\u00fcr dein Stubai Chalkbag<\/p>\n<p>Nat\u00fcrlich haben wir auch die passende B\u00fcrste f\u00fcr dein neues Chalkbag! W\u00e4hle aus unserem sehr breiten Sortiment an <a href=\"https:\/\/bolting.eu\/produkt-kategorie\/boulder-ausruestung\/boulderbuersten\/\">Boulderb\u00fcrsten<\/a> in allen erdenklichen Formen und Materialien. Kunstfaser, Rosshaar oder Schweineborsten. Wir haben alles was zum Reinigen von L\u00f6chern, Leisten, Henkeln und Co. braucht!<\/p>\n","protected":false},"excerpt":{"rendered":"<ul>\n<li>Material au\u00dfen: robuster Ripstop Nylon<\/li>\n<li>Material innen: Fleece<\/li>\n<li>Ma\u00dfe: H\u00f6he 14,5cm &#8211; Breite 12cm<\/li>\n<li>erh\u00e4ltlich in 3 Farben<\/li>\n<li>preiswert<\/li>\n<li>handlich<\/li>\n<li>inkl. verschlie\u00dfbarem H\u00fcftband<\/li>\n<\/ul>\n","protected":false},"featured_media":3107,"comment_status":"open","ping_status":"closed","template":"","meta":[],"product_brand":[],"product_cat":[5006,29,4650],"product_tag":[262,3465,264],"class_list":{"0":"post-3104","1":"product","2":"type-product","3":"status-publish","4":"has-post-thumbnail","6":"product_cat-chalkbag","7":"product_cat-kletterausruestung","8":"product_cat-stubai-bergsport","9":"product_tag-alpinklettern","10":"product_tag-kletterhalle","11":"product_tag-sportklettern","13":"first","14":"instock","15":"taxable","16":"shipping-taxable","17":"purchasable","18":"product-type-variable"},"yoast_head":"<!-- This site is optimized with the Yoast SEO Premium plugin v26.9 (Yoast SEO v26.9) - https:\/\/yoast.com\/product\/yoast-seo-premium-wordpress\/ -->\n<title>Stubai Chalkbag: preiswertes Bag jetzt online kaufen bei bolting.eu<\/title>\n<meta name=\"description\" content=\"Hier findest Du das Stubai Chalkbag in den Farben Wei\u00df, Blau und Rot! Ein simples und preiswertes Chalkbag f\u00fcr alle die keinen Schnick-Schnack wollen!\" \/>\n<meta name=\"robots\" content=\"index, follow, max-snippet:-1, max-image-preview:large, max-video-preview:-1\" \/>\n<link rel=\"canonical\" href=\"https:\/\/bolting.eu\/en\/shop\/stubai-chalkbag\/\" \/>\n<meta property=\"og:locale\" content=\"en_US\" \/>\n<meta property=\"og:type\" content=\"article\" \/>\n<meta property=\"og:title\" content=\"Stubai Chalkbag\" \/>\n<meta property=\"og:description\" content=\"Hier findest Du das Stubai Chalkbag in den Farben Wei\u00df, Blau und Rot! Ein simples und preiswertes Chalkbag f\u00fcr alle die keinen Schnick-Schnack wollen!\" \/>\n<meta property=\"og:url\" content=\"https:\/\/bolting.eu\/en\/shop\/stubai-chalkbag\/\" \/>\n<meta property=\"og:site_name\" content=\"bolting.eu\" \/>\n<meta property=\"article:publisher\" content=\"https:\/\/www.facebook.com\/bolting.eu\" \/>\n<meta property=\"article:modified_time\" content=\"2024-05-26T15:37:43+00:00\" \/>\n<meta property=\"og:image\" content=\"https:\/\/bolting.eu\/wp-content\/uploads\/2020\/04\/Stubai-Chalkbag-weiss.jpg\" \/>\n\t<meta property=\"og:image:width\" content=\"700\" \/>\n\t<meta property=\"og:image:height\" content=\"700\" \/>\n\t<meta property=\"og:image:type\" content=\"image\/jpeg\" \/>\n<meta name=\"twitter:card\" content=\"summary_large_image\" \/>\n<meta name=\"twitter:label1\" content=\"Availability\" \/>\n\t<meta name=\"twitter:data1\" content=\"In stock\" \/>\n<script type=\"application\/ld+json\" class=\"yoast-schema-graph\">{\"@context\":\"https:\/\/schema.org\",\"@graph\":[{\"@type\":[\"WebPage\",\"ItemPage\"],\"@id\":\"https:\/\/bolting.eu\/en\/shop\/stubai-chalkbag\/\",\"url\":\"https:\/\/bolting.eu\/en\/shop\/stubai-chalkbag\/\",\"name\":\"Stubai Chalkbag: preiswertes Bag jetzt online kaufen bei bolting.eu\",\"isPartOf\":{\"@id\":\"https:\/\/bolting.eu\/en\/#website\"},\"primaryImageOfPage\":{\"@id\":\"https:\/\/bolting.eu\/en\/shop\/stubai-chalkbag\/#primaryimage\"},\"image\":{\"@id\":\"https:\/\/bolting.eu\/en\/shop\/stubai-chalkbag\/#primaryimage\"},\"thumbnailUrl\":\"https:\/\/bolting.eu\/wp-content\/uploads\/2020\/04\/Stubai-Chalkbag-weiss.jpg\",\"datePublished\":\"2020-04-08T11:20:09+00:00\",\"dateModified\":\"2024-05-26T15:37:43+00:00\",\"description\":\"Hier findest Du das Stubai Chalkbag in den Farben Wei\u00df, Blau und Rot! Ein simples und preiswertes Chalkbag f\u00fcr alle die keinen Schnick-Schnack wollen!\",\"breadcrumb\":{\"@id\":\"https:\/\/bolting.eu\/en\/shop\/stubai-chalkbag\/#breadcrumb\"},\"inLanguage\":\"en-US\",\"potentialAction\":[{\"@type\":\"ReadAction\",\"target\":[\"https:\/\/bolting.eu\/en\/shop\/stubai-chalkbag\/\"]}]},{\"@type\":\"ImageObject\",\"inLanguage\":\"en-US\",\"@id\":\"https:\/\/bolting.eu\/en\/shop\/stubai-chalkbag\/#primaryimage\",\"url\":\"https:\/\/bolting.eu\/wp-content\/uploads\/2020\/04\/Stubai-Chalkbag-weiss.jpg\",\"contentUrl\":\"https:\/\/bolting.eu\/wp-content\/uploads\/2020\/04\/Stubai-Chalkbag-weiss.jpg\",\"width\":700,\"height\":700,\"caption\":\"Das Bild zeigt ein Stubai Chalkbag in der Farbe Wei\u00df von schr\u00e4g seitlich und leicht oberhalb. Man erkennt den Magnesiumbeutel sehr gut und sein Design, sowie den Logo Schriftzug, den B\u00fcrstenhalter und der Tanka Verschluss.\"},{\"@type\":\"BreadcrumbList\",\"@id\":\"https:\/\/bolting.eu\/en\/shop\/stubai-chalkbag\/#breadcrumb\",\"itemListElement\":[{\"@type\":\"ListItem\",\"position\":1,\"name\":\"Shop\",\"item\":\"https:\/\/bolting.eu\/en\/shop\/\"},{\"@type\":\"ListItem\",\"position\":2,\"name\":\"climbing equipment\",\"item\":\"https:\/\/bolting.eu\/en\/produkt-kategorie\/climbing-equipment\/\"},{\"@type\":\"ListItem\",\"position\":3,\"name\":\"Chalkbag\",\"item\":\"https:\/\/bolting.eu\/produkt-kategorie\/kletterausruestung\/chalkbag\/\"},{\"@type\":\"ListItem\",\"position\":4,\"name\":\"Stubai Chalkbag\"}]},{\"@type\":\"WebSite\",\"@id\":\"https:\/\/bolting.eu\/en\/#website\",\"url\":\"https:\/\/bolting.eu\/en\/\",\"name\":\"bolting.eu\",\"description\":\"we make climbs happen\",\"publisher\":{\"@id\":\"https:\/\/bolting.eu\/en\/#organization\"},\"potentialAction\":[{\"@type\":\"SearchAction\",\"target\":{\"@type\":\"EntryPoint\",\"urlTemplate\":\"https:\/\/bolting.eu\/en\/?s={search_term_string}\"},\"query-input\":{\"@type\":\"PropertyValueSpecification\",\"valueRequired\":true,\"valueName\":\"search_term_string\"}}],\"inLanguage\":\"en-US\"},{\"@type\":[\"Organization\",\"Place\",\"SportingGoodsStore\"],\"@id\":\"https:\/\/bolting.eu\/en\/#organization\",\"name\":\"bolting.eu\",\"url\":\"https:\/\/bolting.eu\/en\/\",\"logo\":{\"@id\":\"https:\/\/bolting.eu\/en\/shop\/stubai-chalkbag\/#local-main-organization-logo\"},\"image\":{\"@id\":\"https:\/\/bolting.eu\/en\/shop\/stubai-chalkbag\/#local-main-organization-logo\"},\"sameAs\":[\"https:\/\/www.facebook.com\/bolting.eu\",\"https:\/\/www.instagram.com\/bolting.eu\/\"],\"address\":{\"@id\":\"https:\/\/bolting.eu\/en\/shop\/stubai-chalkbag\/#local-main-place-address\"},\"geo\":{\"@type\":\"GeoCoordinates\",\"latitude\":\"47.264176340396226\",\"longitude\":\"11.380109057672346\"},\"telephone\":[\"+43 699 19083372\"],\"openingHoursSpecification\":[{\"@type\":\"OpeningHoursSpecification\",\"dayOfWeek\":[\"Monday\",\"Wednesday\",\"Friday\"],\"opens\":\"14:00\",\"closes\":\"18:00\"},{\"@type\":\"OpeningHoursSpecification\",\"dayOfWeek\":[\"Tuesday\",\"Thursday\",\"Saturday\",\"Sunday\"],\"opens\":\"00:00\",\"closes\":\"00:00\"}],\"email\":\"office@bolting.eu\",\"vatID\":\"ATU59999728\",\"priceRange\":\"$$\",\"currenciesAccepted\":\"Euro\"},{\"@type\":\"PostalAddress\",\"@id\":\"https:\/\/bolting.eu\/en\/shop\/stubai-chalkbag\/#local-main-place-address\",\"streetAddress\":\"Fischnalerstra\u00dfe 4\",\"addressLocality\":\"Innsbruck\",\"postalCode\":\"6020\",\"addressRegion\":\"Tirol\",\"addressCountry\":\"AT\"},{\"@type\":\"ImageObject\",\"inLanguage\":\"en-US\",\"@id\":\"https:\/\/bolting.eu\/en\/shop\/stubai-chalkbag\/#local-main-organization-logo\",\"url\":\"https:\/\/bolting.eu\/wp-content\/uploads\/2019\/09\/bolting-logo.png\",\"contentUrl\":\"https:\/\/bolting.eu\/wp-content\/uploads\/2019\/09\/bolting-logo.png\",\"width\":400,\"height\":211,\"caption\":\"bolting.eu\"}]}<\/script>\n<meta property=\"og:availability\" content=\"instock\" \/>\n<meta property=\"product:availability\" content=\"instock\" \/>\n<meta property=\"product:condition\" content=\"new\" \/>\n<meta name=\"geo.placename\" content=\"Innsbruck\" \/>\n<meta name=\"geo.position\" content=\"47.264176340396226;11.380109057672346\" \/>\n<meta name=\"geo.region\" content=\"Austria\" \/>\n<!-- \/ Yoast SEO Premium plugin. -->","yoast_head_json":{"title":"Stubai Chalkbag: preiswertes Bag jetzt online kaufen bei bolting.eu","description":"Hier findest Du das Stubai Chalkbag in den Farben Wei\u00df, Blau und Rot! Ein simples und preiswertes Chalkbag f\u00fcr alle die keinen Schnick-Schnack wollen!","robots":{"index":"index","follow":"follow","max-snippet":"max-snippet:-1","max-image-preview":"max-image-preview:large","max-video-preview":"max-video-preview:-1"},"canonical":"https:\/\/bolting.eu\/en\/shop\/stubai-chalkbag\/","og_locale":"en_US","og_type":"article","og_title":"Stubai Chalkbag","og_description":"Hier findest Du das Stubai Chalkbag in den Farben Wei\u00df, Blau und Rot! Ein simples und preiswertes Chalkbag f\u00fcr alle die keinen Schnick-Schnack wollen!","og_url":"https:\/\/bolting.eu\/en\/shop\/stubai-chalkbag\/","og_site_name":"bolting.eu","article_publisher":"https:\/\/www.facebook.com\/bolting.eu","article_modified_time":"2024-05-26T15:37:43+00:00","og_image":[{"width":700,"height":700,"url":"https:\/\/bolting.eu\/wp-content\/uploads\/2020\/04\/Stubai-Chalkbag-weiss.jpg","type":"image\/jpeg"}],"twitter_card":"summary_large_image","twitter_misc":{"Availability":"In stock"},"schema":{"@context":"https:\/\/schema.org","@graph":[{"@type":["WebPage","ItemPage"],"@id":"https:\/\/bolting.eu\/en\/shop\/stubai-chalkbag\/","url":"https:\/\/bolting.eu\/en\/shop\/stubai-chalkbag\/","name":"Stubai Chalkbag: preiswertes Bag jetzt online kaufen bei bolting.eu","isPartOf":{"@id":"https:\/\/bolting.eu\/en\/#website"},"primaryImageOfPage":{"@id":"https:\/\/bolting.eu\/en\/shop\/stubai-chalkbag\/#primaryimage"},"image":{"@id":"https:\/\/bolting.eu\/en\/shop\/stubai-chalkbag\/#primaryimage"},"thumbnailUrl":"https:\/\/bolting.eu\/wp-content\/uploads\/2020\/04\/Stubai-Chalkbag-weiss.jpg","datePublished":"2020-04-08T11:20:09+00:00","dateModified":"2024-05-26T15:37:43+00:00","description":"Hier findest Du das Stubai Chalkbag in den Farben Wei\u00df, Blau und Rot! Ein simples und preiswertes Chalkbag f\u00fcr alle die keinen Schnick-Schnack wollen!","breadcrumb":{"@id":"https:\/\/bolting.eu\/en\/shop\/stubai-chalkbag\/#breadcrumb"},"inLanguage":"en-US","potentialAction":[{"@type":"ReadAction","target":["https:\/\/bolting.eu\/en\/shop\/stubai-chalkbag\/"]}]},{"@type":"ImageObject","inLanguage":"en-US","@id":"https:\/\/bolting.eu\/en\/shop\/stubai-chalkbag\/#primaryimage","url":"https:\/\/bolting.eu\/wp-content\/uploads\/2020\/04\/Stubai-Chalkbag-weiss.jpg","contentUrl":"https:\/\/bolting.eu\/wp-content\/uploads\/2020\/04\/Stubai-Chalkbag-weiss.jpg","width":700,"height":700,"caption":"Das Bild zeigt ein Stubai Chalkbag in der Farbe Wei\u00df von schr\u00e4g seitlich und leicht oberhalb. Man erkennt den Magnesiumbeutel sehr gut und sein Design, sowie den Logo Schriftzug, den B\u00fcrstenhalter und der Tanka Verschluss."},{"@type":"BreadcrumbList","@id":"https:\/\/bolting.eu\/en\/shop\/stubai-chalkbag\/#breadcrumb","itemListElement":[{"@type":"ListItem","position":1,"name":"Shop","item":"https:\/\/bolting.eu\/en\/shop\/"},{"@type":"ListItem","position":2,"name":"climbing equipment","item":"https:\/\/bolting.eu\/en\/produkt-kategorie\/climbing-equipment\/"},{"@type":"ListItem","position":3,"name":"Chalkbag","item":"https:\/\/bolting.eu\/produkt-kategorie\/kletterausruestung\/chalkbag\/"},{"@type":"ListItem","position":4,"name":"Stubai Chalkbag"}]},{"@type":"WebSite","@id":"https:\/\/bolting.eu\/en\/#website","url":"https:\/\/bolting.eu\/en\/","name":"bolting.eu","description":"we make climbs happen","publisher":{"@id":"https:\/\/bolting.eu\/en\/#organization"},"potentialAction":[{"@type":"SearchAction","target":{"@type":"EntryPoint","urlTemplate":"https:\/\/bolting.eu\/en\/?s={search_term_string}"},"query-input":{"@type":"PropertyValueSpecification","valueRequired":true,"valueName":"search_term_string"}}],"inLanguage":"en-US"},{"@type":["Organization","Place","SportingGoodsStore"],"@id":"https:\/\/bolting.eu\/en\/#organization","name":"bolting.eu","url":"https:\/\/bolting.eu\/en\/","logo":{"@id":"https:\/\/bolting.eu\/en\/shop\/stubai-chalkbag\/#local-main-organization-logo"},"image":{"@id":"https:\/\/bolting.eu\/en\/shop\/stubai-chalkbag\/#local-main-organization-logo"},"sameAs":["https:\/\/www.facebook.com\/bolting.eu","https:\/\/www.instagram.com\/bolting.eu\/"],"address":{"@id":"https:\/\/bolting.eu\/en\/shop\/stubai-chalkbag\/#local-main-place-address"},"geo":{"@type":"GeoCoordinates","latitude":"47.264176340396226","longitude":"11.380109057672346"},"telephone":["+43 699 19083372"],"openingHoursSpecification":[{"@type":"OpeningHoursSpecification","dayOfWeek":["Monday","Wednesday","Friday"],"opens":"14:00","closes":"18:00"},{"@type":"OpeningHoursSpecification","dayOfWeek":["Tuesday","Thursday","Saturday","Sunday"],"opens":"00:00","closes":"00:00"}],"email":"office@bolting.eu","vatID":"ATU59999728","priceRange":"$$","currenciesAccepted":"Euro"},{"@type":"PostalAddress","@id":"https:\/\/bolting.eu\/en\/shop\/stubai-chalkbag\/#local-main-place-address","streetAddress":"Fischnalerstra\u00dfe 4","addressLocality":"Innsbruck","postalCode":"6020","addressRegion":"Tirol","addressCountry":"AT"},{"@type":"ImageObject","inLanguage":"en-US","@id":"https:\/\/bolting.eu\/en\/shop\/stubai-chalkbag\/#local-main-organization-logo","url":"https:\/\/bolting.eu\/wp-content\/uploads\/2019\/09\/bolting-logo.png","contentUrl":"https:\/\/bolting.eu\/wp-content\/uploads\/2019\/09\/bolting-logo.png","width":400,"height":211,"caption":"bolting.eu"}]},"og_availability":"instock","product_availability":"instock","product_condition":"new","geo.placename":"Innsbruck","geo.position":{"lat":"47.264176340396226","long":"11.380109057672346"},"geo.region":"Austria"},"_links":{"self":[{"href":"https:\/\/bolting.eu\/en\/wp-json\/wp\/v2\/product\/3104","targetHints":{"allow":["GET"]}}],"collection":[{"href":"https:\/\/bolting.eu\/en\/wp-json\/wp\/v2\/product"}],"about":[{"href":"https:\/\/bolting.eu\/en\/wp-json\/wp\/v2\/types\/product"}],"replies":[{"embeddable":true,"href":"https:\/\/bolting.eu\/en\/wp-json\/wp\/v2\/comments?post=3104"}],"wp:featuredmedia":[{"embeddable":true,"href":"https:\/\/bolting.eu\/en\/wp-json\/wp\/v2\/media\/3107"}],"wp:attachment":[{"href":"https:\/\/bolting.eu\/en\/wp-json\/wp\/v2\/media?parent=3104"}],"wp:term":[{"taxonomy":"product_brand","embeddable":true,"href":"https:\/\/bolting.eu\/en\/wp-json\/wp\/v2\/product_brand?post=3104"},{"taxonomy":"product_cat","embeddable":true,"href":"https:\/\/bolting.eu\/en\/wp-json\/wp\/v2\/product_cat?post=3104"},{"taxonomy":"product_tag","embeddable":true,"href":"https:\/\/bolting.eu\/en\/wp-json\/wp\/v2\/product_tag?post=3104"}],"curies":[{"name":"wp","href":"https:\/\/api.w.org\/{rel}","templated":true}]}}