{"id":3096,"date":"2020-04-08T11:11:43","date_gmt":"2020-04-08T09:11:43","guid":{"rendered":"https:\/\/bolting.eu\/?post_type=product&#038;p=3096"},"modified":"2025-09-17T09:46:53","modified_gmt":"2025-09-17T07:46:53","slug":"stubai-klettersteigset-summit-light","status":"publish","type":"product","link":"https:\/\/bolting.eu\/en\/shop\/stubai-klettersteigset-summit-light\/","title":{"rendered":"Stubai Klettersteigset Summit Light"},"content":{"rendered":"<p>Das Stubai Klettersteigset Summit Light ist ein Set mit super ergonomischen Karabinern. Diese sind so gebaut, dass die H\u00e4nde weit weg vom Karabinerschnapper bzw. den Drahtseilen sind. Somit sind die Finger besonders gut gesch\u00fctzt. Zudem funktioniert der Vorgang des Ein- und Aush\u00e4ngens mit den gro\u00dfen Schnapper\u00f6ffnungen viel leichter.<\/p>\n<p>Dieses Klettersteigset hat einige klassische Features. Erstens die typische Y-Form mit elastischen Armen. Darin eingebaut ist der Fallsto\u00dfd\u00e4mpfer. Bei dem hat <a href=\"https:\/\/bolting.eu\/produkt-kategorie\/stubai-bergsport\/\">Stubai Bergsport<\/a> ganze Arbeit geleistet, denn er zeigt Spitzen Testergebnisse auch bei widrigen Bedingungen. Beispielsweise wenn das Set nass ist. \u00dcberdies ist der D\u00e4mpfer f\u00fcr Personen von 40-120kg geeignet.<\/p>\n<p>Zweitens l\u00e4sst sich der D\u00e4mpfer rasch kontrollieren. Denn die Umh\u00fcllung ist leicht zu \u00f6ffnen.<\/p>\n<p>Drittens l\u00e4sst sich mit der neuen Schlaufe beim Fallsto\u00dfd\u00e4mpfer ganz leicht ein Rastkarabiner anbringen!<\/p>\n<p>Kurzum. Ein tolles Set das keine W\u00fcnsche offen l\u00e4sst. Ideal f\u00fcr Klettersteigfreunde die sehr viel unterwegs sind bzw. hohen Komfort sch\u00e4tzen.<\/p>\n<h3>Eigenschaften Stubai Klettersteigset Summit Light<\/h3>\n<ul>\n<li>EN Norm 958:2017<\/li>\n<li>Gewicht: 550 Gramm<\/li>\n<li>hoch funktionelles Klettersteigset<\/li>\n<li>geeignet f\u00fcr Personen von 40-120kg<\/li>\n<li>klassische Y-Form mit 2 elastischen Armen<\/li>\n<li>leicht zu bedienende Klettersteigkarabiner<\/li>\n<li>Karabiner halten Finger fern vom Drahtseil und Schnapper\u00f6ffnungen<\/li>\n<li>Handballensicherung<\/li>\n<li>Schlaufe f\u00fcr Rastkarabiner<\/li>\n<\/ul>\n<figure id=\"attachment_3095\" aria-describedby=\"caption-attachment-3095\" style=\"width: 400px\" class=\"wp-caption alignnone\"><a href=\"https:\/\/bolting.eu\/wp-content\/uploads\/2020\/04\/Rastschlaufe-Befestigung-Klettersteigset-Basic.jpg\"><img loading=\"lazy\" decoding=\"async\" class=\"wp-image-3095 size-medium\" src=\"https:\/\/bolting.eu\/wp-content\/uploads\/2020\/04\/Rastschlaufe-Befestigung-Klettersteigset-Basic-400x400.jpg\" alt=\"Das Bild zeigt die Schlaufe des Stubai Klettersteigset BAsic an welcher eine Rastschlinge angebracht werden kann. Es ist die Schlaufe mit den zwei wegf\u00fchrenden elastischen Armen zu erkennen bzw. die \u00d6ffnung f\u00fcr die Rastschlinge.\" width=\"400\" height=\"400\" srcset=\"https:\/\/bolting.eu\/wp-content\/uploads\/2020\/04\/Rastschlaufe-Befestigung-Klettersteigset-Basic-400x400.jpg 400w, https:\/\/bolting.eu\/wp-content\/uploads\/2020\/04\/Rastschlaufe-Befestigung-Klettersteigset-Basic-100x100.jpg 100w, https:\/\/bolting.eu\/wp-content\/uploads\/2020\/04\/Rastschlaufe-Befestigung-Klettersteigset-Basic-510x510.jpg 510w, https:\/\/bolting.eu\/wp-content\/uploads\/2020\/04\/Rastschlaufe-Befestigung-Klettersteigset-Basic-280x280.jpg 280w, https:\/\/bolting.eu\/wp-content\/uploads\/2020\/04\/Rastschlaufe-Befestigung-Klettersteigset-Basic-300x300.jpg 300w, https:\/\/bolting.eu\/wp-content\/uploads\/2020\/04\/Rastschlaufe-Befestigung-Klettersteigset-Basic-600x600.jpg 600w, https:\/\/bolting.eu\/wp-content\/uploads\/2020\/04\/Rastschlaufe-Befestigung-Klettersteigset-Basic.jpg 700w\" sizes=\"auto, (max-width: 400px) 100vw, 400px\" \/><\/a><figcaption id=\"caption-attachment-3095\" class=\"wp-caption-text\">Hier kann der Rastkarabiner befestigt werden!<\/figcaption><\/figure>\n<h3>Wann ist ein Klettersteigset auszutauschen?<\/h3>\n<p>Das Stubai Klettersteigset Summit Light ist auszutauschen wenn es sichtbare Sch\u00e4den gibt. Einerseits an der Anseilschlaufe oder an den elastischen Armen. D.h. Einrisse, wenn grobe F\u00e4den heraush\u00e4ngen etc&#8230;<br \/>\nUnd andererseits wenn der Fallstossd\u00e4mpfer eingerissen sein sollte. Dies kann beispielsweise durch oftmaliges Rasten geschehen. Die Gefahr dabei ist, dass der D\u00e4mpfer unter zu wenig Gewicht ganz aufrei\u00dft!<\/p>\n<p><strong>In jedem Fall ist das Set nach einem Sturz auszutauschen!<\/strong><\/p>\n<h3>Pflegehinweise Stubai Klettersteigset Summit Light<\/h3>\n<p>Beachtet ein paar einfache Tipps und Euer Klettersteigset bleibt euch lange erhalten. Zudem bleibt es so auch immer funktionst\u00fcchtig und damit sicher!<\/p>\n<ul>\n<li>reinigt die Karabiner regelm\u00e4\u00dfig mit Wasser und lasst sie im Schatten trocken<\/li>\n<li>\u00f6lt die Gelenke der Klettersteigkarabiner mit <a href=\"https:\/\/bolting.eu\/shop\/kong-kletterausruestung-pflegeoel\/\">Karabiner Pflege\u00f6l<\/a> , sodass sie beweglich bleiben<\/li>\n<li>das Klettersteigset niemals unter Hitze trocknen, d.h. kein Aufh\u00e4ngen \u00fcber dem Ofen oder der Heizung<\/li>\n<li>haltet euer Set weit weg von allen scharfen Gegenst\u00e4nden<\/li>\n<li>rastet in einer eigenen &#8220;Rastschlinge (Bandschlinge mit Schraubkarabiner) und nicht im Klettersteigset<\/li>\n<li>kontrolliert regelm\u00e4\u00dfig den Falld\u00e4mpfer (Umh\u00fcllung \u00f6ffnen und auf Riss der N\u00e4hte kontrollieren)<\/li>\n<\/ul>\n<h3>Restliche PSA in Ordnung?<\/h3>\n<p>Das Stubai Klettersteigset Summit Light ist nur ein Teil Eurer Ausr\u00fcstung. Bitte kontrolliert regelm\u00e4\u00dfig ob auch euer Klettergurt und Helm jeweils in Ordnung ist. Es muss immer die gesamte PSA (Pers\u00f6nliche Schutz Ausr\u00fcstung) einwandfrei funktionieren. Geht kein Risiko ein und tauscht im Zweifelsfalle das entsprechende lieber aus!<\/p>\n<p>Link Tipp: Toller <a href=\"https:\/\/www.bergundsteigen.at\/file.php\/archiv\/2011\/2\/44-51%20%28klettersteig-eine%20empfehlung%29.pdf\" target=\"_blank\" rel=\"noopener noreferrer\">Beitrag von bergundsteigen<\/a> zu Sicherheitsaspekten beim Klettersteig Gehen!<\/p>\n","protected":false},"excerpt":{"rendered":"<ul>\n<li>EN Norm 958:2017<\/li>\n<li>Gewicht: 550 Gramm<\/li>\n<li>hoch funktionelles Klettersteigset<\/li>\n<li>geeignet f\u00fcr Personen von 40-120kg<\/li>\n<li>klassische Y-Form mit 2 elastischen Armen<\/li>\n<li>leicht zu bedienende Klettersteigkarabiner<\/li>\n<li>Karabiner halten Finger fern vom Drahtseil und Schnapper\u00f6ffnungen<\/li>\n<li>Handballensicherung<\/li>\n<li>Schlaufe f\u00fcr Rastkarabiner<\/li>\n<\/ul>\n","protected":false},"featured_media":3098,"comment_status":"open","ping_status":"closed","template":"","meta":[],"product_brand":[],"product_cat":[4650,14319,14744],"product_tag":[],"class_list":{"0":"post-3096","1":"product","2":"type-product","3":"status-publish","4":"has-post-thumbnail","6":"product_cat-stubai-bergsport","7":"product_cat-sale-klettern","8":"product_cat-klettersteigsets","10":"first","11":"instock","12":"sale","13":"taxable","14":"shipping-taxable","15":"purchasable","16":"product-type-simple"},"yoast_head":"<!-- This site is optimized with the Yoast SEO Premium plugin v26.9 (Yoast SEO v26.9) - https:\/\/yoast.com\/product\/yoast-seo-premium-wordpress\/ -->\n<title>Stubai Klettersteigset Summit Light: jetzt online kaufen bei bolting.eu<\/title>\n<meta name=\"description\" content=\"Hier findet ihr das STUBAI KLETTERSTEIGSET Summit Light! Ein tolles Klettersteigset aus \u00d6sterreich f\u00fcr 40-120kg schwere Personen mit genialen Karabinern!\" \/>\n<meta name=\"robots\" content=\"index, follow, max-snippet:-1, max-image-preview:large, max-video-preview:-1\" \/>\n<link rel=\"canonical\" href=\"https:\/\/bolting.eu\/en\/shop\/stubai-klettersteigset-summit-light\/\" \/>\n<meta property=\"og:locale\" content=\"en_US\" \/>\n<meta property=\"og:type\" content=\"article\" \/>\n<meta property=\"og:title\" content=\"Stubai Klettersteigset Summit Light\" \/>\n<meta property=\"og:description\" content=\"Hier findet ihr das STUBAI KLETTERSTEIGSET Summit Light! Ein tolles Klettersteigset aus \u00d6sterreich f\u00fcr 40-120kg schwere Personen mit genialen Karabinern!\" \/>\n<meta property=\"og:url\" content=\"https:\/\/bolting.eu\/en\/shop\/stubai-klettersteigset-summit-light\/\" \/>\n<meta property=\"og:site_name\" content=\"bolting.eu\" \/>\n<meta property=\"article:publisher\" content=\"https:\/\/www.facebook.com\/bolting.eu\" \/>\n<meta property=\"article:modified_time\" content=\"2025-09-17T07:46:53+00:00\" \/>\n<meta property=\"og:image\" content=\"https:\/\/bolting.eu\/wp-content\/uploads\/2020\/04\/Stubai-Klettersteigset-Summit-Light-Set.jpg\" \/>\n\t<meta property=\"og:image:width\" content=\"700\" \/>\n\t<meta property=\"og:image:height\" content=\"700\" \/>\n\t<meta property=\"og:image:type\" content=\"image\/jpeg\" \/>\n<meta name=\"twitter:card\" content=\"summary_large_image\" \/>\n<meta name=\"twitter:label1\" content=\"Price\" \/>\n\t<meta name=\"twitter:data1\" content=\"&euro;&nbsp;95,00\" \/>\n\t<meta name=\"twitter:label2\" content=\"Availability\" \/>\n\t<meta name=\"twitter:data2\" content=\"In stock\" \/>\n<script type=\"application\/ld+json\" class=\"yoast-schema-graph\">{\"@context\":\"https:\/\/schema.org\",\"@graph\":[{\"@type\":[\"WebPage\",\"ItemPage\"],\"@id\":\"https:\/\/bolting.eu\/en\/shop\/stubai-klettersteigset-summit-light\/\",\"url\":\"https:\/\/bolting.eu\/en\/shop\/stubai-klettersteigset-summit-light\/\",\"name\":\"Stubai Klettersteigset Summit Light: jetzt online kaufen bei bolting.eu\",\"isPartOf\":{\"@id\":\"https:\/\/bolting.eu\/en\/#website\"},\"primaryImageOfPage\":{\"@id\":\"https:\/\/bolting.eu\/en\/shop\/stubai-klettersteigset-summit-light\/#primaryimage\"},\"image\":{\"@id\":\"https:\/\/bolting.eu\/en\/shop\/stubai-klettersteigset-summit-light\/#primaryimage\"},\"thumbnailUrl\":\"https:\/\/bolting.eu\/wp-content\/uploads\/2020\/04\/Stubai-Klettersteigset-Summit-Light-Set.jpg\",\"datePublished\":\"2020-04-08T09:11:43+00:00\",\"dateModified\":\"2025-09-17T07:46:53+00:00\",\"description\":\"Hier findet ihr das STUBAI KLETTERSTEIGSET Summit Light! Ein tolles Klettersteigset aus \u00d6sterreich f\u00fcr 40-120kg schwere Personen mit genialen Karabinern!\",\"breadcrumb\":{\"@id\":\"https:\/\/bolting.eu\/en\/shop\/stubai-klettersteigset-summit-light\/#breadcrumb\"},\"inLanguage\":\"en-US\",\"potentialAction\":[{\"@type\":\"ReadAction\",\"target\":[\"https:\/\/bolting.eu\/en\/shop\/stubai-klettersteigset-summit-light\/\"]}]},{\"@type\":\"ImageObject\",\"inLanguage\":\"en-US\",\"@id\":\"https:\/\/bolting.eu\/en\/shop\/stubai-klettersteigset-summit-light\/#primaryimage\",\"url\":\"https:\/\/bolting.eu\/wp-content\/uploads\/2020\/04\/Stubai-Klettersteigset-Summit-Light-Set.jpg\",\"contentUrl\":\"https:\/\/bolting.eu\/wp-content\/uploads\/2020\/04\/Stubai-Klettersteigset-Summit-Light-Set.jpg\",\"width\":700,\"height\":700,\"caption\":\"Das Bild zeigt das Stubai Klettersteigset Summit Light. Es liegt quer ausgebreitet in Mitte eines wei\u00dfen Quadrates. Man erkennt alle Produktdetails wie Anseilschlaufe, Falld\u00e4mpfer, elastische Arme und die zwei Klettersteigkarabiner.\"},{\"@type\":\"BreadcrumbList\",\"@id\":\"https:\/\/bolting.eu\/en\/shop\/stubai-klettersteigset-summit-light\/#breadcrumb\",\"itemListElement\":[{\"@type\":\"ListItem\",\"position\":1,\"name\":\"Shop\",\"item\":\"https:\/\/bolting.eu\/en\/shop\/\"},{\"@type\":\"ListItem\",\"position\":2,\"name\":\"climbing equipment\",\"item\":\"https:\/\/bolting.eu\/en\/produkt-kategorie\/climbing-equipment\/\"},{\"@type\":\"ListItem\",\"position\":3,\"name\":\"Klettersteigsets\",\"item\":\"https:\/\/bolting.eu\/produkt-kategorie\/kletterausruestung\/klettersteigsets\/\"},{\"@type\":\"ListItem\",\"position\":4,\"name\":\"Stubai Klettersteigset Summit Light\"}]},{\"@type\":\"WebSite\",\"@id\":\"https:\/\/bolting.eu\/en\/#website\",\"url\":\"https:\/\/bolting.eu\/en\/\",\"name\":\"bolting.eu\",\"description\":\"we make climbs happen\",\"publisher\":{\"@id\":\"https:\/\/bolting.eu\/en\/#organization\"},\"potentialAction\":[{\"@type\":\"SearchAction\",\"target\":{\"@type\":\"EntryPoint\",\"urlTemplate\":\"https:\/\/bolting.eu\/en\/?s={search_term_string}\"},\"query-input\":{\"@type\":\"PropertyValueSpecification\",\"valueRequired\":true,\"valueName\":\"search_term_string\"}}],\"inLanguage\":\"en-US\"},{\"@type\":[\"Organization\",\"Place\",\"SportingGoodsStore\"],\"@id\":\"https:\/\/bolting.eu\/en\/#organization\",\"name\":\"bolting.eu\",\"url\":\"https:\/\/bolting.eu\/en\/\",\"logo\":{\"@id\":\"https:\/\/bolting.eu\/en\/shop\/stubai-klettersteigset-summit-light\/#local-main-organization-logo\"},\"image\":{\"@id\":\"https:\/\/bolting.eu\/en\/shop\/stubai-klettersteigset-summit-light\/#local-main-organization-logo\"},\"sameAs\":[\"https:\/\/www.facebook.com\/bolting.eu\",\"https:\/\/www.instagram.com\/bolting.eu\/\"],\"address\":{\"@id\":\"https:\/\/bolting.eu\/en\/shop\/stubai-klettersteigset-summit-light\/#local-main-place-address\"},\"geo\":{\"@type\":\"GeoCoordinates\",\"latitude\":\"47.264176340396226\",\"longitude\":\"11.380109057672346\"},\"telephone\":[\"+43 699 19083372\"],\"openingHoursSpecification\":[{\"@type\":\"OpeningHoursSpecification\",\"dayOfWeek\":[\"Monday\",\"Wednesday\",\"Friday\"],\"opens\":\"14:00\",\"closes\":\"18:00\"},{\"@type\":\"OpeningHoursSpecification\",\"dayOfWeek\":[\"Tuesday\",\"Thursday\",\"Saturday\",\"Sunday\"],\"opens\":\"00:00\",\"closes\":\"00:00\"}],\"email\":\"office@bolting.eu\",\"vatID\":\"ATU59999728\",\"priceRange\":\"$$\",\"currenciesAccepted\":\"Euro\"},{\"@type\":\"PostalAddress\",\"@id\":\"https:\/\/bolting.eu\/en\/shop\/stubai-klettersteigset-summit-light\/#local-main-place-address\",\"streetAddress\":\"Fischnalerstra\u00dfe 4\",\"addressLocality\":\"Innsbruck\",\"postalCode\":\"6020\",\"addressRegion\":\"Tirol\",\"addressCountry\":\"AT\"},{\"@type\":\"ImageObject\",\"inLanguage\":\"en-US\",\"@id\":\"https:\/\/bolting.eu\/en\/shop\/stubai-klettersteigset-summit-light\/#local-main-organization-logo\",\"url\":\"https:\/\/bolting.eu\/wp-content\/uploads\/2019\/09\/bolting-logo.png\",\"contentUrl\":\"https:\/\/bolting.eu\/wp-content\/uploads\/2019\/09\/bolting-logo.png\",\"width\":400,\"height\":211,\"caption\":\"bolting.eu\"}]}<\/script>\n<meta property=\"product:price:amount\" content=\"95.00\" \/>\n<meta property=\"product:price:currency\" content=\"EUR\" \/>\n<meta property=\"og:availability\" content=\"instock\" \/>\n<meta property=\"product:availability\" content=\"instock\" \/>\n<meta property=\"product:retailer_item_id\" content=\"988476\" \/>\n<meta property=\"product:condition\" content=\"new\" \/>\n<meta name=\"geo.placename\" content=\"Innsbruck\" \/>\n<meta name=\"geo.position\" content=\"47.264176340396226;11.380109057672346\" \/>\n<meta name=\"geo.region\" content=\"Austria\" \/>\n<!-- \/ Yoast SEO Premium plugin. -->","yoast_head_json":{"title":"Stubai Klettersteigset Summit Light: jetzt online kaufen bei bolting.eu","description":"Hier findet ihr das STUBAI KLETTERSTEIGSET Summit Light! Ein tolles Klettersteigset aus \u00d6sterreich f\u00fcr 40-120kg schwere Personen mit genialen Karabinern!","robots":{"index":"index","follow":"follow","max-snippet":"max-snippet:-1","max-image-preview":"max-image-preview:large","max-video-preview":"max-video-preview:-1"},"canonical":"https:\/\/bolting.eu\/en\/shop\/stubai-klettersteigset-summit-light\/","og_locale":"en_US","og_type":"article","og_title":"Stubai Klettersteigset Summit Light","og_description":"Hier findet ihr das STUBAI KLETTERSTEIGSET Summit Light! Ein tolles Klettersteigset aus \u00d6sterreich f\u00fcr 40-120kg schwere Personen mit genialen Karabinern!","og_url":"https:\/\/bolting.eu\/en\/shop\/stubai-klettersteigset-summit-light\/","og_site_name":"bolting.eu","article_publisher":"https:\/\/www.facebook.com\/bolting.eu","article_modified_time":"2025-09-17T07:46:53+00:00","og_image":[{"width":700,"height":700,"url":"https:\/\/bolting.eu\/wp-content\/uploads\/2020\/04\/Stubai-Klettersteigset-Summit-Light-Set.jpg","type":"image\/jpeg"}],"twitter_card":"summary_large_image","twitter_misc":{"Price":"&euro;&nbsp;95,00","Availability":"In stock"},"schema":{"@context":"https:\/\/schema.org","@graph":[{"@type":["WebPage","ItemPage"],"@id":"https:\/\/bolting.eu\/en\/shop\/stubai-klettersteigset-summit-light\/","url":"https:\/\/bolting.eu\/en\/shop\/stubai-klettersteigset-summit-light\/","name":"Stubai Klettersteigset Summit Light: jetzt online kaufen bei bolting.eu","isPartOf":{"@id":"https:\/\/bolting.eu\/en\/#website"},"primaryImageOfPage":{"@id":"https:\/\/bolting.eu\/en\/shop\/stubai-klettersteigset-summit-light\/#primaryimage"},"image":{"@id":"https:\/\/bolting.eu\/en\/shop\/stubai-klettersteigset-summit-light\/#primaryimage"},"thumbnailUrl":"https:\/\/bolting.eu\/wp-content\/uploads\/2020\/04\/Stubai-Klettersteigset-Summit-Light-Set.jpg","datePublished":"2020-04-08T09:11:43+00:00","dateModified":"2025-09-17T07:46:53+00:00","description":"Hier findet ihr das STUBAI KLETTERSTEIGSET Summit Light! Ein tolles Klettersteigset aus \u00d6sterreich f\u00fcr 40-120kg schwere Personen mit genialen Karabinern!","breadcrumb":{"@id":"https:\/\/bolting.eu\/en\/shop\/stubai-klettersteigset-summit-light\/#breadcrumb"},"inLanguage":"en-US","potentialAction":[{"@type":"ReadAction","target":["https:\/\/bolting.eu\/en\/shop\/stubai-klettersteigset-summit-light\/"]}]},{"@type":"ImageObject","inLanguage":"en-US","@id":"https:\/\/bolting.eu\/en\/shop\/stubai-klettersteigset-summit-light\/#primaryimage","url":"https:\/\/bolting.eu\/wp-content\/uploads\/2020\/04\/Stubai-Klettersteigset-Summit-Light-Set.jpg","contentUrl":"https:\/\/bolting.eu\/wp-content\/uploads\/2020\/04\/Stubai-Klettersteigset-Summit-Light-Set.jpg","width":700,"height":700,"caption":"Das Bild zeigt das Stubai Klettersteigset Summit Light. Es liegt quer ausgebreitet in Mitte eines wei\u00dfen Quadrates. Man erkennt alle Produktdetails wie Anseilschlaufe, Falld\u00e4mpfer, elastische Arme und die zwei Klettersteigkarabiner."},{"@type":"BreadcrumbList","@id":"https:\/\/bolting.eu\/en\/shop\/stubai-klettersteigset-summit-light\/#breadcrumb","itemListElement":[{"@type":"ListItem","position":1,"name":"Shop","item":"https:\/\/bolting.eu\/en\/shop\/"},{"@type":"ListItem","position":2,"name":"climbing equipment","item":"https:\/\/bolting.eu\/en\/produkt-kategorie\/climbing-equipment\/"},{"@type":"ListItem","position":3,"name":"Klettersteigsets","item":"https:\/\/bolting.eu\/produkt-kategorie\/kletterausruestung\/klettersteigsets\/"},{"@type":"ListItem","position":4,"name":"Stubai Klettersteigset Summit Light"}]},{"@type":"WebSite","@id":"https:\/\/bolting.eu\/en\/#website","url":"https:\/\/bolting.eu\/en\/","name":"bolting.eu","description":"we make climbs happen","publisher":{"@id":"https:\/\/bolting.eu\/en\/#organization"},"potentialAction":[{"@type":"SearchAction","target":{"@type":"EntryPoint","urlTemplate":"https:\/\/bolting.eu\/en\/?s={search_term_string}"},"query-input":{"@type":"PropertyValueSpecification","valueRequired":true,"valueName":"search_term_string"}}],"inLanguage":"en-US"},{"@type":["Organization","Place","SportingGoodsStore"],"@id":"https:\/\/bolting.eu\/en\/#organization","name":"bolting.eu","url":"https:\/\/bolting.eu\/en\/","logo":{"@id":"https:\/\/bolting.eu\/en\/shop\/stubai-klettersteigset-summit-light\/#local-main-organization-logo"},"image":{"@id":"https:\/\/bolting.eu\/en\/shop\/stubai-klettersteigset-summit-light\/#local-main-organization-logo"},"sameAs":["https:\/\/www.facebook.com\/bolting.eu","https:\/\/www.instagram.com\/bolting.eu\/"],"address":{"@id":"https:\/\/bolting.eu\/en\/shop\/stubai-klettersteigset-summit-light\/#local-main-place-address"},"geo":{"@type":"GeoCoordinates","latitude":"47.264176340396226","longitude":"11.380109057672346"},"telephone":["+43 699 19083372"],"openingHoursSpecification":[{"@type":"OpeningHoursSpecification","dayOfWeek":["Monday","Wednesday","Friday"],"opens":"14:00","closes":"18:00"},{"@type":"OpeningHoursSpecification","dayOfWeek":["Tuesday","Thursday","Saturday","Sunday"],"opens":"00:00","closes":"00:00"}],"email":"office@bolting.eu","vatID":"ATU59999728","priceRange":"$$","currenciesAccepted":"Euro"},{"@type":"PostalAddress","@id":"https:\/\/bolting.eu\/en\/shop\/stubai-klettersteigset-summit-light\/#local-main-place-address","streetAddress":"Fischnalerstra\u00dfe 4","addressLocality":"Innsbruck","postalCode":"6020","addressRegion":"Tirol","addressCountry":"AT"},{"@type":"ImageObject","inLanguage":"en-US","@id":"https:\/\/bolting.eu\/en\/shop\/stubai-klettersteigset-summit-light\/#local-main-organization-logo","url":"https:\/\/bolting.eu\/wp-content\/uploads\/2019\/09\/bolting-logo.png","contentUrl":"https:\/\/bolting.eu\/wp-content\/uploads\/2019\/09\/bolting-logo.png","width":400,"height":211,"caption":"bolting.eu"}]},"product_price_amount":"95.00","product_price_currency":"EUR","og_availability":"instock","product_availability":"instock","product_retailer_item_id":"988476","product_condition":"new","geo.placename":"Innsbruck","geo.position":{"lat":"47.264176340396226","long":"11.380109057672346"},"geo.region":"Austria"},"_links":{"self":[{"href":"https:\/\/bolting.eu\/en\/wp-json\/wp\/v2\/product\/3096","targetHints":{"allow":["GET"]}}],"collection":[{"href":"https:\/\/bolting.eu\/en\/wp-json\/wp\/v2\/product"}],"about":[{"href":"https:\/\/bolting.eu\/en\/wp-json\/wp\/v2\/types\/product"}],"replies":[{"embeddable":true,"href":"https:\/\/bolting.eu\/en\/wp-json\/wp\/v2\/comments?post=3096"}],"wp:featuredmedia":[{"embeddable":true,"href":"https:\/\/bolting.eu\/en\/wp-json\/wp\/v2\/media\/3098"}],"wp:attachment":[{"href":"https:\/\/bolting.eu\/en\/wp-json\/wp\/v2\/media?parent=3096"}],"wp:term":[{"taxonomy":"product_brand","embeddable":true,"href":"https:\/\/bolting.eu\/en\/wp-json\/wp\/v2\/product_brand?post=3096"},{"taxonomy":"product_cat","embeddable":true,"href":"https:\/\/bolting.eu\/en\/wp-json\/wp\/v2\/product_cat?post=3096"},{"taxonomy":"product_tag","embeddable":true,"href":"https:\/\/bolting.eu\/en\/wp-json\/wp\/v2\/product_tag?post=3096"}],"curies":[{"name":"wp","href":"https:\/\/api.w.org\/{rel}","templated":true}]}}