{"id":30870,"date":"2025-02-10T18:37:10","date_gmt":"2025-02-10T17:37:10","guid":{"rendered":"https:\/\/bolting.eu\/?post_type=product&#038;p=30870"},"modified":"2026-01-05T13:28:38","modified_gmt":"2026-01-05T12:28:38","slug":"petzl-absorbica-y-80","status":"publish","type":"product","link":"https:\/\/bolting.eu\/en\/shop\/petzl-absorbica-y-80\/","title":{"rendered":"Petzl Absorbica Y 80"},"content":{"rendered":"<p>Das Petzl Absorbica Y 80 ist ein doppeltes Verbindungsmittel mit einem kompakten Bandfalld\u00e4mpfer.<\/p>\n<p>Dieses Produkt ist zur Fortbewegung bei H\u00f6henarbeiten gedacht. Erstens f\u00fcr vertikalen Strukturen. Zweitens an Seilgel\u00e4ndern. Und drittens zum Passieren von Zwischensicherungen.<\/p>\n<p>Zugelassen ist dieses Modell von 60kg bis 140kg.<\/p>\n<p>Das Verbindungsmittel k\u00f6nnt ihr mit mehreren Verbindungselementen am<a href=\"https:\/\/bolting.eu\/produkt-kategorie\/industriekletter-ausruestung\/industrieklettergurt\/\"> Industrieklettergurt<\/a> befestigen. Anschlagseitig bieten sich ebenfalls mehrere Optionen an.<\/p>\n<p>Kurzum. Dieses Teil sollte in keiner erweiterten <a href=\"https:\/\/bolting.eu\/produkt-kategorie\/industriekletter-ausruestung\/\">Industriekletter Ausr\u00fcstung<\/a> fehlen!<\/p>\n<h2>Eigenschaften Petzl Absorbica Y 80<\/h2>\n<ul>\n<li>Hersteller: <a href=\"https:\/\/bolting.eu\/produkt-kategorie\/petzl\/\">Petzl<\/a><\/li>\n<li>Material: Polyester, Polyamid<\/li>\n<li>Gewicht: 240 Gramm<\/li>\n<li>maximale L\u00e4nge inkl. Verbindungsmittel: 100cm<\/li>\n<li>Normen: EN 355<\/li>\n<li>genormt f\u00fcr 60kg &#8211; 140kg K\u00f6rpergewicht<\/li>\n<li>doppeltes Verbindungsmittel<\/li>\n<li>nimmt Fallenergie auf<\/li>\n<li>platzsparender <a href=\"https:\/\/bolting.eu\/produkt-kategorie\/industriekletter-ausruestung\/bandfalldaempfer\/\">Bandfalld\u00e4mpfer<\/a><\/li>\n<li>permanente Befestigung gurtseitig: <a href=\"https:\/\/bolting.eu\/shop\/petzl-ring-open\/\">Ring open<\/a>, Swivel open<\/li>\n<li>Befestigung gurtseitig bei oftmaligem Ein- Aush\u00e4ngen: <a href=\"https:\/\/bolting.eu\/shop\/petzl-ok-triact-lock\/\">OK Triact-Lock<\/a> + <a href=\"https:\/\/bolting.eu\/shop\/petzl-string-karabinerfixierung\/\">String<\/a> Verdrehschutz<\/li>\n<li>Verbindungsmittel anschlagseitig: <a href=\"https:\/\/bolting.eu\/shop\/petzl-mgo-open\/\">MGO open<\/a>, <a href=\"https:\/\/bolting.eu\/shop\/petzl-eashook-open\/\">Eashook open<\/a>, <a href=\"https:\/\/bolting.eu\/shop\/petzl-amd\/\">AM\u00b4D TL<\/a>, &#8230;<\/li>\n<li>auch immer im <a href=\"https:\/\/bolting.eu\/industrieklettershop\/\">Industrieklettershop Innsbruck<\/a> lagernd!<\/li>\n<li><a href=\"https:\/\/www.petzl.com\/AT\/de\/Professional\/Verbindungsmittel-und-Falldampfer\/ABSORBICA-Y-80#:~:text=Das%20PDF%20herunterladen%20%3A%20technical%2Dnotice%2DABSORBICA%2DI%2DY%2D1%20%2D%202.37%20MB\">Bedienungsanleitung<\/a><\/li>\n<\/ul>\n<h3>Produktvideo<\/h3>\n<p><iframe loading=\"lazy\" title=\"ABSORBICA\u00ae-Y - Doppeltes Verbindungsmittel mit integriertem Falld\u00e4mpfer\" src=\"https:\/\/player.vimeo.com\/video\/831485023?dnt=1&amp;app_id=122963\" width=\"1020\" height=\"574\" frameborder=\"0\" allow=\"autoplay; fullscreen; picture-in-picture; clipboard-write; encrypted-media; web-share\" referrerpolicy=\"strict-origin-when-cross-origin\"><\/iframe><\/p>\n<h3>Modul zur Sturzraumberechnung<\/h3>\n<p><a href=\"https:\/\/bolting.eu\/wp-content\/uploads\/2025\/02\/Petzl-Absorbica-y-80-7.jpg\"><img loading=\"lazy\" decoding=\"async\" class=\"wp-image-30891 alignnone\" src=\"https:\/\/bolting.eu\/wp-content\/uploads\/2025\/02\/Petzl-Absorbica-y-80-7.jpg\" alt=\"Grafik mit zwei M\u00e4nnern zur Erkl\u00e4rung der Gewichts Normen f\u00fcr Petzl Absorbica Y 80 Bandfalld\u00e4mpfer.\" width=\"600\" height=\"431\" srcset=\"https:\/\/bolting.eu\/wp-content\/uploads\/2025\/02\/Petzl-Absorbica-y-80-7.jpg 1024w, https:\/\/bolting.eu\/wp-content\/uploads\/2025\/02\/Petzl-Absorbica-y-80-7-557x400.jpg 557w, https:\/\/bolting.eu\/wp-content\/uploads\/2025\/02\/Petzl-Absorbica-y-80-7-768x551.jpg 768w, https:\/\/bolting.eu\/wp-content\/uploads\/2025\/02\/Petzl-Absorbica-y-80-7-510x366.jpg 510w, https:\/\/bolting.eu\/wp-content\/uploads\/2025\/02\/Petzl-Absorbica-y-80-7-100x72.jpg 100w\" sizes=\"auto, (max-width: 600px) 100vw, 600px\" \/><\/a>Petzl bietet eine Online Rechner f\u00fcr den Sturzraum an. So auch f\u00fcr den\u00a0Petzl Absorbica Variante Y 80.<\/p>\n<p>Einfach die jeweiligen Parameter eingeben und schon bekommt ihr den ben\u00f6tigten Sturzraum errechnet!<\/p>\n<h3>Genormt f\u00fcr 60kg bis 140kg<\/h3>\n<p>Diese Bandfalld\u00e4mpfer-Verbindungsmittel Kombi ist f\u00fcr 60-140kg genormt.<\/p>\n<p>Folglich k\u00f6nnen auch kleine bzw. sehr kr\u00e4ftige Personen diese Ausr\u00fcstung verwenden.<\/p>\n<p><a href=\"https:\/\/bolting.eu\/wp-content\/uploads\/2025\/02\/Petzl-Absorbica-y-80-3.jpg\"><img loading=\"lazy\" decoding=\"async\" class=\"alignnone wp-image-30877\" src=\"https:\/\/bolting.eu\/wp-content\/uploads\/2025\/02\/Petzl-Absorbica-y-80-3.jpg\" alt=\"Grafik mit zwei M\u00e4nnern zur Erkl\u00e4rung der Gewichts Normen f\u00fcr Petzl Absorbica Y 80 Bandfalld\u00e4mpfer.\" width=\"800\" height=\"574\" srcset=\"https:\/\/bolting.eu\/wp-content\/uploads\/2025\/02\/Petzl-Absorbica-y-80-3.jpg 1024w, https:\/\/bolting.eu\/wp-content\/uploads\/2025\/02\/Petzl-Absorbica-y-80-3-557x400.jpg 557w, https:\/\/bolting.eu\/wp-content\/uploads\/2025\/02\/Petzl-Absorbica-y-80-3-768x551.jpg 768w, https:\/\/bolting.eu\/wp-content\/uploads\/2025\/02\/Petzl-Absorbica-y-80-3-510x366.jpg 510w, https:\/\/bolting.eu\/wp-content\/uploads\/2025\/02\/Petzl-Absorbica-y-80-3-100x72.jpg 100w\" sizes=\"auto, (max-width: 800px) 100vw, 800px\" \/><\/a><\/p>\n<h3>Passende Verbindungselemente<\/h3>\n<p>F\u00fcr die Absorbica Y Reihe findet ihr hier unsere Empfehlungen f\u00fcr passende Verbindungselemente.<\/p>\n<p>Zum einen sind anschlagseitig MGO open bzw. Eashook open die besten Optionen.<\/p>\n<p>Zum anderen empfehlen wir gurtseitig:<\/p>\n<p>Erstens bei fixer Verbindung: Ring open bzw. Swivel open<\/p>\n<p>Zweitens bei oftmaligem Ein Aush\u00e4ngen: AM\u00b4D TL bzw. OK TL immer in Verbindung mit String Verdrehschutz.<\/p>\n<p><a href=\"https:\/\/bolting.eu\/wp-content\/uploads\/2025\/02\/Petzl-Absorbica-y-80-1.jpg\"><img loading=\"lazy\" decoding=\"async\" class=\"alignnone wp-image-30881\" src=\"https:\/\/bolting.eu\/wp-content\/uploads\/2025\/02\/Petzl-Absorbica-y-80-1.jpg\" alt=\"Grafik mit Beispielen der richtigen Verbindungselemente f\u00fcr Petzl Absorbica Y Bandfalld\u00e4mpfer Modellreihe.\" width=\"800\" height=\"400\" srcset=\"https:\/\/bolting.eu\/wp-content\/uploads\/2025\/02\/Petzl-Absorbica-y-80-1.jpg 1024w, https:\/\/bolting.eu\/wp-content\/uploads\/2025\/02\/Petzl-Absorbica-y-80-1-800x400.jpg 800w, https:\/\/bolting.eu\/wp-content\/uploads\/2025\/02\/Petzl-Absorbica-y-80-1-768x384.jpg 768w, https:\/\/bolting.eu\/wp-content\/uploads\/2025\/02\/Petzl-Absorbica-y-80-1-510x255.jpg 510w, https:\/\/bolting.eu\/wp-content\/uploads\/2025\/02\/Petzl-Absorbica-y-80-1-100x50.jpg 100w\" sizes=\"auto, (max-width: 800px) 100vw, 800px\" \/><\/a><\/p>\n<h3>Petzl Absorbica Y 80 Bandfalld\u00e4mpfer<\/h3>\n<p>Der Bandfalld\u00e4mpfer dieser Serie ist besonders kompakt. Somit st\u00f6rt er bei der Fortbewegung nicht.<\/p>\n<p>Zudem ist er mit gerade 15cm sehr kurz und sorgt f\u00fcr einen kleinen Sturzraum.<\/p>\n<p>Weiters hat er eine strapazierf\u00e4hige Stoffh\u00fclle. Denn diese gew\u00e4hrt eine lange Lebensdauer. Abschlie\u00dfend kann man sie aber leicht f\u00fcr die Inspektion \u00f6ffnen und schlie\u00dfen.<\/p>\n<p><a href=\"https:\/\/bolting.eu\/wp-content\/uploads\/2025\/02\/Petzl-Absorbica-y-80-5.jpg\"><img loading=\"lazy\" decoding=\"async\" class=\"alignnone wp-image-30873\" src=\"https:\/\/bolting.eu\/wp-content\/uploads\/2025\/02\/Petzl-Absorbica-y-80-5.jpg\" alt=\"Schwarz gelber Petzl Absorbica Y 80 Bandfalld\u00e4mpfer mit Logo auf wei\u00dfem Hintergrund.\" width=\"800\" height=\"574\" srcset=\"https:\/\/bolting.eu\/wp-content\/uploads\/2025\/02\/Petzl-Absorbica-y-80-5.jpg 1024w, https:\/\/bolting.eu\/wp-content\/uploads\/2025\/02\/Petzl-Absorbica-y-80-5-557x400.jpg 557w, https:\/\/bolting.eu\/wp-content\/uploads\/2025\/02\/Petzl-Absorbica-y-80-5-768x551.jpg 768w, https:\/\/bolting.eu\/wp-content\/uploads\/2025\/02\/Petzl-Absorbica-y-80-5-510x366.jpg 510w, https:\/\/bolting.eu\/wp-content\/uploads\/2025\/02\/Petzl-Absorbica-y-80-5-100x72.jpg 100w\" sizes=\"auto, (max-width: 800px) 100vw, 800px\" \/><\/a><\/p>\n","protected":false},"excerpt":{"rendered":"<p>Einfaches, doppeltes Verbindungsmittel mit kompaktem Bandfalld\u00e4mpfer.<\/p>\n<p>Ideal f\u00fcr vertikale Strukturen, Seilgel\u00e4nde rund wo Zwischensicherungen \u00fcberwunden werden m\u00fcssen.<\/p>\n<p>Versandkostenfrei bis 2kg in\u00a0<img decoding=\"async\" class=\"emoji\" role=\"img\" draggable=\"false\" src=\"https:\/\/s.w.org\/images\/core\/emoji\/14.0.0\/svg\/1f1e6-1f1f9.svg\" alt=\"\ud83c\udde6\ud83c\uddf9\" \/>\u00a0ab \u20ac 100,- und\u00a0<img decoding=\"async\" class=\"emoji\" role=\"img\" draggable=\"false\" src=\"https:\/\/s.w.org\/images\/core\/emoji\/14.0.0\/svg\/1f1e9-1f1ea.svg\" alt=\"\ud83c\udde9\ud83c\uddea\" \/>\u00a0ab \u20ac 200,-!<\/p>\n","protected":false},"featured_media":30871,"comment_status":"closed","ping_status":"closed","template":"","meta":[],"product_brand":[],"product_cat":[14748,14093,14513,14741],"product_tag":[],"class_list":{"0":"post-30870","1":"product","2":"type-product","3":"status-publish","4":"has-post-thumbnail","6":"product_cat-verbindungsmittel","7":"product_cat-petzl","8":"product_cat-industriekletter-ausruestung","9":"product_cat-bandfalldaempfer","11":"first","12":"instock","13":"sale","14":"taxable","15":"shipping-taxable","16":"purchasable","17":"product-type-simple"},"yoast_head":"<!-- This site is optimized with the Yoast SEO Premium plugin v26.9 (Yoast SEO v26.9) - https:\/\/yoast.com\/product\/yoast-seo-premium-wordpress\/ -->\n<title>Petzl Absorbica Y 80 - doppeltes Verbindungsmittel | bolting.eu<\/title>\n<meta name=\"description\" content=\"Petzl Absorbica Y 80 beim Industriekletterprofi kaufen \u2705 Trusted Shop \u2705 kostenloser Versand* \u2705 14 Tage R\u00fcckgaberecht \u2705 Co2 neutrale Zustellung\" \/>\n<meta name=\"robots\" content=\"index, follow, max-snippet:-1, max-image-preview:large, max-video-preview:-1\" \/>\n<link rel=\"canonical\" href=\"https:\/\/bolting.eu\/en\/shop\/petzl-absorbica-y-80\/\" \/>\n<meta property=\"og:locale\" content=\"en_US\" \/>\n<meta property=\"og:type\" content=\"article\" \/>\n<meta property=\"og:title\" content=\"Petzl Absorbica Y 80\" \/>\n<meta property=\"og:description\" content=\"Petzl Absorbica Y 80 beim Industriekletterprofi kaufen \u2705 Trusted Shop \u2705 kostenloser Versand* \u2705 14 Tage R\u00fcckgaberecht \u2705 Co2 neutrale Zustellung\" \/>\n<meta property=\"og:url\" content=\"https:\/\/bolting.eu\/en\/shop\/petzl-absorbica-y-80\/\" \/>\n<meta property=\"og:site_name\" content=\"bolting.eu\" \/>\n<meta property=\"article:publisher\" content=\"https:\/\/www.facebook.com\/bolting.eu\" \/>\n<meta property=\"article:modified_time\" content=\"2026-01-05T12:28:38+00:00\" \/>\n<meta property=\"og:image\" content=\"https:\/\/bolting.eu\/wp-content\/uploads\/2025\/02\/Petzl-Absorbica-y-80-6.jpg\" \/>\n\t<meta property=\"og:image:width\" content=\"700\" \/>\n\t<meta property=\"og:image:height\" content=\"700\" \/>\n\t<meta property=\"og:image:type\" content=\"image\/jpeg\" \/>\n<meta name=\"twitter:card\" content=\"summary_large_image\" \/>\n<meta name=\"twitter:label1\" content=\"Price\" \/>\n\t<meta name=\"twitter:data1\" content=\"&euro;&nbsp;74,00\" \/>\n\t<meta name=\"twitter:label2\" content=\"Availability\" \/>\n\t<meta name=\"twitter:data2\" content=\"In stock\" \/>\n<script type=\"application\/ld+json\" class=\"yoast-schema-graph\">{\"@context\":\"https:\/\/schema.org\",\"@graph\":[{\"@type\":[\"WebPage\",\"ItemPage\"],\"@id\":\"https:\/\/bolting.eu\/en\/shop\/petzl-absorbica-y-80\/\",\"url\":\"https:\/\/bolting.eu\/en\/shop\/petzl-absorbica-y-80\/\",\"name\":\"Petzl Absorbica Y 80 - doppeltes Verbindungsmittel | bolting.eu\",\"isPartOf\":{\"@id\":\"https:\/\/bolting.eu\/en\/#website\"},\"primaryImageOfPage\":{\"@id\":\"https:\/\/bolting.eu\/en\/shop\/petzl-absorbica-y-80\/#primaryimage\"},\"image\":{\"@id\":\"https:\/\/bolting.eu\/en\/shop\/petzl-absorbica-y-80\/#primaryimage\"},\"thumbnailUrl\":\"https:\/\/bolting.eu\/wp-content\/uploads\/2025\/02\/Petzl-Absorbica-y-80-6.jpg\",\"datePublished\":\"2025-02-10T17:37:10+00:00\",\"dateModified\":\"2026-01-05T12:28:38+00:00\",\"description\":\"Petzl Absorbica Y 80 beim Industriekletterprofi kaufen \u2705 Trusted Shop \u2705 kostenloser Versand* \u2705 14 Tage R\u00fcckgaberecht \u2705 Co2 neutrale Zustellung\",\"breadcrumb\":{\"@id\":\"https:\/\/bolting.eu\/en\/shop\/petzl-absorbica-y-80\/#breadcrumb\"},\"inLanguage\":\"en-US\",\"potentialAction\":[{\"@type\":\"ReadAction\",\"target\":[\"https:\/\/bolting.eu\/en\/shop\/petzl-absorbica-y-80\/\"]}]},{\"@type\":\"ImageObject\",\"inLanguage\":\"en-US\",\"@id\":\"https:\/\/bolting.eu\/en\/shop\/petzl-absorbica-y-80\/#primaryimage\",\"url\":\"https:\/\/bolting.eu\/wp-content\/uploads\/2025\/02\/Petzl-Absorbica-y-80-6.jpg\",\"contentUrl\":\"https:\/\/bolting.eu\/wp-content\/uploads\/2025\/02\/Petzl-Absorbica-y-80-6.jpg\",\"width\":700,\"height\":700,\"caption\":\"Schwarz gelber Petzl Absorbica Y 80 Bandfalld\u00e4mpfer vertikal ausgefahren vor wei\u00dfem Hintergrund.\"},{\"@type\":\"BreadcrumbList\",\"@id\":\"https:\/\/bolting.eu\/en\/shop\/petzl-absorbica-y-80\/#breadcrumb\",\"itemListElement\":[{\"@type\":\"ListItem\",\"position\":1,\"name\":\"Shop\",\"item\":\"https:\/\/bolting.eu\/en\/shop\/\"},{\"@type\":\"ListItem\",\"position\":2,\"name\":\"Industrial climbing gear\",\"item\":\"https:\/\/bolting.eu\/en\/produkt-kategorie\/industrial-climbing-gear\/\"},{\"@type\":\"ListItem\",\"position\":3,\"name\":\"Belt energy absorber\",\"item\":\"https:\/\/bolting.eu\/en\/produkt-kategorie\/belt-energy-absorber\/\"},{\"@type\":\"ListItem\",\"position\":4,\"name\":\"Petzl Absorbica Y 80\"}]},{\"@type\":\"WebSite\",\"@id\":\"https:\/\/bolting.eu\/en\/#website\",\"url\":\"https:\/\/bolting.eu\/en\/\",\"name\":\"bolting.eu\",\"description\":\"we make climbs happen\",\"publisher\":{\"@id\":\"https:\/\/bolting.eu\/en\/#organization\"},\"potentialAction\":[{\"@type\":\"SearchAction\",\"target\":{\"@type\":\"EntryPoint\",\"urlTemplate\":\"https:\/\/bolting.eu\/en\/?s={search_term_string}\"},\"query-input\":{\"@type\":\"PropertyValueSpecification\",\"valueRequired\":true,\"valueName\":\"search_term_string\"}}],\"inLanguage\":\"en-US\"},{\"@type\":[\"Organization\",\"Place\",\"SportingGoodsStore\"],\"@id\":\"https:\/\/bolting.eu\/en\/#organization\",\"name\":\"bolting.eu\",\"url\":\"https:\/\/bolting.eu\/en\/\",\"logo\":{\"@id\":\"https:\/\/bolting.eu\/en\/shop\/petzl-absorbica-y-80\/#local-main-organization-logo\"},\"image\":{\"@id\":\"https:\/\/bolting.eu\/en\/shop\/petzl-absorbica-y-80\/#local-main-organization-logo\"},\"sameAs\":[\"https:\/\/www.facebook.com\/bolting.eu\",\"https:\/\/www.instagram.com\/bolting.eu\/\"],\"address\":{\"@id\":\"https:\/\/bolting.eu\/en\/shop\/petzl-absorbica-y-80\/#local-main-place-address\"},\"geo\":{\"@type\":\"GeoCoordinates\",\"latitude\":\"47.264176340396226\",\"longitude\":\"11.380109057672346\"},\"telephone\":[\"+43 699 19083372\"],\"openingHoursSpecification\":[{\"@type\":\"OpeningHoursSpecification\",\"dayOfWeek\":[\"Monday\",\"Wednesday\",\"Friday\"],\"opens\":\"14:00\",\"closes\":\"18:00\"},{\"@type\":\"OpeningHoursSpecification\",\"dayOfWeek\":[\"Tuesday\",\"Thursday\",\"Saturday\",\"Sunday\"],\"opens\":\"00:00\",\"closes\":\"00:00\"}],\"email\":\"office@bolting.eu\",\"vatID\":\"ATU59999728\",\"priceRange\":\"$$\",\"currenciesAccepted\":\"Euro\"},{\"@type\":\"PostalAddress\",\"@id\":\"https:\/\/bolting.eu\/en\/shop\/petzl-absorbica-y-80\/#local-main-place-address\",\"streetAddress\":\"Fischnalerstra\u00dfe 4\",\"addressLocality\":\"Innsbruck\",\"postalCode\":\"6020\",\"addressRegion\":\"Tirol\",\"addressCountry\":\"AT\"},{\"@type\":\"ImageObject\",\"inLanguage\":\"en-US\",\"@id\":\"https:\/\/bolting.eu\/en\/shop\/petzl-absorbica-y-80\/#local-main-organization-logo\",\"url\":\"https:\/\/bolting.eu\/wp-content\/uploads\/2019\/09\/bolting-logo.png\",\"contentUrl\":\"https:\/\/bolting.eu\/wp-content\/uploads\/2019\/09\/bolting-logo.png\",\"width\":400,\"height\":211,\"caption\":\"bolting.eu\"}]}<\/script>\n<meta property=\"og:video\" content=\"https:\/\/player.vimeo.com\/video\/831485023\" \/>\n<meta property=\"og:video:type\" content=\"text\/html\" \/>\n<meta property=\"og:video:duration\" content=\"117\" \/>\n<meta property=\"og:video:width\" content=\"3840\" \/>\n<meta property=\"og:video:height\" content=\"2160\" \/>\n<meta property=\"ya:ovs:adult\" content=\"false\" \/>\n<meta property=\"ya:ovs:upload_date\" content=\"2025-02-10T17:37:10+00:00\" \/>\n<meta property=\"ya:ovs:allow_embed\" content=\"true\" \/>\n<meta property=\"product:price:amount\" content=\"74.00\" \/>\n<meta property=\"product:price:currency\" content=\"EUR\" \/>\n<meta property=\"og:availability\" content=\"instock\" \/>\n<meta property=\"product:availability\" content=\"instock\" \/>\n<meta property=\"product:retailer_item_id\" content=\"L012AB00\" \/>\n<meta property=\"product:condition\" content=\"new\" \/>\n<meta name=\"geo.placename\" content=\"Innsbruck\" \/>\n<meta name=\"geo.position\" content=\"47.264176340396226;11.380109057672346\" \/>\n<meta name=\"geo.region\" content=\"Austria\" \/>\n<!-- \/ Yoast SEO Premium plugin. -->","yoast_head_json":{"title":"Petzl Absorbica Y 80 - doppeltes Verbindungsmittel | bolting.eu","description":"Petzl Absorbica Y 80 beim Industriekletterprofi kaufen \u2705 Trusted Shop \u2705 kostenloser Versand* \u2705 14 Tage R\u00fcckgaberecht \u2705 Co2 neutrale Zustellung","robots":{"index":"index","follow":"follow","max-snippet":"max-snippet:-1","max-image-preview":"max-image-preview:large","max-video-preview":"max-video-preview:-1"},"canonical":"https:\/\/bolting.eu\/en\/shop\/petzl-absorbica-y-80\/","og_locale":"en_US","og_type":"article","og_title":"Petzl Absorbica Y 80","og_description":"Petzl Absorbica Y 80 beim Industriekletterprofi kaufen \u2705 Trusted Shop \u2705 kostenloser Versand* \u2705 14 Tage R\u00fcckgaberecht \u2705 Co2 neutrale Zustellung","og_url":"https:\/\/bolting.eu\/en\/shop\/petzl-absorbica-y-80\/","og_site_name":"bolting.eu","article_publisher":"https:\/\/www.facebook.com\/bolting.eu","article_modified_time":"2026-01-05T12:28:38+00:00","og_image":[{"width":700,"height":700,"url":"https:\/\/bolting.eu\/wp-content\/uploads\/2025\/02\/Petzl-Absorbica-y-80-6.jpg","type":"image\/jpeg"}],"twitter_card":"summary_large_image","twitter_misc":{"Price":"&euro;&nbsp;74,00","Availability":"In stock"},"schema":{"@context":"https:\/\/schema.org","@graph":[{"@type":["WebPage","ItemPage"],"@id":"https:\/\/bolting.eu\/en\/shop\/petzl-absorbica-y-80\/","url":"https:\/\/bolting.eu\/en\/shop\/petzl-absorbica-y-80\/","name":"Petzl Absorbica Y 80 - doppeltes Verbindungsmittel | bolting.eu","isPartOf":{"@id":"https:\/\/bolting.eu\/en\/#website"},"primaryImageOfPage":{"@id":"https:\/\/bolting.eu\/en\/shop\/petzl-absorbica-y-80\/#primaryimage"},"image":{"@id":"https:\/\/bolting.eu\/en\/shop\/petzl-absorbica-y-80\/#primaryimage"},"thumbnailUrl":"https:\/\/bolting.eu\/wp-content\/uploads\/2025\/02\/Petzl-Absorbica-y-80-6.jpg","datePublished":"2025-02-10T17:37:10+00:00","dateModified":"2026-01-05T12:28:38+00:00","description":"Petzl Absorbica Y 80 beim Industriekletterprofi kaufen \u2705 Trusted Shop \u2705 kostenloser Versand* \u2705 14 Tage R\u00fcckgaberecht \u2705 Co2 neutrale Zustellung","breadcrumb":{"@id":"https:\/\/bolting.eu\/en\/shop\/petzl-absorbica-y-80\/#breadcrumb"},"inLanguage":"en-US","potentialAction":[{"@type":"ReadAction","target":["https:\/\/bolting.eu\/en\/shop\/petzl-absorbica-y-80\/"]}]},{"@type":"ImageObject","inLanguage":"en-US","@id":"https:\/\/bolting.eu\/en\/shop\/petzl-absorbica-y-80\/#primaryimage","url":"https:\/\/bolting.eu\/wp-content\/uploads\/2025\/02\/Petzl-Absorbica-y-80-6.jpg","contentUrl":"https:\/\/bolting.eu\/wp-content\/uploads\/2025\/02\/Petzl-Absorbica-y-80-6.jpg","width":700,"height":700,"caption":"Schwarz gelber Petzl Absorbica Y 80 Bandfalld\u00e4mpfer vertikal ausgefahren vor wei\u00dfem Hintergrund."},{"@type":"BreadcrumbList","@id":"https:\/\/bolting.eu\/en\/shop\/petzl-absorbica-y-80\/#breadcrumb","itemListElement":[{"@type":"ListItem","position":1,"name":"Shop","item":"https:\/\/bolting.eu\/en\/shop\/"},{"@type":"ListItem","position":2,"name":"Industrial climbing gear","item":"https:\/\/bolting.eu\/en\/produkt-kategorie\/industrial-climbing-gear\/"},{"@type":"ListItem","position":3,"name":"Belt energy absorber","item":"https:\/\/bolting.eu\/en\/produkt-kategorie\/belt-energy-absorber\/"},{"@type":"ListItem","position":4,"name":"Petzl Absorbica Y 80"}]},{"@type":"WebSite","@id":"https:\/\/bolting.eu\/en\/#website","url":"https:\/\/bolting.eu\/en\/","name":"bolting.eu","description":"we make climbs happen","publisher":{"@id":"https:\/\/bolting.eu\/en\/#organization"},"potentialAction":[{"@type":"SearchAction","target":{"@type":"EntryPoint","urlTemplate":"https:\/\/bolting.eu\/en\/?s={search_term_string}"},"query-input":{"@type":"PropertyValueSpecification","valueRequired":true,"valueName":"search_term_string"}}],"inLanguage":"en-US"},{"@type":["Organization","Place","SportingGoodsStore"],"@id":"https:\/\/bolting.eu\/en\/#organization","name":"bolting.eu","url":"https:\/\/bolting.eu\/en\/","logo":{"@id":"https:\/\/bolting.eu\/en\/shop\/petzl-absorbica-y-80\/#local-main-organization-logo"},"image":{"@id":"https:\/\/bolting.eu\/en\/shop\/petzl-absorbica-y-80\/#local-main-organization-logo"},"sameAs":["https:\/\/www.facebook.com\/bolting.eu","https:\/\/www.instagram.com\/bolting.eu\/"],"address":{"@id":"https:\/\/bolting.eu\/en\/shop\/petzl-absorbica-y-80\/#local-main-place-address"},"geo":{"@type":"GeoCoordinates","latitude":"47.264176340396226","longitude":"11.380109057672346"},"telephone":["+43 699 19083372"],"openingHoursSpecification":[{"@type":"OpeningHoursSpecification","dayOfWeek":["Monday","Wednesday","Friday"],"opens":"14:00","closes":"18:00"},{"@type":"OpeningHoursSpecification","dayOfWeek":["Tuesday","Thursday","Saturday","Sunday"],"opens":"00:00","closes":"00:00"}],"email":"office@bolting.eu","vatID":"ATU59999728","priceRange":"$$","currenciesAccepted":"Euro"},{"@type":"PostalAddress","@id":"https:\/\/bolting.eu\/en\/shop\/petzl-absorbica-y-80\/#local-main-place-address","streetAddress":"Fischnalerstra\u00dfe 4","addressLocality":"Innsbruck","postalCode":"6020","addressRegion":"Tirol","addressCountry":"AT"},{"@type":"ImageObject","inLanguage":"en-US","@id":"https:\/\/bolting.eu\/en\/shop\/petzl-absorbica-y-80\/#local-main-organization-logo","url":"https:\/\/bolting.eu\/wp-content\/uploads\/2019\/09\/bolting-logo.png","contentUrl":"https:\/\/bolting.eu\/wp-content\/uploads\/2019\/09\/bolting-logo.png","width":400,"height":211,"caption":"bolting.eu"}]},"og_video":"https:\/\/player.vimeo.com\/video\/831485023","og_video_type":"text\/html","og_video_duration":"117","og_video_width":"3840","og_video_height":"2160","ya_ovs_adult":"false","ya_ovs_upload_date":"2025-02-10T17:37:10+00:00","ya_ovs_allow_embed":"true","product_price_amount":"74.00","product_price_currency":"EUR","og_availability":"instock","product_availability":"instock","product_retailer_item_id":"L012AB00","product_condition":"new","geo.placename":"Innsbruck","geo.position":{"lat":"47.264176340396226","long":"11.380109057672346"},"geo.region":"Austria"},"_links":{"self":[{"href":"https:\/\/bolting.eu\/en\/wp-json\/wp\/v2\/product\/30870","targetHints":{"allow":["GET"]}}],"collection":[{"href":"https:\/\/bolting.eu\/en\/wp-json\/wp\/v2\/product"}],"about":[{"href":"https:\/\/bolting.eu\/en\/wp-json\/wp\/v2\/types\/product"}],"replies":[{"embeddable":true,"href":"https:\/\/bolting.eu\/en\/wp-json\/wp\/v2\/comments?post=30870"}],"wp:featuredmedia":[{"embeddable":true,"href":"https:\/\/bolting.eu\/en\/wp-json\/wp\/v2\/media\/30871"}],"wp:attachment":[{"href":"https:\/\/bolting.eu\/en\/wp-json\/wp\/v2\/media?parent=30870"}],"wp:term":[{"taxonomy":"product_brand","embeddable":true,"href":"https:\/\/bolting.eu\/en\/wp-json\/wp\/v2\/product_brand?post=30870"},{"taxonomy":"product_cat","embeddable":true,"href":"https:\/\/bolting.eu\/en\/wp-json\/wp\/v2\/product_cat?post=30870"},{"taxonomy":"product_tag","embeddable":true,"href":"https:\/\/bolting.eu\/en\/wp-json\/wp\/v2\/product_tag?post=30870"}],"curies":[{"name":"wp","href":"https:\/\/api.w.org\/{rel}","templated":true}]}}