{"id":3086,"date":"2020-04-08T09:32:54","date_gmt":"2020-04-08T07:32:54","guid":{"rendered":"https:\/\/bolting.eu\/?post_type=product&#038;p=3086"},"modified":"2023-08-27T18:48:01","modified_gmt":"2023-08-27T16:48:01","slug":"stubai-kletterhandschuhe-iconic","status":"publish","type":"product","link":"https:\/\/bolting.eu\/en\/shop\/stubai-kletterhandschuhe-iconic\/","title":{"rendered":"Stubai Kletterhandschuhe Iconic"},"content":{"rendered":"<p>Die Stubai Kletterhandschuhe Iconic sind wahre Allesk\u00f6nner. Denn diese robusten Lederhandschuhe mit leichter F\u00fctterung sind sehr vielseitig. Sie eignen sich erstens f\u00fcr Klettersteige. Zweitens als Sicherungshandschuhe beim Sportklettern oder die Kletterhalle. Drittens sind sie im Outdoorbereich beim Eisklettern, Alpinklettern und sogar Skitourengehen beliebte Begleiter. Viertens werden sie von allen H\u00f6henarbeitern sehr gesch\u00e4tzt. Wegen der idealen Balance aus Schutz-Isolierung sowie Sensibilit\u00e4t in den Fingern.\u00a0Somit kann man Karabiner, Werkzeuge und zudem den Fels perfekt angreifen.<\/p>\n<p>Eine optimale Bewegungsfreiheit und guter Bedienerkomfort runden den Iconic ab. Ebenso wie die verst\u00e4rkten Hand Innenfl\u00e4chen und die Karabiner Fixierschlaufe.<\/p>\n<p>Kurzum. Dieser Kletterhandschuh ist sein Geld absolut wert. Super vielseitig, fein isoliert und sehr langlebig. Einfach Top!<\/p>\n<h3>Eigenschaften Stubai Kletterhandschuhe Iconic<\/h3>\n<ul>\n<li>komfortabler Leder Kletterhandschuh<\/li>\n<li>leicht gef\u00fcttert<\/li>\n<li>verst\u00e4rkte Innenseite<\/li>\n<li>Neopren Handgelenk mit Velcro<\/li>\n<li>Klettverschluss f\u00fcr optimalen Sitz<\/li>\n<li>super abrieb- und rutschfest<\/li>\n<li>extrem vielseitig einsetzbar<\/li>\n<li>erh\u00e4ltlich in 4 Gr\u00f6\u00dfen: S-M-L-XL<\/li>\n<\/ul>\n<h3>Einsatzgebiete<\/h3>\n<p>Die Stubai Kletterhandschuhe Iconic sind f\u00fcr viele Situationen perfekt:<\/p>\n<ul>\n<li>Klettersteige<\/li>\n<li>H\u00f6henarbeiten<\/li>\n<li>Alpinklettern<\/li>\n<li>als Sicherungshandschuhe<\/li>\n<li>als Boulderhandschuh &#8211; um Finger warm zu halten<\/li>\n<li>Eisklettern<\/li>\n<\/ul>\n<p>Link Tipp: Entdecke mit deinen neuen Handschuhen einen der sch\u00f6nsten Klettersteige K\u00e4rntens: den <a href=\"https:\/\/maltatal.rocks\/klettergebiete-posts\/luft-unter-den-sohlen-klettersteig-millstaetter-see\/\" target=\"_blank\" rel=\"noopener noreferrer\">Klettersteig &#8220;Luft unter den Sohlen&#8221;<\/a> am Millst\u00e4tter See<\/p>\n","protected":false},"excerpt":{"rendered":"<ul>\n<li>komfortabler Leder Kletterhandschuh<\/li>\n<li>leicht gef\u00fcttert<\/li>\n<li>verst\u00e4rkte Innenseite<\/li>\n<li>Neopren Handgelenk mit Velcro<\/li>\n<li>Klettverschluss f\u00fcr optimalen Sitz<\/li>\n<li>super abrieb- und rutschfest<\/li>\n<li>extrem vielseitig einsetzbar<\/li>\n<li>erh\u00e4ltlich in 4 Gr\u00f6\u00dfen: S-M-L-XL<\/li>\n<\/ul>\n","protected":false},"featured_media":3091,"comment_status":"open","ping_status":"closed","template":"","meta":[],"product_brand":[],"product_cat":[6357,29,4650,6491,11052,5061,5284],"product_tag":[3465,262,264,265],"class_list":{"0":"post-3086","1":"product","2":"type-product","3":"status-publish","4":"has-post-thumbnail","6":"product_cat-boulder-zubehoer","7":"product_cat-kletterausruestung","8":"product_cat-stubai-bergsport","9":"product_cat-kletterhandschuhe","10":"product_cat-zubehoer-hochtouren","11":"product_cat-kletterzubehoer","12":"product_cat-boulder-ausruestung","13":"product_tag-kletterhalle","14":"product_tag-alpinklettern","15":"product_tag-sportklettern","16":"product_tag-big-wall-klettern","18":"first","19":"instock","20":"taxable","21":"shipping-taxable","22":"purchasable","23":"product-type-variable"},"yoast_head":"<!-- This site is optimized with the Yoast SEO Premium plugin v26.9 (Yoast SEO v26.9) - https:\/\/yoast.com\/product\/yoast-seo-premium-wordpress\/ -->\n<title>Stubai Kletterhandschuhe Iconic: jetzt online kaufen bei bolting.eu<\/title>\n<meta name=\"description\" content=\"Hier findest Du die Stubai Kletterhandschuhe Iconic. Ein leicht gef\u00fctterter Leder Handschuh f\u00fcr alle alpine Sportarten wie Klettersteig, Alpinklettern usw.\" \/>\n<meta name=\"robots\" content=\"index, follow, max-snippet:-1, max-image-preview:large, max-video-preview:-1\" \/>\n<link rel=\"canonical\" href=\"https:\/\/bolting.eu\/en\/shop\/stubai-kletterhandschuhe-iconic\/\" \/>\n<meta property=\"og:locale\" content=\"en_US\" \/>\n<meta property=\"og:type\" content=\"article\" \/>\n<meta property=\"og:title\" content=\"Stubai Kletterhandschuhe Iconic\" \/>\n<meta property=\"og:description\" content=\"Hier findest Du die Stubai Kletterhandschuhe Iconic. Ein leicht gef\u00fctterter Leder Handschuh f\u00fcr alle alpine Sportarten wie Klettersteig, Alpinklettern usw.\" \/>\n<meta property=\"og:url\" content=\"https:\/\/bolting.eu\/en\/shop\/stubai-kletterhandschuhe-iconic\/\" \/>\n<meta property=\"og:site_name\" content=\"bolting.eu\" \/>\n<meta property=\"article:publisher\" content=\"https:\/\/www.facebook.com\/bolting.eu\" \/>\n<meta property=\"article:modified_time\" content=\"2023-08-27T16:48:01+00:00\" \/>\n<meta property=\"og:image\" content=\"https:\/\/bolting.eu\/wp-content\/uploads\/2020\/04\/Stubai-Kletterhandschuhe-Iconic.jpg\" \/>\n\t<meta property=\"og:image:width\" content=\"700\" \/>\n\t<meta property=\"og:image:height\" content=\"700\" \/>\n\t<meta property=\"og:image:type\" content=\"image\/jpeg\" \/>\n<meta name=\"twitter:card\" content=\"summary_large_image\" \/>\n<meta name=\"twitter:label1\" content=\"Availability\" \/>\n\t<meta name=\"twitter:data1\" content=\"In stock\" \/>\n<script type=\"application\/ld+json\" class=\"yoast-schema-graph\">{\"@context\":\"https:\/\/schema.org\",\"@graph\":[{\"@type\":[\"WebPage\",\"ItemPage\"],\"@id\":\"https:\/\/bolting.eu\/en\/shop\/stubai-kletterhandschuhe-iconic\/\",\"url\":\"https:\/\/bolting.eu\/en\/shop\/stubai-kletterhandschuhe-iconic\/\",\"name\":\"Stubai Kletterhandschuhe Iconic: jetzt online kaufen bei bolting.eu\",\"isPartOf\":{\"@id\":\"https:\/\/bolting.eu\/en\/#website\"},\"primaryImageOfPage\":{\"@id\":\"https:\/\/bolting.eu\/en\/shop\/stubai-kletterhandschuhe-iconic\/#primaryimage\"},\"image\":{\"@id\":\"https:\/\/bolting.eu\/en\/shop\/stubai-kletterhandschuhe-iconic\/#primaryimage\"},\"thumbnailUrl\":\"https:\/\/bolting.eu\/wp-content\/uploads\/2020\/04\/Stubai-Kletterhandschuhe-Iconic.jpg\",\"datePublished\":\"2020-04-08T07:32:54+00:00\",\"dateModified\":\"2023-08-27T16:48:01+00:00\",\"description\":\"Hier findest Du die Stubai Kletterhandschuhe Iconic. Ein leicht gef\u00fctterter Leder Handschuh f\u00fcr alle alpine Sportarten wie Klettersteig, Alpinklettern usw.\",\"breadcrumb\":{\"@id\":\"https:\/\/bolting.eu\/en\/shop\/stubai-kletterhandschuhe-iconic\/#breadcrumb\"},\"inLanguage\":\"en-US\",\"potentialAction\":[{\"@type\":\"ReadAction\",\"target\":[\"https:\/\/bolting.eu\/en\/shop\/stubai-kletterhandschuhe-iconic\/\"]}]},{\"@type\":\"ImageObject\",\"inLanguage\":\"en-US\",\"@id\":\"https:\/\/bolting.eu\/en\/shop\/stubai-kletterhandschuhe-iconic\/#primaryimage\",\"url\":\"https:\/\/bolting.eu\/wp-content\/uploads\/2020\/04\/Stubai-Kletterhandschuhe-Iconic.jpg\",\"contentUrl\":\"https:\/\/bolting.eu\/wp-content\/uploads\/2020\/04\/Stubai-Kletterhandschuhe-Iconic.jpg\",\"width\":700,\"height\":700,\"caption\":\"Das Bild zeigt die Stubai Kletterhandschuhe Iconic. Die Kletterhandschuhe sind als Paar in einem wei\u00dfem Quadrat abgebildet. Man sieht den linken Handschuh von der R\u00fcckseite und den rechten von der Innenseite. Es sind alle Produktdetails sehr gut zu erkennen.\"},{\"@type\":\"BreadcrumbList\",\"@id\":\"https:\/\/bolting.eu\/en\/shop\/stubai-kletterhandschuhe-iconic\/#breadcrumb\",\"itemListElement\":[{\"@type\":\"ListItem\",\"position\":1,\"name\":\"Shop\",\"item\":\"https:\/\/bolting.eu\/en\/shop\/\"},{\"@type\":\"ListItem\",\"position\":2,\"name\":\"climbing equipment\",\"item\":\"https:\/\/bolting.eu\/en\/produkt-kategorie\/climbing-equipment\/\"},{\"@type\":\"ListItem\",\"position\":3,\"name\":\"Climbing gloves\",\"item\":\"https:\/\/bolting.eu\/en\/produkt-kategorie\/climbing-gloves\/\"},{\"@type\":\"ListItem\",\"position\":4,\"name\":\"Stubai Kletterhandschuhe Iconic\"}]},{\"@type\":\"WebSite\",\"@id\":\"https:\/\/bolting.eu\/en\/#website\",\"url\":\"https:\/\/bolting.eu\/en\/\",\"name\":\"bolting.eu\",\"description\":\"we make climbs happen\",\"publisher\":{\"@id\":\"https:\/\/bolting.eu\/en\/#organization\"},\"potentialAction\":[{\"@type\":\"SearchAction\",\"target\":{\"@type\":\"EntryPoint\",\"urlTemplate\":\"https:\/\/bolting.eu\/en\/?s={search_term_string}\"},\"query-input\":{\"@type\":\"PropertyValueSpecification\",\"valueRequired\":true,\"valueName\":\"search_term_string\"}}],\"inLanguage\":\"en-US\"},{\"@type\":[\"Organization\",\"Place\",\"SportingGoodsStore\"],\"@id\":\"https:\/\/bolting.eu\/en\/#organization\",\"name\":\"bolting.eu\",\"url\":\"https:\/\/bolting.eu\/en\/\",\"logo\":{\"@id\":\"https:\/\/bolting.eu\/en\/shop\/stubai-kletterhandschuhe-iconic\/#local-main-organization-logo\"},\"image\":{\"@id\":\"https:\/\/bolting.eu\/en\/shop\/stubai-kletterhandschuhe-iconic\/#local-main-organization-logo\"},\"sameAs\":[\"https:\/\/www.facebook.com\/bolting.eu\",\"https:\/\/www.instagram.com\/bolting.eu\/\"],\"address\":{\"@id\":\"https:\/\/bolting.eu\/en\/shop\/stubai-kletterhandschuhe-iconic\/#local-main-place-address\"},\"geo\":{\"@type\":\"GeoCoordinates\",\"latitude\":\"47.264176340396226\",\"longitude\":\"11.380109057672346\"},\"telephone\":[\"+43 699 19083372\"],\"openingHoursSpecification\":[{\"@type\":\"OpeningHoursSpecification\",\"dayOfWeek\":[\"Monday\",\"Wednesday\",\"Friday\"],\"opens\":\"14:00\",\"closes\":\"18:00\"},{\"@type\":\"OpeningHoursSpecification\",\"dayOfWeek\":[\"Tuesday\",\"Thursday\",\"Saturday\",\"Sunday\"],\"opens\":\"00:00\",\"closes\":\"00:00\"}],\"email\":\"office@bolting.eu\",\"vatID\":\"ATU59999728\",\"priceRange\":\"$$\",\"currenciesAccepted\":\"Euro\"},{\"@type\":\"PostalAddress\",\"@id\":\"https:\/\/bolting.eu\/en\/shop\/stubai-kletterhandschuhe-iconic\/#local-main-place-address\",\"streetAddress\":\"Fischnalerstra\u00dfe 4\",\"addressLocality\":\"Innsbruck\",\"postalCode\":\"6020\",\"addressRegion\":\"Tirol\",\"addressCountry\":\"AT\"},{\"@type\":\"ImageObject\",\"inLanguage\":\"en-US\",\"@id\":\"https:\/\/bolting.eu\/en\/shop\/stubai-kletterhandschuhe-iconic\/#local-main-organization-logo\",\"url\":\"https:\/\/bolting.eu\/wp-content\/uploads\/2019\/09\/bolting-logo.png\",\"contentUrl\":\"https:\/\/bolting.eu\/wp-content\/uploads\/2019\/09\/bolting-logo.png\",\"width\":400,\"height\":211,\"caption\":\"bolting.eu\"}]}<\/script>\n<meta property=\"og:availability\" content=\"instock\" \/>\n<meta property=\"product:availability\" content=\"instock\" \/>\n<meta property=\"product:condition\" content=\"new\" \/>\n<meta name=\"geo.placename\" content=\"Innsbruck\" \/>\n<meta name=\"geo.position\" content=\"47.264176340396226;11.380109057672346\" \/>\n<meta name=\"geo.region\" content=\"Austria\" \/>\n<!-- \/ Yoast SEO Premium plugin. -->","yoast_head_json":{"title":"Stubai Kletterhandschuhe Iconic: jetzt online kaufen bei bolting.eu","description":"Hier findest Du die Stubai Kletterhandschuhe Iconic. Ein leicht gef\u00fctterter Leder Handschuh f\u00fcr alle alpine Sportarten wie Klettersteig, Alpinklettern usw.","robots":{"index":"index","follow":"follow","max-snippet":"max-snippet:-1","max-image-preview":"max-image-preview:large","max-video-preview":"max-video-preview:-1"},"canonical":"https:\/\/bolting.eu\/en\/shop\/stubai-kletterhandschuhe-iconic\/","og_locale":"en_US","og_type":"article","og_title":"Stubai Kletterhandschuhe Iconic","og_description":"Hier findest Du die Stubai Kletterhandschuhe Iconic. Ein leicht gef\u00fctterter Leder Handschuh f\u00fcr alle alpine Sportarten wie Klettersteig, Alpinklettern usw.","og_url":"https:\/\/bolting.eu\/en\/shop\/stubai-kletterhandschuhe-iconic\/","og_site_name":"bolting.eu","article_publisher":"https:\/\/www.facebook.com\/bolting.eu","article_modified_time":"2023-08-27T16:48:01+00:00","og_image":[{"width":700,"height":700,"url":"https:\/\/bolting.eu\/wp-content\/uploads\/2020\/04\/Stubai-Kletterhandschuhe-Iconic.jpg","type":"image\/jpeg"}],"twitter_card":"summary_large_image","twitter_misc":{"Availability":"In stock"},"schema":{"@context":"https:\/\/schema.org","@graph":[{"@type":["WebPage","ItemPage"],"@id":"https:\/\/bolting.eu\/en\/shop\/stubai-kletterhandschuhe-iconic\/","url":"https:\/\/bolting.eu\/en\/shop\/stubai-kletterhandschuhe-iconic\/","name":"Stubai Kletterhandschuhe Iconic: jetzt online kaufen bei bolting.eu","isPartOf":{"@id":"https:\/\/bolting.eu\/en\/#website"},"primaryImageOfPage":{"@id":"https:\/\/bolting.eu\/en\/shop\/stubai-kletterhandschuhe-iconic\/#primaryimage"},"image":{"@id":"https:\/\/bolting.eu\/en\/shop\/stubai-kletterhandschuhe-iconic\/#primaryimage"},"thumbnailUrl":"https:\/\/bolting.eu\/wp-content\/uploads\/2020\/04\/Stubai-Kletterhandschuhe-Iconic.jpg","datePublished":"2020-04-08T07:32:54+00:00","dateModified":"2023-08-27T16:48:01+00:00","description":"Hier findest Du die Stubai Kletterhandschuhe Iconic. Ein leicht gef\u00fctterter Leder Handschuh f\u00fcr alle alpine Sportarten wie Klettersteig, Alpinklettern usw.","breadcrumb":{"@id":"https:\/\/bolting.eu\/en\/shop\/stubai-kletterhandschuhe-iconic\/#breadcrumb"},"inLanguage":"en-US","potentialAction":[{"@type":"ReadAction","target":["https:\/\/bolting.eu\/en\/shop\/stubai-kletterhandschuhe-iconic\/"]}]},{"@type":"ImageObject","inLanguage":"en-US","@id":"https:\/\/bolting.eu\/en\/shop\/stubai-kletterhandschuhe-iconic\/#primaryimage","url":"https:\/\/bolting.eu\/wp-content\/uploads\/2020\/04\/Stubai-Kletterhandschuhe-Iconic.jpg","contentUrl":"https:\/\/bolting.eu\/wp-content\/uploads\/2020\/04\/Stubai-Kletterhandschuhe-Iconic.jpg","width":700,"height":700,"caption":"Das Bild zeigt die Stubai Kletterhandschuhe Iconic. Die Kletterhandschuhe sind als Paar in einem wei\u00dfem Quadrat abgebildet. Man sieht den linken Handschuh von der R\u00fcckseite und den rechten von der Innenseite. Es sind alle Produktdetails sehr gut zu erkennen."},{"@type":"BreadcrumbList","@id":"https:\/\/bolting.eu\/en\/shop\/stubai-kletterhandschuhe-iconic\/#breadcrumb","itemListElement":[{"@type":"ListItem","position":1,"name":"Shop","item":"https:\/\/bolting.eu\/en\/shop\/"},{"@type":"ListItem","position":2,"name":"climbing equipment","item":"https:\/\/bolting.eu\/en\/produkt-kategorie\/climbing-equipment\/"},{"@type":"ListItem","position":3,"name":"Climbing gloves","item":"https:\/\/bolting.eu\/en\/produkt-kategorie\/climbing-gloves\/"},{"@type":"ListItem","position":4,"name":"Stubai Kletterhandschuhe Iconic"}]},{"@type":"WebSite","@id":"https:\/\/bolting.eu\/en\/#website","url":"https:\/\/bolting.eu\/en\/","name":"bolting.eu","description":"we make climbs happen","publisher":{"@id":"https:\/\/bolting.eu\/en\/#organization"},"potentialAction":[{"@type":"SearchAction","target":{"@type":"EntryPoint","urlTemplate":"https:\/\/bolting.eu\/en\/?s={search_term_string}"},"query-input":{"@type":"PropertyValueSpecification","valueRequired":true,"valueName":"search_term_string"}}],"inLanguage":"en-US"},{"@type":["Organization","Place","SportingGoodsStore"],"@id":"https:\/\/bolting.eu\/en\/#organization","name":"bolting.eu","url":"https:\/\/bolting.eu\/en\/","logo":{"@id":"https:\/\/bolting.eu\/en\/shop\/stubai-kletterhandschuhe-iconic\/#local-main-organization-logo"},"image":{"@id":"https:\/\/bolting.eu\/en\/shop\/stubai-kletterhandschuhe-iconic\/#local-main-organization-logo"},"sameAs":["https:\/\/www.facebook.com\/bolting.eu","https:\/\/www.instagram.com\/bolting.eu\/"],"address":{"@id":"https:\/\/bolting.eu\/en\/shop\/stubai-kletterhandschuhe-iconic\/#local-main-place-address"},"geo":{"@type":"GeoCoordinates","latitude":"47.264176340396226","longitude":"11.380109057672346"},"telephone":["+43 699 19083372"],"openingHoursSpecification":[{"@type":"OpeningHoursSpecification","dayOfWeek":["Monday","Wednesday","Friday"],"opens":"14:00","closes":"18:00"},{"@type":"OpeningHoursSpecification","dayOfWeek":["Tuesday","Thursday","Saturday","Sunday"],"opens":"00:00","closes":"00:00"}],"email":"office@bolting.eu","vatID":"ATU59999728","priceRange":"$$","currenciesAccepted":"Euro"},{"@type":"PostalAddress","@id":"https:\/\/bolting.eu\/en\/shop\/stubai-kletterhandschuhe-iconic\/#local-main-place-address","streetAddress":"Fischnalerstra\u00dfe 4","addressLocality":"Innsbruck","postalCode":"6020","addressRegion":"Tirol","addressCountry":"AT"},{"@type":"ImageObject","inLanguage":"en-US","@id":"https:\/\/bolting.eu\/en\/shop\/stubai-kletterhandschuhe-iconic\/#local-main-organization-logo","url":"https:\/\/bolting.eu\/wp-content\/uploads\/2019\/09\/bolting-logo.png","contentUrl":"https:\/\/bolting.eu\/wp-content\/uploads\/2019\/09\/bolting-logo.png","width":400,"height":211,"caption":"bolting.eu"}]},"og_availability":"instock","product_availability":"instock","product_condition":"new","geo.placename":"Innsbruck","geo.position":{"lat":"47.264176340396226","long":"11.380109057672346"},"geo.region":"Austria"},"_links":{"self":[{"href":"https:\/\/bolting.eu\/en\/wp-json\/wp\/v2\/product\/3086","targetHints":{"allow":["GET"]}}],"collection":[{"href":"https:\/\/bolting.eu\/en\/wp-json\/wp\/v2\/product"}],"about":[{"href":"https:\/\/bolting.eu\/en\/wp-json\/wp\/v2\/types\/product"}],"replies":[{"embeddable":true,"href":"https:\/\/bolting.eu\/en\/wp-json\/wp\/v2\/comments?post=3086"}],"wp:featuredmedia":[{"embeddable":true,"href":"https:\/\/bolting.eu\/en\/wp-json\/wp\/v2\/media\/3091"}],"wp:attachment":[{"href":"https:\/\/bolting.eu\/en\/wp-json\/wp\/v2\/media?parent=3086"}],"wp:term":[{"taxonomy":"product_brand","embeddable":true,"href":"https:\/\/bolting.eu\/en\/wp-json\/wp\/v2\/product_brand?post=3086"},{"taxonomy":"product_cat","embeddable":true,"href":"https:\/\/bolting.eu\/en\/wp-json\/wp\/v2\/product_cat?post=3086"},{"taxonomy":"product_tag","embeddable":true,"href":"https:\/\/bolting.eu\/en\/wp-json\/wp\/v2\/product_tag?post=3086"}],"curies":[{"name":"wp","href":"https:\/\/api.w.org\/{rel}","templated":true}]}}