{"id":30809,"date":"2025-02-07T10:53:02","date_gmt":"2025-02-07T09:53:02","guid":{"rendered":"https:\/\/bolting.eu\/?post_type=product&#038;p=30809"},"modified":"2026-03-20T18:05:43","modified_gmt":"2026-03-20T17:05:43","slug":"petzl-absorbica-i-150","status":"publish","type":"product","link":"https:\/\/bolting.eu\/en\/shop\/petzl-absorbica-i-150\/","title":{"rendered":"Petzl Absorbica &#8211; I 150"},"content":{"rendered":"<p>Der Petzl Absorbica &#8211; I 150 ist ein Verbindungsmittel mit integriertem <a href=\"https:\/\/bolting.eu\/produkt-kategorie\/industriekletter-ausruestung\/bandfalldaempfer\/\">Bandfalld\u00e4mpfer<\/a>. Folglich ist f\u00fcr zwei Anwendungsbereiche gedacht.<\/p>\n<p>Erstens zur Fortbewegung an einem horizontalen Gel\u00e4nderseil (Drahtseil oder <a href=\"https:\/\/bolting.eu\/produkt-kategorie\/industriekletter-ausruestung\/statikseile\/\">Statikseil<\/a>). Zweitens auf Hebeb\u00fchnen ohne das Passieren von Zwischensicherungen.<\/p>\n<p>Dieses Modell kann leicht am <a href=\"https:\/\/bolting.eu\/produkt-kategorie\/industriekletter-ausruestung\/industrieklettergurt\/\">Industrieklettergurt<\/a> befestigt werden. Hierzu gibt es viele verschiedene <a href=\"https:\/\/bolting.eu\/produkt-kategorie\/industriekletter-ausruestung\/verbindungselemente\/\">Verbindungselemente<\/a> je nach Verwendung. Weiters stehen anschlagseitig auch mehrere Optionen zur Verf\u00fcgung.<\/p>\n<p>Fazit: Ideal f\u00fcr Lagerarbeiter, Dachdecker und Fassadenarbeiten mit Hebeb\u00fchnen.<\/p>\n<h2>Eigenschaften Petzl Absorbica &#8211; I 150<\/h2>\n<ul>\n<li>Hersteller: <a href=\"https:\/\/bolting.eu\/produkt-kategorie\/petzl\/\">Petzl<\/a><\/li>\n<li>Material: Polyamid, Polyester<\/li>\n<li>Gewicht: 225 Gramm<\/li>\n<li>L\u00e4nge: 150cm &#8211; dehnbar bis 200cm<\/li>\n<li>Normen*: EN 355, ANSI Z359.12<\/li>\n<li>genormt f\u00fcr 60 kg bis 140kg<\/li>\n<li>Verbindungsmittel mit progressivem Bandfalld\u00e4mpfer<\/li>\n<li>bei Sturz wird Fangsto\u00df reduziert<\/li>\n<li>f\u00fcr horizontale Seilgel\u00e4nder<\/li>\n<li>f\u00fcr Hebeb\u00fchnen ohne Verwendung von Zwischensicherungen<\/li>\n<li>elastischer Arm f\u00fcr leichte Fortbewegung<\/li>\n<li>robuste Stoffh\u00fclle am Bandfalld\u00e4mpfer f\u00fcr lange Lebensdauer und leichte Inspektion<\/li>\n<li>fixe Befestigung am Gurt mit <a href=\"https:\/\/bolting.eu\/shop\/petzl-ring-open\/\">Ring open<\/a> oder Swivel open<\/li>\n<li>variable Befestigung am Gurt mit <a href=\"https:\/\/bolting.eu\/shop\/petzl-ok-triact-lock\/\">OK Triact Lock<\/a> oder <a href=\"https:\/\/bolting.eu\/shop\/petzl-amd\/\">Am\u00b4D Triact Lock<\/a> plus je einem String L<\/li>\n<li>empfohlener Karabiner anschlagseitig <a href=\"https:\/\/bolting.eu\/shop\/petzl-eashook-open\/\">Eashook open<\/a> oder <a href=\"https:\/\/bolting.eu\/shop\/petzl-mgo-open\/\">MGO open<\/a><\/li>\n<li><a href=\"https:\/\/www.petzl.com\/AT\/de\/Professional\/Verbindungsmittel-und-Falldampfer\/ABSORBICA-I-150#:~:text=Das%20PDF%20herunterladen%20%3A%20technical%2Dnotice%2DABSORBICA%2DI%2DY%2D1%20%2D%202.37%20MB\" target=\"_blank\" rel=\"noopener\">Bedienungsanleitung<\/a><\/li>\n<\/ul>\n<h3>Produktvideo<\/h3>\n<p>Im Folgenden stellt euch Petzl die Produktreihe n\u00e4her vor.<\/p>\n<p><iframe loading=\"lazy\" title=\"ABSORBICA\u00ae-I - Einfaches Verbindungsmittel mit integriertem Falld\u00e4mpfer\" src=\"https:\/\/player.vimeo.com\/video\/831449219?dnt=1&amp;app_id=122963\" width=\"1020\" height=\"574\" frameborder=\"0\" allow=\"autoplay; fullscreen; picture-in-picture; clipboard-write; encrypted-media; web-share\" referrerpolicy=\"strict-origin-when-cross-origin\"><\/iframe><\/p>\n<h3>Gro\u00dfer Gewichtsbereich<\/h3>\n<p>Der Absorbica &#8211; I 150 von Petzl ist f\u00fcr 60 bis 140kg genormt. Somit k\u00f6nnen viele verschieden gro\u00dfe Personen dieses Produkt verwenden.<\/p>\n<p><a href=\"https:\/\/bolting.eu\/wp-content\/uploads\/2025\/02\/Petzl-Absorbica-I-150-3.jpg\"><img loading=\"lazy\" decoding=\"async\" class=\"alignnone wp-image-30814\" src=\"https:\/\/bolting.eu\/wp-content\/uploads\/2025\/02\/Petzl-Absorbica-I-150-3.jpg\" alt=\"Grafik mit zwei M\u00e4nnern zur Erkl\u00e4rung der Gewichts Normen f\u00fcr Petzl Absorbica - I 150 Bandfalld\u00e4mpfer.\" width=\"800\" height=\"574\" srcset=\"https:\/\/bolting.eu\/wp-content\/uploads\/2025\/02\/Petzl-Absorbica-I-150-3.jpg 1024w, https:\/\/bolting.eu\/wp-content\/uploads\/2025\/02\/Petzl-Absorbica-I-150-3-557x400.jpg 557w, https:\/\/bolting.eu\/wp-content\/uploads\/2025\/02\/Petzl-Absorbica-I-150-3-768x551.jpg 768w, https:\/\/bolting.eu\/wp-content\/uploads\/2025\/02\/Petzl-Absorbica-I-150-3-510x366.jpg 510w, https:\/\/bolting.eu\/wp-content\/uploads\/2025\/02\/Petzl-Absorbica-I-150-3-100x72.jpg 100w\" sizes=\"auto, (max-width: 800px) 100vw, 800px\" \/><\/a><\/p>\n<h3>Passende Verbindungselemente<\/h3>\n<p>Hier findet ihr unsere Empfehlungen f\u00fcr passende Verbindungselemente.<\/p>\n<p>Zum einen sind anschlagseitig MGO open bzw. Eashook open die besten Optionen.<\/p>\n<p>Zum anderen empfehlen wir gurtseitig:<\/p>\n<p>Erstens bei fixer Verbindung: Ring open bzw. Swivel open<\/p>\n<p>Zweitens bei oftmaligem Ein Aush\u00e4ngen: AM\u00b4D TL bzw. OK TL immer in Verbindung mit String Verdrehschutz.<\/p>\n<p><a href=\"https:\/\/bolting.eu\/wp-content\/uploads\/2025\/02\/Verbindungselemente-Petzl-Absorbica-Reihe.jpg\"><img loading=\"lazy\" decoding=\"async\" class=\"alignnone wp-image-30822\" src=\"https:\/\/bolting.eu\/wp-content\/uploads\/2025\/02\/Verbindungselemente-Petzl-Absorbica-Reihe.jpg\" alt=\"Grafik mit Beispielen der richtigen Verbindungselemente f\u00fcr Petzl Absorbica Bandfalld\u00e4mpfer Modellreihe.\" width=\"800\" height=\"400\" srcset=\"https:\/\/bolting.eu\/wp-content\/uploads\/2025\/02\/Verbindungselemente-Petzl-Absorbica-Reihe.jpg 1024w, https:\/\/bolting.eu\/wp-content\/uploads\/2025\/02\/Verbindungselemente-Petzl-Absorbica-Reihe-800x400.jpg 800w, https:\/\/bolting.eu\/wp-content\/uploads\/2025\/02\/Verbindungselemente-Petzl-Absorbica-Reihe-768x384.jpg 768w, https:\/\/bolting.eu\/wp-content\/uploads\/2025\/02\/Verbindungselemente-Petzl-Absorbica-Reihe-510x255.jpg 510w, https:\/\/bolting.eu\/wp-content\/uploads\/2025\/02\/Verbindungselemente-Petzl-Absorbica-Reihe-100x50.jpg 100w\" sizes=\"auto, (max-width: 800px) 100vw, 800px\" \/><\/a><\/p>\n<h3>Sturzraum Berechnung<\/h3>\n<p><a href=\"https:\/\/bolting.eu\/wp-content\/uploads\/2025\/02\/Petzl-Absorbica-I-150-4.jpg\"><img loading=\"lazy\" decoding=\"async\" class=\"wp-image-30812 alignleft\" src=\"https:\/\/bolting.eu\/wp-content\/uploads\/2025\/02\/Petzl-Absorbica-I-150-4-557x400.jpg\" alt=\"Grafik zur Erkl\u00e4rung der Faktoren zur Sturzraumberechnung bei der Verwendung von Bandfalld\u00e4mpfern.\" width=\"350\" height=\"251\" srcset=\"https:\/\/bolting.eu\/wp-content\/uploads\/2025\/02\/Petzl-Absorbica-I-150-4-557x400.jpg 557w, https:\/\/bolting.eu\/wp-content\/uploads\/2025\/02\/Petzl-Absorbica-I-150-4-768x551.jpg 768w, https:\/\/bolting.eu\/wp-content\/uploads\/2025\/02\/Petzl-Absorbica-I-150-4-510x366.jpg 510w, https:\/\/bolting.eu\/wp-content\/uploads\/2025\/02\/Petzl-Absorbica-I-150-4-100x72.jpg 100w, https:\/\/bolting.eu\/wp-content\/uploads\/2025\/02\/Petzl-Absorbica-I-150-4.jpg 1024w\" sizes=\"auto, (max-width: 350px) 100vw, 350px\" \/><\/a>Petzl bietet ein Online Modul zur Berechnung des Sturzraums an. Somit auch bei dem Absorbica &#8211; I mit 150cm Arml\u00e4nge.<\/p>\n<p>Einfach den Link benutzen, Daten eingeben und Sturzraum Ma\u00dfe erhalten!<\/p>\n<p><a href=\"https:\/\/www.petzl.com\/AT\/de\/Professional\/ModulzurBerechnungdesSturzraums\" target=\"_blank\" rel=\"noopener\"><strong>Zum Sturzraum Rechen Modul<\/strong><\/a><\/p>\n<h2>Petzl Absorbica &#8211; I 150 Bandfalld\u00e4mpfer<\/h2>\n<p>Der Bandfalld\u00e4mpfer dieser Serie ist besonders kompakt. Somit st\u00f6rt er bei der Fortbewegung nicht.<\/p>\n<p>Zudem ist er mit gerade 15cm sehr kurz und sorgt f\u00fcr einen kleinen Sturzraum.<\/p>\n<p>Weiters hat er eine strapazierf\u00e4hige Stoffh\u00fclle. Denn diese gew\u00e4hrt eine lange Lebensdauer. Abschlie\u00dfend kann man sie aber leicht f\u00fcr die Inspektion \u00f6ffnen und schlie\u00dfen.<\/p>\n<p><a href=\"https:\/\/bolting.eu\/wp-content\/uploads\/2025\/02\/Petzl-Absorbica-I-150-5.jpg\"><img loading=\"lazy\" decoding=\"async\" class=\"alignnone wp-image-30820\" src=\"https:\/\/bolting.eu\/wp-content\/uploads\/2025\/02\/Petzl-Absorbica-I-150-5.jpg\" alt=\"Schwarz gelber Petzl Absorbica - I 150 Bandfalld\u00e4mpfer mit Logo auf wei\u00dfem Hintergrund.\" width=\"800\" height=\"574\" srcset=\"https:\/\/bolting.eu\/wp-content\/uploads\/2025\/02\/Petzl-Absorbica-I-150-5.jpg 1024w, https:\/\/bolting.eu\/wp-content\/uploads\/2025\/02\/Petzl-Absorbica-I-150-5-557x400.jpg 557w, https:\/\/bolting.eu\/wp-content\/uploads\/2025\/02\/Petzl-Absorbica-I-150-5-768x551.jpg 768w, https:\/\/bolting.eu\/wp-content\/uploads\/2025\/02\/Petzl-Absorbica-I-150-5-510x366.jpg 510w, https:\/\/bolting.eu\/wp-content\/uploads\/2025\/02\/Petzl-Absorbica-I-150-5-100x72.jpg 100w\" sizes=\"auto, (max-width: 800px) 100vw, 800px\" \/><\/a><\/p>\n<h3>*Erg\u00e4nzungen zu den Normen<\/h3>\n<ul>\n<li>Zertifizierung(en): &#8211; CE EN 355 (entspricht den Anforderungen der Norm RFU PPE-R\/11.074). &#8211; ANSI Z359.13, 12 ft. FF. &#8211; CSA Z259.11-17. &#8211; Entspricht der japanischen Vorschrift zum Schutz gegen Absturz. &#8211; GB\/T 24538-2009: Typ II. Zertifizierungen je nach verwendeten Verbindungselementen. Weitere Informationen in der Gebrauchsanleitung<\/li>\n<li>Maximal zul\u00e4ssige L\u00e4nge mit Verbindungselementen: &#8211; 200 cm im Rahmen der Normen CE EN 355, GB\/T 24538: Typ II und der japanischen Vorschrift zum Schutz gegen Absturz. &#8211; 183 cm (6 feet) im Rahmen der Normen ANSI Z359.13 und CSA Z259.11-17<\/li>\n<\/ul>\n","protected":false},"excerpt":{"rendered":"<p>150cm langes Verbindungsmittel mit integriertem Bandfalld\u00e4mpfer und elastischem Arm (max. L\u00e4nge 200cm). F\u00fcr Personen von 60-140kg.<\/p>\n<p>Ideal f\u00fcr Arbeiten an Seilgel\u00e4ndern und Hebeb\u00fchnen.<\/p>\n<p>Versandkostenfrei bis 2kg in\u00a0<img decoding=\"async\" class=\"emoji\" role=\"img\" draggable=\"false\" src=\"https:\/\/s.w.org\/images\/core\/emoji\/14.0.0\/svg\/1f1e6-1f1f9.svg\" alt=\"\ud83c\udde6\ud83c\uddf9\" \/>\u00a0ab \u20ac 100,- und\u00a0<img decoding=\"async\" class=\"emoji\" role=\"img\" draggable=\"false\" src=\"https:\/\/s.w.org\/images\/core\/emoji\/14.0.0\/svg\/1f1e9-1f1ea.svg\" alt=\"\ud83c\udde9\ud83c\uddea\" \/> ab \u20ac 200,-!<\/p>\n","protected":false},"featured_media":30816,"comment_status":"closed","ping_status":"closed","template":"","meta":[],"product_brand":[],"product_cat":[14093,14513,14741,14748],"product_tag":[],"class_list":{"0":"post-30809","1":"product","2":"type-product","3":"status-publish","4":"has-post-thumbnail","6":"product_cat-petzl","7":"product_cat-industriekletter-ausruestung","8":"product_cat-bandfalldaempfer","9":"product_cat-verbindungsmittel","11":"first","12":"instock","13":"sale","14":"taxable","15":"shipping-taxable","16":"purchasable","17":"product-type-simple"},"yoast_head":"<!-- This site is optimized with the Yoast SEO Premium plugin v26.9 (Yoast SEO v26.9) - https:\/\/yoast.com\/product\/yoast-seo-premium-wordpress\/ -->\n<title>Petzl Absorbica - I 150 Verbindungsmittel mit Bandfalld\u00e4mpfer | bolting.eu<\/title>\n<meta name=\"description\" content=\"Petzl Absorbica - I 150 beim Industriekletter Profi kaufen \u2705 Trusted Shop \u2705 kostenloser Versand* \u2705 14 Tage R\u00fcckgaberecht \u2705 Co2 neutrale Zustellung\" \/>\n<meta name=\"robots\" content=\"index, follow, max-snippet:-1, max-image-preview:large, max-video-preview:-1\" \/>\n<link rel=\"canonical\" href=\"https:\/\/bolting.eu\/en\/shop\/petzl-absorbica-i-150\/\" \/>\n<meta property=\"og:locale\" content=\"en_US\" \/>\n<meta property=\"og:type\" content=\"article\" \/>\n<meta property=\"og:title\" content=\"Petzl Absorbica - I 150\" \/>\n<meta property=\"og:description\" content=\"Petzl Absorbica - I 150 beim Industriekletter Profi kaufen \u2705 Trusted Shop \u2705 kostenloser Versand* \u2705 14 Tage R\u00fcckgaberecht \u2705 Co2 neutrale Zustellung\" \/>\n<meta property=\"og:url\" content=\"https:\/\/bolting.eu\/en\/shop\/petzl-absorbica-i-150\/\" \/>\n<meta property=\"og:site_name\" content=\"bolting.eu\" \/>\n<meta property=\"article:publisher\" content=\"https:\/\/www.facebook.com\/bolting.eu\" \/>\n<meta property=\"article:modified_time\" content=\"2026-03-20T17:05:43+00:00\" \/>\n<meta property=\"og:image\" content=\"https:\/\/bolting.eu\/wp-content\/uploads\/2025\/02\/Petzl-Absorbica-I-150-2.jpg\" \/>\n\t<meta property=\"og:image:width\" content=\"700\" \/>\n\t<meta property=\"og:image:height\" content=\"700\" \/>\n\t<meta property=\"og:image:type\" content=\"image\/jpeg\" \/>\n<meta name=\"twitter:card\" content=\"summary_large_image\" \/>\n<meta name=\"twitter:label1\" content=\"Price\" \/>\n\t<meta name=\"twitter:data1\" content=\"&euro;&nbsp;76,00\" \/>\n\t<meta name=\"twitter:label2\" content=\"Availability\" \/>\n\t<meta name=\"twitter:data2\" content=\"In stock\" \/>\n<script type=\"application\/ld+json\" class=\"yoast-schema-graph\">{\"@context\":\"https:\/\/schema.org\",\"@graph\":[{\"@type\":[\"WebPage\",\"ItemPage\"],\"@id\":\"https:\/\/bolting.eu\/en\/shop\/petzl-absorbica-i-150\/\",\"url\":\"https:\/\/bolting.eu\/en\/shop\/petzl-absorbica-i-150\/\",\"name\":\"Petzl Absorbica - I 150 Verbindungsmittel mit Bandfalld\u00e4mpfer | bolting.eu\",\"isPartOf\":{\"@id\":\"https:\/\/bolting.eu\/en\/#website\"},\"primaryImageOfPage\":{\"@id\":\"https:\/\/bolting.eu\/en\/shop\/petzl-absorbica-i-150\/#primaryimage\"},\"image\":{\"@id\":\"https:\/\/bolting.eu\/en\/shop\/petzl-absorbica-i-150\/#primaryimage\"},\"thumbnailUrl\":\"https:\/\/bolting.eu\/wp-content\/uploads\/2025\/02\/Petzl-Absorbica-I-150-2.jpg\",\"datePublished\":\"2025-02-07T09:53:02+00:00\",\"dateModified\":\"2026-03-20T17:05:43+00:00\",\"description\":\"Petzl Absorbica - I 150 beim Industriekletter Profi kaufen \u2705 Trusted Shop \u2705 kostenloser Versand* \u2705 14 Tage R\u00fcckgaberecht \u2705 Co2 neutrale Zustellung\",\"breadcrumb\":{\"@id\":\"https:\/\/bolting.eu\/en\/shop\/petzl-absorbica-i-150\/#breadcrumb\"},\"inLanguage\":\"en-US\",\"potentialAction\":[{\"@type\":\"ReadAction\",\"target\":[\"https:\/\/bolting.eu\/en\/shop\/petzl-absorbica-i-150\/\"]}]},{\"@type\":\"ImageObject\",\"inLanguage\":\"en-US\",\"@id\":\"https:\/\/bolting.eu\/en\/shop\/petzl-absorbica-i-150\/#primaryimage\",\"url\":\"https:\/\/bolting.eu\/wp-content\/uploads\/2025\/02\/Petzl-Absorbica-I-150-2.jpg\",\"contentUrl\":\"https:\/\/bolting.eu\/wp-content\/uploads\/2025\/02\/Petzl-Absorbica-I-150-2.jpg\",\"width\":700,\"height\":700,\"caption\":\"Schwarz gelber Petzl Absorbica - I 150 Bandfalld\u00e4mpfer vertikal ausgefahren vor wei\u00dfem Hintergrund.\"},{\"@type\":\"BreadcrumbList\",\"@id\":\"https:\/\/bolting.eu\/en\/shop\/petzl-absorbica-i-150\/#breadcrumb\",\"itemListElement\":[{\"@type\":\"ListItem\",\"position\":1,\"name\":\"Shop\",\"item\":\"https:\/\/bolting.eu\/en\/shop\/\"},{\"@type\":\"ListItem\",\"position\":2,\"name\":\"Industrial climbing gear\",\"item\":\"https:\/\/bolting.eu\/en\/produkt-kategorie\/industrial-climbing-gear\/\"},{\"@type\":\"ListItem\",\"position\":3,\"name\":\"Lanyard\",\"item\":\"https:\/\/bolting.eu\/en\/produkt-kategorie\/lanyard\/\"},{\"@type\":\"ListItem\",\"position\":4,\"name\":\"Petzl Absorbica &#8211; I 150\"}]},{\"@type\":\"WebSite\",\"@id\":\"https:\/\/bolting.eu\/en\/#website\",\"url\":\"https:\/\/bolting.eu\/en\/\",\"name\":\"bolting.eu\",\"description\":\"we make climbs happen\",\"publisher\":{\"@id\":\"https:\/\/bolting.eu\/en\/#organization\"},\"potentialAction\":[{\"@type\":\"SearchAction\",\"target\":{\"@type\":\"EntryPoint\",\"urlTemplate\":\"https:\/\/bolting.eu\/en\/?s={search_term_string}\"},\"query-input\":{\"@type\":\"PropertyValueSpecification\",\"valueRequired\":true,\"valueName\":\"search_term_string\"}}],\"inLanguage\":\"en-US\"},{\"@type\":[\"Organization\",\"Place\",\"SportingGoodsStore\"],\"@id\":\"https:\/\/bolting.eu\/en\/#organization\",\"name\":\"bolting.eu\",\"url\":\"https:\/\/bolting.eu\/en\/\",\"logo\":{\"@id\":\"https:\/\/bolting.eu\/en\/shop\/petzl-absorbica-i-150\/#local-main-organization-logo\"},\"image\":{\"@id\":\"https:\/\/bolting.eu\/en\/shop\/petzl-absorbica-i-150\/#local-main-organization-logo\"},\"sameAs\":[\"https:\/\/www.facebook.com\/bolting.eu\",\"https:\/\/www.instagram.com\/bolting.eu\/\"],\"address\":{\"@id\":\"https:\/\/bolting.eu\/en\/shop\/petzl-absorbica-i-150\/#local-main-place-address\"},\"geo\":{\"@type\":\"GeoCoordinates\",\"latitude\":\"47.264176340396226\",\"longitude\":\"11.380109057672346\"},\"telephone\":[\"+43 699 19083372\"],\"openingHoursSpecification\":[{\"@type\":\"OpeningHoursSpecification\",\"dayOfWeek\":[\"Monday\",\"Wednesday\",\"Friday\"],\"opens\":\"14:00\",\"closes\":\"18:00\"},{\"@type\":\"OpeningHoursSpecification\",\"dayOfWeek\":[\"Tuesday\",\"Thursday\",\"Saturday\",\"Sunday\"],\"opens\":\"00:00\",\"closes\":\"00:00\"}],\"email\":\"office@bolting.eu\",\"vatID\":\"ATU59999728\",\"priceRange\":\"$$\",\"currenciesAccepted\":\"Euro\"},{\"@type\":\"PostalAddress\",\"@id\":\"https:\/\/bolting.eu\/en\/shop\/petzl-absorbica-i-150\/#local-main-place-address\",\"streetAddress\":\"Fischnalerstra\u00dfe 4\",\"addressLocality\":\"Innsbruck\",\"postalCode\":\"6020\",\"addressRegion\":\"Tirol\",\"addressCountry\":\"AT\"},{\"@type\":\"ImageObject\",\"inLanguage\":\"en-US\",\"@id\":\"https:\/\/bolting.eu\/en\/shop\/petzl-absorbica-i-150\/#local-main-organization-logo\",\"url\":\"https:\/\/bolting.eu\/wp-content\/uploads\/2019\/09\/bolting-logo.png\",\"contentUrl\":\"https:\/\/bolting.eu\/wp-content\/uploads\/2019\/09\/bolting-logo.png\",\"width\":400,\"height\":211,\"caption\":\"bolting.eu\"}]}<\/script>\n<meta property=\"og:video\" content=\"https:\/\/player.vimeo.com\/video\/831449219\" \/>\n<meta property=\"og:video:type\" content=\"text\/html\" \/>\n<meta property=\"og:video:duration\" content=\"92\" \/>\n<meta property=\"og:video:width\" content=\"3840\" \/>\n<meta property=\"og:video:height\" content=\"2160\" \/>\n<meta property=\"ya:ovs:adult\" content=\"false\" \/>\n<meta property=\"ya:ovs:upload_date\" content=\"2025-02-07T09:53:02+00:00\" \/>\n<meta property=\"ya:ovs:allow_embed\" content=\"true\" \/>\n<meta property=\"product:price:amount\" content=\"76.00\" \/>\n<meta property=\"product:price:currency\" content=\"EUR\" \/>\n<meta property=\"og:availability\" content=\"instock\" \/>\n<meta property=\"product:availability\" content=\"instock\" \/>\n<meta property=\"product:retailer_item_id\" content=\"L013AB01\" \/>\n<meta property=\"product:condition\" content=\"new\" \/>\n<meta name=\"geo.placename\" content=\"Innsbruck\" \/>\n<meta name=\"geo.position\" content=\"47.264176340396226;11.380109057672346\" \/>\n<meta name=\"geo.region\" content=\"Austria\" \/>\n<!-- \/ Yoast SEO Premium plugin. -->","yoast_head_json":{"title":"Petzl Absorbica - I 150 Verbindungsmittel mit Bandfalld\u00e4mpfer | bolting.eu","description":"Petzl Absorbica - I 150 beim Industriekletter Profi kaufen \u2705 Trusted Shop \u2705 kostenloser Versand* \u2705 14 Tage R\u00fcckgaberecht \u2705 Co2 neutrale Zustellung","robots":{"index":"index","follow":"follow","max-snippet":"max-snippet:-1","max-image-preview":"max-image-preview:large","max-video-preview":"max-video-preview:-1"},"canonical":"https:\/\/bolting.eu\/en\/shop\/petzl-absorbica-i-150\/","og_locale":"en_US","og_type":"article","og_title":"Petzl Absorbica - I 150","og_description":"Petzl Absorbica - I 150 beim Industriekletter Profi kaufen \u2705 Trusted Shop \u2705 kostenloser Versand* \u2705 14 Tage R\u00fcckgaberecht \u2705 Co2 neutrale Zustellung","og_url":"https:\/\/bolting.eu\/en\/shop\/petzl-absorbica-i-150\/","og_site_name":"bolting.eu","article_publisher":"https:\/\/www.facebook.com\/bolting.eu","article_modified_time":"2026-03-20T17:05:43+00:00","og_image":[{"width":700,"height":700,"url":"https:\/\/bolting.eu\/wp-content\/uploads\/2025\/02\/Petzl-Absorbica-I-150-2.jpg","type":"image\/jpeg"}],"twitter_card":"summary_large_image","twitter_misc":{"Price":"&euro;&nbsp;76,00","Availability":"In stock"},"schema":{"@context":"https:\/\/schema.org","@graph":[{"@type":["WebPage","ItemPage"],"@id":"https:\/\/bolting.eu\/en\/shop\/petzl-absorbica-i-150\/","url":"https:\/\/bolting.eu\/en\/shop\/petzl-absorbica-i-150\/","name":"Petzl Absorbica - I 150 Verbindungsmittel mit Bandfalld\u00e4mpfer | bolting.eu","isPartOf":{"@id":"https:\/\/bolting.eu\/en\/#website"},"primaryImageOfPage":{"@id":"https:\/\/bolting.eu\/en\/shop\/petzl-absorbica-i-150\/#primaryimage"},"image":{"@id":"https:\/\/bolting.eu\/en\/shop\/petzl-absorbica-i-150\/#primaryimage"},"thumbnailUrl":"https:\/\/bolting.eu\/wp-content\/uploads\/2025\/02\/Petzl-Absorbica-I-150-2.jpg","datePublished":"2025-02-07T09:53:02+00:00","dateModified":"2026-03-20T17:05:43+00:00","description":"Petzl Absorbica - I 150 beim Industriekletter Profi kaufen \u2705 Trusted Shop \u2705 kostenloser Versand* \u2705 14 Tage R\u00fcckgaberecht \u2705 Co2 neutrale Zustellung","breadcrumb":{"@id":"https:\/\/bolting.eu\/en\/shop\/petzl-absorbica-i-150\/#breadcrumb"},"inLanguage":"en-US","potentialAction":[{"@type":"ReadAction","target":["https:\/\/bolting.eu\/en\/shop\/petzl-absorbica-i-150\/"]}]},{"@type":"ImageObject","inLanguage":"en-US","@id":"https:\/\/bolting.eu\/en\/shop\/petzl-absorbica-i-150\/#primaryimage","url":"https:\/\/bolting.eu\/wp-content\/uploads\/2025\/02\/Petzl-Absorbica-I-150-2.jpg","contentUrl":"https:\/\/bolting.eu\/wp-content\/uploads\/2025\/02\/Petzl-Absorbica-I-150-2.jpg","width":700,"height":700,"caption":"Schwarz gelber Petzl Absorbica - I 150 Bandfalld\u00e4mpfer vertikal ausgefahren vor wei\u00dfem Hintergrund."},{"@type":"BreadcrumbList","@id":"https:\/\/bolting.eu\/en\/shop\/petzl-absorbica-i-150\/#breadcrumb","itemListElement":[{"@type":"ListItem","position":1,"name":"Shop","item":"https:\/\/bolting.eu\/en\/shop\/"},{"@type":"ListItem","position":2,"name":"Industrial climbing gear","item":"https:\/\/bolting.eu\/en\/produkt-kategorie\/industrial-climbing-gear\/"},{"@type":"ListItem","position":3,"name":"Lanyard","item":"https:\/\/bolting.eu\/en\/produkt-kategorie\/lanyard\/"},{"@type":"ListItem","position":4,"name":"Petzl Absorbica &#8211; I 150"}]},{"@type":"WebSite","@id":"https:\/\/bolting.eu\/en\/#website","url":"https:\/\/bolting.eu\/en\/","name":"bolting.eu","description":"we make climbs happen","publisher":{"@id":"https:\/\/bolting.eu\/en\/#organization"},"potentialAction":[{"@type":"SearchAction","target":{"@type":"EntryPoint","urlTemplate":"https:\/\/bolting.eu\/en\/?s={search_term_string}"},"query-input":{"@type":"PropertyValueSpecification","valueRequired":true,"valueName":"search_term_string"}}],"inLanguage":"en-US"},{"@type":["Organization","Place","SportingGoodsStore"],"@id":"https:\/\/bolting.eu\/en\/#organization","name":"bolting.eu","url":"https:\/\/bolting.eu\/en\/","logo":{"@id":"https:\/\/bolting.eu\/en\/shop\/petzl-absorbica-i-150\/#local-main-organization-logo"},"image":{"@id":"https:\/\/bolting.eu\/en\/shop\/petzl-absorbica-i-150\/#local-main-organization-logo"},"sameAs":["https:\/\/www.facebook.com\/bolting.eu","https:\/\/www.instagram.com\/bolting.eu\/"],"address":{"@id":"https:\/\/bolting.eu\/en\/shop\/petzl-absorbica-i-150\/#local-main-place-address"},"geo":{"@type":"GeoCoordinates","latitude":"47.264176340396226","longitude":"11.380109057672346"},"telephone":["+43 699 19083372"],"openingHoursSpecification":[{"@type":"OpeningHoursSpecification","dayOfWeek":["Monday","Wednesday","Friday"],"opens":"14:00","closes":"18:00"},{"@type":"OpeningHoursSpecification","dayOfWeek":["Tuesday","Thursday","Saturday","Sunday"],"opens":"00:00","closes":"00:00"}],"email":"office@bolting.eu","vatID":"ATU59999728","priceRange":"$$","currenciesAccepted":"Euro"},{"@type":"PostalAddress","@id":"https:\/\/bolting.eu\/en\/shop\/petzl-absorbica-i-150\/#local-main-place-address","streetAddress":"Fischnalerstra\u00dfe 4","addressLocality":"Innsbruck","postalCode":"6020","addressRegion":"Tirol","addressCountry":"AT"},{"@type":"ImageObject","inLanguage":"en-US","@id":"https:\/\/bolting.eu\/en\/shop\/petzl-absorbica-i-150\/#local-main-organization-logo","url":"https:\/\/bolting.eu\/wp-content\/uploads\/2019\/09\/bolting-logo.png","contentUrl":"https:\/\/bolting.eu\/wp-content\/uploads\/2019\/09\/bolting-logo.png","width":400,"height":211,"caption":"bolting.eu"}]},"og_video":"https:\/\/player.vimeo.com\/video\/831449219","og_video_type":"text\/html","og_video_duration":"92","og_video_width":"3840","og_video_height":"2160","ya_ovs_adult":"false","ya_ovs_upload_date":"2025-02-07T09:53:02+00:00","ya_ovs_allow_embed":"true","product_price_amount":"76.00","product_price_currency":"EUR","og_availability":"instock","product_availability":"instock","product_retailer_item_id":"L013AB01","product_condition":"new","geo.placename":"Innsbruck","geo.position":{"lat":"47.264176340396226","long":"11.380109057672346"},"geo.region":"Austria"},"_links":{"self":[{"href":"https:\/\/bolting.eu\/en\/wp-json\/wp\/v2\/product\/30809","targetHints":{"allow":["GET"]}}],"collection":[{"href":"https:\/\/bolting.eu\/en\/wp-json\/wp\/v2\/product"}],"about":[{"href":"https:\/\/bolting.eu\/en\/wp-json\/wp\/v2\/types\/product"}],"replies":[{"embeddable":true,"href":"https:\/\/bolting.eu\/en\/wp-json\/wp\/v2\/comments?post=30809"}],"wp:featuredmedia":[{"embeddable":true,"href":"https:\/\/bolting.eu\/en\/wp-json\/wp\/v2\/media\/30816"}],"wp:attachment":[{"href":"https:\/\/bolting.eu\/en\/wp-json\/wp\/v2\/media?parent=30809"}],"wp:term":[{"taxonomy":"product_brand","embeddable":true,"href":"https:\/\/bolting.eu\/en\/wp-json\/wp\/v2\/product_brand?post=30809"},{"taxonomy":"product_cat","embeddable":true,"href":"https:\/\/bolting.eu\/en\/wp-json\/wp\/v2\/product_cat?post=30809"},{"taxonomy":"product_tag","embeddable":true,"href":"https:\/\/bolting.eu\/en\/wp-json\/wp\/v2\/product_tag?post=30809"}],"curies":[{"name":"wp","href":"https:\/\/api.w.org\/{rel}","templated":true}]}}