{"id":3078,"date":"2020-04-08T08:48:30","date_gmt":"2020-04-08T06:48:30","guid":{"rendered":"https:\/\/bolting.eu\/?post_type=product&#038;p=3078"},"modified":"2026-03-09T08:05:21","modified_gmt":"2026-03-09T07:05:21","slug":"stubai-kletterhandschuhe-eternal-3-4","status":"publish","type":"product","link":"https:\/\/bolting.eu\/en\/shop\/stubai-kletterhandschuhe-eternal-3-4\/","title":{"rendered":"Stubai Kletterhandschuhe Eternal 3\/4"},"content":{"rendered":"<p>Die Stubai <a href=\"https:\/\/bolting.eu\/produkt-kategorie\/kletterausruestung\/kletterhandschuhe\/\">Kletterhandschuhe<\/a> Eternal 3\/4 sind eine unserer Top Seller. Denn er wird erstens sehr gerne f\u00fcr Klettersteige verwendet. Dabei ist er vor allem <b>als Schutz der H\u00e4nde vor Blasen bzw. scharfen Drahtseilenden <\/b>gedacht. Zweitens kaufen ihn viele Erschlie\u00dfer zum <a href=\"https:\/\/bolting.eu\/kletterroute-einbohren\/\">Kletterroute einbohren<\/a>. Drittens ist er auch bei H\u00f6henarbeitern sehr beliebt.<\/p>\n<p>Denn die leichten Kletterhandschuhe sind super komfortabel. Sie haben zudem an der Hand-Innenseite eine Verst\u00e4rkung f\u00fcr eine lange Lebensdauer. \u00dcberdies bietet das optimalen Schutz f\u00fcr die Handfl\u00e4chen. Die R\u00fcckseite ist des weiteren atmungsaktiv und erm\u00f6glicht gutes Handklima. Vor allem auch bei hei\u00dfen Temperaturen.<\/p>\n<p>Die Fingerkuppen liegen alle frei. Somit kann man Karabiner, Werkzeuge und zudem den Fels perfekt angreifen.<\/p>\n<p>Kurzum. Dieser Klettersteighandschuh ist super abrieb- und rutschfest. Weiters sorgt die leichte Polsterung f\u00fcr enormen Tragekomfort. Einfach Top!<\/p>\n<h3>Eigenschaften Stubai Kletterhandschuhe Eternal 3\/4<\/h3>\n<ul>\n<li>leichter, komfortabler Klettersteighandschuh<\/li>\n<li>verst\u00e4rkte Innenseite<\/li>\n<li>atmungsaktive Au\u00dfenseite<\/li>\n<li>Klettverschluss f\u00fcr optimalen Sitz<\/li>\n<li>super abrieb- und rutschfest<\/li>\n<li>Fingerkuppen freiliegend<\/li>\n<li>erh\u00e4ltlich in 4 Gr\u00f6\u00dfen: S-M-L-XL<\/li>\n<\/ul>\n<h3>Einsatzgebiete<\/h3>\n<p>Die Stubai Kletterhandschuhe Eternal 3\/4 sind f\u00fcr viele Situationen perfekt:<\/p>\n<ul>\n<li>Klettersteige<\/li>\n<li>H\u00f6henarbeiten<\/li>\n<li>Radfahren<\/li>\n<li>als Sicherungshandschuhe<\/li>\n<li>f\u00fcr Montagearbeiten<\/li>\n<\/ul>\n<p>Link Tipp: Entdecke mit deinen neuen Handschuhen einen der sch\u00f6nsten Klettersteige \u00d6sterreichs: den <a href=\"https:\/\/maltatal.rocks\/klettergebiete-posts\/fallbach-klettersteig-maltatal\/\" target=\"_blank\" rel=\"noopener noreferrer\">Fallbach Klettersteig im Maltatal<\/a>!<\/p>\n","protected":false},"excerpt":{"rendered":"<ul>\n<li>leichter, komfortabler Klettersteighandschuh<\/li>\n<li>verst\u00e4rkte Innenseite<\/li>\n<li>atmungsaktive Au\u00dfenseite<\/li>\n<li>Klettverschluss f\u00fcr optimalen Sitz<\/li>\n<li>super abrieb- und rutschfest<\/li>\n<li>Fingerkuppen freiliegend<\/li>\n<li>erh\u00e4ltlich in 4 Gr\u00f6\u00dfen: S-M-L-XL<\/li>\n<\/ul>\n","protected":false},"featured_media":3081,"comment_status":"open","ping_status":"closed","template":"","meta":[],"product_brand":[],"product_cat":[6491,4650],"product_tag":[265],"class_list":{"0":"post-3078","1":"product","2":"type-product","3":"status-publish","4":"has-post-thumbnail","6":"product_cat-kletterhandschuhe","7":"product_cat-stubai-bergsport","8":"product_tag-big-wall-klettern","10":"first","11":"instock","12":"taxable","13":"shipping-taxable","14":"purchasable","15":"product-type-variable"},"yoast_head":"<!-- This site is optimized with the Yoast SEO Premium plugin v26.9 (Yoast SEO v26.9) - https:\/\/yoast.com\/product\/yoast-seo-premium-wordpress\/ -->\n<title>Stubai Kletterhandschuhe Eternal 3\/4: jetzt online kaufen bei bolting.eu<\/title>\n<meta name=\"description\" content=\"Hier findest Du die Stubai Kletterhandschuhe Eternal 3\/4. Einen super komfortablen Kletterhandschuh mit offenen Fingerkuppen f\u00fcr Klettersteige.\" \/>\n<meta name=\"robots\" content=\"index, follow, max-snippet:-1, max-image-preview:large, max-video-preview:-1\" \/>\n<link rel=\"canonical\" href=\"https:\/\/bolting.eu\/en\/shop\/stubai-kletterhandschuhe-eternal-3-4\/\" \/>\n<meta property=\"og:locale\" content=\"en_US\" \/>\n<meta property=\"og:type\" content=\"article\" \/>\n<meta property=\"og:title\" content=\"Stubai Kletterhandschuhe Eternal 3\/4\" \/>\n<meta property=\"og:description\" content=\"Hier findest Du die Stubai Kletterhandschuhe Eternal 3\/4. Einen super komfortablen Kletterhandschuh mit offenen Fingerkuppen f\u00fcr Klettersteige.\" \/>\n<meta property=\"og:url\" content=\"https:\/\/bolting.eu\/en\/shop\/stubai-kletterhandschuhe-eternal-3-4\/\" \/>\n<meta property=\"og:site_name\" content=\"bolting.eu\" \/>\n<meta property=\"article:publisher\" content=\"https:\/\/www.facebook.com\/bolting.eu\" \/>\n<meta property=\"article:modified_time\" content=\"2026-03-09T07:05:21+00:00\" \/>\n<meta property=\"og:image\" content=\"https:\/\/bolting.eu\/wp-content\/uploads\/2020\/04\/Stubai-Kletterhandschuh-Eternal-3-4.jpg\" \/>\n\t<meta property=\"og:image:width\" content=\"700\" \/>\n\t<meta property=\"og:image:height\" content=\"700\" \/>\n\t<meta property=\"og:image:type\" content=\"image\/jpeg\" \/>\n<meta name=\"twitter:card\" content=\"summary_large_image\" \/>\n<meta name=\"twitter:label1\" content=\"Availability\" \/>\n\t<meta name=\"twitter:data1\" content=\"In stock\" \/>\n<script type=\"application\/ld+json\" class=\"yoast-schema-graph\">{\"@context\":\"https:\/\/schema.org\",\"@graph\":[{\"@type\":[\"WebPage\",\"ItemPage\"],\"@id\":\"https:\/\/bolting.eu\/en\/shop\/stubai-kletterhandschuhe-eternal-3-4\/\",\"url\":\"https:\/\/bolting.eu\/en\/shop\/stubai-kletterhandschuhe-eternal-3-4\/\",\"name\":\"Stubai Kletterhandschuhe Eternal 3\/4: jetzt online kaufen bei bolting.eu\",\"isPartOf\":{\"@id\":\"https:\/\/bolting.eu\/en\/#website\"},\"primaryImageOfPage\":{\"@id\":\"https:\/\/bolting.eu\/en\/shop\/stubai-kletterhandschuhe-eternal-3-4\/#primaryimage\"},\"image\":{\"@id\":\"https:\/\/bolting.eu\/en\/shop\/stubai-kletterhandschuhe-eternal-3-4\/#primaryimage\"},\"thumbnailUrl\":\"https:\/\/bolting.eu\/wp-content\/uploads\/2020\/04\/Stubai-Kletterhandschuh-Eternal-3-4.jpg\",\"datePublished\":\"2020-04-08T06:48:30+00:00\",\"dateModified\":\"2026-03-09T07:05:21+00:00\",\"description\":\"Hier findest Du die Stubai Kletterhandschuhe Eternal 3\/4. Einen super komfortablen Kletterhandschuh mit offenen Fingerkuppen f\u00fcr Klettersteige.\",\"breadcrumb\":{\"@id\":\"https:\/\/bolting.eu\/en\/shop\/stubai-kletterhandschuhe-eternal-3-4\/#breadcrumb\"},\"inLanguage\":\"en-US\",\"potentialAction\":[{\"@type\":\"ReadAction\",\"target\":[\"https:\/\/bolting.eu\/en\/shop\/stubai-kletterhandschuhe-eternal-3-4\/\"]}]},{\"@type\":\"ImageObject\",\"inLanguage\":\"en-US\",\"@id\":\"https:\/\/bolting.eu\/en\/shop\/stubai-kletterhandschuhe-eternal-3-4\/#primaryimage\",\"url\":\"https:\/\/bolting.eu\/wp-content\/uploads\/2020\/04\/Stubai-Kletterhandschuh-Eternal-3-4.jpg\",\"contentUrl\":\"https:\/\/bolting.eu\/wp-content\/uploads\/2020\/04\/Stubai-Kletterhandschuh-Eternal-3-4.jpg\",\"width\":700,\"height\":700,\"caption\":\"Das Bild zeigt ein Paar Stubai Klettersteighandschuhe Eternal 3\/4. Die Kletterhandschuhe sind als Paar in einem wei\u00dfem Quadrat abgebildet. Man sieht den linken Handschuh von der R\u00fcckseite und den rechten von der Innenseite. Es sind alle Produktdetails sehr gut zu erkennen.\"},{\"@type\":\"BreadcrumbList\",\"@id\":\"https:\/\/bolting.eu\/en\/shop\/stubai-kletterhandschuhe-eternal-3-4\/#breadcrumb\",\"itemListElement\":[{\"@type\":\"ListItem\",\"position\":1,\"name\":\"Shop\",\"item\":\"https:\/\/bolting.eu\/en\/shop\/\"},{\"@type\":\"ListItem\",\"position\":2,\"name\":\"climbing equipment\",\"item\":\"https:\/\/bolting.eu\/en\/produkt-kategorie\/climbing-equipment\/\"},{\"@type\":\"ListItem\",\"position\":3,\"name\":\"Climbing gloves\",\"item\":\"https:\/\/bolting.eu\/en\/produkt-kategorie\/climbing-gloves\/\"},{\"@type\":\"ListItem\",\"position\":4,\"name\":\"Stubai Kletterhandschuhe Eternal 3\/4\"}]},{\"@type\":\"WebSite\",\"@id\":\"https:\/\/bolting.eu\/en\/#website\",\"url\":\"https:\/\/bolting.eu\/en\/\",\"name\":\"bolting.eu\",\"description\":\"we make climbs happen\",\"publisher\":{\"@id\":\"https:\/\/bolting.eu\/en\/#organization\"},\"potentialAction\":[{\"@type\":\"SearchAction\",\"target\":{\"@type\":\"EntryPoint\",\"urlTemplate\":\"https:\/\/bolting.eu\/en\/?s={search_term_string}\"},\"query-input\":{\"@type\":\"PropertyValueSpecification\",\"valueRequired\":true,\"valueName\":\"search_term_string\"}}],\"inLanguage\":\"en-US\"},{\"@type\":[\"Organization\",\"Place\",\"SportingGoodsStore\"],\"@id\":\"https:\/\/bolting.eu\/en\/#organization\",\"name\":\"bolting.eu\",\"url\":\"https:\/\/bolting.eu\/en\/\",\"logo\":{\"@id\":\"https:\/\/bolting.eu\/en\/shop\/stubai-kletterhandschuhe-eternal-3-4\/#local-main-organization-logo\"},\"image\":{\"@id\":\"https:\/\/bolting.eu\/en\/shop\/stubai-kletterhandschuhe-eternal-3-4\/#local-main-organization-logo\"},\"sameAs\":[\"https:\/\/www.facebook.com\/bolting.eu\",\"https:\/\/www.instagram.com\/bolting.eu\/\"],\"address\":{\"@id\":\"https:\/\/bolting.eu\/en\/shop\/stubai-kletterhandschuhe-eternal-3-4\/#local-main-place-address\"},\"geo\":{\"@type\":\"GeoCoordinates\",\"latitude\":\"47.264176340396226\",\"longitude\":\"11.380109057672346\"},\"telephone\":[\"+43 699 19083372\"],\"openingHoursSpecification\":[{\"@type\":\"OpeningHoursSpecification\",\"dayOfWeek\":[\"Monday\",\"Wednesday\",\"Friday\"],\"opens\":\"14:00\",\"closes\":\"18:00\"},{\"@type\":\"OpeningHoursSpecification\",\"dayOfWeek\":[\"Tuesday\",\"Thursday\",\"Saturday\",\"Sunday\"],\"opens\":\"00:00\",\"closes\":\"00:00\"}],\"email\":\"office@bolting.eu\",\"vatID\":\"ATU59999728\",\"priceRange\":\"$$\",\"currenciesAccepted\":\"Euro\"},{\"@type\":\"PostalAddress\",\"@id\":\"https:\/\/bolting.eu\/en\/shop\/stubai-kletterhandschuhe-eternal-3-4\/#local-main-place-address\",\"streetAddress\":\"Fischnalerstra\u00dfe 4\",\"addressLocality\":\"Innsbruck\",\"postalCode\":\"6020\",\"addressRegion\":\"Tirol\",\"addressCountry\":\"AT\"},{\"@type\":\"ImageObject\",\"inLanguage\":\"en-US\",\"@id\":\"https:\/\/bolting.eu\/en\/shop\/stubai-kletterhandschuhe-eternal-3-4\/#local-main-organization-logo\",\"url\":\"https:\/\/bolting.eu\/wp-content\/uploads\/2019\/09\/bolting-logo.png\",\"contentUrl\":\"https:\/\/bolting.eu\/wp-content\/uploads\/2019\/09\/bolting-logo.png\",\"width\":400,\"height\":211,\"caption\":\"bolting.eu\"}]}<\/script>\n<meta property=\"og:availability\" content=\"instock\" \/>\n<meta property=\"product:availability\" content=\"instock\" \/>\n<meta property=\"product:condition\" content=\"new\" \/>\n<meta name=\"geo.placename\" content=\"Innsbruck\" \/>\n<meta name=\"geo.position\" content=\"47.264176340396226;11.380109057672346\" \/>\n<meta name=\"geo.region\" content=\"Austria\" \/>\n<!-- \/ Yoast SEO Premium plugin. -->","yoast_head_json":{"title":"Stubai Kletterhandschuhe Eternal 3\/4: jetzt online kaufen bei bolting.eu","description":"Hier findest Du die Stubai Kletterhandschuhe Eternal 3\/4. Einen super komfortablen Kletterhandschuh mit offenen Fingerkuppen f\u00fcr Klettersteige.","robots":{"index":"index","follow":"follow","max-snippet":"max-snippet:-1","max-image-preview":"max-image-preview:large","max-video-preview":"max-video-preview:-1"},"canonical":"https:\/\/bolting.eu\/en\/shop\/stubai-kletterhandschuhe-eternal-3-4\/","og_locale":"en_US","og_type":"article","og_title":"Stubai Kletterhandschuhe Eternal 3\/4","og_description":"Hier findest Du die Stubai Kletterhandschuhe Eternal 3\/4. Einen super komfortablen Kletterhandschuh mit offenen Fingerkuppen f\u00fcr Klettersteige.","og_url":"https:\/\/bolting.eu\/en\/shop\/stubai-kletterhandschuhe-eternal-3-4\/","og_site_name":"bolting.eu","article_publisher":"https:\/\/www.facebook.com\/bolting.eu","article_modified_time":"2026-03-09T07:05:21+00:00","og_image":[{"width":700,"height":700,"url":"https:\/\/bolting.eu\/wp-content\/uploads\/2020\/04\/Stubai-Kletterhandschuh-Eternal-3-4.jpg","type":"image\/jpeg"}],"twitter_card":"summary_large_image","twitter_misc":{"Availability":"In stock"},"schema":{"@context":"https:\/\/schema.org","@graph":[{"@type":["WebPage","ItemPage"],"@id":"https:\/\/bolting.eu\/en\/shop\/stubai-kletterhandschuhe-eternal-3-4\/","url":"https:\/\/bolting.eu\/en\/shop\/stubai-kletterhandschuhe-eternal-3-4\/","name":"Stubai Kletterhandschuhe Eternal 3\/4: jetzt online kaufen bei bolting.eu","isPartOf":{"@id":"https:\/\/bolting.eu\/en\/#website"},"primaryImageOfPage":{"@id":"https:\/\/bolting.eu\/en\/shop\/stubai-kletterhandschuhe-eternal-3-4\/#primaryimage"},"image":{"@id":"https:\/\/bolting.eu\/en\/shop\/stubai-kletterhandschuhe-eternal-3-4\/#primaryimage"},"thumbnailUrl":"https:\/\/bolting.eu\/wp-content\/uploads\/2020\/04\/Stubai-Kletterhandschuh-Eternal-3-4.jpg","datePublished":"2020-04-08T06:48:30+00:00","dateModified":"2026-03-09T07:05:21+00:00","description":"Hier findest Du die Stubai Kletterhandschuhe Eternal 3\/4. Einen super komfortablen Kletterhandschuh mit offenen Fingerkuppen f\u00fcr Klettersteige.","breadcrumb":{"@id":"https:\/\/bolting.eu\/en\/shop\/stubai-kletterhandschuhe-eternal-3-4\/#breadcrumb"},"inLanguage":"en-US","potentialAction":[{"@type":"ReadAction","target":["https:\/\/bolting.eu\/en\/shop\/stubai-kletterhandschuhe-eternal-3-4\/"]}]},{"@type":"ImageObject","inLanguage":"en-US","@id":"https:\/\/bolting.eu\/en\/shop\/stubai-kletterhandschuhe-eternal-3-4\/#primaryimage","url":"https:\/\/bolting.eu\/wp-content\/uploads\/2020\/04\/Stubai-Kletterhandschuh-Eternal-3-4.jpg","contentUrl":"https:\/\/bolting.eu\/wp-content\/uploads\/2020\/04\/Stubai-Kletterhandschuh-Eternal-3-4.jpg","width":700,"height":700,"caption":"Das Bild zeigt ein Paar Stubai Klettersteighandschuhe Eternal 3\/4. Die Kletterhandschuhe sind als Paar in einem wei\u00dfem Quadrat abgebildet. Man sieht den linken Handschuh von der R\u00fcckseite und den rechten von der Innenseite. Es sind alle Produktdetails sehr gut zu erkennen."},{"@type":"BreadcrumbList","@id":"https:\/\/bolting.eu\/en\/shop\/stubai-kletterhandschuhe-eternal-3-4\/#breadcrumb","itemListElement":[{"@type":"ListItem","position":1,"name":"Shop","item":"https:\/\/bolting.eu\/en\/shop\/"},{"@type":"ListItem","position":2,"name":"climbing equipment","item":"https:\/\/bolting.eu\/en\/produkt-kategorie\/climbing-equipment\/"},{"@type":"ListItem","position":3,"name":"Climbing gloves","item":"https:\/\/bolting.eu\/en\/produkt-kategorie\/climbing-gloves\/"},{"@type":"ListItem","position":4,"name":"Stubai Kletterhandschuhe Eternal 3\/4"}]},{"@type":"WebSite","@id":"https:\/\/bolting.eu\/en\/#website","url":"https:\/\/bolting.eu\/en\/","name":"bolting.eu","description":"we make climbs happen","publisher":{"@id":"https:\/\/bolting.eu\/en\/#organization"},"potentialAction":[{"@type":"SearchAction","target":{"@type":"EntryPoint","urlTemplate":"https:\/\/bolting.eu\/en\/?s={search_term_string}"},"query-input":{"@type":"PropertyValueSpecification","valueRequired":true,"valueName":"search_term_string"}}],"inLanguage":"en-US"},{"@type":["Organization","Place","SportingGoodsStore"],"@id":"https:\/\/bolting.eu\/en\/#organization","name":"bolting.eu","url":"https:\/\/bolting.eu\/en\/","logo":{"@id":"https:\/\/bolting.eu\/en\/shop\/stubai-kletterhandschuhe-eternal-3-4\/#local-main-organization-logo"},"image":{"@id":"https:\/\/bolting.eu\/en\/shop\/stubai-kletterhandschuhe-eternal-3-4\/#local-main-organization-logo"},"sameAs":["https:\/\/www.facebook.com\/bolting.eu","https:\/\/www.instagram.com\/bolting.eu\/"],"address":{"@id":"https:\/\/bolting.eu\/en\/shop\/stubai-kletterhandschuhe-eternal-3-4\/#local-main-place-address"},"geo":{"@type":"GeoCoordinates","latitude":"47.264176340396226","longitude":"11.380109057672346"},"telephone":["+43 699 19083372"],"openingHoursSpecification":[{"@type":"OpeningHoursSpecification","dayOfWeek":["Monday","Wednesday","Friday"],"opens":"14:00","closes":"18:00"},{"@type":"OpeningHoursSpecification","dayOfWeek":["Tuesday","Thursday","Saturday","Sunday"],"opens":"00:00","closes":"00:00"}],"email":"office@bolting.eu","vatID":"ATU59999728","priceRange":"$$","currenciesAccepted":"Euro"},{"@type":"PostalAddress","@id":"https:\/\/bolting.eu\/en\/shop\/stubai-kletterhandschuhe-eternal-3-4\/#local-main-place-address","streetAddress":"Fischnalerstra\u00dfe 4","addressLocality":"Innsbruck","postalCode":"6020","addressRegion":"Tirol","addressCountry":"AT"},{"@type":"ImageObject","inLanguage":"en-US","@id":"https:\/\/bolting.eu\/en\/shop\/stubai-kletterhandschuhe-eternal-3-4\/#local-main-organization-logo","url":"https:\/\/bolting.eu\/wp-content\/uploads\/2019\/09\/bolting-logo.png","contentUrl":"https:\/\/bolting.eu\/wp-content\/uploads\/2019\/09\/bolting-logo.png","width":400,"height":211,"caption":"bolting.eu"}]},"og_availability":"instock","product_availability":"instock","product_condition":"new","geo.placename":"Innsbruck","geo.position":{"lat":"47.264176340396226","long":"11.380109057672346"},"geo.region":"Austria"},"_links":{"self":[{"href":"https:\/\/bolting.eu\/en\/wp-json\/wp\/v2\/product\/3078","targetHints":{"allow":["GET"]}}],"collection":[{"href":"https:\/\/bolting.eu\/en\/wp-json\/wp\/v2\/product"}],"about":[{"href":"https:\/\/bolting.eu\/en\/wp-json\/wp\/v2\/types\/product"}],"replies":[{"embeddable":true,"href":"https:\/\/bolting.eu\/en\/wp-json\/wp\/v2\/comments?post=3078"}],"wp:featuredmedia":[{"embeddable":true,"href":"https:\/\/bolting.eu\/en\/wp-json\/wp\/v2\/media\/3081"}],"wp:attachment":[{"href":"https:\/\/bolting.eu\/en\/wp-json\/wp\/v2\/media?parent=3078"}],"wp:term":[{"taxonomy":"product_brand","embeddable":true,"href":"https:\/\/bolting.eu\/en\/wp-json\/wp\/v2\/product_brand?post=3078"},{"taxonomy":"product_cat","embeddable":true,"href":"https:\/\/bolting.eu\/en\/wp-json\/wp\/v2\/product_cat?post=3078"},{"taxonomy":"product_tag","embeddable":true,"href":"https:\/\/bolting.eu\/en\/wp-json\/wp\/v2\/product_tag?post=3078"}],"curies":[{"name":"wp","href":"https:\/\/api.w.org\/{rel}","templated":true}]}}