{"id":3074,"date":"2020-04-08T08:45:51","date_gmt":"2020-04-08T06:45:51","guid":{"rendered":"https:\/\/bolting.eu\/?post_type=product&#038;p=3074"},"modified":"2025-07-28T08:59:40","modified_gmt":"2025-07-28T06:59:40","slug":"stubai-allround-handschuhe-five","status":"publish","type":"product","link":"https:\/\/bolting.eu\/en\/shop\/stubai-allround-handschuhe-five\/","title":{"rendered":"Stubai Allround-Handschuhe Five"},"content":{"rendered":"<p>Die Stubai Allround-Handschuhe Five sind einer unserer Top Seller. Denn die vielseitige Einsatzm\u00f6glichkeit ist die gro\u00dfe St\u00e4rke dieses <strong>d\u00fcnnen Kunstfaser Handschuhs<\/strong>. Dabei ist er vor allem <strong>als w\u00e4rmender Schutz der H\u00e4nde<\/strong> gedacht.<\/p>\n<p>Erstens ist er ein prima Begleiter auf Klettertouren. Einerseits z.B. am Zustieg bei kalten Nordw\u00e4nden. Andererseits am Stand zum warmhalten der Finger. Zweitens ist dieser Handschuh perfekt zum Laufen, Wandern und Skitourengehen. Sowohl als alleiniger Schutz der H\u00e4nde oder als zus\u00e4tzlicher Innenhandschuh.<\/p>\n<p>Ein wirklich cooles Feature bei diesem Handschuh ist die Tauglichkeit f\u00fcr Smartphones. Denn der Zeigefinger bzw. Daumen ist f\u00fcr Tochscreens geeignet.<\/p>\n<p><strong>Als reiner Klettersteig Handschuh oder Arbeitshandschuh ist der Five NICHT geeignet!<\/strong><\/p>\n<h3>Eigenschaften Stubai Allround-Handschuhe Five<\/h3>\n<ul>\n<li>d\u00fcnner, w\u00e4rmender Kunstfaser Handschuh<\/li>\n<li>Silikondruck Elemente an Innenseite f\u00fcr optimalen Grip<\/li>\n<li>praktische Schlaufe f\u00fcr An- und Ausziehen<\/li>\n<li>Befestigungsloch f\u00fcr Karabiner<\/li>\n<li>Zeigefinger und Daumen aus Touchscreen kompatiblen Materialien<\/li>\n<li>erh\u00e4ltlich in 2 Uni Gr\u00f6\u00dfen (XS-M und L-XXL)<\/li>\n<\/ul>\n<h3>Einsatzgebiete<\/h3>\n<p>Die Stubai Allround-Handschuhe Five sind f\u00fcr viele Situationen perfekt:<\/p>\n<ul>\n<li>zum Klettern als w\u00e4rmender Schutz bei Zustieg, am Stand, zwischen den Durchstiegsversuchen<\/li>\n<li>H\u00f6henarbeiten wenn es mal ordentlich frisch ist<\/li>\n<li>Wandern, Laufen, Skitourengehen<\/li>\n<li>ideal f\u00fcr\u00b4s Autofahren, Eiskratzen, usw..<\/li>\n<li>als Innenhandschuh bei sehr kalten Temperaturen<\/li>\n<\/ul>\n<p>Link Tipp: Entdecke das <a href=\"https:\/\/maltatal.rocks\/alpinklettern-im-maltatal-hohe-tauern\/\" target=\"_blank\" rel=\"noopener noreferrer\">Alpinklettern in den\u00a0 Hohe Tauern<\/a> und nimm deine neuen Handschuhe gleich mit!<\/p>\n","protected":false},"excerpt":{"rendered":"<ul>\n<li>d\u00fcnner, w\u00e4rmender Kunstfaser Handschuh<\/li>\n<li>Silikondruck Elemente an Innenseite f\u00fcr optimalen Grip<\/li>\n<li>praktische Schlaufe f\u00fcr An- und Ausziehen<\/li>\n<li>Befestigungsloch f\u00fcr Karabiner<\/li>\n<li>Zeigefinger und Daumen aus Touchscreen kompatiblen Materialien<\/li>\n<li>erh\u00e4ltlich in 2 Uni Gr\u00f6\u00dfen (XS-M und L-XXL)<\/li>\n<\/ul>\n","protected":false},"featured_media":3077,"comment_status":"open","ping_status":"closed","template":"","meta":[],"product_brand":[],"product_cat":[4650,6491,14319],"product_tag":[262,265],"class_list":{"0":"post-3074","1":"product","2":"type-product","3":"status-publish","4":"has-post-thumbnail","6":"product_cat-stubai-bergsport","7":"product_cat-kletterhandschuhe","8":"product_cat-sale-klettern","9":"product_tag-alpinklettern","10":"product_tag-big-wall-klettern","12":"first","13":"instock","14":"sale","15":"taxable","16":"shipping-taxable","17":"purchasable","18":"product-type-variable"},"yoast_head":"<!-- This site is optimized with the Yoast SEO Premium plugin v26.9 (Yoast SEO v26.9) - https:\/\/yoast.com\/product\/yoast-seo-premium-wordpress\/ -->\n<title>Stubai Allround-Handschuhe Five: jetzt online kaufen bei bolting.eu<\/title>\n<meta name=\"description\" content=\"Hier findest Du den Stubai Allround-Handschuhe Five. Einen d\u00fcnnen, w\u00e4rmenden Kunstfaser Handschuh f\u00fcr alle Outdoor Sportarten oder als Innenhandschuh!\" \/>\n<meta name=\"robots\" content=\"index, follow, max-snippet:-1, max-image-preview:large, max-video-preview:-1\" \/>\n<link rel=\"canonical\" href=\"https:\/\/bolting.eu\/en\/shop\/stubai-allround-handschuhe-five\/\" \/>\n<meta property=\"og:locale\" content=\"en_US\" \/>\n<meta property=\"og:type\" content=\"article\" \/>\n<meta property=\"og:title\" content=\"Stubai Allround-Handschuhe Five\" \/>\n<meta property=\"og:description\" content=\"Hier findest Du den Stubai Allround-Handschuhe Five. Einen d\u00fcnnen, w\u00e4rmenden Kunstfaser Handschuh f\u00fcr alle Outdoor Sportarten oder als Innenhandschuh!\" \/>\n<meta property=\"og:url\" content=\"https:\/\/bolting.eu\/en\/shop\/stubai-allround-handschuhe-five\/\" \/>\n<meta property=\"og:site_name\" content=\"bolting.eu\" \/>\n<meta property=\"article:publisher\" content=\"https:\/\/www.facebook.com\/bolting.eu\" \/>\n<meta property=\"article:modified_time\" content=\"2025-07-28T06:59:40+00:00\" \/>\n<meta property=\"og:image\" content=\"https:\/\/bolting.eu\/wp-content\/uploads\/2020\/04\/Stubai-Allround-Handschuh-Five.jpg\" \/>\n\t<meta property=\"og:image:width\" content=\"700\" \/>\n\t<meta property=\"og:image:height\" content=\"700\" \/>\n\t<meta property=\"og:image:type\" content=\"image\/jpeg\" \/>\n<meta name=\"twitter:card\" content=\"summary_large_image\" \/>\n<meta name=\"twitter:label1\" content=\"Availability\" \/>\n\t<meta name=\"twitter:data1\" content=\"In stock\" \/>\n<script type=\"application\/ld+json\" class=\"yoast-schema-graph\">{\"@context\":\"https:\/\/schema.org\",\"@graph\":[{\"@type\":[\"WebPage\",\"ItemPage\"],\"@id\":\"https:\/\/bolting.eu\/en\/shop\/stubai-allround-handschuhe-five\/\",\"url\":\"https:\/\/bolting.eu\/en\/shop\/stubai-allround-handschuhe-five\/\",\"name\":\"Stubai Allround-Handschuhe Five: jetzt online kaufen bei bolting.eu\",\"isPartOf\":{\"@id\":\"https:\/\/bolting.eu\/en\/#website\"},\"primaryImageOfPage\":{\"@id\":\"https:\/\/bolting.eu\/en\/shop\/stubai-allround-handschuhe-five\/#primaryimage\"},\"image\":{\"@id\":\"https:\/\/bolting.eu\/en\/shop\/stubai-allround-handschuhe-five\/#primaryimage\"},\"thumbnailUrl\":\"https:\/\/bolting.eu\/wp-content\/uploads\/2020\/04\/Stubai-Allround-Handschuh-Five.jpg\",\"datePublished\":\"2020-04-08T06:45:51+00:00\",\"dateModified\":\"2025-07-28T06:59:40+00:00\",\"description\":\"Hier findest Du den Stubai Allround-Handschuhe Five. Einen d\u00fcnnen, w\u00e4rmenden Kunstfaser Handschuh f\u00fcr alle Outdoor Sportarten oder als Innenhandschuh!\",\"breadcrumb\":{\"@id\":\"https:\/\/bolting.eu\/en\/shop\/stubai-allround-handschuhe-five\/#breadcrumb\"},\"inLanguage\":\"en-US\",\"potentialAction\":[{\"@type\":\"ReadAction\",\"target\":[\"https:\/\/bolting.eu\/en\/shop\/stubai-allround-handschuhe-five\/\"]}]},{\"@type\":\"ImageObject\",\"inLanguage\":\"en-US\",\"@id\":\"https:\/\/bolting.eu\/en\/shop\/stubai-allround-handschuhe-five\/#primaryimage\",\"url\":\"https:\/\/bolting.eu\/wp-content\/uploads\/2020\/04\/Stubai-Allround-Handschuh-Five.jpg\",\"contentUrl\":\"https:\/\/bolting.eu\/wp-content\/uploads\/2020\/04\/Stubai-Allround-Handschuh-Five.jpg\",\"width\":700,\"height\":700,\"caption\":\"Das Bild zeigt ein Paar Stubai Allround-Handschuhe Five. Man sieht in einem wei\u00dfem Quadrat den linken Handschuh von der R\u00fcckseite und den rechten von der Vorderseite. Alle Produktdetails sind gut zu erkennen.\"},{\"@type\":\"BreadcrumbList\",\"@id\":\"https:\/\/bolting.eu\/en\/shop\/stubai-allround-handschuhe-five\/#breadcrumb\",\"itemListElement\":[{\"@type\":\"ListItem\",\"position\":1,\"name\":\"Shop\",\"item\":\"https:\/\/bolting.eu\/en\/shop\/\"},{\"@type\":\"ListItem\",\"position\":2,\"name\":\"Stubai mountain sports\",\"item\":\"https:\/\/bolting.eu\/en\/produkt-kategorie\/stubai-mountain-sports\/\"},{\"@type\":\"ListItem\",\"position\":3,\"name\":\"Stubai Allround-Handschuhe Five\"}]},{\"@type\":\"WebSite\",\"@id\":\"https:\/\/bolting.eu\/en\/#website\",\"url\":\"https:\/\/bolting.eu\/en\/\",\"name\":\"bolting.eu\",\"description\":\"we make climbs happen\",\"publisher\":{\"@id\":\"https:\/\/bolting.eu\/en\/#organization\"},\"potentialAction\":[{\"@type\":\"SearchAction\",\"target\":{\"@type\":\"EntryPoint\",\"urlTemplate\":\"https:\/\/bolting.eu\/en\/?s={search_term_string}\"},\"query-input\":{\"@type\":\"PropertyValueSpecification\",\"valueRequired\":true,\"valueName\":\"search_term_string\"}}],\"inLanguage\":\"en-US\"},{\"@type\":[\"Organization\",\"Place\",\"SportingGoodsStore\"],\"@id\":\"https:\/\/bolting.eu\/en\/#organization\",\"name\":\"bolting.eu\",\"url\":\"https:\/\/bolting.eu\/en\/\",\"logo\":{\"@id\":\"https:\/\/bolting.eu\/en\/shop\/stubai-allround-handschuhe-five\/#local-main-organization-logo\"},\"image\":{\"@id\":\"https:\/\/bolting.eu\/en\/shop\/stubai-allround-handschuhe-five\/#local-main-organization-logo\"},\"sameAs\":[\"https:\/\/www.facebook.com\/bolting.eu\",\"https:\/\/www.instagram.com\/bolting.eu\/\"],\"address\":{\"@id\":\"https:\/\/bolting.eu\/en\/shop\/stubai-allround-handschuhe-five\/#local-main-place-address\"},\"geo\":{\"@type\":\"GeoCoordinates\",\"latitude\":\"47.264176340396226\",\"longitude\":\"11.380109057672346\"},\"telephone\":[\"+43 699 19083372\"],\"openingHoursSpecification\":[{\"@type\":\"OpeningHoursSpecification\",\"dayOfWeek\":[\"Monday\",\"Wednesday\",\"Friday\"],\"opens\":\"14:00\",\"closes\":\"18:00\"},{\"@type\":\"OpeningHoursSpecification\",\"dayOfWeek\":[\"Tuesday\",\"Thursday\",\"Saturday\",\"Sunday\"],\"opens\":\"00:00\",\"closes\":\"00:00\"}],\"email\":\"office@bolting.eu\",\"vatID\":\"ATU59999728\",\"priceRange\":\"$$\",\"currenciesAccepted\":\"Euro\"},{\"@type\":\"PostalAddress\",\"@id\":\"https:\/\/bolting.eu\/en\/shop\/stubai-allround-handschuhe-five\/#local-main-place-address\",\"streetAddress\":\"Fischnalerstra\u00dfe 4\",\"addressLocality\":\"Innsbruck\",\"postalCode\":\"6020\",\"addressRegion\":\"Tirol\",\"addressCountry\":\"AT\"},{\"@type\":\"ImageObject\",\"inLanguage\":\"en-US\",\"@id\":\"https:\/\/bolting.eu\/en\/shop\/stubai-allround-handschuhe-five\/#local-main-organization-logo\",\"url\":\"https:\/\/bolting.eu\/wp-content\/uploads\/2019\/09\/bolting-logo.png\",\"contentUrl\":\"https:\/\/bolting.eu\/wp-content\/uploads\/2019\/09\/bolting-logo.png\",\"width\":400,\"height\":211,\"caption\":\"bolting.eu\"}]}<\/script>\n<meta property=\"og:availability\" content=\"instock\" \/>\n<meta property=\"product:availability\" content=\"instock\" \/>\n<meta property=\"product:condition\" content=\"new\" \/>\n<meta name=\"geo.placename\" content=\"Innsbruck\" \/>\n<meta name=\"geo.position\" content=\"47.264176340396226;11.380109057672346\" \/>\n<meta name=\"geo.region\" content=\"Austria\" \/>\n<!-- \/ Yoast SEO Premium plugin. -->","yoast_head_json":{"title":"Stubai Allround-Handschuhe Five: jetzt online kaufen bei bolting.eu","description":"Hier findest Du den Stubai Allround-Handschuhe Five. Einen d\u00fcnnen, w\u00e4rmenden Kunstfaser Handschuh f\u00fcr alle Outdoor Sportarten oder als Innenhandschuh!","robots":{"index":"index","follow":"follow","max-snippet":"max-snippet:-1","max-image-preview":"max-image-preview:large","max-video-preview":"max-video-preview:-1"},"canonical":"https:\/\/bolting.eu\/en\/shop\/stubai-allround-handschuhe-five\/","og_locale":"en_US","og_type":"article","og_title":"Stubai Allround-Handschuhe Five","og_description":"Hier findest Du den Stubai Allround-Handschuhe Five. Einen d\u00fcnnen, w\u00e4rmenden Kunstfaser Handschuh f\u00fcr alle Outdoor Sportarten oder als Innenhandschuh!","og_url":"https:\/\/bolting.eu\/en\/shop\/stubai-allround-handschuhe-five\/","og_site_name":"bolting.eu","article_publisher":"https:\/\/www.facebook.com\/bolting.eu","article_modified_time":"2025-07-28T06:59:40+00:00","og_image":[{"width":700,"height":700,"url":"https:\/\/bolting.eu\/wp-content\/uploads\/2020\/04\/Stubai-Allround-Handschuh-Five.jpg","type":"image\/jpeg"}],"twitter_card":"summary_large_image","twitter_misc":{"Availability":"In stock"},"schema":{"@context":"https:\/\/schema.org","@graph":[{"@type":["WebPage","ItemPage"],"@id":"https:\/\/bolting.eu\/en\/shop\/stubai-allround-handschuhe-five\/","url":"https:\/\/bolting.eu\/en\/shop\/stubai-allround-handschuhe-five\/","name":"Stubai Allround-Handschuhe Five: jetzt online kaufen bei bolting.eu","isPartOf":{"@id":"https:\/\/bolting.eu\/en\/#website"},"primaryImageOfPage":{"@id":"https:\/\/bolting.eu\/en\/shop\/stubai-allround-handschuhe-five\/#primaryimage"},"image":{"@id":"https:\/\/bolting.eu\/en\/shop\/stubai-allround-handschuhe-five\/#primaryimage"},"thumbnailUrl":"https:\/\/bolting.eu\/wp-content\/uploads\/2020\/04\/Stubai-Allround-Handschuh-Five.jpg","datePublished":"2020-04-08T06:45:51+00:00","dateModified":"2025-07-28T06:59:40+00:00","description":"Hier findest Du den Stubai Allround-Handschuhe Five. Einen d\u00fcnnen, w\u00e4rmenden Kunstfaser Handschuh f\u00fcr alle Outdoor Sportarten oder als Innenhandschuh!","breadcrumb":{"@id":"https:\/\/bolting.eu\/en\/shop\/stubai-allround-handschuhe-five\/#breadcrumb"},"inLanguage":"en-US","potentialAction":[{"@type":"ReadAction","target":["https:\/\/bolting.eu\/en\/shop\/stubai-allround-handschuhe-five\/"]}]},{"@type":"ImageObject","inLanguage":"en-US","@id":"https:\/\/bolting.eu\/en\/shop\/stubai-allround-handschuhe-five\/#primaryimage","url":"https:\/\/bolting.eu\/wp-content\/uploads\/2020\/04\/Stubai-Allround-Handschuh-Five.jpg","contentUrl":"https:\/\/bolting.eu\/wp-content\/uploads\/2020\/04\/Stubai-Allround-Handschuh-Five.jpg","width":700,"height":700,"caption":"Das Bild zeigt ein Paar Stubai Allround-Handschuhe Five. Man sieht in einem wei\u00dfem Quadrat den linken Handschuh von der R\u00fcckseite und den rechten von der Vorderseite. Alle Produktdetails sind gut zu erkennen."},{"@type":"BreadcrumbList","@id":"https:\/\/bolting.eu\/en\/shop\/stubai-allround-handschuhe-five\/#breadcrumb","itemListElement":[{"@type":"ListItem","position":1,"name":"Shop","item":"https:\/\/bolting.eu\/en\/shop\/"},{"@type":"ListItem","position":2,"name":"Stubai mountain sports","item":"https:\/\/bolting.eu\/en\/produkt-kategorie\/stubai-mountain-sports\/"},{"@type":"ListItem","position":3,"name":"Stubai Allround-Handschuhe Five"}]},{"@type":"WebSite","@id":"https:\/\/bolting.eu\/en\/#website","url":"https:\/\/bolting.eu\/en\/","name":"bolting.eu","description":"we make climbs happen","publisher":{"@id":"https:\/\/bolting.eu\/en\/#organization"},"potentialAction":[{"@type":"SearchAction","target":{"@type":"EntryPoint","urlTemplate":"https:\/\/bolting.eu\/en\/?s={search_term_string}"},"query-input":{"@type":"PropertyValueSpecification","valueRequired":true,"valueName":"search_term_string"}}],"inLanguage":"en-US"},{"@type":["Organization","Place","SportingGoodsStore"],"@id":"https:\/\/bolting.eu\/en\/#organization","name":"bolting.eu","url":"https:\/\/bolting.eu\/en\/","logo":{"@id":"https:\/\/bolting.eu\/en\/shop\/stubai-allround-handschuhe-five\/#local-main-organization-logo"},"image":{"@id":"https:\/\/bolting.eu\/en\/shop\/stubai-allround-handschuhe-five\/#local-main-organization-logo"},"sameAs":["https:\/\/www.facebook.com\/bolting.eu","https:\/\/www.instagram.com\/bolting.eu\/"],"address":{"@id":"https:\/\/bolting.eu\/en\/shop\/stubai-allround-handschuhe-five\/#local-main-place-address"},"geo":{"@type":"GeoCoordinates","latitude":"47.264176340396226","longitude":"11.380109057672346"},"telephone":["+43 699 19083372"],"openingHoursSpecification":[{"@type":"OpeningHoursSpecification","dayOfWeek":["Monday","Wednesday","Friday"],"opens":"14:00","closes":"18:00"},{"@type":"OpeningHoursSpecification","dayOfWeek":["Tuesday","Thursday","Saturday","Sunday"],"opens":"00:00","closes":"00:00"}],"email":"office@bolting.eu","vatID":"ATU59999728","priceRange":"$$","currenciesAccepted":"Euro"},{"@type":"PostalAddress","@id":"https:\/\/bolting.eu\/en\/shop\/stubai-allround-handschuhe-five\/#local-main-place-address","streetAddress":"Fischnalerstra\u00dfe 4","addressLocality":"Innsbruck","postalCode":"6020","addressRegion":"Tirol","addressCountry":"AT"},{"@type":"ImageObject","inLanguage":"en-US","@id":"https:\/\/bolting.eu\/en\/shop\/stubai-allround-handschuhe-five\/#local-main-organization-logo","url":"https:\/\/bolting.eu\/wp-content\/uploads\/2019\/09\/bolting-logo.png","contentUrl":"https:\/\/bolting.eu\/wp-content\/uploads\/2019\/09\/bolting-logo.png","width":400,"height":211,"caption":"bolting.eu"}]},"og_availability":"instock","product_availability":"instock","product_condition":"new","geo.placename":"Innsbruck","geo.position":{"lat":"47.264176340396226","long":"11.380109057672346"},"geo.region":"Austria"},"_links":{"self":[{"href":"https:\/\/bolting.eu\/en\/wp-json\/wp\/v2\/product\/3074","targetHints":{"allow":["GET"]}}],"collection":[{"href":"https:\/\/bolting.eu\/en\/wp-json\/wp\/v2\/product"}],"about":[{"href":"https:\/\/bolting.eu\/en\/wp-json\/wp\/v2\/types\/product"}],"replies":[{"embeddable":true,"href":"https:\/\/bolting.eu\/en\/wp-json\/wp\/v2\/comments?post=3074"}],"wp:featuredmedia":[{"embeddable":true,"href":"https:\/\/bolting.eu\/en\/wp-json\/wp\/v2\/media\/3077"}],"wp:attachment":[{"href":"https:\/\/bolting.eu\/en\/wp-json\/wp\/v2\/media?parent=3074"}],"wp:term":[{"taxonomy":"product_brand","embeddable":true,"href":"https:\/\/bolting.eu\/en\/wp-json\/wp\/v2\/product_brand?post=3074"},{"taxonomy":"product_cat","embeddable":true,"href":"https:\/\/bolting.eu\/en\/wp-json\/wp\/v2\/product_cat?post=3074"},{"taxonomy":"product_tag","embeddable":true,"href":"https:\/\/bolting.eu\/en\/wp-json\/wp\/v2\/product_tag?post=3074"}],"curies":[{"name":"wp","href":"https:\/\/api.w.org\/{rel}","templated":true}]}}