{"id":30617,"date":"2025-02-01T10:47:45","date_gmt":"2025-02-01T09:47:45","guid":{"rendered":"https:\/\/bolting.eu\/?post_type=product&#038;p=30617"},"modified":"2025-02-05T10:39:09","modified_gmt":"2025-02-05T09:39:09","slug":"petzl-vertex-hi-viz","status":"publish","type":"product","link":"https:\/\/bolting.eu\/en\/shop\/petzl-vertex-hi-viz\/","title":{"rendered":"Petzl Vertex HI-VIZ"},"content":{"rendered":"<p>Der Petzl Vertex Hi-VIZ ist ein <a href=\"https:\/\/bolting.eu\/produkt-kategorie\/industriekletter-ausruestung\/industriekletterhelm\/\">Industriekletterhelm<\/a> mit <strong>neon Signalfarbe und phosphoreszierenden Streifen<\/strong>. Somit besitzt der <strong>Tr\u00e4ger eine deutlich erh\u00f6hte Sichtbarkeit<\/strong>.<\/p>\n<p>Diese Variante besitzt zudem eine geschlossene Au\u00dfenschale. D.h. sie hat keine L\u00fcftungsschlitze. Somit ist sie <strong>ideal f\u00fcr alle Arbeiten bei denen eine Kopf Gef\u00e4hrdung m\u00f6glich<\/strong> <strong>ist.<\/strong> Wie z.B. durch elektrische Kabel, Funken, Feuer, Fl\u00fcssigkeitsspritzer, usw..<\/p>\n<p>Der Helm ist sowohl f\u00fcr Arbeiten am Boden (EN 397) und in der H\u00f6he (EN 12492) zertifiziert.<\/p>\n<p>Was dieses Modell auszeichnet sind zum einen der hohe Tragekomfort. Und zum anderen die vielen verf\u00fcgbaren Ersatz- bzw. Zubeh\u00f6rteile.<\/p>\n<p>Kurzum. Ein ideales Modell f\u00fcr eine einfache <a href=\"https:\/\/bolting.eu\/produkt-kategorie\/industriekletter-ausruestung\/\">Industriekletter Ausr\u00fcstung<\/a>.<\/p>\n<figure id=\"attachment_30631\" aria-describedby=\"caption-attachment-30631\" style=\"width: 800px\" class=\"wp-caption alignnone\"><a href=\"https:\/\/bolting.eu\/wp-content\/uploads\/2025\/02\/Petzl-Vertex-Hi-Viz-3.jpg\"><img loading=\"lazy\" decoding=\"async\" class=\"wp-image-30631\" src=\"https:\/\/bolting.eu\/wp-content\/uploads\/2025\/02\/Petzl-Vertex-Hi-Viz-3.jpg\" alt=\"Neongelber Petzl Vertex Hi-VIZ Helm vor schwarzem Hintergrund zur Demonstartion der hohen Sichtbarkeit.\" width=\"800\" height=\"574\" srcset=\"https:\/\/bolting.eu\/wp-content\/uploads\/2025\/02\/Petzl-Vertex-Hi-Viz-3.jpg 1024w, https:\/\/bolting.eu\/wp-content\/uploads\/2025\/02\/Petzl-Vertex-Hi-Viz-3-557x400.jpg 557w, https:\/\/bolting.eu\/wp-content\/uploads\/2025\/02\/Petzl-Vertex-Hi-Viz-3-768x551.jpg 768w, https:\/\/bolting.eu\/wp-content\/uploads\/2025\/02\/Petzl-Vertex-Hi-Viz-3-510x366.jpg 510w, https:\/\/bolting.eu\/wp-content\/uploads\/2025\/02\/Petzl-Vertex-Hi-Viz-3-100x72.jpg 100w\" sizes=\"auto, (max-width: 800px) 100vw, 800px\" \/><\/a><figcaption id=\"caption-attachment-30631\" class=\"wp-caption-text\">Die phosphoreszierenden Streifen und Clips sorgen in Kombination mit der neonf\u00e4rbigen Au\u00dfenschale f\u00fcr eine erh\u00f6hte Sichtbarkeit!<\/figcaption><\/figure>\n<h2>Eigenschaften Vertex HI-VIZ<\/h2>\n<ul>\n<li>Hersteller: <a href=\"https:\/\/bolting.eu\/produkt-kategorie\/petzl\/\">Petzl<\/a><\/li>\n<li>Materialien: ABS (Acrylnitril-Butadien-Styrol), Polyamid, Polycarbonat, hochfestes Polyester, Polyethylen<\/li>\n<li><strong>Au\u00dfenschale in neon Signalfarbe f\u00fcr erh\u00f6hte Sichtbarkeit<\/strong><\/li>\n<li><strong>zus\u00e4tzlich phosphoreszierende Clips und Streifen<\/strong><\/li>\n<li>Gewicht: 490 Gramm<\/li>\n<li>Kopfumfang: 53 &#8211; 63cm<\/li>\n<li>Zertifizierungen: CE, EN 397 (Arbeiten am Boden), EN 12492 (Arbeiten in der H\u00f6he &#8211; mit Ausnahme der Bel\u00fcftung), EN 50365, ANSI Z89.1 Type I Class E, EAC, AS\/NZS 1801, GB 2811-2019<\/li>\n<li>Normen: EN 392 , EN 12492<\/li>\n<li>6-Punkte Textilaufh\u00e4ngung f\u00fcr optimale Passform<\/li>\n<li>Centerfit Einstellsystem &#8211; 2 seitliche Einstellr\u00e4dchen garantieren mittige Positionierung<\/li>\n<li>Flip&amp;Fit System &#8211; Kopfband kann f\u00fcr Lagerung in der Helmschale geparkt werden<\/li>\n<li>Dual &#8211; Kinnband zum Einstellen von &#8220;enger&#8221; und &#8220;weiter&#8221; Trageweise (Boden oder H\u00f6henarbeit)<\/li>\n<li>Sto\u00dfd\u00e4mpfung durch die verformbare Au\u00dfenschale<\/li>\n<li><strong>geschlossene Schale zum Schutz vor elektrischer Gef\u00e4hrdung, hei\u00dfen Funken, fl\u00fcssigem Metall oder Feuer<\/strong><\/li>\n<li><a href=\"https:\/\/www.petzl.com\/AT\/de\/Professional\/Helme\/VERTEX#:~:text=Das%20PDF%20herunterladen%20%3A%20technical%2Dnotice%2DVERTEX%2D1%20%2D%203.88%20MB\" target=\"_blank\" rel=\"noopener\">Bedienungsanleitung<\/a><\/li>\n<\/ul>\n<h3>Produktvideo<\/h3>\n<p><iframe loading=\"lazy\" title=\"VERTEX\u00ae - Comfortable helmet\" src=\"https:\/\/player.vimeo.com\/video\/330035664?dnt=1&amp;app_id=122963\" width=\"1020\" height=\"574\" frameborder=\"0\" allow=\"autoplay; fullscreen; picture-in-picture; clipboard-write; encrypted-media\"><\/iframe><\/p>\n<h3>Industriekletterhelm bei &#8220;Kopfgef\u00e4hrdung&#8221;<\/h3>\n<p>Der Vertex HI-VIZ ist das ideale Modell, wenn eine <strong>Kopfgef\u00e4hrdung<\/strong> vorliegt.<\/p>\n<p>D.h. Gefahren wie Elektrizit\u00e4t, Feuer, Funken, Fl\u00fcssigkeitsspritzer usw.<\/p>\n<p>Denn dieses Produkt hat eine geschlossene Au\u00dfenschale. Somit kann nichts direkt auf den Kopf dringen. In Kombination mit einem Visier kann das viele Gefahrenmomente beseitigen. Wie z.B. bei Schwei\u00dfarbeiten.<\/p>\n<h3>Vertex HI-VIZ = erh\u00f6hte Sichtbarkeit<\/h3>\n<p>Dieses Modell ist in zwei neon Signalfarben erh\u00e4ltlich. Gelb und orange. Somit hat der Tr\u00e4ger eine deutlich erh\u00f6hte Sichtbarkeit.<\/p>\n<p>Folglich ist dieses Produkt ideal f\u00fcr Nachtbaustellen, gesch\u00e4ftige Betriebsst\u00e4tten oder f\u00fcr Arbeiten untertags.<\/p>\n<h3>6-Punkt Textilaufh\u00e4ngung<\/h3>\n<p>Dieser Industriekletterhelm von Petzl hat eine 6-Punkt Textilaufh\u00e4ngung. D.h. der Kopf liegt auf sechs sternf\u00f6rmig angeordneten B\u00e4ndern auf.<\/p>\n<p>Hierdurch verteilt sich der Druck ideal.<\/p>\n<div class=\"mceTemp\">\n<p>Die \u00fcberkreuzten B\u00e4nder sorgen f\u00fcr eine 6-Punkt Aufh\u00e4ngung und sehr guten Tragekomfort.<a href=\"https:\/\/bolting.eu\/wp-content\/uploads\/2025\/02\/Petzl-Vertex-Hi-Viz-1.jpg\"><img loading=\"lazy\" decoding=\"async\" class=\"alignnone wp-image-30635\" src=\"https:\/\/bolting.eu\/wp-content\/uploads\/2025\/02\/Petzl-Vertex-Hi-Viz-1.jpg\" alt=\"Kinnband Detailaufnahme des Petzl Vertex Hi-Viz Helmes mit der Dual-Clip Schnalle.\" width=\"800\" height=\"574\" srcset=\"https:\/\/bolting.eu\/wp-content\/uploads\/2025\/02\/Petzl-Vertex-Hi-Viz-1.jpg 1024w, https:\/\/bolting.eu\/wp-content\/uploads\/2025\/02\/Petzl-Vertex-Hi-Viz-1-557x400.jpg 557w, https:\/\/bolting.eu\/wp-content\/uploads\/2025\/02\/Petzl-Vertex-Hi-Viz-1-768x551.jpg 768w, https:\/\/bolting.eu\/wp-content\/uploads\/2025\/02\/Petzl-Vertex-Hi-Viz-1-510x366.jpg 510w, https:\/\/bolting.eu\/wp-content\/uploads\/2025\/02\/Petzl-Vertex-Hi-Viz-1-100x72.jpg 100w\" sizes=\"auto, (max-width: 800px) 100vw, 800px\" \/><\/a><\/p>\n<h3>Petzl Vertex Hi-Viz mit Centerfit &amp; Flip&amp;Fit System<\/h3>\n<p>Zwei seitliche Einstellr\u00e4dchen sorgen f\u00fcr weiters f\u00fcr idealen Tragekomfort.<\/p>\n<p>Zum einen l\u00e4sst sich der Helm damit &#8220;mittig&#8221; am Kopf platzieren. Und zum anderen das Kopfband regulieren. Somit k\u00f6nnt ihr immer den idealen Halt einstellen.<\/p>\n<p><a href=\"https:\/\/bolting.eu\/wp-content\/uploads\/2025\/01\/Petzl-VErtex-2.jpg\"><img loading=\"lazy\" decoding=\"async\" class=\"alignnone wp-image-30588\" src=\"https:\/\/bolting.eu\/wp-content\/uploads\/2025\/01\/Petzl-VErtex-2.jpg\" alt=\"Grafik eines Petzl Industriekletterhelmes zur Demonstration des Centerfit Systems mit farblich markierten Verstellr\u00e4dern und Pfeilen.\" width=\"800\" height=\"574\" srcset=\"https:\/\/bolting.eu\/wp-content\/uploads\/2025\/01\/Petzl-VErtex-2.jpg 1024w, https:\/\/bolting.eu\/wp-content\/uploads\/2025\/01\/Petzl-VErtex-2-557x400.jpg 557w, https:\/\/bolting.eu\/wp-content\/uploads\/2025\/01\/Petzl-VErtex-2-768x551.jpg 768w, https:\/\/bolting.eu\/wp-content\/uploads\/2025\/01\/Petzl-VErtex-2-510x366.jpg 510w, https:\/\/bolting.eu\/wp-content\/uploads\/2025\/01\/Petzl-VErtex-2-100x72.jpg 100w\" sizes=\"auto, (max-width: 800px) 100vw, 800px\" \/><\/a><\/p>\n<h3>Gro\u00dfe Auswahl an Zubeh\u00f6r Teilen<\/h3>\n<p>F\u00fcr den Vertex Hi-VIZ hat Petzl eine sehr gro\u00dfe Auswahl an Erstzteilen und Zubeh\u00f6r. Das gilt auch f\u00fcr alle anderen Industriekletterhelme. Wie z.B. den Strato oder Strato Vent.<\/p>\n<p>D.h. ihr k\u00f6nnt selber Teile tauschen, die wartungsintensiv sind. Hierzu als Beispiel das Dual Kinnband.<\/p>\n<p>Als Zubeh\u00f6r gibt es viele Visiere, Schutz\u00fcberzug oder Helmbeutel und Stirnlampen.<\/p>\n<p>Alle Standart Artikel haben wir \u00fcbrigens in unserem <strong><a href=\"https:\/\/bolting.eu\/industrieklettershop\/\">Industrieklettershop<\/a> in Innsbruck<\/strong> immer lagernd.<\/p>\n<figure id=\"attachment_20184\" aria-describedby=\"caption-attachment-20184\" style=\"width: 1024px\" class=\"wp-caption alignnone\"><a href=\"https:\/\/bolting.eu\/wp-content\/uploads\/2024\/07\/Shop-bolting.eu-Innenaufnahme-1-SR.jpg\"><img loading=\"lazy\" decoding=\"async\" class=\"wp-image-20184 size-full\" src=\"https:\/\/bolting.eu\/wp-content\/uploads\/2024\/07\/Shop-bolting.eu-Innenaufnahme-1-SR.jpg\" alt=\"Innenaufnahme des bolting.eu Klettershop Innsbruck mit Inhgaber Gerhard Schaar.\" width=\"1024\" height=\"462\" srcset=\"https:\/\/bolting.eu\/wp-content\/uploads\/2024\/07\/Shop-bolting.eu-Innenaufnahme-1-SR.jpg 1024w, https:\/\/bolting.eu\/wp-content\/uploads\/2024\/07\/Shop-bolting.eu-Innenaufnahme-1-SR-800x361.jpg 800w, https:\/\/bolting.eu\/wp-content\/uploads\/2024\/07\/Shop-bolting.eu-Innenaufnahme-1-SR-768x347.jpg 768w, https:\/\/bolting.eu\/wp-content\/uploads\/2024\/07\/Shop-bolting.eu-Innenaufnahme-1-SR-510x230.jpg 510w, https:\/\/bolting.eu\/wp-content\/uploads\/2024\/07\/Shop-bolting.eu-Innenaufnahme-1-SR-100x45.jpg 100w\" sizes=\"auto, (max-width: 1024px) 100vw, 1024px\" \/><\/a><figcaption id=\"caption-attachment-20184\" class=\"wp-caption-text\">Unser Shop in Innsbruck bietet eine riesige Auswahl an Kletter-, Einbohr- und Industriekletter Ausr\u00fcstung.<\/figcaption><\/figure>\n<\/div>\n","protected":false},"excerpt":{"rendered":"<p>Preisg\u00fcnstiger Industriekletterhelm mit geschlossener Au\u00dfenschale <strong>f\u00fcr Arbeiten mit &#8220;Kopfgef\u00e4hrdung&#8221;. <\/strong>D.h. Gefahrenquellen wie Elektrizit\u00e4t, Funken, Feuer oder Fl\u00fcssigkeitsspritzer, usw&#8230;<\/p>\n<p><strong>Die Neon-Farben sowie phosphoreszierende Streifen sorgen f\u00fcr deutlich erh\u00f6hte Sichtbarkeit.<\/strong><\/p>\n<p>Zertifiziert f\u00fcr Industriearbeiten am Boden und in der H\u00f6he.<\/p>\n<p>Versandkostenfrei bis 2kg in\u00a0<img decoding=\"async\" class=\"emoji\" role=\"img\" draggable=\"false\" src=\"https:\/\/s.w.org\/images\/core\/emoji\/14.0.0\/svg\/1f1e6-1f1f9.svg\" alt=\"\ud83c\udde6\ud83c\uddf9\" \/>\u00a0ab \u20ac 100,- und\u00a0<img decoding=\"async\" class=\"emoji\" role=\"img\" draggable=\"false\" src=\"https:\/\/s.w.org\/images\/core\/emoji\/14.0.0\/svg\/1f1e9-1f1ea.svg\" alt=\"\ud83c\udde9\ud83c\uddea\" \/>\u00a0ab \u20ac 200,-!<\/p>\n","protected":false},"featured_media":30627,"comment_status":"closed","ping_status":"closed","template":"","meta":[],"product_brand":[],"product_cat":[14093,14513,14746],"product_tag":[],"class_list":{"0":"post-30617","1":"product","2":"type-product","3":"status-publish","4":"has-post-thumbnail","6":"product_cat-petzl","7":"product_cat-industriekletter-ausruestung","8":"product_cat-industriekletterhelm","10":"first","11":"instock","12":"sale","13":"taxable","14":"shipping-taxable","15":"purchasable","16":"product-type-variable"},"yoast_head":"<!-- This site is optimized with the Yoast SEO Premium plugin v26.9 (Yoast SEO v26.9) - https:\/\/yoast.com\/product\/yoast-seo-premium-wordpress\/ -->\n<title>Petzl Vertex HI-VIZ - Industriekletterhelm mit neon Signalfarbe | bolting.eu<\/title>\n<meta name=\"description\" content=\"PETZL VERTEX HI-VIZ Industriekletterhelm online kaufen \u2705 Trusted Shop \u2705 kostenloser Versand* \u2705 14 Tage R\u00fcckgaberecht \u2705 Co2 neutrale Zustellung\" \/>\n<meta name=\"robots\" content=\"index, follow, max-snippet:-1, max-image-preview:large, max-video-preview:-1\" \/>\n<link rel=\"canonical\" href=\"https:\/\/bolting.eu\/en\/shop\/petzl-vertex-hi-viz\/\" \/>\n<meta property=\"og:locale\" content=\"en_US\" \/>\n<meta property=\"og:type\" content=\"article\" \/>\n<meta property=\"og:title\" content=\"Petzl Vertex HI-VIZ\" \/>\n<meta property=\"og:description\" content=\"PETZL VERTEX HI-VIZ Industriekletterhelm online kaufen \u2705 Trusted Shop \u2705 kostenloser Versand* \u2705 14 Tage R\u00fcckgaberecht \u2705 Co2 neutrale Zustellung\" \/>\n<meta property=\"og:url\" content=\"https:\/\/bolting.eu\/en\/shop\/petzl-vertex-hi-viz\/\" \/>\n<meta property=\"og:site_name\" content=\"bolting.eu\" \/>\n<meta property=\"article:publisher\" content=\"https:\/\/www.facebook.com\/bolting.eu\" \/>\n<meta property=\"article:modified_time\" content=\"2025-02-05T09:39:09+00:00\" \/>\n<meta property=\"og:image\" content=\"https:\/\/bolting.eu\/wp-content\/uploads\/2025\/02\/Petzl-Vertex-Hi-Viz-5.jpg\" \/>\n\t<meta property=\"og:image:width\" content=\"700\" \/>\n\t<meta property=\"og:image:height\" content=\"700\" \/>\n\t<meta property=\"og:image:type\" content=\"image\/jpeg\" \/>\n<meta name=\"twitter:card\" content=\"summary_large_image\" \/>\n<meta name=\"twitter:label1\" content=\"Availability\" \/>\n\t<meta name=\"twitter:data1\" content=\"In stock\" \/>\n<script type=\"application\/ld+json\" class=\"yoast-schema-graph\">{\"@context\":\"https:\/\/schema.org\",\"@graph\":[{\"@type\":[\"WebPage\",\"ItemPage\"],\"@id\":\"https:\/\/bolting.eu\/en\/shop\/petzl-vertex-hi-viz\/\",\"url\":\"https:\/\/bolting.eu\/en\/shop\/petzl-vertex-hi-viz\/\",\"name\":\"Petzl Vertex HI-VIZ - Industriekletterhelm mit neon Signalfarbe | bolting.eu\",\"isPartOf\":{\"@id\":\"https:\/\/bolting.eu\/en\/#website\"},\"primaryImageOfPage\":{\"@id\":\"https:\/\/bolting.eu\/en\/shop\/petzl-vertex-hi-viz\/#primaryimage\"},\"image\":{\"@id\":\"https:\/\/bolting.eu\/en\/shop\/petzl-vertex-hi-viz\/#primaryimage\"},\"thumbnailUrl\":\"https:\/\/bolting.eu\/wp-content\/uploads\/2025\/02\/Petzl-Vertex-Hi-Viz-5.jpg\",\"datePublished\":\"2025-02-01T09:47:45+00:00\",\"dateModified\":\"2025-02-05T09:39:09+00:00\",\"description\":\"PETZL VERTEX HI-VIZ Industriekletterhelm online kaufen \u2705 Trusted Shop \u2705 kostenloser Versand* \u2705 14 Tage R\u00fcckgaberecht \u2705 Co2 neutrale Zustellung\",\"breadcrumb\":{\"@id\":\"https:\/\/bolting.eu\/en\/shop\/petzl-vertex-hi-viz\/#breadcrumb\"},\"inLanguage\":\"en-US\",\"potentialAction\":[{\"@type\":\"ReadAction\",\"target\":[\"https:\/\/bolting.eu\/en\/shop\/petzl-vertex-hi-viz\/\"]}]},{\"@type\":\"ImageObject\",\"inLanguage\":\"en-US\",\"@id\":\"https:\/\/bolting.eu\/en\/shop\/petzl-vertex-hi-viz\/#primaryimage\",\"url\":\"https:\/\/bolting.eu\/wp-content\/uploads\/2025\/02\/Petzl-Vertex-Hi-Viz-5.jpg\",\"contentUrl\":\"https:\/\/bolting.eu\/wp-content\/uploads\/2025\/02\/Petzl-Vertex-Hi-Viz-5.jpg\",\"width\":700,\"height\":700,\"caption\":\"Neon gelber Petzl Vertex Hi-Viz Industriekletterhelm von der Seite. Rechts oben buntes bolting.eu Logo.\"},{\"@type\":\"BreadcrumbList\",\"@id\":\"https:\/\/bolting.eu\/en\/shop\/petzl-vertex-hi-viz\/#breadcrumb\",\"itemListElement\":[{\"@type\":\"ListItem\",\"position\":1,\"name\":\"Shop\",\"item\":\"https:\/\/bolting.eu\/en\/shop\/\"},{\"@type\":\"ListItem\",\"position\":2,\"name\":\"Industrial climbing gear\",\"item\":\"https:\/\/bolting.eu\/en\/produkt-kategorie\/industrial-climbing-gear\/\"},{\"@type\":\"ListItem\",\"position\":3,\"name\":\"Industriekletterhelm\",\"item\":\"https:\/\/bolting.eu\/produkt-kategorie\/industriekletter-ausruestung\/industriekletterhelm\/\"},{\"@type\":\"ListItem\",\"position\":4,\"name\":\"Petzl Vertex HI-VIZ\"}]},{\"@type\":\"WebSite\",\"@id\":\"https:\/\/bolting.eu\/en\/#website\",\"url\":\"https:\/\/bolting.eu\/en\/\",\"name\":\"bolting.eu\",\"description\":\"we make climbs happen\",\"publisher\":{\"@id\":\"https:\/\/bolting.eu\/en\/#organization\"},\"potentialAction\":[{\"@type\":\"SearchAction\",\"target\":{\"@type\":\"EntryPoint\",\"urlTemplate\":\"https:\/\/bolting.eu\/en\/?s={search_term_string}\"},\"query-input\":{\"@type\":\"PropertyValueSpecification\",\"valueRequired\":true,\"valueName\":\"search_term_string\"}}],\"inLanguage\":\"en-US\"},{\"@type\":[\"Organization\",\"Place\",\"SportingGoodsStore\"],\"@id\":\"https:\/\/bolting.eu\/en\/#organization\",\"name\":\"bolting.eu\",\"url\":\"https:\/\/bolting.eu\/en\/\",\"logo\":{\"@id\":\"https:\/\/bolting.eu\/en\/shop\/petzl-vertex-hi-viz\/#local-main-organization-logo\"},\"image\":{\"@id\":\"https:\/\/bolting.eu\/en\/shop\/petzl-vertex-hi-viz\/#local-main-organization-logo\"},\"sameAs\":[\"https:\/\/www.facebook.com\/bolting.eu\",\"https:\/\/www.instagram.com\/bolting.eu\/\"],\"address\":{\"@id\":\"https:\/\/bolting.eu\/en\/shop\/petzl-vertex-hi-viz\/#local-main-place-address\"},\"geo\":{\"@type\":\"GeoCoordinates\",\"latitude\":\"47.264176340396226\",\"longitude\":\"11.380109057672346\"},\"telephone\":[\"+43 699 19083372\"],\"openingHoursSpecification\":[{\"@type\":\"OpeningHoursSpecification\",\"dayOfWeek\":[\"Monday\",\"Wednesday\",\"Friday\"],\"opens\":\"14:00\",\"closes\":\"18:00\"},{\"@type\":\"OpeningHoursSpecification\",\"dayOfWeek\":[\"Tuesday\",\"Thursday\",\"Saturday\",\"Sunday\"],\"opens\":\"00:00\",\"closes\":\"00:00\"}],\"email\":\"office@bolting.eu\",\"vatID\":\"ATU59999728\",\"priceRange\":\"$$\",\"currenciesAccepted\":\"Euro\"},{\"@type\":\"PostalAddress\",\"@id\":\"https:\/\/bolting.eu\/en\/shop\/petzl-vertex-hi-viz\/#local-main-place-address\",\"streetAddress\":\"Fischnalerstra\u00dfe 4\",\"addressLocality\":\"Innsbruck\",\"postalCode\":\"6020\",\"addressRegion\":\"Tirol\",\"addressCountry\":\"AT\"},{\"@type\":\"ImageObject\",\"inLanguage\":\"en-US\",\"@id\":\"https:\/\/bolting.eu\/en\/shop\/petzl-vertex-hi-viz\/#local-main-organization-logo\",\"url\":\"https:\/\/bolting.eu\/wp-content\/uploads\/2019\/09\/bolting-logo.png\",\"contentUrl\":\"https:\/\/bolting.eu\/wp-content\/uploads\/2019\/09\/bolting-logo.png\",\"width\":400,\"height\":211,\"caption\":\"bolting.eu\"}]}<\/script>\n<meta property=\"og:video\" content=\"https:\/\/player.vimeo.com\/video\/330035664\" \/>\n<meta property=\"og:video:type\" content=\"text\/html\" \/>\n<meta property=\"og:video:duration\" content=\"84\" \/>\n<meta property=\"og:video:width\" content=\"1920\" \/>\n<meta property=\"og:video:height\" content=\"1080\" \/>\n<meta property=\"ya:ovs:adult\" content=\"false\" \/>\n<meta property=\"ya:ovs:upload_date\" content=\"2025-02-01T09:47:45+00:00\" \/>\n<meta property=\"ya:ovs:allow_embed\" content=\"true\" \/>\n<meta property=\"og:availability\" content=\"instock\" \/>\n<meta property=\"product:availability\" content=\"instock\" \/>\n<meta property=\"product:condition\" content=\"new\" \/>\n<meta name=\"geo.placename\" content=\"Innsbruck\" \/>\n<meta name=\"geo.position\" content=\"47.264176340396226;11.380109057672346\" \/>\n<meta name=\"geo.region\" content=\"Austria\" \/>\n<!-- \/ Yoast SEO Premium plugin. -->","yoast_head_json":{"title":"Petzl Vertex HI-VIZ - Industriekletterhelm mit neon Signalfarbe | bolting.eu","description":"PETZL VERTEX HI-VIZ Industriekletterhelm online kaufen \u2705 Trusted Shop \u2705 kostenloser Versand* \u2705 14 Tage R\u00fcckgaberecht \u2705 Co2 neutrale Zustellung","robots":{"index":"index","follow":"follow","max-snippet":"max-snippet:-1","max-image-preview":"max-image-preview:large","max-video-preview":"max-video-preview:-1"},"canonical":"https:\/\/bolting.eu\/en\/shop\/petzl-vertex-hi-viz\/","og_locale":"en_US","og_type":"article","og_title":"Petzl Vertex HI-VIZ","og_description":"PETZL VERTEX HI-VIZ Industriekletterhelm online kaufen \u2705 Trusted Shop \u2705 kostenloser Versand* \u2705 14 Tage R\u00fcckgaberecht \u2705 Co2 neutrale Zustellung","og_url":"https:\/\/bolting.eu\/en\/shop\/petzl-vertex-hi-viz\/","og_site_name":"bolting.eu","article_publisher":"https:\/\/www.facebook.com\/bolting.eu","article_modified_time":"2025-02-05T09:39:09+00:00","og_image":[{"width":700,"height":700,"url":"https:\/\/bolting.eu\/wp-content\/uploads\/2025\/02\/Petzl-Vertex-Hi-Viz-5.jpg","type":"image\/jpeg"}],"twitter_card":"summary_large_image","twitter_misc":{"Availability":"In stock"},"schema":{"@context":"https:\/\/schema.org","@graph":[{"@type":["WebPage","ItemPage"],"@id":"https:\/\/bolting.eu\/en\/shop\/petzl-vertex-hi-viz\/","url":"https:\/\/bolting.eu\/en\/shop\/petzl-vertex-hi-viz\/","name":"Petzl Vertex HI-VIZ - Industriekletterhelm mit neon Signalfarbe | bolting.eu","isPartOf":{"@id":"https:\/\/bolting.eu\/en\/#website"},"primaryImageOfPage":{"@id":"https:\/\/bolting.eu\/en\/shop\/petzl-vertex-hi-viz\/#primaryimage"},"image":{"@id":"https:\/\/bolting.eu\/en\/shop\/petzl-vertex-hi-viz\/#primaryimage"},"thumbnailUrl":"https:\/\/bolting.eu\/wp-content\/uploads\/2025\/02\/Petzl-Vertex-Hi-Viz-5.jpg","datePublished":"2025-02-01T09:47:45+00:00","dateModified":"2025-02-05T09:39:09+00:00","description":"PETZL VERTEX HI-VIZ Industriekletterhelm online kaufen \u2705 Trusted Shop \u2705 kostenloser Versand* \u2705 14 Tage R\u00fcckgaberecht \u2705 Co2 neutrale Zustellung","breadcrumb":{"@id":"https:\/\/bolting.eu\/en\/shop\/petzl-vertex-hi-viz\/#breadcrumb"},"inLanguage":"en-US","potentialAction":[{"@type":"ReadAction","target":["https:\/\/bolting.eu\/en\/shop\/petzl-vertex-hi-viz\/"]}]},{"@type":"ImageObject","inLanguage":"en-US","@id":"https:\/\/bolting.eu\/en\/shop\/petzl-vertex-hi-viz\/#primaryimage","url":"https:\/\/bolting.eu\/wp-content\/uploads\/2025\/02\/Petzl-Vertex-Hi-Viz-5.jpg","contentUrl":"https:\/\/bolting.eu\/wp-content\/uploads\/2025\/02\/Petzl-Vertex-Hi-Viz-5.jpg","width":700,"height":700,"caption":"Neon gelber Petzl Vertex Hi-Viz Industriekletterhelm von der Seite. Rechts oben buntes bolting.eu Logo."},{"@type":"BreadcrumbList","@id":"https:\/\/bolting.eu\/en\/shop\/petzl-vertex-hi-viz\/#breadcrumb","itemListElement":[{"@type":"ListItem","position":1,"name":"Shop","item":"https:\/\/bolting.eu\/en\/shop\/"},{"@type":"ListItem","position":2,"name":"Industrial climbing gear","item":"https:\/\/bolting.eu\/en\/produkt-kategorie\/industrial-climbing-gear\/"},{"@type":"ListItem","position":3,"name":"Industriekletterhelm","item":"https:\/\/bolting.eu\/produkt-kategorie\/industriekletter-ausruestung\/industriekletterhelm\/"},{"@type":"ListItem","position":4,"name":"Petzl Vertex HI-VIZ"}]},{"@type":"WebSite","@id":"https:\/\/bolting.eu\/en\/#website","url":"https:\/\/bolting.eu\/en\/","name":"bolting.eu","description":"we make climbs happen","publisher":{"@id":"https:\/\/bolting.eu\/en\/#organization"},"potentialAction":[{"@type":"SearchAction","target":{"@type":"EntryPoint","urlTemplate":"https:\/\/bolting.eu\/en\/?s={search_term_string}"},"query-input":{"@type":"PropertyValueSpecification","valueRequired":true,"valueName":"search_term_string"}}],"inLanguage":"en-US"},{"@type":["Organization","Place","SportingGoodsStore"],"@id":"https:\/\/bolting.eu\/en\/#organization","name":"bolting.eu","url":"https:\/\/bolting.eu\/en\/","logo":{"@id":"https:\/\/bolting.eu\/en\/shop\/petzl-vertex-hi-viz\/#local-main-organization-logo"},"image":{"@id":"https:\/\/bolting.eu\/en\/shop\/petzl-vertex-hi-viz\/#local-main-organization-logo"},"sameAs":["https:\/\/www.facebook.com\/bolting.eu","https:\/\/www.instagram.com\/bolting.eu\/"],"address":{"@id":"https:\/\/bolting.eu\/en\/shop\/petzl-vertex-hi-viz\/#local-main-place-address"},"geo":{"@type":"GeoCoordinates","latitude":"47.264176340396226","longitude":"11.380109057672346"},"telephone":["+43 699 19083372"],"openingHoursSpecification":[{"@type":"OpeningHoursSpecification","dayOfWeek":["Monday","Wednesday","Friday"],"opens":"14:00","closes":"18:00"},{"@type":"OpeningHoursSpecification","dayOfWeek":["Tuesday","Thursday","Saturday","Sunday"],"opens":"00:00","closes":"00:00"}],"email":"office@bolting.eu","vatID":"ATU59999728","priceRange":"$$","currenciesAccepted":"Euro"},{"@type":"PostalAddress","@id":"https:\/\/bolting.eu\/en\/shop\/petzl-vertex-hi-viz\/#local-main-place-address","streetAddress":"Fischnalerstra\u00dfe 4","addressLocality":"Innsbruck","postalCode":"6020","addressRegion":"Tirol","addressCountry":"AT"},{"@type":"ImageObject","inLanguage":"en-US","@id":"https:\/\/bolting.eu\/en\/shop\/petzl-vertex-hi-viz\/#local-main-organization-logo","url":"https:\/\/bolting.eu\/wp-content\/uploads\/2019\/09\/bolting-logo.png","contentUrl":"https:\/\/bolting.eu\/wp-content\/uploads\/2019\/09\/bolting-logo.png","width":400,"height":211,"caption":"bolting.eu"}]},"og_video":"https:\/\/player.vimeo.com\/video\/330035664","og_video_type":"text\/html","og_video_duration":"84","og_video_width":"1920","og_video_height":"1080","ya_ovs_adult":"false","ya_ovs_upload_date":"2025-02-01T09:47:45+00:00","ya_ovs_allow_embed":"true","og_availability":"instock","product_availability":"instock","product_condition":"new","geo.placename":"Innsbruck","geo.position":{"lat":"47.264176340396226","long":"11.380109057672346"},"geo.region":"Austria"},"_links":{"self":[{"href":"https:\/\/bolting.eu\/en\/wp-json\/wp\/v2\/product\/30617","targetHints":{"allow":["GET"]}}],"collection":[{"href":"https:\/\/bolting.eu\/en\/wp-json\/wp\/v2\/product"}],"about":[{"href":"https:\/\/bolting.eu\/en\/wp-json\/wp\/v2\/types\/product"}],"replies":[{"embeddable":true,"href":"https:\/\/bolting.eu\/en\/wp-json\/wp\/v2\/comments?post=30617"}],"wp:featuredmedia":[{"embeddable":true,"href":"https:\/\/bolting.eu\/en\/wp-json\/wp\/v2\/media\/30627"}],"wp:attachment":[{"href":"https:\/\/bolting.eu\/en\/wp-json\/wp\/v2\/media?parent=30617"}],"wp:term":[{"taxonomy":"product_brand","embeddable":true,"href":"https:\/\/bolting.eu\/en\/wp-json\/wp\/v2\/product_brand?post=30617"},{"taxonomy":"product_cat","embeddable":true,"href":"https:\/\/bolting.eu\/en\/wp-json\/wp\/v2\/product_cat?post=30617"},{"taxonomy":"product_tag","embeddable":true,"href":"https:\/\/bolting.eu\/en\/wp-json\/wp\/v2\/product_tag?post=30617"}],"curies":[{"name":"wp","href":"https:\/\/api.w.org\/{rel}","templated":true}]}}