{"id":30509,"date":"2025-01-28T20:06:17","date_gmt":"2025-01-28T19:06:17","guid":{"rendered":"https:\/\/bolting.eu\/?post_type=product&#038;p=30509"},"modified":"2026-03-20T17:12:11","modified_gmt":"2026-03-20T16:12:11","slug":"petzl-transport-30","status":"publish","type":"product","link":"https:\/\/bolting.eu\/en\/shop\/petzl-transport-30\/","title":{"rendered":"Petzl Transport 30"},"content":{"rendered":"<p>Der Petzl Transport 30 ist ein robuster Transportrucksack. Folglich ist er ideal f\u00fcr intensiven Einsatz bei H\u00f6henarbeiten.<\/p>\n<p>Hierzu wurde er aus hochbest\u00e4ndiger TPU Plane gemacht. Einerseits sch\u00fctzt das gegen starke Abn\u00fctzung. Andererseits verhindert es ein Eindringen von Wasser.<\/p>\n<p>Das Volumen betr\u00e4gt 30 Liter. Somit passen z.B. locker <a href=\"https:\/\/bolting.eu\/produkt-kategorie\/industriekletter-ausruestung\/industrieklettergurt\/\">Industrieklettergurt<\/a>, <a href=\"https:\/\/bolting.eu\/produkt-kategorie\/industriekletter-ausruestung\/verbindungsmittel\/\">Verbindungsmittel<\/a>, <a href=\"https:\/\/bolting.eu\/produkt-kategorie\/industriekletter-ausruestung\/mitlaufende-auffanggeraete\/\">mitlaufendes Auffangger\u00e4t<\/a> sowie ein Abseilger\u00e4t hinein.<\/p>\n<p>Fazit. Er sollte in keiner <a href=\"https:\/\/bolting.eu\/produkt-kategorie\/industriekletter-ausruestung\/\">Industriekletter Ausr\u00fcstung<\/a> fehlen.<\/p>\n<h2>Eigenschaften Petzl Transport 30<\/h2>\n<ul>\n<li>Hersteller: <a href=\"https:\/\/bolting.eu\/produkt-kategorie\/petzl\/\">Petzl<\/a><\/li>\n<li>Material: TPU Plane (kein PVC!), Plyamid, Polyester, Polypropylen;<\/li>\n<li>Volumen: 30 Liter<\/li>\n<li>Gewicht: 1300 Gramm<\/li>\n<li>Ma\u00dfe: 53 x 29 x 23cm<\/li>\n<li>maximale Last: 50 kg<\/li>\n<li>standfest &#8211; f\u00e4llt nicht um<\/li>\n<li>drei Tragegriffe zum einfachen Heben mit der Hand<\/li>\n<li>Griff oben auch zum Hochheben (50kg)<\/li>\n<li>Griff innen zum Aufh\u00e4ngen des offenen Sacks<\/li>\n<li>zwei Materialschlaufen<\/li>\n<li>Deckel ist wasserdicht bei Regen<\/li>\n<li>schaumstoffgepolsterter R\u00fccken und Schultertr\u00e4ger<\/li>\n<li>Befestigungsm\u00f6glichkeit f\u00fcr Bucket Seilsack an Schultertr\u00e4gern im Brustbereich<\/li>\n<li>Zubeh\u00f6rfach am Deckel zum Verstauen pers\u00f6nlicher Gegenst\u00e4nde<\/li>\n<li>ID Fenster an der Deckelklappe<\/li>\n<\/ul>\n<p>&nbsp;<\/p>\n<p><iframe loading=\"lazy\" title=\"Petzl TRANSPORT 30, 45, &amp; 60 L Packs\" width=\"1020\" height=\"574\" src=\"https:\/\/www.youtube.com\/embed\/P2XOS0Y6eO0?feature=oembed\" frameborder=\"0\" allow=\"accelerometer; autoplay; clipboard-write; encrypted-media; gyroscope; picture-in-picture; web-share\" referrerpolicy=\"strict-origin-when-cross-origin\" allowfullscreen><\/iframe><\/p>\n<h3>DER Standard f\u00fcr H\u00f6henarbeiten<\/h3>\n<p>Der Transport von Petzl ist DER Standard f\u00fcr H\u00f6henarbeiten. Denn dieses Modell ist zum einen extrem robust. Solange er nicht zu sehr bepackt ist, l\u00e4sst er sich fast nicht kaputt kriegen. Man kann ihn zudem an vielen Seiten gut anheben.<\/p>\n<p>Zum anderen h\u00e4lt er die N\u00e4sse fern. Wenn es z.B. auf der Baustelle regnet. Die Polyurethan Plane h\u00e4lt super dicht!<\/p>\n<p>Abschlie\u00dfend reichen 30 Liter Volumen f\u00fcr ordentlich viel Ausr\u00fcstung bzw. Werkzeuge aus.<\/p>\n<h3>Bucket Seilsack auf Brust montierbar<\/h3>\n<p>Wir finden es klasse, wie praxisnah Petzl beim Transport 30 ist. Denn ihr k\u00f6nnt ihn auf der Brust den Bucket Seilsack montieren.<\/p>\n<p>Somit k\u00f6nnt ihr sowohl den Transportsack als auch den Seilsack zeitgleich tragen.<\/p>\n<p><a href=\"https:\/\/bolting.eu\/wp-content\/uploads\/2025\/01\/Petzl-Transport-30-1.jpg\"><img loading=\"lazy\" decoding=\"async\" class=\"alignnone size-full wp-image-30518\" src=\"https:\/\/bolting.eu\/wp-content\/uploads\/2025\/01\/Petzl-Transport-30-1.jpg\" alt=\"Industriekletterer mit Transportsack am R\u00fccken und Seilsack auf der Brust.\" width=\"1024\" height=\"735\" srcset=\"https:\/\/bolting.eu\/wp-content\/uploads\/2025\/01\/Petzl-Transport-30-1.jpg 1024w, https:\/\/bolting.eu\/wp-content\/uploads\/2025\/01\/Petzl-Transport-30-1-557x400.jpg 557w, https:\/\/bolting.eu\/wp-content\/uploads\/2025\/01\/Petzl-Transport-30-1-768x551.jpg 768w, https:\/\/bolting.eu\/wp-content\/uploads\/2025\/01\/Petzl-Transport-30-1-510x366.jpg 510w, https:\/\/bolting.eu\/wp-content\/uploads\/2025\/01\/Petzl-Transport-30-1-100x72.jpg 100w\" sizes=\"auto, (max-width: 1024px) 100vw, 1024px\" \/><\/a><\/p>\n<h3>Transport 30 mit ID Fenster<\/h3>\n<p>Wie viele Petzl Produkte ist auch der Industrie Kletterrucksack personalisierbar. Dies kann man am Label in der Deckeltasche machen.<\/p>\n<p>Durch ein kleines Fenster ist dieses immer gleich einsehbar. So sollte es keine Verwechslungen mehr geben.<\/p>\n<p><a href=\"https:\/\/bolting.eu\/wp-content\/uploads\/2025\/01\/Petzl-Transport-30-5-1.jpg\"><img loading=\"lazy\" decoding=\"async\" class=\"alignnone size-full wp-image-30522\" src=\"https:\/\/bolting.eu\/wp-content\/uploads\/2025\/01\/Petzl-Transport-30-5-1.jpg\" alt=\"ID Label auf der Deckeltasche eines schwarzen Petzl Transportsacks.\" width=\"1024\" height=\"735\" srcset=\"https:\/\/bolting.eu\/wp-content\/uploads\/2025\/01\/Petzl-Transport-30-5-1.jpg 1024w, https:\/\/bolting.eu\/wp-content\/uploads\/2025\/01\/Petzl-Transport-30-5-1-557x400.jpg 557w, https:\/\/bolting.eu\/wp-content\/uploads\/2025\/01\/Petzl-Transport-30-5-1-768x551.jpg 768w, https:\/\/bolting.eu\/wp-content\/uploads\/2025\/01\/Petzl-Transport-30-5-1-510x366.jpg 510w, https:\/\/bolting.eu\/wp-content\/uploads\/2025\/01\/Petzl-Transport-30-5-1-100x72.jpg 100w\" sizes=\"auto, (max-width: 1024px) 100vw, 1024px\" \/><\/a><\/p>\n","protected":false},"excerpt":{"rendered":"<p>Extrem robuster Tansportsack mit 30 Liter Volumen aus TPU Plane. Der R\u00fccken und die Schultertr\u00e4ger sind schaumstoffgepolstert.<\/p>\n<p>Perfekt f\u00fcr alle Arten von H\u00f6henarbeiten.<\/p>\n<p>Versandkostenfrei bis 2kg in <img decoding=\"async\" class=\"emoji\" role=\"img\" draggable=\"false\" src=\"https:\/\/s.w.org\/images\/core\/emoji\/14.0.0\/svg\/1f1e6-1f1f9.svg\" alt=\"\ud83c\udde6\ud83c\uddf9\" \/> ab \u20ac 100,- und <img decoding=\"async\" class=\"emoji\" role=\"img\" draggable=\"false\" src=\"https:\/\/s.w.org\/images\/core\/emoji\/14.0.0\/svg\/1f1e9-1f1ea.svg\" alt=\"\ud83c\udde9\ud83c\uddea\" \/> ab \u20ac 200,-!<\/p>\n<p>&nbsp;<\/p>\n","protected":false},"featured_media":30516,"comment_status":"closed","ping_status":"closed","template":"","meta":[],"product_brand":[],"product_cat":[14093,14513,14752],"product_tag":[],"class_list":{"0":"post-30509","1":"product","2":"type-product","3":"status-publish","4":"has-post-thumbnail","6":"product_cat-petzl","7":"product_cat-industriekletter-ausruestung","8":"product_cat-transportsaecke","10":"first","11":"instock","12":"sale","13":"taxable","14":"shipping-taxable","15":"purchasable","16":"product-type-simple"},"yoast_head":"<!-- This site is optimized with the Yoast SEO Premium plugin v26.9 (Yoast SEO v26.9) - https:\/\/yoast.com\/product\/yoast-seo-premium-wordpress\/ -->\n<title>Petzl Transport 30 - Industriekletter Rucksack online kaufen | bolting.eu<\/title>\n<meta name=\"description\" content=\"Petzl Transporter 30 beim Industriekletterprofi kaufen \u2705 Trusted Shop \u2705 kostenloser Versand* \u2705 14 Tage R\u00fcckgaberecht \u2705 Co2 neutrale Zustellung\" \/>\n<meta name=\"robots\" content=\"index, follow, max-snippet:-1, max-image-preview:large, max-video-preview:-1\" \/>\n<link rel=\"canonical\" href=\"https:\/\/bolting.eu\/en\/shop\/petzl-transport-30\/\" \/>\n<meta property=\"og:locale\" content=\"en_US\" \/>\n<meta property=\"og:type\" content=\"article\" \/>\n<meta property=\"og:title\" content=\"Petzl Transport 30\" \/>\n<meta property=\"og:description\" content=\"Petzl Transporter 30 beim Industriekletterprofi kaufen \u2705 Trusted Shop \u2705 kostenloser Versand* \u2705 14 Tage R\u00fcckgaberecht \u2705 Co2 neutrale Zustellung\" \/>\n<meta property=\"og:url\" content=\"https:\/\/bolting.eu\/en\/shop\/petzl-transport-30\/\" \/>\n<meta property=\"og:site_name\" content=\"bolting.eu\" \/>\n<meta property=\"article:publisher\" content=\"https:\/\/www.facebook.com\/bolting.eu\" \/>\n<meta property=\"article:modified_time\" content=\"2026-03-20T16:12:11+00:00\" \/>\n<meta property=\"og:image\" content=\"https:\/\/bolting.eu\/wp-content\/uploads\/2025\/01\/Petzl-Transport-30-2.jpg\" \/>\n\t<meta property=\"og:image:width\" content=\"700\" \/>\n\t<meta property=\"og:image:height\" content=\"700\" \/>\n\t<meta property=\"og:image:type\" content=\"image\/jpeg\" \/>\n<meta name=\"twitter:card\" content=\"summary_large_image\" \/>\n<meta name=\"twitter:label1\" content=\"Price\" \/>\n\t<meta name=\"twitter:data1\" content=\"&euro;&nbsp;110,00\" \/>\n\t<meta name=\"twitter:label2\" content=\"Availability\" \/>\n\t<meta name=\"twitter:data2\" content=\"In stock\" \/>\n<script type=\"application\/ld+json\" class=\"yoast-schema-graph\">{\"@context\":\"https:\/\/schema.org\",\"@graph\":[{\"@type\":[\"WebPage\",\"ItemPage\"],\"@id\":\"https:\/\/bolting.eu\/en\/shop\/petzl-transport-30\/\",\"url\":\"https:\/\/bolting.eu\/en\/shop\/petzl-transport-30\/\",\"name\":\"Petzl Transport 30 - Industriekletter Rucksack online kaufen | bolting.eu\",\"isPartOf\":{\"@id\":\"https:\/\/bolting.eu\/en\/#website\"},\"primaryImageOfPage\":{\"@id\":\"https:\/\/bolting.eu\/en\/shop\/petzl-transport-30\/#primaryimage\"},\"image\":{\"@id\":\"https:\/\/bolting.eu\/en\/shop\/petzl-transport-30\/#primaryimage\"},\"thumbnailUrl\":\"https:\/\/bolting.eu\/wp-content\/uploads\/2025\/01\/Petzl-Transport-30-2.jpg\",\"datePublished\":\"2025-01-28T19:06:17+00:00\",\"dateModified\":\"2026-03-20T16:12:11+00:00\",\"description\":\"Petzl Transporter 30 beim Industriekletterprofi kaufen \u2705 Trusted Shop \u2705 kostenloser Versand* \u2705 14 Tage R\u00fcckgaberecht \u2705 Co2 neutrale Zustellung\",\"breadcrumb\":{\"@id\":\"https:\/\/bolting.eu\/en\/shop\/petzl-transport-30\/#breadcrumb\"},\"inLanguage\":\"en-US\",\"potentialAction\":[{\"@type\":\"ReadAction\",\"target\":[\"https:\/\/bolting.eu\/en\/shop\/petzl-transport-30\/\"]}]},{\"@type\":\"ImageObject\",\"inLanguage\":\"en-US\",\"@id\":\"https:\/\/bolting.eu\/en\/shop\/petzl-transport-30\/#primaryimage\",\"url\":\"https:\/\/bolting.eu\/wp-content\/uploads\/2025\/01\/Petzl-Transport-30-2.jpg\",\"contentUrl\":\"https:\/\/bolting.eu\/wp-content\/uploads\/2025\/01\/Petzl-Transport-30-2.jpg\",\"width\":700,\"height\":700,\"caption\":\"Schwarz-gelber Petzl Transport 30 Industriekletter Rucksack von der Vorderseite mit Logo und modellname.\"},{\"@type\":\"BreadcrumbList\",\"@id\":\"https:\/\/bolting.eu\/en\/shop\/petzl-transport-30\/#breadcrumb\",\"itemListElement\":[{\"@type\":\"ListItem\",\"position\":1,\"name\":\"Shop\",\"item\":\"https:\/\/bolting.eu\/en\/shop\/\"},{\"@type\":\"ListItem\",\"position\":2,\"name\":\"Industrial climbing gear\",\"item\":\"https:\/\/bolting.eu\/en\/produkt-kategorie\/industrial-climbing-gear\/\"},{\"@type\":\"ListItem\",\"position\":3,\"name\":\"Transports\u00e4cke\",\"item\":\"https:\/\/bolting.eu\/produkt-kategorie\/industriekletter-ausruestung\/transportsaecke\/\"},{\"@type\":\"ListItem\",\"position\":4,\"name\":\"Petzl Transport 30\"}]},{\"@type\":\"WebSite\",\"@id\":\"https:\/\/bolting.eu\/en\/#website\",\"url\":\"https:\/\/bolting.eu\/en\/\",\"name\":\"bolting.eu\",\"description\":\"we make climbs happen\",\"publisher\":{\"@id\":\"https:\/\/bolting.eu\/en\/#organization\"},\"potentialAction\":[{\"@type\":\"SearchAction\",\"target\":{\"@type\":\"EntryPoint\",\"urlTemplate\":\"https:\/\/bolting.eu\/en\/?s={search_term_string}\"},\"query-input\":{\"@type\":\"PropertyValueSpecification\",\"valueRequired\":true,\"valueName\":\"search_term_string\"}}],\"inLanguage\":\"en-US\"},{\"@type\":[\"Organization\",\"Place\",\"SportingGoodsStore\"],\"@id\":\"https:\/\/bolting.eu\/en\/#organization\",\"name\":\"bolting.eu\",\"url\":\"https:\/\/bolting.eu\/en\/\",\"logo\":{\"@id\":\"https:\/\/bolting.eu\/en\/shop\/petzl-transport-30\/#local-main-organization-logo\"},\"image\":{\"@id\":\"https:\/\/bolting.eu\/en\/shop\/petzl-transport-30\/#local-main-organization-logo\"},\"sameAs\":[\"https:\/\/www.facebook.com\/bolting.eu\",\"https:\/\/www.instagram.com\/bolting.eu\/\"],\"address\":{\"@id\":\"https:\/\/bolting.eu\/en\/shop\/petzl-transport-30\/#local-main-place-address\"},\"geo\":{\"@type\":\"GeoCoordinates\",\"latitude\":\"47.264176340396226\",\"longitude\":\"11.380109057672346\"},\"telephone\":[\"+43 699 19083372\"],\"openingHoursSpecification\":[{\"@type\":\"OpeningHoursSpecification\",\"dayOfWeek\":[\"Monday\",\"Wednesday\",\"Friday\"],\"opens\":\"14:00\",\"closes\":\"18:00\"},{\"@type\":\"OpeningHoursSpecification\",\"dayOfWeek\":[\"Tuesday\",\"Thursday\",\"Saturday\",\"Sunday\"],\"opens\":\"00:00\",\"closes\":\"00:00\"}],\"email\":\"office@bolting.eu\",\"vatID\":\"ATU59999728\",\"priceRange\":\"$$\",\"currenciesAccepted\":\"Euro\"},{\"@type\":\"PostalAddress\",\"@id\":\"https:\/\/bolting.eu\/en\/shop\/petzl-transport-30\/#local-main-place-address\",\"streetAddress\":\"Fischnalerstra\u00dfe 4\",\"addressLocality\":\"Innsbruck\",\"postalCode\":\"6020\",\"addressRegion\":\"Tirol\",\"addressCountry\":\"AT\"},{\"@type\":\"ImageObject\",\"inLanguage\":\"en-US\",\"@id\":\"https:\/\/bolting.eu\/en\/shop\/petzl-transport-30\/#local-main-organization-logo\",\"url\":\"https:\/\/bolting.eu\/wp-content\/uploads\/2019\/09\/bolting-logo.png\",\"contentUrl\":\"https:\/\/bolting.eu\/wp-content\/uploads\/2019\/09\/bolting-logo.png\",\"width\":400,\"height\":211,\"caption\":\"bolting.eu\"}]}<\/script>\n<meta property=\"og:video\" content=\"https:\/\/www.youtube.com\/embed\/P2XOS0Y6eO0\" \/>\n<meta property=\"og:video:type\" content=\"text\/html\" \/>\n<meta property=\"og:video:duration\" content=\"116\" \/>\n<meta property=\"og:video:width\" content=\"480\" \/>\n<meta property=\"og:video:height\" content=\"270\" \/>\n<meta property=\"ya:ovs:adult\" content=\"false\" \/>\n<meta property=\"ya:ovs:upload_date\" content=\"2025-01-28T19:06:17+00:00\" \/>\n<meta property=\"ya:ovs:allow_embed\" content=\"true\" \/>\n<meta property=\"product:price:amount\" content=\"110.00\" \/>\n<meta property=\"product:price:currency\" content=\"EUR\" \/>\n<meta property=\"og:availability\" content=\"instock\" \/>\n<meta property=\"product:availability\" content=\"instock\" \/>\n<meta property=\"product:retailer_item_id\" content=\"S042AA00\" \/>\n<meta property=\"product:condition\" content=\"new\" \/>\n<meta name=\"geo.placename\" content=\"Innsbruck\" \/>\n<meta name=\"geo.position\" content=\"47.264176340396226;11.380109057672346\" \/>\n<meta name=\"geo.region\" content=\"Austria\" \/>\n<!-- \/ Yoast SEO Premium plugin. -->","yoast_head_json":{"title":"Petzl Transport 30 - Industriekletter Rucksack online kaufen | bolting.eu","description":"Petzl Transporter 30 beim Industriekletterprofi kaufen \u2705 Trusted Shop \u2705 kostenloser Versand* \u2705 14 Tage R\u00fcckgaberecht \u2705 Co2 neutrale Zustellung","robots":{"index":"index","follow":"follow","max-snippet":"max-snippet:-1","max-image-preview":"max-image-preview:large","max-video-preview":"max-video-preview:-1"},"canonical":"https:\/\/bolting.eu\/en\/shop\/petzl-transport-30\/","og_locale":"en_US","og_type":"article","og_title":"Petzl Transport 30","og_description":"Petzl Transporter 30 beim Industriekletterprofi kaufen \u2705 Trusted Shop \u2705 kostenloser Versand* \u2705 14 Tage R\u00fcckgaberecht \u2705 Co2 neutrale Zustellung","og_url":"https:\/\/bolting.eu\/en\/shop\/petzl-transport-30\/","og_site_name":"bolting.eu","article_publisher":"https:\/\/www.facebook.com\/bolting.eu","article_modified_time":"2026-03-20T16:12:11+00:00","og_image":[{"width":700,"height":700,"url":"https:\/\/bolting.eu\/wp-content\/uploads\/2025\/01\/Petzl-Transport-30-2.jpg","type":"image\/jpeg"}],"twitter_card":"summary_large_image","twitter_misc":{"Price":"&euro;&nbsp;110,00","Availability":"In stock"},"schema":{"@context":"https:\/\/schema.org","@graph":[{"@type":["WebPage","ItemPage"],"@id":"https:\/\/bolting.eu\/en\/shop\/petzl-transport-30\/","url":"https:\/\/bolting.eu\/en\/shop\/petzl-transport-30\/","name":"Petzl Transport 30 - Industriekletter Rucksack online kaufen | bolting.eu","isPartOf":{"@id":"https:\/\/bolting.eu\/en\/#website"},"primaryImageOfPage":{"@id":"https:\/\/bolting.eu\/en\/shop\/petzl-transport-30\/#primaryimage"},"image":{"@id":"https:\/\/bolting.eu\/en\/shop\/petzl-transport-30\/#primaryimage"},"thumbnailUrl":"https:\/\/bolting.eu\/wp-content\/uploads\/2025\/01\/Petzl-Transport-30-2.jpg","datePublished":"2025-01-28T19:06:17+00:00","dateModified":"2026-03-20T16:12:11+00:00","description":"Petzl Transporter 30 beim Industriekletterprofi kaufen \u2705 Trusted Shop \u2705 kostenloser Versand* \u2705 14 Tage R\u00fcckgaberecht \u2705 Co2 neutrale Zustellung","breadcrumb":{"@id":"https:\/\/bolting.eu\/en\/shop\/petzl-transport-30\/#breadcrumb"},"inLanguage":"en-US","potentialAction":[{"@type":"ReadAction","target":["https:\/\/bolting.eu\/en\/shop\/petzl-transport-30\/"]}]},{"@type":"ImageObject","inLanguage":"en-US","@id":"https:\/\/bolting.eu\/en\/shop\/petzl-transport-30\/#primaryimage","url":"https:\/\/bolting.eu\/wp-content\/uploads\/2025\/01\/Petzl-Transport-30-2.jpg","contentUrl":"https:\/\/bolting.eu\/wp-content\/uploads\/2025\/01\/Petzl-Transport-30-2.jpg","width":700,"height":700,"caption":"Schwarz-gelber Petzl Transport 30 Industriekletter Rucksack von der Vorderseite mit Logo und modellname."},{"@type":"BreadcrumbList","@id":"https:\/\/bolting.eu\/en\/shop\/petzl-transport-30\/#breadcrumb","itemListElement":[{"@type":"ListItem","position":1,"name":"Shop","item":"https:\/\/bolting.eu\/en\/shop\/"},{"@type":"ListItem","position":2,"name":"Industrial climbing gear","item":"https:\/\/bolting.eu\/en\/produkt-kategorie\/industrial-climbing-gear\/"},{"@type":"ListItem","position":3,"name":"Transports\u00e4cke","item":"https:\/\/bolting.eu\/produkt-kategorie\/industriekletter-ausruestung\/transportsaecke\/"},{"@type":"ListItem","position":4,"name":"Petzl Transport 30"}]},{"@type":"WebSite","@id":"https:\/\/bolting.eu\/en\/#website","url":"https:\/\/bolting.eu\/en\/","name":"bolting.eu","description":"we make climbs happen","publisher":{"@id":"https:\/\/bolting.eu\/en\/#organization"},"potentialAction":[{"@type":"SearchAction","target":{"@type":"EntryPoint","urlTemplate":"https:\/\/bolting.eu\/en\/?s={search_term_string}"},"query-input":{"@type":"PropertyValueSpecification","valueRequired":true,"valueName":"search_term_string"}}],"inLanguage":"en-US"},{"@type":["Organization","Place","SportingGoodsStore"],"@id":"https:\/\/bolting.eu\/en\/#organization","name":"bolting.eu","url":"https:\/\/bolting.eu\/en\/","logo":{"@id":"https:\/\/bolting.eu\/en\/shop\/petzl-transport-30\/#local-main-organization-logo"},"image":{"@id":"https:\/\/bolting.eu\/en\/shop\/petzl-transport-30\/#local-main-organization-logo"},"sameAs":["https:\/\/www.facebook.com\/bolting.eu","https:\/\/www.instagram.com\/bolting.eu\/"],"address":{"@id":"https:\/\/bolting.eu\/en\/shop\/petzl-transport-30\/#local-main-place-address"},"geo":{"@type":"GeoCoordinates","latitude":"47.264176340396226","longitude":"11.380109057672346"},"telephone":["+43 699 19083372"],"openingHoursSpecification":[{"@type":"OpeningHoursSpecification","dayOfWeek":["Monday","Wednesday","Friday"],"opens":"14:00","closes":"18:00"},{"@type":"OpeningHoursSpecification","dayOfWeek":["Tuesday","Thursday","Saturday","Sunday"],"opens":"00:00","closes":"00:00"}],"email":"office@bolting.eu","vatID":"ATU59999728","priceRange":"$$","currenciesAccepted":"Euro"},{"@type":"PostalAddress","@id":"https:\/\/bolting.eu\/en\/shop\/petzl-transport-30\/#local-main-place-address","streetAddress":"Fischnalerstra\u00dfe 4","addressLocality":"Innsbruck","postalCode":"6020","addressRegion":"Tirol","addressCountry":"AT"},{"@type":"ImageObject","inLanguage":"en-US","@id":"https:\/\/bolting.eu\/en\/shop\/petzl-transport-30\/#local-main-organization-logo","url":"https:\/\/bolting.eu\/wp-content\/uploads\/2019\/09\/bolting-logo.png","contentUrl":"https:\/\/bolting.eu\/wp-content\/uploads\/2019\/09\/bolting-logo.png","width":400,"height":211,"caption":"bolting.eu"}]},"og_video":"https:\/\/www.youtube.com\/embed\/P2XOS0Y6eO0","og_video_type":"text\/html","og_video_duration":"116","og_video_width":"480","og_video_height":"270","ya_ovs_adult":"false","ya_ovs_upload_date":"2025-01-28T19:06:17+00:00","ya_ovs_allow_embed":"true","product_price_amount":"110.00","product_price_currency":"EUR","og_availability":"instock","product_availability":"instock","product_retailer_item_id":"S042AA00","product_condition":"new","geo.placename":"Innsbruck","geo.position":{"lat":"47.264176340396226","long":"11.380109057672346"},"geo.region":"Austria"},"_links":{"self":[{"href":"https:\/\/bolting.eu\/en\/wp-json\/wp\/v2\/product\/30509","targetHints":{"allow":["GET"]}}],"collection":[{"href":"https:\/\/bolting.eu\/en\/wp-json\/wp\/v2\/product"}],"about":[{"href":"https:\/\/bolting.eu\/en\/wp-json\/wp\/v2\/types\/product"}],"replies":[{"embeddable":true,"href":"https:\/\/bolting.eu\/en\/wp-json\/wp\/v2\/comments?post=30509"}],"wp:featuredmedia":[{"embeddable":true,"href":"https:\/\/bolting.eu\/en\/wp-json\/wp\/v2\/media\/30516"}],"wp:attachment":[{"href":"https:\/\/bolting.eu\/en\/wp-json\/wp\/v2\/media?parent=30509"}],"wp:term":[{"taxonomy":"product_brand","embeddable":true,"href":"https:\/\/bolting.eu\/en\/wp-json\/wp\/v2\/product_brand?post=30509"},{"taxonomy":"product_cat","embeddable":true,"href":"https:\/\/bolting.eu\/en\/wp-json\/wp\/v2\/product_cat?post=30509"},{"taxonomy":"product_tag","embeddable":true,"href":"https:\/\/bolting.eu\/en\/wp-json\/wp\/v2\/product_tag?post=30509"}],"curies":[{"name":"wp","href":"https:\/\/api.w.org\/{rel}","templated":true}]}}