{"id":30450,"date":"2025-01-23T13:11:15","date_gmt":"2025-01-23T12:11:15","guid":{"rendered":"https:\/\/bolting.eu\/?post_type=product&#038;p=30450"},"modified":"2026-04-22T16:16:41","modified_gmt":"2026-04-22T14:16:41","slug":"petzl-mgo-open","status":"publish","type":"product","link":"https:\/\/bolting.eu\/en\/shop\/petzl-mgo-open\/","title":{"rendered":"Petzl MGO open"},"content":{"rendered":"<p>Der Petzl MGO open ist ein richtungsunabh\u00e4ngiges Verbindungselement. Hier kann er sowohl in Stahlseile als auch gr\u00f6\u00dfere Metallstrukturen eingeh\u00e4ngt werden.<\/p>\n<p>Denn dieser &#8220;Riesenkarabiner&#8221; ist in unserem <a href=\"https:\/\/bolting.eu\/industrieklettershop\/\">Industrieklettershop<\/a> in zwei Varianten verf\u00fcgbar. Erstens mit einer Schnapper\u00f6ffnung von entweder 60mm. Und zweitens mit 110mm.<\/p>\n<p>Zudem l\u00e4sst sich die \u00d6se zum Einh\u00e4ngen eines beliebigen <a href=\"https:\/\/bolting.eu\/produkt-kategorie\/industriekletter-ausruestung\/verbindungsmittel\/\">Verbindungsmittels<\/a> \u00f6ffnen. D.h. diese k\u00f6nnen bei Besch\u00e4digungen beliebig getauscht werden.<\/p>\n<p>Wir empfehlen ausschlie\u00dflich jene der Absorbica Modellreihe, <a href=\"https:\/\/bolting.eu\/shop\/petzl-progress-adjust-y\/\">Progress Adjust Y<\/a> und Grillon Serie.<\/p>\n<p>Fazit. Sollte in keiner Industriekletter Ausr\u00fcstung fehlen.<\/p>\n<h2>Eigenschaften Petzl MGO open<\/h2>\n<ul>\n<li>Hersteller: <a href=\"https:\/\/bolting.eu\/produkt-kategorie\/petzl\/\">Petzl<\/a><\/li>\n<li>Material: Aluminium<\/li>\n<li>Weite Schnapper\u00f6ffnungen: 60mm und 110mm<\/li>\n<li>Gewicht: 490 Gramm und 930 Gramm<\/li>\n<li>Normen: EN 362, UKCA, EAC<\/li>\n<li>Riesenkarabiner zum Industrieklettern f\u00fcr Metallstrukturen und Stahlseile<\/li>\n<li>aufschraubbare Verbindungs\u00f6se zum Einh\u00e4ngen beliebiger Verbindungsmittel<\/li>\n<li>empfohlene Verbindungsmittel: Absorbica Modellreihe, Progress Adjust Y, Grillon Serie<\/li>\n<li>Verbindungs\u00f6se favorisiert Belastung in L\u00e4ngsrichtung<\/li>\n<li>der Entriegelungshebel ist ergonomisch geformt<\/li>\n<li><a href=\"https:\/\/www.petzl.com\/DE\/de\/Professional\/Verbindungselemente\/MGO-OPEN#:~:text=Das%20PDF%20herunterladen%20%3A%20technical%2Dnotice%2DMGO%20OPEN%2D1%20%2D%202.56%20MB\" target=\"_blank\" rel=\"noopener\">Bedienungsanleitung Model 60mm<\/a><\/li>\n<li><a href=\"https:\/\/www.petzl.com\/DE\/de\/Professional\/Verbindungselemente\/MGO-OPEN#:~:text=Das%20PDF%20herunterladen%20%3A%20technical%2Dnotice%2DMGO%2DOPEN%2D110%2D1%20%2D%202.10%20MB\" target=\"_blank\" rel=\"noopener\">Bedienungsanleitung Modell 110mm<\/a><\/li>\n<\/ul>\n<h3>Gr\u00f6\u00dfenvergleich<\/h3>\n<p>Die beiden Modelle unterscheiden sich in der Breite der Schnapper\u00f6ffnung. Diese wirkt sich massiv auf die Gr\u00f6\u00dfe aus. Hier der Vergleich:<\/p>\n<p><a href=\"https:\/\/bolting.eu\/wp-content\/uploads\/2025\/01\/MGO-Open-Groessenvergleich.jpg\"><img loading=\"lazy\" decoding=\"async\" class=\"alignnone wp-image-30442 size-medium\" src=\"https:\/\/bolting.eu\/wp-content\/uploads\/2025\/01\/MGO-Open-Groessenvergleich-800x400.jpg\" alt=\"Gr\u00f6\u00dfenvergleich der beiden Petzl MGO Verbindungslemente 60 und 110.\" width=\"800\" height=\"400\" srcset=\"https:\/\/bolting.eu\/wp-content\/uploads\/2025\/01\/MGO-Open-Groessenvergleich-800x400.jpg 800w, https:\/\/bolting.eu\/wp-content\/uploads\/2025\/01\/MGO-Open-Groessenvergleich-768x384.jpg 768w, https:\/\/bolting.eu\/wp-content\/uploads\/2025\/01\/MGO-Open-Groessenvergleich-510x255.jpg 510w, https:\/\/bolting.eu\/wp-content\/uploads\/2025\/01\/MGO-Open-Groessenvergleich-100x50.jpg 100w, https:\/\/bolting.eu\/wp-content\/uploads\/2025\/01\/MGO-Open-Groessenvergleich.jpg 1200w\" sizes=\"auto, (max-width: 800px) 100vw, 800px\" \/><\/a><\/p>\n<h3>Downloads \u00dcberpr\u00fcfung und Wartung<\/h3>\n<p>Im Folgenden findet ihr wichtige Downloads zu den Petzl MGO Open Verbindungselementen.<\/p>\n<p><a href=\"https:\/\/bolting.eu\/wp-content\/uploads\/2025\/01\/Pflegeanleitung-Karabiner-Petzl.pdf\">Pflegeanleitung Karabiner Petzl<\/a><\/p>\n<p><a href=\"https:\/\/bolting.eu\/wp-content\/uploads\/2025\/01\/verif-EPI-CONNECTEURS-procedure-DE.pdf\">Ablauf PSA Pr\u00fcfung Karabiner Petzl<\/a><\/p>\n<p><a href=\"https:\/\/bolting.eu\/wp-content\/uploads\/2025\/01\/verif-EPI-suivi-connecteur-DE.pdf\">PSA Pruefbogen Verbindungselemente Petzl<\/a><\/p>\n<p>&nbsp;<\/p>\n","protected":false},"excerpt":{"rendered":"<p>Verbindungselement zum Einh\u00e4ngen an Metallstrukturen. Nur in Kombination mit einem Absorbica Bandfalld\u00e4mpfer, Progress Adjust oder Grillon Serie verwenden.<\/p>\n<p>Erh\u00e4ltlich mit 60mm bzw. 110mm Schnapper\u00f6ffnung. Die aufschraubbare \u00d6se erm\u00f6glicht den Wechsel des Verbindungselementes.<\/p>\n<p>Versandkostenfrei bis 2kg in\u00a0<img decoding=\"async\" class=\"emoji\" role=\"img\" draggable=\"false\" src=\"https:\/\/s.w.org\/images\/core\/emoji\/14.0.0\/svg\/1f1e6-1f1f9.svg\" alt=\"\ud83c\udde6\ud83c\uddf9\" \/>\u00a0ab \u20ac 100,- und\u00a0<img decoding=\"async\" class=\"emoji\" role=\"img\" draggable=\"false\" src=\"https:\/\/s.w.org\/images\/core\/emoji\/14.0.0\/svg\/1f1e9-1f1ea.svg\" alt=\"\ud83c\udde9\ud83c\uddea\" \/>\u00a0ab \u20ac 200,-!<\/p>\n","protected":false},"featured_media":30446,"comment_status":"closed","ping_status":"closed","template":"","meta":[],"product_brand":[],"product_cat":[14093,14513,14749],"product_tag":[],"class_list":{"0":"post-30450","1":"product","2":"type-product","3":"status-publish","4":"has-post-thumbnail","6":"product_cat-petzl","7":"product_cat-industriekletter-ausruestung","8":"product_cat-verbindungselemente","10":"first","11":"instock","12":"sale","13":"taxable","14":"shipping-taxable","15":"purchasable","16":"product-type-variable","17":"has-default-attributes"},"yoast_head":"<!-- This site is optimized with the Yoast SEO Premium plugin v26.9 (Yoast SEO v26.9) - https:\/\/yoast.com\/product\/yoast-seo-premium-wordpress\/ -->\n<title>Petzl MGO open 60 &amp; 110 - Verbindungselement | bolting.eu<\/title>\n<meta name=\"description\" content=\"PETZL MGO OPEN 60 &amp; 110 beim Industriekletter Profi kaufen \u2705 Trusted Shop \u2705 kostenloser Versand* \u2705 14 Tage R\u00fcckgaberecht \u2705 Co2 neutrale Zustellung\" \/>\n<meta name=\"robots\" content=\"index, follow, max-snippet:-1, max-image-preview:large, max-video-preview:-1\" \/>\n<link rel=\"canonical\" href=\"https:\/\/bolting.eu\/en\/shop\/petzl-mgo-open\/\" \/>\n<meta property=\"og:locale\" content=\"en_US\" \/>\n<meta property=\"og:type\" content=\"article\" \/>\n<meta property=\"og:title\" content=\"Petzl MGO open\" \/>\n<meta property=\"og:description\" content=\"PETZL MGO OPEN 60 &amp; 110 beim Industriekletter Profi kaufen \u2705 Trusted Shop \u2705 kostenloser Versand* \u2705 14 Tage R\u00fcckgaberecht \u2705 Co2 neutrale Zustellung\" \/>\n<meta property=\"og:url\" content=\"https:\/\/bolting.eu\/en\/shop\/petzl-mgo-open\/\" \/>\n<meta property=\"og:site_name\" content=\"bolting.eu\" \/>\n<meta property=\"article:publisher\" content=\"https:\/\/www.facebook.com\/bolting.eu\" \/>\n<meta property=\"article:modified_time\" content=\"2026-04-22T14:16:41+00:00\" \/>\n<meta property=\"og:image\" content=\"https:\/\/bolting.eu\/wp-content\/uploads\/2025\/01\/MGO-Open-60-.jpg\" \/>\n\t<meta property=\"og:image:width\" content=\"700\" \/>\n\t<meta property=\"og:image:height\" content=\"700\" \/>\n\t<meta property=\"og:image:type\" content=\"image\/jpeg\" \/>\n<meta name=\"twitter:card\" content=\"summary_large_image\" \/>\n<meta name=\"twitter:label1\" content=\"Availability\" \/>\n\t<meta name=\"twitter:data1\" content=\"In stock\" \/>\n<script type=\"application\/ld+json\" class=\"yoast-schema-graph\">{\"@context\":\"https:\/\/schema.org\",\"@graph\":[{\"@type\":[\"WebPage\",\"ItemPage\"],\"@id\":\"https:\/\/bolting.eu\/en\/shop\/petzl-mgo-open\/\",\"url\":\"https:\/\/bolting.eu\/en\/shop\/petzl-mgo-open\/\",\"name\":\"Petzl MGO open 60 & 110 - Verbindungselement | bolting.eu\",\"isPartOf\":{\"@id\":\"https:\/\/bolting.eu\/en\/#website\"},\"primaryImageOfPage\":{\"@id\":\"https:\/\/bolting.eu\/en\/shop\/petzl-mgo-open\/#primaryimage\"},\"image\":{\"@id\":\"https:\/\/bolting.eu\/en\/shop\/petzl-mgo-open\/#primaryimage\"},\"thumbnailUrl\":\"https:\/\/bolting.eu\/wp-content\/uploads\/2025\/01\/MGO-Open-60-.jpg\",\"datePublished\":\"2025-01-23T12:11:15+00:00\",\"dateModified\":\"2026-04-22T14:16:41+00:00\",\"description\":\"PETZL MGO OPEN 60 & 110 beim Industriekletter Profi kaufen \u2705 Trusted Shop \u2705 kostenloser Versand* \u2705 14 Tage R\u00fcckgaberecht \u2705 Co2 neutrale Zustellung\",\"breadcrumb\":{\"@id\":\"https:\/\/bolting.eu\/en\/shop\/petzl-mgo-open\/#breadcrumb\"},\"inLanguage\":\"en-US\",\"potentialAction\":[{\"@type\":\"ReadAction\",\"target\":[\"https:\/\/bolting.eu\/en\/shop\/petzl-mgo-open\/\"]}]},{\"@type\":\"ImageObject\",\"inLanguage\":\"en-US\",\"@id\":\"https:\/\/bolting.eu\/en\/shop\/petzl-mgo-open\/#primaryimage\",\"url\":\"https:\/\/bolting.eu\/wp-content\/uploads\/2025\/01\/MGO-Open-60-.jpg\",\"contentUrl\":\"https:\/\/bolting.eu\/wp-content\/uploads\/2025\/01\/MGO-Open-60-.jpg\",\"width\":700,\"height\":700,\"caption\":\"Grau-silbernes Petzl MGO Open 60 Verbindungselement mit Schnapper nach links unten. Rechts oben buntes bolting.eu Logo.\"},{\"@type\":\"BreadcrumbList\",\"@id\":\"https:\/\/bolting.eu\/en\/shop\/petzl-mgo-open\/#breadcrumb\",\"itemListElement\":[{\"@type\":\"ListItem\",\"position\":1,\"name\":\"Shop\",\"item\":\"https:\/\/bolting.eu\/en\/shop\/\"},{\"@type\":\"ListItem\",\"position\":2,\"name\":\"Industrial climbing gear\",\"item\":\"https:\/\/bolting.eu\/en\/produkt-kategorie\/industrial-climbing-gear\/\"},{\"@type\":\"ListItem\",\"position\":3,\"name\":\"Verbindungselemente\",\"item\":\"https:\/\/bolting.eu\/produkt-kategorie\/industriekletter-ausruestung\/verbindungselemente\/\"},{\"@type\":\"ListItem\",\"position\":4,\"name\":\"Petzl MGO open\"}]},{\"@type\":\"WebSite\",\"@id\":\"https:\/\/bolting.eu\/en\/#website\",\"url\":\"https:\/\/bolting.eu\/en\/\",\"name\":\"bolting.eu\",\"description\":\"we make climbs happen\",\"publisher\":{\"@id\":\"https:\/\/bolting.eu\/en\/#organization\"},\"potentialAction\":[{\"@type\":\"SearchAction\",\"target\":{\"@type\":\"EntryPoint\",\"urlTemplate\":\"https:\/\/bolting.eu\/en\/?s={search_term_string}\"},\"query-input\":{\"@type\":\"PropertyValueSpecification\",\"valueRequired\":true,\"valueName\":\"search_term_string\"}}],\"inLanguage\":\"en-US\"},{\"@type\":[\"Organization\",\"Place\",\"SportingGoodsStore\"],\"@id\":\"https:\/\/bolting.eu\/en\/#organization\",\"name\":\"bolting.eu\",\"url\":\"https:\/\/bolting.eu\/en\/\",\"logo\":{\"@id\":\"https:\/\/bolting.eu\/en\/shop\/petzl-mgo-open\/#local-main-organization-logo\"},\"image\":{\"@id\":\"https:\/\/bolting.eu\/en\/shop\/petzl-mgo-open\/#local-main-organization-logo\"},\"sameAs\":[\"https:\/\/www.facebook.com\/bolting.eu\",\"https:\/\/www.instagram.com\/bolting.eu\/\"],\"address\":{\"@id\":\"https:\/\/bolting.eu\/en\/shop\/petzl-mgo-open\/#local-main-place-address\"},\"geo\":{\"@type\":\"GeoCoordinates\",\"latitude\":\"47.264176340396226\",\"longitude\":\"11.380109057672346\"},\"telephone\":[\"+43 699 19083372\"],\"openingHoursSpecification\":[{\"@type\":\"OpeningHoursSpecification\",\"dayOfWeek\":[\"Monday\",\"Wednesday\",\"Friday\"],\"opens\":\"14:00\",\"closes\":\"18:00\"},{\"@type\":\"OpeningHoursSpecification\",\"dayOfWeek\":[\"Tuesday\",\"Thursday\",\"Saturday\",\"Sunday\"],\"opens\":\"00:00\",\"closes\":\"00:00\"}],\"email\":\"office@bolting.eu\",\"vatID\":\"ATU59999728\",\"priceRange\":\"$$\",\"currenciesAccepted\":\"Euro\"},{\"@type\":\"PostalAddress\",\"@id\":\"https:\/\/bolting.eu\/en\/shop\/petzl-mgo-open\/#local-main-place-address\",\"streetAddress\":\"Fischnalerstra\u00dfe 4\",\"addressLocality\":\"Innsbruck\",\"postalCode\":\"6020\",\"addressRegion\":\"Tirol\",\"addressCountry\":\"AT\"},{\"@type\":\"ImageObject\",\"inLanguage\":\"en-US\",\"@id\":\"https:\/\/bolting.eu\/en\/shop\/petzl-mgo-open\/#local-main-organization-logo\",\"url\":\"https:\/\/bolting.eu\/wp-content\/uploads\/2019\/09\/bolting-logo.png\",\"contentUrl\":\"https:\/\/bolting.eu\/wp-content\/uploads\/2019\/09\/bolting-logo.png\",\"width\":400,\"height\":211,\"caption\":\"bolting.eu\"}]}<\/script>\n<meta property=\"og:availability\" content=\"instock\" \/>\n<meta property=\"product:availability\" content=\"instock\" \/>\n<meta property=\"product:condition\" content=\"new\" \/>\n<meta name=\"geo.placename\" content=\"Innsbruck\" \/>\n<meta name=\"geo.position\" content=\"47.264176340396226;11.380109057672346\" \/>\n<meta name=\"geo.region\" content=\"Austria\" \/>\n<!-- \/ Yoast SEO Premium plugin. -->","yoast_head_json":{"title":"Petzl MGO open 60 & 110 - Verbindungselement | bolting.eu","description":"PETZL MGO OPEN 60 & 110 beim Industriekletter Profi kaufen \u2705 Trusted Shop \u2705 kostenloser Versand* \u2705 14 Tage R\u00fcckgaberecht \u2705 Co2 neutrale Zustellung","robots":{"index":"index","follow":"follow","max-snippet":"max-snippet:-1","max-image-preview":"max-image-preview:large","max-video-preview":"max-video-preview:-1"},"canonical":"https:\/\/bolting.eu\/en\/shop\/petzl-mgo-open\/","og_locale":"en_US","og_type":"article","og_title":"Petzl MGO open","og_description":"PETZL MGO OPEN 60 & 110 beim Industriekletter Profi kaufen \u2705 Trusted Shop \u2705 kostenloser Versand* \u2705 14 Tage R\u00fcckgaberecht \u2705 Co2 neutrale Zustellung","og_url":"https:\/\/bolting.eu\/en\/shop\/petzl-mgo-open\/","og_site_name":"bolting.eu","article_publisher":"https:\/\/www.facebook.com\/bolting.eu","article_modified_time":"2026-04-22T14:16:41+00:00","og_image":[{"width":700,"height":700,"url":"https:\/\/bolting.eu\/wp-content\/uploads\/2025\/01\/MGO-Open-60-.jpg","type":"image\/jpeg"}],"twitter_card":"summary_large_image","twitter_misc":{"Availability":"In stock"},"schema":{"@context":"https:\/\/schema.org","@graph":[{"@type":["WebPage","ItemPage"],"@id":"https:\/\/bolting.eu\/en\/shop\/petzl-mgo-open\/","url":"https:\/\/bolting.eu\/en\/shop\/petzl-mgo-open\/","name":"Petzl MGO open 60 & 110 - Verbindungselement | bolting.eu","isPartOf":{"@id":"https:\/\/bolting.eu\/en\/#website"},"primaryImageOfPage":{"@id":"https:\/\/bolting.eu\/en\/shop\/petzl-mgo-open\/#primaryimage"},"image":{"@id":"https:\/\/bolting.eu\/en\/shop\/petzl-mgo-open\/#primaryimage"},"thumbnailUrl":"https:\/\/bolting.eu\/wp-content\/uploads\/2025\/01\/MGO-Open-60-.jpg","datePublished":"2025-01-23T12:11:15+00:00","dateModified":"2026-04-22T14:16:41+00:00","description":"PETZL MGO OPEN 60 & 110 beim Industriekletter Profi kaufen \u2705 Trusted Shop \u2705 kostenloser Versand* \u2705 14 Tage R\u00fcckgaberecht \u2705 Co2 neutrale Zustellung","breadcrumb":{"@id":"https:\/\/bolting.eu\/en\/shop\/petzl-mgo-open\/#breadcrumb"},"inLanguage":"en-US","potentialAction":[{"@type":"ReadAction","target":["https:\/\/bolting.eu\/en\/shop\/petzl-mgo-open\/"]}]},{"@type":"ImageObject","inLanguage":"en-US","@id":"https:\/\/bolting.eu\/en\/shop\/petzl-mgo-open\/#primaryimage","url":"https:\/\/bolting.eu\/wp-content\/uploads\/2025\/01\/MGO-Open-60-.jpg","contentUrl":"https:\/\/bolting.eu\/wp-content\/uploads\/2025\/01\/MGO-Open-60-.jpg","width":700,"height":700,"caption":"Grau-silbernes Petzl MGO Open 60 Verbindungselement mit Schnapper nach links unten. Rechts oben buntes bolting.eu Logo."},{"@type":"BreadcrumbList","@id":"https:\/\/bolting.eu\/en\/shop\/petzl-mgo-open\/#breadcrumb","itemListElement":[{"@type":"ListItem","position":1,"name":"Shop","item":"https:\/\/bolting.eu\/en\/shop\/"},{"@type":"ListItem","position":2,"name":"Industrial climbing gear","item":"https:\/\/bolting.eu\/en\/produkt-kategorie\/industrial-climbing-gear\/"},{"@type":"ListItem","position":3,"name":"Verbindungselemente","item":"https:\/\/bolting.eu\/produkt-kategorie\/industriekletter-ausruestung\/verbindungselemente\/"},{"@type":"ListItem","position":4,"name":"Petzl MGO open"}]},{"@type":"WebSite","@id":"https:\/\/bolting.eu\/en\/#website","url":"https:\/\/bolting.eu\/en\/","name":"bolting.eu","description":"we make climbs happen","publisher":{"@id":"https:\/\/bolting.eu\/en\/#organization"},"potentialAction":[{"@type":"SearchAction","target":{"@type":"EntryPoint","urlTemplate":"https:\/\/bolting.eu\/en\/?s={search_term_string}"},"query-input":{"@type":"PropertyValueSpecification","valueRequired":true,"valueName":"search_term_string"}}],"inLanguage":"en-US"},{"@type":["Organization","Place","SportingGoodsStore"],"@id":"https:\/\/bolting.eu\/en\/#organization","name":"bolting.eu","url":"https:\/\/bolting.eu\/en\/","logo":{"@id":"https:\/\/bolting.eu\/en\/shop\/petzl-mgo-open\/#local-main-organization-logo"},"image":{"@id":"https:\/\/bolting.eu\/en\/shop\/petzl-mgo-open\/#local-main-organization-logo"},"sameAs":["https:\/\/www.facebook.com\/bolting.eu","https:\/\/www.instagram.com\/bolting.eu\/"],"address":{"@id":"https:\/\/bolting.eu\/en\/shop\/petzl-mgo-open\/#local-main-place-address"},"geo":{"@type":"GeoCoordinates","latitude":"47.264176340396226","longitude":"11.380109057672346"},"telephone":["+43 699 19083372"],"openingHoursSpecification":[{"@type":"OpeningHoursSpecification","dayOfWeek":["Monday","Wednesday","Friday"],"opens":"14:00","closes":"18:00"},{"@type":"OpeningHoursSpecification","dayOfWeek":["Tuesday","Thursday","Saturday","Sunday"],"opens":"00:00","closes":"00:00"}],"email":"office@bolting.eu","vatID":"ATU59999728","priceRange":"$$","currenciesAccepted":"Euro"},{"@type":"PostalAddress","@id":"https:\/\/bolting.eu\/en\/shop\/petzl-mgo-open\/#local-main-place-address","streetAddress":"Fischnalerstra\u00dfe 4","addressLocality":"Innsbruck","postalCode":"6020","addressRegion":"Tirol","addressCountry":"AT"},{"@type":"ImageObject","inLanguage":"en-US","@id":"https:\/\/bolting.eu\/en\/shop\/petzl-mgo-open\/#local-main-organization-logo","url":"https:\/\/bolting.eu\/wp-content\/uploads\/2019\/09\/bolting-logo.png","contentUrl":"https:\/\/bolting.eu\/wp-content\/uploads\/2019\/09\/bolting-logo.png","width":400,"height":211,"caption":"bolting.eu"}]},"og_availability":"instock","product_availability":"instock","product_condition":"new","geo.placename":"Innsbruck","geo.position":{"lat":"47.264176340396226","long":"11.380109057672346"},"geo.region":"Austria"},"_links":{"self":[{"href":"https:\/\/bolting.eu\/en\/wp-json\/wp\/v2\/product\/30450","targetHints":{"allow":["GET"]}}],"collection":[{"href":"https:\/\/bolting.eu\/en\/wp-json\/wp\/v2\/product"}],"about":[{"href":"https:\/\/bolting.eu\/en\/wp-json\/wp\/v2\/types\/product"}],"replies":[{"embeddable":true,"href":"https:\/\/bolting.eu\/en\/wp-json\/wp\/v2\/comments?post=30450"}],"wp:featuredmedia":[{"embeddable":true,"href":"https:\/\/bolting.eu\/en\/wp-json\/wp\/v2\/media\/30446"}],"wp:attachment":[{"href":"https:\/\/bolting.eu\/en\/wp-json\/wp\/v2\/media?parent=30450"}],"wp:term":[{"taxonomy":"product_brand","embeddable":true,"href":"https:\/\/bolting.eu\/en\/wp-json\/wp\/v2\/product_brand?post=30450"},{"taxonomy":"product_cat","embeddable":true,"href":"https:\/\/bolting.eu\/en\/wp-json\/wp\/v2\/product_cat?post=30450"},{"taxonomy":"product_tag","embeddable":true,"href":"https:\/\/bolting.eu\/en\/wp-json\/wp\/v2\/product_tag?post=30450"}],"curies":[{"name":"wp","href":"https:\/\/api.w.org\/{rel}","templated":true}]}}