{"id":30404,"date":"2025-01-21T15:14:58","date_gmt":"2025-01-21T14:14:58","guid":{"rendered":"https:\/\/bolting.eu\/?post_type=product&#038;p=30404"},"modified":"2025-01-21T15:15:00","modified_gmt":"2025-01-21T14:15:00","slug":"beal-styx-fast-auffanggurt","status":"publish","type":"product","link":"https:\/\/bolting.eu\/en\/shop\/beal-styx-fast-auffanggurt\/","title":{"rendered":"Beal Styx Fast Auffanggurt"},"content":{"rendered":"<p>Der Petzl Styx Fast ist ein ganz einfacher Auffanggurt. Hierf\u00fcr hat er ein simples aber auch kosteng\u00fcnstiges Design.<\/p>\n<p>Was dieses Produkt auszeichnet ist erstens der tolle Preis. Zweitens seine Uni Gr\u00f6\u00dfe. Denn er reicht von S bis XL.<\/p>\n<p>Und drittens die Bedienerfreundlichkeit. Der Gurt ist durch die Farbmarkierungen extrem leicht zu bedienen.<\/p>\n<p>Mit den zwei Anh\u00e4ngepunkten erf\u00fcllt er die EN 361 Norm. Somit ist er ideal die normgerecht im Bereich Absturzsicherung arbeiten wollen.<\/p>\n<p>Fazit. Ein klasse Auffanggurt f\u00fcr gelegentliche Arbeiten oder viele m\u00f6gliche Nutzer. Sollte in der <a href=\"https:\/\/bolting.eu\/produkt-kategorie\/industriekletter-ausruestung\/\">Industriekletter Ausr\u00fcstung<\/a> von Kleinbetrieben nicht fehlen!<\/p>\n<h2>Eigenschaften Beal Styx Fast<\/h2>\n<ul>\n<li>Hersteller: <a href=\"https:\/\/bolting.eu\/produkt-kategorie\/beal\/\">Beal<\/a><\/li>\n<li>Material: Polyamid, Stahl, PVC<\/li>\n<li>Gr\u00f6\u00dfe: <strong>UNI S &#8211; XL (160-195cm)<\/strong><\/li>\n<li>Gewicht: 1.25kg<\/li>\n<li>Normen: EN 361<\/li>\n<li>einfacher Auffanggurt<\/li>\n<li>2 Aufh\u00e4ngepunkte: Brust und R\u00fccken<\/li>\n<li>farblich unterschiedliche Beinschlaufen<\/li>\n<li>farblich unterschiedliche Einbindeschlaufen an der Brust<\/li>\n<li>2 Materialschlaufen<\/li>\n<li>kompatibel mit Styxbelt H\u00fcftgurt (macht Auffanggurt zu Industrieklettergurt f\u00fcr frei h\u00e4ngende Arbeiten)<\/li>\n<li>Schlaufen am R\u00fccken f\u00fcr <a href=\"https:\/\/bolting.eu\/shop\/beal-air-leash-werkzeughalterung\/\">Air Leash<\/a> bzw. <a href=\"https:\/\/bolting.eu\/shop\/beal-tool-bucket\/\">Tool Bucket<\/a><\/li>\n<li><a href=\"https:\/\/eu.beal-planet.com\/en\/products\/styx-fast?_pos=1&amp;_sid=351e6520d&amp;_ss=r&amp;_gl=1*e67kjp*_up*MQ..*_ga*OTk5OTMyODA4LjE3Mzc0NjE2ODY.*_ga_14C373PP8C*MTczNzQ2MTY4Ni4xLjEuMTczNzQ2MTY5MS4wLjAuMA..#:~:text=Notice-,Download,-Declaration%20of%20conformity\" target=\"_blank\" rel=\"noopener\">Bedienungsanleitung<\/a><\/li>\n<\/ul>\n<h3>Idealer Uni Size Auffanggurt<\/h3>\n<p>Die St\u00e4rke des Styx Fast von Beal liegt in der Vielseitigkeit. Denn durch die Uni Gr\u00f6\u00dfe S-XL k\u00f6nnt ihr ihn f\u00fcr viele unterschiedliche Personen (160 &#8211; 195cm K\u00f6rpergr\u00f6\u00dfe) verwenden.<\/p>\n<p>Somit lassen sich viele Baustellen auf D\u00e4chern, Simsen oder auf Hebeb\u00fchnen abdecken. Die beiden Aufh\u00e4ngenpunkte an Brust und R\u00fccken sorgen f\u00fcr EN 361 normgerechtes Arbeiten.<\/p>\n<h3>Erg\u00e4nzung mit H\u00fcftgurt m\u00f6glich<\/h3>\n<p>Den Styx Fast k\u00f6nnt ihr mit dem gleichnamigen H\u00fcftgurt kombinieren.<\/p>\n<p>Somit wird aus einem Auffanggurt ein Industrieklettergurt f\u00fcr langandauernde und frei h\u00e4ngende Arbeiten.<\/p>\n<p>Folglich erlaubt er auch die Nutzung der seitlichen Positionierungsringe.<\/p>\n<figure id=\"attachment_30413\" aria-describedby=\"caption-attachment-30413\" style=\"width: 400px\" class=\"wp-caption alignnone\"><a href=\"https:\/\/bolting.eu\/wp-content\/uploads\/2025\/01\/Beal-Styx-Fast-3.jpg\"><img loading=\"lazy\" decoding=\"async\" class=\"wp-image-30413 size-medium\" src=\"https:\/\/bolting.eu\/wp-content\/uploads\/2025\/01\/Beal-Styx-Fast-3-400x400.jpg\" alt=\"Schwarz gelber Beal Styx Fast Auffanggurt inklusive H\u00fcftgurt von vorne.\" width=\"400\" height=\"400\" srcset=\"https:\/\/bolting.eu\/wp-content\/uploads\/2025\/01\/Beal-Styx-Fast-3-400x400.jpg 400w, https:\/\/bolting.eu\/wp-content\/uploads\/2025\/01\/Beal-Styx-Fast-3-280x280.jpg 280w, https:\/\/bolting.eu\/wp-content\/uploads\/2025\/01\/Beal-Styx-Fast-3-247x247.jpg 247w, https:\/\/bolting.eu\/wp-content\/uploads\/2025\/01\/Beal-Styx-Fast-3-510x510.jpg 510w, https:\/\/bolting.eu\/wp-content\/uploads\/2025\/01\/Beal-Styx-Fast-3-100x100.jpg 100w, https:\/\/bolting.eu\/wp-content\/uploads\/2025\/01\/Beal-Styx-Fast-3.jpg 700w\" sizes=\"auto, (max-width: 400px) 100vw, 400px\" \/><\/a><figcaption id=\"caption-attachment-30413\" class=\"wp-caption-text\">Mit dem &#8220;Belt&#8221; H\u00fcftgurt wird aus dem Auffanggurt ein Industrieklettergurt.<\/figcaption><\/figure>\n","protected":false},"excerpt":{"rendered":"<p>Simpler und preiswerter Auffanggurt in Unigr\u00f6\u00dfe S-XL (160-195cm K\u00f6rpergr\u00f6\u00dfe). F\u00fcr En 361 normgerechtes Arbeiten auf D\u00e4chern, Simsen, Hebeb\u00fchnen, usw&#8230;<\/p>\n<p>Ideal f\u00fcr kleine Betriebe wo viele unterschiedliche Personen damit arbeiten.<\/p>\n<p>Versandkostenfrei bis 2kg in\u00a0<img decoding=\"async\" class=\"emoji\" role=\"img\" draggable=\"false\" src=\"https:\/\/s.w.org\/images\/core\/emoji\/14.0.0\/svg\/1f1e6-1f1f9.svg\" alt=\"\ud83c\udde6\ud83c\uddf9\" \/>\u00a0ab \u20ac 100,- und\u00a0<img decoding=\"async\" class=\"emoji\" role=\"img\" draggable=\"false\" src=\"https:\/\/s.w.org\/images\/core\/emoji\/14.0.0\/svg\/1f1e9-1f1ea.svg\" alt=\"\ud83c\udde9\ud83c\uddea\" \/>\u00a0ab \u20ac 200,-!<\/p>\n","protected":false},"featured_media":30411,"comment_status":"closed","ping_status":"closed","template":"","meta":[],"product_brand":[],"product_cat":[4663,14513,14689],"product_tag":[],"class_list":{"0":"post-30404","1":"product","2":"type-product","3":"status-publish","4":"has-post-thumbnail","6":"product_cat-beal","7":"product_cat-industriekletter-ausruestung","8":"product_cat-industrieklettergurt","10":"first","11":"instock","12":"taxable","13":"shipping-taxable","14":"purchasable","15":"product-type-simple"},"yoast_head":"<!-- This site is optimized with the Yoast SEO Premium plugin v26.9 (Yoast SEO v26.9) - https:\/\/yoast.com\/product\/yoast-seo-premium-wordpress\/ -->\n<title>Beal Styx Fast Auffanggurt online kaufen | bolting.eu<\/title>\n<meta name=\"description\" content=\"Beal Styx Fast Auffanggurt beim Industriekletter Profi kaufen \u2705 Trusted Shop \u2705 kostenloser Versand* \u2705 14 Tage R\u00fcckgaberecht \u2705 Co2 neutrale Zustellung\" \/>\n<meta name=\"robots\" content=\"index, follow, max-snippet:-1, max-image-preview:large, max-video-preview:-1\" \/>\n<link rel=\"canonical\" href=\"https:\/\/bolting.eu\/en\/shop\/beal-styx-fast-auffanggurt\/\" \/>\n<meta property=\"og:locale\" content=\"en_US\" \/>\n<meta property=\"og:type\" content=\"article\" \/>\n<meta property=\"og:title\" content=\"Beal Styx Fast Auffanggurt\" \/>\n<meta property=\"og:description\" content=\"Beal Styx Fast Auffanggurt beim Industriekletter Profi kaufen \u2705 Trusted Shop \u2705 kostenloser Versand* \u2705 14 Tage R\u00fcckgaberecht \u2705 Co2 neutrale Zustellung\" \/>\n<meta property=\"og:url\" content=\"https:\/\/bolting.eu\/en\/shop\/beal-styx-fast-auffanggurt\/\" \/>\n<meta property=\"og:site_name\" content=\"bolting.eu\" \/>\n<meta property=\"article:publisher\" content=\"https:\/\/www.facebook.com\/bolting.eu\" \/>\n<meta property=\"article:modified_time\" content=\"2025-01-21T14:15:00+00:00\" \/>\n<meta property=\"og:image\" content=\"https:\/\/bolting.eu\/wp-content\/uploads\/2025\/01\/Beal-Styx-Fast-1.jpg\" \/>\n\t<meta property=\"og:image:width\" content=\"700\" \/>\n\t<meta property=\"og:image:height\" content=\"700\" \/>\n\t<meta property=\"og:image:type\" content=\"image\/jpeg\" \/>\n<meta name=\"twitter:card\" content=\"summary_large_image\" \/>\n<meta name=\"twitter:label1\" content=\"Price\" \/>\n\t<meta name=\"twitter:data1\" content=\"&euro;&nbsp;99,90\" \/>\n\t<meta name=\"twitter:label2\" content=\"Availability\" \/>\n\t<meta name=\"twitter:data2\" content=\"In stock\" \/>\n<script type=\"application\/ld+json\" class=\"yoast-schema-graph\">{\"@context\":\"https:\/\/schema.org\",\"@graph\":[{\"@type\":[\"WebPage\",\"ItemPage\"],\"@id\":\"https:\/\/bolting.eu\/en\/shop\/beal-styx-fast-auffanggurt\/\",\"url\":\"https:\/\/bolting.eu\/en\/shop\/beal-styx-fast-auffanggurt\/\",\"name\":\"Beal Styx Fast Auffanggurt online kaufen | bolting.eu\",\"isPartOf\":{\"@id\":\"https:\/\/bolting.eu\/en\/#website\"},\"primaryImageOfPage\":{\"@id\":\"https:\/\/bolting.eu\/en\/shop\/beal-styx-fast-auffanggurt\/#primaryimage\"},\"image\":{\"@id\":\"https:\/\/bolting.eu\/en\/shop\/beal-styx-fast-auffanggurt\/#primaryimage\"},\"thumbnailUrl\":\"https:\/\/bolting.eu\/wp-content\/uploads\/2025\/01\/Beal-Styx-Fast-1.jpg\",\"datePublished\":\"2025-01-21T14:14:58+00:00\",\"dateModified\":\"2025-01-21T14:15:00+00:00\",\"description\":\"Beal Styx Fast Auffanggurt beim Industriekletter Profi kaufen \u2705 Trusted Shop \u2705 kostenloser Versand* \u2705 14 Tage R\u00fcckgaberecht \u2705 Co2 neutrale Zustellung\",\"breadcrumb\":{\"@id\":\"https:\/\/bolting.eu\/en\/shop\/beal-styx-fast-auffanggurt\/#breadcrumb\"},\"inLanguage\":\"en-US\",\"potentialAction\":[{\"@type\":\"ReadAction\",\"target\":[\"https:\/\/bolting.eu\/en\/shop\/beal-styx-fast-auffanggurt\/\"]}]},{\"@type\":\"ImageObject\",\"inLanguage\":\"en-US\",\"@id\":\"https:\/\/bolting.eu\/en\/shop\/beal-styx-fast-auffanggurt\/#primaryimage\",\"url\":\"https:\/\/bolting.eu\/wp-content\/uploads\/2025\/01\/Beal-Styx-Fast-1.jpg\",\"contentUrl\":\"https:\/\/bolting.eu\/wp-content\/uploads\/2025\/01\/Beal-Styx-Fast-1.jpg\",\"width\":700,\"height\":700,\"caption\":\"Schwarz gelber Beal Styx Fast Auffanggurt von vorne.\"},{\"@type\":\"BreadcrumbList\",\"@id\":\"https:\/\/bolting.eu\/en\/shop\/beal-styx-fast-auffanggurt\/#breadcrumb\",\"itemListElement\":[{\"@type\":\"ListItem\",\"position\":1,\"name\":\"Shop\",\"item\":\"https:\/\/bolting.eu\/en\/shop\/\"},{\"@type\":\"ListItem\",\"position\":2,\"name\":\"Industrial climbing gear\",\"item\":\"https:\/\/bolting.eu\/en\/produkt-kategorie\/industrial-climbing-gear\/\"},{\"@type\":\"ListItem\",\"position\":3,\"name\":\"Industrieklettergurt\",\"item\":\"https:\/\/bolting.eu\/produkt-kategorie\/industriekletter-ausruestung\/industrieklettergurt\/\"},{\"@type\":\"ListItem\",\"position\":4,\"name\":\"Beal Styx Fast Auffanggurt\"}]},{\"@type\":\"WebSite\",\"@id\":\"https:\/\/bolting.eu\/en\/#website\",\"url\":\"https:\/\/bolting.eu\/en\/\",\"name\":\"bolting.eu\",\"description\":\"we make climbs happen\",\"publisher\":{\"@id\":\"https:\/\/bolting.eu\/en\/#organization\"},\"potentialAction\":[{\"@type\":\"SearchAction\",\"target\":{\"@type\":\"EntryPoint\",\"urlTemplate\":\"https:\/\/bolting.eu\/en\/?s={search_term_string}\"},\"query-input\":{\"@type\":\"PropertyValueSpecification\",\"valueRequired\":true,\"valueName\":\"search_term_string\"}}],\"inLanguage\":\"en-US\"},{\"@type\":[\"Organization\",\"Place\",\"SportingGoodsStore\"],\"@id\":\"https:\/\/bolting.eu\/en\/#organization\",\"name\":\"bolting.eu\",\"url\":\"https:\/\/bolting.eu\/en\/\",\"logo\":{\"@id\":\"https:\/\/bolting.eu\/en\/shop\/beal-styx-fast-auffanggurt\/#local-main-organization-logo\"},\"image\":{\"@id\":\"https:\/\/bolting.eu\/en\/shop\/beal-styx-fast-auffanggurt\/#local-main-organization-logo\"},\"sameAs\":[\"https:\/\/www.facebook.com\/bolting.eu\",\"https:\/\/www.instagram.com\/bolting.eu\/\"],\"address\":{\"@id\":\"https:\/\/bolting.eu\/en\/shop\/beal-styx-fast-auffanggurt\/#local-main-place-address\"},\"geo\":{\"@type\":\"GeoCoordinates\",\"latitude\":\"47.264176340396226\",\"longitude\":\"11.380109057672346\"},\"telephone\":[\"+43 699 19083372\"],\"openingHoursSpecification\":[{\"@type\":\"OpeningHoursSpecification\",\"dayOfWeek\":[\"Monday\",\"Wednesday\",\"Friday\"],\"opens\":\"14:00\",\"closes\":\"18:00\"},{\"@type\":\"OpeningHoursSpecification\",\"dayOfWeek\":[\"Tuesday\",\"Thursday\",\"Saturday\",\"Sunday\"],\"opens\":\"00:00\",\"closes\":\"00:00\"}],\"email\":\"office@bolting.eu\",\"vatID\":\"ATU59999728\",\"priceRange\":\"$$\",\"currenciesAccepted\":\"Euro\"},{\"@type\":\"PostalAddress\",\"@id\":\"https:\/\/bolting.eu\/en\/shop\/beal-styx-fast-auffanggurt\/#local-main-place-address\",\"streetAddress\":\"Fischnalerstra\u00dfe 4\",\"addressLocality\":\"Innsbruck\",\"postalCode\":\"6020\",\"addressRegion\":\"Tirol\",\"addressCountry\":\"AT\"},{\"@type\":\"ImageObject\",\"inLanguage\":\"en-US\",\"@id\":\"https:\/\/bolting.eu\/en\/shop\/beal-styx-fast-auffanggurt\/#local-main-organization-logo\",\"url\":\"https:\/\/bolting.eu\/wp-content\/uploads\/2019\/09\/bolting-logo.png\",\"contentUrl\":\"https:\/\/bolting.eu\/wp-content\/uploads\/2019\/09\/bolting-logo.png\",\"width\":400,\"height\":211,\"caption\":\"bolting.eu\"}]}<\/script>\n<meta property=\"product:price:amount\" content=\"99.90\" \/>\n<meta property=\"product:price:currency\" content=\"EUR\" \/>\n<meta property=\"og:availability\" content=\"instock\" \/>\n<meta property=\"product:availability\" content=\"instock\" \/>\n<meta property=\"product:retailer_item_id\" content=\"STYXFAST\" \/>\n<meta property=\"product:condition\" content=\"new\" \/>\n<meta name=\"geo.placename\" content=\"Innsbruck\" \/>\n<meta name=\"geo.position\" content=\"47.264176340396226;11.380109057672346\" \/>\n<meta name=\"geo.region\" content=\"Austria\" \/>\n<!-- \/ Yoast SEO Premium plugin. -->","yoast_head_json":{"title":"Beal Styx Fast Auffanggurt online kaufen | bolting.eu","description":"Beal Styx Fast Auffanggurt beim Industriekletter Profi kaufen \u2705 Trusted Shop \u2705 kostenloser Versand* \u2705 14 Tage R\u00fcckgaberecht \u2705 Co2 neutrale Zustellung","robots":{"index":"index","follow":"follow","max-snippet":"max-snippet:-1","max-image-preview":"max-image-preview:large","max-video-preview":"max-video-preview:-1"},"canonical":"https:\/\/bolting.eu\/en\/shop\/beal-styx-fast-auffanggurt\/","og_locale":"en_US","og_type":"article","og_title":"Beal Styx Fast Auffanggurt","og_description":"Beal Styx Fast Auffanggurt beim Industriekletter Profi kaufen \u2705 Trusted Shop \u2705 kostenloser Versand* \u2705 14 Tage R\u00fcckgaberecht \u2705 Co2 neutrale Zustellung","og_url":"https:\/\/bolting.eu\/en\/shop\/beal-styx-fast-auffanggurt\/","og_site_name":"bolting.eu","article_publisher":"https:\/\/www.facebook.com\/bolting.eu","article_modified_time":"2025-01-21T14:15:00+00:00","og_image":[{"width":700,"height":700,"url":"https:\/\/bolting.eu\/wp-content\/uploads\/2025\/01\/Beal-Styx-Fast-1.jpg","type":"image\/jpeg"}],"twitter_card":"summary_large_image","twitter_misc":{"Price":"&euro;&nbsp;99,90","Availability":"In stock"},"schema":{"@context":"https:\/\/schema.org","@graph":[{"@type":["WebPage","ItemPage"],"@id":"https:\/\/bolting.eu\/en\/shop\/beal-styx-fast-auffanggurt\/","url":"https:\/\/bolting.eu\/en\/shop\/beal-styx-fast-auffanggurt\/","name":"Beal Styx Fast Auffanggurt online kaufen | bolting.eu","isPartOf":{"@id":"https:\/\/bolting.eu\/en\/#website"},"primaryImageOfPage":{"@id":"https:\/\/bolting.eu\/en\/shop\/beal-styx-fast-auffanggurt\/#primaryimage"},"image":{"@id":"https:\/\/bolting.eu\/en\/shop\/beal-styx-fast-auffanggurt\/#primaryimage"},"thumbnailUrl":"https:\/\/bolting.eu\/wp-content\/uploads\/2025\/01\/Beal-Styx-Fast-1.jpg","datePublished":"2025-01-21T14:14:58+00:00","dateModified":"2025-01-21T14:15:00+00:00","description":"Beal Styx Fast Auffanggurt beim Industriekletter Profi kaufen \u2705 Trusted Shop \u2705 kostenloser Versand* \u2705 14 Tage R\u00fcckgaberecht \u2705 Co2 neutrale Zustellung","breadcrumb":{"@id":"https:\/\/bolting.eu\/en\/shop\/beal-styx-fast-auffanggurt\/#breadcrumb"},"inLanguage":"en-US","potentialAction":[{"@type":"ReadAction","target":["https:\/\/bolting.eu\/en\/shop\/beal-styx-fast-auffanggurt\/"]}]},{"@type":"ImageObject","inLanguage":"en-US","@id":"https:\/\/bolting.eu\/en\/shop\/beal-styx-fast-auffanggurt\/#primaryimage","url":"https:\/\/bolting.eu\/wp-content\/uploads\/2025\/01\/Beal-Styx-Fast-1.jpg","contentUrl":"https:\/\/bolting.eu\/wp-content\/uploads\/2025\/01\/Beal-Styx-Fast-1.jpg","width":700,"height":700,"caption":"Schwarz gelber Beal Styx Fast Auffanggurt von vorne."},{"@type":"BreadcrumbList","@id":"https:\/\/bolting.eu\/en\/shop\/beal-styx-fast-auffanggurt\/#breadcrumb","itemListElement":[{"@type":"ListItem","position":1,"name":"Shop","item":"https:\/\/bolting.eu\/en\/shop\/"},{"@type":"ListItem","position":2,"name":"Industrial climbing gear","item":"https:\/\/bolting.eu\/en\/produkt-kategorie\/industrial-climbing-gear\/"},{"@type":"ListItem","position":3,"name":"Industrieklettergurt","item":"https:\/\/bolting.eu\/produkt-kategorie\/industriekletter-ausruestung\/industrieklettergurt\/"},{"@type":"ListItem","position":4,"name":"Beal Styx Fast Auffanggurt"}]},{"@type":"WebSite","@id":"https:\/\/bolting.eu\/en\/#website","url":"https:\/\/bolting.eu\/en\/","name":"bolting.eu","description":"we make climbs happen","publisher":{"@id":"https:\/\/bolting.eu\/en\/#organization"},"potentialAction":[{"@type":"SearchAction","target":{"@type":"EntryPoint","urlTemplate":"https:\/\/bolting.eu\/en\/?s={search_term_string}"},"query-input":{"@type":"PropertyValueSpecification","valueRequired":true,"valueName":"search_term_string"}}],"inLanguage":"en-US"},{"@type":["Organization","Place","SportingGoodsStore"],"@id":"https:\/\/bolting.eu\/en\/#organization","name":"bolting.eu","url":"https:\/\/bolting.eu\/en\/","logo":{"@id":"https:\/\/bolting.eu\/en\/shop\/beal-styx-fast-auffanggurt\/#local-main-organization-logo"},"image":{"@id":"https:\/\/bolting.eu\/en\/shop\/beal-styx-fast-auffanggurt\/#local-main-organization-logo"},"sameAs":["https:\/\/www.facebook.com\/bolting.eu","https:\/\/www.instagram.com\/bolting.eu\/"],"address":{"@id":"https:\/\/bolting.eu\/en\/shop\/beal-styx-fast-auffanggurt\/#local-main-place-address"},"geo":{"@type":"GeoCoordinates","latitude":"47.264176340396226","longitude":"11.380109057672346"},"telephone":["+43 699 19083372"],"openingHoursSpecification":[{"@type":"OpeningHoursSpecification","dayOfWeek":["Monday","Wednesday","Friday"],"opens":"14:00","closes":"18:00"},{"@type":"OpeningHoursSpecification","dayOfWeek":["Tuesday","Thursday","Saturday","Sunday"],"opens":"00:00","closes":"00:00"}],"email":"office@bolting.eu","vatID":"ATU59999728","priceRange":"$$","currenciesAccepted":"Euro"},{"@type":"PostalAddress","@id":"https:\/\/bolting.eu\/en\/shop\/beal-styx-fast-auffanggurt\/#local-main-place-address","streetAddress":"Fischnalerstra\u00dfe 4","addressLocality":"Innsbruck","postalCode":"6020","addressRegion":"Tirol","addressCountry":"AT"},{"@type":"ImageObject","inLanguage":"en-US","@id":"https:\/\/bolting.eu\/en\/shop\/beal-styx-fast-auffanggurt\/#local-main-organization-logo","url":"https:\/\/bolting.eu\/wp-content\/uploads\/2019\/09\/bolting-logo.png","contentUrl":"https:\/\/bolting.eu\/wp-content\/uploads\/2019\/09\/bolting-logo.png","width":400,"height":211,"caption":"bolting.eu"}]},"product_price_amount":"99.90","product_price_currency":"EUR","og_availability":"instock","product_availability":"instock","product_retailer_item_id":"STYXFAST","product_condition":"new","geo.placename":"Innsbruck","geo.position":{"lat":"47.264176340396226","long":"11.380109057672346"},"geo.region":"Austria"},"_links":{"self":[{"href":"https:\/\/bolting.eu\/en\/wp-json\/wp\/v2\/product\/30404","targetHints":{"allow":["GET"]}}],"collection":[{"href":"https:\/\/bolting.eu\/en\/wp-json\/wp\/v2\/product"}],"about":[{"href":"https:\/\/bolting.eu\/en\/wp-json\/wp\/v2\/types\/product"}],"replies":[{"embeddable":true,"href":"https:\/\/bolting.eu\/en\/wp-json\/wp\/v2\/comments?post=30404"}],"wp:featuredmedia":[{"embeddable":true,"href":"https:\/\/bolting.eu\/en\/wp-json\/wp\/v2\/media\/30411"}],"wp:attachment":[{"href":"https:\/\/bolting.eu\/en\/wp-json\/wp\/v2\/media?parent=30404"}],"wp:term":[{"taxonomy":"product_brand","embeddable":true,"href":"https:\/\/bolting.eu\/en\/wp-json\/wp\/v2\/product_brand?post=30404"},{"taxonomy":"product_cat","embeddable":true,"href":"https:\/\/bolting.eu\/en\/wp-json\/wp\/v2\/product_cat?post=30404"},{"taxonomy":"product_tag","embeddable":true,"href":"https:\/\/bolting.eu\/en\/wp-json\/wp\/v2\/product_tag?post=30404"}],"curies":[{"name":"wp","href":"https:\/\/api.w.org\/{rel}","templated":true}]}}