{"id":30386,"date":"2025-02-17T12:23:47","date_gmt":"2025-02-17T11:23:47","guid":{"rendered":"https:\/\/bolting.eu\/?post_type=product&#038;p=30386"},"modified":"2026-03-25T18:06:54","modified_gmt":"2026-03-25T17:06:54","slug":"singing-rock-stahlschlinge-i","status":"publish","type":"product","link":"https:\/\/bolting.eu\/en\/shop\/singing-rock-stahlschlinge-i\/","title":{"rendered":"Singing Rock Stahlschlinge &#8220;I&#8221;"},"content":{"rendered":"<p>Die Singing Rock Stahlschlinge ist ein extrem robustes <a href=\"https:\/\/bolting.eu\/produkt-kategorie\/industriekletter-ausruestung\/verbindungsmittel\/\">Verbindungsmittel<\/a> \/ Anschlagpunkt in drei L\u00e4ngen. Denn dank des Stahldrahts kann man es auch mit sch\u00e4rfsten Maschinen und zum Schwei\u00dfen verwenden.<\/p>\n<p>Hierf\u00fcr besteht die Schlinge aus einem 8mm Stahldraht. An diesem werden dann zwei fixe \u00d6sen verpresst. Hierin passen alle g\u00e4ngigen Verbindungselemente. Wie z.B. der beliebte <a href=\"https:\/\/bolting.eu\/shop\/petzl-vulcan-stahlkarabiner\/\">Petzl Vulcan Stahlkarabiner<\/a>.<\/p>\n<p>Die gesamte Konstruktion wird abschlie\u00dfend mit einem Gummischlauch umh\u00fcllt. Somit besteht ein weiterer Schutz vor unabsichtlicher Besch\u00e4digung.<\/p>\n<p>Fazit: unentbehrlich f\u00fcr eine <a href=\"https:\/\/bolting.eu\/produkt-kategorie\/industriekletter-ausruestung\/\">Industriekletter Ausr\u00fcstung<\/a> wenn Motors\u00e4gen, Seitenschneider oder Schwei\u00dfger\u00e4te mit im Spiel sind.<\/p>\n<h2>Eigenschaften Singing Rock Stahlschlinge &#8220;I&#8221;<\/h2>\n<ul>\n<li>Hersteller: <a href=\"https:\/\/bolting.eu\/produkt-kategorie\/singing-rock\/\">Singing Rock<\/a><\/li>\n<li>Material Stahldraht: verzinkter Stahl<\/li>\n<li>Material H\u00fclle: PVC<\/li>\n<li>L\u00e4ngen \/ Farben: 100cm \/ gelb; 130cm \/ blau, 180cm \/ rot<\/li>\n<li>Normen: EN 354, EN 795B, CE 1019<\/li>\n<li>2 fixe \u00d6sen<\/li>\n<li>Bruchlast 15 kN<\/li>\n<li>Verbindungsmittel \/ Anschlagpunkt aus Stahldraht<\/li>\n<li>f\u00fcr Arbeiten mit scharfen Maschinen wie Motors\u00e4gen oder Seitenschneidern<\/li>\n<li>ideal f\u00fcr Baumpflege<\/li>\n<li>ideal als Anschlagpunkt bei scharfen Strukturen wie z.B. Stahltr\u00e4gern<\/li>\n<li>empfohlener Karabiner: <a href=\"https:\/\/bolting.eu\/shop\/petzl-oxan-stahlkarabiner\/\">Petzl Oxan<\/a><\/li>\n<li><a href=\"https:\/\/www.singingrock.com\/steel-lanyard#:~:text=PDF%20%2D%200%2C3%20MB-,instructions%20of%20use,-PDF%20%2D%200%2C3%20MB\">Bedienungsanleitung<\/a><\/li>\n<\/ul>\n<h3>Gef\u00e4hrliche Ger\u00e4te und Werkzeuge<\/h3>\n<p>Sind scharfe Werkzeuge oder Ger\u00e4te im Einsatz, hei\u00dft es &#8220;OBACHT!&#8221;. Dann sind die &#8220;I&#8221; Stahlschlingen eine sichere Option wenn es um Verbindungsmittel geht.<\/p>\n<p>Denn dieses Produkt ist besonders gut gegen ein Durchschneiden gesch\u00fctzt. zum einen durch den 8mm Stahldraht. Und zum anderen auch durch den dicken PVC Schlauch.<\/p>\n<p>Diese Kombination macht ein unabsichtliches Durchtrennen fast unm\u00f6glich!<\/p>\n<h3>Scharfe Strukturen<\/h3>\n<p>Manche Strukturen sind f\u00fcr textile <a href=\"https:\/\/bolting.eu\/produkt-kategorie\/industriekletter-ausruestung\/seilschlingen\/\">Seilschlingen<\/a> als Anschlagspunkt ungeeignet. Wie z.B. scharfe Stahltr\u00e4ger oder hei\u00dfe Rohre.<\/p>\n<p>Hier braucht es eine passende Alternative wie eben die hier vorgestellten Schlingen aus Stahldraht.<\/p>\n<h3>Singing Rock Stahlschlinge &#8220;I&#8221; = 3 L\u00e4ngen<\/h3>\n<p>Mit 100cm, 130cm und 180cm stehen drei L\u00e4ngen zur Auswahl.<\/p>\n<p>Somit sollte jeder eine passende Alternative f\u00fcr seine Anwendung finden.<\/p>\n<p>100cm: Runds\u00e4ulen bis max ca. 15cm \/ Ecks\u00e4ulen bis ca. 20cm<\/p>\n<p>130cm: Runds\u00e4ulen bis max ca. 20cm \/ Ecks\u00e4ulen bis ca. 30cm<\/p>\n<p>180cm: Runds\u00e4ulen bis max ca. 25cm \/ Ecks\u00e4ulen bis ca. 40cm<\/p>\n<p><a href=\"https:\/\/bolting.eu\/wp-content\/uploads\/2025\/01\/Singing-Rock-Stahlschlinge-i-6.jpg\"><img loading=\"lazy\" decoding=\"async\" class=\"alignnone size-full wp-image-30387\" src=\"https:\/\/bolting.eu\/wp-content\/uploads\/2025\/01\/Singing-Rock-Stahlschlinge-i-6.jpg\" alt=\"Grafik mit den drei L\u00e4ngen der Singing Rock Stahlschlinge &quot;i&quot; mit gelben, blauen und roten \u00d6sen sowie Beschriftung.\" width=\"1024\" height=\"512\" srcset=\"https:\/\/bolting.eu\/wp-content\/uploads\/2025\/01\/Singing-Rock-Stahlschlinge-i-6.jpg 1024w, https:\/\/bolting.eu\/wp-content\/uploads\/2025\/01\/Singing-Rock-Stahlschlinge-i-6-800x400.jpg 800w, https:\/\/bolting.eu\/wp-content\/uploads\/2025\/01\/Singing-Rock-Stahlschlinge-i-6-768x384.jpg 768w, https:\/\/bolting.eu\/wp-content\/uploads\/2025\/01\/Singing-Rock-Stahlschlinge-i-6-510x255.jpg 510w, https:\/\/bolting.eu\/wp-content\/uploads\/2025\/01\/Singing-Rock-Stahlschlinge-i-6-100x50.jpg 100w\" sizes=\"auto, (max-width: 1024px) 100vw, 1024px\" \/><\/a><\/p>\n","protected":false},"excerpt":{"rendered":"<p>Stahlschlinge mit zwei fixen \u00d6sen in drei L\u00e4ngen: 100cm, 130cm, 180cm.<\/p>\n<p>Ideal als Verbindungsmittel, wenn scharfe Ger\u00e4te wie z.B. Motors\u00e4ge im Spiel sind. Oder als Anschlagpunkt bei scharfen Strukturen, wie z.B. Stahltr\u00e4gern.<\/p>\n<p>Versandkostenfrei bis 2kg in <img decoding=\"async\" class=\"emoji\" role=\"img\" draggable=\"false\" src=\"https:\/\/s.w.org\/images\/core\/emoji\/14.0.0\/svg\/1f1e6-1f1f9.svg\" alt=\"\ud83c\udde6\ud83c\uddf9\" \/> ab \u20ac 100,- und <img decoding=\"async\" class=\"emoji\" role=\"img\" draggable=\"false\" src=\"https:\/\/s.w.org\/images\/core\/emoji\/14.0.0\/svg\/1f1e9-1f1ea.svg\" alt=\"\ud83c\udde9\ud83c\uddea\" \/> ab \u20ac 200,-!<\/p>\n","protected":false},"featured_media":30395,"comment_status":"closed","ping_status":"closed","template":"","meta":[],"product_brand":[],"product_cat":[14843,14842,14942],"product_tag":[],"class_list":{"0":"post-30386","1":"product","2":"type-product","3":"status-publish","4":"has-post-thumbnail","6":"product_cat-lifting-gear","7":"product_cat-industrial-climbing-gear","8":"product_cat-lanyard","10":"first","11":"instock","12":"taxable","13":"shipping-taxable","14":"purchasable","15":"product-type-variable"},"yoast_head":"<!-- This site is optimized with the Yoast SEO Premium plugin v26.9 (Yoast SEO v26.9) - https:\/\/yoast.com\/product\/yoast-seo-premium-wordpress\/ -->\n<title>Singing Rock Stahlschlinge &quot;I&quot; online kaufen | bolting.eu<\/title>\n<meta name=\"description\" content=\"Singing Rock Stahlschlinge &quot;I&quot; beim Industriekletter Profi kaufen \u2705 Trusted Shop \u2705 kostenloser Versand* \u2705 14 Tage R\u00fcckgaberecht \u2705 Co2 neutrale Zustellung\" \/>\n<meta name=\"robots\" content=\"index, follow, max-snippet:-1, max-image-preview:large, max-video-preview:-1\" \/>\n<link rel=\"canonical\" href=\"https:\/\/bolting.eu\/en\/shop\/singing-rock-stahlschlinge-i\/\" \/>\n<meta property=\"og:locale\" content=\"en_US\" \/>\n<meta property=\"og:type\" content=\"article\" \/>\n<meta property=\"og:title\" content=\"Singing Rock Stahlschlinge &quot;I&quot;\" \/>\n<meta property=\"og:description\" content=\"Singing Rock Stahlschlinge &quot;I&quot; beim Industriekletter Profi kaufen \u2705 Trusted Shop \u2705 kostenloser Versand* \u2705 14 Tage R\u00fcckgaberecht \u2705 Co2 neutrale Zustellung\" \/>\n<meta property=\"og:url\" content=\"https:\/\/bolting.eu\/en\/shop\/singing-rock-stahlschlinge-i\/\" \/>\n<meta property=\"og:site_name\" content=\"bolting.eu\" \/>\n<meta property=\"article:publisher\" content=\"https:\/\/www.facebook.com\/bolting.eu\" \/>\n<meta property=\"article:modified_time\" content=\"2026-03-25T17:06:54+00:00\" \/>\n<meta property=\"og:image\" content=\"https:\/\/bolting.eu\/wp-content\/uploads\/2025\/01\/Singing-Rock-Stahlkabel-i-2.jpg\" \/>\n\t<meta property=\"og:image:width\" content=\"700\" \/>\n\t<meta property=\"og:image:height\" content=\"700\" \/>\n\t<meta property=\"og:image:type\" content=\"image\/jpeg\" \/>\n<meta name=\"twitter:card\" content=\"summary_large_image\" \/>\n<meta name=\"twitter:label1\" content=\"Availability\" \/>\n\t<meta name=\"twitter:data1\" content=\"In stock\" \/>\n<script type=\"application\/ld+json\" class=\"yoast-schema-graph\">{\"@context\":\"https:\/\/schema.org\",\"@graph\":[{\"@type\":[\"WebPage\",\"ItemPage\"],\"@id\":\"https:\/\/bolting.eu\/en\/shop\/singing-rock-stahlschlinge-i\/\",\"url\":\"https:\/\/bolting.eu\/en\/shop\/singing-rock-stahlschlinge-i\/\",\"name\":\"Singing Rock Stahlschlinge \\\"I\\\" online kaufen | bolting.eu\",\"isPartOf\":{\"@id\":\"https:\/\/bolting.eu\/en\/#website\"},\"primaryImageOfPage\":{\"@id\":\"https:\/\/bolting.eu\/en\/shop\/singing-rock-stahlschlinge-i\/#primaryimage\"},\"image\":{\"@id\":\"https:\/\/bolting.eu\/en\/shop\/singing-rock-stahlschlinge-i\/#primaryimage\"},\"thumbnailUrl\":\"https:\/\/bolting.eu\/wp-content\/uploads\/2025\/01\/Singing-Rock-Stahlkabel-i-2.jpg\",\"datePublished\":\"2025-02-17T11:23:47+00:00\",\"dateModified\":\"2026-03-25T17:06:54+00:00\",\"description\":\"Singing Rock Stahlschlinge \\\"I\\\" beim Industriekletter Profi kaufen \u2705 Trusted Shop \u2705 kostenloser Versand* \u2705 14 Tage R\u00fcckgaberecht \u2705 Co2 neutrale Zustellung\",\"breadcrumb\":{\"@id\":\"https:\/\/bolting.eu\/en\/shop\/singing-rock-stahlschlinge-i\/#breadcrumb\"},\"inLanguage\":\"en-US\",\"potentialAction\":[{\"@type\":\"ReadAction\",\"target\":[\"https:\/\/bolting.eu\/en\/shop\/singing-rock-stahlschlinge-i\/\"]}]},{\"@type\":\"ImageObject\",\"inLanguage\":\"en-US\",\"@id\":\"https:\/\/bolting.eu\/en\/shop\/singing-rock-stahlschlinge-i\/#primaryimage\",\"url\":\"https:\/\/bolting.eu\/wp-content\/uploads\/2025\/01\/Singing-Rock-Stahlkabel-i-2.jpg\",\"contentUrl\":\"https:\/\/bolting.eu\/wp-content\/uploads\/2025\/01\/Singing-Rock-Stahlkabel-i-2.jpg\",\"width\":700,\"height\":700,\"caption\":\"Steel Lanyard\"},{\"@type\":\"BreadcrumbList\",\"@id\":\"https:\/\/bolting.eu\/en\/shop\/singing-rock-stahlschlinge-i\/#breadcrumb\",\"itemListElement\":[{\"@type\":\"ListItem\",\"position\":1,\"name\":\"Shop\",\"item\":\"https:\/\/bolting.eu\/en\/shop\/\"},{\"@type\":\"ListItem\",\"position\":2,\"name\":\"Industrial climbing gear\",\"item\":\"https:\/\/bolting.eu\/en\/produkt-kategorie\/industrial-climbing-gear\/\"},{\"@type\":\"ListItem\",\"position\":3,\"name\":\"Lifting gear\",\"item\":\"https:\/\/bolting.eu\/en\/produkt-kategorie\/lifting-gear\/\"},{\"@type\":\"ListItem\",\"position\":4,\"name\":\"Singing Rock Stahlschlinge &#8222;I&#8220;\"}]},{\"@type\":\"WebSite\",\"@id\":\"https:\/\/bolting.eu\/en\/#website\",\"url\":\"https:\/\/bolting.eu\/en\/\",\"name\":\"bolting.eu\",\"description\":\"we make climbs happen\",\"publisher\":{\"@id\":\"https:\/\/bolting.eu\/en\/#organization\"},\"potentialAction\":[{\"@type\":\"SearchAction\",\"target\":{\"@type\":\"EntryPoint\",\"urlTemplate\":\"https:\/\/bolting.eu\/en\/?s={search_term_string}\"},\"query-input\":{\"@type\":\"PropertyValueSpecification\",\"valueRequired\":true,\"valueName\":\"search_term_string\"}}],\"inLanguage\":\"en-US\"},{\"@type\":[\"Organization\",\"Place\",\"SportingGoodsStore\"],\"@id\":\"https:\/\/bolting.eu\/en\/#organization\",\"name\":\"bolting.eu\",\"url\":\"https:\/\/bolting.eu\/en\/\",\"logo\":{\"@id\":\"https:\/\/bolting.eu\/en\/shop\/singing-rock-stahlschlinge-i\/#local-main-organization-logo\"},\"image\":{\"@id\":\"https:\/\/bolting.eu\/en\/shop\/singing-rock-stahlschlinge-i\/#local-main-organization-logo\"},\"sameAs\":[\"https:\/\/www.facebook.com\/bolting.eu\",\"https:\/\/www.instagram.com\/bolting.eu\/\"],\"address\":{\"@id\":\"https:\/\/bolting.eu\/en\/shop\/singing-rock-stahlschlinge-i\/#local-main-place-address\"},\"geo\":{\"@type\":\"GeoCoordinates\",\"latitude\":\"47.264176340396226\",\"longitude\":\"11.380109057672346\"},\"telephone\":[\"+43 699 19083372\"],\"openingHoursSpecification\":[{\"@type\":\"OpeningHoursSpecification\",\"dayOfWeek\":[\"Monday\",\"Wednesday\",\"Friday\"],\"opens\":\"14:00\",\"closes\":\"18:00\"},{\"@type\":\"OpeningHoursSpecification\",\"dayOfWeek\":[\"Tuesday\",\"Thursday\",\"Saturday\",\"Sunday\"],\"opens\":\"00:00\",\"closes\":\"00:00\"}],\"email\":\"office@bolting.eu\",\"vatID\":\"ATU59999728\",\"priceRange\":\"$$\",\"currenciesAccepted\":\"Euro\"},{\"@type\":\"PostalAddress\",\"@id\":\"https:\/\/bolting.eu\/en\/shop\/singing-rock-stahlschlinge-i\/#local-main-place-address\",\"streetAddress\":\"Fischnalerstra\u00dfe 4\",\"addressLocality\":\"Innsbruck\",\"postalCode\":\"6020\",\"addressRegion\":\"Tirol\",\"addressCountry\":\"AT\"},{\"@type\":\"ImageObject\",\"inLanguage\":\"en-US\",\"@id\":\"https:\/\/bolting.eu\/en\/shop\/singing-rock-stahlschlinge-i\/#local-main-organization-logo\",\"url\":\"https:\/\/bolting.eu\/wp-content\/uploads\/2019\/09\/bolting-logo.png\",\"contentUrl\":\"https:\/\/bolting.eu\/wp-content\/uploads\/2019\/09\/bolting-logo.png\",\"width\":400,\"height\":211,\"caption\":\"bolting.eu\"}]}<\/script>\n<meta property=\"og:availability\" content=\"instock\" \/>\n<meta property=\"product:availability\" content=\"instock\" \/>\n<meta property=\"product:condition\" content=\"new\" \/>\n<meta name=\"geo.placename\" content=\"Innsbruck\" \/>\n<meta name=\"geo.position\" content=\"47.264176340396226;11.380109057672346\" \/>\n<meta name=\"geo.region\" content=\"Austria\" \/>\n<!-- \/ Yoast SEO Premium plugin. -->","yoast_head_json":{"title":"Singing Rock Stahlschlinge \"I\" online kaufen | bolting.eu","description":"Singing Rock Stahlschlinge \"I\" beim Industriekletter Profi kaufen \u2705 Trusted Shop \u2705 kostenloser Versand* \u2705 14 Tage R\u00fcckgaberecht \u2705 Co2 neutrale Zustellung","robots":{"index":"index","follow":"follow","max-snippet":"max-snippet:-1","max-image-preview":"max-image-preview:large","max-video-preview":"max-video-preview:-1"},"canonical":"https:\/\/bolting.eu\/en\/shop\/singing-rock-stahlschlinge-i\/","og_locale":"en_US","og_type":"article","og_title":"Singing Rock Stahlschlinge \"I\"","og_description":"Singing Rock Stahlschlinge \"I\" beim Industriekletter Profi kaufen \u2705 Trusted Shop \u2705 kostenloser Versand* \u2705 14 Tage R\u00fcckgaberecht \u2705 Co2 neutrale Zustellung","og_url":"https:\/\/bolting.eu\/en\/shop\/singing-rock-stahlschlinge-i\/","og_site_name":"bolting.eu","article_publisher":"https:\/\/www.facebook.com\/bolting.eu","article_modified_time":"2026-03-25T17:06:54+00:00","og_image":[{"width":700,"height":700,"url":"https:\/\/bolting.eu\/wp-content\/uploads\/2025\/01\/Singing-Rock-Stahlkabel-i-2.jpg","type":"image\/jpeg"}],"twitter_card":"summary_large_image","twitter_misc":{"Availability":"In stock"},"schema":{"@context":"https:\/\/schema.org","@graph":[{"@type":["WebPage","ItemPage"],"@id":"https:\/\/bolting.eu\/en\/shop\/singing-rock-stahlschlinge-i\/","url":"https:\/\/bolting.eu\/en\/shop\/singing-rock-stahlschlinge-i\/","name":"Singing Rock Stahlschlinge \"I\" online kaufen | bolting.eu","isPartOf":{"@id":"https:\/\/bolting.eu\/en\/#website"},"primaryImageOfPage":{"@id":"https:\/\/bolting.eu\/en\/shop\/singing-rock-stahlschlinge-i\/#primaryimage"},"image":{"@id":"https:\/\/bolting.eu\/en\/shop\/singing-rock-stahlschlinge-i\/#primaryimage"},"thumbnailUrl":"https:\/\/bolting.eu\/wp-content\/uploads\/2025\/01\/Singing-Rock-Stahlkabel-i-2.jpg","datePublished":"2025-02-17T11:23:47+00:00","dateModified":"2026-03-25T17:06:54+00:00","description":"Singing Rock Stahlschlinge \"I\" beim Industriekletter Profi kaufen \u2705 Trusted Shop \u2705 kostenloser Versand* \u2705 14 Tage R\u00fcckgaberecht \u2705 Co2 neutrale Zustellung","breadcrumb":{"@id":"https:\/\/bolting.eu\/en\/shop\/singing-rock-stahlschlinge-i\/#breadcrumb"},"inLanguage":"en-US","potentialAction":[{"@type":"ReadAction","target":["https:\/\/bolting.eu\/en\/shop\/singing-rock-stahlschlinge-i\/"]}]},{"@type":"ImageObject","inLanguage":"en-US","@id":"https:\/\/bolting.eu\/en\/shop\/singing-rock-stahlschlinge-i\/#primaryimage","url":"https:\/\/bolting.eu\/wp-content\/uploads\/2025\/01\/Singing-Rock-Stahlkabel-i-2.jpg","contentUrl":"https:\/\/bolting.eu\/wp-content\/uploads\/2025\/01\/Singing-Rock-Stahlkabel-i-2.jpg","width":700,"height":700,"caption":"Steel Lanyard"},{"@type":"BreadcrumbList","@id":"https:\/\/bolting.eu\/en\/shop\/singing-rock-stahlschlinge-i\/#breadcrumb","itemListElement":[{"@type":"ListItem","position":1,"name":"Shop","item":"https:\/\/bolting.eu\/en\/shop\/"},{"@type":"ListItem","position":2,"name":"Industrial climbing gear","item":"https:\/\/bolting.eu\/en\/produkt-kategorie\/industrial-climbing-gear\/"},{"@type":"ListItem","position":3,"name":"Lifting gear","item":"https:\/\/bolting.eu\/en\/produkt-kategorie\/lifting-gear\/"},{"@type":"ListItem","position":4,"name":"Singing Rock Stahlschlinge &#8222;I&#8220;"}]},{"@type":"WebSite","@id":"https:\/\/bolting.eu\/en\/#website","url":"https:\/\/bolting.eu\/en\/","name":"bolting.eu","description":"we make climbs happen","publisher":{"@id":"https:\/\/bolting.eu\/en\/#organization"},"potentialAction":[{"@type":"SearchAction","target":{"@type":"EntryPoint","urlTemplate":"https:\/\/bolting.eu\/en\/?s={search_term_string}"},"query-input":{"@type":"PropertyValueSpecification","valueRequired":true,"valueName":"search_term_string"}}],"inLanguage":"en-US"},{"@type":["Organization","Place","SportingGoodsStore"],"@id":"https:\/\/bolting.eu\/en\/#organization","name":"bolting.eu","url":"https:\/\/bolting.eu\/en\/","logo":{"@id":"https:\/\/bolting.eu\/en\/shop\/singing-rock-stahlschlinge-i\/#local-main-organization-logo"},"image":{"@id":"https:\/\/bolting.eu\/en\/shop\/singing-rock-stahlschlinge-i\/#local-main-organization-logo"},"sameAs":["https:\/\/www.facebook.com\/bolting.eu","https:\/\/www.instagram.com\/bolting.eu\/"],"address":{"@id":"https:\/\/bolting.eu\/en\/shop\/singing-rock-stahlschlinge-i\/#local-main-place-address"},"geo":{"@type":"GeoCoordinates","latitude":"47.264176340396226","longitude":"11.380109057672346"},"telephone":["+43 699 19083372"],"openingHoursSpecification":[{"@type":"OpeningHoursSpecification","dayOfWeek":["Monday","Wednesday","Friday"],"opens":"14:00","closes":"18:00"},{"@type":"OpeningHoursSpecification","dayOfWeek":["Tuesday","Thursday","Saturday","Sunday"],"opens":"00:00","closes":"00:00"}],"email":"office@bolting.eu","vatID":"ATU59999728","priceRange":"$$","currenciesAccepted":"Euro"},{"@type":"PostalAddress","@id":"https:\/\/bolting.eu\/en\/shop\/singing-rock-stahlschlinge-i\/#local-main-place-address","streetAddress":"Fischnalerstra\u00dfe 4","addressLocality":"Innsbruck","postalCode":"6020","addressRegion":"Tirol","addressCountry":"AT"},{"@type":"ImageObject","inLanguage":"en-US","@id":"https:\/\/bolting.eu\/en\/shop\/singing-rock-stahlschlinge-i\/#local-main-organization-logo","url":"https:\/\/bolting.eu\/wp-content\/uploads\/2019\/09\/bolting-logo.png","contentUrl":"https:\/\/bolting.eu\/wp-content\/uploads\/2019\/09\/bolting-logo.png","width":400,"height":211,"caption":"bolting.eu"}]},"og_availability":"instock","product_availability":"instock","product_condition":"new","geo.placename":"Innsbruck","geo.position":{"lat":"47.264176340396226","long":"11.380109057672346"},"geo.region":"Austria"},"_links":{"self":[{"href":"https:\/\/bolting.eu\/en\/wp-json\/wp\/v2\/product\/30386","targetHints":{"allow":["GET"]}}],"collection":[{"href":"https:\/\/bolting.eu\/en\/wp-json\/wp\/v2\/product"}],"about":[{"href":"https:\/\/bolting.eu\/en\/wp-json\/wp\/v2\/types\/product"}],"replies":[{"embeddable":true,"href":"https:\/\/bolting.eu\/en\/wp-json\/wp\/v2\/comments?post=30386"}],"wp:featuredmedia":[{"embeddable":true,"href":"https:\/\/bolting.eu\/en\/wp-json\/wp\/v2\/media\/30395"}],"wp:attachment":[{"href":"https:\/\/bolting.eu\/en\/wp-json\/wp\/v2\/media?parent=30386"}],"wp:term":[{"taxonomy":"product_brand","embeddable":true,"href":"https:\/\/bolting.eu\/en\/wp-json\/wp\/v2\/product_brand?post=30386"},{"taxonomy":"product_cat","embeddable":true,"href":"https:\/\/bolting.eu\/en\/wp-json\/wp\/v2\/product_cat?post=30386"},{"taxonomy":"product_tag","embeddable":true,"href":"https:\/\/bolting.eu\/en\/wp-json\/wp\/v2\/product_tag?post=30386"}],"curies":[{"name":"wp","href":"https:\/\/api.w.org\/{rel}","templated":true}]}}