{"id":30378,"date":"2025-01-20T15:33:45","date_gmt":"2025-01-20T14:33:45","guid":{"rendered":"https:\/\/bolting.eu\/?post_type=product&#038;p=30378"},"modified":"2025-01-20T15:50:22","modified_gmt":"2025-01-20T14:50:22","slug":"kong-rally-bent-riggingplatte","status":"publish","type":"product","link":"https:\/\/bolting.eu\/en\/shop\/kong-rally-bent-riggingplatte\/","title":{"rendered":"Kong Rally Bent Riggingplatte"},"content":{"rendered":"<p>Die neue Kong Rally Bent Riggingplatte ist ein echtes Arbeitstier. Denn dieses Modell hat 10 \u00d6sen und erlaubt bis zu 5 Benutzer!<\/p>\n<p>Somit erm\u00f6glicht diese Platte sehr komplexe Anker. Wie z.B. gegenl\u00e4ufige Flaschenz\u00fcge mit mehreren <a href=\"https:\/\/bolting.eu\/produkt-kategorie\/kletterausruestung\/seilrollen\/\">Seilrollen<\/a> usw&#8230;<\/p>\n<p>Die Platte selbst ist aus 10mm dickem Alu. Des weiteren sind alle \u00d6sen stark abgerundet. Dies erm\u00f6glicht das direkte Einh\u00e4ngen von <a href=\"https:\/\/bolting.eu\/produkt-kategorie\/industriekletter-ausruestung\/seilschlingen\/\">Seilschlingen<\/a>.<\/p>\n<p>Durch die insgesamt gekr\u00fcmmte Form liegt die Platte nicht direkt auf Mauer \/ Fels auf. Somit k\u00f6nnen textile Verbindungsmittel direkt dort eingeh\u00e4ngt werden.<\/p>\n<p>Kurzum. Ein Produkt f\u00fcr eine erweiterte <a href=\"https:\/\/bolting.eu\/produkt-kategorie\/industriekletter-ausruestung\/\">Industriekletter Ausr\u00fcstung<\/a>.<\/p>\n<h3>Eigenschaften Kong Rally Bent<\/h3>\n<ul>\n<li>Hersteller: <a href=\"https:\/\/bolting.eu\/produkt-kategorie\/kong\/\">Kong Italy<\/a><\/li>\n<li>Material: 10mm dickes Alu<\/li>\n<li>Gewicht: 193 Gramm<\/li>\n<li>Normen: EN 354, EN 795, CEN TS 16415<\/li>\n<li>Anzahl \u00d6sen: 10<\/li>\n<li>stark abgerundete \u00d6sen &#8211; direktes Einbinden textile Verbindungsmittel<\/li>\n<li>erm\u00f6glicht komplexe Ankersysteme<\/li>\n<li>gekr\u00fcmmte Form erlaubt v.a. die Verwendung von Statikseilen am Anschlagpunkt wenn dieser auf Mauer \/ Fels aufliegt<\/li>\n<li><a href=\"https:\/\/www.kong.it\/de\/produkt\/rally\/?_gl=1*wa669k*_up*MQ..*_ga*ODYyNjI0NzU5LjE3MzczODE5NzA.*_ga_2DEHVVX21K*MTczNzM4MTk2OS4xLjEuMTczNzM4MTk5Mi4wLjAuMA..*_ga_DWQ39Z0LRB*MTczNzM4MTk2OS4xLjEuMTczNzM4MTk5Mi4wLjAuMA..#:~:text=ALLGEMEINE%20INFORMATIONEN-,BEDIENUNGSANLEITUNG,-KONFORMIT%C3%84TSERKL%C3%84RUNG\" target=\"_blank\" rel=\"noopener\">Bedienungsanleitung<\/a><\/li>\n<\/ul>\n<h3>Produktvideo<\/h3>\n<p>Im Folgenden stallt Kong seine Rigging Platten nochmals selber vor.<\/p>\n<p><iframe loading=\"lazy\" title=\"Kong Rigging Plates (textile friendly)\" width=\"1020\" height=\"574\" src=\"https:\/\/www.youtube.com\/embed\/5dRJUuSqPn8?feature=oembed\" frameborder=\"0\" allow=\"accelerometer; autoplay; clipboard-write; encrypted-media; gyroscope; picture-in-picture; web-share\" referrerpolicy=\"strict-origin-when-cross-origin\" allowfullscreen><\/iframe><\/p>\n<h3>Viiiiel Platz!<\/h3>\n<p>Die Rally Bent hat 10 \u00d6sen. Somit bietet sie extrem viel Platz f\u00fcr Verbindungsmittel bzw. weitere ben\u00f6tigte Ausr\u00fcstung.<\/p>\n<p>Das Tolle dabei! Ihr k\u00f6nnt textile Verbindungsmittel direkt in die \u00d6sen f\u00e4deln. Wie z.B. <a href=\"https:\/\/bolting.eu\/produkt-kategorie\/industriekletter-ausruestung\/statikseile\/\">Statikseile<\/a>.<\/p>\n<p>Diese Eigenschaft erm\u00f6glicht die Installation von komplexen Ankersystemen.<\/p>\n<p>Vor allem wegen der gekr\u00fcmmten Form. Denn so liegt die Plate nicht direkt an der Mauer \/ am Fels auf. So k\u00f6nnen z.B. Statikseile ohne gef\u00e4hrliche Reibung direkt eingebunden werden.<\/p>\n","protected":false},"excerpt":{"rendered":"<p>Gro\u00dfe, gebogene Riggingplatte mit 10 stark abgerundeten \u00d6sen. Aus 10mm dickem Alu mitz 36kN Bruchlast.<\/p>\n<p>Ideal f\u00fcr komplexes Industrieklettern bzw. Ankersysteme.<\/p>\n<p>Versandkostenfrei bis 2kg in <img decoding=\"async\" class=\"emoji\" role=\"img\" draggable=\"false\" src=\"https:\/\/s.w.org\/images\/core\/emoji\/14.0.0\/svg\/1f1e6-1f1f9.svg\" alt=\"\ud83c\udde6\ud83c\uddf9\" \/> ab \u20ac 100,- und <img decoding=\"async\" class=\"emoji\" role=\"img\" draggable=\"false\" src=\"https:\/\/s.w.org\/images\/core\/emoji\/14.0.0\/svg\/1f1e9-1f1ea.svg\" alt=\"\ud83c\udde9\ud83c\uddea\" \/> ab \u20ac 200,-!<\/p>\n","protected":false},"featured_media":30383,"comment_status":"closed","ping_status":"closed","template":"","meta":[],"product_brand":[],"product_cat":[4651,14513,14765],"product_tag":[],"class_list":{"0":"post-30378","1":"product","2":"type-product","3":"status-publish","4":"has-post-thumbnail","6":"product_cat-kong","7":"product_cat-industriekletter-ausruestung","8":"product_cat-riggingplatten","10":"first","11":"instock","12":"sale","13":"taxable","14":"shipping-taxable","15":"purchasable","16":"product-type-simple"},"yoast_head":"<!-- This site is optimized with the Yoast SEO Premium plugin v26.9 (Yoast SEO v26.9) - https:\/\/yoast.com\/product\/yoast-seo-premium-wordpress\/ -->\n<title>Kong Rally Bent Riggingplatte online kaufen | bolting.eu<\/title>\n<meta name=\"description\" content=\"Kong Rally beim Industriekletter Ausr\u00fcstung Profi kaufen \u2705 Trusted Shop \u2705 kostenloser Versand* \u2705 14 Tage R\u00fcckgaberecht \u2705 Co2 neutrale Zustellung\" \/>\n<meta name=\"robots\" content=\"index, follow, max-snippet:-1, max-image-preview:large, max-video-preview:-1\" \/>\n<link rel=\"canonical\" href=\"https:\/\/bolting.eu\/en\/shop\/kong-rally-bent-riggingplatte\/\" \/>\n<meta property=\"og:locale\" content=\"en_US\" \/>\n<meta property=\"og:type\" content=\"article\" \/>\n<meta property=\"og:title\" content=\"Kong Rally Bent Riggingplatte\" \/>\n<meta property=\"og:description\" content=\"Kong Rally beim Industriekletter Ausr\u00fcstung Profi kaufen \u2705 Trusted Shop \u2705 kostenloser Versand* \u2705 14 Tage R\u00fcckgaberecht \u2705 Co2 neutrale Zustellung\" \/>\n<meta property=\"og:url\" content=\"https:\/\/bolting.eu\/en\/shop\/kong-rally-bent-riggingplatte\/\" \/>\n<meta property=\"og:site_name\" content=\"bolting.eu\" \/>\n<meta property=\"article:publisher\" content=\"https:\/\/www.facebook.com\/bolting.eu\" \/>\n<meta property=\"article:modified_time\" content=\"2025-01-20T14:50:22+00:00\" \/>\n<meta property=\"og:image\" content=\"https:\/\/bolting.eu\/wp-content\/uploads\/2025\/01\/Kong-Rally-Bent-1.jpg\" \/>\n\t<meta property=\"og:image:width\" content=\"700\" \/>\n\t<meta property=\"og:image:height\" content=\"700\" \/>\n\t<meta property=\"og:image:type\" content=\"image\/jpeg\" \/>\n<meta name=\"twitter:card\" content=\"summary_large_image\" \/>\n<meta name=\"twitter:label1\" content=\"Price\" \/>\n\t<meta name=\"twitter:data1\" content=\"&euro;&nbsp;32,00\" \/>\n\t<meta name=\"twitter:label2\" content=\"Availability\" \/>\n\t<meta name=\"twitter:data2\" content=\"In stock\" \/>\n<script type=\"application\/ld+json\" class=\"yoast-schema-graph\">{\"@context\":\"https:\/\/schema.org\",\"@graph\":[{\"@type\":[\"WebPage\",\"ItemPage\"],\"@id\":\"https:\/\/bolting.eu\/en\/shop\/kong-rally-bent-riggingplatte\/\",\"url\":\"https:\/\/bolting.eu\/en\/shop\/kong-rally-bent-riggingplatte\/\",\"name\":\"Kong Rally Bent Riggingplatte online kaufen | bolting.eu\",\"isPartOf\":{\"@id\":\"https:\/\/bolting.eu\/en\/#website\"},\"primaryImageOfPage\":{\"@id\":\"https:\/\/bolting.eu\/en\/shop\/kong-rally-bent-riggingplatte\/#primaryimage\"},\"image\":{\"@id\":\"https:\/\/bolting.eu\/en\/shop\/kong-rally-bent-riggingplatte\/#primaryimage\"},\"thumbnailUrl\":\"https:\/\/bolting.eu\/wp-content\/uploads\/2025\/01\/Kong-Rally-Bent-1.jpg\",\"datePublished\":\"2025-01-20T14:33:45+00:00\",\"dateModified\":\"2025-01-20T14:50:22+00:00\",\"description\":\"Kong Rally beim Industriekletter Ausr\u00fcstung Profi kaufen \u2705 Trusted Shop \u2705 kostenloser Versand* \u2705 14 Tage R\u00fcckgaberecht \u2705 Co2 neutrale Zustellung\",\"breadcrumb\":{\"@id\":\"https:\/\/bolting.eu\/en\/shop\/kong-rally-bent-riggingplatte\/#breadcrumb\"},\"inLanguage\":\"en-US\",\"potentialAction\":[{\"@type\":\"ReadAction\",\"target\":[\"https:\/\/bolting.eu\/en\/shop\/kong-rally-bent-riggingplatte\/\"]}]},{\"@type\":\"ImageObject\",\"inLanguage\":\"en-US\",\"@id\":\"https:\/\/bolting.eu\/en\/shop\/kong-rally-bent-riggingplatte\/#primaryimage\",\"url\":\"https:\/\/bolting.eu\/wp-content\/uploads\/2025\/01\/Kong-Rally-Bent-1.jpg\",\"contentUrl\":\"https:\/\/bolting.eu\/wp-content\/uploads\/2025\/01\/Kong-Rally-Bent-1.jpg\",\"width\":700,\"height\":700,\"caption\":\"Orange Kong Rally Bent Riggingplatte mit 10 \u00d6sen und wei\u00dfer Schrift schr\u00e4g von der Seite.\"},{\"@type\":\"BreadcrumbList\",\"@id\":\"https:\/\/bolting.eu\/en\/shop\/kong-rally-bent-riggingplatte\/#breadcrumb\",\"itemListElement\":[{\"@type\":\"ListItem\",\"position\":1,\"name\":\"Shop\",\"item\":\"https:\/\/bolting.eu\/en\/shop\/\"},{\"@type\":\"ListItem\",\"position\":2,\"name\":\"Industrial climbing gear\",\"item\":\"https:\/\/bolting.eu\/en\/produkt-kategorie\/industrial-climbing-gear\/\"},{\"@type\":\"ListItem\",\"position\":3,\"name\":\"Riggingplatten\",\"item\":\"https:\/\/bolting.eu\/produkt-kategorie\/industriekletter-ausruestung\/riggingplatten\/\"},{\"@type\":\"ListItem\",\"position\":4,\"name\":\"Kong Rally Bent Riggingplatte\"}]},{\"@type\":\"WebSite\",\"@id\":\"https:\/\/bolting.eu\/en\/#website\",\"url\":\"https:\/\/bolting.eu\/en\/\",\"name\":\"bolting.eu\",\"description\":\"we make climbs happen\",\"publisher\":{\"@id\":\"https:\/\/bolting.eu\/en\/#organization\"},\"potentialAction\":[{\"@type\":\"SearchAction\",\"target\":{\"@type\":\"EntryPoint\",\"urlTemplate\":\"https:\/\/bolting.eu\/en\/?s={search_term_string}\"},\"query-input\":{\"@type\":\"PropertyValueSpecification\",\"valueRequired\":true,\"valueName\":\"search_term_string\"}}],\"inLanguage\":\"en-US\"},{\"@type\":[\"Organization\",\"Place\",\"SportingGoodsStore\"],\"@id\":\"https:\/\/bolting.eu\/en\/#organization\",\"name\":\"bolting.eu\",\"url\":\"https:\/\/bolting.eu\/en\/\",\"logo\":{\"@id\":\"https:\/\/bolting.eu\/en\/shop\/kong-rally-bent-riggingplatte\/#local-main-organization-logo\"},\"image\":{\"@id\":\"https:\/\/bolting.eu\/en\/shop\/kong-rally-bent-riggingplatte\/#local-main-organization-logo\"},\"sameAs\":[\"https:\/\/www.facebook.com\/bolting.eu\",\"https:\/\/www.instagram.com\/bolting.eu\/\"],\"address\":{\"@id\":\"https:\/\/bolting.eu\/en\/shop\/kong-rally-bent-riggingplatte\/#local-main-place-address\"},\"geo\":{\"@type\":\"GeoCoordinates\",\"latitude\":\"47.264176340396226\",\"longitude\":\"11.380109057672346\"},\"telephone\":[\"+43 699 19083372\"],\"openingHoursSpecification\":[{\"@type\":\"OpeningHoursSpecification\",\"dayOfWeek\":[\"Monday\",\"Wednesday\",\"Friday\"],\"opens\":\"14:00\",\"closes\":\"18:00\"},{\"@type\":\"OpeningHoursSpecification\",\"dayOfWeek\":[\"Tuesday\",\"Thursday\",\"Saturday\",\"Sunday\"],\"opens\":\"00:00\",\"closes\":\"00:00\"}],\"email\":\"office@bolting.eu\",\"vatID\":\"ATU59999728\",\"priceRange\":\"$$\",\"currenciesAccepted\":\"Euro\"},{\"@type\":\"PostalAddress\",\"@id\":\"https:\/\/bolting.eu\/en\/shop\/kong-rally-bent-riggingplatte\/#local-main-place-address\",\"streetAddress\":\"Fischnalerstra\u00dfe 4\",\"addressLocality\":\"Innsbruck\",\"postalCode\":\"6020\",\"addressRegion\":\"Tirol\",\"addressCountry\":\"AT\"},{\"@type\":\"ImageObject\",\"inLanguage\":\"en-US\",\"@id\":\"https:\/\/bolting.eu\/en\/shop\/kong-rally-bent-riggingplatte\/#local-main-organization-logo\",\"url\":\"https:\/\/bolting.eu\/wp-content\/uploads\/2019\/09\/bolting-logo.png\",\"contentUrl\":\"https:\/\/bolting.eu\/wp-content\/uploads\/2019\/09\/bolting-logo.png\",\"width\":400,\"height\":211,\"caption\":\"bolting.eu\"}]}<\/script>\n<meta property=\"og:video\" content=\"https:\/\/www.youtube.com\/embed\/5dRJUuSqPn8\" \/>\n<meta property=\"og:video:type\" content=\"text\/html\" \/>\n<meta property=\"og:video:duration\" content=\"64\" \/>\n<meta property=\"og:video:width\" content=\"480\" \/>\n<meta property=\"og:video:height\" content=\"270\" \/>\n<meta property=\"ya:ovs:adult\" content=\"false\" \/>\n<meta property=\"ya:ovs:upload_date\" content=\"2025-01-20T14:33:45+00:00\" \/>\n<meta property=\"ya:ovs:allow_embed\" content=\"true\" \/>\n<meta property=\"product:price:amount\" content=\"32.00\" \/>\n<meta property=\"product:price:currency\" content=\"EUR\" \/>\n<meta property=\"og:availability\" content=\"instock\" \/>\n<meta property=\"product:availability\" content=\"instock\" \/>\n<meta property=\"product:retailer_item_id\" content=\"864011400KK\" \/>\n<meta property=\"product:condition\" content=\"new\" \/>\n<meta name=\"geo.placename\" content=\"Innsbruck\" \/>\n<meta name=\"geo.position\" content=\"47.264176340396226;11.380109057672346\" \/>\n<meta name=\"geo.region\" content=\"Austria\" \/>\n<!-- \/ Yoast SEO Premium plugin. -->","yoast_head_json":{"title":"Kong Rally Bent Riggingplatte online kaufen | bolting.eu","description":"Kong Rally beim Industriekletter Ausr\u00fcstung Profi kaufen \u2705 Trusted Shop \u2705 kostenloser Versand* \u2705 14 Tage R\u00fcckgaberecht \u2705 Co2 neutrale Zustellung","robots":{"index":"index","follow":"follow","max-snippet":"max-snippet:-1","max-image-preview":"max-image-preview:large","max-video-preview":"max-video-preview:-1"},"canonical":"https:\/\/bolting.eu\/en\/shop\/kong-rally-bent-riggingplatte\/","og_locale":"en_US","og_type":"article","og_title":"Kong Rally Bent Riggingplatte","og_description":"Kong Rally beim Industriekletter Ausr\u00fcstung Profi kaufen \u2705 Trusted Shop \u2705 kostenloser Versand* \u2705 14 Tage R\u00fcckgaberecht \u2705 Co2 neutrale Zustellung","og_url":"https:\/\/bolting.eu\/en\/shop\/kong-rally-bent-riggingplatte\/","og_site_name":"bolting.eu","article_publisher":"https:\/\/www.facebook.com\/bolting.eu","article_modified_time":"2025-01-20T14:50:22+00:00","og_image":[{"width":700,"height":700,"url":"https:\/\/bolting.eu\/wp-content\/uploads\/2025\/01\/Kong-Rally-Bent-1.jpg","type":"image\/jpeg"}],"twitter_card":"summary_large_image","twitter_misc":{"Price":"&euro;&nbsp;32,00","Availability":"In stock"},"schema":{"@context":"https:\/\/schema.org","@graph":[{"@type":["WebPage","ItemPage"],"@id":"https:\/\/bolting.eu\/en\/shop\/kong-rally-bent-riggingplatte\/","url":"https:\/\/bolting.eu\/en\/shop\/kong-rally-bent-riggingplatte\/","name":"Kong Rally Bent Riggingplatte online kaufen | bolting.eu","isPartOf":{"@id":"https:\/\/bolting.eu\/en\/#website"},"primaryImageOfPage":{"@id":"https:\/\/bolting.eu\/en\/shop\/kong-rally-bent-riggingplatte\/#primaryimage"},"image":{"@id":"https:\/\/bolting.eu\/en\/shop\/kong-rally-bent-riggingplatte\/#primaryimage"},"thumbnailUrl":"https:\/\/bolting.eu\/wp-content\/uploads\/2025\/01\/Kong-Rally-Bent-1.jpg","datePublished":"2025-01-20T14:33:45+00:00","dateModified":"2025-01-20T14:50:22+00:00","description":"Kong Rally beim Industriekletter Ausr\u00fcstung Profi kaufen \u2705 Trusted Shop \u2705 kostenloser Versand* \u2705 14 Tage R\u00fcckgaberecht \u2705 Co2 neutrale Zustellung","breadcrumb":{"@id":"https:\/\/bolting.eu\/en\/shop\/kong-rally-bent-riggingplatte\/#breadcrumb"},"inLanguage":"en-US","potentialAction":[{"@type":"ReadAction","target":["https:\/\/bolting.eu\/en\/shop\/kong-rally-bent-riggingplatte\/"]}]},{"@type":"ImageObject","inLanguage":"en-US","@id":"https:\/\/bolting.eu\/en\/shop\/kong-rally-bent-riggingplatte\/#primaryimage","url":"https:\/\/bolting.eu\/wp-content\/uploads\/2025\/01\/Kong-Rally-Bent-1.jpg","contentUrl":"https:\/\/bolting.eu\/wp-content\/uploads\/2025\/01\/Kong-Rally-Bent-1.jpg","width":700,"height":700,"caption":"Orange Kong Rally Bent Riggingplatte mit 10 \u00d6sen und wei\u00dfer Schrift schr\u00e4g von der Seite."},{"@type":"BreadcrumbList","@id":"https:\/\/bolting.eu\/en\/shop\/kong-rally-bent-riggingplatte\/#breadcrumb","itemListElement":[{"@type":"ListItem","position":1,"name":"Shop","item":"https:\/\/bolting.eu\/en\/shop\/"},{"@type":"ListItem","position":2,"name":"Industrial climbing gear","item":"https:\/\/bolting.eu\/en\/produkt-kategorie\/industrial-climbing-gear\/"},{"@type":"ListItem","position":3,"name":"Riggingplatten","item":"https:\/\/bolting.eu\/produkt-kategorie\/industriekletter-ausruestung\/riggingplatten\/"},{"@type":"ListItem","position":4,"name":"Kong Rally Bent Riggingplatte"}]},{"@type":"WebSite","@id":"https:\/\/bolting.eu\/en\/#website","url":"https:\/\/bolting.eu\/en\/","name":"bolting.eu","description":"we make climbs happen","publisher":{"@id":"https:\/\/bolting.eu\/en\/#organization"},"potentialAction":[{"@type":"SearchAction","target":{"@type":"EntryPoint","urlTemplate":"https:\/\/bolting.eu\/en\/?s={search_term_string}"},"query-input":{"@type":"PropertyValueSpecification","valueRequired":true,"valueName":"search_term_string"}}],"inLanguage":"en-US"},{"@type":["Organization","Place","SportingGoodsStore"],"@id":"https:\/\/bolting.eu\/en\/#organization","name":"bolting.eu","url":"https:\/\/bolting.eu\/en\/","logo":{"@id":"https:\/\/bolting.eu\/en\/shop\/kong-rally-bent-riggingplatte\/#local-main-organization-logo"},"image":{"@id":"https:\/\/bolting.eu\/en\/shop\/kong-rally-bent-riggingplatte\/#local-main-organization-logo"},"sameAs":["https:\/\/www.facebook.com\/bolting.eu","https:\/\/www.instagram.com\/bolting.eu\/"],"address":{"@id":"https:\/\/bolting.eu\/en\/shop\/kong-rally-bent-riggingplatte\/#local-main-place-address"},"geo":{"@type":"GeoCoordinates","latitude":"47.264176340396226","longitude":"11.380109057672346"},"telephone":["+43 699 19083372"],"openingHoursSpecification":[{"@type":"OpeningHoursSpecification","dayOfWeek":["Monday","Wednesday","Friday"],"opens":"14:00","closes":"18:00"},{"@type":"OpeningHoursSpecification","dayOfWeek":["Tuesday","Thursday","Saturday","Sunday"],"opens":"00:00","closes":"00:00"}],"email":"office@bolting.eu","vatID":"ATU59999728","priceRange":"$$","currenciesAccepted":"Euro"},{"@type":"PostalAddress","@id":"https:\/\/bolting.eu\/en\/shop\/kong-rally-bent-riggingplatte\/#local-main-place-address","streetAddress":"Fischnalerstra\u00dfe 4","addressLocality":"Innsbruck","postalCode":"6020","addressRegion":"Tirol","addressCountry":"AT"},{"@type":"ImageObject","inLanguage":"en-US","@id":"https:\/\/bolting.eu\/en\/shop\/kong-rally-bent-riggingplatte\/#local-main-organization-logo","url":"https:\/\/bolting.eu\/wp-content\/uploads\/2019\/09\/bolting-logo.png","contentUrl":"https:\/\/bolting.eu\/wp-content\/uploads\/2019\/09\/bolting-logo.png","width":400,"height":211,"caption":"bolting.eu"}]},"og_video":"https:\/\/www.youtube.com\/embed\/5dRJUuSqPn8","og_video_type":"text\/html","og_video_duration":"64","og_video_width":"480","og_video_height":"270","ya_ovs_adult":"false","ya_ovs_upload_date":"2025-01-20T14:33:45+00:00","ya_ovs_allow_embed":"true","product_price_amount":"32.00","product_price_currency":"EUR","og_availability":"instock","product_availability":"instock","product_retailer_item_id":"864011400KK","product_condition":"new","geo.placename":"Innsbruck","geo.position":{"lat":"47.264176340396226","long":"11.380109057672346"},"geo.region":"Austria"},"_links":{"self":[{"href":"https:\/\/bolting.eu\/en\/wp-json\/wp\/v2\/product\/30378","targetHints":{"allow":["GET"]}}],"collection":[{"href":"https:\/\/bolting.eu\/en\/wp-json\/wp\/v2\/product"}],"about":[{"href":"https:\/\/bolting.eu\/en\/wp-json\/wp\/v2\/types\/product"}],"replies":[{"embeddable":true,"href":"https:\/\/bolting.eu\/en\/wp-json\/wp\/v2\/comments?post=30378"}],"wp:featuredmedia":[{"embeddable":true,"href":"https:\/\/bolting.eu\/en\/wp-json\/wp\/v2\/media\/30383"}],"wp:attachment":[{"href":"https:\/\/bolting.eu\/en\/wp-json\/wp\/v2\/media?parent=30378"}],"wp:term":[{"taxonomy":"product_brand","embeddable":true,"href":"https:\/\/bolting.eu\/en\/wp-json\/wp\/v2\/product_brand?post=30378"},{"taxonomy":"product_cat","embeddable":true,"href":"https:\/\/bolting.eu\/en\/wp-json\/wp\/v2\/product_cat?post=30378"},{"taxonomy":"product_tag","embeddable":true,"href":"https:\/\/bolting.eu\/en\/wp-json\/wp\/v2\/product_tag?post=30378"}],"curies":[{"name":"wp","href":"https:\/\/api.w.org\/{rel}","templated":true}]}}