{"id":3024,"date":"2020-04-06T15:40:42","date_gmt":"2020-04-06T13:40:42","guid":{"rendered":"https:\/\/bolting.eu\/?post_type=product&#038;p=3024"},"modified":"2025-03-27T12:52:34","modified_gmt":"2025-03-27T11:52:34","slug":"trittleiter-cassin-aider","status":"publish","type":"product","link":"https:\/\/bolting.eu\/en\/shop\/trittleiter-cassin-aider\/","title":{"rendered":"Trittleiter Cassin Aider"},"content":{"rendered":"<p>Die Trittleiter Cassin Aider ist f\u00fcr den alpinen und Bigwall Einsatz konzipiert. Denn diese Trittleiter ist sehr robust. Zudem hat sie eine L\u00e4nge von 170cm. Folglich kann sie sowohl f\u00fcr Big Walls, als auch H\u00f6hlenforschen und alle anderen alpinen Anwendungen verwendet werden. Kurzum: ein Produkt dass in keiner <a href=\"https:\/\/bolting.eu\/produkt-kategorie\/big-wall-ausruestung\/\">Big Wall Ausr\u00fcstung<\/a> fehlen sollte!<\/p>\n<h3>Eigenschaften Trittleiter Cassin Ladder Aider<\/h3>\n<ul>\n<li>L\u00e4nge: 170cm<\/li>\n<li>Anzahl Trittstufen: 5<\/li>\n<li>3 Endschlingen f\u00fcr <a href=\"https:\/\/bolting.eu\/shop\/cassin-fifi-hook-aluminium\/\">Fifi Hook<\/a>, Karabiner und Hand<\/li>\n<li>Material: Polyamid<\/li>\n<li>Gewicht: 185 Gramm<\/li>\n<li>ideal f\u00fcr alle langen technischen Routen, H\u00f6hlenforschung und H\u00f6henarbeiten<\/li>\n<li>Verwendung in Paaren!<\/li>\n<\/ul>\n<h3>Anwendungstipps<\/h3>\n<ul>\n<li>es zahlt sich aus im Klettergarten die Verwendung der Trittleiter Cassin Aider zu \u00fcben<\/li>\n<li>gew\u00f6hnt euch dabei vor allem an das hoch Antreten um so viel &#8220;H\u00f6hengewinn&#8221; wie nur m\u00f6glich zu machen<\/li>\n<li>mit der \u00dcbung ist auch das Einh\u00e4ngen Eurer Daisy Chain verbunden! Wir empfehlen die Easy Daisy von Metolius<\/li>\n<li>diese Trittleiter ist vor allem f\u00fcr schwere technische Linien gedacht. Wer sehr schnell und fl\u00fcssig klettern will ist mit einer verstellbaren, &#8220;fixen&#8221; Trittleider wie der <a href=\"https:\/\/bolting.eu\/shop\/trittleiter-klettern-foot-loop-climbing-technology\/\">Climbing Technology Foot Loop<\/a> besser beraten!<\/li>\n<\/ul>\n<p>Link Tipp: <a href=\"https:\/\/www.camp.it\" target=\"_blank\" rel=\"noopener noreferrer\">zum Hersteller<\/a><\/p>\n","protected":false},"excerpt":{"rendered":"<ul>\n<li>L\u00e4nge: 170cm<\/li>\n<li>Anzahl Trittstufen: 5<\/li>\n<li>3 Endschlingen f\u00fcr <a href=\"https:\/\/bolting.eu\/shop\/cassin-fifi-hook-aluminium\/\">Fifi Hook<\/a>, Karabiner und Hand<\/li>\n<li>Material: Polyamid<\/li>\n<li>Gewicht: 185 Gramm<\/li>\n<li>ideal f\u00fcr alle langen technischen Routen, H\u00f6hlenforschung und H\u00f6henarbeiten<\/li>\n<li>Verwendung in Paaren!<\/li>\n<\/ul>\n","protected":false},"featured_media":3025,"comment_status":"open","ping_status":"closed","template":"","meta":[],"product_brand":[],"product_cat":[31,3828,4653],"product_tag":[265],"class_list":{"0":"post-3024","1":"product","2":"type-product","3":"status-publish","4":"has-post-thumbnail","6":"product_cat-big-wall-ausruestung","7":"product_cat-hoehlenforscher-ausruestung","8":"product_cat-camp-cassin","9":"product_tag-big-wall-klettern","11":"first","12":"instock","13":"taxable","14":"shipping-taxable","15":"purchasable","16":"product-type-simple"},"yoast_head":"<!-- This site is optimized with the Yoast SEO Premium plugin v26.9 (Yoast SEO v26.9) - https:\/\/yoast.com\/product\/yoast-seo-premium-wordpress\/ -->\n<title>Trittleiter Cassin Aider: jetzt online kaufen bei bolting.eu<\/title>\n<meta name=\"description\" content=\"Hier findet ihr die Trittleiter Cassin Aider. Eine robuste, 5-stufe Trittleiter f\u00fcr Bigwalls, H\u00f6hlenforschung und H\u00f6henarbeiten bei bolting.eu!\" \/>\n<meta name=\"robots\" content=\"index, follow, max-snippet:-1, max-image-preview:large, max-video-preview:-1\" \/>\n<link rel=\"canonical\" href=\"https:\/\/bolting.eu\/en\/shop\/trittleiter-cassin-aider\/\" \/>\n<meta property=\"og:locale\" content=\"en_US\" \/>\n<meta property=\"og:type\" content=\"article\" \/>\n<meta property=\"og:title\" content=\"Trittleiter Cassin Aider\" \/>\n<meta property=\"og:description\" content=\"Hier findet ihr die Trittleiter Cassin Aider. Eine robuste, 5-stufe Trittleiter f\u00fcr Bigwalls, H\u00f6hlenforschung und H\u00f6henarbeiten bei bolting.eu!\" \/>\n<meta property=\"og:url\" content=\"https:\/\/bolting.eu\/en\/shop\/trittleiter-cassin-aider\/\" \/>\n<meta property=\"og:site_name\" content=\"bolting.eu\" \/>\n<meta property=\"article:publisher\" content=\"https:\/\/www.facebook.com\/bolting.eu\" \/>\n<meta property=\"article:modified_time\" content=\"2025-03-27T11:52:34+00:00\" \/>\n<meta property=\"og:image\" content=\"https:\/\/bolting.eu\/wp-content\/uploads\/2020\/04\/Trittleiter-Cassin-Aider.jpg\" \/>\n\t<meta property=\"og:image:width\" content=\"700\" \/>\n\t<meta property=\"og:image:height\" content=\"700\" \/>\n\t<meta property=\"og:image:type\" content=\"image\/jpeg\" \/>\n<meta name=\"twitter:card\" content=\"summary_large_image\" \/>\n<meta name=\"twitter:label1\" content=\"Price\" \/>\n\t<meta name=\"twitter:data1\" content=\"&euro;&nbsp;64,90\" \/>\n\t<meta name=\"twitter:label2\" content=\"Availability\" \/>\n\t<meta name=\"twitter:data2\" content=\"In stock\" \/>\n<script type=\"application\/ld+json\" class=\"yoast-schema-graph\">{\"@context\":\"https:\/\/schema.org\",\"@graph\":[{\"@type\":[\"WebPage\",\"ItemPage\"],\"@id\":\"https:\/\/bolting.eu\/en\/shop\/trittleiter-cassin-aider\/\",\"url\":\"https:\/\/bolting.eu\/en\/shop\/trittleiter-cassin-aider\/\",\"name\":\"Trittleiter Cassin Aider: jetzt online kaufen bei bolting.eu\",\"isPartOf\":{\"@id\":\"https:\/\/bolting.eu\/en\/#website\"},\"primaryImageOfPage\":{\"@id\":\"https:\/\/bolting.eu\/en\/shop\/trittleiter-cassin-aider\/#primaryimage\"},\"image\":{\"@id\":\"https:\/\/bolting.eu\/en\/shop\/trittleiter-cassin-aider\/#primaryimage\"},\"thumbnailUrl\":\"https:\/\/bolting.eu\/wp-content\/uploads\/2020\/04\/Trittleiter-Cassin-Aider.jpg\",\"datePublished\":\"2020-04-06T13:40:42+00:00\",\"dateModified\":\"2025-03-27T11:52:34+00:00\",\"description\":\"Hier findet ihr die Trittleiter Cassin Aider. Eine robuste, 5-stufe Trittleiter f\u00fcr Bigwalls, H\u00f6hlenforschung und H\u00f6henarbeiten bei bolting.eu!\",\"breadcrumb\":{\"@id\":\"https:\/\/bolting.eu\/en\/shop\/trittleiter-cassin-aider\/#breadcrumb\"},\"inLanguage\":\"en-US\",\"potentialAction\":[{\"@type\":\"ReadAction\",\"target\":[\"https:\/\/bolting.eu\/en\/shop\/trittleiter-cassin-aider\/\"]}]},{\"@type\":\"ImageObject\",\"inLanguage\":\"en-US\",\"@id\":\"https:\/\/bolting.eu\/en\/shop\/trittleiter-cassin-aider\/#primaryimage\",\"url\":\"https:\/\/bolting.eu\/wp-content\/uploads\/2020\/04\/Trittleiter-Cassin-Aider.jpg\",\"contentUrl\":\"https:\/\/bolting.eu\/wp-content\/uploads\/2020\/04\/Trittleiter-Cassin-Aider.jpg\",\"width\":700,\"height\":700,\"caption\":\"Das Bild zeigt die Trittleiter Cassin Aider. Die schwarze Trittleiter steht aufrecht im Bild. Man erkennt sofort ihre Funktionsweise sowie die f\u00fcnf Trittstufen.\"},{\"@type\":\"BreadcrumbList\",\"@id\":\"https:\/\/bolting.eu\/en\/shop\/trittleiter-cassin-aider\/#breadcrumb\",\"itemListElement\":[{\"@type\":\"ListItem\",\"position\":1,\"name\":\"Shop\",\"item\":\"https:\/\/bolting.eu\/en\/shop\/\"},{\"@type\":\"ListItem\",\"position\":2,\"name\":\"Big Wall gear\",\"item\":\"https:\/\/bolting.eu\/en\/produkt-kategorie\/big-wall-gear\/\"},{\"@type\":\"ListItem\",\"position\":3,\"name\":\"Trittleiter Cassin Aider\"}]},{\"@type\":\"WebSite\",\"@id\":\"https:\/\/bolting.eu\/en\/#website\",\"url\":\"https:\/\/bolting.eu\/en\/\",\"name\":\"bolting.eu\",\"description\":\"we make climbs happen\",\"publisher\":{\"@id\":\"https:\/\/bolting.eu\/en\/#organization\"},\"potentialAction\":[{\"@type\":\"SearchAction\",\"target\":{\"@type\":\"EntryPoint\",\"urlTemplate\":\"https:\/\/bolting.eu\/en\/?s={search_term_string}\"},\"query-input\":{\"@type\":\"PropertyValueSpecification\",\"valueRequired\":true,\"valueName\":\"search_term_string\"}}],\"inLanguage\":\"en-US\"},{\"@type\":[\"Organization\",\"Place\",\"SportingGoodsStore\"],\"@id\":\"https:\/\/bolting.eu\/en\/#organization\",\"name\":\"bolting.eu\",\"url\":\"https:\/\/bolting.eu\/en\/\",\"logo\":{\"@id\":\"https:\/\/bolting.eu\/en\/shop\/trittleiter-cassin-aider\/#local-main-organization-logo\"},\"image\":{\"@id\":\"https:\/\/bolting.eu\/en\/shop\/trittleiter-cassin-aider\/#local-main-organization-logo\"},\"sameAs\":[\"https:\/\/www.facebook.com\/bolting.eu\",\"https:\/\/www.instagram.com\/bolting.eu\/\"],\"address\":{\"@id\":\"https:\/\/bolting.eu\/en\/shop\/trittleiter-cassin-aider\/#local-main-place-address\"},\"geo\":{\"@type\":\"GeoCoordinates\",\"latitude\":\"47.264176340396226\",\"longitude\":\"11.380109057672346\"},\"telephone\":[\"+43 699 19083372\"],\"openingHoursSpecification\":[{\"@type\":\"OpeningHoursSpecification\",\"dayOfWeek\":[\"Monday\",\"Wednesday\",\"Friday\"],\"opens\":\"14:00\",\"closes\":\"18:00\"},{\"@type\":\"OpeningHoursSpecification\",\"dayOfWeek\":[\"Tuesday\",\"Thursday\",\"Saturday\",\"Sunday\"],\"opens\":\"00:00\",\"closes\":\"00:00\"}],\"email\":\"office@bolting.eu\",\"vatID\":\"ATU59999728\",\"priceRange\":\"$$\",\"currenciesAccepted\":\"Euro\"},{\"@type\":\"PostalAddress\",\"@id\":\"https:\/\/bolting.eu\/en\/shop\/trittleiter-cassin-aider\/#local-main-place-address\",\"streetAddress\":\"Fischnalerstra\u00dfe 4\",\"addressLocality\":\"Innsbruck\",\"postalCode\":\"6020\",\"addressRegion\":\"Tirol\",\"addressCountry\":\"AT\"},{\"@type\":\"ImageObject\",\"inLanguage\":\"en-US\",\"@id\":\"https:\/\/bolting.eu\/en\/shop\/trittleiter-cassin-aider\/#local-main-organization-logo\",\"url\":\"https:\/\/bolting.eu\/wp-content\/uploads\/2019\/09\/bolting-logo.png\",\"contentUrl\":\"https:\/\/bolting.eu\/wp-content\/uploads\/2019\/09\/bolting-logo.png\",\"width\":400,\"height\":211,\"caption\":\"bolting.eu\"}]}<\/script>\n<meta property=\"product:price:amount\" content=\"64.90\" \/>\n<meta property=\"product:price:currency\" content=\"EUR\" \/>\n<meta property=\"og:availability\" content=\"instock\" \/>\n<meta property=\"product:availability\" content=\"instock\" \/>\n<meta property=\"product:retailer_item_id\" content=\"3041\" \/>\n<meta property=\"product:condition\" content=\"new\" \/>\n<meta name=\"geo.placename\" content=\"Innsbruck\" \/>\n<meta name=\"geo.position\" content=\"47.264176340396226;11.380109057672346\" \/>\n<meta name=\"geo.region\" content=\"Austria\" \/>\n<!-- \/ Yoast SEO Premium plugin. -->","yoast_head_json":{"title":"Trittleiter Cassin Aider: jetzt online kaufen bei bolting.eu","description":"Hier findet ihr die Trittleiter Cassin Aider. Eine robuste, 5-stufe Trittleiter f\u00fcr Bigwalls, H\u00f6hlenforschung und H\u00f6henarbeiten bei bolting.eu!","robots":{"index":"index","follow":"follow","max-snippet":"max-snippet:-1","max-image-preview":"max-image-preview:large","max-video-preview":"max-video-preview:-1"},"canonical":"https:\/\/bolting.eu\/en\/shop\/trittleiter-cassin-aider\/","og_locale":"en_US","og_type":"article","og_title":"Trittleiter Cassin Aider","og_description":"Hier findet ihr die Trittleiter Cassin Aider. Eine robuste, 5-stufe Trittleiter f\u00fcr Bigwalls, H\u00f6hlenforschung und H\u00f6henarbeiten bei bolting.eu!","og_url":"https:\/\/bolting.eu\/en\/shop\/trittleiter-cassin-aider\/","og_site_name":"bolting.eu","article_publisher":"https:\/\/www.facebook.com\/bolting.eu","article_modified_time":"2025-03-27T11:52:34+00:00","og_image":[{"width":700,"height":700,"url":"https:\/\/bolting.eu\/wp-content\/uploads\/2020\/04\/Trittleiter-Cassin-Aider.jpg","type":"image\/jpeg"}],"twitter_card":"summary_large_image","twitter_misc":{"Price":"&euro;&nbsp;64,90","Availability":"In stock"},"schema":{"@context":"https:\/\/schema.org","@graph":[{"@type":["WebPage","ItemPage"],"@id":"https:\/\/bolting.eu\/en\/shop\/trittleiter-cassin-aider\/","url":"https:\/\/bolting.eu\/en\/shop\/trittleiter-cassin-aider\/","name":"Trittleiter Cassin Aider: jetzt online kaufen bei bolting.eu","isPartOf":{"@id":"https:\/\/bolting.eu\/en\/#website"},"primaryImageOfPage":{"@id":"https:\/\/bolting.eu\/en\/shop\/trittleiter-cassin-aider\/#primaryimage"},"image":{"@id":"https:\/\/bolting.eu\/en\/shop\/trittleiter-cassin-aider\/#primaryimage"},"thumbnailUrl":"https:\/\/bolting.eu\/wp-content\/uploads\/2020\/04\/Trittleiter-Cassin-Aider.jpg","datePublished":"2020-04-06T13:40:42+00:00","dateModified":"2025-03-27T11:52:34+00:00","description":"Hier findet ihr die Trittleiter Cassin Aider. Eine robuste, 5-stufe Trittleiter f\u00fcr Bigwalls, H\u00f6hlenforschung und H\u00f6henarbeiten bei bolting.eu!","breadcrumb":{"@id":"https:\/\/bolting.eu\/en\/shop\/trittleiter-cassin-aider\/#breadcrumb"},"inLanguage":"en-US","potentialAction":[{"@type":"ReadAction","target":["https:\/\/bolting.eu\/en\/shop\/trittleiter-cassin-aider\/"]}]},{"@type":"ImageObject","inLanguage":"en-US","@id":"https:\/\/bolting.eu\/en\/shop\/trittleiter-cassin-aider\/#primaryimage","url":"https:\/\/bolting.eu\/wp-content\/uploads\/2020\/04\/Trittleiter-Cassin-Aider.jpg","contentUrl":"https:\/\/bolting.eu\/wp-content\/uploads\/2020\/04\/Trittleiter-Cassin-Aider.jpg","width":700,"height":700,"caption":"Das Bild zeigt die Trittleiter Cassin Aider. Die schwarze Trittleiter steht aufrecht im Bild. Man erkennt sofort ihre Funktionsweise sowie die f\u00fcnf Trittstufen."},{"@type":"BreadcrumbList","@id":"https:\/\/bolting.eu\/en\/shop\/trittleiter-cassin-aider\/#breadcrumb","itemListElement":[{"@type":"ListItem","position":1,"name":"Shop","item":"https:\/\/bolting.eu\/en\/shop\/"},{"@type":"ListItem","position":2,"name":"Big Wall gear","item":"https:\/\/bolting.eu\/en\/produkt-kategorie\/big-wall-gear\/"},{"@type":"ListItem","position":3,"name":"Trittleiter Cassin Aider"}]},{"@type":"WebSite","@id":"https:\/\/bolting.eu\/en\/#website","url":"https:\/\/bolting.eu\/en\/","name":"bolting.eu","description":"we make climbs happen","publisher":{"@id":"https:\/\/bolting.eu\/en\/#organization"},"potentialAction":[{"@type":"SearchAction","target":{"@type":"EntryPoint","urlTemplate":"https:\/\/bolting.eu\/en\/?s={search_term_string}"},"query-input":{"@type":"PropertyValueSpecification","valueRequired":true,"valueName":"search_term_string"}}],"inLanguage":"en-US"},{"@type":["Organization","Place","SportingGoodsStore"],"@id":"https:\/\/bolting.eu\/en\/#organization","name":"bolting.eu","url":"https:\/\/bolting.eu\/en\/","logo":{"@id":"https:\/\/bolting.eu\/en\/shop\/trittleiter-cassin-aider\/#local-main-organization-logo"},"image":{"@id":"https:\/\/bolting.eu\/en\/shop\/trittleiter-cassin-aider\/#local-main-organization-logo"},"sameAs":["https:\/\/www.facebook.com\/bolting.eu","https:\/\/www.instagram.com\/bolting.eu\/"],"address":{"@id":"https:\/\/bolting.eu\/en\/shop\/trittleiter-cassin-aider\/#local-main-place-address"},"geo":{"@type":"GeoCoordinates","latitude":"47.264176340396226","longitude":"11.380109057672346"},"telephone":["+43 699 19083372"],"openingHoursSpecification":[{"@type":"OpeningHoursSpecification","dayOfWeek":["Monday","Wednesday","Friday"],"opens":"14:00","closes":"18:00"},{"@type":"OpeningHoursSpecification","dayOfWeek":["Tuesday","Thursday","Saturday","Sunday"],"opens":"00:00","closes":"00:00"}],"email":"office@bolting.eu","vatID":"ATU59999728","priceRange":"$$","currenciesAccepted":"Euro"},{"@type":"PostalAddress","@id":"https:\/\/bolting.eu\/en\/shop\/trittleiter-cassin-aider\/#local-main-place-address","streetAddress":"Fischnalerstra\u00dfe 4","addressLocality":"Innsbruck","postalCode":"6020","addressRegion":"Tirol","addressCountry":"AT"},{"@type":"ImageObject","inLanguage":"en-US","@id":"https:\/\/bolting.eu\/en\/shop\/trittleiter-cassin-aider\/#local-main-organization-logo","url":"https:\/\/bolting.eu\/wp-content\/uploads\/2019\/09\/bolting-logo.png","contentUrl":"https:\/\/bolting.eu\/wp-content\/uploads\/2019\/09\/bolting-logo.png","width":400,"height":211,"caption":"bolting.eu"}]},"product_price_amount":"64.90","product_price_currency":"EUR","og_availability":"instock","product_availability":"instock","product_retailer_item_id":"3041","product_condition":"new","geo.placename":"Innsbruck","geo.position":{"lat":"47.264176340396226","long":"11.380109057672346"},"geo.region":"Austria"},"_links":{"self":[{"href":"https:\/\/bolting.eu\/en\/wp-json\/wp\/v2\/product\/3024","targetHints":{"allow":["GET"]}}],"collection":[{"href":"https:\/\/bolting.eu\/en\/wp-json\/wp\/v2\/product"}],"about":[{"href":"https:\/\/bolting.eu\/en\/wp-json\/wp\/v2\/types\/product"}],"replies":[{"embeddable":true,"href":"https:\/\/bolting.eu\/en\/wp-json\/wp\/v2\/comments?post=3024"}],"wp:featuredmedia":[{"embeddable":true,"href":"https:\/\/bolting.eu\/en\/wp-json\/wp\/v2\/media\/3025"}],"wp:attachment":[{"href":"https:\/\/bolting.eu\/en\/wp-json\/wp\/v2\/media?parent=3024"}],"wp:term":[{"taxonomy":"product_brand","embeddable":true,"href":"https:\/\/bolting.eu\/en\/wp-json\/wp\/v2\/product_brand?post=3024"},{"taxonomy":"product_cat","embeddable":true,"href":"https:\/\/bolting.eu\/en\/wp-json\/wp\/v2\/product_cat?post=3024"},{"taxonomy":"product_tag","embeddable":true,"href":"https:\/\/bolting.eu\/en\/wp-json\/wp\/v2\/product_tag?post=3024"}],"curies":[{"name":"wp","href":"https:\/\/api.w.org\/{rel}","templated":true}]}}