{"id":3016,"date":"2020-04-03T20:07:31","date_gmt":"2020-04-03T18:07:31","guid":{"rendered":"https:\/\/bolting.eu\/?post_type=product&#038;p=3016"},"modified":"2026-03-31T23:36:03","modified_gmt":"2026-03-31T21:36:03","slug":"auspresspistole-vorpa-gross","status":"publish","type":"product","link":"https:\/\/bolting.eu\/en\/shop\/auspresspistole-vorpa-gross\/","title":{"rendered":"Auspresspistole Vorpa gross"},"content":{"rendered":"<p>Die Auspresspistole Vorpa klein ist das passende Ger\u00e4t f\u00fcr alle 400ml <a href=\"https:\/\/bolting.eu\/produkt-kategorie\/einbohrartikel\/injektionsmoertel\/\">Injektionsm\u00f6rtel<\/a> dieses Herstellers. Die robuste und langlebige Auspresspistole ist ein treuer Weggef\u00e4hrte bei allen Arbeiten mit den Verbundklebern des italienischen Herstellers.<\/p>\n<ul>\n<li><a href=\"https:\/\/bolting.eu\/klebehaken-setzen\/\">Klebehaken Setzen<\/a><\/li>\n<li><a href=\"https:\/\/bolting.eu\/kletterroute-mit-klebehaken-einrichten\/\">Kletterroute mit Klebehaken einrichten<\/a><\/li>\n<li><a href=\"https:\/\/bolting.eu\/produkt-kategorie\/klettersteigbau-klettersteigmaterial\/\">Verarbeitung Klettersteigmaterialien<\/a><\/li>\n<\/ul>\n<h3>Eigenschaften Auspresspistole Vorpa klein<\/h3>\n<ul>\n<li>robuste Bauweise<\/li>\n<li>langelebig &amp; verl\u00e4sslich<\/li>\n<li>Material: Metall<\/li>\n<li>Gewicht: 600 Gramm<\/li>\n<li>leicht zu bedienen<\/li>\n<li>f\u00fcr <a href=\"https:\/\/bolting.eu\/shop\/injektionsmoertel-vorpa-vin\/\">Vorpa Injektionsm\u00f6rtel VIN 400ml<\/a><\/li>\n<li>f\u00fcr <a href=\"https:\/\/bolting.eu\/shop\/injektionsmoertel-vorpa-vsf\/\">Vorpa Injektionsm\u00f6rtel VSF 400ml<\/a><\/li>\n<\/ul>\n<p><a href=\"https:\/\/bolting.eu\/wp-content\/uploads\/2020\/04\/Auspresspistolen.jpg\"><img loading=\"lazy\" decoding=\"async\" class=\"alignnone wp-image-3007 size-medium\" src=\"https:\/\/bolting.eu\/wp-content\/uploads\/2020\/04\/Auspresspistolen-762x400.jpg\" alt=\"\" width=\"762\" height=\"400\" srcset=\"https:\/\/bolting.eu\/wp-content\/uploads\/2020\/04\/Auspresspistolen-762x400.jpg 762w, https:\/\/bolting.eu\/wp-content\/uploads\/2020\/04\/Auspresspistolen-510x268.jpg 510w, https:\/\/bolting.eu\/wp-content\/uploads\/2020\/04\/Auspresspistolen-768x403.jpg 768w, https:\/\/bolting.eu\/wp-content\/uploads\/2020\/04\/Auspresspistolen-600x315.jpg 600w, https:\/\/bolting.eu\/wp-content\/uploads\/2020\/04\/Auspresspistolen.jpg 1200w\" sizes=\"auto, (max-width: 762px) 100vw, 762px\" \/><\/a><\/p>\n<p>Link Tipp: Besuche die <a href=\"https:\/\/www.facebook.com\/bolting.eu\/\" target=\"_blank\" rel=\"noopener noreferrer\">Facebook Seite von bolting.eu<\/a> f\u00fcr Infos, News und Einbohr Tipps auch zum Thema Injektionsm\u00f6rtel.<\/p>\n","protected":false},"excerpt":{"rendered":"<ul>\n<li>robuste Bauweise<\/li>\n<li>langelebig &amp; verl\u00e4sslich<\/li>\n<li>Material: Metall<\/li>\n<li>Gewicht: 900 Gramm<\/li>\n<li>leicht zu bedienen<\/li>\n<li>f\u00fcr Vorpa Injektionsm\u00f6rtel VIN 400ml<\/li>\n<li>f\u00fcr Vorpa Injektionsm\u00f6rtel FIS 400ml<\/li>\n<\/ul>\n","protected":false},"featured_media":3005,"comment_status":"open","ping_status":"closed","template":"","meta":[],"product_brand":[],"product_cat":[59,1210],"product_tag":[],"class_list":{"0":"post-3016","1":"product","2":"type-product","3":"status-publish","4":"has-post-thumbnail","6":"product_cat-injektionsmoertel","7":"product_cat-einbohrartikel","9":"first","10":"instock","11":"taxable","12":"shipping-taxable","13":"purchasable","14":"product-type-simple"},"yoast_head":"<!-- This site is optimized with the Yoast SEO Premium plugin v26.9 (Yoast SEO v26.9) - https:\/\/yoast.com\/product\/yoast-seo-premium-wordpress\/ -->\n<title>Auspresspistole Vorpa gross - f\u00fcr Vorpa 400ml Kartuschen | bolting.eu<\/title>\n<meta name=\"description\" content=\"Hier findet ihr die Auspresspistole Vorpa gross. Passend f\u00fcr alle Vorpa 400ml Injektionsm\u00f6rtel Kartuschen wie die Typen VSF und VIN!\" \/>\n<meta name=\"robots\" content=\"index, follow, max-snippet:-1, max-image-preview:large, max-video-preview:-1\" \/>\n<link rel=\"canonical\" href=\"https:\/\/bolting.eu\/en\/shop\/auspresspistole-vorpa-gross\/\" \/>\n<meta property=\"og:locale\" content=\"en_US\" \/>\n<meta property=\"og:type\" content=\"article\" \/>\n<meta property=\"og:title\" content=\"Auspresspistole Vorpa gross\" \/>\n<meta property=\"og:description\" content=\"Hier findet ihr die Auspresspistole Vorpa gross. Passend f\u00fcr alle Vorpa 400ml Injektionsm\u00f6rtel Kartuschen wie die Typen VSF und VIN!\" \/>\n<meta property=\"og:url\" content=\"https:\/\/bolting.eu\/en\/shop\/auspresspistole-vorpa-gross\/\" \/>\n<meta property=\"og:site_name\" content=\"bolting.eu\" \/>\n<meta property=\"article:publisher\" content=\"https:\/\/www.facebook.com\/bolting.eu\" \/>\n<meta property=\"article:modified_time\" content=\"2026-03-31T21:36:03+00:00\" \/>\n<meta property=\"og:image\" content=\"https:\/\/bolting.eu\/wp-content\/uploads\/2020\/04\/Auspresspistole-Vorpa-gross.jpg\" \/>\n\t<meta property=\"og:image:width\" content=\"700\" \/>\n\t<meta property=\"og:image:height\" content=\"700\" \/>\n\t<meta property=\"og:image:type\" content=\"image\/jpeg\" \/>\n<meta name=\"twitter:card\" content=\"summary_large_image\" \/>\n<meta name=\"twitter:label1\" content=\"Price\" \/>\n\t<meta name=\"twitter:data1\" content=\"&euro;&nbsp;39,90\" \/>\n\t<meta name=\"twitter:label2\" content=\"Availability\" \/>\n\t<meta name=\"twitter:data2\" content=\"In stock\" \/>\n<script type=\"application\/ld+json\" class=\"yoast-schema-graph\">{\"@context\":\"https:\/\/schema.org\",\"@graph\":[{\"@type\":[\"WebPage\",\"ItemPage\"],\"@id\":\"https:\/\/bolting.eu\/en\/shop\/auspresspistole-vorpa-gross\/\",\"url\":\"https:\/\/bolting.eu\/en\/shop\/auspresspistole-vorpa-gross\/\",\"name\":\"Auspresspistole Vorpa gross - f\u00fcr Vorpa 400ml Kartuschen | bolting.eu\",\"isPartOf\":{\"@id\":\"https:\/\/bolting.eu\/en\/#website\"},\"primaryImageOfPage\":{\"@id\":\"https:\/\/bolting.eu\/en\/shop\/auspresspistole-vorpa-gross\/#primaryimage\"},\"image\":{\"@id\":\"https:\/\/bolting.eu\/en\/shop\/auspresspistole-vorpa-gross\/#primaryimage\"},\"thumbnailUrl\":\"https:\/\/bolting.eu\/wp-content\/uploads\/2020\/04\/Auspresspistole-Vorpa-gross.jpg\",\"datePublished\":\"2020-04-03T18:07:31+00:00\",\"dateModified\":\"2026-03-31T21:36:03+00:00\",\"description\":\"Hier findet ihr die Auspresspistole Vorpa gross. Passend f\u00fcr alle Vorpa 400ml Injektionsm\u00f6rtel Kartuschen wie die Typen VSF und VIN!\",\"breadcrumb\":{\"@id\":\"https:\/\/bolting.eu\/en\/shop\/auspresspistole-vorpa-gross\/#breadcrumb\"},\"inLanguage\":\"en-US\",\"potentialAction\":[{\"@type\":\"ReadAction\",\"target\":[\"https:\/\/bolting.eu\/en\/shop\/auspresspistole-vorpa-gross\/\"]}]},{\"@type\":\"ImageObject\",\"inLanguage\":\"en-US\",\"@id\":\"https:\/\/bolting.eu\/en\/shop\/auspresspistole-vorpa-gross\/#primaryimage\",\"url\":\"https:\/\/bolting.eu\/wp-content\/uploads\/2020\/04\/Auspresspistole-Vorpa-gross.jpg\",\"contentUrl\":\"https:\/\/bolting.eu\/wp-content\/uploads\/2020\/04\/Auspresspistole-Vorpa-gross.jpg\",\"width\":700,\"height\":700,\"caption\":\"Das Bild zeigt die Auspresspistole Vorpa gro\u00df. Die rote Auspresspistole hat einen schwarzen griff und liegt leicht schr\u00e4g in Bildmitte, mit dem Griff rechts.\"},{\"@type\":\"BreadcrumbList\",\"@id\":\"https:\/\/bolting.eu\/en\/shop\/auspresspistole-vorpa-gross\/#breadcrumb\",\"itemListElement\":[{\"@type\":\"ListItem\",\"position\":1,\"name\":\"Shop\",\"item\":\"https:\/\/bolting.eu\/en\/shop\/\"},{\"@type\":\"ListItem\",\"position\":2,\"name\":\"bolting products\",\"item\":\"https:\/\/bolting.eu\/en\/produkt-kategorie\/bolting-products\/\"},{\"@type\":\"ListItem\",\"position\":3,\"name\":\"injection mortar\",\"item\":\"https:\/\/bolting.eu\/en\/produkt-kategorie\/injection-mortar\/\"},{\"@type\":\"ListItem\",\"position\":4,\"name\":\"Auspresspistole Vorpa gross\"}]},{\"@type\":\"WebSite\",\"@id\":\"https:\/\/bolting.eu\/en\/#website\",\"url\":\"https:\/\/bolting.eu\/en\/\",\"name\":\"bolting.eu\",\"description\":\"we make climbs happen\",\"publisher\":{\"@id\":\"https:\/\/bolting.eu\/en\/#organization\"},\"potentialAction\":[{\"@type\":\"SearchAction\",\"target\":{\"@type\":\"EntryPoint\",\"urlTemplate\":\"https:\/\/bolting.eu\/en\/?s={search_term_string}\"},\"query-input\":{\"@type\":\"PropertyValueSpecification\",\"valueRequired\":true,\"valueName\":\"search_term_string\"}}],\"inLanguage\":\"en-US\"},{\"@type\":[\"Organization\",\"Place\",\"SportingGoodsStore\"],\"@id\":\"https:\/\/bolting.eu\/en\/#organization\",\"name\":\"bolting.eu\",\"url\":\"https:\/\/bolting.eu\/en\/\",\"logo\":{\"@id\":\"https:\/\/bolting.eu\/en\/shop\/auspresspistole-vorpa-gross\/#local-main-organization-logo\"},\"image\":{\"@id\":\"https:\/\/bolting.eu\/en\/shop\/auspresspistole-vorpa-gross\/#local-main-organization-logo\"},\"sameAs\":[\"https:\/\/www.facebook.com\/bolting.eu\",\"https:\/\/www.instagram.com\/bolting.eu\/\"],\"address\":{\"@id\":\"https:\/\/bolting.eu\/en\/shop\/auspresspistole-vorpa-gross\/#local-main-place-address\"},\"geo\":{\"@type\":\"GeoCoordinates\",\"latitude\":\"47.264176340396226\",\"longitude\":\"11.380109057672346\"},\"telephone\":[\"+43 699 19083372\"],\"openingHoursSpecification\":[{\"@type\":\"OpeningHoursSpecification\",\"dayOfWeek\":[\"Monday\",\"Wednesday\",\"Friday\"],\"opens\":\"14:00\",\"closes\":\"18:00\"},{\"@type\":\"OpeningHoursSpecification\",\"dayOfWeek\":[\"Tuesday\",\"Thursday\",\"Saturday\",\"Sunday\"],\"opens\":\"00:00\",\"closes\":\"00:00\"}],\"email\":\"office@bolting.eu\",\"vatID\":\"ATU59999728\",\"priceRange\":\"$$\",\"currenciesAccepted\":\"Euro\"},{\"@type\":\"PostalAddress\",\"@id\":\"https:\/\/bolting.eu\/en\/shop\/auspresspistole-vorpa-gross\/#local-main-place-address\",\"streetAddress\":\"Fischnalerstra\u00dfe 4\",\"addressLocality\":\"Innsbruck\",\"postalCode\":\"6020\",\"addressRegion\":\"Tirol\",\"addressCountry\":\"AT\"},{\"@type\":\"ImageObject\",\"inLanguage\":\"en-US\",\"@id\":\"https:\/\/bolting.eu\/en\/shop\/auspresspistole-vorpa-gross\/#local-main-organization-logo\",\"url\":\"https:\/\/bolting.eu\/wp-content\/uploads\/2019\/09\/bolting-logo.png\",\"contentUrl\":\"https:\/\/bolting.eu\/wp-content\/uploads\/2019\/09\/bolting-logo.png\",\"width\":400,\"height\":211,\"caption\":\"bolting.eu\"}]}<\/script>\n<meta property=\"product:price:amount\" content=\"39.90\" \/>\n<meta property=\"product:price:currency\" content=\"EUR\" \/>\n<meta property=\"og:availability\" content=\"instock\" \/>\n<meta property=\"product:availability\" content=\"instock\" \/>\n<meta property=\"product:retailer_item_id\" content=\"1101\" \/>\n<meta property=\"product:condition\" content=\"new\" \/>\n<meta name=\"geo.placename\" content=\"Innsbruck\" \/>\n<meta name=\"geo.position\" content=\"47.264176340396226;11.380109057672346\" \/>\n<meta name=\"geo.region\" content=\"Austria\" \/>\n<!-- \/ Yoast SEO Premium plugin. -->","yoast_head_json":{"title":"Auspresspistole Vorpa gross - f\u00fcr Vorpa 400ml Kartuschen | bolting.eu","description":"Hier findet ihr die Auspresspistole Vorpa gross. Passend f\u00fcr alle Vorpa 400ml Injektionsm\u00f6rtel Kartuschen wie die Typen VSF und VIN!","robots":{"index":"index","follow":"follow","max-snippet":"max-snippet:-1","max-image-preview":"max-image-preview:large","max-video-preview":"max-video-preview:-1"},"canonical":"https:\/\/bolting.eu\/en\/shop\/auspresspistole-vorpa-gross\/","og_locale":"en_US","og_type":"article","og_title":"Auspresspistole Vorpa gross","og_description":"Hier findet ihr die Auspresspistole Vorpa gross. Passend f\u00fcr alle Vorpa 400ml Injektionsm\u00f6rtel Kartuschen wie die Typen VSF und VIN!","og_url":"https:\/\/bolting.eu\/en\/shop\/auspresspistole-vorpa-gross\/","og_site_name":"bolting.eu","article_publisher":"https:\/\/www.facebook.com\/bolting.eu","article_modified_time":"2026-03-31T21:36:03+00:00","og_image":[{"width":700,"height":700,"url":"https:\/\/bolting.eu\/wp-content\/uploads\/2020\/04\/Auspresspistole-Vorpa-gross.jpg","type":"image\/jpeg"}],"twitter_card":"summary_large_image","twitter_misc":{"Price":"&euro;&nbsp;39,90","Availability":"In stock"},"schema":{"@context":"https:\/\/schema.org","@graph":[{"@type":["WebPage","ItemPage"],"@id":"https:\/\/bolting.eu\/en\/shop\/auspresspistole-vorpa-gross\/","url":"https:\/\/bolting.eu\/en\/shop\/auspresspistole-vorpa-gross\/","name":"Auspresspistole Vorpa gross - f\u00fcr Vorpa 400ml Kartuschen | bolting.eu","isPartOf":{"@id":"https:\/\/bolting.eu\/en\/#website"},"primaryImageOfPage":{"@id":"https:\/\/bolting.eu\/en\/shop\/auspresspistole-vorpa-gross\/#primaryimage"},"image":{"@id":"https:\/\/bolting.eu\/en\/shop\/auspresspistole-vorpa-gross\/#primaryimage"},"thumbnailUrl":"https:\/\/bolting.eu\/wp-content\/uploads\/2020\/04\/Auspresspistole-Vorpa-gross.jpg","datePublished":"2020-04-03T18:07:31+00:00","dateModified":"2026-03-31T21:36:03+00:00","description":"Hier findet ihr die Auspresspistole Vorpa gross. Passend f\u00fcr alle Vorpa 400ml Injektionsm\u00f6rtel Kartuschen wie die Typen VSF und VIN!","breadcrumb":{"@id":"https:\/\/bolting.eu\/en\/shop\/auspresspistole-vorpa-gross\/#breadcrumb"},"inLanguage":"en-US","potentialAction":[{"@type":"ReadAction","target":["https:\/\/bolting.eu\/en\/shop\/auspresspistole-vorpa-gross\/"]}]},{"@type":"ImageObject","inLanguage":"en-US","@id":"https:\/\/bolting.eu\/en\/shop\/auspresspistole-vorpa-gross\/#primaryimage","url":"https:\/\/bolting.eu\/wp-content\/uploads\/2020\/04\/Auspresspistole-Vorpa-gross.jpg","contentUrl":"https:\/\/bolting.eu\/wp-content\/uploads\/2020\/04\/Auspresspistole-Vorpa-gross.jpg","width":700,"height":700,"caption":"Das Bild zeigt die Auspresspistole Vorpa gro\u00df. Die rote Auspresspistole hat einen schwarzen griff und liegt leicht schr\u00e4g in Bildmitte, mit dem Griff rechts."},{"@type":"BreadcrumbList","@id":"https:\/\/bolting.eu\/en\/shop\/auspresspistole-vorpa-gross\/#breadcrumb","itemListElement":[{"@type":"ListItem","position":1,"name":"Shop","item":"https:\/\/bolting.eu\/en\/shop\/"},{"@type":"ListItem","position":2,"name":"bolting products","item":"https:\/\/bolting.eu\/en\/produkt-kategorie\/bolting-products\/"},{"@type":"ListItem","position":3,"name":"injection mortar","item":"https:\/\/bolting.eu\/en\/produkt-kategorie\/injection-mortar\/"},{"@type":"ListItem","position":4,"name":"Auspresspistole Vorpa gross"}]},{"@type":"WebSite","@id":"https:\/\/bolting.eu\/en\/#website","url":"https:\/\/bolting.eu\/en\/","name":"bolting.eu","description":"we make climbs happen","publisher":{"@id":"https:\/\/bolting.eu\/en\/#organization"},"potentialAction":[{"@type":"SearchAction","target":{"@type":"EntryPoint","urlTemplate":"https:\/\/bolting.eu\/en\/?s={search_term_string}"},"query-input":{"@type":"PropertyValueSpecification","valueRequired":true,"valueName":"search_term_string"}}],"inLanguage":"en-US"},{"@type":["Organization","Place","SportingGoodsStore"],"@id":"https:\/\/bolting.eu\/en\/#organization","name":"bolting.eu","url":"https:\/\/bolting.eu\/en\/","logo":{"@id":"https:\/\/bolting.eu\/en\/shop\/auspresspistole-vorpa-gross\/#local-main-organization-logo"},"image":{"@id":"https:\/\/bolting.eu\/en\/shop\/auspresspistole-vorpa-gross\/#local-main-organization-logo"},"sameAs":["https:\/\/www.facebook.com\/bolting.eu","https:\/\/www.instagram.com\/bolting.eu\/"],"address":{"@id":"https:\/\/bolting.eu\/en\/shop\/auspresspistole-vorpa-gross\/#local-main-place-address"},"geo":{"@type":"GeoCoordinates","latitude":"47.264176340396226","longitude":"11.380109057672346"},"telephone":["+43 699 19083372"],"openingHoursSpecification":[{"@type":"OpeningHoursSpecification","dayOfWeek":["Monday","Wednesday","Friday"],"opens":"14:00","closes":"18:00"},{"@type":"OpeningHoursSpecification","dayOfWeek":["Tuesday","Thursday","Saturday","Sunday"],"opens":"00:00","closes":"00:00"}],"email":"office@bolting.eu","vatID":"ATU59999728","priceRange":"$$","currenciesAccepted":"Euro"},{"@type":"PostalAddress","@id":"https:\/\/bolting.eu\/en\/shop\/auspresspistole-vorpa-gross\/#local-main-place-address","streetAddress":"Fischnalerstra\u00dfe 4","addressLocality":"Innsbruck","postalCode":"6020","addressRegion":"Tirol","addressCountry":"AT"},{"@type":"ImageObject","inLanguage":"en-US","@id":"https:\/\/bolting.eu\/en\/shop\/auspresspistole-vorpa-gross\/#local-main-organization-logo","url":"https:\/\/bolting.eu\/wp-content\/uploads\/2019\/09\/bolting-logo.png","contentUrl":"https:\/\/bolting.eu\/wp-content\/uploads\/2019\/09\/bolting-logo.png","width":400,"height":211,"caption":"bolting.eu"}]},"product_price_amount":"39.90","product_price_currency":"EUR","og_availability":"instock","product_availability":"instock","product_retailer_item_id":"1101","product_condition":"new","geo.placename":"Innsbruck","geo.position":{"lat":"47.264176340396226","long":"11.380109057672346"},"geo.region":"Austria"},"_links":{"self":[{"href":"https:\/\/bolting.eu\/en\/wp-json\/wp\/v2\/product\/3016","targetHints":{"allow":["GET"]}}],"collection":[{"href":"https:\/\/bolting.eu\/en\/wp-json\/wp\/v2\/product"}],"about":[{"href":"https:\/\/bolting.eu\/en\/wp-json\/wp\/v2\/types\/product"}],"replies":[{"embeddable":true,"href":"https:\/\/bolting.eu\/en\/wp-json\/wp\/v2\/comments?post=3016"}],"wp:featuredmedia":[{"embeddable":true,"href":"https:\/\/bolting.eu\/en\/wp-json\/wp\/v2\/media\/3005"}],"wp:attachment":[{"href":"https:\/\/bolting.eu\/en\/wp-json\/wp\/v2\/media?parent=3016"}],"wp:term":[{"taxonomy":"product_brand","embeddable":true,"href":"https:\/\/bolting.eu\/en\/wp-json\/wp\/v2\/product_brand?post=3016"},{"taxonomy":"product_cat","embeddable":true,"href":"https:\/\/bolting.eu\/en\/wp-json\/wp\/v2\/product_cat?post=3016"},{"taxonomy":"product_tag","embeddable":true,"href":"https:\/\/bolting.eu\/en\/wp-json\/wp\/v2\/product_tag?post=3016"}],"curies":[{"name":"wp","href":"https:\/\/api.w.org\/{rel}","templated":true}]}}