{"id":2945,"date":"2020-04-02T09:55:04","date_gmt":"2020-04-02T07:55:04","guid":{"rendered":"https:\/\/bolting.eu\/?post_type=product&#038;p=2945"},"modified":"2026-03-20T19:50:05","modified_gmt":"2026-03-20T18:50:05","slug":"sds-bohrer-8mm-bolting-eu","status":"publish","type":"product","link":"https:\/\/bolting.eu\/en\/shop\/sds-bohrer-8mm-bolting-eu\/","title":{"rendered":"SDS Bohrer 8mm bolting.eu"},"content":{"rendered":"<p>Unser SDS Bohrer 8mm ist ein hochwertiges Produkt f\u00fcr alle Felsarten bzw. armierten Beton. Der SDS plus Bohrer ist sowohl bestens f\u00fcr Akku Bohrh\u00e4mmer als als auch 230V Maschinen geeignet.<\/p>\n<p>Dieses Fabrikat besteht aus Chrom-Nickel-Molybd\u00e4n Stahl. Zudem wurde die Spitze aus Karbid gefertigt um erh\u00f6hten Widerstand in festem Fels zu bieten. Der Schneidwinkel der Spitze ist \u00fcberdies optimiert f\u00fcr schnellen Vortrieb. Die effizient gestalteten Bohrwendel sorgen f\u00fcr raschen Abtransport des Bohrmehls.<\/p>\n<p>Die bolting.eu SDS Bohrer sind in unserem Sortiment die g\u00fcnstige Alternative zu den ganz hochwertigen Produkten. Sie zeichnen sich durch ein hervorragendes Preis-Leistungsverh\u00e4ltnis aus. Folglich sind sie eine sehr gute Wahl wenn man f\u00fcr kleines Budget eine gro\u00dfe Bohrleistung erwartet.<\/p>\n<h3>Eigenschaften SDS Bohrer 8mm<\/h3>\n<ul>\n<li>Schaft aus Chrom-Nickel-Molybd\u00e4n Stahl<\/li>\n<li>Spitze aus Karbid<\/li>\n<li>8mm Modell mit 6 Rillen in den Bohrwendeln<\/li>\n<li>Gesamtl\u00e4nge \/ L\u00e4nge Bohrbereich: 110mm\/50mm oder 160mm\/100mm<\/li>\n<li>hohe Bohrgeschwindigkeit<\/li>\n<li>perfekt f\u00fcr Fels, armierten Beton, Vollziegel, Hohlziegel,&#8230;<\/li>\n<li>keine PGM Pr\u00fcfmarke<\/li>\n<\/ul>\n<p><strong>Download:<\/strong> <a href=\"https:\/\/bolting.eu\/wp-content\/uploads\/2020\/04\/Technikdatenblatt-Vorpa-SDS-Bohrer-Turbo.pdf\">Technikblatt SDS Bohrer<\/a><\/p>\n<h3>Einsatzbereiche<\/h3>\n<p>Der SDS Bohrer 8mm ist ideal f\u00fcr die Verwendung beim <a href=\"https:\/\/bolting.eu\/kletterroute-einbohren\/\">Kletterroute einbohren<\/a>. Zudem wird er bei uns von H\u00f6hlenforschern sehr gesch\u00e4tzt. Kurzum. Der SDS Bohrer kommt \u00fcberall dort zum Einsatz wo 8mm <a href=\"https:\/\/bolting.eu\/produkt-kategorie\/bohrhaken\/\">Bohrhaken<\/a> bzw. <a href=\"https:\/\/bolting.eu\/produkt-kategorie\/bohrhakenlasche\/\">Bohrhakenlaschen<\/a> verwendet werden.<\/p>\n<p>Einerseits also beim <a href=\"https:\/\/bolting.eu\/kletterroute-mit-bohrhaken-einrichten\/\">Einrichten von Kletterrouten mit Bohrhaken<\/a> bzw. im alpinen Bereich beim <a href=\"https:\/\/bolting.eu\/im-vorstieg-einbohren\/\">Einbohren im Vorstieg<\/a>. Andererseits in der H\u00f6hlenforschung. Hier werden Fixpunkte meist mit 8mm Materialien eingerichtet weil sie viel weniger Aufwand und Akku Energie ben\u00f6tigen.<\/p>\n<p>Zuletzt kann der Bohrer auch als Aufsatz f\u00fcr unseren Kong Handbohrer verwendet werden bzw. jeden anderen Handbohrer mit SDS System Fassung \/ Adapter!<\/p>\n<h3>Auf Anpressdruck achten!<\/h3>\n<p><a href=\"https:\/\/bolting.eu\/wp-content\/uploads\/2020\/01\/bolting.eu-Einbohrkurs-Daniel-Horvath-1.jpg\"><img loading=\"lazy\" decoding=\"async\" class=\"wp-image-1081 size-thumbnail alignleft\" src=\"https:\/\/bolting.eu\/wp-content\/uploads\/2020\/01\/bolting.eu-Einbohrkurs-Daniel-Horvath-1-280x280.jpg\" alt=\"Das Bild zeigt einen Vorgang beim Setzen eines Bohrhakens. Im rechten Bildteil sieht man eine Hand und einen Akku Bohrhammer mit einem Bohrer der auf einen wei\u00dfen Felsblock im linken Bildteil gedr\u00fcckt wird.\" width=\"280\" height=\"280\" srcset=\"https:\/\/bolting.eu\/wp-content\/uploads\/2020\/01\/bolting.eu-Einbohrkurs-Daniel-Horvath-1-280x280.jpg 280w, https:\/\/bolting.eu\/wp-content\/uploads\/2020\/01\/bolting.eu-Einbohrkurs-Daniel-Horvath-1-300x300.jpg 300w, https:\/\/bolting.eu\/wp-content\/uploads\/2020\/01\/bolting.eu-Einbohrkurs-Daniel-Horvath-1-100x100.jpg 100w\" sizes=\"auto, (max-width: 280px) 100vw, 280px\" \/><\/a>Unser SDS Bohrer 8mm geh\u00f6rt wie alle Bohrer f\u00fcr Bohrh\u00e4mmer zu den sogenannten &#8220;Zertr\u00fcmmerungsbohrern&#8221;. D.h. die eigentliche Bohrleistung erfolgt nicht prim\u00e4r durch die Drehung. Sie erfolgt durch permanentes &#8220;Einschlagen&#8221; des Bohrers auf den Untergrund. Dabei zertr\u00fcmmert die Bohrerspitze den Bohruntergrund. Durch die permanente Drehung erfolgt der Abtrag erstens gleichm\u00e4\u00dfig. Zweitens kann somit auch das Bohrmehl abtransportiert werden.<\/p>\n<p>Aus dieser Funktionsweise ergibt sich folgende Auswirkung. Je st\u00e4rker man auf den Bohrhammer dr\u00fcckt, desto st\u00e4rker wird die Bohrerspitze belastet. Das ist aber extrem nachteilhaft f\u00fcr den SDS Bohrer. Dieser erhitzt sich stark und kann entweder abrei\u00dfen oder es k\u00f6nnen St\u00fccke abbrechen.<\/p>\n<p><strong>Dr\u00fcckt den Bohrhammer daher nur gerade so fest an, dass er zu &#8220;Schlagen&#8221; beginnt. Das reicht bereits aus um den gew\u00fcnschten Vortrieb zu sorgen. Kurzum: Weniger ist mehr!<\/strong><\/p>\n<p><strong>Ein geringerer Anpressdruck erh\u00f6ht die Lebensdauer des SDS Bohrers ganz enorm!<\/strong><\/p>\n<h3>SDS Bohrer 8mm &#8211; keine PGM Pr\u00fcfmarke<\/h3>\n<p>Der g\u00fcnstige Preis unseres Bohrers geht mit dem Fehlen der PGM Pr\u00fcfmarke einher. Diese garantiert das Schneiden Eckma\u00df. Wir haben den hier vorgestellten Bohrer selber viel in Verwendung. Weil unsere Erfahrungen immer gut waren haben wir ihn schlie\u00dflich ins Sortiment aufgenommen.<\/p>\n<p>Wer dennoch hochwertigste Bohrer verwenden will sollte zu den Produkten von Fischer oder Alpenland greifen!<\/p>\n<p>Link Tipp: Beim <a href=\"https:\/\/maltatal.rocks\" target=\"_blank\" rel=\"noopener noreferrer\">Klettern im Maltatal<\/a> findest du viele Kletterrouten die mit diesem Bohrer eingerichtet wurden!<\/p>\n","protected":false},"excerpt":{"rendered":"<ul>\n<li>Schaft aus Chrom-Nickel-Molybd\u00e4n Stahl<\/li>\n<li>Spitze aus Karbid<\/li>\n<li>8mm Modell mit 6 Rillen in den Bohrwendeln<\/li>\n<li>Gesamtl\u00e4nge: 110mm<\/li>\n<li>hohe Bohrgeschwindigkeit<\/li>\n<li>perfekt f\u00fcr Fels, armierten Beton, Vollziegel, Hohlziegel,&#8230;<\/li>\n<li>keine PGM Pr\u00fcfmarke<\/li>\n<\/ul>\n","protected":false},"featured_media":2955,"comment_status":"open","ping_status":"closed","template":"","meta":[],"product_brand":[],"product_cat":[54,1210,4670],"product_tag":[2189,504],"class_list":{"0":"post-2945","1":"product","2":"type-product","3":"status-publish","4":"has-post-thumbnail","6":"product_cat-sds-bohrer","7":"product_cat-einbohrartikel","8":"product_cat-eigenmarke","9":"product_tag-speleologie","10":"product_tag-hoehlenforschung","12":"first","13":"instock","14":"taxable","15":"shipping-taxable","16":"purchasable","17":"product-type-variable"},"yoast_head":"<!-- This site is optimized with the Yoast SEO Premium plugin v26.9 (Yoast SEO v26.9) - https:\/\/yoast.com\/product\/yoast-seo-premium-wordpress\/ -->\n<title>SDS Bohrer 8mm bolting.eu: jetzt online kaufen bei bolting.eu<\/title>\n<meta name=\"description\" content=\"Hier findet ihr den SDS BOHRER 8mm von bolting.eu. Top SDS plus Bohrer 8mm mit Karbid Spitze und effizientem Bohverhalten mit Top Preis-Leistungsverh\u00e4ltnis!\" \/>\n<meta name=\"robots\" content=\"index, follow, max-snippet:-1, max-image-preview:large, max-video-preview:-1\" \/>\n<link rel=\"canonical\" href=\"https:\/\/bolting.eu\/en\/shop\/sds-bohrer-8mm-bolting-eu\/\" \/>\n<meta property=\"og:locale\" content=\"en_US\" \/>\n<meta property=\"og:type\" content=\"article\" \/>\n<meta property=\"og:title\" content=\"SDS Bohrer 8mm bolting.eu\" \/>\n<meta property=\"og:description\" content=\"Hier findet ihr den SDS BOHRER 8mm von bolting.eu. Top SDS plus Bohrer 8mm mit Karbid Spitze und effizientem Bohverhalten mit Top Preis-Leistungsverh\u00e4ltnis!\" \/>\n<meta property=\"og:url\" content=\"https:\/\/bolting.eu\/en\/shop\/sds-bohrer-8mm-bolting-eu\/\" \/>\n<meta property=\"og:site_name\" content=\"bolting.eu\" \/>\n<meta property=\"article:publisher\" content=\"https:\/\/www.facebook.com\/bolting.eu\" \/>\n<meta property=\"article:modified_time\" content=\"2026-03-20T18:50:05+00:00\" \/>\n<meta property=\"og:image\" content=\"https:\/\/bolting.eu\/wp-content\/uploads\/2020\/04\/SDS-Bohrer-8mm-bolting.eu-2.jpg\" \/>\n\t<meta property=\"og:image:width\" content=\"700\" \/>\n\t<meta property=\"og:image:height\" content=\"700\" \/>\n\t<meta property=\"og:image:type\" content=\"image\/jpeg\" \/>\n<meta name=\"twitter:card\" content=\"summary_large_image\" \/>\n<meta name=\"twitter:label1\" content=\"Availability\" \/>\n\t<meta name=\"twitter:data1\" content=\"In stock\" \/>\n<script type=\"application\/ld+json\" class=\"yoast-schema-graph\">{\"@context\":\"https:\/\/schema.org\",\"@graph\":[{\"@type\":[\"WebPage\",\"ItemPage\"],\"@id\":\"https:\/\/bolting.eu\/en\/shop\/sds-bohrer-8mm-bolting-eu\/\",\"url\":\"https:\/\/bolting.eu\/en\/shop\/sds-bohrer-8mm-bolting-eu\/\",\"name\":\"SDS Bohrer 8mm bolting.eu: jetzt online kaufen bei bolting.eu\",\"isPartOf\":{\"@id\":\"https:\/\/bolting.eu\/en\/#website\"},\"primaryImageOfPage\":{\"@id\":\"https:\/\/bolting.eu\/en\/shop\/sds-bohrer-8mm-bolting-eu\/#primaryimage\"},\"image\":{\"@id\":\"https:\/\/bolting.eu\/en\/shop\/sds-bohrer-8mm-bolting-eu\/#primaryimage\"},\"thumbnailUrl\":\"https:\/\/bolting.eu\/wp-content\/uploads\/2020\/04\/SDS-Bohrer-8mm-bolting.eu-2.jpg\",\"datePublished\":\"2020-04-02T07:55:04+00:00\",\"dateModified\":\"2026-03-20T18:50:05+00:00\",\"description\":\"Hier findet ihr den SDS BOHRER 8mm von bolting.eu. Top SDS plus Bohrer 8mm mit Karbid Spitze und effizientem Bohverhalten mit Top Preis-Leistungsverh\u00e4ltnis!\",\"breadcrumb\":{\"@id\":\"https:\/\/bolting.eu\/en\/shop\/sds-bohrer-8mm-bolting-eu\/#breadcrumb\"},\"inLanguage\":\"en-US\",\"potentialAction\":[{\"@type\":\"ReadAction\",\"target\":[\"https:\/\/bolting.eu\/en\/shop\/sds-bohrer-8mm-bolting-eu\/\"]}]},{\"@type\":\"ImageObject\",\"inLanguage\":\"en-US\",\"@id\":\"https:\/\/bolting.eu\/en\/shop\/sds-bohrer-8mm-bolting-eu\/#primaryimage\",\"url\":\"https:\/\/bolting.eu\/wp-content\/uploads\/2020\/04\/SDS-Bohrer-8mm-bolting.eu-2.jpg\",\"contentUrl\":\"https:\/\/bolting.eu\/wp-content\/uploads\/2020\/04\/SDS-Bohrer-8mm-bolting.eu-2.jpg\",\"width\":700,\"height\":700,\"caption\":\"Das Bild zeigt einen silbernen SDS plus Bohrer 10mm. Er liegt waagrecht in der Mitte eines wei\u00dfen Quadrates mit der Bohrerspitze nach links.\"},{\"@type\":\"BreadcrumbList\",\"@id\":\"https:\/\/bolting.eu\/en\/shop\/sds-bohrer-8mm-bolting-eu\/#breadcrumb\",\"itemListElement\":[{\"@type\":\"ListItem\",\"position\":1,\"name\":\"Shop\",\"item\":\"https:\/\/bolting.eu\/en\/shop\/\"},{\"@type\":\"ListItem\",\"position\":2,\"name\":\"SDS Bohrer\",\"item\":\"https:\/\/bolting.eu\/produkt-kategorie\/sds-bohrer\/\"},{\"@type\":\"ListItem\",\"position\":3,\"name\":\"SDS Bohrer 8mm bolting.eu\"}]},{\"@type\":\"WebSite\",\"@id\":\"https:\/\/bolting.eu\/en\/#website\",\"url\":\"https:\/\/bolting.eu\/en\/\",\"name\":\"bolting.eu\",\"description\":\"we make climbs happen\",\"publisher\":{\"@id\":\"https:\/\/bolting.eu\/en\/#organization\"},\"potentialAction\":[{\"@type\":\"SearchAction\",\"target\":{\"@type\":\"EntryPoint\",\"urlTemplate\":\"https:\/\/bolting.eu\/en\/?s={search_term_string}\"},\"query-input\":{\"@type\":\"PropertyValueSpecification\",\"valueRequired\":true,\"valueName\":\"search_term_string\"}}],\"inLanguage\":\"en-US\"},{\"@type\":[\"Organization\",\"Place\",\"SportingGoodsStore\"],\"@id\":\"https:\/\/bolting.eu\/en\/#organization\",\"name\":\"bolting.eu\",\"url\":\"https:\/\/bolting.eu\/en\/\",\"logo\":{\"@id\":\"https:\/\/bolting.eu\/en\/shop\/sds-bohrer-8mm-bolting-eu\/#local-main-organization-logo\"},\"image\":{\"@id\":\"https:\/\/bolting.eu\/en\/shop\/sds-bohrer-8mm-bolting-eu\/#local-main-organization-logo\"},\"sameAs\":[\"https:\/\/www.facebook.com\/bolting.eu\",\"https:\/\/www.instagram.com\/bolting.eu\/\"],\"address\":{\"@id\":\"https:\/\/bolting.eu\/en\/shop\/sds-bohrer-8mm-bolting-eu\/#local-main-place-address\"},\"geo\":{\"@type\":\"GeoCoordinates\",\"latitude\":\"47.264176340396226\",\"longitude\":\"11.380109057672346\"},\"telephone\":[\"+43 699 19083372\"],\"openingHoursSpecification\":[{\"@type\":\"OpeningHoursSpecification\",\"dayOfWeek\":[\"Monday\",\"Wednesday\",\"Friday\"],\"opens\":\"14:00\",\"closes\":\"18:00\"},{\"@type\":\"OpeningHoursSpecification\",\"dayOfWeek\":[\"Tuesday\",\"Thursday\",\"Saturday\",\"Sunday\"],\"opens\":\"00:00\",\"closes\":\"00:00\"}],\"email\":\"office@bolting.eu\",\"vatID\":\"ATU59999728\",\"priceRange\":\"$$\",\"currenciesAccepted\":\"Euro\"},{\"@type\":\"PostalAddress\",\"@id\":\"https:\/\/bolting.eu\/en\/shop\/sds-bohrer-8mm-bolting-eu\/#local-main-place-address\",\"streetAddress\":\"Fischnalerstra\u00dfe 4\",\"addressLocality\":\"Innsbruck\",\"postalCode\":\"6020\",\"addressRegion\":\"Tirol\",\"addressCountry\":\"AT\"},{\"@type\":\"ImageObject\",\"inLanguage\":\"en-US\",\"@id\":\"https:\/\/bolting.eu\/en\/shop\/sds-bohrer-8mm-bolting-eu\/#local-main-organization-logo\",\"url\":\"https:\/\/bolting.eu\/wp-content\/uploads\/2019\/09\/bolting-logo.png\",\"contentUrl\":\"https:\/\/bolting.eu\/wp-content\/uploads\/2019\/09\/bolting-logo.png\",\"width\":400,\"height\":211,\"caption\":\"bolting.eu\"}]}<\/script>\n<meta property=\"og:availability\" content=\"instock\" \/>\n<meta property=\"product:availability\" content=\"instock\" \/>\n<meta property=\"product:retailer_item_id\" content=\"02007\" \/>\n<meta property=\"product:condition\" content=\"new\" \/>\n<meta name=\"geo.placename\" content=\"Innsbruck\" \/>\n<meta name=\"geo.position\" content=\"47.264176340396226;11.380109057672346\" \/>\n<meta name=\"geo.region\" content=\"Austria\" \/>\n<!-- \/ Yoast SEO Premium plugin. -->","yoast_head_json":{"title":"SDS Bohrer 8mm bolting.eu: jetzt online kaufen bei bolting.eu","description":"Hier findet ihr den SDS BOHRER 8mm von bolting.eu. Top SDS plus Bohrer 8mm mit Karbid Spitze und effizientem Bohverhalten mit Top Preis-Leistungsverh\u00e4ltnis!","robots":{"index":"index","follow":"follow","max-snippet":"max-snippet:-1","max-image-preview":"max-image-preview:large","max-video-preview":"max-video-preview:-1"},"canonical":"https:\/\/bolting.eu\/en\/shop\/sds-bohrer-8mm-bolting-eu\/","og_locale":"en_US","og_type":"article","og_title":"SDS Bohrer 8mm bolting.eu","og_description":"Hier findet ihr den SDS BOHRER 8mm von bolting.eu. Top SDS plus Bohrer 8mm mit Karbid Spitze und effizientem Bohverhalten mit Top Preis-Leistungsverh\u00e4ltnis!","og_url":"https:\/\/bolting.eu\/en\/shop\/sds-bohrer-8mm-bolting-eu\/","og_site_name":"bolting.eu","article_publisher":"https:\/\/www.facebook.com\/bolting.eu","article_modified_time":"2026-03-20T18:50:05+00:00","og_image":[{"width":700,"height":700,"url":"https:\/\/bolting.eu\/wp-content\/uploads\/2020\/04\/SDS-Bohrer-8mm-bolting.eu-2.jpg","type":"image\/jpeg"}],"twitter_card":"summary_large_image","twitter_misc":{"Availability":"In stock"},"schema":{"@context":"https:\/\/schema.org","@graph":[{"@type":["WebPage","ItemPage"],"@id":"https:\/\/bolting.eu\/en\/shop\/sds-bohrer-8mm-bolting-eu\/","url":"https:\/\/bolting.eu\/en\/shop\/sds-bohrer-8mm-bolting-eu\/","name":"SDS Bohrer 8mm bolting.eu: jetzt online kaufen bei bolting.eu","isPartOf":{"@id":"https:\/\/bolting.eu\/en\/#website"},"primaryImageOfPage":{"@id":"https:\/\/bolting.eu\/en\/shop\/sds-bohrer-8mm-bolting-eu\/#primaryimage"},"image":{"@id":"https:\/\/bolting.eu\/en\/shop\/sds-bohrer-8mm-bolting-eu\/#primaryimage"},"thumbnailUrl":"https:\/\/bolting.eu\/wp-content\/uploads\/2020\/04\/SDS-Bohrer-8mm-bolting.eu-2.jpg","datePublished":"2020-04-02T07:55:04+00:00","dateModified":"2026-03-20T18:50:05+00:00","description":"Hier findet ihr den SDS BOHRER 8mm von bolting.eu. Top SDS plus Bohrer 8mm mit Karbid Spitze und effizientem Bohverhalten mit Top Preis-Leistungsverh\u00e4ltnis!","breadcrumb":{"@id":"https:\/\/bolting.eu\/en\/shop\/sds-bohrer-8mm-bolting-eu\/#breadcrumb"},"inLanguage":"en-US","potentialAction":[{"@type":"ReadAction","target":["https:\/\/bolting.eu\/en\/shop\/sds-bohrer-8mm-bolting-eu\/"]}]},{"@type":"ImageObject","inLanguage":"en-US","@id":"https:\/\/bolting.eu\/en\/shop\/sds-bohrer-8mm-bolting-eu\/#primaryimage","url":"https:\/\/bolting.eu\/wp-content\/uploads\/2020\/04\/SDS-Bohrer-8mm-bolting.eu-2.jpg","contentUrl":"https:\/\/bolting.eu\/wp-content\/uploads\/2020\/04\/SDS-Bohrer-8mm-bolting.eu-2.jpg","width":700,"height":700,"caption":"Das Bild zeigt einen silbernen SDS plus Bohrer 10mm. Er liegt waagrecht in der Mitte eines wei\u00dfen Quadrates mit der Bohrerspitze nach links."},{"@type":"BreadcrumbList","@id":"https:\/\/bolting.eu\/en\/shop\/sds-bohrer-8mm-bolting-eu\/#breadcrumb","itemListElement":[{"@type":"ListItem","position":1,"name":"Shop","item":"https:\/\/bolting.eu\/en\/shop\/"},{"@type":"ListItem","position":2,"name":"SDS Bohrer","item":"https:\/\/bolting.eu\/produkt-kategorie\/sds-bohrer\/"},{"@type":"ListItem","position":3,"name":"SDS Bohrer 8mm bolting.eu"}]},{"@type":"WebSite","@id":"https:\/\/bolting.eu\/en\/#website","url":"https:\/\/bolting.eu\/en\/","name":"bolting.eu","description":"we make climbs happen","publisher":{"@id":"https:\/\/bolting.eu\/en\/#organization"},"potentialAction":[{"@type":"SearchAction","target":{"@type":"EntryPoint","urlTemplate":"https:\/\/bolting.eu\/en\/?s={search_term_string}"},"query-input":{"@type":"PropertyValueSpecification","valueRequired":true,"valueName":"search_term_string"}}],"inLanguage":"en-US"},{"@type":["Organization","Place","SportingGoodsStore"],"@id":"https:\/\/bolting.eu\/en\/#organization","name":"bolting.eu","url":"https:\/\/bolting.eu\/en\/","logo":{"@id":"https:\/\/bolting.eu\/en\/shop\/sds-bohrer-8mm-bolting-eu\/#local-main-organization-logo"},"image":{"@id":"https:\/\/bolting.eu\/en\/shop\/sds-bohrer-8mm-bolting-eu\/#local-main-organization-logo"},"sameAs":["https:\/\/www.facebook.com\/bolting.eu","https:\/\/www.instagram.com\/bolting.eu\/"],"address":{"@id":"https:\/\/bolting.eu\/en\/shop\/sds-bohrer-8mm-bolting-eu\/#local-main-place-address"},"geo":{"@type":"GeoCoordinates","latitude":"47.264176340396226","longitude":"11.380109057672346"},"telephone":["+43 699 19083372"],"openingHoursSpecification":[{"@type":"OpeningHoursSpecification","dayOfWeek":["Monday","Wednesday","Friday"],"opens":"14:00","closes":"18:00"},{"@type":"OpeningHoursSpecification","dayOfWeek":["Tuesday","Thursday","Saturday","Sunday"],"opens":"00:00","closes":"00:00"}],"email":"office@bolting.eu","vatID":"ATU59999728","priceRange":"$$","currenciesAccepted":"Euro"},{"@type":"PostalAddress","@id":"https:\/\/bolting.eu\/en\/shop\/sds-bohrer-8mm-bolting-eu\/#local-main-place-address","streetAddress":"Fischnalerstra\u00dfe 4","addressLocality":"Innsbruck","postalCode":"6020","addressRegion":"Tirol","addressCountry":"AT"},{"@type":"ImageObject","inLanguage":"en-US","@id":"https:\/\/bolting.eu\/en\/shop\/sds-bohrer-8mm-bolting-eu\/#local-main-organization-logo","url":"https:\/\/bolting.eu\/wp-content\/uploads\/2019\/09\/bolting-logo.png","contentUrl":"https:\/\/bolting.eu\/wp-content\/uploads\/2019\/09\/bolting-logo.png","width":400,"height":211,"caption":"bolting.eu"}]},"og_availability":"instock","product_availability":"instock","product_retailer_item_id":"02007","product_condition":"new","geo.placename":"Innsbruck","geo.position":{"lat":"47.264176340396226","long":"11.380109057672346"},"geo.region":"Austria"},"_links":{"self":[{"href":"https:\/\/bolting.eu\/en\/wp-json\/wp\/v2\/product\/2945","targetHints":{"allow":["GET"]}}],"collection":[{"href":"https:\/\/bolting.eu\/en\/wp-json\/wp\/v2\/product"}],"about":[{"href":"https:\/\/bolting.eu\/en\/wp-json\/wp\/v2\/types\/product"}],"replies":[{"embeddable":true,"href":"https:\/\/bolting.eu\/en\/wp-json\/wp\/v2\/comments?post=2945"}],"wp:featuredmedia":[{"embeddable":true,"href":"https:\/\/bolting.eu\/en\/wp-json\/wp\/v2\/media\/2955"}],"wp:attachment":[{"href":"https:\/\/bolting.eu\/en\/wp-json\/wp\/v2\/media?parent=2945"}],"wp:term":[{"taxonomy":"product_brand","embeddable":true,"href":"https:\/\/bolting.eu\/en\/wp-json\/wp\/v2\/product_brand?post=2945"},{"taxonomy":"product_cat","embeddable":true,"href":"https:\/\/bolting.eu\/en\/wp-json\/wp\/v2\/product_cat?post=2945"},{"taxonomy":"product_tag","embeddable":true,"href":"https:\/\/bolting.eu\/en\/wp-json\/wp\/v2\/product_tag?post=2945"}],"curies":[{"name":"wp","href":"https:\/\/api.w.org\/{rel}","templated":true}]}}