{"id":2925,"date":"2020-03-30T14:37:08","date_gmt":"2020-03-30T12:37:08","guid":{"rendered":"https:\/\/bolting.eu\/?post_type=product&#038;p=2925"},"modified":"2023-05-05T15:05:12","modified_gmt":"2023-05-05T13:05:12","slug":"liquid-chalk-secret-stuff-fritionlabs","status":"publish","type":"product","link":"https:\/\/bolting.eu\/en\/shop\/liquid-chalk-secret-stuff-fritionlabs\/","title":{"rendered":"Liquid Chalk Secret Stuff Frictionlabs"},"content":{"rendered":"<p>Das Liquid Chalk Secret Stuff von Frictionlabs ist das fl\u00fcssige Magnesium des US Herstellers. Es weist einerseits einen extrem hohen Reinheitsgrad auf. Wer hier jede Menge F\u00fcller, Trocknungsmittel und seifige Bestandteile sucht ist falsch am Platz. Andererseits sind die Magnesium Partikel in diesem Chalk extrem fein. Deshalb ist es perfekt dazu geeignet eine &#8220;Base Layer&#8221; auf den H\u00e4nden zu schaffen. Somit braucht ihr sp\u00e4ter nicht so oft in Euer <a href=\"https:\/\/bolting.eu\/produkt-kategorie\/chalkbags\/\">Chalkbag<\/a> bzw. <a href=\"https:\/\/bolting.eu\/produkt-kategorie\/chalkbag-bouldern\/\">Boulder Chalkbag<\/a> greifen!<\/p>\n<p>Hierbei handelt es sich um die alkoholh\u00e4ltige Version des Liquid Chalks. Es gibt auch eine alternative Variante ohne Alkohol, das Secret Stuff alkoholfrei.<\/p>\n<h3>Video Base Layer<\/h3>\n<p>Das Liquid Chalk Secret Stuff von Frictionlabs hilft dir eine Basis Lage von Chalk auf deine H\u00e4nde zu bekommen. D.h. eine sehr trockene Schichte auf den H\u00e4nden um sp\u00e4ter nicht so oft nachchalken zu m\u00fcssen.<\/p>\n<p><iframe loading=\"lazy\" src=\"https:\/\/www.youtube.com\/embed\/pz1LqZiWBKQ\" width=\"100%\" height=\"450\" frameborder=\"0\" allowfullscreen=\"allowfullscreen\"><span data-mce-type=\"bookmark\" style=\"display: inline-block; width: 0px; overflow: hidden; line-height: 0;\" class=\"mce_SELRES_start\">\ufeff<\/span><\/iframe><\/p>\n<h3>Eigenschaften Liquid Chalk Secret Stuff von Frictionlabs<\/h3>\n<ul>\n<li>Liquid Chalk mit extrem hoher Reinheit<\/li>\n<li>sehr feine Magnesium Partikel<\/li>\n<li>Inhalt: 75ml<\/li>\n<li>Hersteller: Friction Labs<\/li>\n<li>Verpackung: solide, wiederverschlie\u00dfbare Tube<\/li>\n<li>hoch effektiv \u2013 man braucht weniger Chalk als sonst<\/li>\n<\/ul>\n<h3>Die Chalk \u201eEtikette\u201c<\/h3>\n<p>Es gibt immer mehr Kletterer und Boulderer die an den Fels gehen. Wir alle Chalken ganz ordentlich drauf los und deswegen sehen unsere geliebten Felsen nicht immer sch\u00f6n aus. Vom \u201especkig\u201c werden ganz abgesehen.<\/p>\n<p>Daher hat sich ein \u201egentlemen\u00b4s agreement\u201c in der Klettercommunity durchgesetzt. Eine simple Etikette ganz nach dem Motto f\u00fcr den Fels gut \u2013 f\u00fcr uns alle gut! Bitte beachte auch du diese einfachen Punkte wenn ihr das Frictionlabs Liquid Chalk Secret Stuff verwendet.<\/p>\n<ul>\n<li>ben\u00fctze Chalk \u00fcberlegt und in Ma\u00dfen<\/li>\n<li>putze angechalkte Griffe wenn du schon dabei bist<\/li>\n<li>putze besonders jene Stellen beim Ablassen, wo du lange probiert hast<\/li>\n<li>versuche Tick Marks in Grenzen zu halten<\/li>\n<li>entferne deine n\u00f6tigen Tick Marks am Ende des Tages wieder<\/li>\n<li>beim Bouldern putzt bitte ordentlich den ganzen Block wenn ihr fertig seid<\/li>\n<\/ul>\n<p>Bei uns findest Du nat\u00fcrlich ein riesige Auswahl an <a href=\"https:\/\/bolting.eu\/produkt-kategorie\/boulderbuersten\/\">Boulderb\u00fcrsten<\/a> damit es keine Ausreden mehr gibt <img decoding=\"async\" class=\"emoji\" draggable=\"false\" src=\"https:\/\/s.w.org\/images\/core\/emoji\/12.0.0-1\/svg\/1f609.svg\" alt=\"\ud83d\ude09\" \/><\/p>\n<p>Link Tipp: <a href=\"https:\/\/frictionlabs.com\" target=\"_blank\" rel=\"noopener noreferrer\">zum Hersteller<\/a><\/p>\n<p>&nbsp;<\/p>\n","protected":false},"excerpt":{"rendered":"<ul>\n<li>Liquid Chalk mit extrem hoher Reinheit<\/li>\n<li>sehr feine Magnesium Partikel<\/li>\n<li>Inhalt: 75ml<\/li>\n<li>Hersteller: Friction Labs<\/li>\n<li>Verpackung: solide, wiederverschlie\u00dfbare Tube<\/li>\n<li>hoch effektiv \u2013 man braucht weniger Chalk als sonst<\/li>\n<\/ul>\n","protected":false},"featured_media":2926,"comment_status":"open","ping_status":"closed","template":"","meta":[],"product_brand":[],"product_cat":[5007,5284,5676],"product_tag":[264,15039,14864,263],"class_list":{"0":"post-2925","1":"product","2":"type-product","3":"status-publish","4":"has-post-thumbnail","6":"product_cat-chalk-klettern","7":"product_cat-boulder-ausruestung","8":"product_cat-frictionlabs","9":"product_tag-sportklettern","10":"product_tag-climbing-hall","11":"product_tag-alpine-climbing","12":"product_tag-bouldern","14":"first","15":"outofstock","16":"sale","17":"taxable","18":"shipping-taxable","19":"purchasable","20":"product-type-simple"},"yoast_head":"<!-- This site is optimized with the Yoast SEO Premium plugin v26.9 (Yoast SEO v26.9) - https:\/\/yoast.com\/product\/yoast-seo-premium-wordpress\/ -->\n<title>Liquid Chalk Secret Stuff Frictionlabs: jetzt online kaufen bei bolting.eu<\/title>\n<meta name=\"description\" content=\"Hier findest du das Liquid Chalk Secret Stuff von Frictionlabs. Ein super reines, extrem feinporiges fl\u00fcssiges Magnesium zum Klettern &amp; Bouldern!\" \/>\n<meta name=\"robots\" content=\"index, follow, max-snippet:-1, max-image-preview:large, max-video-preview:-1\" \/>\n<link rel=\"canonical\" href=\"https:\/\/bolting.eu\/en\/shop\/liquid-chalk-secret-stuff-fritionlabs\/\" \/>\n<meta property=\"og:locale\" content=\"en_US\" \/>\n<meta property=\"og:type\" content=\"article\" \/>\n<meta property=\"og:title\" content=\"Liquid Chalk Secret Stuff Frictionlabs\" \/>\n<meta property=\"og:description\" content=\"Hier findest du das Liquid Chalk Secret Stuff von Frictionlabs. Ein super reines, extrem feinporiges fl\u00fcssiges Magnesium zum Klettern &amp; Bouldern!\" \/>\n<meta property=\"og:url\" content=\"https:\/\/bolting.eu\/en\/shop\/liquid-chalk-secret-stuff-fritionlabs\/\" \/>\n<meta property=\"og:site_name\" content=\"bolting.eu\" \/>\n<meta property=\"article:publisher\" content=\"https:\/\/www.facebook.com\/bolting.eu\" \/>\n<meta property=\"article:modified_time\" content=\"2023-05-05T13:05:12+00:00\" \/>\n<meta property=\"og:image\" content=\"https:\/\/bolting.eu\/wp-content\/uploads\/2020\/03\/Frictionlabs-Secret-Stuff-Liquid-Chalk.jpg\" \/>\n\t<meta property=\"og:image:width\" content=\"700\" \/>\n\t<meta property=\"og:image:height\" content=\"700\" \/>\n\t<meta property=\"og:image:type\" content=\"image\/jpeg\" \/>\n<meta name=\"twitter:card\" content=\"summary_large_image\" \/>\n<meta name=\"twitter:label1\" content=\"Price\" \/>\n\t<meta name=\"twitter:data1\" content=\"&euro;&nbsp;14,90\" \/>\n\t<meta name=\"twitter:label2\" content=\"Availability\" \/>\n\t<meta name=\"twitter:data2\" content=\"Out of stock\" \/>\n<script type=\"application\/ld+json\" class=\"yoast-schema-graph\">{\"@context\":\"https:\/\/schema.org\",\"@graph\":[{\"@type\":[\"WebPage\",\"ItemPage\"],\"@id\":\"https:\/\/bolting.eu\/en\/shop\/liquid-chalk-secret-stuff-fritionlabs\/\",\"url\":\"https:\/\/bolting.eu\/en\/shop\/liquid-chalk-secret-stuff-fritionlabs\/\",\"name\":\"Liquid Chalk Secret Stuff Frictionlabs: jetzt online kaufen bei bolting.eu\",\"isPartOf\":{\"@id\":\"https:\/\/bolting.eu\/en\/#website\"},\"primaryImageOfPage\":{\"@id\":\"https:\/\/bolting.eu\/en\/shop\/liquid-chalk-secret-stuff-fritionlabs\/#primaryimage\"},\"image\":{\"@id\":\"https:\/\/bolting.eu\/en\/shop\/liquid-chalk-secret-stuff-fritionlabs\/#primaryimage\"},\"thumbnailUrl\":\"https:\/\/bolting.eu\/wp-content\/uploads\/2020\/03\/Frictionlabs-Secret-Stuff-Liquid-Chalk.jpg\",\"datePublished\":\"2020-03-30T12:37:08+00:00\",\"dateModified\":\"2023-05-05T13:05:12+00:00\",\"description\":\"Hier findest du das Liquid Chalk Secret Stuff von Frictionlabs. Ein super reines, extrem feinporiges fl\u00fcssiges Magnesium zum Klettern & Bouldern!\",\"breadcrumb\":{\"@id\":\"https:\/\/bolting.eu\/en\/shop\/liquid-chalk-secret-stuff-fritionlabs\/#breadcrumb\"},\"inLanguage\":\"en-US\",\"potentialAction\":[{\"@type\":\"ReadAction\",\"target\":[\"https:\/\/bolting.eu\/en\/shop\/liquid-chalk-secret-stuff-fritionlabs\/\"]}]},{\"@type\":\"ImageObject\",\"inLanguage\":\"en-US\",\"@id\":\"https:\/\/bolting.eu\/en\/shop\/liquid-chalk-secret-stuff-fritionlabs\/#primaryimage\",\"url\":\"https:\/\/bolting.eu\/wp-content\/uploads\/2020\/03\/Frictionlabs-Secret-Stuff-Liquid-Chalk.jpg\",\"contentUrl\":\"https:\/\/bolting.eu\/wp-content\/uploads\/2020\/03\/Frictionlabs-Secret-Stuff-Liquid-Chalk.jpg\",\"width\":700,\"height\":700,\"caption\":\"Das Bild zeigt eine schwarze Tube Liquid Chalk Secret Stuff von Frictionlabs. Sie steht am Kopf in Bildmitte. Man erkennt deutlich das Design des Produktes mit einem schematischen Dedektiv Kopf und Produktname.\"},{\"@type\":\"BreadcrumbList\",\"@id\":\"https:\/\/bolting.eu\/en\/shop\/liquid-chalk-secret-stuff-fritionlabs\/#breadcrumb\",\"itemListElement\":[{\"@type\":\"ListItem\",\"position\":1,\"name\":\"Shop\",\"item\":\"https:\/\/bolting.eu\/en\/shop\/\"},{\"@type\":\"ListItem\",\"position\":2,\"name\":\"climbing equipment\",\"item\":\"https:\/\/bolting.eu\/en\/produkt-kategorie\/climbing-equipment\/\"},{\"@type\":\"ListItem\",\"position\":3,\"name\":\"Chalk Klettern\",\"item\":\"https:\/\/bolting.eu\/produkt-kategorie\/kletterausruestung\/chalk-klettern\/\"},{\"@type\":\"ListItem\",\"position\":4,\"name\":\"Liquid Chalk Secret Stuff Frictionlabs\"}]},{\"@type\":\"WebSite\",\"@id\":\"https:\/\/bolting.eu\/en\/#website\",\"url\":\"https:\/\/bolting.eu\/en\/\",\"name\":\"bolting.eu\",\"description\":\"we make climbs happen\",\"publisher\":{\"@id\":\"https:\/\/bolting.eu\/en\/#organization\"},\"potentialAction\":[{\"@type\":\"SearchAction\",\"target\":{\"@type\":\"EntryPoint\",\"urlTemplate\":\"https:\/\/bolting.eu\/en\/?s={search_term_string}\"},\"query-input\":{\"@type\":\"PropertyValueSpecification\",\"valueRequired\":true,\"valueName\":\"search_term_string\"}}],\"inLanguage\":\"en-US\"},{\"@type\":[\"Organization\",\"Place\",\"SportingGoodsStore\"],\"@id\":\"https:\/\/bolting.eu\/en\/#organization\",\"name\":\"bolting.eu\",\"url\":\"https:\/\/bolting.eu\/en\/\",\"logo\":{\"@id\":\"https:\/\/bolting.eu\/en\/shop\/liquid-chalk-secret-stuff-fritionlabs\/#local-main-organization-logo\"},\"image\":{\"@id\":\"https:\/\/bolting.eu\/en\/shop\/liquid-chalk-secret-stuff-fritionlabs\/#local-main-organization-logo\"},\"sameAs\":[\"https:\/\/www.facebook.com\/bolting.eu\",\"https:\/\/www.instagram.com\/bolting.eu\/\"],\"address\":{\"@id\":\"https:\/\/bolting.eu\/en\/shop\/liquid-chalk-secret-stuff-fritionlabs\/#local-main-place-address\"},\"geo\":{\"@type\":\"GeoCoordinates\",\"latitude\":\"47.264176340396226\",\"longitude\":\"11.380109057672346\"},\"telephone\":[\"+43 699 19083372\"],\"openingHoursSpecification\":[{\"@type\":\"OpeningHoursSpecification\",\"dayOfWeek\":[\"Monday\",\"Wednesday\",\"Friday\"],\"opens\":\"14:00\",\"closes\":\"18:00\"},{\"@type\":\"OpeningHoursSpecification\",\"dayOfWeek\":[\"Tuesday\",\"Thursday\",\"Saturday\",\"Sunday\"],\"opens\":\"00:00\",\"closes\":\"00:00\"}],\"email\":\"office@bolting.eu\",\"vatID\":\"ATU59999728\",\"priceRange\":\"$$\",\"currenciesAccepted\":\"Euro\"},{\"@type\":\"PostalAddress\",\"@id\":\"https:\/\/bolting.eu\/en\/shop\/liquid-chalk-secret-stuff-fritionlabs\/#local-main-place-address\",\"streetAddress\":\"Fischnalerstra\u00dfe 4\",\"addressLocality\":\"Innsbruck\",\"postalCode\":\"6020\",\"addressRegion\":\"Tirol\",\"addressCountry\":\"AT\"},{\"@type\":\"ImageObject\",\"inLanguage\":\"en-US\",\"@id\":\"https:\/\/bolting.eu\/en\/shop\/liquid-chalk-secret-stuff-fritionlabs\/#local-main-organization-logo\",\"url\":\"https:\/\/bolting.eu\/wp-content\/uploads\/2019\/09\/bolting-logo.png\",\"contentUrl\":\"https:\/\/bolting.eu\/wp-content\/uploads\/2019\/09\/bolting-logo.png\",\"width\":400,\"height\":211,\"caption\":\"bolting.eu\"}]}<\/script>\n<meta property=\"product:price:amount\" content=\"14.90\" \/>\n<meta property=\"product:price:currency\" content=\"EUR\" \/>\n<meta property=\"og:availability\" content=\"out of stock\" \/>\n<meta property=\"product:availability\" content=\"out of stock\" \/>\n<meta property=\"product:retailer_item_id\" content=\"FL_secretstuff\" \/>\n<meta property=\"product:condition\" content=\"new\" \/>\n<meta name=\"geo.placename\" content=\"Innsbruck\" \/>\n<meta name=\"geo.position\" content=\"47.264176340396226;11.380109057672346\" \/>\n<meta name=\"geo.region\" content=\"Austria\" \/>\n<!-- \/ Yoast SEO Premium plugin. -->","yoast_head_json":{"title":"Liquid Chalk Secret Stuff Frictionlabs: jetzt online kaufen bei bolting.eu","description":"Hier findest du das Liquid Chalk Secret Stuff von Frictionlabs. Ein super reines, extrem feinporiges fl\u00fcssiges Magnesium zum Klettern & Bouldern!","robots":{"index":"index","follow":"follow","max-snippet":"max-snippet:-1","max-image-preview":"max-image-preview:large","max-video-preview":"max-video-preview:-1"},"canonical":"https:\/\/bolting.eu\/en\/shop\/liquid-chalk-secret-stuff-fritionlabs\/","og_locale":"en_US","og_type":"article","og_title":"Liquid Chalk Secret Stuff Frictionlabs","og_description":"Hier findest du das Liquid Chalk Secret Stuff von Frictionlabs. Ein super reines, extrem feinporiges fl\u00fcssiges Magnesium zum Klettern & Bouldern!","og_url":"https:\/\/bolting.eu\/en\/shop\/liquid-chalk-secret-stuff-fritionlabs\/","og_site_name":"bolting.eu","article_publisher":"https:\/\/www.facebook.com\/bolting.eu","article_modified_time":"2023-05-05T13:05:12+00:00","og_image":[{"width":700,"height":700,"url":"https:\/\/bolting.eu\/wp-content\/uploads\/2020\/03\/Frictionlabs-Secret-Stuff-Liquid-Chalk.jpg","type":"image\/jpeg"}],"twitter_card":"summary_large_image","twitter_misc":{"Price":"&euro;&nbsp;14,90","Availability":"Out of stock"},"schema":{"@context":"https:\/\/schema.org","@graph":[{"@type":["WebPage","ItemPage"],"@id":"https:\/\/bolting.eu\/en\/shop\/liquid-chalk-secret-stuff-fritionlabs\/","url":"https:\/\/bolting.eu\/en\/shop\/liquid-chalk-secret-stuff-fritionlabs\/","name":"Liquid Chalk Secret Stuff Frictionlabs: jetzt online kaufen bei bolting.eu","isPartOf":{"@id":"https:\/\/bolting.eu\/en\/#website"},"primaryImageOfPage":{"@id":"https:\/\/bolting.eu\/en\/shop\/liquid-chalk-secret-stuff-fritionlabs\/#primaryimage"},"image":{"@id":"https:\/\/bolting.eu\/en\/shop\/liquid-chalk-secret-stuff-fritionlabs\/#primaryimage"},"thumbnailUrl":"https:\/\/bolting.eu\/wp-content\/uploads\/2020\/03\/Frictionlabs-Secret-Stuff-Liquid-Chalk.jpg","datePublished":"2020-03-30T12:37:08+00:00","dateModified":"2023-05-05T13:05:12+00:00","description":"Hier findest du das Liquid Chalk Secret Stuff von Frictionlabs. Ein super reines, extrem feinporiges fl\u00fcssiges Magnesium zum Klettern & Bouldern!","breadcrumb":{"@id":"https:\/\/bolting.eu\/en\/shop\/liquid-chalk-secret-stuff-fritionlabs\/#breadcrumb"},"inLanguage":"en-US","potentialAction":[{"@type":"ReadAction","target":["https:\/\/bolting.eu\/en\/shop\/liquid-chalk-secret-stuff-fritionlabs\/"]}]},{"@type":"ImageObject","inLanguage":"en-US","@id":"https:\/\/bolting.eu\/en\/shop\/liquid-chalk-secret-stuff-fritionlabs\/#primaryimage","url":"https:\/\/bolting.eu\/wp-content\/uploads\/2020\/03\/Frictionlabs-Secret-Stuff-Liquid-Chalk.jpg","contentUrl":"https:\/\/bolting.eu\/wp-content\/uploads\/2020\/03\/Frictionlabs-Secret-Stuff-Liquid-Chalk.jpg","width":700,"height":700,"caption":"Das Bild zeigt eine schwarze Tube Liquid Chalk Secret Stuff von Frictionlabs. Sie steht am Kopf in Bildmitte. Man erkennt deutlich das Design des Produktes mit einem schematischen Dedektiv Kopf und Produktname."},{"@type":"BreadcrumbList","@id":"https:\/\/bolting.eu\/en\/shop\/liquid-chalk-secret-stuff-fritionlabs\/#breadcrumb","itemListElement":[{"@type":"ListItem","position":1,"name":"Shop","item":"https:\/\/bolting.eu\/en\/shop\/"},{"@type":"ListItem","position":2,"name":"climbing equipment","item":"https:\/\/bolting.eu\/en\/produkt-kategorie\/climbing-equipment\/"},{"@type":"ListItem","position":3,"name":"Chalk Klettern","item":"https:\/\/bolting.eu\/produkt-kategorie\/kletterausruestung\/chalk-klettern\/"},{"@type":"ListItem","position":4,"name":"Liquid Chalk Secret Stuff Frictionlabs"}]},{"@type":"WebSite","@id":"https:\/\/bolting.eu\/en\/#website","url":"https:\/\/bolting.eu\/en\/","name":"bolting.eu","description":"we make climbs happen","publisher":{"@id":"https:\/\/bolting.eu\/en\/#organization"},"potentialAction":[{"@type":"SearchAction","target":{"@type":"EntryPoint","urlTemplate":"https:\/\/bolting.eu\/en\/?s={search_term_string}"},"query-input":{"@type":"PropertyValueSpecification","valueRequired":true,"valueName":"search_term_string"}}],"inLanguage":"en-US"},{"@type":["Organization","Place","SportingGoodsStore"],"@id":"https:\/\/bolting.eu\/en\/#organization","name":"bolting.eu","url":"https:\/\/bolting.eu\/en\/","logo":{"@id":"https:\/\/bolting.eu\/en\/shop\/liquid-chalk-secret-stuff-fritionlabs\/#local-main-organization-logo"},"image":{"@id":"https:\/\/bolting.eu\/en\/shop\/liquid-chalk-secret-stuff-fritionlabs\/#local-main-organization-logo"},"sameAs":["https:\/\/www.facebook.com\/bolting.eu","https:\/\/www.instagram.com\/bolting.eu\/"],"address":{"@id":"https:\/\/bolting.eu\/en\/shop\/liquid-chalk-secret-stuff-fritionlabs\/#local-main-place-address"},"geo":{"@type":"GeoCoordinates","latitude":"47.264176340396226","longitude":"11.380109057672346"},"telephone":["+43 699 19083372"],"openingHoursSpecification":[{"@type":"OpeningHoursSpecification","dayOfWeek":["Monday","Wednesday","Friday"],"opens":"14:00","closes":"18:00"},{"@type":"OpeningHoursSpecification","dayOfWeek":["Tuesday","Thursday","Saturday","Sunday"],"opens":"00:00","closes":"00:00"}],"email":"office@bolting.eu","vatID":"ATU59999728","priceRange":"$$","currenciesAccepted":"Euro"},{"@type":"PostalAddress","@id":"https:\/\/bolting.eu\/en\/shop\/liquid-chalk-secret-stuff-fritionlabs\/#local-main-place-address","streetAddress":"Fischnalerstra\u00dfe 4","addressLocality":"Innsbruck","postalCode":"6020","addressRegion":"Tirol","addressCountry":"AT"},{"@type":"ImageObject","inLanguage":"en-US","@id":"https:\/\/bolting.eu\/en\/shop\/liquid-chalk-secret-stuff-fritionlabs\/#local-main-organization-logo","url":"https:\/\/bolting.eu\/wp-content\/uploads\/2019\/09\/bolting-logo.png","contentUrl":"https:\/\/bolting.eu\/wp-content\/uploads\/2019\/09\/bolting-logo.png","width":400,"height":211,"caption":"bolting.eu"}]},"product_price_amount":"14.90","product_price_currency":"EUR","og_availability":"out of stock","product_availability":"out of stock","product_retailer_item_id":"FL_secretstuff","product_condition":"new","geo.placename":"Innsbruck","geo.position":{"lat":"47.264176340396226","long":"11.380109057672346"},"geo.region":"Austria"},"_links":{"self":[{"href":"https:\/\/bolting.eu\/en\/wp-json\/wp\/v2\/product\/2925","targetHints":{"allow":["GET"]}}],"collection":[{"href":"https:\/\/bolting.eu\/en\/wp-json\/wp\/v2\/product"}],"about":[{"href":"https:\/\/bolting.eu\/en\/wp-json\/wp\/v2\/types\/product"}],"replies":[{"embeddable":true,"href":"https:\/\/bolting.eu\/en\/wp-json\/wp\/v2\/comments?post=2925"}],"wp:featuredmedia":[{"embeddable":true,"href":"https:\/\/bolting.eu\/en\/wp-json\/wp\/v2\/media\/2926"}],"wp:attachment":[{"href":"https:\/\/bolting.eu\/en\/wp-json\/wp\/v2\/media?parent=2925"}],"wp:term":[{"taxonomy":"product_brand","embeddable":true,"href":"https:\/\/bolting.eu\/en\/wp-json\/wp\/v2\/product_brand?post=2925"},{"taxonomy":"product_cat","embeddable":true,"href":"https:\/\/bolting.eu\/en\/wp-json\/wp\/v2\/product_cat?post=2925"},{"taxonomy":"product_tag","embeddable":true,"href":"https:\/\/bolting.eu\/en\/wp-json\/wp\/v2\/product_tag?post=2925"}],"curies":[{"name":"wp","href":"https:\/\/api.w.org\/{rel}","templated":true}]}}