{"id":2921,"date":"2020-03-30T13:25:46","date_gmt":"2020-03-30T11:25:46","guid":{"rendered":"https:\/\/bolting.eu\/?post_type=product&#038;p=2921"},"modified":"2025-06-04T15:25:42","modified_gmt":"2025-06-04T13:25:42","slug":"frictionlabs-bam-bam-chalk","status":"publish","type":"product","link":"https:\/\/bolting.eu\/en\/shop\/frictionlabs-bam-bam-chalk\/","title":{"rendered":"Frictionlabs Bam Bam Chalk"},"content":{"rendered":"<p>Das Frictionlabs Bam Bam Chalk ist das gr\u00f6bste der drei Magnesium Sorten des US Herstellers. Es ist also etwas f\u00fcr Kletterer, die sehr grob strukturiertes Chalk bevorzugen. Zudem weist dieses Produkt wie alle Produkte dieses Herstellers, einen extrem hohen Reinheitsgrad auf.<\/p>\n<p>Die drei Sorten der T\u00fcftler aus Colorada bieten endlich die Wahlm\u00f6glichkeit was die Textur betrifft.<\/p>\n<h3>Aus dem Hause Frictionlabs<\/h3>\n<p>Beim Frictionlabs Bam Bam Chalk handelt es sich um das mittelgrobe der drei Produkte der U.S. Chalkschmiede. Sie ist die einzige Marke welche sich nach den Vorlieben der Kletterer hinsichtlich Textur richten. Denn die Firma produziert feines (<a href=\"https:\/\/bolting.eu\/shop\/frictionlabs-unicorn-dust-chalk\/\">Unicorn Dust<\/a>), mittleres (<a href=\"https:\/\/bolting.eu\/shop\/frictionlabs-gorilla-grip-chalk\/\">Gorilla Grip<\/a>) und grobes Magnesium.<\/p>\n<p>Die unterschiedliche Beschaffenheit bedient einerseits die verschiedenen &#8220;Geschm\u00e4cker&#8221;. Manche wollen eben mittelgrobes Pulver. Andere wiederum sind es gew\u00f6hnt die gr\u00f6\u00dferen Brocken zu zerquetschen. Nun k\u00f6nnt ihr endlich entsprechend ausw\u00e4hlen was in eurem <a href=\"https:\/\/bolting.eu\/produkt-kategorie\/chalkbags\/\">Chalkbag<\/a> bzw. <a href=\"https:\/\/bolting.eu\/produkt-kategorie\/chalkbag-bouldern\/\">Boulder Chalkbag<\/a> landet!<\/p>\n<p>Andererseits sind die drei Chalk Formen auch f\u00fcr unterschiedlich starkes Schwitzen gedacht. Wer sehr viele Schwei\u00dfporen an den Fingern hat wird eher feines Chalk nehmen. Denn die feinen Partikel k\u00f6nnen die Poren besser verschlie\u00dfen als grobe. Folglich machen die unterschiedlichen Texturen auch von daher absolut Sinn.<\/p>\n<p><a href=\"https:\/\/bolting.eu\/wp-content\/uploads\/2020\/03\/Feinheitsgrade-Frictionlabs-Chalk.jpg\"><img loading=\"lazy\" decoding=\"async\" class=\"alignnone wp-image-2903 size-medium\" src=\"https:\/\/bolting.eu\/wp-content\/uploads\/2020\/03\/Feinheitsgrade-Frictionlabs-Chalk-762x400.jpg\" alt=\"Das Bild zeigt den Unterschied des Frictionlabs Unicorn Chalk hinsichtlich der Textur des MAgnesia im Vergleich zu den Typen Gorilla Grip und Bam Bam. Die drei Chalk Produkt-Typen sind nebeneinander mit Bild der Beschaffenheit, Produktname in einer f\u00e4rbigen Box sowie den Angaben fein, mittel und grob abgebildet.\" width=\"762\" height=\"400\" srcset=\"https:\/\/bolting.eu\/wp-content\/uploads\/2020\/03\/Feinheitsgrade-Frictionlabs-Chalk-762x400.jpg 762w, https:\/\/bolting.eu\/wp-content\/uploads\/2020\/03\/Feinheitsgrade-Frictionlabs-Chalk-510x268.jpg 510w, https:\/\/bolting.eu\/wp-content\/uploads\/2020\/03\/Feinheitsgrade-Frictionlabs-Chalk-768x403.jpg 768w, https:\/\/bolting.eu\/wp-content\/uploads\/2020\/03\/Feinheitsgrade-Frictionlabs-Chalk-600x315.jpg 600w, https:\/\/bolting.eu\/wp-content\/uploads\/2020\/03\/Feinheitsgrade-Frictionlabs-Chalk.jpg 1200w\" sizes=\"auto, (max-width: 762px) 100vw, 762px\" \/><\/a><\/p>\n<h3>Eigenschaften Frictionlabs Bam Bam Chalk<\/h3>\n<p>Das gr\u00f6bste der drei Chalk Sorten hat folgende Eigenschaften:<\/p>\n<ul>\n<li>sehr grobes Magnesium Pulver mit fast nur Br\u00f6ckchen<\/li>\n<li>mit extrem hohen Reinheitsgehalt<\/li>\n<li>Hersteller: Friction Labs<\/li>\n<li>Packungsgr\u00f6\u00dfen: klein = 170 Gramm; gro\u00df = 340 Gramm<\/li>\n<li>Verpackung: solider, wiederverschlie\u00dfbarer Beutel<\/li>\n<li>ideal f\u00fcr alle die grobes Chalk lieben<\/li>\n<li>f\u00fcr Kletterer die normal viele Schwei\u00dfporen an den Finger haben<\/li>\n<li>hoch effektiv &#8211; man braucht weniger Chalk als sonst<\/li>\n<\/ul>\n<h3>Video Frictionlabs Bam Bam Chalk<\/h3>\n<p>Firmengr\u00fcnder Kevin Brown erkl\u00e4rt euch pers\u00f6nlich, was es mit dem Magnesium auf sich hat.<\/p>\n<p><iframe loading=\"lazy\" src=\"https:\/\/www.youtube.com\/embed\/7qhJss7bHWo\" width=\"100%\" height=\"450\" frameborder=\"0\" allowfullscreen=\"allowfullscreen\"><span data-mce-type=\"bookmark\" style=\"display: inline-block; width: 0px; overflow: hidden; line-height: 0;\" class=\"mce_SELRES_start\">\ufeff<\/span><\/iframe><\/p>\n<h3>Die Chalk \u201eEtikette\u201c<\/h3>\n<p>Es gibt immer mehr Kletterer und Boulderer die an den Fels gehen. Wir alle Chalken ganz ordentlich drauf los und deswegen sehen unsere geliebten Felsen nicht immer sch\u00f6n aus. Vom \u201especkig\u201c werden ganz abgesehen.<\/p>\n<p>Daher hat sich ein \u201egentlemen\u00b4s agreement\u201c in der Klettercommunity durchgesetzt. Eine simple Etikette ganz nach dem Motto f\u00fcr den Fels gut \u2013 f\u00fcr uns alle gut! Bitte beachte auch du diese einfachen Punkte wenn ihr das Frictionlabs Bam Bam Chalk verwendet.<\/p>\n<ul>\n<li>ben\u00fctze Chalk \u00fcberlegt und in Ma\u00dfen<\/li>\n<li>putze angechalkte Griffe wenn du schon dabei bist<\/li>\n<li>putze besonders jene Stellen beim Ablassen, wo du lange probiert hast<\/li>\n<li>versuche Tick Marks in Grenzen zu halten<\/li>\n<li>entferne deine n\u00f6tigen Tick Marks am Ende des Tages wieder<\/li>\n<li>beim Bouldern putzt bitte ordentlich den ganzen Block wenn ihr fertig seid<\/li>\n<\/ul>\n<p>Bei uns findest Du nat\u00fcrlich ein riesige Auswahl an <a href=\"https:\/\/bolting.eu\/produkt-kategorie\/boulderbuersten\/\">Boulderb\u00fcrsten<\/a> damit es keine Ausreden mehr gibt <img decoding=\"async\" class=\"emoji\" draggable=\"false\" src=\"https:\/\/s.w.org\/images\/core\/emoji\/12.0.0-1\/svg\/1f609.svg\" alt=\"\ud83d\ude09\" \/><\/p>\n<p>Link Tipp: <a href=\"https:\/\/frictionlabs.com\/\" target=\"_blank\" rel=\"noopener noreferrer\">zum Hersteller<\/a><\/p>\n","protected":false},"excerpt":{"rendered":"<ul>\n<li>sehr grobes Magnesium Pulver mit fast nur Br\u00f6ckchen<\/li>\n<li>mit extrem hohen Reinheitsgehalt<\/li>\n<li>Hersteller: Friction Labs<\/li>\n<li>Packungsgr\u00f6\u00dfen: klein = 170 Gramm; gro\u00df = 340 Gramm<\/li>\n<li>Verpackung: solider, wiederverschlie\u00dfbarer Beutel<\/li>\n<li>ideal f\u00fcr alle die grobes Chalk lieben<\/li>\n<li>hoch effektiv &#8211; man braucht weniger Chalk als sonst<\/li>\n<\/ul>\n","protected":false},"featured_media":2907,"comment_status":"open","ping_status":"closed","template":"","meta":[],"product_brand":[],"product_cat":[5676,5007,5284],"product_tag":[264,3465,262,263],"class_list":{"0":"post-2921","1":"product","2":"type-product","3":"status-publish","4":"has-post-thumbnail","6":"product_cat-frictionlabs","7":"product_cat-chalk-klettern","8":"product_cat-boulder-ausruestung","9":"product_tag-sportklettern","10":"product_tag-kletterhalle","11":"product_tag-alpinklettern","12":"product_tag-bouldern","14":"first","15":"instock","16":"sale","17":"taxable","18":"shipping-taxable","19":"purchasable","20":"product-type-variable"},"yoast_head":"<!-- This site is optimized with the Yoast SEO Premium plugin v26.9 (Yoast SEO v26.9) - https:\/\/yoast.com\/product\/yoast-seo-premium-wordpress\/ -->\n<title>Frictionlabs Bam Bam Chalk: jetzt online kaufen bei bolting.eu<\/title>\n<meta name=\"description\" content=\"Hier findest du das FRICTIONLABS BAM BAM Chalk. Das gr\u00f6bste der drei losen Magnesium Sorten der innovativen Chalk Marke aus den U.S.A!\" \/>\n<meta name=\"robots\" content=\"index, follow, max-snippet:-1, max-image-preview:large, max-video-preview:-1\" \/>\n<link rel=\"canonical\" href=\"https:\/\/bolting.eu\/en\/shop\/frictionlabs-bam-bam-chalk\/\" \/>\n<meta property=\"og:locale\" content=\"en_US\" \/>\n<meta property=\"og:type\" content=\"article\" \/>\n<meta property=\"og:title\" content=\"Frictionlabs Bam Bam Chalk\" \/>\n<meta property=\"og:description\" content=\"Hier findest du das FRICTIONLABS BAM BAM Chalk. Das gr\u00f6bste der drei losen Magnesium Sorten der innovativen Chalk Marke aus den U.S.A!\" \/>\n<meta property=\"og:url\" content=\"https:\/\/bolting.eu\/en\/shop\/frictionlabs-bam-bam-chalk\/\" \/>\n<meta property=\"og:site_name\" content=\"bolting.eu\" \/>\n<meta property=\"article:publisher\" content=\"https:\/\/www.facebook.com\/bolting.eu\" \/>\n<meta property=\"article:modified_time\" content=\"2025-06-04T13:25:42+00:00\" \/>\n<meta property=\"og:image\" content=\"https:\/\/bolting.eu\/wp-content\/uploads\/2020\/03\/Frictionlabs-Bam-Bam-Chalk.jpg\" \/>\n\t<meta property=\"og:image:width\" content=\"700\" \/>\n\t<meta property=\"og:image:height\" content=\"700\" \/>\n\t<meta property=\"og:image:type\" content=\"image\/jpeg\" \/>\n<meta name=\"twitter:card\" content=\"summary_large_image\" \/>\n<meta name=\"twitter:label1\" content=\"Availability\" \/>\n\t<meta name=\"twitter:data1\" content=\"In stock\" \/>\n<script type=\"application\/ld+json\" class=\"yoast-schema-graph\">{\"@context\":\"https:\/\/schema.org\",\"@graph\":[{\"@type\":[\"WebPage\",\"ItemPage\"],\"@id\":\"https:\/\/bolting.eu\/en\/shop\/frictionlabs-bam-bam-chalk\/\",\"url\":\"https:\/\/bolting.eu\/en\/shop\/frictionlabs-bam-bam-chalk\/\",\"name\":\"Frictionlabs Bam Bam Chalk: jetzt online kaufen bei bolting.eu\",\"isPartOf\":{\"@id\":\"https:\/\/bolting.eu\/en\/#website\"},\"primaryImageOfPage\":{\"@id\":\"https:\/\/bolting.eu\/en\/shop\/frictionlabs-bam-bam-chalk\/#primaryimage\"},\"image\":{\"@id\":\"https:\/\/bolting.eu\/en\/shop\/frictionlabs-bam-bam-chalk\/#primaryimage\"},\"thumbnailUrl\":\"https:\/\/bolting.eu\/wp-content\/uploads\/2020\/03\/Frictionlabs-Bam-Bam-Chalk.jpg\",\"datePublished\":\"2020-03-30T11:25:46+00:00\",\"dateModified\":\"2025-06-04T13:25:42+00:00\",\"description\":\"Hier findest du das FRICTIONLABS BAM BAM Chalk. Das gr\u00f6bste der drei losen Magnesium Sorten der innovativen Chalk Marke aus den U.S.A!\",\"breadcrumb\":{\"@id\":\"https:\/\/bolting.eu\/en\/shop\/frictionlabs-bam-bam-chalk\/#breadcrumb\"},\"inLanguage\":\"en-US\",\"potentialAction\":[{\"@type\":\"ReadAction\",\"target\":[\"https:\/\/bolting.eu\/en\/shop\/frictionlabs-bam-bam-chalk\/\"]}]},{\"@type\":\"ImageObject\",\"inLanguage\":\"en-US\",\"@id\":\"https:\/\/bolting.eu\/en\/shop\/frictionlabs-bam-bam-chalk\/#primaryimage\",\"url\":\"https:\/\/bolting.eu\/wp-content\/uploads\/2020\/03\/Frictionlabs-Bam-Bam-Chalk.jpg\",\"contentUrl\":\"https:\/\/bolting.eu\/wp-content\/uploads\/2020\/03\/Frictionlabs-Bam-Bam-Chalk.jpg\",\"width\":700,\"height\":700,\"caption\":\"Das Bild zeigt eine rote Packung Frictionlabs Bam Bam Chalk. Man sieht die aufrecht stehende Packung von der Vorderseite mit dem Logo, dem Pferd Logo und dem Produktnamen darunter.\"},{\"@type\":\"BreadcrumbList\",\"@id\":\"https:\/\/bolting.eu\/en\/shop\/frictionlabs-bam-bam-chalk\/#breadcrumb\",\"itemListElement\":[{\"@type\":\"ListItem\",\"position\":1,\"name\":\"Shop\",\"item\":\"https:\/\/bolting.eu\/en\/shop\/\"},{\"@type\":\"ListItem\",\"position\":2,\"name\":\"climbing equipment\",\"item\":\"https:\/\/bolting.eu\/en\/produkt-kategorie\/climbing-equipment\/\"},{\"@type\":\"ListItem\",\"position\":3,\"name\":\"Chalk Klettern\",\"item\":\"https:\/\/bolting.eu\/produkt-kategorie\/kletterausruestung\/chalk-klettern\/\"},{\"@type\":\"ListItem\",\"position\":4,\"name\":\"Frictionlabs Bam Bam Chalk\"}]},{\"@type\":\"WebSite\",\"@id\":\"https:\/\/bolting.eu\/en\/#website\",\"url\":\"https:\/\/bolting.eu\/en\/\",\"name\":\"bolting.eu\",\"description\":\"we make climbs happen\",\"publisher\":{\"@id\":\"https:\/\/bolting.eu\/en\/#organization\"},\"potentialAction\":[{\"@type\":\"SearchAction\",\"target\":{\"@type\":\"EntryPoint\",\"urlTemplate\":\"https:\/\/bolting.eu\/en\/?s={search_term_string}\"},\"query-input\":{\"@type\":\"PropertyValueSpecification\",\"valueRequired\":true,\"valueName\":\"search_term_string\"}}],\"inLanguage\":\"en-US\"},{\"@type\":[\"Organization\",\"Place\",\"SportingGoodsStore\"],\"@id\":\"https:\/\/bolting.eu\/en\/#organization\",\"name\":\"bolting.eu\",\"url\":\"https:\/\/bolting.eu\/en\/\",\"logo\":{\"@id\":\"https:\/\/bolting.eu\/en\/shop\/frictionlabs-bam-bam-chalk\/#local-main-organization-logo\"},\"image\":{\"@id\":\"https:\/\/bolting.eu\/en\/shop\/frictionlabs-bam-bam-chalk\/#local-main-organization-logo\"},\"sameAs\":[\"https:\/\/www.facebook.com\/bolting.eu\",\"https:\/\/www.instagram.com\/bolting.eu\/\"],\"address\":{\"@id\":\"https:\/\/bolting.eu\/en\/shop\/frictionlabs-bam-bam-chalk\/#local-main-place-address\"},\"geo\":{\"@type\":\"GeoCoordinates\",\"latitude\":\"47.264176340396226\",\"longitude\":\"11.380109057672346\"},\"telephone\":[\"+43 699 19083372\"],\"openingHoursSpecification\":[{\"@type\":\"OpeningHoursSpecification\",\"dayOfWeek\":[\"Monday\",\"Wednesday\",\"Friday\"],\"opens\":\"14:00\",\"closes\":\"18:00\"},{\"@type\":\"OpeningHoursSpecification\",\"dayOfWeek\":[\"Tuesday\",\"Thursday\",\"Saturday\",\"Sunday\"],\"opens\":\"00:00\",\"closes\":\"00:00\"}],\"email\":\"office@bolting.eu\",\"vatID\":\"ATU59999728\",\"priceRange\":\"$$\",\"currenciesAccepted\":\"Euro\"},{\"@type\":\"PostalAddress\",\"@id\":\"https:\/\/bolting.eu\/en\/shop\/frictionlabs-bam-bam-chalk\/#local-main-place-address\",\"streetAddress\":\"Fischnalerstra\u00dfe 4\",\"addressLocality\":\"Innsbruck\",\"postalCode\":\"6020\",\"addressRegion\":\"Tirol\",\"addressCountry\":\"AT\"},{\"@type\":\"ImageObject\",\"inLanguage\":\"en-US\",\"@id\":\"https:\/\/bolting.eu\/en\/shop\/frictionlabs-bam-bam-chalk\/#local-main-organization-logo\",\"url\":\"https:\/\/bolting.eu\/wp-content\/uploads\/2019\/09\/bolting-logo.png\",\"contentUrl\":\"https:\/\/bolting.eu\/wp-content\/uploads\/2019\/09\/bolting-logo.png\",\"width\":400,\"height\":211,\"caption\":\"bolting.eu\"}]}<\/script>\n<meta property=\"og:video\" content=\"https:\/\/www.youtube.com\/embed\/7qhJss7bHWo\" \/>\n<meta property=\"og:video:type\" content=\"text\/html\" \/>\n<meta property=\"og:video:duration\" content=\"177\" \/>\n<meta property=\"og:video:width\" content=\"480\" \/>\n<meta property=\"og:video:height\" content=\"270\" \/>\n<meta property=\"ya:ovs:adult\" content=\"false\" \/>\n<meta property=\"ya:ovs:upload_date\" content=\"2020-03-30T11:25:46+00:00\" \/>\n<meta property=\"ya:ovs:allow_embed\" content=\"true\" \/>\n<meta property=\"og:availability\" content=\"instock\" \/>\n<meta property=\"product:availability\" content=\"instock\" \/>\n<meta property=\"product:condition\" content=\"new\" \/>\n<meta name=\"geo.placename\" content=\"Innsbruck\" \/>\n<meta name=\"geo.position\" content=\"47.264176340396226;11.380109057672346\" \/>\n<meta name=\"geo.region\" content=\"Austria\" \/>\n<!-- \/ Yoast SEO Premium plugin. -->","yoast_head_json":{"title":"Frictionlabs Bam Bam Chalk: jetzt online kaufen bei bolting.eu","description":"Hier findest du das FRICTIONLABS BAM BAM Chalk. Das gr\u00f6bste der drei losen Magnesium Sorten der innovativen Chalk Marke aus den U.S.A!","robots":{"index":"index","follow":"follow","max-snippet":"max-snippet:-1","max-image-preview":"max-image-preview:large","max-video-preview":"max-video-preview:-1"},"canonical":"https:\/\/bolting.eu\/en\/shop\/frictionlabs-bam-bam-chalk\/","og_locale":"en_US","og_type":"article","og_title":"Frictionlabs Bam Bam Chalk","og_description":"Hier findest du das FRICTIONLABS BAM BAM Chalk. Das gr\u00f6bste der drei losen Magnesium Sorten der innovativen Chalk Marke aus den U.S.A!","og_url":"https:\/\/bolting.eu\/en\/shop\/frictionlabs-bam-bam-chalk\/","og_site_name":"bolting.eu","article_publisher":"https:\/\/www.facebook.com\/bolting.eu","article_modified_time":"2025-06-04T13:25:42+00:00","og_image":[{"width":700,"height":700,"url":"https:\/\/bolting.eu\/wp-content\/uploads\/2020\/03\/Frictionlabs-Bam-Bam-Chalk.jpg","type":"image\/jpeg"}],"twitter_card":"summary_large_image","twitter_misc":{"Availability":"In stock"},"schema":{"@context":"https:\/\/schema.org","@graph":[{"@type":["WebPage","ItemPage"],"@id":"https:\/\/bolting.eu\/en\/shop\/frictionlabs-bam-bam-chalk\/","url":"https:\/\/bolting.eu\/en\/shop\/frictionlabs-bam-bam-chalk\/","name":"Frictionlabs Bam Bam Chalk: jetzt online kaufen bei bolting.eu","isPartOf":{"@id":"https:\/\/bolting.eu\/en\/#website"},"primaryImageOfPage":{"@id":"https:\/\/bolting.eu\/en\/shop\/frictionlabs-bam-bam-chalk\/#primaryimage"},"image":{"@id":"https:\/\/bolting.eu\/en\/shop\/frictionlabs-bam-bam-chalk\/#primaryimage"},"thumbnailUrl":"https:\/\/bolting.eu\/wp-content\/uploads\/2020\/03\/Frictionlabs-Bam-Bam-Chalk.jpg","datePublished":"2020-03-30T11:25:46+00:00","dateModified":"2025-06-04T13:25:42+00:00","description":"Hier findest du das FRICTIONLABS BAM BAM Chalk. Das gr\u00f6bste der drei losen Magnesium Sorten der innovativen Chalk Marke aus den U.S.A!","breadcrumb":{"@id":"https:\/\/bolting.eu\/en\/shop\/frictionlabs-bam-bam-chalk\/#breadcrumb"},"inLanguage":"en-US","potentialAction":[{"@type":"ReadAction","target":["https:\/\/bolting.eu\/en\/shop\/frictionlabs-bam-bam-chalk\/"]}]},{"@type":"ImageObject","inLanguage":"en-US","@id":"https:\/\/bolting.eu\/en\/shop\/frictionlabs-bam-bam-chalk\/#primaryimage","url":"https:\/\/bolting.eu\/wp-content\/uploads\/2020\/03\/Frictionlabs-Bam-Bam-Chalk.jpg","contentUrl":"https:\/\/bolting.eu\/wp-content\/uploads\/2020\/03\/Frictionlabs-Bam-Bam-Chalk.jpg","width":700,"height":700,"caption":"Das Bild zeigt eine rote Packung Frictionlabs Bam Bam Chalk. Man sieht die aufrecht stehende Packung von der Vorderseite mit dem Logo, dem Pferd Logo und dem Produktnamen darunter."},{"@type":"BreadcrumbList","@id":"https:\/\/bolting.eu\/en\/shop\/frictionlabs-bam-bam-chalk\/#breadcrumb","itemListElement":[{"@type":"ListItem","position":1,"name":"Shop","item":"https:\/\/bolting.eu\/en\/shop\/"},{"@type":"ListItem","position":2,"name":"climbing equipment","item":"https:\/\/bolting.eu\/en\/produkt-kategorie\/climbing-equipment\/"},{"@type":"ListItem","position":3,"name":"Chalk Klettern","item":"https:\/\/bolting.eu\/produkt-kategorie\/kletterausruestung\/chalk-klettern\/"},{"@type":"ListItem","position":4,"name":"Frictionlabs Bam Bam Chalk"}]},{"@type":"WebSite","@id":"https:\/\/bolting.eu\/en\/#website","url":"https:\/\/bolting.eu\/en\/","name":"bolting.eu","description":"we make climbs happen","publisher":{"@id":"https:\/\/bolting.eu\/en\/#organization"},"potentialAction":[{"@type":"SearchAction","target":{"@type":"EntryPoint","urlTemplate":"https:\/\/bolting.eu\/en\/?s={search_term_string}"},"query-input":{"@type":"PropertyValueSpecification","valueRequired":true,"valueName":"search_term_string"}}],"inLanguage":"en-US"},{"@type":["Organization","Place","SportingGoodsStore"],"@id":"https:\/\/bolting.eu\/en\/#organization","name":"bolting.eu","url":"https:\/\/bolting.eu\/en\/","logo":{"@id":"https:\/\/bolting.eu\/en\/shop\/frictionlabs-bam-bam-chalk\/#local-main-organization-logo"},"image":{"@id":"https:\/\/bolting.eu\/en\/shop\/frictionlabs-bam-bam-chalk\/#local-main-organization-logo"},"sameAs":["https:\/\/www.facebook.com\/bolting.eu","https:\/\/www.instagram.com\/bolting.eu\/"],"address":{"@id":"https:\/\/bolting.eu\/en\/shop\/frictionlabs-bam-bam-chalk\/#local-main-place-address"},"geo":{"@type":"GeoCoordinates","latitude":"47.264176340396226","longitude":"11.380109057672346"},"telephone":["+43 699 19083372"],"openingHoursSpecification":[{"@type":"OpeningHoursSpecification","dayOfWeek":["Monday","Wednesday","Friday"],"opens":"14:00","closes":"18:00"},{"@type":"OpeningHoursSpecification","dayOfWeek":["Tuesday","Thursday","Saturday","Sunday"],"opens":"00:00","closes":"00:00"}],"email":"office@bolting.eu","vatID":"ATU59999728","priceRange":"$$","currenciesAccepted":"Euro"},{"@type":"PostalAddress","@id":"https:\/\/bolting.eu\/en\/shop\/frictionlabs-bam-bam-chalk\/#local-main-place-address","streetAddress":"Fischnalerstra\u00dfe 4","addressLocality":"Innsbruck","postalCode":"6020","addressRegion":"Tirol","addressCountry":"AT"},{"@type":"ImageObject","inLanguage":"en-US","@id":"https:\/\/bolting.eu\/en\/shop\/frictionlabs-bam-bam-chalk\/#local-main-organization-logo","url":"https:\/\/bolting.eu\/wp-content\/uploads\/2019\/09\/bolting-logo.png","contentUrl":"https:\/\/bolting.eu\/wp-content\/uploads\/2019\/09\/bolting-logo.png","width":400,"height":211,"caption":"bolting.eu"}]},"og_video":"https:\/\/www.youtube.com\/embed\/7qhJss7bHWo","og_video_type":"text\/html","og_video_duration":"177","og_video_width":"480","og_video_height":"270","ya_ovs_adult":"false","ya_ovs_upload_date":"2020-03-30T11:25:46+00:00","ya_ovs_allow_embed":"true","og_availability":"instock","product_availability":"instock","product_condition":"new","geo.placename":"Innsbruck","geo.position":{"lat":"47.264176340396226","long":"11.380109057672346"},"geo.region":"Austria"},"_links":{"self":[{"href":"https:\/\/bolting.eu\/en\/wp-json\/wp\/v2\/product\/2921","targetHints":{"allow":["GET"]}}],"collection":[{"href":"https:\/\/bolting.eu\/en\/wp-json\/wp\/v2\/product"}],"about":[{"href":"https:\/\/bolting.eu\/en\/wp-json\/wp\/v2\/types\/product"}],"replies":[{"embeddable":true,"href":"https:\/\/bolting.eu\/en\/wp-json\/wp\/v2\/comments?post=2921"}],"wp:featuredmedia":[{"embeddable":true,"href":"https:\/\/bolting.eu\/en\/wp-json\/wp\/v2\/media\/2907"}],"wp:attachment":[{"href":"https:\/\/bolting.eu\/en\/wp-json\/wp\/v2\/media?parent=2921"}],"wp:term":[{"taxonomy":"product_brand","embeddable":true,"href":"https:\/\/bolting.eu\/en\/wp-json\/wp\/v2\/product_brand?post=2921"},{"taxonomy":"product_cat","embeddable":true,"href":"https:\/\/bolting.eu\/en\/wp-json\/wp\/v2\/product_cat?post=2921"},{"taxonomy":"product_tag","embeddable":true,"href":"https:\/\/bolting.eu\/en\/wp-json\/wp\/v2\/product_tag?post=2921"}],"curies":[{"name":"wp","href":"https:\/\/api.w.org\/{rel}","templated":true}]}}