{"id":2780,"date":"2020-03-27T19:29:10","date_gmt":"2020-03-27T18:29:10","guid":{"rendered":"https:\/\/bolting.eu\/?post_type=product&#038;p=2780"},"modified":"2026-03-18T18:39:50","modified_gmt":"2026-03-18T17:39:50","slug":"metolius-chalk-superchalk","status":"publish","type":"product","link":"https:\/\/bolting.eu\/en\/shop\/metolius-chalk-superchalk\/","title":{"rendered":"Metolius Chalk &#8220;Superchalk&#8221;"},"content":{"rendered":"<p>Das Metolius Chalk &#8220;Superchalk&#8221; ist das beliebteste Chalk in den USA. Und das aus gutem Grund.<\/p>\n<p>Denn erstens hat es eine super angenehme Textur. Die Mischung aus feinem Pulver und groben Br\u00f6ckchen ist einfach genial. So hat man einerseits die richtige Ladung von feinem Magnesium f\u00fcr Leisten an den Fingern. Und andererseits genug gr\u00f6beres Material f\u00fcr Tick Marks und zum &#8220;Zusammenkneten&#8221;<\/p>\n<p>Zweitens ist dem Chalk ein Zusatzstoff beigesetzt. Dieser sorgt f\u00fcr zus\u00e4tzlichen &#8220;Trockenheits-Faktor&#8221; auf der Haut. Bei sehr warm-feuchten Bedingungen kann das manchmal zu einem leicht &#8220;seifigen&#8221; Gef\u00fchl f\u00fchren. Unser Tipp daher. <a href=\"https:\/\/bolting.eu\/produkt-kategorie\/kletterausruestung\/chalkbag\/\">Chalkbag<\/a> gut verstauen und eventuell in einen Plastiksack geben.<\/p>\n<p><span style=\"font-size: 20.16px; color: #333333;\">Eigenschaften Metolius Chalk &#8220;Superchalk&#8221;<\/span><\/p>\n<ul>\n<li>255 Gramm oder 425 Gramm Packung<\/li>\n<li>trockenes, fein und grob textiertes Magnesium<\/li>\n<li>zus\u00e4tzliches Trocken Bindemittel<\/li>\n<li>50% Br\u00f6ckchen &#8211; 50% reines Pulver<\/li>\n<li>Hersteller: <a href=\"https:\/\/bolting.eu\/produkt-kategorie\/metolius\/\">Metolius Climbing<\/a><\/li>\n<li>ideal f\u00fcr wiederbef\u00fcllbare Chalk Balls<\/li>\n<li>Beutel wiederverschlie\u00dfbar &#8211; bitte recyceln<\/li>\n<\/ul>\n<h3>Metolius Chalk erkl\u00e4rt<\/h3>\n<p>Last Euch von Kletter Ass Beth Rodden das Chalk n\u00e4her erkl\u00e4ren!<\/p>\n<p><iframe loading=\"lazy\" src=\"https:\/\/www.youtube.com\/embed\/SJH34PjlJmI\" width=\"100%\" height=\"450\" frameborder=\"0\" allowfullscreen=\"allowfullscreen\"><span data-mce-type=\"bookmark\" style=\"display: inline-block; width: 0px; overflow: hidden; line-height: 0;\" class=\"mce_SELRES_start\">\ufeff<\/span><\/iframe><\/p>\n<h3>Metolius Chalk &#8211; super Mischung<\/h3>\n<p>F\u00fcr\u00b4s Klettern und Bouldern hat das Superchalk unserer Meinung nach eine super ausgewogene Textur. Wie bereits erw\u00e4hnt halten sich feines Pulver und Magnesium Br\u00f6ckchen die Waage. Das ergibt einfach eine coole Mischung die f\u00fcr viele Kletterer genau richtig ist. Nicht umsonst ist dieses Chalk das meist gekaufte in den USA.<\/p>\n<p>M\u00f6glich macht das ein zugesetztes Bindemittel. Es sorgt einerseits daf\u00fcr, dass das Chalk extra trocken ist.<\/p>\n<h3>Ordentliches Preis Leistungeverh\u00e4ltnis<\/h3>\n<p>Das Metolius Chalk ist etwas teurer als europ\u00e4ische Produkte. Hier kommt einerseits der Import Faktor zu tragen. Andererseits kostet das zus\u00e4tzliche Bindemittel aber auch etwas extra. In Summer muss man klar eines feststellen. Das Superchalk hat ein sehr gutes Preis-Leistungsverh\u00e4ltnis. Man bekommt f\u00fcr seine Kohle einen richtig fairen Deal mit echt fett Grip!<\/p>\n<h3>Die Chalk &#8220;Etikette&#8221;<\/h3>\n<p>Es gibt immer mehr Kletterer und Boulderer die an den Fels gehen. Wir alle Chalken ganz ordentlich drauf los und deswegen sehen unsere geliebten Felsen nicht immer sch\u00f6n aus. Vom &#8220;speckig&#8221; werden ganz abgesehen.<\/p>\n<p>Daher hat sich ein &#8220;gentlemen\u00b4s agreement&#8221; in der Klettercomunity durchgesetzt. Eine simple Etikette ganz nach dem Motto f\u00fcr den Fels gut &#8211; f\u00fcr uns alle gut! Bitte beachte auch du diese einfachen Punkte wenn ihr da Metolius Chalk verwendet.<\/p>\n<ul>\n<li>ben\u00fctze Chalk \u00fcberlegt und in Ma\u00dfen<\/li>\n<li>putze angechalkte Griffe wenn du schon dabei bist<\/li>\n<li>putze besonders jene Stellen beim Ablassen, wo du lange probiert hast<\/li>\n<li>versuche Tick Marks in Grenzen zu halten<\/li>\n<li>entferne deine n\u00f6tigen Tick Marks am Ende des Tages wieder<\/li>\n<li>beim Bouldern putzt bitte ordentlich den ganzen Block wenn ihr fertig seid<\/li>\n<\/ul>\n<p>Bei uns findest Du nat\u00fcrlich ein riesige Auswahl an <a href=\"https:\/\/bolting.eu\/produkt-kategorie\/boulderbuersten\/\">Boulderb\u00fcrsten<\/a> sowie unserem <a href=\"https:\/\/bolting.eu\/shop\/boulderbuerste-teleskopstock-triple-tube-ibbz\/\">Boulder Putzstock<\/a> damit es keine Ausreden ehr gibt \ud83d\ude09<\/p>\n<p>Link Tipp: <a href=\"https:\/\/www.metoliusclimbing.com\/super_chalk.html\" target=\"_blank\" rel=\"noopener noreferrer\">zum Hersteller<\/a><\/p>\n","protected":false},"excerpt":{"rendered":"<p>Das beliebteste Chalk der U.S.A. mit zus\u00e4tzlichem Trocken-Bindemittel. 50% Br\u00f6ckchen &#8211; 50% reines Pulver.<\/p>\n<p>Versandkostenfrei bis 2kg in <img decoding=\"async\" class=\"emoji\" role=\"img\" draggable=\"false\" src=\"https:\/\/s.w.org\/images\/core\/emoji\/14.0.0\/svg\/1f1e6-1f1f9.svg\" alt=\"\ud83c\udde6\ud83c\uddf9\" \/> ab \u20ac 100,- und <img decoding=\"async\" class=\"emoji\" role=\"img\" draggable=\"false\" src=\"https:\/\/s.w.org\/images\/core\/emoji\/14.0.0\/svg\/1f1e9-1f1ea.svg\" alt=\"\ud83c\udde9\ud83c\uddea\" \/> ab \u20ac 200,-!<\/p>\n","protected":false},"featured_media":16448,"comment_status":"open","ping_status":"closed","template":"","meta":[],"product_brand":[],"product_cat":[5284,5007,29,4657],"product_tag":[263,3465,264],"class_list":{"0":"post-2780","1":"product","2":"type-product","3":"status-publish","4":"has-post-thumbnail","6":"product_cat-boulder-ausruestung","7":"product_cat-chalk-klettern","8":"product_cat-kletterausruestung","9":"product_cat-metolius","10":"product_tag-bouldern","11":"product_tag-kletterhalle","12":"product_tag-sportklettern","14":"first","15":"instock","16":"taxable","17":"shipping-taxable","18":"purchasable","19":"product-type-variable"},"yoast_head":"<!-- This site is optimized with the Yoast SEO Premium plugin v26.9 (Yoast SEO v26.9) - https:\/\/yoast.com\/product\/yoast-seo-premium-wordpress\/ -->\n<title>Metolius Chalk &quot;Superchalk&quot; - 255 oder 425 Gramm | bolting.eu<\/title>\n<meta name=\"description\" content=\"Metolius Chalk &quot;Superchalk&quot; beim Kletterprofi aus Innsbruck kaufen \u2705 kostenloser Versand* \u2705 14 Tage R\u00fcckgaberecht \u2705 Co2 neutraler Versand\" \/>\n<meta name=\"robots\" content=\"index, follow, max-snippet:-1, max-image-preview:large, max-video-preview:-1\" \/>\n<link rel=\"canonical\" href=\"https:\/\/bolting.eu\/en\/shop\/metolius-chalk-superchalk\/\" \/>\n<meta property=\"og:locale\" content=\"en_US\" \/>\n<meta property=\"og:type\" content=\"article\" \/>\n<meta property=\"og:title\" content=\"Metolius Chalk &quot;Superchalk&quot;\" \/>\n<meta property=\"og:description\" content=\"Metolius Chalk &quot;Superchalk&quot; beim Kletterprofi aus Innsbruck kaufen \u2705 kostenloser Versand* \u2705 14 Tage R\u00fcckgaberecht \u2705 Co2 neutraler Versand\" \/>\n<meta property=\"og:url\" content=\"https:\/\/bolting.eu\/en\/shop\/metolius-chalk-superchalk\/\" \/>\n<meta property=\"og:site_name\" content=\"bolting.eu\" \/>\n<meta property=\"article:publisher\" content=\"https:\/\/www.facebook.com\/bolting.eu\" \/>\n<meta property=\"article:modified_time\" content=\"2026-03-18T17:39:50+00:00\" \/>\n<meta property=\"og:image\" content=\"https:\/\/bolting.eu\/wp-content\/uploads\/2020\/03\/Metolius-Super-Chalk-nain.jpg\" \/>\n\t<meta property=\"og:image:width\" content=\"700\" \/>\n\t<meta property=\"og:image:height\" content=\"700\" \/>\n\t<meta property=\"og:image:type\" content=\"image\/jpeg\" \/>\n<meta name=\"twitter:card\" content=\"summary_large_image\" \/>\n<meta name=\"twitter:label1\" content=\"Availability\" \/>\n\t<meta name=\"twitter:data1\" content=\"In stock\" \/>\n<script type=\"application\/ld+json\" class=\"yoast-schema-graph\">{\"@context\":\"https:\/\/schema.org\",\"@graph\":[{\"@type\":[\"WebPage\",\"ItemPage\"],\"@id\":\"https:\/\/bolting.eu\/en\/shop\/metolius-chalk-superchalk\/\",\"url\":\"https:\/\/bolting.eu\/en\/shop\/metolius-chalk-superchalk\/\",\"name\":\"Metolius Chalk \\\"Superchalk\\\" - 255 oder 425 Gramm | bolting.eu\",\"isPartOf\":{\"@id\":\"https:\/\/bolting.eu\/en\/#website\"},\"primaryImageOfPage\":{\"@id\":\"https:\/\/bolting.eu\/en\/shop\/metolius-chalk-superchalk\/#primaryimage\"},\"image\":{\"@id\":\"https:\/\/bolting.eu\/en\/shop\/metolius-chalk-superchalk\/#primaryimage\"},\"thumbnailUrl\":\"https:\/\/bolting.eu\/wp-content\/uploads\/2020\/03\/Metolius-Super-Chalk-nain.jpg\",\"datePublished\":\"2020-03-27T18:29:10+00:00\",\"dateModified\":\"2026-03-18T17:39:50+00:00\",\"description\":\"Metolius Chalk \\\"Superchalk\\\" beim Kletterprofi aus Innsbruck kaufen \u2705 kostenloser Versand* \u2705 14 Tage R\u00fcckgaberecht \u2705 Co2 neutraler Versand\",\"breadcrumb\":{\"@id\":\"https:\/\/bolting.eu\/en\/shop\/metolius-chalk-superchalk\/#breadcrumb\"},\"inLanguage\":\"en-US\",\"potentialAction\":[{\"@type\":\"ReadAction\",\"target\":[\"https:\/\/bolting.eu\/en\/shop\/metolius-chalk-superchalk\/\"]}]},{\"@type\":\"ImageObject\",\"inLanguage\":\"en-US\",\"@id\":\"https:\/\/bolting.eu\/en\/shop\/metolius-chalk-superchalk\/#primaryimage\",\"url\":\"https:\/\/bolting.eu\/wp-content\/uploads\/2020\/03\/Metolius-Super-Chalk-nain.jpg\",\"contentUrl\":\"https:\/\/bolting.eu\/wp-content\/uploads\/2020\/03\/Metolius-Super-Chalk-nain.jpg\",\"width\":700,\"height\":700,\"caption\":\"Zwei braune Packungen Metolius Kletterchalk\"},{\"@type\":\"BreadcrumbList\",\"@id\":\"https:\/\/bolting.eu\/en\/shop\/metolius-chalk-superchalk\/#breadcrumb\",\"itemListElement\":[{\"@type\":\"ListItem\",\"position\":1,\"name\":\"Shop\",\"item\":\"https:\/\/bolting.eu\/en\/shop\/\"},{\"@type\":\"ListItem\",\"position\":2,\"name\":\"climbing equipment\",\"item\":\"https:\/\/bolting.eu\/en\/produkt-kategorie\/climbing-equipment\/\"},{\"@type\":\"ListItem\",\"position\":3,\"name\":\"Chalk Klettern\",\"item\":\"https:\/\/bolting.eu\/produkt-kategorie\/kletterausruestung\/chalk-klettern\/\"},{\"@type\":\"ListItem\",\"position\":4,\"name\":\"Metolius Chalk &#8222;Superchalk&#8220;\"}]},{\"@type\":\"WebSite\",\"@id\":\"https:\/\/bolting.eu\/en\/#website\",\"url\":\"https:\/\/bolting.eu\/en\/\",\"name\":\"bolting.eu\",\"description\":\"we make climbs happen\",\"publisher\":{\"@id\":\"https:\/\/bolting.eu\/en\/#organization\"},\"potentialAction\":[{\"@type\":\"SearchAction\",\"target\":{\"@type\":\"EntryPoint\",\"urlTemplate\":\"https:\/\/bolting.eu\/en\/?s={search_term_string}\"},\"query-input\":{\"@type\":\"PropertyValueSpecification\",\"valueRequired\":true,\"valueName\":\"search_term_string\"}}],\"inLanguage\":\"en-US\"},{\"@type\":[\"Organization\",\"Place\",\"SportingGoodsStore\"],\"@id\":\"https:\/\/bolting.eu\/en\/#organization\",\"name\":\"bolting.eu\",\"url\":\"https:\/\/bolting.eu\/en\/\",\"logo\":{\"@id\":\"https:\/\/bolting.eu\/en\/shop\/metolius-chalk-superchalk\/#local-main-organization-logo\"},\"image\":{\"@id\":\"https:\/\/bolting.eu\/en\/shop\/metolius-chalk-superchalk\/#local-main-organization-logo\"},\"sameAs\":[\"https:\/\/www.facebook.com\/bolting.eu\",\"https:\/\/www.instagram.com\/bolting.eu\/\"],\"address\":{\"@id\":\"https:\/\/bolting.eu\/en\/shop\/metolius-chalk-superchalk\/#local-main-place-address\"},\"geo\":{\"@type\":\"GeoCoordinates\",\"latitude\":\"47.264176340396226\",\"longitude\":\"11.380109057672346\"},\"telephone\":[\"+43 699 19083372\"],\"openingHoursSpecification\":[{\"@type\":\"OpeningHoursSpecification\",\"dayOfWeek\":[\"Monday\",\"Wednesday\",\"Friday\"],\"opens\":\"14:00\",\"closes\":\"18:00\"},{\"@type\":\"OpeningHoursSpecification\",\"dayOfWeek\":[\"Tuesday\",\"Thursday\",\"Saturday\",\"Sunday\"],\"opens\":\"00:00\",\"closes\":\"00:00\"}],\"email\":\"office@bolting.eu\",\"vatID\":\"ATU59999728\",\"priceRange\":\"$$\",\"currenciesAccepted\":\"Euro\"},{\"@type\":\"PostalAddress\",\"@id\":\"https:\/\/bolting.eu\/en\/shop\/metolius-chalk-superchalk\/#local-main-place-address\",\"streetAddress\":\"Fischnalerstra\u00dfe 4\",\"addressLocality\":\"Innsbruck\",\"postalCode\":\"6020\",\"addressRegion\":\"Tirol\",\"addressCountry\":\"AT\"},{\"@type\":\"ImageObject\",\"inLanguage\":\"en-US\",\"@id\":\"https:\/\/bolting.eu\/en\/shop\/metolius-chalk-superchalk\/#local-main-organization-logo\",\"url\":\"https:\/\/bolting.eu\/wp-content\/uploads\/2019\/09\/bolting-logo.png\",\"contentUrl\":\"https:\/\/bolting.eu\/wp-content\/uploads\/2019\/09\/bolting-logo.png\",\"width\":400,\"height\":211,\"caption\":\"bolting.eu\"}]}<\/script>\n<meta property=\"og:video\" content=\"https:\/\/www.youtube.com\/embed\/SJH34PjlJmI\" \/>\n<meta property=\"og:video:type\" content=\"text\/html\" \/>\n<meta property=\"og:video:duration\" content=\"99\" \/>\n<meta property=\"og:video:width\" content=\"480\" \/>\n<meta property=\"og:video:height\" content=\"270\" \/>\n<meta property=\"ya:ovs:adult\" content=\"false\" \/>\n<meta property=\"ya:ovs:upload_date\" content=\"2020-03-27T18:29:10+00:00\" \/>\n<meta property=\"ya:ovs:allow_embed\" content=\"true\" \/>\n<meta property=\"og:availability\" content=\"instock\" \/>\n<meta property=\"product:availability\" content=\"instock\" \/>\n<meta property=\"product:condition\" content=\"new\" \/>\n<meta name=\"geo.placename\" content=\"Innsbruck\" \/>\n<meta name=\"geo.position\" content=\"47.264176340396226;11.380109057672346\" \/>\n<meta name=\"geo.region\" content=\"Austria\" \/>\n<!-- \/ Yoast SEO Premium plugin. -->","yoast_head_json":{"title":"Metolius Chalk \"Superchalk\" - 255 oder 425 Gramm | bolting.eu","description":"Metolius Chalk \"Superchalk\" beim Kletterprofi aus Innsbruck kaufen \u2705 kostenloser Versand* \u2705 14 Tage R\u00fcckgaberecht \u2705 Co2 neutraler Versand","robots":{"index":"index","follow":"follow","max-snippet":"max-snippet:-1","max-image-preview":"max-image-preview:large","max-video-preview":"max-video-preview:-1"},"canonical":"https:\/\/bolting.eu\/en\/shop\/metolius-chalk-superchalk\/","og_locale":"en_US","og_type":"article","og_title":"Metolius Chalk \"Superchalk\"","og_description":"Metolius Chalk \"Superchalk\" beim Kletterprofi aus Innsbruck kaufen \u2705 kostenloser Versand* \u2705 14 Tage R\u00fcckgaberecht \u2705 Co2 neutraler Versand","og_url":"https:\/\/bolting.eu\/en\/shop\/metolius-chalk-superchalk\/","og_site_name":"bolting.eu","article_publisher":"https:\/\/www.facebook.com\/bolting.eu","article_modified_time":"2026-03-18T17:39:50+00:00","og_image":[{"width":700,"height":700,"url":"https:\/\/bolting.eu\/wp-content\/uploads\/2020\/03\/Metolius-Super-Chalk-nain.jpg","type":"image\/jpeg"}],"twitter_card":"summary_large_image","twitter_misc":{"Availability":"In stock"},"schema":{"@context":"https:\/\/schema.org","@graph":[{"@type":["WebPage","ItemPage"],"@id":"https:\/\/bolting.eu\/en\/shop\/metolius-chalk-superchalk\/","url":"https:\/\/bolting.eu\/en\/shop\/metolius-chalk-superchalk\/","name":"Metolius Chalk \"Superchalk\" - 255 oder 425 Gramm | bolting.eu","isPartOf":{"@id":"https:\/\/bolting.eu\/en\/#website"},"primaryImageOfPage":{"@id":"https:\/\/bolting.eu\/en\/shop\/metolius-chalk-superchalk\/#primaryimage"},"image":{"@id":"https:\/\/bolting.eu\/en\/shop\/metolius-chalk-superchalk\/#primaryimage"},"thumbnailUrl":"https:\/\/bolting.eu\/wp-content\/uploads\/2020\/03\/Metolius-Super-Chalk-nain.jpg","datePublished":"2020-03-27T18:29:10+00:00","dateModified":"2026-03-18T17:39:50+00:00","description":"Metolius Chalk \"Superchalk\" beim Kletterprofi aus Innsbruck kaufen \u2705 kostenloser Versand* \u2705 14 Tage R\u00fcckgaberecht \u2705 Co2 neutraler Versand","breadcrumb":{"@id":"https:\/\/bolting.eu\/en\/shop\/metolius-chalk-superchalk\/#breadcrumb"},"inLanguage":"en-US","potentialAction":[{"@type":"ReadAction","target":["https:\/\/bolting.eu\/en\/shop\/metolius-chalk-superchalk\/"]}]},{"@type":"ImageObject","inLanguage":"en-US","@id":"https:\/\/bolting.eu\/en\/shop\/metolius-chalk-superchalk\/#primaryimage","url":"https:\/\/bolting.eu\/wp-content\/uploads\/2020\/03\/Metolius-Super-Chalk-nain.jpg","contentUrl":"https:\/\/bolting.eu\/wp-content\/uploads\/2020\/03\/Metolius-Super-Chalk-nain.jpg","width":700,"height":700,"caption":"Zwei braune Packungen Metolius Kletterchalk"},{"@type":"BreadcrumbList","@id":"https:\/\/bolting.eu\/en\/shop\/metolius-chalk-superchalk\/#breadcrumb","itemListElement":[{"@type":"ListItem","position":1,"name":"Shop","item":"https:\/\/bolting.eu\/en\/shop\/"},{"@type":"ListItem","position":2,"name":"climbing equipment","item":"https:\/\/bolting.eu\/en\/produkt-kategorie\/climbing-equipment\/"},{"@type":"ListItem","position":3,"name":"Chalk Klettern","item":"https:\/\/bolting.eu\/produkt-kategorie\/kletterausruestung\/chalk-klettern\/"},{"@type":"ListItem","position":4,"name":"Metolius Chalk &#8222;Superchalk&#8220;"}]},{"@type":"WebSite","@id":"https:\/\/bolting.eu\/en\/#website","url":"https:\/\/bolting.eu\/en\/","name":"bolting.eu","description":"we make climbs happen","publisher":{"@id":"https:\/\/bolting.eu\/en\/#organization"},"potentialAction":[{"@type":"SearchAction","target":{"@type":"EntryPoint","urlTemplate":"https:\/\/bolting.eu\/en\/?s={search_term_string}"},"query-input":{"@type":"PropertyValueSpecification","valueRequired":true,"valueName":"search_term_string"}}],"inLanguage":"en-US"},{"@type":["Organization","Place","SportingGoodsStore"],"@id":"https:\/\/bolting.eu\/en\/#organization","name":"bolting.eu","url":"https:\/\/bolting.eu\/en\/","logo":{"@id":"https:\/\/bolting.eu\/en\/shop\/metolius-chalk-superchalk\/#local-main-organization-logo"},"image":{"@id":"https:\/\/bolting.eu\/en\/shop\/metolius-chalk-superchalk\/#local-main-organization-logo"},"sameAs":["https:\/\/www.facebook.com\/bolting.eu","https:\/\/www.instagram.com\/bolting.eu\/"],"address":{"@id":"https:\/\/bolting.eu\/en\/shop\/metolius-chalk-superchalk\/#local-main-place-address"},"geo":{"@type":"GeoCoordinates","latitude":"47.264176340396226","longitude":"11.380109057672346"},"telephone":["+43 699 19083372"],"openingHoursSpecification":[{"@type":"OpeningHoursSpecification","dayOfWeek":["Monday","Wednesday","Friday"],"opens":"14:00","closes":"18:00"},{"@type":"OpeningHoursSpecification","dayOfWeek":["Tuesday","Thursday","Saturday","Sunday"],"opens":"00:00","closes":"00:00"}],"email":"office@bolting.eu","vatID":"ATU59999728","priceRange":"$$","currenciesAccepted":"Euro"},{"@type":"PostalAddress","@id":"https:\/\/bolting.eu\/en\/shop\/metolius-chalk-superchalk\/#local-main-place-address","streetAddress":"Fischnalerstra\u00dfe 4","addressLocality":"Innsbruck","postalCode":"6020","addressRegion":"Tirol","addressCountry":"AT"},{"@type":"ImageObject","inLanguage":"en-US","@id":"https:\/\/bolting.eu\/en\/shop\/metolius-chalk-superchalk\/#local-main-organization-logo","url":"https:\/\/bolting.eu\/wp-content\/uploads\/2019\/09\/bolting-logo.png","contentUrl":"https:\/\/bolting.eu\/wp-content\/uploads\/2019\/09\/bolting-logo.png","width":400,"height":211,"caption":"bolting.eu"}]},"og_video":"https:\/\/www.youtube.com\/embed\/SJH34PjlJmI","og_video_type":"text\/html","og_video_duration":"99","og_video_width":"480","og_video_height":"270","ya_ovs_adult":"false","ya_ovs_upload_date":"2020-03-27T18:29:10+00:00","ya_ovs_allow_embed":"true","og_availability":"instock","product_availability":"instock","product_condition":"new","geo.placename":"Innsbruck","geo.position":{"lat":"47.264176340396226","long":"11.380109057672346"},"geo.region":"Austria"},"_links":{"self":[{"href":"https:\/\/bolting.eu\/en\/wp-json\/wp\/v2\/product\/2780","targetHints":{"allow":["GET"]}}],"collection":[{"href":"https:\/\/bolting.eu\/en\/wp-json\/wp\/v2\/product"}],"about":[{"href":"https:\/\/bolting.eu\/en\/wp-json\/wp\/v2\/types\/product"}],"replies":[{"embeddable":true,"href":"https:\/\/bolting.eu\/en\/wp-json\/wp\/v2\/comments?post=2780"}],"wp:featuredmedia":[{"embeddable":true,"href":"https:\/\/bolting.eu\/en\/wp-json\/wp\/v2\/media\/16448"}],"wp:attachment":[{"href":"https:\/\/bolting.eu\/en\/wp-json\/wp\/v2\/media?parent=2780"}],"wp:term":[{"taxonomy":"product_brand","embeddable":true,"href":"https:\/\/bolting.eu\/en\/wp-json\/wp\/v2\/product_brand?post=2780"},{"taxonomy":"product_cat","embeddable":true,"href":"https:\/\/bolting.eu\/en\/wp-json\/wp\/v2\/product_cat?post=2780"},{"taxonomy":"product_tag","embeddable":true,"href":"https:\/\/bolting.eu\/en\/wp-json\/wp\/v2\/product_tag?post=2780"}],"curies":[{"name":"wp","href":"https:\/\/api.w.org\/{rel}","templated":true}]}}