{"id":2729,"date":"2020-03-27T10:48:51","date_gmt":"2020-03-27T09:48:51","guid":{"rendered":"https:\/\/bolting.eu\/?post_type=product&#038;p=2729"},"modified":"2020-12-16T12:02:59","modified_gmt":"2020-12-16T11:02:59","slug":"schwerlastanker-fix-soleymieux-kong","status":"publish","type":"product","link":"https:\/\/bolting.eu\/en\/shop\/schwerlastanker-fix-soleymieux-kong\/","title":{"rendered":"Schwerlastanker Fix Soleymieux Kong"},"content":{"rendered":"<p>Die Schwerlastanker Fix Soleymieux Kong sind spezielle Verbundanker. Sie sind f\u00fcr die <strong>permanente Installation ohne fixe Lasche gedacht.<\/strong> Denn dieser Klebehaken hat ein spezielles &#8220;Montagelied&#8221; zwischen Untergrund und Kopf. Darauf kann man einerseits die abnehmbare Lasche &#8220;Soleymieux Wide&#8221; montieren. Und andererseits das Verbindungsmittel Soleymieux.<\/p>\n<p>Diese Eigenschaften machen das System vor allem f\u00fcr ein paar Einsatzbereiche sehr interessant. Erstens f\u00fcr alle fixen Abseil- und Arbeitsstationen bei denen sowenig optischer Impact entstehen soll wie nur m\u00f6glich. Beispielsweise an Fassaden historischer Geb\u00e4ude oder bei Naturdenkm\u00e4lern.<\/p>\n<p>Zweitens f\u00fcr Fixpunkte welche nur durch autorisierte Personen benutzt werden sollen. Es stehen ja nur die Enden mit dem Montageglied aus dem Untergrund. Folglich kann man die Fixpunkte nur mit den entsprechenden Soleymieux Artikeln auch wirklich benutzen. Anwendungsf\u00e4lle sind beispielsweise Eingangssch\u00e4chte f\u00fcr H\u00f6hlen, tempor\u00e4re Standpl\u00e4tze f\u00fcr Kurse, Bergrettungsdienst, Fassaden an Geb\u00e4uden usw.<\/p>\n<h3>Eigenschaften Schwerlastanker Fix Soleymieux Kong<\/h3>\n<ul>\n<li>Hersteller: Kong<\/li>\n<li>Material: A2 Edelstahl<\/li>\n<li>Dimensionen: 10 x 90mm und 12 x 100mm<\/li>\n<li>Gewicht; 62 Gramm bzw. 95 Gramm<\/li>\n<li>ideal f\u00fcr H\u00f6henarbeiten, Bergrettung, tempor\u00e4re Nutzung<\/li>\n<li>erm\u00f6glicht Nutzung nur f\u00fcr autorisierte Personen<\/li>\n<li>passender Injektionsm\u00f6rtel: <a href=\"https:\/\/bolting.eu\/shop\/injektionsmoertel-fischer-fis-ab-360-s\/\">Fischer FIS AB 300S<\/a><\/li>\n<li><a style=\"font-size: 14.4px;\" href=\"https:\/\/www.kong.it\/media\/Component\/CatalogProduct\/p129-fixsoleymieux\/attachments\/ZZV05627%20rev.%200%20-%20ANCHOR%20DEVICES.pdf\" target=\"_blank\" rel=\"noopener noreferrer\">Bedienungsanleitung<\/a><\/li>\n<\/ul>\n<p>Untergrund muss entsprechend solide sein. d.. Beton oder Vollziegel. NICHT f\u00fcr D\u00e4mmfassaden oder Hohlziegel geeignet!<\/p>\n<h3>Anbringung Lasche am Schwerlastanker Fix Soleymieux Kong<\/h3>\n<p>Die Anbringung der Lasche ist denkbar einfach. Erstens m\u00fcsst ihr nur den kleinen Drahtschnapper \u00f6ffnen. Zweitens die Lasche in den Haken einh\u00e4ngen und kraftvoll in den Schlitz dr\u00fccken. Drittens den Drahtschnapper zudr\u00fccken und die Lasche ist gesichert.<\/p>\n<p><a href=\"https:\/\/bolting.eu\/wp-content\/uploads\/2020\/03\/Anwendung-Kong-Solemieux-3-1.jpg\"><img loading=\"lazy\" decoding=\"async\" class=\"alignnone wp-image-2726 size-medium\" src=\"https:\/\/bolting.eu\/wp-content\/uploads\/2020\/03\/Anwendung-Kong-Solemieux-3-1-800x287.jpg\" alt=\"\" width=\"800\" height=\"287\" srcset=\"https:\/\/bolting.eu\/wp-content\/uploads\/2020\/03\/Anwendung-Kong-Solemieux-3-1-800x287.jpg 800w, https:\/\/bolting.eu\/wp-content\/uploads\/2020\/03\/Anwendung-Kong-Solemieux-3-1-510x183.jpg 510w, https:\/\/bolting.eu\/wp-content\/uploads\/2020\/03\/Anwendung-Kong-Solemieux-3-1-768x276.jpg 768w, https:\/\/bolting.eu\/wp-content\/uploads\/2020\/03\/Anwendung-Kong-Solemieux-3-1-600x216.jpg 600w, https:\/\/bolting.eu\/wp-content\/uploads\/2020\/03\/Anwendung-Kong-Solemieux-3-1.jpg 1200w\" sizes=\"auto, (max-width: 800px) 100vw, 800px\" \/><\/a><\/p>\n<h3>Verwendung Soleymieux Verbindungsmittel<\/h3>\n<p>Auch das passende Verbindungsmittel ist ganz einfach zu bedienen. Zuerst den Verschlussmechanismus aufdr\u00fccken. Soleymieux \u00fcber das Montageglied schieben, zudr\u00fccken. Schon schnappt der Mechanismus zu und ist verriegelt!<\/p>\n<p>&nbsp;<\/p>\n<h3><a href=\"https:\/\/bolting.eu\/wp-content\/uploads\/2020\/03\/Anwendung-Kong-Solemieux-2.jpg\"><img loading=\"lazy\" decoding=\"async\" class=\"size-thumbnail wp-image-2723 alignleft\" src=\"https:\/\/bolting.eu\/wp-content\/uploads\/2020\/03\/Anwendung-Kong-Solemieux-2-280x280.jpg\" alt=\"\" width=\"280\" height=\"280\" srcset=\"https:\/\/bolting.eu\/wp-content\/uploads\/2020\/03\/Anwendung-Kong-Solemieux-2-280x280.jpg 280w, https:\/\/bolting.eu\/wp-content\/uploads\/2020\/03\/Anwendung-Kong-Solemieux-2-100x100.jpg 100w, https:\/\/bolting.eu\/wp-content\/uploads\/2020\/03\/Anwendung-Kong-Solemieux-2-510x510.jpg 510w, https:\/\/bolting.eu\/wp-content\/uploads\/2020\/03\/Anwendung-Kong-Solemieux-2-400x400.jpg 400w, https:\/\/bolting.eu\/wp-content\/uploads\/2020\/03\/Anwendung-Kong-Solemieux-2-300x300.jpg 300w, https:\/\/bolting.eu\/wp-content\/uploads\/2020\/03\/Anwendung-Kong-Solemieux-2-600x600.jpg 600w, https:\/\/bolting.eu\/wp-content\/uploads\/2020\/03\/Anwendung-Kong-Solemieux-2.jpg 700w\" sizes=\"auto, (max-width: 280px) 100vw, 280px\" \/><\/a><\/h3>\n<h3><\/h3>\n<h3><\/h3>\n<h3><\/h3>\n<h3><\/h3>\n<h3><\/h3>\n<h3>Das Soleymieux System<\/h3>\n<p>Dieses System besteht aus dem hier vorgestellten Schwerlastanker Fix Soleymieux Kong. Des weiteren gibt es auch Soleymieux Expressanker mit 10mm bzw. 12mm. \u00dcberdies erg\u00e4nzen das Anschlagsmittel &#8220;Soleymieux&#8221; und die Bohrhakenlasche &#8220;Soleymieux Wide&#8221; die Modellreihe.<\/p>\n<p>Dieses System ist die ideale L\u00f6sung wenn Fixpunkte nur von autorisierten Personen benutzt werden soll!<\/p>\n<h3>Einsatzbereiche Schwerlastanker Fix Soleymieux Kong<\/h3>\n<ul>\n<li>f\u00fcr Fassaden die optisch nicht beeintr\u00e4chtig werden sollen<\/li>\n<li>Abseilstellen die m\u00f6glichst unentdeckt bleiben sollen<\/li>\n<li>\u00fcberall wo die Fixpunkte nur tempor\u00e4r von bestimmten Personen genutzt werden d\u00fcrfen, z.B. \u00dcbungsst\u00e4nde in Bodenn\u00e4he<\/li>\n<li>\u00fcberall wo nur autorisierte Personen die Fixpunkte nutzen d\u00fcrfen<\/li>\n<li>\u00fcberall wo Nutzung von Fixpunkten gesteuert werden soll<\/li>\n<\/ul>\n","protected":false},"excerpt":{"rendered":"<ul>\n<li>Hersteller: Kong<\/li>\n<li>Material: A2 Edelstahl<\/li>\n<li>Dimensionen: 10 x 90mm und 12 x 100mm<\/li>\n<li>Gewicht; 62 Gramm bzw. 95 Gramm<\/li>\n<li>ideal f\u00fcr H\u00f6henarbeiten, Bergrettung, tempor\u00e4re Nutzung<\/li>\n<li>erm\u00f6glicht Nutzung nur f\u00fcr autorisierte Personen<\/li>\n<li>passender Injektionsm\u00f6rtel: <a href=\"https:\/\/bolting.eu\/shop\/injektionsmoertel-fischer-fis-ab-360-s\/\">Fischer FIS AB 300S<\/a><\/li>\n<li><a style=\"font-size: 14.4px;\" href=\"https:\/\/www.kong.it\/media\/Component\/CatalogProduct\/p129-fixsoleymieux\/attachments\/ZZV05627%20rev.%200%20-%20ANCHOR%20DEVICES.pdf\" target=\"_blank\" rel=\"noopener noreferrer\">Bedienungsanleitung<\/a><\/li>\n<\/ul>\n","protected":false},"featured_media":2722,"comment_status":"open","ping_status":"closed","template":"","meta":[],"product_brand":[],"product_cat":[1210,45,4651],"product_tag":[1565,2228,504,2189],"class_list":{"0":"post-2729","1":"product","2":"type-product","3":"status-publish","4":"has-post-thumbnail","6":"product_cat-einbohrartikel","7":"product_cat-klebehaken-buehlerhaken","8":"product_cat-kong","9":"product_tag-bergrettung","10":"product_tag-hoehenarbeiten","11":"product_tag-hoehlenforschung","12":"product_tag-speleologie","14":"first","15":"instock","16":"taxable","17":"shipping-taxable","18":"purchasable","19":"product-type-variable"},"yoast_head":"<!-- This site is optimized with the Yoast SEO Premium plugin v26.9 (Yoast SEO v26.9) - https:\/\/yoast.com\/product\/yoast-seo-premium-wordpress\/ -->\n<title>Schwerlastanker Fix Soleymieux Kong f\u00fcr H\u00f6henarbeiten | bolting.eu<\/title>\n<meta name=\"description\" content=\"Hier findet ihr den Schwerlastanker Fix Soleymieux Kong. Einen Klebehaken f\u00fcr H\u00f6henarbeiten bzw. Fassaden f\u00fcr autorisierte Personen!\" \/>\n<meta name=\"robots\" content=\"index, follow, max-snippet:-1, max-image-preview:large, max-video-preview:-1\" \/>\n<link rel=\"canonical\" href=\"https:\/\/bolting.eu\/en\/shop\/schwerlastanker-fix-soleymieux-kong\/\" \/>\n<meta property=\"og:locale\" content=\"en_US\" \/>\n<meta property=\"og:type\" content=\"article\" \/>\n<meta property=\"og:title\" content=\"Schwerlastanker Fix Soleymieux Kong\" \/>\n<meta property=\"og:description\" content=\"Hier findet ihr den Schwerlastanker Fix Soleymieux Kong. Einen Klebehaken f\u00fcr H\u00f6henarbeiten bzw. Fassaden f\u00fcr autorisierte Personen!\" \/>\n<meta property=\"og:url\" content=\"https:\/\/bolting.eu\/en\/shop\/schwerlastanker-fix-soleymieux-kong\/\" \/>\n<meta property=\"og:site_name\" content=\"bolting.eu\" \/>\n<meta property=\"article:publisher\" content=\"https:\/\/www.facebook.com\/bolting.eu\" \/>\n<meta property=\"article:modified_time\" content=\"2020-12-16T11:02:59+00:00\" \/>\n<meta property=\"og:image\" content=\"https:\/\/bolting.eu\/wp-content\/uploads\/2020\/03\/Schwerlastanker-Soleymieux-Kong.jpg\" \/>\n\t<meta property=\"og:image:width\" content=\"700\" \/>\n\t<meta property=\"og:image:height\" content=\"700\" \/>\n\t<meta property=\"og:image:type\" content=\"image\/jpeg\" \/>\n<meta name=\"twitter:card\" content=\"summary_large_image\" \/>\n<meta name=\"twitter:label1\" content=\"Availability\" \/>\n\t<meta name=\"twitter:data1\" content=\"In stock\" \/>\n<script type=\"application\/ld+json\" class=\"yoast-schema-graph\">{\"@context\":\"https:\/\/schema.org\",\"@graph\":[{\"@type\":[\"WebPage\",\"ItemPage\"],\"@id\":\"https:\/\/bolting.eu\/en\/shop\/schwerlastanker-fix-soleymieux-kong\/\",\"url\":\"https:\/\/bolting.eu\/en\/shop\/schwerlastanker-fix-soleymieux-kong\/\",\"name\":\"Schwerlastanker Fix Soleymieux Kong f\u00fcr H\u00f6henarbeiten | bolting.eu\",\"isPartOf\":{\"@id\":\"https:\/\/bolting.eu\/en\/#website\"},\"primaryImageOfPage\":{\"@id\":\"https:\/\/bolting.eu\/en\/shop\/schwerlastanker-fix-soleymieux-kong\/#primaryimage\"},\"image\":{\"@id\":\"https:\/\/bolting.eu\/en\/shop\/schwerlastanker-fix-soleymieux-kong\/#primaryimage\"},\"thumbnailUrl\":\"https:\/\/bolting.eu\/wp-content\/uploads\/2020\/03\/Schwerlastanker-Soleymieux-Kong.jpg\",\"datePublished\":\"2020-03-27T09:48:51+00:00\",\"dateModified\":\"2020-12-16T11:02:59+00:00\",\"description\":\"Hier findet ihr den Schwerlastanker Fix Soleymieux Kong. Einen Klebehaken f\u00fcr H\u00f6henarbeiten bzw. Fassaden f\u00fcr autorisierte Personen!\",\"breadcrumb\":{\"@id\":\"https:\/\/bolting.eu\/en\/shop\/schwerlastanker-fix-soleymieux-kong\/#breadcrumb\"},\"inLanguage\":\"en-US\",\"potentialAction\":[{\"@type\":\"ReadAction\",\"target\":[\"https:\/\/bolting.eu\/en\/shop\/schwerlastanker-fix-soleymieux-kong\/\"]}]},{\"@type\":\"ImageObject\",\"inLanguage\":\"en-US\",\"@id\":\"https:\/\/bolting.eu\/en\/shop\/schwerlastanker-fix-soleymieux-kong\/#primaryimage\",\"url\":\"https:\/\/bolting.eu\/wp-content\/uploads\/2020\/03\/Schwerlastanker-Soleymieux-Kong.jpg\",\"contentUrl\":\"https:\/\/bolting.eu\/wp-content\/uploads\/2020\/03\/Schwerlastanker-Soleymieux-Kong.jpg\",\"width\":700,\"height\":700},{\"@type\":\"BreadcrumbList\",\"@id\":\"https:\/\/bolting.eu\/en\/shop\/schwerlastanker-fix-soleymieux-kong\/#breadcrumb\",\"itemListElement\":[{\"@type\":\"ListItem\",\"position\":1,\"name\":\"Shop\",\"item\":\"https:\/\/bolting.eu\/en\/shop\/\"},{\"@type\":\"ListItem\",\"position\":2,\"name\":\"bolting products\",\"item\":\"https:\/\/bolting.eu\/en\/produkt-kategorie\/bolting-products\/\"},{\"@type\":\"ListItem\",\"position\":3,\"name\":\"glue in bolts\",\"item\":\"https:\/\/bolting.eu\/en\/produkt-kategorie\/glue-in-bolts\/\"},{\"@type\":\"ListItem\",\"position\":4,\"name\":\"Schwerlastanker Fix Soleymieux Kong\"}]},{\"@type\":\"WebSite\",\"@id\":\"https:\/\/bolting.eu\/en\/#website\",\"url\":\"https:\/\/bolting.eu\/en\/\",\"name\":\"bolting.eu\",\"description\":\"we make climbs happen\",\"publisher\":{\"@id\":\"https:\/\/bolting.eu\/en\/#organization\"},\"potentialAction\":[{\"@type\":\"SearchAction\",\"target\":{\"@type\":\"EntryPoint\",\"urlTemplate\":\"https:\/\/bolting.eu\/en\/?s={search_term_string}\"},\"query-input\":{\"@type\":\"PropertyValueSpecification\",\"valueRequired\":true,\"valueName\":\"search_term_string\"}}],\"inLanguage\":\"en-US\"},{\"@type\":[\"Organization\",\"Place\",\"SportingGoodsStore\"],\"@id\":\"https:\/\/bolting.eu\/en\/#organization\",\"name\":\"bolting.eu\",\"url\":\"https:\/\/bolting.eu\/en\/\",\"logo\":{\"@id\":\"https:\/\/bolting.eu\/en\/shop\/schwerlastanker-fix-soleymieux-kong\/#local-main-organization-logo\"},\"image\":{\"@id\":\"https:\/\/bolting.eu\/en\/shop\/schwerlastanker-fix-soleymieux-kong\/#local-main-organization-logo\"},\"sameAs\":[\"https:\/\/www.facebook.com\/bolting.eu\",\"https:\/\/www.instagram.com\/bolting.eu\/\"],\"address\":{\"@id\":\"https:\/\/bolting.eu\/en\/shop\/schwerlastanker-fix-soleymieux-kong\/#local-main-place-address\"},\"geo\":{\"@type\":\"GeoCoordinates\",\"latitude\":\"47.264176340396226\",\"longitude\":\"11.380109057672346\"},\"telephone\":[\"+43 699 19083372\"],\"openingHoursSpecification\":[{\"@type\":\"OpeningHoursSpecification\",\"dayOfWeek\":[\"Monday\",\"Wednesday\",\"Friday\"],\"opens\":\"14:00\",\"closes\":\"18:00\"},{\"@type\":\"OpeningHoursSpecification\",\"dayOfWeek\":[\"Tuesday\",\"Thursday\",\"Saturday\",\"Sunday\"],\"opens\":\"00:00\",\"closes\":\"00:00\"}],\"email\":\"office@bolting.eu\",\"vatID\":\"ATU59999728\",\"priceRange\":\"$$\",\"currenciesAccepted\":\"Euro\"},{\"@type\":\"PostalAddress\",\"@id\":\"https:\/\/bolting.eu\/en\/shop\/schwerlastanker-fix-soleymieux-kong\/#local-main-place-address\",\"streetAddress\":\"Fischnalerstra\u00dfe 4\",\"addressLocality\":\"Innsbruck\",\"postalCode\":\"6020\",\"addressRegion\":\"Tirol\",\"addressCountry\":\"AT\"},{\"@type\":\"ImageObject\",\"inLanguage\":\"en-US\",\"@id\":\"https:\/\/bolting.eu\/en\/shop\/schwerlastanker-fix-soleymieux-kong\/#local-main-organization-logo\",\"url\":\"https:\/\/bolting.eu\/wp-content\/uploads\/2019\/09\/bolting-logo.png\",\"contentUrl\":\"https:\/\/bolting.eu\/wp-content\/uploads\/2019\/09\/bolting-logo.png\",\"width\":400,\"height\":211,\"caption\":\"bolting.eu\"}]}<\/script>\n<meta property=\"og:availability\" content=\"instock\" \/>\n<meta property=\"product:availability\" content=\"instock\" \/>\n<meta property=\"product:condition\" content=\"new\" \/>\n<meta name=\"geo.placename\" content=\"Innsbruck\" \/>\n<meta name=\"geo.position\" content=\"47.264176340396226;11.380109057672346\" \/>\n<meta name=\"geo.region\" content=\"Austria\" \/>\n<!-- \/ Yoast SEO Premium plugin. -->","yoast_head_json":{"title":"Schwerlastanker Fix Soleymieux Kong f\u00fcr H\u00f6henarbeiten | bolting.eu","description":"Hier findet ihr den Schwerlastanker Fix Soleymieux Kong. Einen Klebehaken f\u00fcr H\u00f6henarbeiten bzw. Fassaden f\u00fcr autorisierte Personen!","robots":{"index":"index","follow":"follow","max-snippet":"max-snippet:-1","max-image-preview":"max-image-preview:large","max-video-preview":"max-video-preview:-1"},"canonical":"https:\/\/bolting.eu\/en\/shop\/schwerlastanker-fix-soleymieux-kong\/","og_locale":"en_US","og_type":"article","og_title":"Schwerlastanker Fix Soleymieux Kong","og_description":"Hier findet ihr den Schwerlastanker Fix Soleymieux Kong. Einen Klebehaken f\u00fcr H\u00f6henarbeiten bzw. Fassaden f\u00fcr autorisierte Personen!","og_url":"https:\/\/bolting.eu\/en\/shop\/schwerlastanker-fix-soleymieux-kong\/","og_site_name":"bolting.eu","article_publisher":"https:\/\/www.facebook.com\/bolting.eu","article_modified_time":"2020-12-16T11:02:59+00:00","og_image":[{"width":700,"height":700,"url":"https:\/\/bolting.eu\/wp-content\/uploads\/2020\/03\/Schwerlastanker-Soleymieux-Kong.jpg","type":"image\/jpeg"}],"twitter_card":"summary_large_image","twitter_misc":{"Availability":"In stock"},"schema":{"@context":"https:\/\/schema.org","@graph":[{"@type":["WebPage","ItemPage"],"@id":"https:\/\/bolting.eu\/en\/shop\/schwerlastanker-fix-soleymieux-kong\/","url":"https:\/\/bolting.eu\/en\/shop\/schwerlastanker-fix-soleymieux-kong\/","name":"Schwerlastanker Fix Soleymieux Kong f\u00fcr H\u00f6henarbeiten | bolting.eu","isPartOf":{"@id":"https:\/\/bolting.eu\/en\/#website"},"primaryImageOfPage":{"@id":"https:\/\/bolting.eu\/en\/shop\/schwerlastanker-fix-soleymieux-kong\/#primaryimage"},"image":{"@id":"https:\/\/bolting.eu\/en\/shop\/schwerlastanker-fix-soleymieux-kong\/#primaryimage"},"thumbnailUrl":"https:\/\/bolting.eu\/wp-content\/uploads\/2020\/03\/Schwerlastanker-Soleymieux-Kong.jpg","datePublished":"2020-03-27T09:48:51+00:00","dateModified":"2020-12-16T11:02:59+00:00","description":"Hier findet ihr den Schwerlastanker Fix Soleymieux Kong. Einen Klebehaken f\u00fcr H\u00f6henarbeiten bzw. Fassaden f\u00fcr autorisierte Personen!","breadcrumb":{"@id":"https:\/\/bolting.eu\/en\/shop\/schwerlastanker-fix-soleymieux-kong\/#breadcrumb"},"inLanguage":"en-US","potentialAction":[{"@type":"ReadAction","target":["https:\/\/bolting.eu\/en\/shop\/schwerlastanker-fix-soleymieux-kong\/"]}]},{"@type":"ImageObject","inLanguage":"en-US","@id":"https:\/\/bolting.eu\/en\/shop\/schwerlastanker-fix-soleymieux-kong\/#primaryimage","url":"https:\/\/bolting.eu\/wp-content\/uploads\/2020\/03\/Schwerlastanker-Soleymieux-Kong.jpg","contentUrl":"https:\/\/bolting.eu\/wp-content\/uploads\/2020\/03\/Schwerlastanker-Soleymieux-Kong.jpg","width":700,"height":700},{"@type":"BreadcrumbList","@id":"https:\/\/bolting.eu\/en\/shop\/schwerlastanker-fix-soleymieux-kong\/#breadcrumb","itemListElement":[{"@type":"ListItem","position":1,"name":"Shop","item":"https:\/\/bolting.eu\/en\/shop\/"},{"@type":"ListItem","position":2,"name":"bolting products","item":"https:\/\/bolting.eu\/en\/produkt-kategorie\/bolting-products\/"},{"@type":"ListItem","position":3,"name":"glue in bolts","item":"https:\/\/bolting.eu\/en\/produkt-kategorie\/glue-in-bolts\/"},{"@type":"ListItem","position":4,"name":"Schwerlastanker Fix Soleymieux Kong"}]},{"@type":"WebSite","@id":"https:\/\/bolting.eu\/en\/#website","url":"https:\/\/bolting.eu\/en\/","name":"bolting.eu","description":"we make climbs happen","publisher":{"@id":"https:\/\/bolting.eu\/en\/#organization"},"potentialAction":[{"@type":"SearchAction","target":{"@type":"EntryPoint","urlTemplate":"https:\/\/bolting.eu\/en\/?s={search_term_string}"},"query-input":{"@type":"PropertyValueSpecification","valueRequired":true,"valueName":"search_term_string"}}],"inLanguage":"en-US"},{"@type":["Organization","Place","SportingGoodsStore"],"@id":"https:\/\/bolting.eu\/en\/#organization","name":"bolting.eu","url":"https:\/\/bolting.eu\/en\/","logo":{"@id":"https:\/\/bolting.eu\/en\/shop\/schwerlastanker-fix-soleymieux-kong\/#local-main-organization-logo"},"image":{"@id":"https:\/\/bolting.eu\/en\/shop\/schwerlastanker-fix-soleymieux-kong\/#local-main-organization-logo"},"sameAs":["https:\/\/www.facebook.com\/bolting.eu","https:\/\/www.instagram.com\/bolting.eu\/"],"address":{"@id":"https:\/\/bolting.eu\/en\/shop\/schwerlastanker-fix-soleymieux-kong\/#local-main-place-address"},"geo":{"@type":"GeoCoordinates","latitude":"47.264176340396226","longitude":"11.380109057672346"},"telephone":["+43 699 19083372"],"openingHoursSpecification":[{"@type":"OpeningHoursSpecification","dayOfWeek":["Monday","Wednesday","Friday"],"opens":"14:00","closes":"18:00"},{"@type":"OpeningHoursSpecification","dayOfWeek":["Tuesday","Thursday","Saturday","Sunday"],"opens":"00:00","closes":"00:00"}],"email":"office@bolting.eu","vatID":"ATU59999728","priceRange":"$$","currenciesAccepted":"Euro"},{"@type":"PostalAddress","@id":"https:\/\/bolting.eu\/en\/shop\/schwerlastanker-fix-soleymieux-kong\/#local-main-place-address","streetAddress":"Fischnalerstra\u00dfe 4","addressLocality":"Innsbruck","postalCode":"6020","addressRegion":"Tirol","addressCountry":"AT"},{"@type":"ImageObject","inLanguage":"en-US","@id":"https:\/\/bolting.eu\/en\/shop\/schwerlastanker-fix-soleymieux-kong\/#local-main-organization-logo","url":"https:\/\/bolting.eu\/wp-content\/uploads\/2019\/09\/bolting-logo.png","contentUrl":"https:\/\/bolting.eu\/wp-content\/uploads\/2019\/09\/bolting-logo.png","width":400,"height":211,"caption":"bolting.eu"}]},"og_availability":"instock","product_availability":"instock","product_condition":"new","geo.placename":"Innsbruck","geo.position":{"lat":"47.264176340396226","long":"11.380109057672346"},"geo.region":"Austria"},"_links":{"self":[{"href":"https:\/\/bolting.eu\/en\/wp-json\/wp\/v2\/product\/2729","targetHints":{"allow":["GET"]}}],"collection":[{"href":"https:\/\/bolting.eu\/en\/wp-json\/wp\/v2\/product"}],"about":[{"href":"https:\/\/bolting.eu\/en\/wp-json\/wp\/v2\/types\/product"}],"replies":[{"embeddable":true,"href":"https:\/\/bolting.eu\/en\/wp-json\/wp\/v2\/comments?post=2729"}],"wp:featuredmedia":[{"embeddable":true,"href":"https:\/\/bolting.eu\/en\/wp-json\/wp\/v2\/media\/2722"}],"wp:attachment":[{"href":"https:\/\/bolting.eu\/en\/wp-json\/wp\/v2\/media?parent=2729"}],"wp:term":[{"taxonomy":"product_brand","embeddable":true,"href":"https:\/\/bolting.eu\/en\/wp-json\/wp\/v2\/product_brand?post=2729"},{"taxonomy":"product_cat","embeddable":true,"href":"https:\/\/bolting.eu\/en\/wp-json\/wp\/v2\/product_cat?post=2729"},{"taxonomy":"product_tag","embeddable":true,"href":"https:\/\/bolting.eu\/en\/wp-json\/wp\/v2\/product_tag?post=2729"}],"curies":[{"name":"wp","href":"https:\/\/api.w.org\/{rel}","templated":true}]}}