{"id":2691,"date":"2020-03-25T12:36:30","date_gmt":"2020-03-25T11:36:30","guid":{"rendered":"https:\/\/bolting.eu\/?post_type=product&#038;p=2691"},"modified":"2026-01-30T19:39:52","modified_gmt":"2026-01-30T18:39:52","slug":"climbing-technology-seilsack-city","status":"publish","type":"product","link":"https:\/\/bolting.eu\/en\/shop\/climbing-technology-seilsack-city\/","title":{"rendered":"Climbing Technology Seilsack City"},"content":{"rendered":"<p>Der Climbing Technology <a href=\"https:\/\/bolting.eu\/produkt-kategorie\/kletterausruestung\/seilsaecke\/\">Seilsack<\/a> City ist unserer Meinung nach einer der besten Seils\u00e4cke am Markt. Hier bekommt man f\u00fcr sein Geld ein richtig solides Produkt. Denn erstens ist die Gr\u00f6\u00dfe ansprechend. Ein 80 Meter Seil sowie einige weitere Gegenst\u00e4nde passen in den Seilsack. Zweitens hat die Seilplane eine Gr\u00f6\u00dfe von 110 x 150cm. Drittens ist das Handling sehr angenehm. Sowohl beim Ein- und Auspacken. Als auch beim Herumtragen.<\/p>\n<p>Man kann das Seil sehr leicht zur\u00fcck in den Sack gleiten lassen und dann als Seiltasche verwenden. Perfekt f\u00fcr die Kletterhalle beispielsweise.<\/p>\n<h3>Eigenschaften Climbing Technology Seilsack City<\/h3>\n<ul>\n<li>Hersteller: <a href=\"https:\/\/bolting.eu\/climbing-technology\/\">Climbing Technology<\/a><\/li>\n<li>Fassungsverm\u00f6gen: 22 Liter<\/li>\n<li>Gr\u00f6\u00dfe Plane: 110 x 150cm<\/li>\n<li>zwei Befestigungsschlaufen f\u00fcr die Seilenden<\/li>\n<li>Trageriemen mit gepolstertem Gurt<\/li>\n<li>Griff an Oberseite erm\u00f6glicht leichtes Tragen in ge\u00f6ffnetem Zustand<\/li>\n<li>Farbe: orange<\/li>\n<li>Gewicht: 380 Gramm<\/li>\n<\/ul>\n<h3>Video Climbing Technology Seilsack City<\/h3>\n<p>Das folgende Video stellt den Seilsack n\u00e4her vor:<\/p>\n<p><iframe loading=\"lazy\" src=\"https:\/\/www.youtube.com\/embed\/_p_lrQpNiX0\" width=\"100%\" height=\"450\" frameborder=\"0\" allowfullscreen=\"allowfullscreen\"><span data-mce-type=\"bookmark\" style=\"display: inline-block; width: 0px; overflow: hidden; line-height: 0;\" class=\"mce_SELRES_start\">\ufeff<\/span><\/iframe><\/p>\n<h3>Praxis Tipp<\/h3>\n<p>Schaut Euch das Video oben genau an. Dort ist klar zu sehen wie die beste Methode f\u00fcr das Herumtragen des Seilsackes ist. Ihr k\u00f6nnt ihn ganz bequem im ge\u00f6ffneten Zustand von Route zu Route tragen. Wer will, kann den Sack einfach auf den Boden stellen und daraus das Seil beim Sichern ziehen.<\/p>\n<h3>Pflegetipp<\/h3>\n<p>Es lohnt sich den Seilsack sowie das Seil in regelm\u00e4\u00dfigen Abst\u00e4nden zu waschen. Den Sach leeren und denganzen Sand, Steinchen und Schmutz heraussch\u00fctteln. Das verhindert ein Eindringen durch den Seilmantel ins Seilinnere. Folglich schon es das Seil und verl\u00e4ngert deren Lebensdauer. Ist der Seilsack extrem verdreckt, dann einfach mal mit dem Gartenschlauch abspritzen.<\/p>\n<h3>Wann sollte der Climbing Technology Seilsack City ausgetauscht werden<\/h3>\n<p>Seils\u00e4cke sind grunds\u00e4tzlich langlebige Ausr\u00fcstungsgegenst\u00e4nde. Sie halten viele Jahre. Versucht auf den Seilsacht Acht zu geben indem ihr nie sehr schwere Lasten darin transportiert oder irgendwo h\u00e4ngen bleibt.<\/p>\n<p>Ein Seilsack muss eben dann getauscht werden, wenn die Trageriemen leider einrei\u00dfen oder abrei\u00dfen. Weiters wird er meist ausgetauscht, wenn die Plane gro\u00dfe L\u00f6cher bekommt oder der Feuchtigkeit nicht mehr standh\u00e4lt.<\/p>\n<p>Link Tipp: den neuen Seilsack gleich mal ausprobieren, beim <a href=\"https:\/\/maltatal.rocks\/klettergebiete-maltatal\/\" target=\"_blank\" rel=\"noopener noreferrer\">Sportklettern in K\u00e4rnten<\/a><\/p>\n<p>&nbsp;<\/p>\n","protected":false},"excerpt":{"rendered":"<ul>\n<li>Hersteller: <a href=\"https:\/\/bolting.eu\/climbing-technology\/\">Climbing Technology<\/a><\/li>\n<li>Fassungsverm\u00f6gen: 22 Liter<\/li>\n<li>Gr\u00f6\u00dfe Plane: 110 x 150cm<\/li>\n<li>zwei Befestigungsschlaufen f\u00fcr die Seilenden<\/li>\n<li>Trageriemen mit gepolstertem Gurt<\/li>\n<li>Griff an Oberseite erm\u00f6glicht leichtes Tragen in ge\u00f6ffnetem Zustand<\/li>\n<li>Farbe: orange<\/li>\n<li>Gewicht: 380 Gramm<\/li>\n<\/ul>\n","protected":false},"featured_media":2693,"comment_status":"closed","ping_status":"closed","template":"","meta":[],"product_brand":[],"product_cat":[4662,5416,29],"product_tag":[3465,264],"class_list":{"0":"post-2691","1":"product","2":"type-product","3":"status-publish","4":"has-post-thumbnail","6":"product_cat-climbing-technology","7":"product_cat-seilsaecke","8":"product_cat-kletterausruestung","9":"product_tag-kletterhalle","10":"product_tag-sportklettern","12":"first","13":"instock","14":"taxable","15":"shipping-taxable","16":"purchasable","17":"product-type-simple"},"yoast_head":"<!-- This site is optimized with the Yoast SEO Premium plugin v26.9 (Yoast SEO v26.9) - https:\/\/yoast.com\/product\/yoast-seo-premium-wordpress\/ -->\n<title>Climbing Technology Seilsack City : jetzt online kaufen bei bolting.eu<\/title>\n<meta name=\"description\" content=\"Hier findet ihr den Climbing Technology Seilsack City. Einen 22 Liter Seilsack mit perfektem Handling und super Qualit\u00e4t mit dem ihr lange Freude habt!\" \/>\n<meta name=\"robots\" content=\"index, follow, max-snippet:-1, max-image-preview:large, max-video-preview:-1\" \/>\n<link rel=\"canonical\" href=\"https:\/\/bolting.eu\/en\/shop\/climbing-technology-seilsack-city\/\" \/>\n<meta property=\"og:locale\" content=\"en_US\" \/>\n<meta property=\"og:type\" content=\"article\" \/>\n<meta property=\"og:title\" content=\"Climbing Technology Seilsack City\" \/>\n<meta property=\"og:description\" content=\"Hier findet ihr den Climbing Technology Seilsack City. Einen 22 Liter Seilsack mit perfektem Handling und super Qualit\u00e4t mit dem ihr lange Freude habt!\" \/>\n<meta property=\"og:url\" content=\"https:\/\/bolting.eu\/en\/shop\/climbing-technology-seilsack-city\/\" \/>\n<meta property=\"og:site_name\" content=\"bolting.eu\" \/>\n<meta property=\"article:publisher\" content=\"https:\/\/www.facebook.com\/bolting.eu\" \/>\n<meta property=\"article:modified_time\" content=\"2026-01-30T18:39:52+00:00\" \/>\n<meta property=\"og:image\" content=\"https:\/\/bolting.eu\/wp-content\/uploads\/2020\/03\/Climbing-Technology-Seilsack-City.jpg\" \/>\n\t<meta property=\"og:image:width\" content=\"700\" \/>\n\t<meta property=\"og:image:height\" content=\"700\" \/>\n\t<meta property=\"og:image:type\" content=\"image\/jpeg\" \/>\n<meta name=\"twitter:card\" content=\"summary_large_image\" \/>\n<meta name=\"twitter:label1\" content=\"Price\" \/>\n\t<meta name=\"twitter:data1\" content=\"&euro;&nbsp;40,00\" \/>\n\t<meta name=\"twitter:label2\" content=\"Availability\" \/>\n\t<meta name=\"twitter:data2\" content=\"In stock\" \/>\n<script type=\"application\/ld+json\" class=\"yoast-schema-graph\">{\"@context\":\"https:\/\/schema.org\",\"@graph\":[{\"@type\":[\"WebPage\",\"ItemPage\"],\"@id\":\"https:\/\/bolting.eu\/en\/shop\/climbing-technology-seilsack-city\/\",\"url\":\"https:\/\/bolting.eu\/en\/shop\/climbing-technology-seilsack-city\/\",\"name\":\"Climbing Technology Seilsack City : jetzt online kaufen bei bolting.eu\",\"isPartOf\":{\"@id\":\"https:\/\/bolting.eu\/en\/#website\"},\"primaryImageOfPage\":{\"@id\":\"https:\/\/bolting.eu\/en\/shop\/climbing-technology-seilsack-city\/#primaryimage\"},\"image\":{\"@id\":\"https:\/\/bolting.eu\/en\/shop\/climbing-technology-seilsack-city\/#primaryimage\"},\"thumbnailUrl\":\"https:\/\/bolting.eu\/wp-content\/uploads\/2020\/03\/Climbing-Technology-Seilsack-City.jpg\",\"datePublished\":\"2020-03-25T11:36:30+00:00\",\"dateModified\":\"2026-01-30T18:39:52+00:00\",\"description\":\"Hier findet ihr den Climbing Technology Seilsack City. Einen 22 Liter Seilsack mit perfektem Handling und super Qualit\u00e4t mit dem ihr lange Freude habt!\",\"breadcrumb\":{\"@id\":\"https:\/\/bolting.eu\/en\/shop\/climbing-technology-seilsack-city\/#breadcrumb\"},\"inLanguage\":\"en-US\",\"potentialAction\":[{\"@type\":\"ReadAction\",\"target\":[\"https:\/\/bolting.eu\/en\/shop\/climbing-technology-seilsack-city\/\"]}]},{\"@type\":\"ImageObject\",\"inLanguage\":\"en-US\",\"@id\":\"https:\/\/bolting.eu\/en\/shop\/climbing-technology-seilsack-city\/#primaryimage\",\"url\":\"https:\/\/bolting.eu\/wp-content\/uploads\/2020\/03\/Climbing-Technology-Seilsack-City.jpg\",\"contentUrl\":\"https:\/\/bolting.eu\/wp-content\/uploads\/2020\/03\/Climbing-Technology-Seilsack-City.jpg\",\"width\":700,\"height\":700,\"caption\":\"Das Bild zeigt den orangen Climbing Technology Seilsack City. Er steht aufrecht in Bildmitte und ist offensichtlich mit einem Seil gef\u00fcllt. An der Vorderseite h\u00e4ngt der Trageriemen.\"},{\"@type\":\"BreadcrumbList\",\"@id\":\"https:\/\/bolting.eu\/en\/shop\/climbing-technology-seilsack-city\/#breadcrumb\",\"itemListElement\":[{\"@type\":\"ListItem\",\"position\":1,\"name\":\"Shop\",\"item\":\"https:\/\/bolting.eu\/en\/shop\/\"},{\"@type\":\"ListItem\",\"position\":2,\"name\":\"climbing equipment\",\"item\":\"https:\/\/bolting.eu\/en\/produkt-kategorie\/climbing-equipment\/\"},{\"@type\":\"ListItem\",\"position\":3,\"name\":\"Seils\u00e4cke\",\"item\":\"https:\/\/bolting.eu\/produkt-kategorie\/kletterausruestung\/seilsaecke\/\"},{\"@type\":\"ListItem\",\"position\":4,\"name\":\"Climbing Technology Seilsack City\"}]},{\"@type\":\"WebSite\",\"@id\":\"https:\/\/bolting.eu\/en\/#website\",\"url\":\"https:\/\/bolting.eu\/en\/\",\"name\":\"bolting.eu\",\"description\":\"we make climbs happen\",\"publisher\":{\"@id\":\"https:\/\/bolting.eu\/en\/#organization\"},\"potentialAction\":[{\"@type\":\"SearchAction\",\"target\":{\"@type\":\"EntryPoint\",\"urlTemplate\":\"https:\/\/bolting.eu\/en\/?s={search_term_string}\"},\"query-input\":{\"@type\":\"PropertyValueSpecification\",\"valueRequired\":true,\"valueName\":\"search_term_string\"}}],\"inLanguage\":\"en-US\"},{\"@type\":[\"Organization\",\"Place\",\"SportingGoodsStore\"],\"@id\":\"https:\/\/bolting.eu\/en\/#organization\",\"name\":\"bolting.eu\",\"url\":\"https:\/\/bolting.eu\/en\/\",\"logo\":{\"@id\":\"https:\/\/bolting.eu\/en\/shop\/climbing-technology-seilsack-city\/#local-main-organization-logo\"},\"image\":{\"@id\":\"https:\/\/bolting.eu\/en\/shop\/climbing-technology-seilsack-city\/#local-main-organization-logo\"},\"sameAs\":[\"https:\/\/www.facebook.com\/bolting.eu\",\"https:\/\/www.instagram.com\/bolting.eu\/\"],\"address\":{\"@id\":\"https:\/\/bolting.eu\/en\/shop\/climbing-technology-seilsack-city\/#local-main-place-address\"},\"geo\":{\"@type\":\"GeoCoordinates\",\"latitude\":\"47.264176340396226\",\"longitude\":\"11.380109057672346\"},\"telephone\":[\"+43 699 19083372\"],\"openingHoursSpecification\":[{\"@type\":\"OpeningHoursSpecification\",\"dayOfWeek\":[\"Monday\",\"Wednesday\",\"Friday\"],\"opens\":\"14:00\",\"closes\":\"18:00\"},{\"@type\":\"OpeningHoursSpecification\",\"dayOfWeek\":[\"Tuesday\",\"Thursday\",\"Saturday\",\"Sunday\"],\"opens\":\"00:00\",\"closes\":\"00:00\"}],\"email\":\"office@bolting.eu\",\"vatID\":\"ATU59999728\",\"priceRange\":\"$$\",\"currenciesAccepted\":\"Euro\"},{\"@type\":\"PostalAddress\",\"@id\":\"https:\/\/bolting.eu\/en\/shop\/climbing-technology-seilsack-city\/#local-main-place-address\",\"streetAddress\":\"Fischnalerstra\u00dfe 4\",\"addressLocality\":\"Innsbruck\",\"postalCode\":\"6020\",\"addressRegion\":\"Tirol\",\"addressCountry\":\"AT\"},{\"@type\":\"ImageObject\",\"inLanguage\":\"en-US\",\"@id\":\"https:\/\/bolting.eu\/en\/shop\/climbing-technology-seilsack-city\/#local-main-organization-logo\",\"url\":\"https:\/\/bolting.eu\/wp-content\/uploads\/2019\/09\/bolting-logo.png\",\"contentUrl\":\"https:\/\/bolting.eu\/wp-content\/uploads\/2019\/09\/bolting-logo.png\",\"width\":400,\"height\":211,\"caption\":\"bolting.eu\"}]}<\/script>\n<meta property=\"og:video\" content=\"https:\/\/www.youtube.com\/embed\/_p_lrQpNiX0\" \/>\n<meta property=\"og:video:type\" content=\"text\/html\" \/>\n<meta property=\"og:video:duration\" content=\"126\" \/>\n<meta property=\"og:video:width\" content=\"480\" \/>\n<meta property=\"og:video:height\" content=\"270\" \/>\n<meta property=\"ya:ovs:adult\" content=\"false\" \/>\n<meta property=\"ya:ovs:upload_date\" content=\"2020-03-25T11:36:30+00:00\" \/>\n<meta property=\"ya:ovs:allow_embed\" content=\"true\" \/>\n<meta property=\"product:price:amount\" content=\"40.00\" \/>\n<meta property=\"product:price:currency\" content=\"EUR\" \/>\n<meta property=\"og:availability\" content=\"instock\" \/>\n<meta property=\"product:availability\" content=\"instock\" \/>\n<meta property=\"product:retailer_item_id\" content=\"7X988\" \/>\n<meta property=\"product:condition\" content=\"new\" \/>\n<meta name=\"geo.placename\" content=\"Innsbruck\" \/>\n<meta name=\"geo.position\" content=\"47.264176340396226;11.380109057672346\" \/>\n<meta name=\"geo.region\" content=\"Austria\" \/>\n<!-- \/ Yoast SEO Premium plugin. -->","yoast_head_json":{"title":"Climbing Technology Seilsack City : jetzt online kaufen bei bolting.eu","description":"Hier findet ihr den Climbing Technology Seilsack City. Einen 22 Liter Seilsack mit perfektem Handling und super Qualit\u00e4t mit dem ihr lange Freude habt!","robots":{"index":"index","follow":"follow","max-snippet":"max-snippet:-1","max-image-preview":"max-image-preview:large","max-video-preview":"max-video-preview:-1"},"canonical":"https:\/\/bolting.eu\/en\/shop\/climbing-technology-seilsack-city\/","og_locale":"en_US","og_type":"article","og_title":"Climbing Technology Seilsack City","og_description":"Hier findet ihr den Climbing Technology Seilsack City. Einen 22 Liter Seilsack mit perfektem Handling und super Qualit\u00e4t mit dem ihr lange Freude habt!","og_url":"https:\/\/bolting.eu\/en\/shop\/climbing-technology-seilsack-city\/","og_site_name":"bolting.eu","article_publisher":"https:\/\/www.facebook.com\/bolting.eu","article_modified_time":"2026-01-30T18:39:52+00:00","og_image":[{"width":700,"height":700,"url":"https:\/\/bolting.eu\/wp-content\/uploads\/2020\/03\/Climbing-Technology-Seilsack-City.jpg","type":"image\/jpeg"}],"twitter_card":"summary_large_image","twitter_misc":{"Price":"&euro;&nbsp;40,00","Availability":"In stock"},"schema":{"@context":"https:\/\/schema.org","@graph":[{"@type":["WebPage","ItemPage"],"@id":"https:\/\/bolting.eu\/en\/shop\/climbing-technology-seilsack-city\/","url":"https:\/\/bolting.eu\/en\/shop\/climbing-technology-seilsack-city\/","name":"Climbing Technology Seilsack City : jetzt online kaufen bei bolting.eu","isPartOf":{"@id":"https:\/\/bolting.eu\/en\/#website"},"primaryImageOfPage":{"@id":"https:\/\/bolting.eu\/en\/shop\/climbing-technology-seilsack-city\/#primaryimage"},"image":{"@id":"https:\/\/bolting.eu\/en\/shop\/climbing-technology-seilsack-city\/#primaryimage"},"thumbnailUrl":"https:\/\/bolting.eu\/wp-content\/uploads\/2020\/03\/Climbing-Technology-Seilsack-City.jpg","datePublished":"2020-03-25T11:36:30+00:00","dateModified":"2026-01-30T18:39:52+00:00","description":"Hier findet ihr den Climbing Technology Seilsack City. Einen 22 Liter Seilsack mit perfektem Handling und super Qualit\u00e4t mit dem ihr lange Freude habt!","breadcrumb":{"@id":"https:\/\/bolting.eu\/en\/shop\/climbing-technology-seilsack-city\/#breadcrumb"},"inLanguage":"en-US","potentialAction":[{"@type":"ReadAction","target":["https:\/\/bolting.eu\/en\/shop\/climbing-technology-seilsack-city\/"]}]},{"@type":"ImageObject","inLanguage":"en-US","@id":"https:\/\/bolting.eu\/en\/shop\/climbing-technology-seilsack-city\/#primaryimage","url":"https:\/\/bolting.eu\/wp-content\/uploads\/2020\/03\/Climbing-Technology-Seilsack-City.jpg","contentUrl":"https:\/\/bolting.eu\/wp-content\/uploads\/2020\/03\/Climbing-Technology-Seilsack-City.jpg","width":700,"height":700,"caption":"Das Bild zeigt den orangen Climbing Technology Seilsack City. Er steht aufrecht in Bildmitte und ist offensichtlich mit einem Seil gef\u00fcllt. An der Vorderseite h\u00e4ngt der Trageriemen."},{"@type":"BreadcrumbList","@id":"https:\/\/bolting.eu\/en\/shop\/climbing-technology-seilsack-city\/#breadcrumb","itemListElement":[{"@type":"ListItem","position":1,"name":"Shop","item":"https:\/\/bolting.eu\/en\/shop\/"},{"@type":"ListItem","position":2,"name":"climbing equipment","item":"https:\/\/bolting.eu\/en\/produkt-kategorie\/climbing-equipment\/"},{"@type":"ListItem","position":3,"name":"Seils\u00e4cke","item":"https:\/\/bolting.eu\/produkt-kategorie\/kletterausruestung\/seilsaecke\/"},{"@type":"ListItem","position":4,"name":"Climbing Technology Seilsack City"}]},{"@type":"WebSite","@id":"https:\/\/bolting.eu\/en\/#website","url":"https:\/\/bolting.eu\/en\/","name":"bolting.eu","description":"we make climbs happen","publisher":{"@id":"https:\/\/bolting.eu\/en\/#organization"},"potentialAction":[{"@type":"SearchAction","target":{"@type":"EntryPoint","urlTemplate":"https:\/\/bolting.eu\/en\/?s={search_term_string}"},"query-input":{"@type":"PropertyValueSpecification","valueRequired":true,"valueName":"search_term_string"}}],"inLanguage":"en-US"},{"@type":["Organization","Place","SportingGoodsStore"],"@id":"https:\/\/bolting.eu\/en\/#organization","name":"bolting.eu","url":"https:\/\/bolting.eu\/en\/","logo":{"@id":"https:\/\/bolting.eu\/en\/shop\/climbing-technology-seilsack-city\/#local-main-organization-logo"},"image":{"@id":"https:\/\/bolting.eu\/en\/shop\/climbing-technology-seilsack-city\/#local-main-organization-logo"},"sameAs":["https:\/\/www.facebook.com\/bolting.eu","https:\/\/www.instagram.com\/bolting.eu\/"],"address":{"@id":"https:\/\/bolting.eu\/en\/shop\/climbing-technology-seilsack-city\/#local-main-place-address"},"geo":{"@type":"GeoCoordinates","latitude":"47.264176340396226","longitude":"11.380109057672346"},"telephone":["+43 699 19083372"],"openingHoursSpecification":[{"@type":"OpeningHoursSpecification","dayOfWeek":["Monday","Wednesday","Friday"],"opens":"14:00","closes":"18:00"},{"@type":"OpeningHoursSpecification","dayOfWeek":["Tuesday","Thursday","Saturday","Sunday"],"opens":"00:00","closes":"00:00"}],"email":"office@bolting.eu","vatID":"ATU59999728","priceRange":"$$","currenciesAccepted":"Euro"},{"@type":"PostalAddress","@id":"https:\/\/bolting.eu\/en\/shop\/climbing-technology-seilsack-city\/#local-main-place-address","streetAddress":"Fischnalerstra\u00dfe 4","addressLocality":"Innsbruck","postalCode":"6020","addressRegion":"Tirol","addressCountry":"AT"},{"@type":"ImageObject","inLanguage":"en-US","@id":"https:\/\/bolting.eu\/en\/shop\/climbing-technology-seilsack-city\/#local-main-organization-logo","url":"https:\/\/bolting.eu\/wp-content\/uploads\/2019\/09\/bolting-logo.png","contentUrl":"https:\/\/bolting.eu\/wp-content\/uploads\/2019\/09\/bolting-logo.png","width":400,"height":211,"caption":"bolting.eu"}]},"og_video":"https:\/\/www.youtube.com\/embed\/_p_lrQpNiX0","og_video_type":"text\/html","og_video_duration":"126","og_video_width":"480","og_video_height":"270","ya_ovs_adult":"false","ya_ovs_upload_date":"2020-03-25T11:36:30+00:00","ya_ovs_allow_embed":"true","product_price_amount":"40.00","product_price_currency":"EUR","og_availability":"instock","product_availability":"instock","product_retailer_item_id":"7X988","product_condition":"new","geo.placename":"Innsbruck","geo.position":{"lat":"47.264176340396226","long":"11.380109057672346"},"geo.region":"Austria"},"_links":{"self":[{"href":"https:\/\/bolting.eu\/en\/wp-json\/wp\/v2\/product\/2691","targetHints":{"allow":["GET"]}}],"collection":[{"href":"https:\/\/bolting.eu\/en\/wp-json\/wp\/v2\/product"}],"about":[{"href":"https:\/\/bolting.eu\/en\/wp-json\/wp\/v2\/types\/product"}],"replies":[{"embeddable":true,"href":"https:\/\/bolting.eu\/en\/wp-json\/wp\/v2\/comments?post=2691"}],"wp:featuredmedia":[{"embeddable":true,"href":"https:\/\/bolting.eu\/en\/wp-json\/wp\/v2\/media\/2693"}],"wp:attachment":[{"href":"https:\/\/bolting.eu\/en\/wp-json\/wp\/v2\/media?parent=2691"}],"wp:term":[{"taxonomy":"product_brand","embeddable":true,"href":"https:\/\/bolting.eu\/en\/wp-json\/wp\/v2\/product_brand?post=2691"},{"taxonomy":"product_cat","embeddable":true,"href":"https:\/\/bolting.eu\/en\/wp-json\/wp\/v2\/product_cat?post=2691"},{"taxonomy":"product_tag","embeddable":true,"href":"https:\/\/bolting.eu\/en\/wp-json\/wp\/v2\/product_tag?post=2691"}],"curies":[{"name":"wp","href":"https:\/\/api.w.org\/{rel}","templated":true}]}}