{"id":2685,"date":"2020-03-25T11:43:34","date_gmt":"2020-03-25T10:43:34","guid":{"rendered":"https:\/\/bolting.eu\/?post_type=product&#038;p=2685"},"modified":"2023-03-07T15:14:14","modified_gmt":"2023-03-07T14:14:14","slug":"seilsack-metolius-ropemaster","status":"publish","type":"product","link":"https:\/\/bolting.eu\/en\/shop\/seilsack-metolius-ropemaster\/","title":{"rendered":"Seilsack Metolius Ropemaster"},"content":{"rendered":"<p>Der <a href=\"https:\/\/bolting.eu\/produkt-kategorie\/kletterausruestung\/seilsaecke\/\">Seilsack<\/a> Metolius Ropemaster ist ein dickes Ding! Den erstens ist die Seiltasche f\u00fcr richtig lange <a href=\"https:\/\/bolting.eu\/produkt-kategorie\/kletterausruestung\/kletterseil\/\">Kletterseile<\/a> gedacht. 80 Meter Seile sind f\u00fcr den extrem gro\u00dfz\u00fcgig gestalteten Seilsack kein Problem. Zweitens beinhaltet der Ropemaster eine sehr gro\u00dfe Seilplane. Diese ist 132cm x 147 cm gro\u00df. Zudem ist sie beschichtet und h\u00e4lt die Feuchtigkeit des Bodens super ab.<\/p>\n<p>All das macht den Ropemaster zu einem der meist verkauften Seils\u00e4cke in unserem Shop!<\/p>\n<p>Weitere coole Features sind das kleine durchsichtige Fenster, die bunten Schlaufen f\u00fcr die Seilenden sowie die Alu Schnallen au\u00dfen.<\/p>\n<p>Fazit. Ein hochwertiger Sack wie dieser sollte in keiner <a href=\"https:\/\/bolting.eu\/kletterausruestung\/\">Kletterausr\u00fcstung<\/a> fehlen.<\/p>\n<h3>Eigenschaften Seilsack Metolius Ropemaster<\/h3>\n<ul>\n<li>Hersteller: <a href=\"https:\/\/bolting.eu\/produkt-kategorie\/metolius\/\">Metolius Climbing<\/a><\/li>\n<li>Volumen: 29 Liter<\/li>\n<li>Gr\u00f6\u00dfe Seilplane: 132 x 147 cm<\/li>\n<li>durchsichtiges Fenster f\u00fcr Seilerkennung<\/li>\n<li>bunte Schlaufen f\u00fcr Seilenden<\/li>\n<li>beschichtete Seilplane<\/li>\n<li>Alu Schnallen au\u00dfen (unkaputtbar)<\/li>\n<li>Farbe: grau und blau<\/li>\n<\/ul>\n<h3>Video Seilsack Metolius Ropemaster<\/h3>\n<p><iframe loading=\"lazy\" src=\"https:\/\/www.youtube.com\/embed\/zdNt8pNpjFA\" width=\"100%\" height=\"450\" frameborder=\"0\" allowfullscreen=\"allowfullscreen\"><span data-mce-type=\"bookmark\" style=\"display: inline-block; width: 0px; overflow: hidden; line-height: 0;\" class=\"mce_SELRES_start\">\ufeff<\/span><span data-mce-type=\"bookmark\" style=\"display: inline-block; width: 0px; overflow: hidden; line-height: 0;\" class=\"mce_SELRES_start\">\ufeff<\/span><\/iframe><\/p>\n<h3>Seiltasche f\u00fcr gro\u00dfe Anspr\u00fcche<\/h3>\n<p>Wenn ihr ein sehr langes Seil habt ist der Ropemaster Euer Seilsack! Denn er hat deutlich mehr Volumen als viele andere Produkte. Bei gleich 20 Litern passt jede Menge Seil rein. 80m, 90m, 100m, kein Problem. Ja und wer kurze Seile hat findet eben Platz f\u00fcr ein Paar Schuhe oder etwas Klettermaterial. Also, habt richtig gro\u00dfe Anspr\u00fcche!<\/p>\n<p>Link Tipp: f\u00fchrt eure neue Seiltasche doch gleich mal aus, in eines der coolen <a href=\"https:\/\/maltatal.rocks\" target=\"_blank\" rel=\"noopener noreferrer\">Klettergebiete K\u00e4rnten<\/a>!<\/p>\n","protected":false},"excerpt":{"rendered":"<ul>\n<li>Hersteller: Metolius<\/li>\n<li>Volumen: 29 Liter<\/li>\n<li>Gr\u00f6\u00dfe Seilplane: 132 x 147 cm<\/li>\n<li>durchsichtiges Fenster f\u00fcr Seilerkennung<\/li>\n<li>bunte Schlaufen f\u00fcr Seilenden<\/li>\n<li>beschichtete Seilplane<\/li>\n<li>Alu Schnallen au\u00dfen (unkaputtbar)<\/li>\n<li>Farbe: grau und blau<\/li>\n<\/ul>\n","protected":false},"featured_media":2687,"comment_status":"closed","ping_status":"closed","template":"","meta":[],"product_brand":[],"product_cat":[4657,5416],"product_tag":[15039,264],"class_list":{"0":"post-2685","1":"product","2":"type-product","3":"status-publish","4":"has-post-thumbnail","6":"product_cat-metolius","7":"product_cat-seilsaecke","8":"product_tag-climbing-hall","9":"product_tag-sportklettern","11":"first","12":"outofstock","13":"taxable","14":"shipping-taxable","15":"purchasable","16":"product-type-simple"},"yoast_head":"<!-- This site is optimized with the Yoast SEO Premium plugin v26.9 (Yoast SEO v26.9) - https:\/\/yoast.com\/product\/yoast-seo-premium-wordpress\/ -->\n<title>Seilsack Metolius Ropemaster: jetzt online kaufen bei bolting.eu<\/title>\n<meta name=\"description\" content=\"Hier findest Du den Seilsack Metolius Ropemaster. Eine riesige Seiltasche mit 29 Litern Volumen und coolen Features f\u00fcr lange und dicke Seile!\" \/>\n<meta name=\"robots\" content=\"index, follow, max-snippet:-1, max-image-preview:large, max-video-preview:-1\" \/>\n<link rel=\"canonical\" href=\"https:\/\/bolting.eu\/en\/shop\/seilsack-metolius-ropemaster\/\" \/>\n<meta property=\"og:locale\" content=\"en_US\" \/>\n<meta property=\"og:type\" content=\"article\" \/>\n<meta property=\"og:title\" content=\"Seilsack Metolius Ropemaster\" \/>\n<meta property=\"og:description\" content=\"Hier findest Du den Seilsack Metolius Ropemaster. Eine riesige Seiltasche mit 29 Litern Volumen und coolen Features f\u00fcr lange und dicke Seile!\" \/>\n<meta property=\"og:url\" content=\"https:\/\/bolting.eu\/en\/shop\/seilsack-metolius-ropemaster\/\" \/>\n<meta property=\"og:site_name\" content=\"bolting.eu\" \/>\n<meta property=\"article:publisher\" content=\"https:\/\/www.facebook.com\/bolting.eu\" \/>\n<meta property=\"article:modified_time\" content=\"2023-03-07T14:14:14+00:00\" \/>\n<meta property=\"og:image\" content=\"https:\/\/bolting.eu\/wp-content\/uploads\/2020\/03\/Metolius-Seilsack-Ropemaster-2.jpg\" \/>\n\t<meta property=\"og:image:width\" content=\"700\" \/>\n\t<meta property=\"og:image:height\" content=\"700\" \/>\n\t<meta property=\"og:image:type\" content=\"image\/jpeg\" \/>\n<meta name=\"twitter:card\" content=\"summary_large_image\" \/>\n<meta name=\"twitter:label1\" content=\"Price\" \/>\n\t<meta name=\"twitter:data1\" content=\"&euro;&nbsp;49,90\" \/>\n\t<meta name=\"twitter:label2\" content=\"Availability\" \/>\n\t<meta name=\"twitter:data2\" content=\"Out of stock\" \/>\n<script type=\"application\/ld+json\" class=\"yoast-schema-graph\">{\"@context\":\"https:\/\/schema.org\",\"@graph\":[{\"@type\":[\"WebPage\",\"ItemPage\"],\"@id\":\"https:\/\/bolting.eu\/en\/shop\/seilsack-metolius-ropemaster\/\",\"url\":\"https:\/\/bolting.eu\/en\/shop\/seilsack-metolius-ropemaster\/\",\"name\":\"Seilsack Metolius Ropemaster: jetzt online kaufen bei bolting.eu\",\"isPartOf\":{\"@id\":\"https:\/\/bolting.eu\/en\/#website\"},\"primaryImageOfPage\":{\"@id\":\"https:\/\/bolting.eu\/en\/shop\/seilsack-metolius-ropemaster\/#primaryimage\"},\"image\":{\"@id\":\"https:\/\/bolting.eu\/en\/shop\/seilsack-metolius-ropemaster\/#primaryimage\"},\"thumbnailUrl\":\"https:\/\/bolting.eu\/wp-content\/uploads\/2020\/03\/Metolius-Seilsack-Ropemaster-2.jpg\",\"datePublished\":\"2020-03-25T10:43:34+00:00\",\"dateModified\":\"2023-03-07T14:14:14+00:00\",\"description\":\"Hier findest Du den Seilsack Metolius Ropemaster. Eine riesige Seiltasche mit 29 Litern Volumen und coolen Features f\u00fcr lange und dicke Seile!\",\"breadcrumb\":{\"@id\":\"https:\/\/bolting.eu\/en\/shop\/seilsack-metolius-ropemaster\/#breadcrumb\"},\"inLanguage\":\"en-US\",\"potentialAction\":[{\"@type\":\"ReadAction\",\"target\":[\"https:\/\/bolting.eu\/en\/shop\/seilsack-metolius-ropemaster\/\"]}]},{\"@type\":\"ImageObject\",\"inLanguage\":\"en-US\",\"@id\":\"https:\/\/bolting.eu\/en\/shop\/seilsack-metolius-ropemaster\/#primaryimage\",\"url\":\"https:\/\/bolting.eu\/wp-content\/uploads\/2020\/03\/Metolius-Seilsack-Ropemaster-2.jpg\",\"contentUrl\":\"https:\/\/bolting.eu\/wp-content\/uploads\/2020\/03\/Metolius-Seilsack-Ropemaster-2.jpg\",\"width\":700,\"height\":700,\"caption\":\"Das Bild zeigt einen blauen Metolius Seilsack Ropemaster. Er liegt leicht schr\u00e4g im Bild. Man sieht die \u00e4u\u00dfere H\u00fclle und die beiden Spannriemen mit den Alu Schnallen.\"},{\"@type\":\"BreadcrumbList\",\"@id\":\"https:\/\/bolting.eu\/en\/shop\/seilsack-metolius-ropemaster\/#breadcrumb\",\"itemListElement\":[{\"@type\":\"ListItem\",\"position\":1,\"name\":\"Shop\",\"item\":\"https:\/\/bolting.eu\/en\/shop\/\"},{\"@type\":\"ListItem\",\"position\":2,\"name\":\"climbing equipment\",\"item\":\"https:\/\/bolting.eu\/en\/produkt-kategorie\/climbing-equipment\/\"},{\"@type\":\"ListItem\",\"position\":3,\"name\":\"Seils\u00e4cke\",\"item\":\"https:\/\/bolting.eu\/produkt-kategorie\/kletterausruestung\/seilsaecke\/\"},{\"@type\":\"ListItem\",\"position\":4,\"name\":\"Seilsack Metolius Ropemaster\"}]},{\"@type\":\"WebSite\",\"@id\":\"https:\/\/bolting.eu\/en\/#website\",\"url\":\"https:\/\/bolting.eu\/en\/\",\"name\":\"bolting.eu\",\"description\":\"we make climbs happen\",\"publisher\":{\"@id\":\"https:\/\/bolting.eu\/en\/#organization\"},\"potentialAction\":[{\"@type\":\"SearchAction\",\"target\":{\"@type\":\"EntryPoint\",\"urlTemplate\":\"https:\/\/bolting.eu\/en\/?s={search_term_string}\"},\"query-input\":{\"@type\":\"PropertyValueSpecification\",\"valueRequired\":true,\"valueName\":\"search_term_string\"}}],\"inLanguage\":\"en-US\"},{\"@type\":[\"Organization\",\"Place\",\"SportingGoodsStore\"],\"@id\":\"https:\/\/bolting.eu\/en\/#organization\",\"name\":\"bolting.eu\",\"url\":\"https:\/\/bolting.eu\/en\/\",\"logo\":{\"@id\":\"https:\/\/bolting.eu\/en\/shop\/seilsack-metolius-ropemaster\/#local-main-organization-logo\"},\"image\":{\"@id\":\"https:\/\/bolting.eu\/en\/shop\/seilsack-metolius-ropemaster\/#local-main-organization-logo\"},\"sameAs\":[\"https:\/\/www.facebook.com\/bolting.eu\",\"https:\/\/www.instagram.com\/bolting.eu\/\"],\"address\":{\"@id\":\"https:\/\/bolting.eu\/en\/shop\/seilsack-metolius-ropemaster\/#local-main-place-address\"},\"geo\":{\"@type\":\"GeoCoordinates\",\"latitude\":\"47.264176340396226\",\"longitude\":\"11.380109057672346\"},\"telephone\":[\"+43 699 19083372\"],\"openingHoursSpecification\":[{\"@type\":\"OpeningHoursSpecification\",\"dayOfWeek\":[\"Monday\",\"Wednesday\",\"Friday\"],\"opens\":\"14:00\",\"closes\":\"18:00\"},{\"@type\":\"OpeningHoursSpecification\",\"dayOfWeek\":[\"Tuesday\",\"Thursday\",\"Saturday\",\"Sunday\"],\"opens\":\"00:00\",\"closes\":\"00:00\"}],\"email\":\"office@bolting.eu\",\"vatID\":\"ATU59999728\",\"priceRange\":\"$$\",\"currenciesAccepted\":\"Euro\"},{\"@type\":\"PostalAddress\",\"@id\":\"https:\/\/bolting.eu\/en\/shop\/seilsack-metolius-ropemaster\/#local-main-place-address\",\"streetAddress\":\"Fischnalerstra\u00dfe 4\",\"addressLocality\":\"Innsbruck\",\"postalCode\":\"6020\",\"addressRegion\":\"Tirol\",\"addressCountry\":\"AT\"},{\"@type\":\"ImageObject\",\"inLanguage\":\"en-US\",\"@id\":\"https:\/\/bolting.eu\/en\/shop\/seilsack-metolius-ropemaster\/#local-main-organization-logo\",\"url\":\"https:\/\/bolting.eu\/wp-content\/uploads\/2019\/09\/bolting-logo.png\",\"contentUrl\":\"https:\/\/bolting.eu\/wp-content\/uploads\/2019\/09\/bolting-logo.png\",\"width\":400,\"height\":211,\"caption\":\"bolting.eu\"}]}<\/script>\n<meta property=\"product:price:amount\" content=\"49.90\" \/>\n<meta property=\"product:price:currency\" content=\"EUR\" \/>\n<meta property=\"og:availability\" content=\"out of stock\" \/>\n<meta property=\"product:availability\" content=\"out of stock\" \/>\n<meta property=\"product:retailer_item_id\" content=\"rope01\" \/>\n<meta property=\"product:condition\" content=\"new\" \/>\n<meta name=\"geo.placename\" content=\"Innsbruck\" \/>\n<meta name=\"geo.position\" content=\"47.264176340396226;11.380109057672346\" \/>\n<meta name=\"geo.region\" content=\"Austria\" \/>\n<!-- \/ Yoast SEO Premium plugin. -->","yoast_head_json":{"title":"Seilsack Metolius Ropemaster: jetzt online kaufen bei bolting.eu","description":"Hier findest Du den Seilsack Metolius Ropemaster. Eine riesige Seiltasche mit 29 Litern Volumen und coolen Features f\u00fcr lange und dicke Seile!","robots":{"index":"index","follow":"follow","max-snippet":"max-snippet:-1","max-image-preview":"max-image-preview:large","max-video-preview":"max-video-preview:-1"},"canonical":"https:\/\/bolting.eu\/en\/shop\/seilsack-metolius-ropemaster\/","og_locale":"en_US","og_type":"article","og_title":"Seilsack Metolius Ropemaster","og_description":"Hier findest Du den Seilsack Metolius Ropemaster. Eine riesige Seiltasche mit 29 Litern Volumen und coolen Features f\u00fcr lange und dicke Seile!","og_url":"https:\/\/bolting.eu\/en\/shop\/seilsack-metolius-ropemaster\/","og_site_name":"bolting.eu","article_publisher":"https:\/\/www.facebook.com\/bolting.eu","article_modified_time":"2023-03-07T14:14:14+00:00","og_image":[{"width":700,"height":700,"url":"https:\/\/bolting.eu\/wp-content\/uploads\/2020\/03\/Metolius-Seilsack-Ropemaster-2.jpg","type":"image\/jpeg"}],"twitter_card":"summary_large_image","twitter_misc":{"Price":"&euro;&nbsp;49,90","Availability":"Out of stock"},"schema":{"@context":"https:\/\/schema.org","@graph":[{"@type":["WebPage","ItemPage"],"@id":"https:\/\/bolting.eu\/en\/shop\/seilsack-metolius-ropemaster\/","url":"https:\/\/bolting.eu\/en\/shop\/seilsack-metolius-ropemaster\/","name":"Seilsack Metolius Ropemaster: jetzt online kaufen bei bolting.eu","isPartOf":{"@id":"https:\/\/bolting.eu\/en\/#website"},"primaryImageOfPage":{"@id":"https:\/\/bolting.eu\/en\/shop\/seilsack-metolius-ropemaster\/#primaryimage"},"image":{"@id":"https:\/\/bolting.eu\/en\/shop\/seilsack-metolius-ropemaster\/#primaryimage"},"thumbnailUrl":"https:\/\/bolting.eu\/wp-content\/uploads\/2020\/03\/Metolius-Seilsack-Ropemaster-2.jpg","datePublished":"2020-03-25T10:43:34+00:00","dateModified":"2023-03-07T14:14:14+00:00","description":"Hier findest Du den Seilsack Metolius Ropemaster. Eine riesige Seiltasche mit 29 Litern Volumen und coolen Features f\u00fcr lange und dicke Seile!","breadcrumb":{"@id":"https:\/\/bolting.eu\/en\/shop\/seilsack-metolius-ropemaster\/#breadcrumb"},"inLanguage":"en-US","potentialAction":[{"@type":"ReadAction","target":["https:\/\/bolting.eu\/en\/shop\/seilsack-metolius-ropemaster\/"]}]},{"@type":"ImageObject","inLanguage":"en-US","@id":"https:\/\/bolting.eu\/en\/shop\/seilsack-metolius-ropemaster\/#primaryimage","url":"https:\/\/bolting.eu\/wp-content\/uploads\/2020\/03\/Metolius-Seilsack-Ropemaster-2.jpg","contentUrl":"https:\/\/bolting.eu\/wp-content\/uploads\/2020\/03\/Metolius-Seilsack-Ropemaster-2.jpg","width":700,"height":700,"caption":"Das Bild zeigt einen blauen Metolius Seilsack Ropemaster. Er liegt leicht schr\u00e4g im Bild. Man sieht die \u00e4u\u00dfere H\u00fclle und die beiden Spannriemen mit den Alu Schnallen."},{"@type":"BreadcrumbList","@id":"https:\/\/bolting.eu\/en\/shop\/seilsack-metolius-ropemaster\/#breadcrumb","itemListElement":[{"@type":"ListItem","position":1,"name":"Shop","item":"https:\/\/bolting.eu\/en\/shop\/"},{"@type":"ListItem","position":2,"name":"climbing equipment","item":"https:\/\/bolting.eu\/en\/produkt-kategorie\/climbing-equipment\/"},{"@type":"ListItem","position":3,"name":"Seils\u00e4cke","item":"https:\/\/bolting.eu\/produkt-kategorie\/kletterausruestung\/seilsaecke\/"},{"@type":"ListItem","position":4,"name":"Seilsack Metolius Ropemaster"}]},{"@type":"WebSite","@id":"https:\/\/bolting.eu\/en\/#website","url":"https:\/\/bolting.eu\/en\/","name":"bolting.eu","description":"we make climbs happen","publisher":{"@id":"https:\/\/bolting.eu\/en\/#organization"},"potentialAction":[{"@type":"SearchAction","target":{"@type":"EntryPoint","urlTemplate":"https:\/\/bolting.eu\/en\/?s={search_term_string}"},"query-input":{"@type":"PropertyValueSpecification","valueRequired":true,"valueName":"search_term_string"}}],"inLanguage":"en-US"},{"@type":["Organization","Place","SportingGoodsStore"],"@id":"https:\/\/bolting.eu\/en\/#organization","name":"bolting.eu","url":"https:\/\/bolting.eu\/en\/","logo":{"@id":"https:\/\/bolting.eu\/en\/shop\/seilsack-metolius-ropemaster\/#local-main-organization-logo"},"image":{"@id":"https:\/\/bolting.eu\/en\/shop\/seilsack-metolius-ropemaster\/#local-main-organization-logo"},"sameAs":["https:\/\/www.facebook.com\/bolting.eu","https:\/\/www.instagram.com\/bolting.eu\/"],"address":{"@id":"https:\/\/bolting.eu\/en\/shop\/seilsack-metolius-ropemaster\/#local-main-place-address"},"geo":{"@type":"GeoCoordinates","latitude":"47.264176340396226","longitude":"11.380109057672346"},"telephone":["+43 699 19083372"],"openingHoursSpecification":[{"@type":"OpeningHoursSpecification","dayOfWeek":["Monday","Wednesday","Friday"],"opens":"14:00","closes":"18:00"},{"@type":"OpeningHoursSpecification","dayOfWeek":["Tuesday","Thursday","Saturday","Sunday"],"opens":"00:00","closes":"00:00"}],"email":"office@bolting.eu","vatID":"ATU59999728","priceRange":"$$","currenciesAccepted":"Euro"},{"@type":"PostalAddress","@id":"https:\/\/bolting.eu\/en\/shop\/seilsack-metolius-ropemaster\/#local-main-place-address","streetAddress":"Fischnalerstra\u00dfe 4","addressLocality":"Innsbruck","postalCode":"6020","addressRegion":"Tirol","addressCountry":"AT"},{"@type":"ImageObject","inLanguage":"en-US","@id":"https:\/\/bolting.eu\/en\/shop\/seilsack-metolius-ropemaster\/#local-main-organization-logo","url":"https:\/\/bolting.eu\/wp-content\/uploads\/2019\/09\/bolting-logo.png","contentUrl":"https:\/\/bolting.eu\/wp-content\/uploads\/2019\/09\/bolting-logo.png","width":400,"height":211,"caption":"bolting.eu"}]},"product_price_amount":"49.90","product_price_currency":"EUR","og_availability":"out of stock","product_availability":"out of stock","product_retailer_item_id":"rope01","product_condition":"new","geo.placename":"Innsbruck","geo.position":{"lat":"47.264176340396226","long":"11.380109057672346"},"geo.region":"Austria"},"_links":{"self":[{"href":"https:\/\/bolting.eu\/en\/wp-json\/wp\/v2\/product\/2685","targetHints":{"allow":["GET"]}}],"collection":[{"href":"https:\/\/bolting.eu\/en\/wp-json\/wp\/v2\/product"}],"about":[{"href":"https:\/\/bolting.eu\/en\/wp-json\/wp\/v2\/types\/product"}],"replies":[{"embeddable":true,"href":"https:\/\/bolting.eu\/en\/wp-json\/wp\/v2\/comments?post=2685"}],"wp:featuredmedia":[{"embeddable":true,"href":"https:\/\/bolting.eu\/en\/wp-json\/wp\/v2\/media\/2687"}],"wp:attachment":[{"href":"https:\/\/bolting.eu\/en\/wp-json\/wp\/v2\/media?parent=2685"}],"wp:term":[{"taxonomy":"product_brand","embeddable":true,"href":"https:\/\/bolting.eu\/en\/wp-json\/wp\/v2\/product_brand?post=2685"},{"taxonomy":"product_cat","embeddable":true,"href":"https:\/\/bolting.eu\/en\/wp-json\/wp\/v2\/product_cat?post=2685"},{"taxonomy":"product_tag","embeddable":true,"href":"https:\/\/bolting.eu\/en\/wp-json\/wp\/v2\/product_tag?post=2685"}],"curies":[{"name":"wp","href":"https:\/\/api.w.org\/{rel}","templated":true}]}}