{"id":2674,"date":"2020-03-25T07:51:19","date_gmt":"2020-03-25T06:51:19","guid":{"rendered":"https:\/\/bolting.eu\/?post_type=product&#038;p=2674"},"modified":"2025-03-05T12:39:09","modified_gmt":"2025-03-05T11:39:09","slug":"rasta-chalkbag-ibbz","status":"publish","type":"product","link":"https:\/\/bolting.eu\/en\/shop\/rasta-chalkbag-ibbz\/","title":{"rendered":"Rasta Chalkbag i\u00b4bbz"},"content":{"rendered":"<p>Das Rasta Chalkbag i\u00b4bbz kommt aus DEM Bouldergebiet schlechthin. Fontainebleau! Dort wird bereits seit \u00fcber hundert Jahren gebouldert und \u201eBleau\u201c ist eines DER ganz gro\u00dfen Spots weltweit. Kein Wunder dass sich dort die Firma I\u00b4bbz entwickelt hat. Die Br\u00fcder Jo und Francoise Montchaussee sind selbst leidenschaftlicher Bleaussards und haben ihr Hobby zum Beruf gemacht. Sie produzieren mitten im \u201eFor\u00e9t\u201c feine Boulderb\u00fcrsten, Teleskop St\u00f6cke, Crash Pad\u00b4s, Chalkbags und Bouldertaschen.<\/p>\n<p>Egal ob bei Eurem Boulderprojekt am Fels \u00a0oder in der Kletterhalle. Dieses Chalkbag ist ein treuer Begleiter bei all Euren &#8220;Problemen&#8221;!<\/p>\n<h3>Eigenschaften Rasta Chalkbag i\u00b4bbz<\/h3>\n<ul>\n<li>Durchmesser: 11,5cm<\/li>\n<li>H\u00f6he: 15cm<\/li>\n<li>Gewicht: 150 Gramm<\/li>\n<li>Material innen: Fleece<\/li>\n<li>Material au\u00dfen: Raupen-Microfaser<\/li>\n<li>B\u00fcrstenhalter<\/li>\n<li>ideal zum Bouldern, Sportklettern, Kletterhalle<\/li>\n<li>Farben: Blau, Fuschia, Violett<\/li>\n<\/ul>\n<h3>I\u00b4bbz B\u00fcrsten Sortiment<\/h3>\n<p>Das Rasta Chalkbag kommt aus Fonatinebleau wie die feinen Boulderb\u00fcrsten von i\u00b4bbz. Diese B\u00fcrsten passen perfekt zu dem Chalkbag dazu.<\/p>\n<p>Es gibt vier\u00a0Griffb\u00fcrsten des Herstellers. Unten seht ihr den Gr\u00f6\u00dfenvergleich aller Modelle. Die <strong><a href=\"https:\/\/bolting.eu\/shop\/brosse-frixion-boulderbuerste-ibbz\/\">Bouderb\u00fcrste FiXion<\/a> und <a href=\"https:\/\/bolting.eu\/shop\/brosse-frixion-plus-boulderbuerste-ibbz\/\">Boulderb\u00fcrste FriXion Plus <\/a><\/strong>sowie <a href=\"https:\/\/bolting.eu\/shop\/brosse-frixion-double-boulderbuerste-ibbz\/\"><strong>FriXion Double<\/strong><\/a> k\u00f6nnen zudem auf den <a href=\"https:\/\/bolting.eu\/shop\/boulderbuerste-teleskopstock-triple-tube-ibbz\/\">Boulder Putzstock Triple Tube<\/a> gesteckt werden.<\/p>\n<p><a href=\"https:\/\/bolting.eu\/wp-content\/uploads\/2020\/03\/I-bbz-Boulderbuersten-Fontainebleau.jpg\"><img loading=\"lazy\" decoding=\"async\" class=\"alignleft wp-image-2608 size-medium\" src=\"https:\/\/bolting.eu\/wp-content\/uploads\/2020\/03\/I-bbz-Boulderbuersten-Fontainebleau-762x400.jpg\" alt=\"Das Bild zeigt den Gr\u00f6\u00dfenvergleich aller Boulderb\u00fcrsten des Herstellers I\u00b4bbz. Es sind in einem wei\u00dfem Rechteck vier Modelle zu sehen, von links nach rechts ist die Gr\u00f6\u00dfe ansteigend.\" width=\"762\" height=\"400\" srcset=\"https:\/\/bolting.eu\/wp-content\/uploads\/2020\/03\/I-bbz-Boulderbuersten-Fontainebleau-762x400.jpg 762w, https:\/\/bolting.eu\/wp-content\/uploads\/2020\/03\/I-bbz-Boulderbuersten-Fontainebleau-510x268.jpg 510w, https:\/\/bolting.eu\/wp-content\/uploads\/2020\/03\/I-bbz-Boulderbuersten-Fontainebleau-768x403.jpg 768w, https:\/\/bolting.eu\/wp-content\/uploads\/2020\/03\/I-bbz-Boulderbuersten-Fontainebleau-600x315.jpg 600w, https:\/\/bolting.eu\/wp-content\/uploads\/2020\/03\/I-bbz-Boulderbuersten-Fontainebleau.jpg 1200w\" sizes=\"auto, (max-width: 762px) 100vw, 762px\" \/><\/a><\/p>\n","protected":false},"excerpt":{"rendered":"<ul>\n<li>Durchmesser: 11,5cm<\/li>\n<li>H\u00f6he: 15cm<\/li>\n<li>Gewicht: 150 Gramm<\/li>\n<li>Material innen: Fleece<\/li>\n<li>Material au\u00dfen: Raupen-Microfaser<\/li>\n<li>B\u00fcrstenhalter<\/li>\n<li>ideal zum Bouldern, Sportklettern, Kletterhalle<\/li>\n<li>Farben: blau und violett<\/li>\n<\/ul>\n","protected":false},"featured_media":2678,"comment_status":"closed","ping_status":"closed","template":"","meta":[],"product_brand":[],"product_cat":[14319,4661,5006,5792,29],"product_tag":[],"class_list":{"0":"post-2674","1":"product","2":"type-product","3":"status-publish","4":"has-post-thumbnail","6":"product_cat-sale-klettern","7":"product_cat-ibzz","8":"product_cat-chalkbag","9":"product_cat-chalkbag-kinder","10":"product_cat-kletterausruestung","12":"first","13":"instock","14":"sale","15":"taxable","16":"shipping-taxable","17":"purchasable","18":"product-type-variable"},"yoast_head":"<!-- This site is optimized with the Yoast SEO Premium plugin v26.9 (Yoast SEO v26.9) - https:\/\/yoast.com\/product\/yoast-seo-premium-wordpress\/ -->\n<title>Rasta Chalkbag i\u00b4bbz : jetzt online kaufen bei bolting.eu<\/title>\n<meta name=\"description\" content=\"Hier findet ihr das Rasta Chalkbag von i\u00b4bbz. Einen super coolen und praktischen Magnesia Beutel f\u00fcr die Halle oder Drau\u00dfen der legend\u00e4ren Marke!\" \/>\n<meta name=\"robots\" content=\"index, follow, max-snippet:-1, max-image-preview:large, max-video-preview:-1\" \/>\n<link rel=\"canonical\" href=\"https:\/\/bolting.eu\/en\/shop\/rasta-chalkbag-ibbz\/\" \/>\n<meta property=\"og:locale\" content=\"en_US\" \/>\n<meta property=\"og:type\" content=\"article\" \/>\n<meta property=\"og:title\" content=\"Rasta Chalkbag i\u00b4bbz\" \/>\n<meta property=\"og:description\" content=\"Hier findet ihr das Rasta Chalkbag von i\u00b4bbz. Einen super coolen und praktischen Magnesia Beutel f\u00fcr die Halle oder Drau\u00dfen der legend\u00e4ren Marke!\" \/>\n<meta property=\"og:url\" content=\"https:\/\/bolting.eu\/en\/shop\/rasta-chalkbag-ibbz\/\" \/>\n<meta property=\"og:site_name\" content=\"bolting.eu\" \/>\n<meta property=\"article:publisher\" content=\"https:\/\/www.facebook.com\/bolting.eu\" \/>\n<meta property=\"article:modified_time\" content=\"2025-03-05T11:39:09+00:00\" \/>\n<meta property=\"og:image\" content=\"https:\/\/bolting.eu\/wp-content\/uploads\/2020\/03\/Rasta-Chalkbag-ibbz.jpg\" \/>\n\t<meta property=\"og:image:width\" content=\"700\" \/>\n\t<meta property=\"og:image:height\" content=\"700\" \/>\n\t<meta property=\"og:image:type\" content=\"image\/jpeg\" \/>\n<meta name=\"twitter:card\" content=\"summary_large_image\" \/>\n<meta name=\"twitter:label1\" content=\"Availability\" \/>\n\t<meta name=\"twitter:data1\" content=\"In stock\" \/>\n<script type=\"application\/ld+json\" class=\"yoast-schema-graph\">{\"@context\":\"https:\/\/schema.org\",\"@graph\":[{\"@type\":[\"WebPage\",\"ItemPage\"],\"@id\":\"https:\/\/bolting.eu\/en\/shop\/rasta-chalkbag-ibbz\/\",\"url\":\"https:\/\/bolting.eu\/en\/shop\/rasta-chalkbag-ibbz\/\",\"name\":\"Rasta Chalkbag i\u00b4bbz : jetzt online kaufen bei bolting.eu\",\"isPartOf\":{\"@id\":\"https:\/\/bolting.eu\/en\/#website\"},\"primaryImageOfPage\":{\"@id\":\"https:\/\/bolting.eu\/en\/shop\/rasta-chalkbag-ibbz\/#primaryimage\"},\"image\":{\"@id\":\"https:\/\/bolting.eu\/en\/shop\/rasta-chalkbag-ibbz\/#primaryimage\"},\"thumbnailUrl\":\"https:\/\/bolting.eu\/wp-content\/uploads\/2020\/03\/Rasta-Chalkbag-ibbz.jpg\",\"datePublished\":\"2020-03-25T06:51:19+00:00\",\"dateModified\":\"2025-03-05T11:39:09+00:00\",\"description\":\"Hier findet ihr das Rasta Chalkbag von i\u00b4bbz. Einen super coolen und praktischen Magnesia Beutel f\u00fcr die Halle oder Drau\u00dfen der legend\u00e4ren Marke!\",\"breadcrumb\":{\"@id\":\"https:\/\/bolting.eu\/en\/shop\/rasta-chalkbag-ibbz\/#breadcrumb\"},\"inLanguage\":\"en-US\",\"potentialAction\":[{\"@type\":\"ReadAction\",\"target\":[\"https:\/\/bolting.eu\/en\/shop\/rasta-chalkbag-ibbz\/\"]}]},{\"@type\":\"ImageObject\",\"inLanguage\":\"en-US\",\"@id\":\"https:\/\/bolting.eu\/en\/shop\/rasta-chalkbag-ibbz\/#primaryimage\",\"url\":\"https:\/\/bolting.eu\/wp-content\/uploads\/2020\/03\/Rasta-Chalkbag-ibbz.jpg\",\"contentUrl\":\"https:\/\/bolting.eu\/wp-content\/uploads\/2020\/03\/Rasta-Chalkbag-ibbz.jpg\",\"width\":700,\"height\":700,\"caption\":\"Das Bild zeigt drei Rasta Chalkbags von i\u00b4bbz. Man sieht sie jeweils von der Vorderseite und erkennt den namensgebenden, rastaf\u00f6rmigen Au\u00dfenstoff sowie das Logo Label.\"},{\"@type\":\"BreadcrumbList\",\"@id\":\"https:\/\/bolting.eu\/en\/shop\/rasta-chalkbag-ibbz\/#breadcrumb\",\"itemListElement\":[{\"@type\":\"ListItem\",\"position\":1,\"name\":\"Shop\",\"item\":\"https:\/\/bolting.eu\/en\/shop\/\"},{\"@type\":\"ListItem\",\"position\":2,\"name\":\"climbing equipment\",\"item\":\"https:\/\/bolting.eu\/en\/produkt-kategorie\/climbing-equipment\/\"},{\"@type\":\"ListItem\",\"position\":3,\"name\":\"Chalkbag\",\"item\":\"https:\/\/bolting.eu\/produkt-kategorie\/kletterausruestung\/chalkbag\/\"},{\"@type\":\"ListItem\",\"position\":4,\"name\":\"Rasta Chalkbag i\u00b4bbz\"}]},{\"@type\":\"WebSite\",\"@id\":\"https:\/\/bolting.eu\/en\/#website\",\"url\":\"https:\/\/bolting.eu\/en\/\",\"name\":\"bolting.eu\",\"description\":\"we make climbs happen\",\"publisher\":{\"@id\":\"https:\/\/bolting.eu\/en\/#organization\"},\"potentialAction\":[{\"@type\":\"SearchAction\",\"target\":{\"@type\":\"EntryPoint\",\"urlTemplate\":\"https:\/\/bolting.eu\/en\/?s={search_term_string}\"},\"query-input\":{\"@type\":\"PropertyValueSpecification\",\"valueRequired\":true,\"valueName\":\"search_term_string\"}}],\"inLanguage\":\"en-US\"},{\"@type\":[\"Organization\",\"Place\",\"SportingGoodsStore\"],\"@id\":\"https:\/\/bolting.eu\/en\/#organization\",\"name\":\"bolting.eu\",\"url\":\"https:\/\/bolting.eu\/en\/\",\"logo\":{\"@id\":\"https:\/\/bolting.eu\/en\/shop\/rasta-chalkbag-ibbz\/#local-main-organization-logo\"},\"image\":{\"@id\":\"https:\/\/bolting.eu\/en\/shop\/rasta-chalkbag-ibbz\/#local-main-organization-logo\"},\"sameAs\":[\"https:\/\/www.facebook.com\/bolting.eu\",\"https:\/\/www.instagram.com\/bolting.eu\/\"],\"address\":{\"@id\":\"https:\/\/bolting.eu\/en\/shop\/rasta-chalkbag-ibbz\/#local-main-place-address\"},\"geo\":{\"@type\":\"GeoCoordinates\",\"latitude\":\"47.264176340396226\",\"longitude\":\"11.380109057672346\"},\"telephone\":[\"+43 699 19083372\"],\"openingHoursSpecification\":[{\"@type\":\"OpeningHoursSpecification\",\"dayOfWeek\":[\"Monday\",\"Wednesday\",\"Friday\"],\"opens\":\"14:00\",\"closes\":\"18:00\"},{\"@type\":\"OpeningHoursSpecification\",\"dayOfWeek\":[\"Tuesday\",\"Thursday\",\"Saturday\",\"Sunday\"],\"opens\":\"00:00\",\"closes\":\"00:00\"}],\"email\":\"office@bolting.eu\",\"vatID\":\"ATU59999728\",\"priceRange\":\"$$\",\"currenciesAccepted\":\"Euro\"},{\"@type\":\"PostalAddress\",\"@id\":\"https:\/\/bolting.eu\/en\/shop\/rasta-chalkbag-ibbz\/#local-main-place-address\",\"streetAddress\":\"Fischnalerstra\u00dfe 4\",\"addressLocality\":\"Innsbruck\",\"postalCode\":\"6020\",\"addressRegion\":\"Tirol\",\"addressCountry\":\"AT\"},{\"@type\":\"ImageObject\",\"inLanguage\":\"en-US\",\"@id\":\"https:\/\/bolting.eu\/en\/shop\/rasta-chalkbag-ibbz\/#local-main-organization-logo\",\"url\":\"https:\/\/bolting.eu\/wp-content\/uploads\/2019\/09\/bolting-logo.png\",\"contentUrl\":\"https:\/\/bolting.eu\/wp-content\/uploads\/2019\/09\/bolting-logo.png\",\"width\":400,\"height\":211,\"caption\":\"bolting.eu\"}]}<\/script>\n<meta property=\"og:availability\" content=\"instock\" \/>\n<meta property=\"product:availability\" content=\"instock\" \/>\n<meta property=\"product:condition\" content=\"new\" \/>\n<meta name=\"geo.placename\" content=\"Innsbruck\" \/>\n<meta name=\"geo.position\" content=\"47.264176340396226;11.380109057672346\" \/>\n<meta name=\"geo.region\" content=\"Austria\" \/>\n<!-- \/ Yoast SEO Premium plugin. -->","yoast_head_json":{"title":"Rasta Chalkbag i\u00b4bbz : jetzt online kaufen bei bolting.eu","description":"Hier findet ihr das Rasta Chalkbag von i\u00b4bbz. Einen super coolen und praktischen Magnesia Beutel f\u00fcr die Halle oder Drau\u00dfen der legend\u00e4ren Marke!","robots":{"index":"index","follow":"follow","max-snippet":"max-snippet:-1","max-image-preview":"max-image-preview:large","max-video-preview":"max-video-preview:-1"},"canonical":"https:\/\/bolting.eu\/en\/shop\/rasta-chalkbag-ibbz\/","og_locale":"en_US","og_type":"article","og_title":"Rasta Chalkbag i\u00b4bbz","og_description":"Hier findet ihr das Rasta Chalkbag von i\u00b4bbz. Einen super coolen und praktischen Magnesia Beutel f\u00fcr die Halle oder Drau\u00dfen der legend\u00e4ren Marke!","og_url":"https:\/\/bolting.eu\/en\/shop\/rasta-chalkbag-ibbz\/","og_site_name":"bolting.eu","article_publisher":"https:\/\/www.facebook.com\/bolting.eu","article_modified_time":"2025-03-05T11:39:09+00:00","og_image":[{"width":700,"height":700,"url":"https:\/\/bolting.eu\/wp-content\/uploads\/2020\/03\/Rasta-Chalkbag-ibbz.jpg","type":"image\/jpeg"}],"twitter_card":"summary_large_image","twitter_misc":{"Availability":"In stock"},"schema":{"@context":"https:\/\/schema.org","@graph":[{"@type":["WebPage","ItemPage"],"@id":"https:\/\/bolting.eu\/en\/shop\/rasta-chalkbag-ibbz\/","url":"https:\/\/bolting.eu\/en\/shop\/rasta-chalkbag-ibbz\/","name":"Rasta Chalkbag i\u00b4bbz : jetzt online kaufen bei bolting.eu","isPartOf":{"@id":"https:\/\/bolting.eu\/en\/#website"},"primaryImageOfPage":{"@id":"https:\/\/bolting.eu\/en\/shop\/rasta-chalkbag-ibbz\/#primaryimage"},"image":{"@id":"https:\/\/bolting.eu\/en\/shop\/rasta-chalkbag-ibbz\/#primaryimage"},"thumbnailUrl":"https:\/\/bolting.eu\/wp-content\/uploads\/2020\/03\/Rasta-Chalkbag-ibbz.jpg","datePublished":"2020-03-25T06:51:19+00:00","dateModified":"2025-03-05T11:39:09+00:00","description":"Hier findet ihr das Rasta Chalkbag von i\u00b4bbz. Einen super coolen und praktischen Magnesia Beutel f\u00fcr die Halle oder Drau\u00dfen der legend\u00e4ren Marke!","breadcrumb":{"@id":"https:\/\/bolting.eu\/en\/shop\/rasta-chalkbag-ibbz\/#breadcrumb"},"inLanguage":"en-US","potentialAction":[{"@type":"ReadAction","target":["https:\/\/bolting.eu\/en\/shop\/rasta-chalkbag-ibbz\/"]}]},{"@type":"ImageObject","inLanguage":"en-US","@id":"https:\/\/bolting.eu\/en\/shop\/rasta-chalkbag-ibbz\/#primaryimage","url":"https:\/\/bolting.eu\/wp-content\/uploads\/2020\/03\/Rasta-Chalkbag-ibbz.jpg","contentUrl":"https:\/\/bolting.eu\/wp-content\/uploads\/2020\/03\/Rasta-Chalkbag-ibbz.jpg","width":700,"height":700,"caption":"Das Bild zeigt drei Rasta Chalkbags von i\u00b4bbz. Man sieht sie jeweils von der Vorderseite und erkennt den namensgebenden, rastaf\u00f6rmigen Au\u00dfenstoff sowie das Logo Label."},{"@type":"BreadcrumbList","@id":"https:\/\/bolting.eu\/en\/shop\/rasta-chalkbag-ibbz\/#breadcrumb","itemListElement":[{"@type":"ListItem","position":1,"name":"Shop","item":"https:\/\/bolting.eu\/en\/shop\/"},{"@type":"ListItem","position":2,"name":"climbing equipment","item":"https:\/\/bolting.eu\/en\/produkt-kategorie\/climbing-equipment\/"},{"@type":"ListItem","position":3,"name":"Chalkbag","item":"https:\/\/bolting.eu\/produkt-kategorie\/kletterausruestung\/chalkbag\/"},{"@type":"ListItem","position":4,"name":"Rasta Chalkbag i\u00b4bbz"}]},{"@type":"WebSite","@id":"https:\/\/bolting.eu\/en\/#website","url":"https:\/\/bolting.eu\/en\/","name":"bolting.eu","description":"we make climbs happen","publisher":{"@id":"https:\/\/bolting.eu\/en\/#organization"},"potentialAction":[{"@type":"SearchAction","target":{"@type":"EntryPoint","urlTemplate":"https:\/\/bolting.eu\/en\/?s={search_term_string}"},"query-input":{"@type":"PropertyValueSpecification","valueRequired":true,"valueName":"search_term_string"}}],"inLanguage":"en-US"},{"@type":["Organization","Place","SportingGoodsStore"],"@id":"https:\/\/bolting.eu\/en\/#organization","name":"bolting.eu","url":"https:\/\/bolting.eu\/en\/","logo":{"@id":"https:\/\/bolting.eu\/en\/shop\/rasta-chalkbag-ibbz\/#local-main-organization-logo"},"image":{"@id":"https:\/\/bolting.eu\/en\/shop\/rasta-chalkbag-ibbz\/#local-main-organization-logo"},"sameAs":["https:\/\/www.facebook.com\/bolting.eu","https:\/\/www.instagram.com\/bolting.eu\/"],"address":{"@id":"https:\/\/bolting.eu\/en\/shop\/rasta-chalkbag-ibbz\/#local-main-place-address"},"geo":{"@type":"GeoCoordinates","latitude":"47.264176340396226","longitude":"11.380109057672346"},"telephone":["+43 699 19083372"],"openingHoursSpecification":[{"@type":"OpeningHoursSpecification","dayOfWeek":["Monday","Wednesday","Friday"],"opens":"14:00","closes":"18:00"},{"@type":"OpeningHoursSpecification","dayOfWeek":["Tuesday","Thursday","Saturday","Sunday"],"opens":"00:00","closes":"00:00"}],"email":"office@bolting.eu","vatID":"ATU59999728","priceRange":"$$","currenciesAccepted":"Euro"},{"@type":"PostalAddress","@id":"https:\/\/bolting.eu\/en\/shop\/rasta-chalkbag-ibbz\/#local-main-place-address","streetAddress":"Fischnalerstra\u00dfe 4","addressLocality":"Innsbruck","postalCode":"6020","addressRegion":"Tirol","addressCountry":"AT"},{"@type":"ImageObject","inLanguage":"en-US","@id":"https:\/\/bolting.eu\/en\/shop\/rasta-chalkbag-ibbz\/#local-main-organization-logo","url":"https:\/\/bolting.eu\/wp-content\/uploads\/2019\/09\/bolting-logo.png","contentUrl":"https:\/\/bolting.eu\/wp-content\/uploads\/2019\/09\/bolting-logo.png","width":400,"height":211,"caption":"bolting.eu"}]},"og_availability":"instock","product_availability":"instock","product_condition":"new","geo.placename":"Innsbruck","geo.position":{"lat":"47.264176340396226","long":"11.380109057672346"},"geo.region":"Austria"},"_links":{"self":[{"href":"https:\/\/bolting.eu\/en\/wp-json\/wp\/v2\/product\/2674","targetHints":{"allow":["GET"]}}],"collection":[{"href":"https:\/\/bolting.eu\/en\/wp-json\/wp\/v2\/product"}],"about":[{"href":"https:\/\/bolting.eu\/en\/wp-json\/wp\/v2\/types\/product"}],"replies":[{"embeddable":true,"href":"https:\/\/bolting.eu\/en\/wp-json\/wp\/v2\/comments?post=2674"}],"wp:featuredmedia":[{"embeddable":true,"href":"https:\/\/bolting.eu\/en\/wp-json\/wp\/v2\/media\/2678"}],"wp:attachment":[{"href":"https:\/\/bolting.eu\/en\/wp-json\/wp\/v2\/media?parent=2674"}],"wp:term":[{"taxonomy":"product_brand","embeddable":true,"href":"https:\/\/bolting.eu\/en\/wp-json\/wp\/v2\/product_brand?post=2674"},{"taxonomy":"product_cat","embeddable":true,"href":"https:\/\/bolting.eu\/en\/wp-json\/wp\/v2\/product_cat?post=2674"},{"taxonomy":"product_tag","embeddable":true,"href":"https:\/\/bolting.eu\/en\/wp-json\/wp\/v2\/product_tag?post=2674"}],"curies":[{"name":"wp","href":"https:\/\/api.w.org\/{rel}","templated":true}]}}