{"id":2668,"date":"2020-03-25T07:27:25","date_gmt":"2020-03-25T06:27:25","guid":{"rendered":"https:\/\/bolting.eu\/?post_type=product&#038;p=2668"},"modified":"2023-07-10T16:23:57","modified_gmt":"2023-07-10T14:23:57","slug":"schuhputz-mini-crashpad-ibbz","status":"publish","type":"product","link":"https:\/\/bolting.eu\/en\/shop\/schuhputz-mini-crashpad-ibbz\/","title":{"rendered":"Schuhputz Mini Crashpad ibbz"},"content":{"rendered":"<p>Das Schuhputz Mini Crashpad kommt aus DEM Bouldergebiet schlechthin. Fontainebleau! Dort wird bereits seit \u00fcber hundert Jahren gebouldert und \u201eBleau\u201c ist eines DER ganz gro\u00dfen Spots weltweit. Kein Wunder dass sich dort die Firma i\u00b4bbz entwickelt hat. Die Br\u00fcder Jo und Francoise Montchaussee sind selbst leidenschaftlicher Bleaussards und haben ihr Hobby zum Beruf gemacht. Sie produzieren mitten im \u201eFor\u00e9t\u201c feine Boulderb\u00fcrsten, Teleskop St\u00f6cke, Crash Pad\u00b4s, Chalkbags und Bouldertaschen.<\/p>\n<p>Egal ob bei Eurem Boulderprojekt am Fels, im Klettergarten oder am Campingplatz beim Feierabend Bier. Dieses Mini Crashpad ist ein treuer Begleiter in vielen Situationen und isolierendes Sitzkissen zugleich!<\/p>\n<h3>Eigenschaften Schuhputz Mini Crashpad ibbz<\/h3>\n<ul>\n<li>Gr\u00f6\u00dfe: 50 x 40cm<\/li>\n<li>Oberseite: Schuhputz-Teppich<\/li>\n<li>Gewicht: 350 Gramm<\/li>\n<li>Unterseite: 4cm dicker Schaumstoff<\/li>\n<li>rutschfester Schuhputzteppich<\/li>\n<li>befreit Kletterschuh Sohlen von Sand und Schmutz<\/li>\n<li>ideal zum &#8220;Wegsteigen&#8221; vom Boden abseits des Crash Pads<\/li>\n<li>perfekt als isolierende Sitzunterlage<\/li>\n<li>passt in den Innenteil jeder Bouldermatte und meisten Rucks\u00e4cke<\/li>\n<\/ul>\n<h3>Schuhputz Teppich &#8211; Start Platform &#8211; Sitzkissen<\/h3>\n<p>Das Schuhputz Mini Crashpad von i\u00b4bbz ist enorm vielseitig. Denn erstens hat es den Hauptzweck als Teppich zum S\u00e4ubern der Kletterschuh Sohlen. Zweitens kann es aber auch als Start Plattform benutzt werden. D.h. es ist ein ideales Teil um in den Boulder oder die Route einzusteigen, ohne sich die Schuhe schmutzig zu machen. Drittens kann das Mini Pad als Sitzkissen verwendet werden. Es sch\u00fctzt euch perfekt vor der Feuchtigkeit und K\u00e4lte des Bodens.<\/p>\n<h3>Schuhputz Mini Crashpad passt ins Crashpad + Rucksack<\/h3>\n<p>Dieses Mini Pad passt aufgrund seiner bescheidenen Dicke (5cm) in jedes Crash Pad. Zudem ist es sehr weich. Folglich kann man es daher auch in alle gr\u00f6\u00dferen Rucks\u00e4cke geben. Oder einfach au\u00dfen mit einem der Fixierriemen drauf schnallen. So habt ihr ein isolierendes Sitzkissen immer mit dabei. Euer Allerwehrtester wird es euch danken \ud83d\ude09<\/p>\n<h3>I\u00b4bbz B\u00fcrsten Sortiment<\/h3>\n<p>Das Schuhputz Mini Crashpad ibbz kommt aus Fonatinebleau wie die feinen Boulderb\u00fcrsten von i\u00b4bbz. Diese B\u00fcrsten passen perfekt zu dem Chalkbag dazu.<\/p>\n<p>Es gibt vier\u00a0Griffb\u00fcrsten des Herstellers. Unten seht ihr den Gr\u00f6\u00dfenvergleich aller Modelle. Die <strong><a href=\"https:\/\/bolting.eu\/shop\/brosse-frixion-boulderbuerste-ibbz\/\">Bouderb\u00fcrste FiXion<\/a> und <a href=\"https:\/\/bolting.eu\/shop\/brosse-frixion-plus-boulderbuerste-ibbz\/\">Boulderb\u00fcrste FriXion Plus <\/a><\/strong>sowie <a href=\"https:\/\/bolting.eu\/shop\/brosse-frixion-double-boulderbuerste-ibbz\/\"><strong>FriXion Double<\/strong><\/a> k\u00f6nnen zudem auf den <a href=\"https:\/\/bolting.eu\/shop\/boulderbuerste-teleskopstock-triple-tube-ibbz\/\">Boulder Putzstock Triple Tube<\/a> gesteckt werden.<\/p>\n<p><a href=\"https:\/\/bolting.eu\/wp-content\/uploads\/2020\/03\/I-bbz-Boulderbuersten-Fontainebleau.jpg\"><img loading=\"lazy\" decoding=\"async\" class=\"alignleft wp-image-2608 size-medium\" src=\"https:\/\/bolting.eu\/wp-content\/uploads\/2020\/03\/I-bbz-Boulderbuersten-Fontainebleau-762x400.jpg\" alt=\"Das Bild zeigt den Gr\u00f6\u00dfenvergleich aller Boulderb\u00fcrsten des Herstellers I\u00b4bbz. Es sind in einem wei\u00dfem Rechteck vier Modelle zu sehen, von links nach rechts ist die Gr\u00f6\u00dfe ansteigend.\" width=\"762\" height=\"400\" srcset=\"https:\/\/bolting.eu\/wp-content\/uploads\/2020\/03\/I-bbz-Boulderbuersten-Fontainebleau-762x400.jpg 762w, https:\/\/bolting.eu\/wp-content\/uploads\/2020\/03\/I-bbz-Boulderbuersten-Fontainebleau-510x268.jpg 510w, https:\/\/bolting.eu\/wp-content\/uploads\/2020\/03\/I-bbz-Boulderbuersten-Fontainebleau-768x403.jpg 768w, https:\/\/bolting.eu\/wp-content\/uploads\/2020\/03\/I-bbz-Boulderbuersten-Fontainebleau-600x315.jpg 600w, https:\/\/bolting.eu\/wp-content\/uploads\/2020\/03\/I-bbz-Boulderbuersten-Fontainebleau.jpg 1200w\" sizes=\"auto, (max-width: 762px) 100vw, 762px\" \/><\/a><\/p>\n","protected":false},"excerpt":{"rendered":"<ul>\n<li>Gr\u00f6\u00dfe: 40 x 50cm<\/li>\n<li>Oberseite: Schuhputz-Teppich<\/li>\n<li>Gewicht: 350 Gramm<\/li>\n<li>Unterseite: 4cm dicker Schaumstoff<\/li>\n<li>rutschfester Schuhputzteppich<\/li>\n<li>befreit Kletterschuh Sohlen von Sand und Schmutz<\/li>\n<li>ideal zum &#8220;Wegsteigen&#8221; vom Boden abseits des Crash Pads<\/li>\n<li>perfekt als isolierende Sitzunterlage<\/li>\n<li>passt in den Innenteil jeder Bouldermatte und meisten Rucks\u00e4cke<\/li>\n<\/ul>\n","protected":false},"featured_media":2671,"comment_status":"closed","ping_status":"closed","template":"","meta":[],"product_brand":[],"product_cat":[5284,6357,6358,4661,5061],"product_tag":[263],"class_list":{"0":"post-2668","1":"product","2":"type-product","3":"status-publish","4":"has-post-thumbnail","6":"product_cat-boulder-ausruestung","7":"product_cat-boulder-zubehoer","8":"product_cat-bouldermatte","9":"product_cat-ibzz","10":"product_cat-kletterzubehoer","11":"product_tag-bouldern","13":"first","14":"instock","15":"taxable","16":"shipping-taxable","17":"purchasable","18":"product-type-simple"},"yoast_head":"<!-- This site is optimized with the Yoast SEO Premium plugin v26.9 (Yoast SEO v26.9) - https:\/\/yoast.com\/product\/yoast-seo-premium-wordpress\/ -->\n<title>Schuhputz Mini Crashpad ibbz : jetzt online kaufen bei bolting.eu<\/title>\n<meta name=\"description\" content=\"Schuhputz Mini Crashpad ibbz beim Kletterprofi aus Innsbruck kaufen \u2705 kostenloser Versand* \u2705 14 Tage R\u00fcckgaberecht \u2705 Co2 neutraler Versand\" \/>\n<meta name=\"robots\" content=\"index, follow, max-snippet:-1, max-image-preview:large, max-video-preview:-1\" \/>\n<link rel=\"canonical\" href=\"https:\/\/bolting.eu\/en\/shop\/schuhputz-mini-crashpad-ibbz\/\" \/>\n<meta property=\"og:locale\" content=\"en_US\" \/>\n<meta property=\"og:type\" content=\"article\" \/>\n<meta property=\"og:title\" content=\"Schuhputz Mini Crashpad ibbz\" \/>\n<meta property=\"og:description\" content=\"Schuhputz Mini Crashpad ibbz beim Kletterprofi aus Innsbruck kaufen \u2705 kostenloser Versand* \u2705 14 Tage R\u00fcckgaberecht \u2705 Co2 neutraler Versand\" \/>\n<meta property=\"og:url\" content=\"https:\/\/bolting.eu\/en\/shop\/schuhputz-mini-crashpad-ibbz\/\" \/>\n<meta property=\"og:site_name\" content=\"bolting.eu\" \/>\n<meta property=\"article:publisher\" content=\"https:\/\/www.facebook.com\/bolting.eu\" \/>\n<meta property=\"article:modified_time\" content=\"2023-07-10T14:23:57+00:00\" \/>\n<meta property=\"og:image\" content=\"https:\/\/bolting.eu\/wp-content\/uploads\/2020\/03\/Schuhputz-Mini-Crashpad-ibbz.jpg\" \/>\n\t<meta property=\"og:image:width\" content=\"700\" \/>\n\t<meta property=\"og:image:height\" content=\"700\" \/>\n\t<meta property=\"og:image:type\" content=\"image\/jpeg\" \/>\n<meta name=\"twitter:card\" content=\"summary_large_image\" \/>\n<meta name=\"twitter:label1\" content=\"Price\" \/>\n\t<meta name=\"twitter:data1\" content=\"&euro;&nbsp;35,00\" \/>\n\t<meta name=\"twitter:label2\" content=\"Availability\" \/>\n\t<meta name=\"twitter:data2\" content=\"In stock\" \/>\n<script type=\"application\/ld+json\" class=\"yoast-schema-graph\">{\"@context\":\"https:\/\/schema.org\",\"@graph\":[{\"@type\":[\"WebPage\",\"ItemPage\"],\"@id\":\"https:\/\/bolting.eu\/en\/shop\/schuhputz-mini-crashpad-ibbz\/\",\"url\":\"https:\/\/bolting.eu\/en\/shop\/schuhputz-mini-crashpad-ibbz\/\",\"name\":\"Schuhputz Mini Crashpad ibbz : jetzt online kaufen bei bolting.eu\",\"isPartOf\":{\"@id\":\"https:\/\/bolting.eu\/en\/#website\"},\"primaryImageOfPage\":{\"@id\":\"https:\/\/bolting.eu\/en\/shop\/schuhputz-mini-crashpad-ibbz\/#primaryimage\"},\"image\":{\"@id\":\"https:\/\/bolting.eu\/en\/shop\/schuhputz-mini-crashpad-ibbz\/#primaryimage\"},\"thumbnailUrl\":\"https:\/\/bolting.eu\/wp-content\/uploads\/2020\/03\/Schuhputz-Mini-Crashpad-ibbz.jpg\",\"datePublished\":\"2020-03-25T06:27:25+00:00\",\"dateModified\":\"2023-07-10T14:23:57+00:00\",\"description\":\"Schuhputz Mini Crashpad ibbz beim Kletterprofi aus Innsbruck kaufen \u2705 kostenloser Versand* \u2705 14 Tage R\u00fcckgaberecht \u2705 Co2 neutraler Versand\",\"breadcrumb\":{\"@id\":\"https:\/\/bolting.eu\/en\/shop\/schuhputz-mini-crashpad-ibbz\/#breadcrumb\"},\"inLanguage\":\"en-US\",\"potentialAction\":[{\"@type\":\"ReadAction\",\"target\":[\"https:\/\/bolting.eu\/en\/shop\/schuhputz-mini-crashpad-ibbz\/\"]}]},{\"@type\":\"ImageObject\",\"inLanguage\":\"en-US\",\"@id\":\"https:\/\/bolting.eu\/en\/shop\/schuhputz-mini-crashpad-ibbz\/#primaryimage\",\"url\":\"https:\/\/bolting.eu\/wp-content\/uploads\/2020\/03\/Schuhputz-Mini-Crashpad-ibbz.jpg\",\"contentUrl\":\"https:\/\/bolting.eu\/wp-content\/uploads\/2020\/03\/Schuhputz-Mini-Crashpad-ibbz.jpg\",\"width\":700,\"height\":700,\"caption\":\"Das Bild zeigt dass rote Schuhputz Mini Crashpad von i\u00b4bbz. Man sieht den ged\u00e4mpften Teppich von oben und erkennt die d\u00fcnne, dunkle Schaumstoffschichte an der Unterseite.\"},{\"@type\":\"BreadcrumbList\",\"@id\":\"https:\/\/bolting.eu\/en\/shop\/schuhputz-mini-crashpad-ibbz\/#breadcrumb\",\"itemListElement\":[{\"@type\":\"ListItem\",\"position\":1,\"name\":\"Shop\",\"item\":\"https:\/\/bolting.eu\/en\/shop\/\"},{\"@type\":\"ListItem\",\"position\":2,\"name\":\"Boulder Ausr\u00fcstung\",\"item\":\"https:\/\/bolting.eu\/produkt-kategorie\/boulder-ausruestung\/\"},{\"@type\":\"ListItem\",\"position\":3,\"name\":\"Bouldermatten\",\"item\":\"https:\/\/bolting.eu\/produkt-kategorie\/boulder-ausruestung\/bouldermatte\/\"},{\"@type\":\"ListItem\",\"position\":4,\"name\":\"Schuhputz Mini Crashpad ibbz\"}]},{\"@type\":\"WebSite\",\"@id\":\"https:\/\/bolting.eu\/en\/#website\",\"url\":\"https:\/\/bolting.eu\/en\/\",\"name\":\"bolting.eu\",\"description\":\"we make climbs happen\",\"publisher\":{\"@id\":\"https:\/\/bolting.eu\/en\/#organization\"},\"potentialAction\":[{\"@type\":\"SearchAction\",\"target\":{\"@type\":\"EntryPoint\",\"urlTemplate\":\"https:\/\/bolting.eu\/en\/?s={search_term_string}\"},\"query-input\":{\"@type\":\"PropertyValueSpecification\",\"valueRequired\":true,\"valueName\":\"search_term_string\"}}],\"inLanguage\":\"en-US\"},{\"@type\":[\"Organization\",\"Place\",\"SportingGoodsStore\"],\"@id\":\"https:\/\/bolting.eu\/en\/#organization\",\"name\":\"bolting.eu\",\"url\":\"https:\/\/bolting.eu\/en\/\",\"logo\":{\"@id\":\"https:\/\/bolting.eu\/en\/shop\/schuhputz-mini-crashpad-ibbz\/#local-main-organization-logo\"},\"image\":{\"@id\":\"https:\/\/bolting.eu\/en\/shop\/schuhputz-mini-crashpad-ibbz\/#local-main-organization-logo\"},\"sameAs\":[\"https:\/\/www.facebook.com\/bolting.eu\",\"https:\/\/www.instagram.com\/bolting.eu\/\"],\"address\":{\"@id\":\"https:\/\/bolting.eu\/en\/shop\/schuhputz-mini-crashpad-ibbz\/#local-main-place-address\"},\"geo\":{\"@type\":\"GeoCoordinates\",\"latitude\":\"47.264176340396226\",\"longitude\":\"11.380109057672346\"},\"telephone\":[\"+43 699 19083372\"],\"openingHoursSpecification\":[{\"@type\":\"OpeningHoursSpecification\",\"dayOfWeek\":[\"Monday\",\"Wednesday\",\"Friday\"],\"opens\":\"14:00\",\"closes\":\"18:00\"},{\"@type\":\"OpeningHoursSpecification\",\"dayOfWeek\":[\"Tuesday\",\"Thursday\",\"Saturday\",\"Sunday\"],\"opens\":\"00:00\",\"closes\":\"00:00\"}],\"email\":\"office@bolting.eu\",\"vatID\":\"ATU59999728\",\"priceRange\":\"$$\",\"currenciesAccepted\":\"Euro\"},{\"@type\":\"PostalAddress\",\"@id\":\"https:\/\/bolting.eu\/en\/shop\/schuhputz-mini-crashpad-ibbz\/#local-main-place-address\",\"streetAddress\":\"Fischnalerstra\u00dfe 4\",\"addressLocality\":\"Innsbruck\",\"postalCode\":\"6020\",\"addressRegion\":\"Tirol\",\"addressCountry\":\"AT\"},{\"@type\":\"ImageObject\",\"inLanguage\":\"en-US\",\"@id\":\"https:\/\/bolting.eu\/en\/shop\/schuhputz-mini-crashpad-ibbz\/#local-main-organization-logo\",\"url\":\"https:\/\/bolting.eu\/wp-content\/uploads\/2019\/09\/bolting-logo.png\",\"contentUrl\":\"https:\/\/bolting.eu\/wp-content\/uploads\/2019\/09\/bolting-logo.png\",\"width\":400,\"height\":211,\"caption\":\"bolting.eu\"}]}<\/script>\n<meta property=\"product:price:amount\" content=\"35.00\" \/>\n<meta property=\"product:price:currency\" content=\"EUR\" \/>\n<meta property=\"og:availability\" content=\"instock\" \/>\n<meta property=\"product:availability\" content=\"instock\" \/>\n<meta property=\"product:retailer_item_id\" content=\"ibbz_teppich\" \/>\n<meta property=\"product:condition\" content=\"new\" \/>\n<meta name=\"geo.placename\" content=\"Innsbruck\" \/>\n<meta name=\"geo.position\" content=\"47.264176340396226;11.380109057672346\" \/>\n<meta name=\"geo.region\" content=\"Austria\" \/>\n<!-- \/ Yoast SEO Premium plugin. -->","yoast_head_json":{"title":"Schuhputz Mini Crashpad ibbz : jetzt online kaufen bei bolting.eu","description":"Schuhputz Mini Crashpad ibbz beim Kletterprofi aus Innsbruck kaufen \u2705 kostenloser Versand* \u2705 14 Tage R\u00fcckgaberecht \u2705 Co2 neutraler Versand","robots":{"index":"index","follow":"follow","max-snippet":"max-snippet:-1","max-image-preview":"max-image-preview:large","max-video-preview":"max-video-preview:-1"},"canonical":"https:\/\/bolting.eu\/en\/shop\/schuhputz-mini-crashpad-ibbz\/","og_locale":"en_US","og_type":"article","og_title":"Schuhputz Mini Crashpad ibbz","og_description":"Schuhputz Mini Crashpad ibbz beim Kletterprofi aus Innsbruck kaufen \u2705 kostenloser Versand* \u2705 14 Tage R\u00fcckgaberecht \u2705 Co2 neutraler Versand","og_url":"https:\/\/bolting.eu\/en\/shop\/schuhputz-mini-crashpad-ibbz\/","og_site_name":"bolting.eu","article_publisher":"https:\/\/www.facebook.com\/bolting.eu","article_modified_time":"2023-07-10T14:23:57+00:00","og_image":[{"width":700,"height":700,"url":"https:\/\/bolting.eu\/wp-content\/uploads\/2020\/03\/Schuhputz-Mini-Crashpad-ibbz.jpg","type":"image\/jpeg"}],"twitter_card":"summary_large_image","twitter_misc":{"Price":"&euro;&nbsp;35,00","Availability":"In stock"},"schema":{"@context":"https:\/\/schema.org","@graph":[{"@type":["WebPage","ItemPage"],"@id":"https:\/\/bolting.eu\/en\/shop\/schuhputz-mini-crashpad-ibbz\/","url":"https:\/\/bolting.eu\/en\/shop\/schuhputz-mini-crashpad-ibbz\/","name":"Schuhputz Mini Crashpad ibbz : jetzt online kaufen bei bolting.eu","isPartOf":{"@id":"https:\/\/bolting.eu\/en\/#website"},"primaryImageOfPage":{"@id":"https:\/\/bolting.eu\/en\/shop\/schuhputz-mini-crashpad-ibbz\/#primaryimage"},"image":{"@id":"https:\/\/bolting.eu\/en\/shop\/schuhputz-mini-crashpad-ibbz\/#primaryimage"},"thumbnailUrl":"https:\/\/bolting.eu\/wp-content\/uploads\/2020\/03\/Schuhputz-Mini-Crashpad-ibbz.jpg","datePublished":"2020-03-25T06:27:25+00:00","dateModified":"2023-07-10T14:23:57+00:00","description":"Schuhputz Mini Crashpad ibbz beim Kletterprofi aus Innsbruck kaufen \u2705 kostenloser Versand* \u2705 14 Tage R\u00fcckgaberecht \u2705 Co2 neutraler Versand","breadcrumb":{"@id":"https:\/\/bolting.eu\/en\/shop\/schuhputz-mini-crashpad-ibbz\/#breadcrumb"},"inLanguage":"en-US","potentialAction":[{"@type":"ReadAction","target":["https:\/\/bolting.eu\/en\/shop\/schuhputz-mini-crashpad-ibbz\/"]}]},{"@type":"ImageObject","inLanguage":"en-US","@id":"https:\/\/bolting.eu\/en\/shop\/schuhputz-mini-crashpad-ibbz\/#primaryimage","url":"https:\/\/bolting.eu\/wp-content\/uploads\/2020\/03\/Schuhputz-Mini-Crashpad-ibbz.jpg","contentUrl":"https:\/\/bolting.eu\/wp-content\/uploads\/2020\/03\/Schuhputz-Mini-Crashpad-ibbz.jpg","width":700,"height":700,"caption":"Das Bild zeigt dass rote Schuhputz Mini Crashpad von i\u00b4bbz. Man sieht den ged\u00e4mpften Teppich von oben und erkennt die d\u00fcnne, dunkle Schaumstoffschichte an der Unterseite."},{"@type":"BreadcrumbList","@id":"https:\/\/bolting.eu\/en\/shop\/schuhputz-mini-crashpad-ibbz\/#breadcrumb","itemListElement":[{"@type":"ListItem","position":1,"name":"Shop","item":"https:\/\/bolting.eu\/en\/shop\/"},{"@type":"ListItem","position":2,"name":"Boulder Ausr\u00fcstung","item":"https:\/\/bolting.eu\/produkt-kategorie\/boulder-ausruestung\/"},{"@type":"ListItem","position":3,"name":"Bouldermatten","item":"https:\/\/bolting.eu\/produkt-kategorie\/boulder-ausruestung\/bouldermatte\/"},{"@type":"ListItem","position":4,"name":"Schuhputz Mini Crashpad ibbz"}]},{"@type":"WebSite","@id":"https:\/\/bolting.eu\/en\/#website","url":"https:\/\/bolting.eu\/en\/","name":"bolting.eu","description":"we make climbs happen","publisher":{"@id":"https:\/\/bolting.eu\/en\/#organization"},"potentialAction":[{"@type":"SearchAction","target":{"@type":"EntryPoint","urlTemplate":"https:\/\/bolting.eu\/en\/?s={search_term_string}"},"query-input":{"@type":"PropertyValueSpecification","valueRequired":true,"valueName":"search_term_string"}}],"inLanguage":"en-US"},{"@type":["Organization","Place","SportingGoodsStore"],"@id":"https:\/\/bolting.eu\/en\/#organization","name":"bolting.eu","url":"https:\/\/bolting.eu\/en\/","logo":{"@id":"https:\/\/bolting.eu\/en\/shop\/schuhputz-mini-crashpad-ibbz\/#local-main-organization-logo"},"image":{"@id":"https:\/\/bolting.eu\/en\/shop\/schuhputz-mini-crashpad-ibbz\/#local-main-organization-logo"},"sameAs":["https:\/\/www.facebook.com\/bolting.eu","https:\/\/www.instagram.com\/bolting.eu\/"],"address":{"@id":"https:\/\/bolting.eu\/en\/shop\/schuhputz-mini-crashpad-ibbz\/#local-main-place-address"},"geo":{"@type":"GeoCoordinates","latitude":"47.264176340396226","longitude":"11.380109057672346"},"telephone":["+43 699 19083372"],"openingHoursSpecification":[{"@type":"OpeningHoursSpecification","dayOfWeek":["Monday","Wednesday","Friday"],"opens":"14:00","closes":"18:00"},{"@type":"OpeningHoursSpecification","dayOfWeek":["Tuesday","Thursday","Saturday","Sunday"],"opens":"00:00","closes":"00:00"}],"email":"office@bolting.eu","vatID":"ATU59999728","priceRange":"$$","currenciesAccepted":"Euro"},{"@type":"PostalAddress","@id":"https:\/\/bolting.eu\/en\/shop\/schuhputz-mini-crashpad-ibbz\/#local-main-place-address","streetAddress":"Fischnalerstra\u00dfe 4","addressLocality":"Innsbruck","postalCode":"6020","addressRegion":"Tirol","addressCountry":"AT"},{"@type":"ImageObject","inLanguage":"en-US","@id":"https:\/\/bolting.eu\/en\/shop\/schuhputz-mini-crashpad-ibbz\/#local-main-organization-logo","url":"https:\/\/bolting.eu\/wp-content\/uploads\/2019\/09\/bolting-logo.png","contentUrl":"https:\/\/bolting.eu\/wp-content\/uploads\/2019\/09\/bolting-logo.png","width":400,"height":211,"caption":"bolting.eu"}]},"product_price_amount":"35.00","product_price_currency":"EUR","og_availability":"instock","product_availability":"instock","product_retailer_item_id":"ibbz_teppich","product_condition":"new","geo.placename":"Innsbruck","geo.position":{"lat":"47.264176340396226","long":"11.380109057672346"},"geo.region":"Austria"},"_links":{"self":[{"href":"https:\/\/bolting.eu\/en\/wp-json\/wp\/v2\/product\/2668","targetHints":{"allow":["GET"]}}],"collection":[{"href":"https:\/\/bolting.eu\/en\/wp-json\/wp\/v2\/product"}],"about":[{"href":"https:\/\/bolting.eu\/en\/wp-json\/wp\/v2\/types\/product"}],"replies":[{"embeddable":true,"href":"https:\/\/bolting.eu\/en\/wp-json\/wp\/v2\/comments?post=2668"}],"wp:featuredmedia":[{"embeddable":true,"href":"https:\/\/bolting.eu\/en\/wp-json\/wp\/v2\/media\/2671"}],"wp:attachment":[{"href":"https:\/\/bolting.eu\/en\/wp-json\/wp\/v2\/media?parent=2668"}],"wp:term":[{"taxonomy":"product_brand","embeddable":true,"href":"https:\/\/bolting.eu\/en\/wp-json\/wp\/v2\/product_brand?post=2668"},{"taxonomy":"product_cat","embeddable":true,"href":"https:\/\/bolting.eu\/en\/wp-json\/wp\/v2\/product_cat?post=2668"},{"taxonomy":"product_tag","embeddable":true,"href":"https:\/\/bolting.eu\/en\/wp-json\/wp\/v2\/product_tag?post=2668"}],"curies":[{"name":"wp","href":"https:\/\/api.w.org\/{rel}","templated":true}]}}