{"id":2649,"date":"2020-03-24T16:48:14","date_gmt":"2020-03-24T15:48:14","guid":{"rendered":"https:\/\/bolting.eu\/?post_type=product&#038;p=2649"},"modified":"2025-12-01T17:20:56","modified_gmt":"2025-12-01T16:20:56","slug":"doppel-chalkballs-austrialpin","status":"publish","type":"product","link":"https:\/\/bolting.eu\/en\/shop\/doppel-chalkballs-austrialpin\/","title":{"rendered":"Doppel Chalkballs Austrialpin"},"content":{"rendered":"<p>Die Doppel Chalkballs Austrialpin sind hilfreiche, kleine Kerle. Sie sind jeweils mit 35 Gramm relativ feinem Kletterchalk gef\u00fcllt. Zudem werden sie in einem Plastikbeutel geliefert. Somit bleibt alles eine saubere Sache bis zum Verstauen im Chalkbag. Da es sich um reines Magnesium-Bicorbonat handelt ist er auch f\u00fcr Leute mit Allergien interessant. Denn es werden keinerlei Stoffe hinzugesetzt. Wer z.B. mit dem Super Chalk von Metolius oder anderen Marken Probleme hat. Voila!<\/p>\n<p>Wir empfehlen den Magnesium Ball vor allem f\u00fcr die Halle und f\u00fcr Kinder. Wer einen gr\u00f6\u00dferen Chalkball haben m\u00f6chte sollte sich den <a href=\"https:\/\/bolting.eu\/shop\/chalkball-austrialpin\/\">Chalkball Austrialpin<\/a> oder <a href=\"https:\/\/bolting.eu\/shop\/chalkball-wiederbefuellbar-austrialpin\/\">Chalkball wiederbef\u00fcllbar<\/a> anschauen.<\/p>\n<h3>Eigenschaften Doppel Chalkballs Austrialpin<\/h3>\n<ul>\n<li>Hersteller: <a href=\"https:\/\/bolting.eu\/austrialpin\/\">Austrialpin<\/a><\/li>\n<li>Inhalt: reines Magnesium-Bicorbonat<\/li>\n<li>Beschaffenheit: relativ feines Chalk ohne Br\u00f6ckchen<\/li>\n<li>Gewicht: 2 x 35 Gramm<\/li>\n<li>Beutel: Kunststoff &#8211; recyclebar<\/li>\n<li>Einsatzgebiete: alle Kletterarten, speziell Kletterhalle<\/li>\n<\/ul>\n<h3>Einsatz in der Kletterhalle<\/h3>\n<p>Die Doppel Chalkballs Austrialpin machen vor allem in der Kletterhalle eine gute Figur. Denn ein Magnesiumball wirbelt im wahrsten Sinne des Wortes keinerlei Staub auf. Davon habt ihr selber etwas. Und nat\u00fcrlich auch alle anderen Halleng\u00e4ste. Einfach beim Chalken die B\u00e4lle fest dr\u00fccken und schon bleibt das Magnesium an den Fingern h\u00e4ngen.<\/p>\n<h3>Einsatz Doppel Chalkballs Austrialpin beim Bouldern<\/h3>\n<p>Viele Boulderer geben die Magnesiumb\u00e4lle in ihr gro\u00dfes Boulder-Chalkbag. Denn mit dem Ball k\u00f6nnen sie Griffe und Tritte &#8220;abtupfen&#8221;. Das macht man beispielsweise wenn man diese trocknen will. Oder wenn man f\u00fcr den Durchstiegsversuch alle Griffe perfekt vorbereitet haben will.<\/p>\n<p>Nat\u00fcrlich kann man auch hier wieder seine Finger effektiv einchalken. Allerdings steht die Funktion des Griffe Pr\u00e4parierens klar im Vordergrund.<\/p>\n<h3>Chalkballs f\u00fcr Kinder<\/h3>\n<p>Die Doppel Chalkballs Austrialpin eignen sich speziell f\u00fcr Kinder. Denn wie bei allen anderen Magnesium B\u00e4llen ist es egal, wenn die Kleinen ihr Chalkbag unabsichtlich &#8220;ausleeren&#8221;. Die Chalkb\u00e4lle purzeln dann einfach heraus ohne einen Magnesiaberg zu hinterlassen. Zudem helfen die B\u00e4lle den Kids das Magnesia gleichm\u00e4\u00dfig auf die Finger und die Hand zu verteilen. Denn den Ball zu dr\u00fccken ist leichter zu lernen als gef\u00fchlvoll loses Chalk nachzutanken!<\/p>\n<h3>Die Chalk \u201eEtikette\u201c<\/h3>\n<p>Es gibt immer mehr Kletterer und Boulderer die an den Fels gehen. Wir alle Chalken ganz ordentlich drauf los und deswegen sehen unsere geliebten Felsen nicht immer sch\u00f6n aus. Vom \u201especkig\u201c werden ganz abgesehen.<\/p>\n<p>Daher hat sich ein \u201egentlemen\u00b4s agreement\u201c in der Klettercomunity durchgesetzt. Eine simple Etikette ganz nach dem Motto f\u00fcr den Fels gut \u2013 f\u00fcr uns alle gut! Bitte beachte auch du diese einfachen Punkte wenn ihr da die Doppel Chalkballs Austrialpin verwendet.<\/p>\n<ul>\n<li>ben\u00fctze Chalk \u00fcberlegt und in Ma\u00dfen<\/li>\n<li>putze angechalkte Griffe wenn du schon dabei bist<\/li>\n<li>putze besonders jene Stellen beim Ablassen, wo du lange probiert hast<\/li>\n<li>versuche Tick Marks in Grenzen zu halten<\/li>\n<li>entferne deine n\u00f6tigen Tick Marks am Ende des Tages wieder<\/li>\n<li>beim Bouldern putzt bitte ordentlich den ganzen Block wenn ihr fertig seid<\/li>\n<\/ul>\n<p>Bei uns findest Du nat\u00fcrlich ein riesige Auswahl an <a href=\"https:\/\/bolting.eu\/produkt-kategorie\/boulderbuersten\/\">Boulderb\u00fcrsten<\/a> damit es keine Ausreden ehr gibt <img decoding=\"async\" class=\"emoji\" draggable=\"false\" src=\"https:\/\/s.w.org\/images\/core\/emoji\/12.0.0-1\/svg\/1f609.svg\" alt=\"\ud83d\ude09\" \/><\/p>\n<p>Link Tipp: Eure\u00a0Doppel Chalkballs Austrialpin k\u00f6nnt ihr gleich einmal in einem der <a href=\"https:\/\/maltatal.rocks\" target=\"_blank\" rel=\"noopener noreferrer\">besten Bouldergebiete von \u00d6sterreich<\/a> ausprobieren!<\/p>\n","protected":false},"excerpt":{"rendered":"<ul>\n<li>Hersteller: <a href=\"https:\/\/bolting.eu\/austrialpin\/\">Austrialpin<\/a><\/li>\n<li>Inhalt: reines Magnesium-Bicorbonat<\/li>\n<li>Beschaffenheit: relativ feines Chalk ohne Br\u00f6ckchen<\/li>\n<li>Gewicht: 2 x 35 Gramm<\/li>\n<li>Beutel: Kunststoff &#8211; recyclebar<\/li>\n<li>Einsatzgebiete: alle Kletterarten, speziell Kletterhalle<\/li>\n<\/ul>\n","protected":false},"featured_media":2623,"comment_status":"closed","ping_status":"closed","template":"","meta":[],"product_brand":[],"product_cat":[4649,5284,5007,29],"product_tag":[],"class_list":{"0":"post-2649","1":"product","2":"type-product","3":"status-publish","4":"has-post-thumbnail","6":"product_cat-austrialpin","7":"product_cat-boulder-ausruestung","8":"product_cat-chalk-klettern","9":"product_cat-kletterausruestung","11":"first","12":"instock","13":"taxable","14":"shipping-taxable","15":"purchasable","16":"product-type-simple"},"yoast_head":"<!-- This site is optimized with the Yoast SEO Premium plugin v26.9 (Yoast SEO v26.9) - https:\/\/yoast.com\/product\/yoast-seo-premium-wordpress\/ -->\n<title>Doppel Chalkballs Austrialpin: jetzt online kaufen bei bolting.eu<\/title>\n<meta name=\"description\" content=\"Hier findet ihr die Doppel CHALKBALLS Austrialpin. Zwei 35 Gramm Magnesium B\u00e4lle mit feinem Kletterchalk f\u00fcr die Kletterhalle bzw. Kinder!\" \/>\n<meta name=\"robots\" content=\"index, follow, max-snippet:-1, max-image-preview:large, max-video-preview:-1\" \/>\n<link rel=\"canonical\" href=\"https:\/\/bolting.eu\/en\/shop\/doppel-chalkballs-austrialpin\/\" \/>\n<meta property=\"og:locale\" content=\"en_US\" \/>\n<meta property=\"og:type\" content=\"article\" \/>\n<meta property=\"og:title\" content=\"Doppel Chalkballs Austrialpin\" \/>\n<meta property=\"og:description\" content=\"Hier findet ihr die Doppel CHALKBALLS Austrialpin. Zwei 35 Gramm Magnesium B\u00e4lle mit feinem Kletterchalk f\u00fcr die Kletterhalle bzw. Kinder!\" \/>\n<meta property=\"og:url\" content=\"https:\/\/bolting.eu\/en\/shop\/doppel-chalkballs-austrialpin\/\" \/>\n<meta property=\"og:site_name\" content=\"bolting.eu\" \/>\n<meta property=\"article:publisher\" content=\"https:\/\/www.facebook.com\/bolting.eu\" \/>\n<meta property=\"article:modified_time\" content=\"2025-12-01T16:20:56+00:00\" \/>\n<meta property=\"og:image\" content=\"https:\/\/bolting.eu\/wp-content\/uploads\/2020\/03\/Dopplel-Chalkball-Austrialpin-2.jpg\" \/>\n\t<meta property=\"og:image:width\" content=\"700\" \/>\n\t<meta property=\"og:image:height\" content=\"700\" \/>\n\t<meta property=\"og:image:type\" content=\"image\/jpeg\" \/>\n<meta name=\"twitter:card\" content=\"summary_large_image\" \/>\n<meta name=\"twitter:label1\" content=\"Price\" \/>\n\t<meta name=\"twitter:data1\" content=\"&euro;&nbsp;8,00\" \/>\n\t<meta name=\"twitter:label2\" content=\"Availability\" \/>\n\t<meta name=\"twitter:data2\" content=\"In stock\" \/>\n<script type=\"application\/ld+json\" class=\"yoast-schema-graph\">{\"@context\":\"https:\/\/schema.org\",\"@graph\":[{\"@type\":[\"WebPage\",\"ItemPage\"],\"@id\":\"https:\/\/bolting.eu\/en\/shop\/doppel-chalkballs-austrialpin\/\",\"url\":\"https:\/\/bolting.eu\/en\/shop\/doppel-chalkballs-austrialpin\/\",\"name\":\"Doppel Chalkballs Austrialpin: jetzt online kaufen bei bolting.eu\",\"isPartOf\":{\"@id\":\"https:\/\/bolting.eu\/en\/#website\"},\"primaryImageOfPage\":{\"@id\":\"https:\/\/bolting.eu\/en\/shop\/doppel-chalkballs-austrialpin\/#primaryimage\"},\"image\":{\"@id\":\"https:\/\/bolting.eu\/en\/shop\/doppel-chalkballs-austrialpin\/#primaryimage\"},\"thumbnailUrl\":\"https:\/\/bolting.eu\/wp-content\/uploads\/2020\/03\/Dopplel-Chalkball-Austrialpin-2.jpg\",\"datePublished\":\"2020-03-24T15:48:14+00:00\",\"dateModified\":\"2025-12-01T16:20:56+00:00\",\"description\":\"Hier findet ihr die Doppel CHALKBALLS Austrialpin. Zwei 35 Gramm Magnesium B\u00e4lle mit feinem Kletterchalk f\u00fcr die Kletterhalle bzw. Kinder!\",\"breadcrumb\":{\"@id\":\"https:\/\/bolting.eu\/en\/shop\/doppel-chalkballs-austrialpin\/#breadcrumb\"},\"inLanguage\":\"en-US\",\"potentialAction\":[{\"@type\":\"ReadAction\",\"target\":[\"https:\/\/bolting.eu\/en\/shop\/doppel-chalkballs-austrialpin\/\"]}]},{\"@type\":\"ImageObject\",\"inLanguage\":\"en-US\",\"@id\":\"https:\/\/bolting.eu\/en\/shop\/doppel-chalkballs-austrialpin\/#primaryimage\",\"url\":\"https:\/\/bolting.eu\/wp-content\/uploads\/2020\/03\/Dopplel-Chalkball-Austrialpin-2.jpg\",\"contentUrl\":\"https:\/\/bolting.eu\/wp-content\/uploads\/2020\/03\/Dopplel-Chalkball-Austrialpin-2.jpg\",\"width\":700,\"height\":700,\"caption\":\"Das Bild zwei zwei Doppel Chalkballs Austrialpin nebeneinander. Man sieht jeweils die beiden zusammengepressten Enden des umh\u00fcllenden Gewebes.\"},{\"@type\":\"BreadcrumbList\",\"@id\":\"https:\/\/bolting.eu\/en\/shop\/doppel-chalkballs-austrialpin\/#breadcrumb\",\"itemListElement\":[{\"@type\":\"ListItem\",\"position\":1,\"name\":\"Shop\",\"item\":\"https:\/\/bolting.eu\/en\/shop\/\"},{\"@type\":\"ListItem\",\"position\":2,\"name\":\"climbing equipment\",\"item\":\"https:\/\/bolting.eu\/en\/produkt-kategorie\/climbing-equipment\/\"},{\"@type\":\"ListItem\",\"position\":3,\"name\":\"Chalk Klettern\",\"item\":\"https:\/\/bolting.eu\/produkt-kategorie\/kletterausruestung\/chalk-klettern\/\"},{\"@type\":\"ListItem\",\"position\":4,\"name\":\"Doppel Chalkballs Austrialpin\"}]},{\"@type\":\"WebSite\",\"@id\":\"https:\/\/bolting.eu\/en\/#website\",\"url\":\"https:\/\/bolting.eu\/en\/\",\"name\":\"bolting.eu\",\"description\":\"we make climbs happen\",\"publisher\":{\"@id\":\"https:\/\/bolting.eu\/en\/#organization\"},\"potentialAction\":[{\"@type\":\"SearchAction\",\"target\":{\"@type\":\"EntryPoint\",\"urlTemplate\":\"https:\/\/bolting.eu\/en\/?s={search_term_string}\"},\"query-input\":{\"@type\":\"PropertyValueSpecification\",\"valueRequired\":true,\"valueName\":\"search_term_string\"}}],\"inLanguage\":\"en-US\"},{\"@type\":[\"Organization\",\"Place\",\"SportingGoodsStore\"],\"@id\":\"https:\/\/bolting.eu\/en\/#organization\",\"name\":\"bolting.eu\",\"url\":\"https:\/\/bolting.eu\/en\/\",\"logo\":{\"@id\":\"https:\/\/bolting.eu\/en\/shop\/doppel-chalkballs-austrialpin\/#local-main-organization-logo\"},\"image\":{\"@id\":\"https:\/\/bolting.eu\/en\/shop\/doppel-chalkballs-austrialpin\/#local-main-organization-logo\"},\"sameAs\":[\"https:\/\/www.facebook.com\/bolting.eu\",\"https:\/\/www.instagram.com\/bolting.eu\/\"],\"address\":{\"@id\":\"https:\/\/bolting.eu\/en\/shop\/doppel-chalkballs-austrialpin\/#local-main-place-address\"},\"geo\":{\"@type\":\"GeoCoordinates\",\"latitude\":\"47.264176340396226\",\"longitude\":\"11.380109057672346\"},\"telephone\":[\"+43 699 19083372\"],\"openingHoursSpecification\":[{\"@type\":\"OpeningHoursSpecification\",\"dayOfWeek\":[\"Monday\",\"Wednesday\",\"Friday\"],\"opens\":\"14:00\",\"closes\":\"18:00\"},{\"@type\":\"OpeningHoursSpecification\",\"dayOfWeek\":[\"Tuesday\",\"Thursday\",\"Saturday\",\"Sunday\"],\"opens\":\"00:00\",\"closes\":\"00:00\"}],\"email\":\"office@bolting.eu\",\"vatID\":\"ATU59999728\",\"priceRange\":\"$$\",\"currenciesAccepted\":\"Euro\"},{\"@type\":\"PostalAddress\",\"@id\":\"https:\/\/bolting.eu\/en\/shop\/doppel-chalkballs-austrialpin\/#local-main-place-address\",\"streetAddress\":\"Fischnalerstra\u00dfe 4\",\"addressLocality\":\"Innsbruck\",\"postalCode\":\"6020\",\"addressRegion\":\"Tirol\",\"addressCountry\":\"AT\"},{\"@type\":\"ImageObject\",\"inLanguage\":\"en-US\",\"@id\":\"https:\/\/bolting.eu\/en\/shop\/doppel-chalkballs-austrialpin\/#local-main-organization-logo\",\"url\":\"https:\/\/bolting.eu\/wp-content\/uploads\/2019\/09\/bolting-logo.png\",\"contentUrl\":\"https:\/\/bolting.eu\/wp-content\/uploads\/2019\/09\/bolting-logo.png\",\"width\":400,\"height\":211,\"caption\":\"bolting.eu\"}]}<\/script>\n<meta property=\"product:price:amount\" content=\"8.00\" \/>\n<meta property=\"product:price:currency\" content=\"EUR\" \/>\n<meta property=\"og:availability\" content=\"instock\" \/>\n<meta property=\"product:availability\" content=\"instock\" \/>\n<meta property=\"product:retailer_item_id\" content=\"RT35CB\" \/>\n<meta property=\"product:condition\" content=\"new\" \/>\n<meta name=\"geo.placename\" content=\"Innsbruck\" \/>\n<meta name=\"geo.position\" content=\"47.264176340396226;11.380109057672346\" \/>\n<meta name=\"geo.region\" content=\"Austria\" \/>\n<!-- \/ Yoast SEO Premium plugin. -->","yoast_head_json":{"title":"Doppel Chalkballs Austrialpin: jetzt online kaufen bei bolting.eu","description":"Hier findet ihr die Doppel CHALKBALLS Austrialpin. Zwei 35 Gramm Magnesium B\u00e4lle mit feinem Kletterchalk f\u00fcr die Kletterhalle bzw. Kinder!","robots":{"index":"index","follow":"follow","max-snippet":"max-snippet:-1","max-image-preview":"max-image-preview:large","max-video-preview":"max-video-preview:-1"},"canonical":"https:\/\/bolting.eu\/en\/shop\/doppel-chalkballs-austrialpin\/","og_locale":"en_US","og_type":"article","og_title":"Doppel Chalkballs Austrialpin","og_description":"Hier findet ihr die Doppel CHALKBALLS Austrialpin. Zwei 35 Gramm Magnesium B\u00e4lle mit feinem Kletterchalk f\u00fcr die Kletterhalle bzw. Kinder!","og_url":"https:\/\/bolting.eu\/en\/shop\/doppel-chalkballs-austrialpin\/","og_site_name":"bolting.eu","article_publisher":"https:\/\/www.facebook.com\/bolting.eu","article_modified_time":"2025-12-01T16:20:56+00:00","og_image":[{"width":700,"height":700,"url":"https:\/\/bolting.eu\/wp-content\/uploads\/2020\/03\/Dopplel-Chalkball-Austrialpin-2.jpg","type":"image\/jpeg"}],"twitter_card":"summary_large_image","twitter_misc":{"Price":"&euro;&nbsp;8,00","Availability":"In stock"},"schema":{"@context":"https:\/\/schema.org","@graph":[{"@type":["WebPage","ItemPage"],"@id":"https:\/\/bolting.eu\/en\/shop\/doppel-chalkballs-austrialpin\/","url":"https:\/\/bolting.eu\/en\/shop\/doppel-chalkballs-austrialpin\/","name":"Doppel Chalkballs Austrialpin: jetzt online kaufen bei bolting.eu","isPartOf":{"@id":"https:\/\/bolting.eu\/en\/#website"},"primaryImageOfPage":{"@id":"https:\/\/bolting.eu\/en\/shop\/doppel-chalkballs-austrialpin\/#primaryimage"},"image":{"@id":"https:\/\/bolting.eu\/en\/shop\/doppel-chalkballs-austrialpin\/#primaryimage"},"thumbnailUrl":"https:\/\/bolting.eu\/wp-content\/uploads\/2020\/03\/Dopplel-Chalkball-Austrialpin-2.jpg","datePublished":"2020-03-24T15:48:14+00:00","dateModified":"2025-12-01T16:20:56+00:00","description":"Hier findet ihr die Doppel CHALKBALLS Austrialpin. Zwei 35 Gramm Magnesium B\u00e4lle mit feinem Kletterchalk f\u00fcr die Kletterhalle bzw. Kinder!","breadcrumb":{"@id":"https:\/\/bolting.eu\/en\/shop\/doppel-chalkballs-austrialpin\/#breadcrumb"},"inLanguage":"en-US","potentialAction":[{"@type":"ReadAction","target":["https:\/\/bolting.eu\/en\/shop\/doppel-chalkballs-austrialpin\/"]}]},{"@type":"ImageObject","inLanguage":"en-US","@id":"https:\/\/bolting.eu\/en\/shop\/doppel-chalkballs-austrialpin\/#primaryimage","url":"https:\/\/bolting.eu\/wp-content\/uploads\/2020\/03\/Dopplel-Chalkball-Austrialpin-2.jpg","contentUrl":"https:\/\/bolting.eu\/wp-content\/uploads\/2020\/03\/Dopplel-Chalkball-Austrialpin-2.jpg","width":700,"height":700,"caption":"Das Bild zwei zwei Doppel Chalkballs Austrialpin nebeneinander. Man sieht jeweils die beiden zusammengepressten Enden des umh\u00fcllenden Gewebes."},{"@type":"BreadcrumbList","@id":"https:\/\/bolting.eu\/en\/shop\/doppel-chalkballs-austrialpin\/#breadcrumb","itemListElement":[{"@type":"ListItem","position":1,"name":"Shop","item":"https:\/\/bolting.eu\/en\/shop\/"},{"@type":"ListItem","position":2,"name":"climbing equipment","item":"https:\/\/bolting.eu\/en\/produkt-kategorie\/climbing-equipment\/"},{"@type":"ListItem","position":3,"name":"Chalk Klettern","item":"https:\/\/bolting.eu\/produkt-kategorie\/kletterausruestung\/chalk-klettern\/"},{"@type":"ListItem","position":4,"name":"Doppel Chalkballs Austrialpin"}]},{"@type":"WebSite","@id":"https:\/\/bolting.eu\/en\/#website","url":"https:\/\/bolting.eu\/en\/","name":"bolting.eu","description":"we make climbs happen","publisher":{"@id":"https:\/\/bolting.eu\/en\/#organization"},"potentialAction":[{"@type":"SearchAction","target":{"@type":"EntryPoint","urlTemplate":"https:\/\/bolting.eu\/en\/?s={search_term_string}"},"query-input":{"@type":"PropertyValueSpecification","valueRequired":true,"valueName":"search_term_string"}}],"inLanguage":"en-US"},{"@type":["Organization","Place","SportingGoodsStore"],"@id":"https:\/\/bolting.eu\/en\/#organization","name":"bolting.eu","url":"https:\/\/bolting.eu\/en\/","logo":{"@id":"https:\/\/bolting.eu\/en\/shop\/doppel-chalkballs-austrialpin\/#local-main-organization-logo"},"image":{"@id":"https:\/\/bolting.eu\/en\/shop\/doppel-chalkballs-austrialpin\/#local-main-organization-logo"},"sameAs":["https:\/\/www.facebook.com\/bolting.eu","https:\/\/www.instagram.com\/bolting.eu\/"],"address":{"@id":"https:\/\/bolting.eu\/en\/shop\/doppel-chalkballs-austrialpin\/#local-main-place-address"},"geo":{"@type":"GeoCoordinates","latitude":"47.264176340396226","longitude":"11.380109057672346"},"telephone":["+43 699 19083372"],"openingHoursSpecification":[{"@type":"OpeningHoursSpecification","dayOfWeek":["Monday","Wednesday","Friday"],"opens":"14:00","closes":"18:00"},{"@type":"OpeningHoursSpecification","dayOfWeek":["Tuesday","Thursday","Saturday","Sunday"],"opens":"00:00","closes":"00:00"}],"email":"office@bolting.eu","vatID":"ATU59999728","priceRange":"$$","currenciesAccepted":"Euro"},{"@type":"PostalAddress","@id":"https:\/\/bolting.eu\/en\/shop\/doppel-chalkballs-austrialpin\/#local-main-place-address","streetAddress":"Fischnalerstra\u00dfe 4","addressLocality":"Innsbruck","postalCode":"6020","addressRegion":"Tirol","addressCountry":"AT"},{"@type":"ImageObject","inLanguage":"en-US","@id":"https:\/\/bolting.eu\/en\/shop\/doppel-chalkballs-austrialpin\/#local-main-organization-logo","url":"https:\/\/bolting.eu\/wp-content\/uploads\/2019\/09\/bolting-logo.png","contentUrl":"https:\/\/bolting.eu\/wp-content\/uploads\/2019\/09\/bolting-logo.png","width":400,"height":211,"caption":"bolting.eu"}]},"product_price_amount":"8.00","product_price_currency":"EUR","og_availability":"instock","product_availability":"instock","product_retailer_item_id":"RT35CB","product_condition":"new","geo.placename":"Innsbruck","geo.position":{"lat":"47.264176340396226","long":"11.380109057672346"},"geo.region":"Austria"},"_links":{"self":[{"href":"https:\/\/bolting.eu\/en\/wp-json\/wp\/v2\/product\/2649","targetHints":{"allow":["GET"]}}],"collection":[{"href":"https:\/\/bolting.eu\/en\/wp-json\/wp\/v2\/product"}],"about":[{"href":"https:\/\/bolting.eu\/en\/wp-json\/wp\/v2\/types\/product"}],"replies":[{"embeddable":true,"href":"https:\/\/bolting.eu\/en\/wp-json\/wp\/v2\/comments?post=2649"}],"wp:featuredmedia":[{"embeddable":true,"href":"https:\/\/bolting.eu\/en\/wp-json\/wp\/v2\/media\/2623"}],"wp:attachment":[{"href":"https:\/\/bolting.eu\/en\/wp-json\/wp\/v2\/media?parent=2649"}],"wp:term":[{"taxonomy":"product_brand","embeddable":true,"href":"https:\/\/bolting.eu\/en\/wp-json\/wp\/v2\/product_brand?post=2649"},{"taxonomy":"product_cat","embeddable":true,"href":"https:\/\/bolting.eu\/en\/wp-json\/wp\/v2\/product_cat?post=2649"},{"taxonomy":"product_tag","embeddable":true,"href":"https:\/\/bolting.eu\/en\/wp-json\/wp\/v2\/product_tag?post=2649"}],"curies":[{"name":"wp","href":"https:\/\/api.w.org\/{rel}","templated":true}]}}