{"id":2648,"date":"2020-03-24T16:31:00","date_gmt":"2020-03-24T15:31:00","guid":{"rendered":"https:\/\/bolting.eu\/?post_type=product&#038;p=2648"},"modified":"2025-12-01T17:22:41","modified_gmt":"2025-12-01T16:22:41","slug":"chalkball-wiederbefuellbar-austrialpin","status":"publish","type":"product","link":"https:\/\/bolting.eu\/en\/shop\/chalkball-wiederbefuellbar-austrialpin\/","title":{"rendered":"Chalkball wiederbef\u00fcllbar Austrialpin"},"content":{"rendered":"<p>Der Chalkball wiederbef\u00fcllbar von Austrialpin ist ein hilfreicher, kleiner Kerl. Er ist mit 60 Gramm relativ feinem Kletterchalk gef\u00fcllt. Zudem wird in einem Plastikbeutel geliefert. Somit bleibt alles eine saubere Sache bis zum Verstauen im Chalkbag. Da es sich um reines Magnesium-Bicorbonat handelt ist er auch f\u00fcr Leute mit Allergien interessant. Denn es werden keinerlei Stoffe hinzugesetzt. Wer z.B. mit dem Super Chalk von Metolius oder anderen Marken Probleme hat. Voila!<\/p>\n<p>Wir empfehlen den Magnesium Ball vor allem f\u00fcr die Halle. Kinder haben mit kleineren B\u00e4llen mehr Freude. Deswegen empfehlen wir f\u00fcr sie auch die <a href=\"https:\/\/bolting.eu\/shop\/doppel-chalkballs-austrialpin\/\">Doppel Chalkb\u00e4lle<\/a>.<\/p>\n<h3>Eigenschaften Chalkball wiederbef\u00fcllbar Austrialpin<\/h3>\n<ul>\n<li>Hersteller: <a href=\"https:\/\/bolting.eu\/austrialpin\/\">Austrialpin<\/a><\/li>\n<li>Inhalt: reines Magnesium-Bicorbonat<\/li>\n<li>Beschaffenheit: relativ feines Chalk ohne Br\u00f6ckchen<\/li>\n<li>Gewicht: 70 Gramm<\/li>\n<li>Beutel: Kunststoff mit Tanka &#8211; wiederbef\u00fcllbar<\/li>\n<li>Einsatzgebiete: alle Kletterarten<\/li>\n<li>empfohlenes Magnesium f\u00fcr Bef\u00fcllung: Austrialpin Chalk<\/li>\n<\/ul>\n<h3>Chalkballs nachf\u00fcllen<\/h3>\n<p>Ihr wollt den Chalkball wiederbef\u00fcllbar neu beladen? Dann legt euch eine Packung relativ feines Chalk zu. Beispielsweise unser <a href=\"https:\/\/bolting.eu\/shop\/magnesium-klettern-packung-austrialpin\/\">Austrialpin Chalk<\/a>. Magnesia mit vielen gr\u00f6\u00dferen Brocken sind daf\u00fcr n\u00e4mlich schlecht geeignet. Unser Praxis Tipp lautet zudem. Macht Euch erstens aus einem Blatt Papier zuerst einen kleinen Trichter mit gro\u00dfer \u00d6ffnung. Dann st\u00fclpt zweitens den leeren Chalkball \u00fcber ein Glas passender Gr\u00f6\u00dfe. Drittens k\u00f6nnt ihr nun die Magnesium Klettern Packung mit dem Trichter in den Chalkball f\u00fcllen.<\/p>\n<p>Nat\u00fcrlich hilft es das im Freien zu tun. Oft ist das Wiederbef\u00fcllen eine ordentliche Patzerei!<\/p>\n<h3>Einsatz in der Kletterhalle<\/h3>\n<p>Der Chalkball wiederbef\u00fcllbar Austrialpin macht vor allem in der Kletterhalle eine gute Figur. Denn der Magnesiumball wirbelt im wahrsten Sinne des Wortes keinerlei Staub auf. Davon habt ihr selber etwas. Und nat\u00fcrlich auch alle anderen Halleng\u00e4ste. Einfach beim Chalken den Ball fest dr\u00fccken und schon bleibt das Magnesium an den Fingern h\u00e4ngen.<\/p>\n<h3>Einsatz Chalkball wiederbef\u00fcllbar Austrialpin beim Bouldern<\/h3>\n<p>Viele Boulderer geben einen Magnesiumball in ihr gro\u00dfes Boulder-Chalkbag. Denn mit dem Ball k\u00f6nnen sie Griffe und Tritte &#8220;abtupfen&#8221;. Das macht man beispielsweise wenn man diese trocknen will. Oder wenn man f\u00fcr den Durchstiegsversuch alle Griffe perfekt vorbereitet haben will.<\/p>\n<p>Nat\u00fcrlich kann man auch hier wieder seine Finger effektiv einchalken. Allerdings steht die Funktion des Griffe Pr\u00e4parierens klar im Vordergrund.<\/p>\n<h3>Chalkball wiederbef\u00fcllbar f\u00fcr Kinder<\/h3>\n<p>Der Magnesium Ball eignet sich speziell f\u00fcr Kinder. Denn wie bei allen anderen Magnesium B\u00e4llen ist es egal, wenn die Kleinen ihr Chalkbag unabsichtlich &#8220;ausleeren&#8221; Der Chalkball purzelt dann einfach heraus ohne einen Magnesiaberg zu hinterlassen. Zudem hilft der Ball den Kids das Magnesia gleichm\u00e4\u00dfig auf die Finger und die Hand zu verteilen. Denn den Ball zu dr\u00fccken ist leichter zu lernen als gef\u00fchlvoll loses Chalk nachzutanken!<\/p>\n<h3>Die Chalk \u201eEtikette\u201c<\/h3>\n<p>Es gibt immer mehr Kletterer und Boulderer die an den Fels gehen. Wir alle Chalken ganz ordentlich drauf los und deswegen sehen unsere geliebten Felsen nicht immer sch\u00f6n aus. Vom \u201especkig\u201c werden ganz abgesehen.<\/p>\n<p>Daher hat sich ein \u201egentlemen\u00b4s agreement\u201c in der Klettercomunity durchgesetzt. Eine simple Etikette ganz nach dem Motto f\u00fcr den Fels gut \u2013 f\u00fcr uns alle gut! Bitte beachte auch du diese einfachen Punkte wenn ihr da den Chalkball wiederbef\u00fcllbar Austrialpin verwendet.<\/p>\n<ul>\n<li>ben\u00fctze Chalk \u00fcberlegt und in Ma\u00dfen<\/li>\n<li>putze angechalkte Griffe wenn du schon dabei bist<\/li>\n<li>putze besonders jene Stellen beim Ablassen, wo du lange probiert hast<\/li>\n<li>versuche Tick Marks in Grenzen zu halten<\/li>\n<li>entferne deine n\u00f6tigen Tick Marks am Ende des Tages wieder<\/li>\n<li>beim Bouldern putzt bitte ordentlich den ganzen Block wenn ihr fertig seid<\/li>\n<\/ul>\n<p>Bei uns findest Du nat\u00fcrlich ein riesige Auswahl an <a href=\"https:\/\/bolting.eu\/produkt-kategorie\/boulderbuersten\/\">Boulderb\u00fcrsten<\/a> damit es keine Ausreden ehr gibt <img decoding=\"async\" class=\"emoji\" draggable=\"false\" src=\"https:\/\/s.w.org\/images\/core\/emoji\/12.0.0-1\/svg\/1f609.svg\" alt=\"\ud83d\ude09\" \/><\/p>\n<p>Link Tipp: Euren Chalkball k\u00f6nnt ihr gleich einmal in einem der <a href=\"https:\/\/maltatal.rocks\" target=\"_blank\" rel=\"noopener noreferrer\">besten Bouldergebiete von \u00d6sterreich<\/a> ausprobieren!<\/p>\n","protected":false},"excerpt":{"rendered":"<ul>\n<li>Hersteller: Austrialpin<\/li>\n<li>Inhalt: reines Magnesium-Bicorbonat<\/li>\n<li>Beschaffenheit: relativ feines Chalk ohne Br\u00f6ckchen<\/li>\n<li>Gewicht: 70 Gramm<\/li>\n<li>Beutel: Kunststoff mit Tanka &#8211; wiederbef\u00fcllbar<\/li>\n<li>Einsatzgebiete: alle Kletterarten<\/li>\n<li>empfohlenes Magnesium f\u00fcr Bef\u00fcllung: <a href=\"https:\/\/bolting.eu\/shop\/magnesium-klettern-packung-austrialpin\/\">Austrialpin Chalk<\/a><\/li>\n<\/ul>\n","protected":false},"featured_media":2620,"comment_status":"closed","ping_status":"closed","template":"","meta":[],"product_brand":[],"product_cat":[14819,5007,5284,15030],"product_tag":[],"class_list":{"0":"post-2648","1":"product","2":"type-product","3":"status-publish","4":"has-post-thumbnail","6":"product_cat-austrialpin-en","7":"product_cat-chalk-klettern","8":"product_cat-boulder-ausruestung","9":"product_cat-climbing-equipment","11":"first","12":"instock","13":"sale","14":"taxable","15":"shipping-taxable","16":"purchasable","17":"product-type-simple"},"yoast_head":"<!-- This site is optimized with the Yoast SEO Premium plugin v26.9 (Yoast SEO v26.9) - https:\/\/yoast.com\/product\/yoast-seo-premium-wordpress\/ -->\n<title>Chalkball wiederbef\u00fcllbar Austrialpin: jetzt online kaufen bei bolting.eu<\/title>\n<meta name=\"description\" content=\"Hier findet ihr den CHALKBALL WIEDERBEF\u00dcLLBAR Austrialpin. Einen 60 Gramm Magnesium Ball zum immer wieder neu bef\u00fcllen bei bolting.eu!\" \/>\n<meta name=\"robots\" content=\"index, follow, max-snippet:-1, max-image-preview:large, max-video-preview:-1\" \/>\n<link rel=\"canonical\" href=\"https:\/\/bolting.eu\/en\/shop\/chalkball-wiederbefuellbar-austrialpin\/\" \/>\n<meta property=\"og:locale\" content=\"en_US\" \/>\n<meta property=\"og:type\" content=\"article\" \/>\n<meta property=\"og:title\" content=\"Chalkball wiederbef\u00fcllbar Austrialpin\" \/>\n<meta property=\"og:description\" content=\"Hier findet ihr den CHALKBALL WIEDERBEF\u00dcLLBAR Austrialpin. Einen 60 Gramm Magnesium Ball zum immer wieder neu bef\u00fcllen bei bolting.eu!\" \/>\n<meta property=\"og:url\" content=\"https:\/\/bolting.eu\/en\/shop\/chalkball-wiederbefuellbar-austrialpin\/\" \/>\n<meta property=\"og:site_name\" content=\"bolting.eu\" \/>\n<meta property=\"article:publisher\" content=\"https:\/\/www.facebook.com\/bolting.eu\" \/>\n<meta property=\"article:modified_time\" content=\"2025-12-01T16:22:41+00:00\" \/>\n<meta property=\"og:image\" content=\"https:\/\/bolting.eu\/wp-content\/uploads\/2020\/03\/Austrialpin-wiederbefu\u0308llbarer-Chalkball-lose.jpg\" \/>\n\t<meta property=\"og:image:width\" content=\"520\" \/>\n\t<meta property=\"og:image:height\" content=\"520\" \/>\n\t<meta property=\"og:image:type\" content=\"image\/jpeg\" \/>\n<meta name=\"twitter:card\" content=\"summary_large_image\" \/>\n<meta name=\"twitter:label1\" content=\"Price\" \/>\n\t<meta name=\"twitter:data1\" content=\"&euro;&nbsp;9,00\" \/>\n\t<meta name=\"twitter:label2\" content=\"Availability\" \/>\n\t<meta name=\"twitter:data2\" content=\"In stock\" \/>\n<script type=\"application\/ld+json\" class=\"yoast-schema-graph\">{\"@context\":\"https:\/\/schema.org\",\"@graph\":[{\"@type\":[\"WebPage\",\"ItemPage\"],\"@id\":\"https:\/\/bolting.eu\/en\/shop\/chalkball-wiederbefuellbar-austrialpin\/\",\"url\":\"https:\/\/bolting.eu\/en\/shop\/chalkball-wiederbefuellbar-austrialpin\/\",\"name\":\"Chalkball wiederbef\u00fcllbar Austrialpin: jetzt online kaufen bei bolting.eu\",\"isPartOf\":{\"@id\":\"https:\/\/bolting.eu\/en\/#website\"},\"primaryImageOfPage\":{\"@id\":\"https:\/\/bolting.eu\/en\/shop\/chalkball-wiederbefuellbar-austrialpin\/#primaryimage\"},\"image\":{\"@id\":\"https:\/\/bolting.eu\/en\/shop\/chalkball-wiederbefuellbar-austrialpin\/#primaryimage\"},\"thumbnailUrl\":\"https:\/\/bolting.eu\/wp-content\/uploads\/2020\/03\/Austrialpin-wiederbefu\u0308llbarer-Chalkball-lose.jpg\",\"datePublished\":\"2020-03-24T15:31:00+00:00\",\"dateModified\":\"2025-12-01T16:22:41+00:00\",\"description\":\"Hier findet ihr den CHALKBALL WIEDERBEF\u00dcLLBAR Austrialpin. Einen 60 Gramm Magnesium Ball zum immer wieder neu bef\u00fcllen bei bolting.eu!\",\"breadcrumb\":{\"@id\":\"https:\/\/bolting.eu\/en\/shop\/chalkball-wiederbefuellbar-austrialpin\/#breadcrumb\"},\"inLanguage\":\"en-US\",\"potentialAction\":[{\"@type\":\"ReadAction\",\"target\":[\"https:\/\/bolting.eu\/en\/shop\/chalkball-wiederbefuellbar-austrialpin\/\"]}]},{\"@type\":\"ImageObject\",\"inLanguage\":\"en-US\",\"@id\":\"https:\/\/bolting.eu\/en\/shop\/chalkball-wiederbefuellbar-austrialpin\/#primaryimage\",\"url\":\"https:\/\/bolting.eu\/wp-content\/uploads\/2020\/03\/Austrialpin-wiederbefu\u0308llbarer-Chalkball-lose.jpg\",\"contentUrl\":\"https:\/\/bolting.eu\/wp-content\/uploads\/2020\/03\/Austrialpin-wiederbefu\u0308llbarer-Chalkball-lose.jpg\",\"width\":520,\"height\":520,\"caption\":\"Das Bild zeigt den Chalkball wiederbef\u00fcllbar Austrialpin. Einen Ball aus dichtem Kunststoffgewebe der mit Magnesium gef\u00fcllt ist. Er liegt in Bildmitte, das zusammengebundene Ende des Gewebes steht mit einem Tanka Verschluss und Schnur nach rechts.\"},{\"@type\":\"BreadcrumbList\",\"@id\":\"https:\/\/bolting.eu\/en\/shop\/chalkball-wiederbefuellbar-austrialpin\/#breadcrumb\",\"itemListElement\":[{\"@type\":\"ListItem\",\"position\":1,\"name\":\"Shop\",\"item\":\"https:\/\/bolting.eu\/en\/shop\/\"},{\"@type\":\"ListItem\",\"position\":2,\"name\":\"climbing equipment\",\"item\":\"https:\/\/bolting.eu\/en\/produkt-kategorie\/climbing-equipment\/\"},{\"@type\":\"ListItem\",\"position\":3,\"name\":\"Chalk Klettern\",\"item\":\"https:\/\/bolting.eu\/produkt-kategorie\/kletterausruestung\/chalk-klettern\/\"},{\"@type\":\"ListItem\",\"position\":4,\"name\":\"Chalkball wiederbef\u00fcllbar Austrialpin\"}]},{\"@type\":\"WebSite\",\"@id\":\"https:\/\/bolting.eu\/en\/#website\",\"url\":\"https:\/\/bolting.eu\/en\/\",\"name\":\"bolting.eu\",\"description\":\"we make climbs happen\",\"publisher\":{\"@id\":\"https:\/\/bolting.eu\/en\/#organization\"},\"potentialAction\":[{\"@type\":\"SearchAction\",\"target\":{\"@type\":\"EntryPoint\",\"urlTemplate\":\"https:\/\/bolting.eu\/en\/?s={search_term_string}\"},\"query-input\":{\"@type\":\"PropertyValueSpecification\",\"valueRequired\":true,\"valueName\":\"search_term_string\"}}],\"inLanguage\":\"en-US\"},{\"@type\":[\"Organization\",\"Place\",\"SportingGoodsStore\"],\"@id\":\"https:\/\/bolting.eu\/en\/#organization\",\"name\":\"bolting.eu\",\"url\":\"https:\/\/bolting.eu\/en\/\",\"logo\":{\"@id\":\"https:\/\/bolting.eu\/en\/shop\/chalkball-wiederbefuellbar-austrialpin\/#local-main-organization-logo\"},\"image\":{\"@id\":\"https:\/\/bolting.eu\/en\/shop\/chalkball-wiederbefuellbar-austrialpin\/#local-main-organization-logo\"},\"sameAs\":[\"https:\/\/www.facebook.com\/bolting.eu\",\"https:\/\/www.instagram.com\/bolting.eu\/\"],\"address\":{\"@id\":\"https:\/\/bolting.eu\/en\/shop\/chalkball-wiederbefuellbar-austrialpin\/#local-main-place-address\"},\"geo\":{\"@type\":\"GeoCoordinates\",\"latitude\":\"47.264176340396226\",\"longitude\":\"11.380109057672346\"},\"telephone\":[\"+43 699 19083372\"],\"openingHoursSpecification\":[{\"@type\":\"OpeningHoursSpecification\",\"dayOfWeek\":[\"Monday\",\"Wednesday\",\"Friday\"],\"opens\":\"14:00\",\"closes\":\"18:00\"},{\"@type\":\"OpeningHoursSpecification\",\"dayOfWeek\":[\"Tuesday\",\"Thursday\",\"Saturday\",\"Sunday\"],\"opens\":\"00:00\",\"closes\":\"00:00\"}],\"email\":\"office@bolting.eu\",\"vatID\":\"ATU59999728\",\"priceRange\":\"$$\",\"currenciesAccepted\":\"Euro\"},{\"@type\":\"PostalAddress\",\"@id\":\"https:\/\/bolting.eu\/en\/shop\/chalkball-wiederbefuellbar-austrialpin\/#local-main-place-address\",\"streetAddress\":\"Fischnalerstra\u00dfe 4\",\"addressLocality\":\"Innsbruck\",\"postalCode\":\"6020\",\"addressRegion\":\"Tirol\",\"addressCountry\":\"AT\"},{\"@type\":\"ImageObject\",\"inLanguage\":\"en-US\",\"@id\":\"https:\/\/bolting.eu\/en\/shop\/chalkball-wiederbefuellbar-austrialpin\/#local-main-organization-logo\",\"url\":\"https:\/\/bolting.eu\/wp-content\/uploads\/2019\/09\/bolting-logo.png\",\"contentUrl\":\"https:\/\/bolting.eu\/wp-content\/uploads\/2019\/09\/bolting-logo.png\",\"width\":400,\"height\":211,\"caption\":\"bolting.eu\"}]}<\/script>\n<meta property=\"product:price:amount\" content=\"9.00\" \/>\n<meta property=\"product:price:currency\" content=\"EUR\" \/>\n<meta property=\"og:availability\" content=\"instock\" \/>\n<meta property=\"product:availability\" content=\"instock\" \/>\n<meta property=\"product:retailer_item_id\" content=\"RT70RF\" \/>\n<meta property=\"product:condition\" content=\"new\" \/>\n<meta name=\"geo.placename\" content=\"Innsbruck\" \/>\n<meta name=\"geo.position\" content=\"47.264176340396226;11.380109057672346\" \/>\n<meta name=\"geo.region\" content=\"Austria\" \/>\n<!-- \/ Yoast SEO Premium plugin. -->","yoast_head_json":{"title":"Chalkball wiederbef\u00fcllbar Austrialpin: jetzt online kaufen bei bolting.eu","description":"Hier findet ihr den CHALKBALL WIEDERBEF\u00dcLLBAR Austrialpin. Einen 60 Gramm Magnesium Ball zum immer wieder neu bef\u00fcllen bei bolting.eu!","robots":{"index":"index","follow":"follow","max-snippet":"max-snippet:-1","max-image-preview":"max-image-preview:large","max-video-preview":"max-video-preview:-1"},"canonical":"https:\/\/bolting.eu\/en\/shop\/chalkball-wiederbefuellbar-austrialpin\/","og_locale":"en_US","og_type":"article","og_title":"Chalkball wiederbef\u00fcllbar Austrialpin","og_description":"Hier findet ihr den CHALKBALL WIEDERBEF\u00dcLLBAR Austrialpin. Einen 60 Gramm Magnesium Ball zum immer wieder neu bef\u00fcllen bei bolting.eu!","og_url":"https:\/\/bolting.eu\/en\/shop\/chalkball-wiederbefuellbar-austrialpin\/","og_site_name":"bolting.eu","article_publisher":"https:\/\/www.facebook.com\/bolting.eu","article_modified_time":"2025-12-01T16:22:41+00:00","og_image":[{"width":520,"height":520,"url":"https:\/\/bolting.eu\/wp-content\/uploads\/2020\/03\/Austrialpin-wiederbefu\u0308llbarer-Chalkball-lose.jpg","type":"image\/jpeg"}],"twitter_card":"summary_large_image","twitter_misc":{"Price":"&euro;&nbsp;9,00","Availability":"In stock"},"schema":{"@context":"https:\/\/schema.org","@graph":[{"@type":["WebPage","ItemPage"],"@id":"https:\/\/bolting.eu\/en\/shop\/chalkball-wiederbefuellbar-austrialpin\/","url":"https:\/\/bolting.eu\/en\/shop\/chalkball-wiederbefuellbar-austrialpin\/","name":"Chalkball wiederbef\u00fcllbar Austrialpin: jetzt online kaufen bei bolting.eu","isPartOf":{"@id":"https:\/\/bolting.eu\/en\/#website"},"primaryImageOfPage":{"@id":"https:\/\/bolting.eu\/en\/shop\/chalkball-wiederbefuellbar-austrialpin\/#primaryimage"},"image":{"@id":"https:\/\/bolting.eu\/en\/shop\/chalkball-wiederbefuellbar-austrialpin\/#primaryimage"},"thumbnailUrl":"https:\/\/bolting.eu\/wp-content\/uploads\/2020\/03\/Austrialpin-wiederbefu\u0308llbarer-Chalkball-lose.jpg","datePublished":"2020-03-24T15:31:00+00:00","dateModified":"2025-12-01T16:22:41+00:00","description":"Hier findet ihr den CHALKBALL WIEDERBEF\u00dcLLBAR Austrialpin. Einen 60 Gramm Magnesium Ball zum immer wieder neu bef\u00fcllen bei bolting.eu!","breadcrumb":{"@id":"https:\/\/bolting.eu\/en\/shop\/chalkball-wiederbefuellbar-austrialpin\/#breadcrumb"},"inLanguage":"en-US","potentialAction":[{"@type":"ReadAction","target":["https:\/\/bolting.eu\/en\/shop\/chalkball-wiederbefuellbar-austrialpin\/"]}]},{"@type":"ImageObject","inLanguage":"en-US","@id":"https:\/\/bolting.eu\/en\/shop\/chalkball-wiederbefuellbar-austrialpin\/#primaryimage","url":"https:\/\/bolting.eu\/wp-content\/uploads\/2020\/03\/Austrialpin-wiederbefu\u0308llbarer-Chalkball-lose.jpg","contentUrl":"https:\/\/bolting.eu\/wp-content\/uploads\/2020\/03\/Austrialpin-wiederbefu\u0308llbarer-Chalkball-lose.jpg","width":520,"height":520,"caption":"Das Bild zeigt den Chalkball wiederbef\u00fcllbar Austrialpin. Einen Ball aus dichtem Kunststoffgewebe der mit Magnesium gef\u00fcllt ist. Er liegt in Bildmitte, das zusammengebundene Ende des Gewebes steht mit einem Tanka Verschluss und Schnur nach rechts."},{"@type":"BreadcrumbList","@id":"https:\/\/bolting.eu\/en\/shop\/chalkball-wiederbefuellbar-austrialpin\/#breadcrumb","itemListElement":[{"@type":"ListItem","position":1,"name":"Shop","item":"https:\/\/bolting.eu\/en\/shop\/"},{"@type":"ListItem","position":2,"name":"climbing equipment","item":"https:\/\/bolting.eu\/en\/produkt-kategorie\/climbing-equipment\/"},{"@type":"ListItem","position":3,"name":"Chalk Klettern","item":"https:\/\/bolting.eu\/produkt-kategorie\/kletterausruestung\/chalk-klettern\/"},{"@type":"ListItem","position":4,"name":"Chalkball wiederbef\u00fcllbar Austrialpin"}]},{"@type":"WebSite","@id":"https:\/\/bolting.eu\/en\/#website","url":"https:\/\/bolting.eu\/en\/","name":"bolting.eu","description":"we make climbs happen","publisher":{"@id":"https:\/\/bolting.eu\/en\/#organization"},"potentialAction":[{"@type":"SearchAction","target":{"@type":"EntryPoint","urlTemplate":"https:\/\/bolting.eu\/en\/?s={search_term_string}"},"query-input":{"@type":"PropertyValueSpecification","valueRequired":true,"valueName":"search_term_string"}}],"inLanguage":"en-US"},{"@type":["Organization","Place","SportingGoodsStore"],"@id":"https:\/\/bolting.eu\/en\/#organization","name":"bolting.eu","url":"https:\/\/bolting.eu\/en\/","logo":{"@id":"https:\/\/bolting.eu\/en\/shop\/chalkball-wiederbefuellbar-austrialpin\/#local-main-organization-logo"},"image":{"@id":"https:\/\/bolting.eu\/en\/shop\/chalkball-wiederbefuellbar-austrialpin\/#local-main-organization-logo"},"sameAs":["https:\/\/www.facebook.com\/bolting.eu","https:\/\/www.instagram.com\/bolting.eu\/"],"address":{"@id":"https:\/\/bolting.eu\/en\/shop\/chalkball-wiederbefuellbar-austrialpin\/#local-main-place-address"},"geo":{"@type":"GeoCoordinates","latitude":"47.264176340396226","longitude":"11.380109057672346"},"telephone":["+43 699 19083372"],"openingHoursSpecification":[{"@type":"OpeningHoursSpecification","dayOfWeek":["Monday","Wednesday","Friday"],"opens":"14:00","closes":"18:00"},{"@type":"OpeningHoursSpecification","dayOfWeek":["Tuesday","Thursday","Saturday","Sunday"],"opens":"00:00","closes":"00:00"}],"email":"office@bolting.eu","vatID":"ATU59999728","priceRange":"$$","currenciesAccepted":"Euro"},{"@type":"PostalAddress","@id":"https:\/\/bolting.eu\/en\/shop\/chalkball-wiederbefuellbar-austrialpin\/#local-main-place-address","streetAddress":"Fischnalerstra\u00dfe 4","addressLocality":"Innsbruck","postalCode":"6020","addressRegion":"Tirol","addressCountry":"AT"},{"@type":"ImageObject","inLanguage":"en-US","@id":"https:\/\/bolting.eu\/en\/shop\/chalkball-wiederbefuellbar-austrialpin\/#local-main-organization-logo","url":"https:\/\/bolting.eu\/wp-content\/uploads\/2019\/09\/bolting-logo.png","contentUrl":"https:\/\/bolting.eu\/wp-content\/uploads\/2019\/09\/bolting-logo.png","width":400,"height":211,"caption":"bolting.eu"}]},"product_price_amount":"9.00","product_price_currency":"EUR","og_availability":"instock","product_availability":"instock","product_retailer_item_id":"RT70RF","product_condition":"new","geo.placename":"Innsbruck","geo.position":{"lat":"47.264176340396226","long":"11.380109057672346"},"geo.region":"Austria"},"_links":{"self":[{"href":"https:\/\/bolting.eu\/en\/wp-json\/wp\/v2\/product\/2648","targetHints":{"allow":["GET"]}}],"collection":[{"href":"https:\/\/bolting.eu\/en\/wp-json\/wp\/v2\/product"}],"about":[{"href":"https:\/\/bolting.eu\/en\/wp-json\/wp\/v2\/types\/product"}],"replies":[{"embeddable":true,"href":"https:\/\/bolting.eu\/en\/wp-json\/wp\/v2\/comments?post=2648"}],"wp:featuredmedia":[{"embeddable":true,"href":"https:\/\/bolting.eu\/en\/wp-json\/wp\/v2\/media\/2620"}],"wp:attachment":[{"href":"https:\/\/bolting.eu\/en\/wp-json\/wp\/v2\/media?parent=2648"}],"wp:term":[{"taxonomy":"product_brand","embeddable":true,"href":"https:\/\/bolting.eu\/en\/wp-json\/wp\/v2\/product_brand?post=2648"},{"taxonomy":"product_cat","embeddable":true,"href":"https:\/\/bolting.eu\/en\/wp-json\/wp\/v2\/product_cat?post=2648"},{"taxonomy":"product_tag","embeddable":true,"href":"https:\/\/bolting.eu\/en\/wp-json\/wp\/v2\/product_tag?post=2648"}],"curies":[{"name":"wp","href":"https:\/\/api.w.org\/{rel}","templated":true}]}}