{"id":2646,"date":"2020-03-24T15:57:28","date_gmt":"2020-03-24T14:57:28","guid":{"rendered":"https:\/\/bolting.eu\/?post_type=product&#038;p=2646"},"modified":"2025-12-05T15:33:11","modified_gmt":"2025-12-05T14:33:11","slug":"chalkball-austrialpin","status":"publish","type":"product","link":"https:\/\/bolting.eu\/en\/shop\/chalkball-austrialpin\/","title":{"rendered":"Chalkball Austrialpin"},"content":{"rendered":"<p>Der Chalkball Austrialpin ist ein hilfreicher, kleiner Kerl. Er ist mit 60 Gramm relativ feinem Kletterchalk gef\u00fcllt. Er wird in einem Plastikbeutel geliefert. Somit bleibt alles eine saubere Sache bis zum Verstauen im Chalkbag. Da es sich um reines Magnesium-Bicorbonat handelt ist er auch f\u00fcr Leute mit Allergien interessant. Denn es werden keinerlei Stoffe hinzugesetzt. Wer z.B. mit dem Super Chalk von Metolius oder anderen Marken Probleme hat. Voila!<\/p>\n<p>Wir empfehlen den Magnesium Ball vor allem f\u00fcr die Halle und f\u00fcr Kinder.<\/p>\n<h3>Eigenschaften Chalkball Austrialpin<\/h3>\n<ul>\n<li>Hersteller: <a href=\"https:\/\/bolting.eu\/austrialpin\/\">Austrialpin<\/a><\/li>\n<li>Inhalt: reines Magnesium-Bicorbonat<\/li>\n<li>Beschaffenheit: relativ feines Chalk ohne Br\u00f6ckchen<\/li>\n<li>Gewicht: 60 Gramm<\/li>\n<li>Beutel: Kunststoff &#8211; recyclebar<\/li>\n<li>Einsatzgebiete: alle Kletterarten<\/li>\n<\/ul>\n<h3>Einsatz in der Kletterhalle<\/h3>\n<p>Der Chalkball Austrialpin macht vor allem in der Kletterhalle eine gute Figur. Denn der Magnesiumball wirbelt im wahrsten Sinne des Wortes keinerlei Staub auf. Davon habt ihr selber etwas. Und nat\u00fcrlich auch alle anderen Halleng\u00e4ste. Einfach beim Chalken den Ball fest dr\u00fccken und schon bleibt das Magnesium an den Fingern h\u00e4ngen.<\/p>\n<h3>Einsatz Chalkball Austrialpin beim Bouldern<\/h3>\n<p>Viele Boulderer geben einen Magnesiumball in ihr gro\u00dfes Boulder-Chalkbag. Denn mit dem Ball k\u00f6nnen sie Griffe und Tritte &#8220;abtupfen&#8221;. Das macht man beispielsweise wenn man diese trocknen will. Oder wenn man f\u00fcr den Durchstiegsversuch alle Griffe perfekt vorbereitet haben will.<\/p>\n<p>Nat\u00fcrlich kann man auch hier wieder seine Finger effektiv einchalken. Allerdings steht die Funktion des Griffe Pr\u00e4parierens klar im Vordergrund.<\/p>\n<h3>Chalkballs f\u00fcr Kinder<\/h3>\n<p>Der Chalkball Austrialpin eignet sich speziell f\u00fcr Kinder. Denn wie bei allen anderen Magnesium B\u00e4llen ist es egal, wenn die Kleinen ihr Chalkbag unabsichtlich &#8220;ausleeren&#8221; Der Chalkball purzelt dann einfach heraus ohne einen Magnesiaberg zu hinterlassen. Zudem hilft der Ball den Kids das Magnesia gleichm\u00e4\u00dfig auf die Finger und die Hand zu verteilen. Denn den Ball zu dr\u00fccken ist leichter zu lernen als gef\u00fchlvoll loses Chalk nachzutanken!<\/p>\n<h3>Die Chalk \u201eEtikette\u201c<\/h3>\n<p>Es gibt immer mehr Kletterer und Boulderer die an den Fels gehen. Wir alle Chalken ganz ordentlich drauf los und deswegen sehen unsere geliebten Felsen nicht immer sch\u00f6n aus. Vom \u201especkig\u201c werden ganz abgesehen.<\/p>\n<p>Daher hat sich ein \u201egentlemen\u00b4s agreement\u201c in der Klettercomunity durchgesetzt. Eine simple Etikette ganz nach dem Motto f\u00fcr den Fels gut \u2013 f\u00fcr uns alle gut! Bitte beachte auch du diese einfachen Punkte wenn ihr da den Chalkball Austrialpin verwendet.<\/p>\n<ul>\n<li>ben\u00fctze Chalk \u00fcberlegt und in Ma\u00dfen<\/li>\n<li>putze angechalkte Griffe wenn du schon dabei bist<\/li>\n<li>putze besonders jene Stellen beim Ablassen, wo du lange probiert hast<\/li>\n<li>versuche Tick Marks in Grenzen zu halten<\/li>\n<li>entferne deine n\u00f6tigen Tick Marks am Ende des Tages wieder<\/li>\n<li>beim Bouldern putzt bitte ordentlich den ganzen Block wenn ihr fertig seid<\/li>\n<\/ul>\n<p>Bei uns findest Du nat\u00fcrlich ein riesige Auswahl an <a href=\"https:\/\/bolting.eu\/produkt-kategorie\/boulderbuersten\/\">Boulderb\u00fcrsten<\/a> damit es keine Ausreden ehr gibt <img decoding=\"async\" class=\"emoji\" draggable=\"false\" src=\"https:\/\/s.w.org\/images\/core\/emoji\/12.0.0-1\/svg\/1f609.svg\" alt=\"\ud83d\ude09\" \/><\/p>\n<p>Link Tipp: Euren Chalkball Austrialpin k\u00f6nnt ihr gleich einmal in einem der <a href=\"https:\/\/maltatal.rocks\" target=\"_blank\" rel=\"noopener noreferrer\">besten Bouldergebiete von \u00d6sterreich<\/a> ausprobieren!<\/p>\n","protected":false},"excerpt":{"rendered":"<p>60 Gramm Chalkball f\u00fcr alle Kletteraktivit\u00e4ten, Gymnastik, usw&#8230;.<\/p>\n<p>Der Beutel ist als Kunststoff recyclebar.<\/p>\n<p>Versandkostenfrei bis 2kg in <img decoding=\"async\" class=\"emoji\" role=\"img\" draggable=\"false\" src=\"https:\/\/s.w.org\/images\/core\/emoji\/14.0.0\/svg\/1f1e6-1f1f9.svg\" alt=\"\ud83c\udde6\ud83c\uddf9\" \/> ab \u20ac 100,- und <img decoding=\"async\" class=\"emoji\" role=\"img\" draggable=\"false\" src=\"https:\/\/s.w.org\/images\/core\/emoji\/14.0.0\/svg\/1f1e9-1f1ea.svg\" alt=\"\ud83c\udde9\ud83c\uddea\" \/> ab \u20ac 200,-!<\/p>\n","protected":false},"featured_media":2619,"comment_status":"closed","ping_status":"closed","template":"","meta":[],"product_brand":[],"product_cat":[5284,15030,14819,5007],"product_tag":[],"class_list":{"0":"post-2646","1":"product","2":"type-product","3":"status-publish","4":"has-post-thumbnail","6":"product_cat-boulder-ausruestung","7":"product_cat-climbing-equipment","8":"product_cat-austrialpin-en","9":"product_cat-chalk-klettern","11":"first","12":"instock","13":"taxable","14":"shipping-taxable","15":"purchasable","16":"product-type-simple"},"yoast_head":"<!-- This site is optimized with the Yoast SEO Premium plugin v26.9 (Yoast SEO v26.9) - https:\/\/yoast.com\/product\/yoast-seo-premium-wordpress\/ -->\n<title>Chalkball Austrialpin - 60 Gramm: jetzt online kaufen bei bolting.eu<\/title>\n<meta name=\"description\" content=\"CHALKBALL Austrialpin beim Kletterprofi kaufen \u2705 Trusted Shop \u2705 kostenloser Versand* \u2705 14 Tage R\u00fcckgaberecht \u2705 Co2 neutrale Zustellung\" \/>\n<meta name=\"robots\" content=\"index, follow, max-snippet:-1, max-image-preview:large, max-video-preview:-1\" \/>\n<link rel=\"canonical\" href=\"https:\/\/bolting.eu\/en\/shop\/chalkball-austrialpin\/\" \/>\n<meta property=\"og:locale\" content=\"en_US\" \/>\n<meta property=\"og:type\" content=\"article\" \/>\n<meta property=\"og:title\" content=\"Chalkball Austrialpin\" \/>\n<meta property=\"og:description\" content=\"CHALKBALL Austrialpin beim Kletterprofi kaufen \u2705 Trusted Shop \u2705 kostenloser Versand* \u2705 14 Tage R\u00fcckgaberecht \u2705 Co2 neutrale Zustellung\" \/>\n<meta property=\"og:url\" content=\"https:\/\/bolting.eu\/en\/shop\/chalkball-austrialpin\/\" \/>\n<meta property=\"og:site_name\" content=\"bolting.eu\" \/>\n<meta property=\"article:publisher\" content=\"https:\/\/www.facebook.com\/bolting.eu\" \/>\n<meta property=\"article:modified_time\" content=\"2025-12-05T14:33:11+00:00\" \/>\n<meta property=\"og:image\" content=\"https:\/\/bolting.eu\/wp-content\/uploads\/2020\/03\/Austrialpin-Chalkball-2.jpg\" \/>\n\t<meta property=\"og:image:width\" content=\"700\" \/>\n\t<meta property=\"og:image:height\" content=\"700\" \/>\n\t<meta property=\"og:image:type\" content=\"image\/jpeg\" \/>\n<meta name=\"twitter:card\" content=\"summary_large_image\" \/>\n<meta name=\"twitter:label1\" content=\"Price\" \/>\n\t<meta name=\"twitter:data1\" content=\"&euro;&nbsp;4,90\" \/>\n\t<meta name=\"twitter:label2\" content=\"Availability\" \/>\n\t<meta name=\"twitter:data2\" content=\"In stock\" \/>\n<script type=\"application\/ld+json\" class=\"yoast-schema-graph\">{\"@context\":\"https:\/\/schema.org\",\"@graph\":[{\"@type\":[\"WebPage\",\"ItemPage\"],\"@id\":\"https:\/\/bolting.eu\/en\/shop\/chalkball-austrialpin\/\",\"url\":\"https:\/\/bolting.eu\/en\/shop\/chalkball-austrialpin\/\",\"name\":\"Chalkball Austrialpin - 60 Gramm: jetzt online kaufen bei bolting.eu\",\"isPartOf\":{\"@id\":\"https:\/\/bolting.eu\/en\/#website\"},\"primaryImageOfPage\":{\"@id\":\"https:\/\/bolting.eu\/en\/shop\/chalkball-austrialpin\/#primaryimage\"},\"image\":{\"@id\":\"https:\/\/bolting.eu\/en\/shop\/chalkball-austrialpin\/#primaryimage\"},\"thumbnailUrl\":\"https:\/\/bolting.eu\/wp-content\/uploads\/2020\/03\/Austrialpin-Chalkball-2.jpg\",\"datePublished\":\"2020-03-24T14:57:28+00:00\",\"dateModified\":\"2025-12-05T14:33:11+00:00\",\"description\":\"CHALKBALL Austrialpin beim Kletterprofi kaufen \u2705 Trusted Shop \u2705 kostenloser Versand* \u2705 14 Tage R\u00fcckgaberecht \u2705 Co2 neutrale Zustellung\",\"breadcrumb\":{\"@id\":\"https:\/\/bolting.eu\/en\/shop\/chalkball-austrialpin\/#breadcrumb\"},\"inLanguage\":\"en-US\",\"potentialAction\":[{\"@type\":\"ReadAction\",\"target\":[\"https:\/\/bolting.eu\/en\/shop\/chalkball-austrialpin\/\"]}]},{\"@type\":\"ImageObject\",\"inLanguage\":\"en-US\",\"@id\":\"https:\/\/bolting.eu\/en\/shop\/chalkball-austrialpin\/#primaryimage\",\"url\":\"https:\/\/bolting.eu\/wp-content\/uploads\/2020\/03\/Austrialpin-Chalkball-2.jpg\",\"contentUrl\":\"https:\/\/bolting.eu\/wp-content\/uploads\/2020\/03\/Austrialpin-Chalkball-2.jpg\",\"width\":700,\"height\":700,\"caption\":\"Das Bild zeigt den Chalkball Austrialpin. Einen Ball aus dichtem Kunststoffgewebe der mit MAgnesium gef\u00fcllt ist. Er liegt in Bildmitte, das zusammengebundene Ende des Gewebes steht nach oben.\"},{\"@type\":\"BreadcrumbList\",\"@id\":\"https:\/\/bolting.eu\/en\/shop\/chalkball-austrialpin\/#breadcrumb\",\"itemListElement\":[{\"@type\":\"ListItem\",\"position\":1,\"name\":\"Shop\",\"item\":\"https:\/\/bolting.eu\/en\/shop\/\"},{\"@type\":\"ListItem\",\"position\":2,\"name\":\"climbing equipment\",\"item\":\"https:\/\/bolting.eu\/en\/produkt-kategorie\/climbing-equipment\/\"},{\"@type\":\"ListItem\",\"position\":3,\"name\":\"Chalk Klettern\",\"item\":\"https:\/\/bolting.eu\/produkt-kategorie\/kletterausruestung\/chalk-klettern\/\"},{\"@type\":\"ListItem\",\"position\":4,\"name\":\"Chalkball Austrialpin\"}]},{\"@type\":\"WebSite\",\"@id\":\"https:\/\/bolting.eu\/en\/#website\",\"url\":\"https:\/\/bolting.eu\/en\/\",\"name\":\"bolting.eu\",\"description\":\"we make climbs happen\",\"publisher\":{\"@id\":\"https:\/\/bolting.eu\/en\/#organization\"},\"potentialAction\":[{\"@type\":\"SearchAction\",\"target\":{\"@type\":\"EntryPoint\",\"urlTemplate\":\"https:\/\/bolting.eu\/en\/?s={search_term_string}\"},\"query-input\":{\"@type\":\"PropertyValueSpecification\",\"valueRequired\":true,\"valueName\":\"search_term_string\"}}],\"inLanguage\":\"en-US\"},{\"@type\":[\"Organization\",\"Place\",\"SportingGoodsStore\"],\"@id\":\"https:\/\/bolting.eu\/en\/#organization\",\"name\":\"bolting.eu\",\"url\":\"https:\/\/bolting.eu\/en\/\",\"logo\":{\"@id\":\"https:\/\/bolting.eu\/en\/shop\/chalkball-austrialpin\/#local-main-organization-logo\"},\"image\":{\"@id\":\"https:\/\/bolting.eu\/en\/shop\/chalkball-austrialpin\/#local-main-organization-logo\"},\"sameAs\":[\"https:\/\/www.facebook.com\/bolting.eu\",\"https:\/\/www.instagram.com\/bolting.eu\/\"],\"address\":{\"@id\":\"https:\/\/bolting.eu\/en\/shop\/chalkball-austrialpin\/#local-main-place-address\"},\"geo\":{\"@type\":\"GeoCoordinates\",\"latitude\":\"47.264176340396226\",\"longitude\":\"11.380109057672346\"},\"telephone\":[\"+43 699 19083372\"],\"openingHoursSpecification\":[{\"@type\":\"OpeningHoursSpecification\",\"dayOfWeek\":[\"Monday\",\"Wednesday\",\"Friday\"],\"opens\":\"14:00\",\"closes\":\"18:00\"},{\"@type\":\"OpeningHoursSpecification\",\"dayOfWeek\":[\"Tuesday\",\"Thursday\",\"Saturday\",\"Sunday\"],\"opens\":\"00:00\",\"closes\":\"00:00\"}],\"email\":\"office@bolting.eu\",\"vatID\":\"ATU59999728\",\"priceRange\":\"$$\",\"currenciesAccepted\":\"Euro\"},{\"@type\":\"PostalAddress\",\"@id\":\"https:\/\/bolting.eu\/en\/shop\/chalkball-austrialpin\/#local-main-place-address\",\"streetAddress\":\"Fischnalerstra\u00dfe 4\",\"addressLocality\":\"Innsbruck\",\"postalCode\":\"6020\",\"addressRegion\":\"Tirol\",\"addressCountry\":\"AT\"},{\"@type\":\"ImageObject\",\"inLanguage\":\"en-US\",\"@id\":\"https:\/\/bolting.eu\/en\/shop\/chalkball-austrialpin\/#local-main-organization-logo\",\"url\":\"https:\/\/bolting.eu\/wp-content\/uploads\/2019\/09\/bolting-logo.png\",\"contentUrl\":\"https:\/\/bolting.eu\/wp-content\/uploads\/2019\/09\/bolting-logo.png\",\"width\":400,\"height\":211,\"caption\":\"bolting.eu\"}]}<\/script>\n<meta property=\"product:price:amount\" content=\"4.90\" \/>\n<meta property=\"product:price:currency\" content=\"EUR\" \/>\n<meta property=\"og:availability\" content=\"instock\" \/>\n<meta property=\"product:availability\" content=\"instock\" \/>\n<meta property=\"product:retailer_item_id\" content=\"RT60CB\" \/>\n<meta property=\"product:condition\" content=\"new\" \/>\n<meta name=\"geo.placename\" content=\"Innsbruck\" \/>\n<meta name=\"geo.position\" content=\"47.264176340396226;11.380109057672346\" \/>\n<meta name=\"geo.region\" content=\"Austria\" \/>\n<!-- \/ Yoast SEO Premium plugin. -->","yoast_head_json":{"title":"Chalkball Austrialpin - 60 Gramm: jetzt online kaufen bei bolting.eu","description":"CHALKBALL Austrialpin beim Kletterprofi kaufen \u2705 Trusted Shop \u2705 kostenloser Versand* \u2705 14 Tage R\u00fcckgaberecht \u2705 Co2 neutrale Zustellung","robots":{"index":"index","follow":"follow","max-snippet":"max-snippet:-1","max-image-preview":"max-image-preview:large","max-video-preview":"max-video-preview:-1"},"canonical":"https:\/\/bolting.eu\/en\/shop\/chalkball-austrialpin\/","og_locale":"en_US","og_type":"article","og_title":"Chalkball Austrialpin","og_description":"CHALKBALL Austrialpin beim Kletterprofi kaufen \u2705 Trusted Shop \u2705 kostenloser Versand* \u2705 14 Tage R\u00fcckgaberecht \u2705 Co2 neutrale Zustellung","og_url":"https:\/\/bolting.eu\/en\/shop\/chalkball-austrialpin\/","og_site_name":"bolting.eu","article_publisher":"https:\/\/www.facebook.com\/bolting.eu","article_modified_time":"2025-12-05T14:33:11+00:00","og_image":[{"width":700,"height":700,"url":"https:\/\/bolting.eu\/wp-content\/uploads\/2020\/03\/Austrialpin-Chalkball-2.jpg","type":"image\/jpeg"}],"twitter_card":"summary_large_image","twitter_misc":{"Price":"&euro;&nbsp;4,90","Availability":"In stock"},"schema":{"@context":"https:\/\/schema.org","@graph":[{"@type":["WebPage","ItemPage"],"@id":"https:\/\/bolting.eu\/en\/shop\/chalkball-austrialpin\/","url":"https:\/\/bolting.eu\/en\/shop\/chalkball-austrialpin\/","name":"Chalkball Austrialpin - 60 Gramm: jetzt online kaufen bei bolting.eu","isPartOf":{"@id":"https:\/\/bolting.eu\/en\/#website"},"primaryImageOfPage":{"@id":"https:\/\/bolting.eu\/en\/shop\/chalkball-austrialpin\/#primaryimage"},"image":{"@id":"https:\/\/bolting.eu\/en\/shop\/chalkball-austrialpin\/#primaryimage"},"thumbnailUrl":"https:\/\/bolting.eu\/wp-content\/uploads\/2020\/03\/Austrialpin-Chalkball-2.jpg","datePublished":"2020-03-24T14:57:28+00:00","dateModified":"2025-12-05T14:33:11+00:00","description":"CHALKBALL Austrialpin beim Kletterprofi kaufen \u2705 Trusted Shop \u2705 kostenloser Versand* \u2705 14 Tage R\u00fcckgaberecht \u2705 Co2 neutrale Zustellung","breadcrumb":{"@id":"https:\/\/bolting.eu\/en\/shop\/chalkball-austrialpin\/#breadcrumb"},"inLanguage":"en-US","potentialAction":[{"@type":"ReadAction","target":["https:\/\/bolting.eu\/en\/shop\/chalkball-austrialpin\/"]}]},{"@type":"ImageObject","inLanguage":"en-US","@id":"https:\/\/bolting.eu\/en\/shop\/chalkball-austrialpin\/#primaryimage","url":"https:\/\/bolting.eu\/wp-content\/uploads\/2020\/03\/Austrialpin-Chalkball-2.jpg","contentUrl":"https:\/\/bolting.eu\/wp-content\/uploads\/2020\/03\/Austrialpin-Chalkball-2.jpg","width":700,"height":700,"caption":"Das Bild zeigt den Chalkball Austrialpin. Einen Ball aus dichtem Kunststoffgewebe der mit MAgnesium gef\u00fcllt ist. Er liegt in Bildmitte, das zusammengebundene Ende des Gewebes steht nach oben."},{"@type":"BreadcrumbList","@id":"https:\/\/bolting.eu\/en\/shop\/chalkball-austrialpin\/#breadcrumb","itemListElement":[{"@type":"ListItem","position":1,"name":"Shop","item":"https:\/\/bolting.eu\/en\/shop\/"},{"@type":"ListItem","position":2,"name":"climbing equipment","item":"https:\/\/bolting.eu\/en\/produkt-kategorie\/climbing-equipment\/"},{"@type":"ListItem","position":3,"name":"Chalk Klettern","item":"https:\/\/bolting.eu\/produkt-kategorie\/kletterausruestung\/chalk-klettern\/"},{"@type":"ListItem","position":4,"name":"Chalkball Austrialpin"}]},{"@type":"WebSite","@id":"https:\/\/bolting.eu\/en\/#website","url":"https:\/\/bolting.eu\/en\/","name":"bolting.eu","description":"we make climbs happen","publisher":{"@id":"https:\/\/bolting.eu\/en\/#organization"},"potentialAction":[{"@type":"SearchAction","target":{"@type":"EntryPoint","urlTemplate":"https:\/\/bolting.eu\/en\/?s={search_term_string}"},"query-input":{"@type":"PropertyValueSpecification","valueRequired":true,"valueName":"search_term_string"}}],"inLanguage":"en-US"},{"@type":["Organization","Place","SportingGoodsStore"],"@id":"https:\/\/bolting.eu\/en\/#organization","name":"bolting.eu","url":"https:\/\/bolting.eu\/en\/","logo":{"@id":"https:\/\/bolting.eu\/en\/shop\/chalkball-austrialpin\/#local-main-organization-logo"},"image":{"@id":"https:\/\/bolting.eu\/en\/shop\/chalkball-austrialpin\/#local-main-organization-logo"},"sameAs":["https:\/\/www.facebook.com\/bolting.eu","https:\/\/www.instagram.com\/bolting.eu\/"],"address":{"@id":"https:\/\/bolting.eu\/en\/shop\/chalkball-austrialpin\/#local-main-place-address"},"geo":{"@type":"GeoCoordinates","latitude":"47.264176340396226","longitude":"11.380109057672346"},"telephone":["+43 699 19083372"],"openingHoursSpecification":[{"@type":"OpeningHoursSpecification","dayOfWeek":["Monday","Wednesday","Friday"],"opens":"14:00","closes":"18:00"},{"@type":"OpeningHoursSpecification","dayOfWeek":["Tuesday","Thursday","Saturday","Sunday"],"opens":"00:00","closes":"00:00"}],"email":"office@bolting.eu","vatID":"ATU59999728","priceRange":"$$","currenciesAccepted":"Euro"},{"@type":"PostalAddress","@id":"https:\/\/bolting.eu\/en\/shop\/chalkball-austrialpin\/#local-main-place-address","streetAddress":"Fischnalerstra\u00dfe 4","addressLocality":"Innsbruck","postalCode":"6020","addressRegion":"Tirol","addressCountry":"AT"},{"@type":"ImageObject","inLanguage":"en-US","@id":"https:\/\/bolting.eu\/en\/shop\/chalkball-austrialpin\/#local-main-organization-logo","url":"https:\/\/bolting.eu\/wp-content\/uploads\/2019\/09\/bolting-logo.png","contentUrl":"https:\/\/bolting.eu\/wp-content\/uploads\/2019\/09\/bolting-logo.png","width":400,"height":211,"caption":"bolting.eu"}]},"product_price_amount":"4.90","product_price_currency":"EUR","og_availability":"instock","product_availability":"instock","product_retailer_item_id":"RT60CB","product_condition":"new","geo.placename":"Innsbruck","geo.position":{"lat":"47.264176340396226","long":"11.380109057672346"},"geo.region":"Austria"},"_links":{"self":[{"href":"https:\/\/bolting.eu\/en\/wp-json\/wp\/v2\/product\/2646","targetHints":{"allow":["GET"]}}],"collection":[{"href":"https:\/\/bolting.eu\/en\/wp-json\/wp\/v2\/product"}],"about":[{"href":"https:\/\/bolting.eu\/en\/wp-json\/wp\/v2\/types\/product"}],"replies":[{"embeddable":true,"href":"https:\/\/bolting.eu\/en\/wp-json\/wp\/v2\/comments?post=2646"}],"wp:featuredmedia":[{"embeddable":true,"href":"https:\/\/bolting.eu\/en\/wp-json\/wp\/v2\/media\/2619"}],"wp:attachment":[{"href":"https:\/\/bolting.eu\/en\/wp-json\/wp\/v2\/media?parent=2646"}],"wp:term":[{"taxonomy":"product_brand","embeddable":true,"href":"https:\/\/bolting.eu\/en\/wp-json\/wp\/v2\/product_brand?post=2646"},{"taxonomy":"product_cat","embeddable":true,"href":"https:\/\/bolting.eu\/en\/wp-json\/wp\/v2\/product_cat?post=2646"},{"taxonomy":"product_tag","embeddable":true,"href":"https:\/\/bolting.eu\/en\/wp-json\/wp\/v2\/product_tag?post=2646"}],"curies":[{"name":"wp","href":"https:\/\/api.w.org\/{rel}","templated":true}]}}