{"id":2644,"date":"2020-03-24T15:38:41","date_gmt":"2020-03-24T14:38:41","guid":{"rendered":"https:\/\/bolting.eu\/?post_type=product&#038;p=2644"},"modified":"2026-02-27T18:26:59","modified_gmt":"2026-02-27T17:26:59","slug":"austrialpin-chalk-chalker","status":"publish","type":"product","link":"https:\/\/bolting.eu\/en\/shop\/austrialpin-chalk-chalker\/","title":{"rendered":"Austrialpin Chalk Chalker 300 Gramm"},"content":{"rendered":"<p>Das Austrialpin Chalk ist ein relativ feines Kletterchalk. Es wird in einem 300 Gramm geliefert der wiederverschlie\u00dfbar ist. Dieses Kletterchalk kann f\u00fcr alle Kletterdisziplinen verwendet werden. Da es sich um reines Magnesium-Bicorbonat handelt ist es auch f\u00fcr Leute mit Allergien interessant. Denn es werden keinerlei Stoffe hinzugesetzt. Wer z.B. mit dem Super Chalk von Metolius oder anderen Marken Probleme hat. Voila!<\/p>\n<p>Wir empfehlen die Chalk Packung sodass man immer etwas Reserve daheim hat. Denn Magnesium geh\u00f6rt zu jedem Kletterzubeh\u00f6r wie <a href=\"https:\/\/bolting.eu\/shop\/fingertape-gruen-austrialpin\/\">Fingertape<\/a>, <a href=\"https:\/\/bolting.eu\/shop\/brosse-frixion-plus-boulderbuerste-ibbz\/\">Boulderb\u00fcrste<\/a> und ein <a href=\"https:\/\/bolting.eu\/shop\/power-putty-fingertrainer-klettern-austrialpin\/\">Power Putty<\/a>.<\/p>\n<h3>Eigenschaften Austrialpin Chalk<\/h3>\n<ul>\n<li>Hersteller: <a href=\"https:\/\/bolting.eu\/austrialpin\/\">Austrialpin<\/a><\/li>\n<li>Inhalt: reines Magnesium-Bicorbonat<\/li>\n<li>Beschaffenheit: relativ feines Chalk ohne Br\u00f6ckchen<\/li>\n<li>Gewicht: 300 Gramm<\/li>\n<li>Beutel: Kunststoff &#8211; wiederverschlie\u00dfbar<\/li>\n<li>Einsatzgebiete: alle Kletterarten<\/li>\n<li>ideal zum Nachladen des Chalkball wiederbef\u00fcllbar Austrialpin<\/li>\n<\/ul>\n<h3>Feines Chalk<\/h3>\n<p>Das Austrialpin Chalk beinhaltet wie bereits erw\u00e4hnt sehr feines Pulver. Folglich m\u00fcsst ihr schauen, ob Euch dieser Chalk Typ zusagt. Denn mit dem lockeren Magnesium kommen nicht alle gleich gut zurecht. Manche lieben es. Manche hassen es.<\/p>\n<p>Wir wollen euch nat\u00fcrlich unsere subjektiven Erfahrungen mitteilen. Erstens ist feines Kletterchalk umso besser, je rauher der Fels ist. Zudem muss man bei feinem Chalk aufpassen, nicht zuviel auf den Fingern zu haben. Weniger ist mehr bei lockerem Magnesium.<\/p>\n<p>Mit diesem Chalk ist das Markieren von Tritten und Griffen leider nicht so gut m\u00f6glich. Denn es fehlen die Br\u00f6ckchen mit denen man die &#8220;tick marks&#8221; machen kann. Ein klarer Nachteil finden wir. Ebenso bleiben im Chalkbag &#8211; wenn es merklich leerer wird &#8211; viele kleine, sehr harte Magesiumteilchen. Irgendwann kann man damit leider nicht mehr gescheit chalken.<\/p>\n<h3>Chalkballs mit Austrialpin Chalk nachf\u00fcllen<\/h3>\n<p>Ihr wollt <a href=\"https:\/\/bolting.eu\/shop\/chalkball-wiederbefuellbar-austrialpin\/\">wiederbf\u00fcllbare Chalk Balls<\/a> neu beladen? Dann seid ihr mit diesem Kletterchalk perfekt ausgestattet. Unser Praxis Tipp lautet. Macht Euch erstens aus einem Blatt Papier zuerst einen kleinen Trichter mit gro\u00dfer \u00d6ffnung. Dann st\u00fclpt zweitens den leeren Chalkball \u00fcber ein Glas passender Gr\u00f6\u00dfe. Drittens k\u00f6nnt ihr nun die Magnesium Klettern Packung mit dem Trichter in den Chalkball f\u00fcllen.<\/p>\n<p>Nat\u00fcrlich hilft es das im Freien zu tun. Oft ist das Wiederbef\u00fcllen eine ordentliche Patzerei!<\/p>\n<h3>Die Chalk \u201eEtikette\u201c<\/h3>\n<p>Es gibt immer mehr Kletterer und Boulderer die an den Fels gehen. Wir alle Chalken ganz ordentlich drauf los und deswegen sehen unsere geliebten Felsen nicht immer sch\u00f6n aus. Vom \u201especkig\u201c werden ganz abgesehen.<\/p>\n<p>Daher hat sich ein \u201egentlemen\u00b4s agreement\u201c in der Klettercomunity durchgesetzt. Eine simple Etikette ganz nach dem Motto f\u00fcr den Fels gut \u2013 f\u00fcr uns alle gut! Bitte beachte auch du diese einfachen Punkte wenn ihr da das Austrialpin Chalk Chalker 300 Gramm verwendet.<\/p>\n<ul>\n<li>ben\u00fctze Chalk \u00fcberlegt und in Ma\u00dfen<\/li>\n<li>putze angechalkte Griffe wenn du schon dabei bist<\/li>\n<li>putze besonders jene Stellen beim Ablassen, wo du lange probiert hast<\/li>\n<li>versuche Tick Marks in Grenzen zu halten<\/li>\n<li>entferne deine n\u00f6tigen Tick Marks am Ende des Tages wieder<\/li>\n<li>beim Bouldern putzt bitte ordentlich den ganzen Block wenn ihr fertig seid<\/li>\n<\/ul>\n<p>Bei uns findest Du nat\u00fcrlich ein riesige Auswahl an <a href=\"https:\/\/bolting.eu\/produkt-kategorie\/boulderbuersten\/\">Boulderb\u00fcrsten<\/a> damit es keine Ausreden ehr gibt <img decoding=\"async\" class=\"emoji\" draggable=\"false\" src=\"https:\/\/s.w.org\/images\/core\/emoji\/12.0.0-1\/svg\/1f609.svg\" alt=\"\ud83d\ude09\" \/><\/p>\n<p>Link Tipp: Euer Austrialpin Chalk k\u00f6nnt ihr gleich einmal in einem der <a href=\"https:\/\/maltatal.rocks\" target=\"_blank\" rel=\"noopener noreferrer\">besten Bouldergebiete von \u00d6sterreich<\/a> ausprobieren!<\/p>\n","protected":false},"excerpt":{"rendered":"<ul>\n<li>Hersteller: <a href=\"https:\/\/bolting.eu\/austrialpin\/\">Austrialpin<\/a><\/li>\n<li>Inhalt: reines Magnesium-Bicorbonat<\/li>\n<li>Beschaffenheit: relativ feines Chalk ohne Br\u00f6ckchen<\/li>\n<li>Gewicht: 300 Gramm<\/li>\n<li>Beutel: Kunststoff &#8211; wiederverschlie\u00dfbar<\/li>\n<li>Einsatzgebiete: alle Kletterarten<\/li>\n<\/ul>\n","protected":false},"featured_media":2629,"comment_status":"closed","ping_status":"closed","template":"","meta":[],"product_brand":[],"product_cat":[29,4649,5007,5284],"product_tag":[],"class_list":{"0":"post-2644","1":"product","2":"type-product","3":"status-publish","4":"has-post-thumbnail","6":"product_cat-kletterausruestung","7":"product_cat-austrialpin","8":"product_cat-chalk-klettern","9":"product_cat-boulder-ausruestung","11":"first","12":"instock","13":"taxable","14":"shipping-taxable","15":"purchasable","16":"product-type-simple"},"yoast_head":"<!-- This site is optimized with the Yoast SEO Premium plugin v26.9 (Yoast SEO v26.9) - https:\/\/yoast.com\/product\/yoast-seo-premium-wordpress\/ -->\n<title>Austrialpin Chalk Chalker 300 Gramm: online kaufen bei bolting.eu<\/title>\n<meta name=\"description\" content=\"Hier findet ihr das Austrialpin Chalk &quot;Chalker&quot;. Eine 300 Gramm Packung sehr feines Kletterchalk in wiederverschlie\u00dfbarem Beutel!\" \/>\n<meta name=\"robots\" content=\"index, follow, max-snippet:-1, max-image-preview:large, max-video-preview:-1\" \/>\n<link rel=\"canonical\" href=\"https:\/\/bolting.eu\/en\/shop\/austrialpin-chalk-chalker\/\" \/>\n<meta property=\"og:locale\" content=\"en_US\" \/>\n<meta property=\"og:type\" content=\"article\" \/>\n<meta property=\"og:title\" content=\"Austrialpin Chalk Chalker 300 Gramm\" \/>\n<meta property=\"og:description\" content=\"Hier findet ihr das Austrialpin Chalk &quot;Chalker&quot;. Eine 300 Gramm Packung sehr feines Kletterchalk in wiederverschlie\u00dfbarem Beutel!\" \/>\n<meta property=\"og:url\" content=\"https:\/\/bolting.eu\/en\/shop\/austrialpin-chalk-chalker\/\" \/>\n<meta property=\"og:site_name\" content=\"bolting.eu\" \/>\n<meta property=\"article:publisher\" content=\"https:\/\/www.facebook.com\/bolting.eu\" \/>\n<meta property=\"article:modified_time\" content=\"2026-02-27T17:26:59+00:00\" \/>\n<meta property=\"og:image\" content=\"https:\/\/bolting.eu\/wp-content\/uploads\/2020\/03\/MAgnesium-Klettern-Austrialpin-300Gramm.jpg\" \/>\n\t<meta property=\"og:image:width\" content=\"700\" \/>\n\t<meta property=\"og:image:height\" content=\"700\" \/>\n\t<meta property=\"og:image:type\" content=\"image\/jpeg\" \/>\n<meta name=\"twitter:card\" content=\"summary_large_image\" \/>\n<meta name=\"twitter:label1\" content=\"Price\" \/>\n\t<meta name=\"twitter:data1\" content=\"&euro;&nbsp;12,50\" \/>\n\t<meta name=\"twitter:label2\" content=\"Availability\" \/>\n\t<meta name=\"twitter:data2\" content=\"In stock\" \/>\n<script type=\"application\/ld+json\" class=\"yoast-schema-graph\">{\"@context\":\"https:\/\/schema.org\",\"@graph\":[{\"@type\":[\"WebPage\",\"ItemPage\"],\"@id\":\"https:\/\/bolting.eu\/en\/shop\/austrialpin-chalk-chalker\/\",\"url\":\"https:\/\/bolting.eu\/en\/shop\/austrialpin-chalk-chalker\/\",\"name\":\"Austrialpin Chalk Chalker 300 Gramm: online kaufen bei bolting.eu\",\"isPartOf\":{\"@id\":\"https:\/\/bolting.eu\/en\/#website\"},\"primaryImageOfPage\":{\"@id\":\"https:\/\/bolting.eu\/en\/shop\/austrialpin-chalk-chalker\/#primaryimage\"},\"image\":{\"@id\":\"https:\/\/bolting.eu\/en\/shop\/austrialpin-chalk-chalker\/#primaryimage\"},\"thumbnailUrl\":\"https:\/\/bolting.eu\/wp-content\/uploads\/2020\/03\/MAgnesium-Klettern-Austrialpin-300Gramm.jpg\",\"datePublished\":\"2020-03-24T14:38:41+00:00\",\"dateModified\":\"2026-02-27T17:26:59+00:00\",\"description\":\"Hier findet ihr das Austrialpin Chalk \\\"Chalker\\\". Eine 300 Gramm Packung sehr feines Kletterchalk in wiederverschlie\u00dfbarem Beutel!\",\"breadcrumb\":{\"@id\":\"https:\/\/bolting.eu\/en\/shop\/austrialpin-chalk-chalker\/#breadcrumb\"},\"inLanguage\":\"en-US\",\"potentialAction\":[{\"@type\":\"ReadAction\",\"target\":[\"https:\/\/bolting.eu\/en\/shop\/austrialpin-chalk-chalker\/\"]}]},{\"@type\":\"ImageObject\",\"inLanguage\":\"en-US\",\"@id\":\"https:\/\/bolting.eu\/en\/shop\/austrialpin-chalk-chalker\/#primaryimage\",\"url\":\"https:\/\/bolting.eu\/wp-content\/uploads\/2020\/03\/MAgnesium-Klettern-Austrialpin-300Gramm.jpg\",\"contentUrl\":\"https:\/\/bolting.eu\/wp-content\/uploads\/2020\/03\/MAgnesium-Klettern-Austrialpin-300Gramm.jpg\",\"width\":700,\"height\":700,\"caption\":\"Das Bild zeigt eine Austrialpin Chalk Packung. Der schwarze Beutel ist von vorne zu sehen. Man erkennt deutlich den Joker miz denwei\u00dfen H\u00e4nden und den Schriftzug The Chalker.\"},{\"@type\":\"BreadcrumbList\",\"@id\":\"https:\/\/bolting.eu\/en\/shop\/austrialpin-chalk-chalker\/#breadcrumb\",\"itemListElement\":[{\"@type\":\"ListItem\",\"position\":1,\"name\":\"Shop\",\"item\":\"https:\/\/bolting.eu\/en\/shop\/\"},{\"@type\":\"ListItem\",\"position\":2,\"name\":\"climbing equipment\",\"item\":\"https:\/\/bolting.eu\/en\/produkt-kategorie\/climbing-equipment\/\"},{\"@type\":\"ListItem\",\"position\":3,\"name\":\"Chalk Klettern\",\"item\":\"https:\/\/bolting.eu\/produkt-kategorie\/kletterausruestung\/chalk-klettern\/\"},{\"@type\":\"ListItem\",\"position\":4,\"name\":\"Austrialpin Chalk Chalker 300 Gramm\"}]},{\"@type\":\"WebSite\",\"@id\":\"https:\/\/bolting.eu\/en\/#website\",\"url\":\"https:\/\/bolting.eu\/en\/\",\"name\":\"bolting.eu\",\"description\":\"we make climbs happen\",\"publisher\":{\"@id\":\"https:\/\/bolting.eu\/en\/#organization\"},\"potentialAction\":[{\"@type\":\"SearchAction\",\"target\":{\"@type\":\"EntryPoint\",\"urlTemplate\":\"https:\/\/bolting.eu\/en\/?s={search_term_string}\"},\"query-input\":{\"@type\":\"PropertyValueSpecification\",\"valueRequired\":true,\"valueName\":\"search_term_string\"}}],\"inLanguage\":\"en-US\"},{\"@type\":[\"Organization\",\"Place\",\"SportingGoodsStore\"],\"@id\":\"https:\/\/bolting.eu\/en\/#organization\",\"name\":\"bolting.eu\",\"url\":\"https:\/\/bolting.eu\/en\/\",\"logo\":{\"@id\":\"https:\/\/bolting.eu\/en\/shop\/austrialpin-chalk-chalker\/#local-main-organization-logo\"},\"image\":{\"@id\":\"https:\/\/bolting.eu\/en\/shop\/austrialpin-chalk-chalker\/#local-main-organization-logo\"},\"sameAs\":[\"https:\/\/www.facebook.com\/bolting.eu\",\"https:\/\/www.instagram.com\/bolting.eu\/\"],\"address\":{\"@id\":\"https:\/\/bolting.eu\/en\/shop\/austrialpin-chalk-chalker\/#local-main-place-address\"},\"geo\":{\"@type\":\"GeoCoordinates\",\"latitude\":\"47.264176340396226\",\"longitude\":\"11.380109057672346\"},\"telephone\":[\"+43 699 19083372\"],\"openingHoursSpecification\":[{\"@type\":\"OpeningHoursSpecification\",\"dayOfWeek\":[\"Monday\",\"Wednesday\",\"Friday\"],\"opens\":\"14:00\",\"closes\":\"18:00\"},{\"@type\":\"OpeningHoursSpecification\",\"dayOfWeek\":[\"Tuesday\",\"Thursday\",\"Saturday\",\"Sunday\"],\"opens\":\"00:00\",\"closes\":\"00:00\"}],\"email\":\"office@bolting.eu\",\"vatID\":\"ATU59999728\",\"priceRange\":\"$$\",\"currenciesAccepted\":\"Euro\"},{\"@type\":\"PostalAddress\",\"@id\":\"https:\/\/bolting.eu\/en\/shop\/austrialpin-chalk-chalker\/#local-main-place-address\",\"streetAddress\":\"Fischnalerstra\u00dfe 4\",\"addressLocality\":\"Innsbruck\",\"postalCode\":\"6020\",\"addressRegion\":\"Tirol\",\"addressCountry\":\"AT\"},{\"@type\":\"ImageObject\",\"inLanguage\":\"en-US\",\"@id\":\"https:\/\/bolting.eu\/en\/shop\/austrialpin-chalk-chalker\/#local-main-organization-logo\",\"url\":\"https:\/\/bolting.eu\/wp-content\/uploads\/2019\/09\/bolting-logo.png\",\"contentUrl\":\"https:\/\/bolting.eu\/wp-content\/uploads\/2019\/09\/bolting-logo.png\",\"width\":400,\"height\":211,\"caption\":\"bolting.eu\"}]}<\/script>\n<meta property=\"product:price:amount\" content=\"12.50\" \/>\n<meta property=\"product:price:currency\" content=\"EUR\" \/>\n<meta property=\"og:availability\" content=\"instock\" \/>\n<meta property=\"product:availability\" content=\"instock\" \/>\n<meta property=\"product:retailer_item_id\" content=\"RT30CP\" \/>\n<meta property=\"product:condition\" content=\"new\" \/>\n<meta name=\"geo.placename\" content=\"Innsbruck\" \/>\n<meta name=\"geo.position\" content=\"47.264176340396226;11.380109057672346\" \/>\n<meta name=\"geo.region\" content=\"Austria\" \/>\n<!-- \/ Yoast SEO Premium plugin. -->","yoast_head_json":{"title":"Austrialpin Chalk Chalker 300 Gramm: online kaufen bei bolting.eu","description":"Hier findet ihr das Austrialpin Chalk \"Chalker\". Eine 300 Gramm Packung sehr feines Kletterchalk in wiederverschlie\u00dfbarem Beutel!","robots":{"index":"index","follow":"follow","max-snippet":"max-snippet:-1","max-image-preview":"max-image-preview:large","max-video-preview":"max-video-preview:-1"},"canonical":"https:\/\/bolting.eu\/en\/shop\/austrialpin-chalk-chalker\/","og_locale":"en_US","og_type":"article","og_title":"Austrialpin Chalk Chalker 300 Gramm","og_description":"Hier findet ihr das Austrialpin Chalk \"Chalker\". Eine 300 Gramm Packung sehr feines Kletterchalk in wiederverschlie\u00dfbarem Beutel!","og_url":"https:\/\/bolting.eu\/en\/shop\/austrialpin-chalk-chalker\/","og_site_name":"bolting.eu","article_publisher":"https:\/\/www.facebook.com\/bolting.eu","article_modified_time":"2026-02-27T17:26:59+00:00","og_image":[{"width":700,"height":700,"url":"https:\/\/bolting.eu\/wp-content\/uploads\/2020\/03\/MAgnesium-Klettern-Austrialpin-300Gramm.jpg","type":"image\/jpeg"}],"twitter_card":"summary_large_image","twitter_misc":{"Price":"&euro;&nbsp;12,50","Availability":"In stock"},"schema":{"@context":"https:\/\/schema.org","@graph":[{"@type":["WebPage","ItemPage"],"@id":"https:\/\/bolting.eu\/en\/shop\/austrialpin-chalk-chalker\/","url":"https:\/\/bolting.eu\/en\/shop\/austrialpin-chalk-chalker\/","name":"Austrialpin Chalk Chalker 300 Gramm: online kaufen bei bolting.eu","isPartOf":{"@id":"https:\/\/bolting.eu\/en\/#website"},"primaryImageOfPage":{"@id":"https:\/\/bolting.eu\/en\/shop\/austrialpin-chalk-chalker\/#primaryimage"},"image":{"@id":"https:\/\/bolting.eu\/en\/shop\/austrialpin-chalk-chalker\/#primaryimage"},"thumbnailUrl":"https:\/\/bolting.eu\/wp-content\/uploads\/2020\/03\/MAgnesium-Klettern-Austrialpin-300Gramm.jpg","datePublished":"2020-03-24T14:38:41+00:00","dateModified":"2026-02-27T17:26:59+00:00","description":"Hier findet ihr das Austrialpin Chalk \"Chalker\". Eine 300 Gramm Packung sehr feines Kletterchalk in wiederverschlie\u00dfbarem Beutel!","breadcrumb":{"@id":"https:\/\/bolting.eu\/en\/shop\/austrialpin-chalk-chalker\/#breadcrumb"},"inLanguage":"en-US","potentialAction":[{"@type":"ReadAction","target":["https:\/\/bolting.eu\/en\/shop\/austrialpin-chalk-chalker\/"]}]},{"@type":"ImageObject","inLanguage":"en-US","@id":"https:\/\/bolting.eu\/en\/shop\/austrialpin-chalk-chalker\/#primaryimage","url":"https:\/\/bolting.eu\/wp-content\/uploads\/2020\/03\/MAgnesium-Klettern-Austrialpin-300Gramm.jpg","contentUrl":"https:\/\/bolting.eu\/wp-content\/uploads\/2020\/03\/MAgnesium-Klettern-Austrialpin-300Gramm.jpg","width":700,"height":700,"caption":"Das Bild zeigt eine Austrialpin Chalk Packung. Der schwarze Beutel ist von vorne zu sehen. Man erkennt deutlich den Joker miz denwei\u00dfen H\u00e4nden und den Schriftzug The Chalker."},{"@type":"BreadcrumbList","@id":"https:\/\/bolting.eu\/en\/shop\/austrialpin-chalk-chalker\/#breadcrumb","itemListElement":[{"@type":"ListItem","position":1,"name":"Shop","item":"https:\/\/bolting.eu\/en\/shop\/"},{"@type":"ListItem","position":2,"name":"climbing equipment","item":"https:\/\/bolting.eu\/en\/produkt-kategorie\/climbing-equipment\/"},{"@type":"ListItem","position":3,"name":"Chalk Klettern","item":"https:\/\/bolting.eu\/produkt-kategorie\/kletterausruestung\/chalk-klettern\/"},{"@type":"ListItem","position":4,"name":"Austrialpin Chalk Chalker 300 Gramm"}]},{"@type":"WebSite","@id":"https:\/\/bolting.eu\/en\/#website","url":"https:\/\/bolting.eu\/en\/","name":"bolting.eu","description":"we make climbs happen","publisher":{"@id":"https:\/\/bolting.eu\/en\/#organization"},"potentialAction":[{"@type":"SearchAction","target":{"@type":"EntryPoint","urlTemplate":"https:\/\/bolting.eu\/en\/?s={search_term_string}"},"query-input":{"@type":"PropertyValueSpecification","valueRequired":true,"valueName":"search_term_string"}}],"inLanguage":"en-US"},{"@type":["Organization","Place","SportingGoodsStore"],"@id":"https:\/\/bolting.eu\/en\/#organization","name":"bolting.eu","url":"https:\/\/bolting.eu\/en\/","logo":{"@id":"https:\/\/bolting.eu\/en\/shop\/austrialpin-chalk-chalker\/#local-main-organization-logo"},"image":{"@id":"https:\/\/bolting.eu\/en\/shop\/austrialpin-chalk-chalker\/#local-main-organization-logo"},"sameAs":["https:\/\/www.facebook.com\/bolting.eu","https:\/\/www.instagram.com\/bolting.eu\/"],"address":{"@id":"https:\/\/bolting.eu\/en\/shop\/austrialpin-chalk-chalker\/#local-main-place-address"},"geo":{"@type":"GeoCoordinates","latitude":"47.264176340396226","longitude":"11.380109057672346"},"telephone":["+43 699 19083372"],"openingHoursSpecification":[{"@type":"OpeningHoursSpecification","dayOfWeek":["Monday","Wednesday","Friday"],"opens":"14:00","closes":"18:00"},{"@type":"OpeningHoursSpecification","dayOfWeek":["Tuesday","Thursday","Saturday","Sunday"],"opens":"00:00","closes":"00:00"}],"email":"office@bolting.eu","vatID":"ATU59999728","priceRange":"$$","currenciesAccepted":"Euro"},{"@type":"PostalAddress","@id":"https:\/\/bolting.eu\/en\/shop\/austrialpin-chalk-chalker\/#local-main-place-address","streetAddress":"Fischnalerstra\u00dfe 4","addressLocality":"Innsbruck","postalCode":"6020","addressRegion":"Tirol","addressCountry":"AT"},{"@type":"ImageObject","inLanguage":"en-US","@id":"https:\/\/bolting.eu\/en\/shop\/austrialpin-chalk-chalker\/#local-main-organization-logo","url":"https:\/\/bolting.eu\/wp-content\/uploads\/2019\/09\/bolting-logo.png","contentUrl":"https:\/\/bolting.eu\/wp-content\/uploads\/2019\/09\/bolting-logo.png","width":400,"height":211,"caption":"bolting.eu"}]},"product_price_amount":"12.50","product_price_currency":"EUR","og_availability":"instock","product_availability":"instock","product_retailer_item_id":"RT30CP","product_condition":"new","geo.placename":"Innsbruck","geo.position":{"lat":"47.264176340396226","long":"11.380109057672346"},"geo.region":"Austria"},"_links":{"self":[{"href":"https:\/\/bolting.eu\/en\/wp-json\/wp\/v2\/product\/2644","targetHints":{"allow":["GET"]}}],"collection":[{"href":"https:\/\/bolting.eu\/en\/wp-json\/wp\/v2\/product"}],"about":[{"href":"https:\/\/bolting.eu\/en\/wp-json\/wp\/v2\/types\/product"}],"replies":[{"embeddable":true,"href":"https:\/\/bolting.eu\/en\/wp-json\/wp\/v2\/comments?post=2644"}],"wp:featuredmedia":[{"embeddable":true,"href":"https:\/\/bolting.eu\/en\/wp-json\/wp\/v2\/media\/2629"}],"wp:attachment":[{"href":"https:\/\/bolting.eu\/en\/wp-json\/wp\/v2\/media?parent=2644"}],"wp:term":[{"taxonomy":"product_brand","embeddable":true,"href":"https:\/\/bolting.eu\/en\/wp-json\/wp\/v2\/product_brand?post=2644"},{"taxonomy":"product_cat","embeddable":true,"href":"https:\/\/bolting.eu\/en\/wp-json\/wp\/v2\/product_cat?post=2644"},{"taxonomy":"product_tag","embeddable":true,"href":"https:\/\/bolting.eu\/en\/wp-json\/wp\/v2\/product_tag?post=2644"}],"curies":[{"name":"wp","href":"https:\/\/api.w.org\/{rel}","templated":true}]}}