{"id":2640,"date":"2020-03-24T14:54:54","date_gmt":"2020-03-24T13:54:54","guid":{"rendered":"https:\/\/bolting.eu\/?post_type=product&#038;p=2640"},"modified":"2025-01-24T16:04:48","modified_gmt":"2025-01-24T15:04:48","slug":"power-putty-fingertrainer-klettern-austrialpin","status":"publish","type":"product","link":"https:\/\/bolting.eu\/en\/shop\/power-putty-fingertrainer-klettern-austrialpin\/","title":{"rendered":"Power Putty &#8211; Fingertrainer Klettern Austrialpin"},"content":{"rendered":"<p>Der Power Putty ist eine Therapie Knete von <a href=\"https:\/\/bolting.eu\/austrialpin\/\">Austrialpin<\/a>. Die Knetmasse f\u00fcr Finger ist ein hilfreicher Begleiter beim Klettern. Denn einerseits hilft Euch das Kneten der geligen Masse beim Aufw\u00e4rmen. Beispielsweise schon am Zustieg. Und andererseits ist der Putty ideal f\u00fcr alle Arten von Physiotherapie. z.B. sanftes Kneten nach Ringbandverletzungen. Ein Putty sollte wie <a href=\"https:\/\/bolting.eu\/shop\/fingertape-gruen-austrialpin\/\">Fingertape<\/a> und <a href=\"https:\/\/bolting.eu\/shop\/brosse-frixion-boulderbuerste-ibbz\/\">Griffb\u00fcrste<\/a> in jeder Kletterausr\u00fcstung dabei sein!<\/p>\n<p>Die Knetmasse hat einige coole Eigenschaften. Erstens kann man die Finger je nach ihrer Kraft individuell einsetzen. Anders als Ger\u00e4te zum Dr\u00fccken ist der Widerstand frei w\u00e4hlbar. Zweitens haftet die Masse sehr gut ineinander. D.h. auch nach oftmaligem Kneten hat man eine Kugel die nicht auseinanderf\u00e4llt. Drittens wird der &#8220;Fingertainer Klettern&#8221; in einer Kunststoff Dose geliefert. Dort kann man ihn hygienisch aufbewahren. Zudem kann man den Putty somit immer im Kletterrucksack mitnehmen!<\/p>\n<h3>Eigenschaften Power Putty &#8211; Fingertrainer Klettern Austrialpin<\/h3>\n<ul>\n<li>Hersteller: Austrialpin<\/li>\n<li>Widerstandsgrade:<br \/>\ngelb = weich<br \/>\ngr\u00fcn = mittel<br \/>\nblau = hart<\/li>\n<li>Material: Therapie Knete<\/li>\n<li>Gewicht: 56 Gramm<\/li>\n<li>ideal zum Aufw\u00e4rmen und f\u00fcr Physio \u00dcbungen<\/li>\n<li>wird in Kunststoff Dose geliefert<\/li>\n<\/ul>\n<h3>Tipps zum Aufw\u00e4rmen<\/h3>\n<p>W\u00e4rmt Eure Unterarme und Finger bereits am Weg zum Fels auf. Beispielsweise durch das Kneten des Power Putty am Zustieg oder schon im Auto. So sind die Fingerbeuger bereits ordentlich durchblutet. Zudem wird Gelenksfl\u00fcssigkeit in die Fingergelenke gepresst und die Ringb\u00e4nder leicht belastet. Dies hilft nachhaltig Verletzungen vorzubeugen.<\/p>\n<h3>Drei Power Putty H\u00e4rtegrade<\/h3>\n<p>Die drei H\u00e4rtegrade der Therapieknete sind f\u00fcr folgende Anwendungen gedacht:<\/p>\n<ul>\n<li>gelb = weich: Zum ganz leichten Aufw\u00e4rmen f\u00fcr Kletter Anf\u00e4nger bzw. Physio und Kr\u00e4ftigungs \u00dcbungen mit geringstem Widerstand<\/li>\n<li>gr\u00fcn = mittel: Zum Aufw\u00e4rmen f\u00fcr alle Kletterer gedacht sowie Physio \u00dcbungen und Kr\u00e4ftigungs \u00dcbungen mit mittlerem Widerstand<\/li>\n<li>blau = hart: spezifische Kr\u00e4ftigungs\u00fcbungen und Aufw\u00e4rmen bzw. &#8220;Fingertrainer Klettern&#8221; f\u00fcr Hard Mover<\/li>\n<\/ul>\n<h3>Die Vorteile von &#8220;Therapieknete&#8221;<\/h3>\n<p>Der Power Putty ist ja reine Knetmasse. Das bringt gleich mehrere Vorteile mit sich. Vor allen kann man damit die Fingerbeuger als auch Fingerstrecker trainieren. D.h. die Knetmasse mit den Muskeln der Unterarm Innenseite zusammenpressen. Aber auch mit den Antagonisten auf der Unterarm R\u00fcckseite wieder auseinander ziehen.<\/p>\n<p>Den &#8220;Fingertrainer Klettern&#8221; kann man auch mit jedem einzelnen Finger individuell stark dr\u00fccken. So kann auf die St\u00e4rke jedes einzelnen Fingers reagiert werden. Diese Eigenschaft macht die Finger Knetmasse perfekt f\u00fcr alle Physio \u00dcbungen.<\/p>\n<p>Link Tipp: Nehmt Euren Power Putty und besucht K\u00e4rnten gr\u00f6\u00dften Klettergarten, den <a href=\"https:\/\/maltatal.rocks\/klettergebiete-posts\/klettergarten-kanzianiberg\/\" target=\"_blank\" rel=\"noopener noreferrer\">Klettergarten Kanzianiberg<\/a><\/p>\n","protected":false},"excerpt":{"rendered":"<ul>\n<li>Hersteller: Austrialpin<\/li>\n<li>Widerstandsgrade:<br \/>\ngelb = weich<br \/>\ngr\u00fcn = mittel<br \/>\nblau = hart<\/li>\n<li>Material: Therapie Knete<\/li>\n<li>Gewicht: 56 Gramm<\/li>\n<li>ideal zum Aufw\u00e4rmen und f\u00fcr Physio \u00dcbungen<\/li>\n<li>wird in Kunststoff Dose geliefert<\/li>\n<\/ul>\n","protected":false},"featured_media":2628,"comment_status":"closed","ping_status":"closed","template":"","meta":[],"product_brand":[],"product_cat":[4649,5284,6357,29,5061],"product_tag":[263,264],"class_list":{"0":"post-2640","1":"product","2":"type-product","3":"status-publish","4":"has-post-thumbnail","6":"product_cat-austrialpin","7":"product_cat-boulder-ausruestung","8":"product_cat-boulder-zubehoer","9":"product_cat-kletterausruestung","10":"product_cat-kletterzubehoer","11":"product_tag-bouldern","12":"product_tag-sportklettern","14":"first","15":"instock","16":"taxable","17":"shipping-taxable","18":"purchasable","19":"product-type-variable"},"yoast_head":"<!-- This site is optimized with the Yoast SEO Premium plugin v26.9 (Yoast SEO v26.9) - https:\/\/yoast.com\/product\/yoast-seo-premium-wordpress\/ -->\n<title>Power Putty - Fingertrainer Klettern Austrialpin: online kaufen bei bolting.eu<\/title>\n<meta name=\"description\" content=\"Hier findest Du den POWER PUTTY - FINGERTRAINER KLETTERN Austrialpin. Eine Therapieknete in drei H\u00e4rtegraden zum Aufw\u00e4rmen, St\u00e4rken und Physio \u00dcbungen!\" \/>\n<meta name=\"robots\" content=\"index, follow, max-snippet:-1, max-image-preview:large, max-video-preview:-1\" \/>\n<link rel=\"canonical\" href=\"https:\/\/bolting.eu\/en\/shop\/power-putty-fingertrainer-klettern-austrialpin\/\" \/>\n<meta property=\"og:locale\" content=\"en_US\" \/>\n<meta property=\"og:type\" content=\"article\" \/>\n<meta property=\"og:title\" content=\"Power Putty - Fingertrainer Klettern Austrialpin\" \/>\n<meta property=\"og:description\" content=\"Hier findest Du den POWER PUTTY - FINGERTRAINER KLETTERN Austrialpin. Eine Therapieknete in drei H\u00e4rtegraden zum Aufw\u00e4rmen, St\u00e4rken und Physio \u00dcbungen!\" \/>\n<meta property=\"og:url\" content=\"https:\/\/bolting.eu\/en\/shop\/power-putty-fingertrainer-klettern-austrialpin\/\" \/>\n<meta property=\"og:site_name\" content=\"bolting.eu\" \/>\n<meta property=\"article:publisher\" content=\"https:\/\/www.facebook.com\/bolting.eu\" \/>\n<meta property=\"article:modified_time\" content=\"2025-01-24T15:04:48+00:00\" \/>\n<meta property=\"og:image\" content=\"https:\/\/bolting.eu\/wp-content\/uploads\/2020\/03\/Power-Putty-Austrialpin-gelb.jpg\" \/>\n\t<meta property=\"og:image:width\" content=\"700\" \/>\n\t<meta property=\"og:image:height\" content=\"700\" \/>\n\t<meta property=\"og:image:type\" content=\"image\/jpeg\" \/>\n<meta name=\"twitter:card\" content=\"summary_large_image\" \/>\n<meta name=\"twitter:label1\" content=\"Availability\" \/>\n\t<meta name=\"twitter:data1\" content=\"In stock\" \/>\n<script type=\"application\/ld+json\" class=\"yoast-schema-graph\">{\"@context\":\"https:\/\/schema.org\",\"@graph\":[{\"@type\":[\"WebPage\",\"ItemPage\"],\"@id\":\"https:\/\/bolting.eu\/en\/shop\/power-putty-fingertrainer-klettern-austrialpin\/\",\"url\":\"https:\/\/bolting.eu\/en\/shop\/power-putty-fingertrainer-klettern-austrialpin\/\",\"name\":\"Power Putty - Fingertrainer Klettern Austrialpin: online kaufen bei bolting.eu\",\"isPartOf\":{\"@id\":\"https:\/\/bolting.eu\/en\/#website\"},\"primaryImageOfPage\":{\"@id\":\"https:\/\/bolting.eu\/en\/shop\/power-putty-fingertrainer-klettern-austrialpin\/#primaryimage\"},\"image\":{\"@id\":\"https:\/\/bolting.eu\/en\/shop\/power-putty-fingertrainer-klettern-austrialpin\/#primaryimage\"},\"thumbnailUrl\":\"https:\/\/bolting.eu\/wp-content\/uploads\/2020\/03\/Power-Putty-Austrialpin-gelb.jpg\",\"datePublished\":\"2020-03-24T13:54:54+00:00\",\"dateModified\":\"2025-01-24T15:04:48+00:00\",\"description\":\"Hier findest Du den POWER PUTTY - FINGERTRAINER KLETTERN Austrialpin. Eine Therapieknete in drei H\u00e4rtegraden zum Aufw\u00e4rmen, St\u00e4rken und Physio \u00dcbungen!\",\"breadcrumb\":{\"@id\":\"https:\/\/bolting.eu\/en\/shop\/power-putty-fingertrainer-klettern-austrialpin\/#breadcrumb\"},\"inLanguage\":\"en-US\",\"potentialAction\":[{\"@type\":\"ReadAction\",\"target\":[\"https:\/\/bolting.eu\/en\/shop\/power-putty-fingertrainer-klettern-austrialpin\/\"]}]},{\"@type\":\"ImageObject\",\"inLanguage\":\"en-US\",\"@id\":\"https:\/\/bolting.eu\/en\/shop\/power-putty-fingertrainer-klettern-austrialpin\/#primaryimage\",\"url\":\"https:\/\/bolting.eu\/wp-content\/uploads\/2020\/03\/Power-Putty-Austrialpin-gelb.jpg\",\"contentUrl\":\"https:\/\/bolting.eu\/wp-content\/uploads\/2020\/03\/Power-Putty-Austrialpin-gelb.jpg\",\"width\":700,\"height\":700,\"caption\":\"Das Bild zeigt einen gelben Power Putty Austrialpin. Die Knetmasse ist in einer Plastikdose in seiner durchsichtigen Verpackungsh\u00fclle, oberhalb ist ein Label mit Produktaufschrift und Clown Logo befestigt.\"},{\"@type\":\"BreadcrumbList\",\"@id\":\"https:\/\/bolting.eu\/en\/shop\/power-putty-fingertrainer-klettern-austrialpin\/#breadcrumb\",\"itemListElement\":[{\"@type\":\"ListItem\",\"position\":1,\"name\":\"Shop\",\"item\":\"https:\/\/bolting.eu\/en\/shop\/\"},{\"@type\":\"ListItem\",\"position\":2,\"name\":\"climbing equipment\",\"item\":\"https:\/\/bolting.eu\/en\/produkt-kategorie\/climbing-equipment\/\"},{\"@type\":\"ListItem\",\"position\":3,\"name\":\"Climbing accessories\",\"item\":\"https:\/\/bolting.eu\/en\/produkt-kategorie\/climbing-accessories\/\"},{\"@type\":\"ListItem\",\"position\":4,\"name\":\"Power Putty &#8211; Fingertrainer Klettern Austrialpin\"}]},{\"@type\":\"WebSite\",\"@id\":\"https:\/\/bolting.eu\/en\/#website\",\"url\":\"https:\/\/bolting.eu\/en\/\",\"name\":\"bolting.eu\",\"description\":\"we make climbs happen\",\"publisher\":{\"@id\":\"https:\/\/bolting.eu\/en\/#organization\"},\"potentialAction\":[{\"@type\":\"SearchAction\",\"target\":{\"@type\":\"EntryPoint\",\"urlTemplate\":\"https:\/\/bolting.eu\/en\/?s={search_term_string}\"},\"query-input\":{\"@type\":\"PropertyValueSpecification\",\"valueRequired\":true,\"valueName\":\"search_term_string\"}}],\"inLanguage\":\"en-US\"},{\"@type\":[\"Organization\",\"Place\",\"SportingGoodsStore\"],\"@id\":\"https:\/\/bolting.eu\/en\/#organization\",\"name\":\"bolting.eu\",\"url\":\"https:\/\/bolting.eu\/en\/\",\"logo\":{\"@id\":\"https:\/\/bolting.eu\/en\/shop\/power-putty-fingertrainer-klettern-austrialpin\/#local-main-organization-logo\"},\"image\":{\"@id\":\"https:\/\/bolting.eu\/en\/shop\/power-putty-fingertrainer-klettern-austrialpin\/#local-main-organization-logo\"},\"sameAs\":[\"https:\/\/www.facebook.com\/bolting.eu\",\"https:\/\/www.instagram.com\/bolting.eu\/\"],\"address\":{\"@id\":\"https:\/\/bolting.eu\/en\/shop\/power-putty-fingertrainer-klettern-austrialpin\/#local-main-place-address\"},\"geo\":{\"@type\":\"GeoCoordinates\",\"latitude\":\"47.264176340396226\",\"longitude\":\"11.380109057672346\"},\"telephone\":[\"+43 699 19083372\"],\"openingHoursSpecification\":[{\"@type\":\"OpeningHoursSpecification\",\"dayOfWeek\":[\"Monday\",\"Wednesday\",\"Friday\"],\"opens\":\"14:00\",\"closes\":\"18:00\"},{\"@type\":\"OpeningHoursSpecification\",\"dayOfWeek\":[\"Tuesday\",\"Thursday\",\"Saturday\",\"Sunday\"],\"opens\":\"00:00\",\"closes\":\"00:00\"}],\"email\":\"office@bolting.eu\",\"vatID\":\"ATU59999728\",\"priceRange\":\"$$\",\"currenciesAccepted\":\"Euro\"},{\"@type\":\"PostalAddress\",\"@id\":\"https:\/\/bolting.eu\/en\/shop\/power-putty-fingertrainer-klettern-austrialpin\/#local-main-place-address\",\"streetAddress\":\"Fischnalerstra\u00dfe 4\",\"addressLocality\":\"Innsbruck\",\"postalCode\":\"6020\",\"addressRegion\":\"Tirol\",\"addressCountry\":\"AT\"},{\"@type\":\"ImageObject\",\"inLanguage\":\"en-US\",\"@id\":\"https:\/\/bolting.eu\/en\/shop\/power-putty-fingertrainer-klettern-austrialpin\/#local-main-organization-logo\",\"url\":\"https:\/\/bolting.eu\/wp-content\/uploads\/2019\/09\/bolting-logo.png\",\"contentUrl\":\"https:\/\/bolting.eu\/wp-content\/uploads\/2019\/09\/bolting-logo.png\",\"width\":400,\"height\":211,\"caption\":\"bolting.eu\"}]}<\/script>\n<meta property=\"og:availability\" content=\"instock\" \/>\n<meta property=\"product:availability\" content=\"instock\" \/>\n<meta property=\"product:condition\" content=\"new\" \/>\n<meta name=\"geo.placename\" content=\"Innsbruck\" \/>\n<meta name=\"geo.position\" content=\"47.264176340396226;11.380109057672346\" \/>\n<meta name=\"geo.region\" content=\"Austria\" \/>\n<!-- \/ Yoast SEO Premium plugin. -->","yoast_head_json":{"title":"Power Putty - Fingertrainer Klettern Austrialpin: online kaufen bei bolting.eu","description":"Hier findest Du den POWER PUTTY - FINGERTRAINER KLETTERN Austrialpin. Eine Therapieknete in drei H\u00e4rtegraden zum Aufw\u00e4rmen, St\u00e4rken und Physio \u00dcbungen!","robots":{"index":"index","follow":"follow","max-snippet":"max-snippet:-1","max-image-preview":"max-image-preview:large","max-video-preview":"max-video-preview:-1"},"canonical":"https:\/\/bolting.eu\/en\/shop\/power-putty-fingertrainer-klettern-austrialpin\/","og_locale":"en_US","og_type":"article","og_title":"Power Putty - Fingertrainer Klettern Austrialpin","og_description":"Hier findest Du den POWER PUTTY - FINGERTRAINER KLETTERN Austrialpin. Eine Therapieknete in drei H\u00e4rtegraden zum Aufw\u00e4rmen, St\u00e4rken und Physio \u00dcbungen!","og_url":"https:\/\/bolting.eu\/en\/shop\/power-putty-fingertrainer-klettern-austrialpin\/","og_site_name":"bolting.eu","article_publisher":"https:\/\/www.facebook.com\/bolting.eu","article_modified_time":"2025-01-24T15:04:48+00:00","og_image":[{"width":700,"height":700,"url":"https:\/\/bolting.eu\/wp-content\/uploads\/2020\/03\/Power-Putty-Austrialpin-gelb.jpg","type":"image\/jpeg"}],"twitter_card":"summary_large_image","twitter_misc":{"Availability":"In stock"},"schema":{"@context":"https:\/\/schema.org","@graph":[{"@type":["WebPage","ItemPage"],"@id":"https:\/\/bolting.eu\/en\/shop\/power-putty-fingertrainer-klettern-austrialpin\/","url":"https:\/\/bolting.eu\/en\/shop\/power-putty-fingertrainer-klettern-austrialpin\/","name":"Power Putty - Fingertrainer Klettern Austrialpin: online kaufen bei bolting.eu","isPartOf":{"@id":"https:\/\/bolting.eu\/en\/#website"},"primaryImageOfPage":{"@id":"https:\/\/bolting.eu\/en\/shop\/power-putty-fingertrainer-klettern-austrialpin\/#primaryimage"},"image":{"@id":"https:\/\/bolting.eu\/en\/shop\/power-putty-fingertrainer-klettern-austrialpin\/#primaryimage"},"thumbnailUrl":"https:\/\/bolting.eu\/wp-content\/uploads\/2020\/03\/Power-Putty-Austrialpin-gelb.jpg","datePublished":"2020-03-24T13:54:54+00:00","dateModified":"2025-01-24T15:04:48+00:00","description":"Hier findest Du den POWER PUTTY - FINGERTRAINER KLETTERN Austrialpin. Eine Therapieknete in drei H\u00e4rtegraden zum Aufw\u00e4rmen, St\u00e4rken und Physio \u00dcbungen!","breadcrumb":{"@id":"https:\/\/bolting.eu\/en\/shop\/power-putty-fingertrainer-klettern-austrialpin\/#breadcrumb"},"inLanguage":"en-US","potentialAction":[{"@type":"ReadAction","target":["https:\/\/bolting.eu\/en\/shop\/power-putty-fingertrainer-klettern-austrialpin\/"]}]},{"@type":"ImageObject","inLanguage":"en-US","@id":"https:\/\/bolting.eu\/en\/shop\/power-putty-fingertrainer-klettern-austrialpin\/#primaryimage","url":"https:\/\/bolting.eu\/wp-content\/uploads\/2020\/03\/Power-Putty-Austrialpin-gelb.jpg","contentUrl":"https:\/\/bolting.eu\/wp-content\/uploads\/2020\/03\/Power-Putty-Austrialpin-gelb.jpg","width":700,"height":700,"caption":"Das Bild zeigt einen gelben Power Putty Austrialpin. Die Knetmasse ist in einer Plastikdose in seiner durchsichtigen Verpackungsh\u00fclle, oberhalb ist ein Label mit Produktaufschrift und Clown Logo befestigt."},{"@type":"BreadcrumbList","@id":"https:\/\/bolting.eu\/en\/shop\/power-putty-fingertrainer-klettern-austrialpin\/#breadcrumb","itemListElement":[{"@type":"ListItem","position":1,"name":"Shop","item":"https:\/\/bolting.eu\/en\/shop\/"},{"@type":"ListItem","position":2,"name":"climbing equipment","item":"https:\/\/bolting.eu\/en\/produkt-kategorie\/climbing-equipment\/"},{"@type":"ListItem","position":3,"name":"Climbing accessories","item":"https:\/\/bolting.eu\/en\/produkt-kategorie\/climbing-accessories\/"},{"@type":"ListItem","position":4,"name":"Power Putty &#8211; Fingertrainer Klettern Austrialpin"}]},{"@type":"WebSite","@id":"https:\/\/bolting.eu\/en\/#website","url":"https:\/\/bolting.eu\/en\/","name":"bolting.eu","description":"we make climbs happen","publisher":{"@id":"https:\/\/bolting.eu\/en\/#organization"},"potentialAction":[{"@type":"SearchAction","target":{"@type":"EntryPoint","urlTemplate":"https:\/\/bolting.eu\/en\/?s={search_term_string}"},"query-input":{"@type":"PropertyValueSpecification","valueRequired":true,"valueName":"search_term_string"}}],"inLanguage":"en-US"},{"@type":["Organization","Place","SportingGoodsStore"],"@id":"https:\/\/bolting.eu\/en\/#organization","name":"bolting.eu","url":"https:\/\/bolting.eu\/en\/","logo":{"@id":"https:\/\/bolting.eu\/en\/shop\/power-putty-fingertrainer-klettern-austrialpin\/#local-main-organization-logo"},"image":{"@id":"https:\/\/bolting.eu\/en\/shop\/power-putty-fingertrainer-klettern-austrialpin\/#local-main-organization-logo"},"sameAs":["https:\/\/www.facebook.com\/bolting.eu","https:\/\/www.instagram.com\/bolting.eu\/"],"address":{"@id":"https:\/\/bolting.eu\/en\/shop\/power-putty-fingertrainer-klettern-austrialpin\/#local-main-place-address"},"geo":{"@type":"GeoCoordinates","latitude":"47.264176340396226","longitude":"11.380109057672346"},"telephone":["+43 699 19083372"],"openingHoursSpecification":[{"@type":"OpeningHoursSpecification","dayOfWeek":["Monday","Wednesday","Friday"],"opens":"14:00","closes":"18:00"},{"@type":"OpeningHoursSpecification","dayOfWeek":["Tuesday","Thursday","Saturday","Sunday"],"opens":"00:00","closes":"00:00"}],"email":"office@bolting.eu","vatID":"ATU59999728","priceRange":"$$","currenciesAccepted":"Euro"},{"@type":"PostalAddress","@id":"https:\/\/bolting.eu\/en\/shop\/power-putty-fingertrainer-klettern-austrialpin\/#local-main-place-address","streetAddress":"Fischnalerstra\u00dfe 4","addressLocality":"Innsbruck","postalCode":"6020","addressRegion":"Tirol","addressCountry":"AT"},{"@type":"ImageObject","inLanguage":"en-US","@id":"https:\/\/bolting.eu\/en\/shop\/power-putty-fingertrainer-klettern-austrialpin\/#local-main-organization-logo","url":"https:\/\/bolting.eu\/wp-content\/uploads\/2019\/09\/bolting-logo.png","contentUrl":"https:\/\/bolting.eu\/wp-content\/uploads\/2019\/09\/bolting-logo.png","width":400,"height":211,"caption":"bolting.eu"}]},"og_availability":"instock","product_availability":"instock","product_condition":"new","geo.placename":"Innsbruck","geo.position":{"lat":"47.264176340396226","long":"11.380109057672346"},"geo.region":"Austria"},"_links":{"self":[{"href":"https:\/\/bolting.eu\/en\/wp-json\/wp\/v2\/product\/2640","targetHints":{"allow":["GET"]}}],"collection":[{"href":"https:\/\/bolting.eu\/en\/wp-json\/wp\/v2\/product"}],"about":[{"href":"https:\/\/bolting.eu\/en\/wp-json\/wp\/v2\/types\/product"}],"replies":[{"embeddable":true,"href":"https:\/\/bolting.eu\/en\/wp-json\/wp\/v2\/comments?post=2640"}],"wp:featuredmedia":[{"embeddable":true,"href":"https:\/\/bolting.eu\/en\/wp-json\/wp\/v2\/media\/2628"}],"wp:attachment":[{"href":"https:\/\/bolting.eu\/en\/wp-json\/wp\/v2\/media?parent=2640"}],"wp:term":[{"taxonomy":"product_brand","embeddable":true,"href":"https:\/\/bolting.eu\/en\/wp-json\/wp\/v2\/product_brand?post=2640"},{"taxonomy":"product_cat","embeddable":true,"href":"https:\/\/bolting.eu\/en\/wp-json\/wp\/v2\/product_cat?post=2640"},{"taxonomy":"product_tag","embeddable":true,"href":"https:\/\/bolting.eu\/en\/wp-json\/wp\/v2\/product_tag?post=2640"}],"curies":[{"name":"wp","href":"https:\/\/api.w.org\/{rel}","templated":true}]}}