{"id":2639,"date":"2020-03-24T14:05:21","date_gmt":"2020-03-24T13:05:21","guid":{"rendered":"https:\/\/bolting.eu\/?post_type=product&#038;p=2639"},"modified":"2025-11-21T18:51:13","modified_gmt":"2025-11-21T17:51:13","slug":"fingertape-schwarz-austrialpin","status":"publish","type":"product","link":"https:\/\/bolting.eu\/en\/shop\/fingertape-schwarz-austrialpin\/","title":{"rendered":"Fingertape schwarz Austrialpin"},"content":{"rendered":"<p>Das Fingertape schwarz Austrialpin ist ein klassisches Klettertape. Mit dem wei\u00dfen Band kann man sowohl beim Bouldern als auch beim Seilklettern prima die Finger tapen. Zum einen als Prophylaxe gegen Fingerverletzungen bzw. Blasen. Zum anderen zur Minderung der Belastung bei bestehenden Fingerproblemen. Das Band hat folgende Eigenschaften:<\/p>\n<p>Das Fingertape hat erstens die Farbe weiss und ist somit recht unauff\u00e4llig. Die Klebekraft ist zweitens sehr gut und ihr k\u00f6nnt auch d\u00fcnne Streifen ordentlich ankleben. Drittens liefern wir e sin der Originalverpackung aus. Somit k\u00f6nnt ihr das Tape ordentlich darin verstauen.<\/p>\n<h3>Eigenschaften Fingertape schwarz Austrialpin<\/h3>\n<ul>\n<li>Hersteller: <a href=\"https:\/\/bolting.eu\/austrialpin\/\">Austrialpin<\/a><\/li>\n<li>Farbe: schwarz<\/li>\n<li>Breite Tape: 3,8cm<\/li>\n<li>L\u00e4nge der Rolle: 10m<\/li>\n<li>Material: Baumwolle und Kleber aus Zinkoxyd<\/li>\n<li>Gewicht: 78 Gramm<\/li>\n<li>ideal zum Schutz der Finger<\/li>\n<li>kann Gelenke und Ringb\u00e4nder unterst\u00fctzen<\/li>\n<\/ul>\n<h3>Tipps zur Verwendung<\/h3>\n<p><a href=\"https:\/\/bolting.eu\/wp-content\/uploads\/2020\/03\/Klettertape.jpg\"><img loading=\"lazy\" decoding=\"async\" class=\"alignleft wp-image-2634 size-medium\" src=\"https:\/\/bolting.eu\/wp-content\/uploads\/2020\/03\/Klettertape-533x400.jpg\" alt=\"\" width=\"533\" height=\"400\" srcset=\"https:\/\/bolting.eu\/wp-content\/uploads\/2020\/03\/Klettertape-533x400.jpg 533w, https:\/\/bolting.eu\/wp-content\/uploads\/2020\/03\/Klettertape-510x383.jpg 510w, https:\/\/bolting.eu\/wp-content\/uploads\/2020\/03\/Klettertape-600x450.jpg 600w, https:\/\/bolting.eu\/wp-content\/uploads\/2020\/03\/Klettertape.jpg 700w\" sizes=\"auto, (max-width: 533px) 100vw, 533px\" \/><\/a>Eines Vorweg. Bitte achtet auf Eure Finger und sucht \u00e4rztlichen Rat bei gr\u00f6beren Problemen. Denn das Fingertape schwarz Austrialpin ist als Schutz und Prophylaxe gedacht, es ist kein Heilmittel!<\/p>\n<p>In diesem Sinne k\u00f6nnt ihr das Tape zirkul\u00e4r an den Fingern anbringen um euch gegen Blasen zu sch\u00fctzen. Manche Studien deuten auf eine Unterst\u00fctzung der Ringbandstrukturen hin. Folglich k\u00f6nnen Tapes beim schweren Klettern unterst\u00fctzend wirken.<\/p>\n<p>Beim Rissklettern dient das Klettertape dem Schutz der Haut auf den Fingern bzw. dem Handr\u00fccken. Wenn ihr viel Finger- oder Handfl\u00e4che ab klebt, solltet ihr euch vorab eventuell die Haare wegrasieren. Sonst schmerzt das Entfernen doch ziemlich.<\/p>\n<p>Klebt offene Stellen nie l\u00e4ngerfristig mit Klettertape ab. Denn darunter kann sich das Gewebe herrlich entz\u00fcnden. Wer &#8220;Flapper&#8221;, also aufgerissene Blasen abklebt, sollte diese nach dem Klettern entfernen. An der Luft heilt die Wunde besser. Dazu noch eine Creme wie Bepanthene und ihr seid bald wieder fit!<\/p>\n<h3>Tipps zur Lagerung<\/h3>\n<p>Die Klebekraft des Fingertape schwarz Austrialpin ist sehr gut. Au\u00dfer ihr lagert es bei zu hohen Temperaturen bzw. bei sehr kalten Temperaturen. Dies tut dem Kleber gar nicht gut. Folglich solltet ihr Euer Fingertape immer um die Raumtemperatur herum lagern. Die Klebekraft l\u00e4sst zudem im Laufe der Zeit nach. Behaltet die Rolle daher nicht zu lange auf und verbraucht sie in einem vern\u00fcnftigen Zeitraum auf!<\/p>\n<p>Link Tipp: das Fingertape gleich mal ausprobieren, bei einem Ausflug zum <a href=\"https:\/\/maltatal.rocks\">Klettern in K\u00e4rnten<\/a><\/p>\n","protected":false},"excerpt":{"rendered":"<ul>\n<li>Hersteller: Austrialpin<\/li>\n<li>Farbe: schwarz<\/li>\n<li>Breite Tape: 3,8cm<\/li>\n<li>L\u00e4nge der Rolle: 10m<\/li>\n<li>Material: Baumwolle und Kleber aus Zinkoxyd<\/li>\n<li>Gewicht: 78 Gramm<\/li>\n<li>ideal zum Schutz der Finger<\/li>\n<li>kann Gelenke und Ringb\u00e4nder unterst\u00fctzen<\/li>\n<\/ul>\n","protected":false},"featured_media":2631,"comment_status":"closed","ping_status":"closed","template":"","meta":[],"product_brand":[],"product_cat":[5008,5284,29,6357,4649],"product_tag":[],"class_list":{"0":"post-2639","1":"product","2":"type-product","3":"status-publish","4":"has-post-thumbnail","6":"product_cat-klettertape","7":"product_cat-boulder-ausruestung","8":"product_cat-kletterausruestung","9":"product_cat-boulder-zubehoer","10":"product_cat-austrialpin","12":"first","13":"outofstock","14":"taxable","15":"shipping-taxable","16":"purchasable","17":"product-type-simple"},"yoast_head":"<!-- This site is optimized with the Yoast SEO Premium plugin v26.9 (Yoast SEO v26.9) - https:\/\/yoast.com\/product\/yoast-seo-premium-wordpress\/ -->\n<title>Fingertape schwarz Austrialpin: jetzt online kaufen bei bolting.eu<\/title>\n<meta name=\"description\" content=\"Hier findest du das klassische FINGERTAPE SCHWARZ AUSTRIALPIN. Ein gr\u00fcnes Klettertape mit 3,8cm Breite f\u00fcr dein n\u00e4chstes Kletterabenteuer!\" \/>\n<meta name=\"robots\" content=\"index, follow, max-snippet:-1, max-image-preview:large, max-video-preview:-1\" \/>\n<link rel=\"canonical\" href=\"https:\/\/bolting.eu\/en\/shop\/fingertape-schwarz-austrialpin\/\" \/>\n<meta property=\"og:locale\" content=\"en_US\" \/>\n<meta property=\"og:type\" content=\"article\" \/>\n<meta property=\"og:title\" content=\"Fingertape schwarz Austrialpin\" \/>\n<meta property=\"og:description\" content=\"Hier findest du das klassische FINGERTAPE SCHWARZ AUSTRIALPIN. Ein gr\u00fcnes Klettertape mit 3,8cm Breite f\u00fcr dein n\u00e4chstes Kletterabenteuer!\" \/>\n<meta property=\"og:url\" content=\"https:\/\/bolting.eu\/en\/shop\/fingertape-schwarz-austrialpin\/\" \/>\n<meta property=\"og:site_name\" content=\"bolting.eu\" \/>\n<meta property=\"article:publisher\" content=\"https:\/\/www.facebook.com\/bolting.eu\" \/>\n<meta property=\"article:modified_time\" content=\"2025-11-21T17:51:13+00:00\" \/>\n<meta property=\"og:image\" content=\"https:\/\/bolting.eu\/wp-content\/uploads\/2020\/03\/Klettertape-Austrialpin-schwarz.jpg\" \/>\n\t<meta property=\"og:image:width\" content=\"700\" \/>\n\t<meta property=\"og:image:height\" content=\"700\" \/>\n\t<meta property=\"og:image:type\" content=\"image\/jpeg\" \/>\n<meta name=\"twitter:card\" content=\"summary_large_image\" \/>\n<meta name=\"twitter:label1\" content=\"Price\" \/>\n\t<meta name=\"twitter:data1\" content=\"&euro;&nbsp;8,00\" \/>\n\t<meta name=\"twitter:label2\" content=\"Availability\" \/>\n\t<meta name=\"twitter:data2\" content=\"Out of stock\" \/>\n<script type=\"application\/ld+json\" class=\"yoast-schema-graph\">{\"@context\":\"https:\/\/schema.org\",\"@graph\":[{\"@type\":[\"WebPage\",\"ItemPage\"],\"@id\":\"https:\/\/bolting.eu\/en\/shop\/fingertape-schwarz-austrialpin\/\",\"url\":\"https:\/\/bolting.eu\/en\/shop\/fingertape-schwarz-austrialpin\/\",\"name\":\"Fingertape schwarz Austrialpin: jetzt online kaufen bei bolting.eu\",\"isPartOf\":{\"@id\":\"https:\/\/bolting.eu\/en\/#website\"},\"primaryImageOfPage\":{\"@id\":\"https:\/\/bolting.eu\/en\/shop\/fingertape-schwarz-austrialpin\/#primaryimage\"},\"image\":{\"@id\":\"https:\/\/bolting.eu\/en\/shop\/fingertape-schwarz-austrialpin\/#primaryimage\"},\"thumbnailUrl\":\"https:\/\/bolting.eu\/wp-content\/uploads\/2020\/03\/Klettertape-Austrialpin-schwarz.jpg\",\"datePublished\":\"2020-03-24T13:05:21+00:00\",\"dateModified\":\"2025-11-21T17:51:13+00:00\",\"description\":\"Hier findest du das klassische FINGERTAPE SCHWARZ AUSTRIALPIN. Ein gr\u00fcnes Klettertape mit 3,8cm Breite f\u00fcr dein n\u00e4chstes Kletterabenteuer!\",\"breadcrumb\":{\"@id\":\"https:\/\/bolting.eu\/en\/shop\/fingertape-schwarz-austrialpin\/#breadcrumb\"},\"inLanguage\":\"en-US\",\"potentialAction\":[{\"@type\":\"ReadAction\",\"target\":[\"https:\/\/bolting.eu\/en\/shop\/fingertape-schwarz-austrialpin\/\"]}]},{\"@type\":\"ImageObject\",\"inLanguage\":\"en-US\",\"@id\":\"https:\/\/bolting.eu\/en\/shop\/fingertape-schwarz-austrialpin\/#primaryimage\",\"url\":\"https:\/\/bolting.eu\/wp-content\/uploads\/2020\/03\/Klettertape-Austrialpin-schwarz.jpg\",\"contentUrl\":\"https:\/\/bolting.eu\/wp-content\/uploads\/2020\/03\/Klettertape-Austrialpin-schwarz.jpg\",\"width\":700,\"height\":700,\"caption\":\"Das Bild zeigt zwei Rollen Fingertape schwarz Austrialpin in einem wei\u00dfem Quadrat. Eine schmale Rolle Klettertape steht leicht schr\u00e4g an eine gro\u00dfe liegende Rolle angelehnt.\"},{\"@type\":\"BreadcrumbList\",\"@id\":\"https:\/\/bolting.eu\/en\/shop\/fingertape-schwarz-austrialpin\/#breadcrumb\",\"itemListElement\":[{\"@type\":\"ListItem\",\"position\":1,\"name\":\"Shop\",\"item\":\"https:\/\/bolting.eu\/en\/shop\/\"},{\"@type\":\"ListItem\",\"position\":2,\"name\":\"climbing equipment\",\"item\":\"https:\/\/bolting.eu\/en\/produkt-kategorie\/climbing-equipment\/\"},{\"@type\":\"ListItem\",\"position\":3,\"name\":\"Klettertape\",\"item\":\"https:\/\/bolting.eu\/produkt-kategorie\/kletterausruestung\/klettertape\/\"},{\"@type\":\"ListItem\",\"position\":4,\"name\":\"Fingertape schwarz Austrialpin\"}]},{\"@type\":\"WebSite\",\"@id\":\"https:\/\/bolting.eu\/en\/#website\",\"url\":\"https:\/\/bolting.eu\/en\/\",\"name\":\"bolting.eu\",\"description\":\"we make climbs happen\",\"publisher\":{\"@id\":\"https:\/\/bolting.eu\/en\/#organization\"},\"potentialAction\":[{\"@type\":\"SearchAction\",\"target\":{\"@type\":\"EntryPoint\",\"urlTemplate\":\"https:\/\/bolting.eu\/en\/?s={search_term_string}\"},\"query-input\":{\"@type\":\"PropertyValueSpecification\",\"valueRequired\":true,\"valueName\":\"search_term_string\"}}],\"inLanguage\":\"en-US\"},{\"@type\":[\"Organization\",\"Place\",\"SportingGoodsStore\"],\"@id\":\"https:\/\/bolting.eu\/en\/#organization\",\"name\":\"bolting.eu\",\"url\":\"https:\/\/bolting.eu\/en\/\",\"logo\":{\"@id\":\"https:\/\/bolting.eu\/en\/shop\/fingertape-schwarz-austrialpin\/#local-main-organization-logo\"},\"image\":{\"@id\":\"https:\/\/bolting.eu\/en\/shop\/fingertape-schwarz-austrialpin\/#local-main-organization-logo\"},\"sameAs\":[\"https:\/\/www.facebook.com\/bolting.eu\",\"https:\/\/www.instagram.com\/bolting.eu\/\"],\"address\":{\"@id\":\"https:\/\/bolting.eu\/en\/shop\/fingertape-schwarz-austrialpin\/#local-main-place-address\"},\"geo\":{\"@type\":\"GeoCoordinates\",\"latitude\":\"47.264176340396226\",\"longitude\":\"11.380109057672346\"},\"telephone\":[\"+43 699 19083372\"],\"openingHoursSpecification\":[{\"@type\":\"OpeningHoursSpecification\",\"dayOfWeek\":[\"Monday\",\"Wednesday\",\"Friday\"],\"opens\":\"14:00\",\"closes\":\"18:00\"},{\"@type\":\"OpeningHoursSpecification\",\"dayOfWeek\":[\"Tuesday\",\"Thursday\",\"Saturday\",\"Sunday\"],\"opens\":\"00:00\",\"closes\":\"00:00\"}],\"email\":\"office@bolting.eu\",\"vatID\":\"ATU59999728\",\"priceRange\":\"$$\",\"currenciesAccepted\":\"Euro\"},{\"@type\":\"PostalAddress\",\"@id\":\"https:\/\/bolting.eu\/en\/shop\/fingertape-schwarz-austrialpin\/#local-main-place-address\",\"streetAddress\":\"Fischnalerstra\u00dfe 4\",\"addressLocality\":\"Innsbruck\",\"postalCode\":\"6020\",\"addressRegion\":\"Tirol\",\"addressCountry\":\"AT\"},{\"@type\":\"ImageObject\",\"inLanguage\":\"en-US\",\"@id\":\"https:\/\/bolting.eu\/en\/shop\/fingertape-schwarz-austrialpin\/#local-main-organization-logo\",\"url\":\"https:\/\/bolting.eu\/wp-content\/uploads\/2019\/09\/bolting-logo.png\",\"contentUrl\":\"https:\/\/bolting.eu\/wp-content\/uploads\/2019\/09\/bolting-logo.png\",\"width\":400,\"height\":211,\"caption\":\"bolting.eu\"}]}<\/script>\n<meta property=\"product:price:amount\" content=\"8.00\" \/>\n<meta property=\"product:price:currency\" content=\"EUR\" \/>\n<meta property=\"og:availability\" content=\"out of stock\" \/>\n<meta property=\"product:availability\" content=\"out of stock\" \/>\n<meta property=\"product:retailer_item_id\" content=\"RT38FT-X\" \/>\n<meta property=\"product:condition\" content=\"new\" \/>\n<meta name=\"geo.placename\" content=\"Innsbruck\" \/>\n<meta name=\"geo.position\" content=\"47.264176340396226;11.380109057672346\" \/>\n<meta name=\"geo.region\" content=\"Austria\" \/>\n<!-- \/ Yoast SEO Premium plugin. -->","yoast_head_json":{"title":"Fingertape schwarz Austrialpin: jetzt online kaufen bei bolting.eu","description":"Hier findest du das klassische FINGERTAPE SCHWARZ AUSTRIALPIN. Ein gr\u00fcnes Klettertape mit 3,8cm Breite f\u00fcr dein n\u00e4chstes Kletterabenteuer!","robots":{"index":"index","follow":"follow","max-snippet":"max-snippet:-1","max-image-preview":"max-image-preview:large","max-video-preview":"max-video-preview:-1"},"canonical":"https:\/\/bolting.eu\/en\/shop\/fingertape-schwarz-austrialpin\/","og_locale":"en_US","og_type":"article","og_title":"Fingertape schwarz Austrialpin","og_description":"Hier findest du das klassische FINGERTAPE SCHWARZ AUSTRIALPIN. Ein gr\u00fcnes Klettertape mit 3,8cm Breite f\u00fcr dein n\u00e4chstes Kletterabenteuer!","og_url":"https:\/\/bolting.eu\/en\/shop\/fingertape-schwarz-austrialpin\/","og_site_name":"bolting.eu","article_publisher":"https:\/\/www.facebook.com\/bolting.eu","article_modified_time":"2025-11-21T17:51:13+00:00","og_image":[{"width":700,"height":700,"url":"https:\/\/bolting.eu\/wp-content\/uploads\/2020\/03\/Klettertape-Austrialpin-schwarz.jpg","type":"image\/jpeg"}],"twitter_card":"summary_large_image","twitter_misc":{"Price":"&euro;&nbsp;8,00","Availability":"Out of stock"},"schema":{"@context":"https:\/\/schema.org","@graph":[{"@type":["WebPage","ItemPage"],"@id":"https:\/\/bolting.eu\/en\/shop\/fingertape-schwarz-austrialpin\/","url":"https:\/\/bolting.eu\/en\/shop\/fingertape-schwarz-austrialpin\/","name":"Fingertape schwarz Austrialpin: jetzt online kaufen bei bolting.eu","isPartOf":{"@id":"https:\/\/bolting.eu\/en\/#website"},"primaryImageOfPage":{"@id":"https:\/\/bolting.eu\/en\/shop\/fingertape-schwarz-austrialpin\/#primaryimage"},"image":{"@id":"https:\/\/bolting.eu\/en\/shop\/fingertape-schwarz-austrialpin\/#primaryimage"},"thumbnailUrl":"https:\/\/bolting.eu\/wp-content\/uploads\/2020\/03\/Klettertape-Austrialpin-schwarz.jpg","datePublished":"2020-03-24T13:05:21+00:00","dateModified":"2025-11-21T17:51:13+00:00","description":"Hier findest du das klassische FINGERTAPE SCHWARZ AUSTRIALPIN. Ein gr\u00fcnes Klettertape mit 3,8cm Breite f\u00fcr dein n\u00e4chstes Kletterabenteuer!","breadcrumb":{"@id":"https:\/\/bolting.eu\/en\/shop\/fingertape-schwarz-austrialpin\/#breadcrumb"},"inLanguage":"en-US","potentialAction":[{"@type":"ReadAction","target":["https:\/\/bolting.eu\/en\/shop\/fingertape-schwarz-austrialpin\/"]}]},{"@type":"ImageObject","inLanguage":"en-US","@id":"https:\/\/bolting.eu\/en\/shop\/fingertape-schwarz-austrialpin\/#primaryimage","url":"https:\/\/bolting.eu\/wp-content\/uploads\/2020\/03\/Klettertape-Austrialpin-schwarz.jpg","contentUrl":"https:\/\/bolting.eu\/wp-content\/uploads\/2020\/03\/Klettertape-Austrialpin-schwarz.jpg","width":700,"height":700,"caption":"Das Bild zeigt zwei Rollen Fingertape schwarz Austrialpin in einem wei\u00dfem Quadrat. Eine schmale Rolle Klettertape steht leicht schr\u00e4g an eine gro\u00dfe liegende Rolle angelehnt."},{"@type":"BreadcrumbList","@id":"https:\/\/bolting.eu\/en\/shop\/fingertape-schwarz-austrialpin\/#breadcrumb","itemListElement":[{"@type":"ListItem","position":1,"name":"Shop","item":"https:\/\/bolting.eu\/en\/shop\/"},{"@type":"ListItem","position":2,"name":"climbing equipment","item":"https:\/\/bolting.eu\/en\/produkt-kategorie\/climbing-equipment\/"},{"@type":"ListItem","position":3,"name":"Klettertape","item":"https:\/\/bolting.eu\/produkt-kategorie\/kletterausruestung\/klettertape\/"},{"@type":"ListItem","position":4,"name":"Fingertape schwarz Austrialpin"}]},{"@type":"WebSite","@id":"https:\/\/bolting.eu\/en\/#website","url":"https:\/\/bolting.eu\/en\/","name":"bolting.eu","description":"we make climbs happen","publisher":{"@id":"https:\/\/bolting.eu\/en\/#organization"},"potentialAction":[{"@type":"SearchAction","target":{"@type":"EntryPoint","urlTemplate":"https:\/\/bolting.eu\/en\/?s={search_term_string}"},"query-input":{"@type":"PropertyValueSpecification","valueRequired":true,"valueName":"search_term_string"}}],"inLanguage":"en-US"},{"@type":["Organization","Place","SportingGoodsStore"],"@id":"https:\/\/bolting.eu\/en\/#organization","name":"bolting.eu","url":"https:\/\/bolting.eu\/en\/","logo":{"@id":"https:\/\/bolting.eu\/en\/shop\/fingertape-schwarz-austrialpin\/#local-main-organization-logo"},"image":{"@id":"https:\/\/bolting.eu\/en\/shop\/fingertape-schwarz-austrialpin\/#local-main-organization-logo"},"sameAs":["https:\/\/www.facebook.com\/bolting.eu","https:\/\/www.instagram.com\/bolting.eu\/"],"address":{"@id":"https:\/\/bolting.eu\/en\/shop\/fingertape-schwarz-austrialpin\/#local-main-place-address"},"geo":{"@type":"GeoCoordinates","latitude":"47.264176340396226","longitude":"11.380109057672346"},"telephone":["+43 699 19083372"],"openingHoursSpecification":[{"@type":"OpeningHoursSpecification","dayOfWeek":["Monday","Wednesday","Friday"],"opens":"14:00","closes":"18:00"},{"@type":"OpeningHoursSpecification","dayOfWeek":["Tuesday","Thursday","Saturday","Sunday"],"opens":"00:00","closes":"00:00"}],"email":"office@bolting.eu","vatID":"ATU59999728","priceRange":"$$","currenciesAccepted":"Euro"},{"@type":"PostalAddress","@id":"https:\/\/bolting.eu\/en\/shop\/fingertape-schwarz-austrialpin\/#local-main-place-address","streetAddress":"Fischnalerstra\u00dfe 4","addressLocality":"Innsbruck","postalCode":"6020","addressRegion":"Tirol","addressCountry":"AT"},{"@type":"ImageObject","inLanguage":"en-US","@id":"https:\/\/bolting.eu\/en\/shop\/fingertape-schwarz-austrialpin\/#local-main-organization-logo","url":"https:\/\/bolting.eu\/wp-content\/uploads\/2019\/09\/bolting-logo.png","contentUrl":"https:\/\/bolting.eu\/wp-content\/uploads\/2019\/09\/bolting-logo.png","width":400,"height":211,"caption":"bolting.eu"}]},"product_price_amount":"8.00","product_price_currency":"EUR","og_availability":"out of stock","product_availability":"out of stock","product_retailer_item_id":"RT38FT-X","product_condition":"new","geo.placename":"Innsbruck","geo.position":{"lat":"47.264176340396226","long":"11.380109057672346"},"geo.region":"Austria"},"_links":{"self":[{"href":"https:\/\/bolting.eu\/en\/wp-json\/wp\/v2\/product\/2639","targetHints":{"allow":["GET"]}}],"collection":[{"href":"https:\/\/bolting.eu\/en\/wp-json\/wp\/v2\/product"}],"about":[{"href":"https:\/\/bolting.eu\/en\/wp-json\/wp\/v2\/types\/product"}],"replies":[{"embeddable":true,"href":"https:\/\/bolting.eu\/en\/wp-json\/wp\/v2\/comments?post=2639"}],"wp:featuredmedia":[{"embeddable":true,"href":"https:\/\/bolting.eu\/en\/wp-json\/wp\/v2\/media\/2631"}],"wp:attachment":[{"href":"https:\/\/bolting.eu\/en\/wp-json\/wp\/v2\/media?parent=2639"}],"wp:term":[{"taxonomy":"product_brand","embeddable":true,"href":"https:\/\/bolting.eu\/en\/wp-json\/wp\/v2\/product_brand?post=2639"},{"taxonomy":"product_cat","embeddable":true,"href":"https:\/\/bolting.eu\/en\/wp-json\/wp\/v2\/product_cat?post=2639"},{"taxonomy":"product_tag","embeddable":true,"href":"https:\/\/bolting.eu\/en\/wp-json\/wp\/v2\/product_tag?post=2639"}],"curies":[{"name":"wp","href":"https:\/\/api.w.org\/{rel}","templated":true}]}}