{"id":2616,"date":"2020-03-24T11:13:43","date_gmt":"2020-03-24T10:13:43","guid":{"rendered":"https:\/\/bolting.eu\/?post_type=product&#038;p=2616"},"modified":"2025-03-28T21:19:25","modified_gmt":"2025-03-28T20:19:25","slug":"boulderbuerste-teleskopstock-triple-tube-ibbz","status":"publish","type":"product","link":"https:\/\/bolting.eu\/en\/shop\/boulderbuerste-teleskopstock-triple-tube-ibbz\/","title":{"rendered":"Boulderb\u00fcrste Teleskopstock Triple Tube I\u00b4bbz"},"content":{"rendered":"<p>Der Boulderb\u00fcrste Teleskopstock Triple Tube kommt aus DEM Bouldergebiet schlechthin. Fontainebleau! Dort wird bereits seit \u00fcber hundert Jahren gebouldert und &#8220;Bleau&#8221; ist eines DER ganz gro\u00dfen Spots weltweit. Kein Wunder dass sich dort die Firma I\u00b4bbz entwickelt hat. Die Br\u00fcder Jo und Francoise Montchaussee sind selbst leidenschaftlicher Bleaussards und haben ihr Hobby zum Beruf gemacht. Sie produzieren mitten im &#8220;For\u00e9t&#8221; feine Griffb\u00fcrsten, Stange f\u00fcr Boulderb\u00fcrsten, Crash Pad\u00b4s, Chalkbags und Bouldertaschen.<\/p>\n<p>Egal ob bei Eurem Boulderprojekt am Fels \u00a0oder in der Kletterhalle. Diese Stock f\u00fcr Boulderb\u00fcrsten ist ein braver Helfer wenn es um saubere Griffe geht!<\/p>\n<h3>Eigenschaften Boulderb\u00fcrste Teleskopstock Triple Tube<\/h3>\n<ul>\n<li>L\u00e4nge: 1m &#8211; 2,5m<\/li>\n<li>Durchmesser: 26-28mm<\/li>\n<li>Material: Aluminium und Kunststoff<\/li>\n<li>Gewicht: 560 Gramm<\/li>\n<li>f\u00fcr die B\u00fcrsten FriXion, FriXion+ und FriXion Double<\/li>\n<li>Kopf aus 3D Kunststoffdruck f\u00fcr festen Halt der B\u00fcrsten<\/li>\n<li>passt in alle g\u00e4ngigen Boudermatten<\/li>\n<\/ul>\n<h3>I\u00b4bbz B\u00fcrsten Sortiment<\/h3>\n<p>Der Boulderb\u00fcrste Teleskopstock Triple Tube ist nur f\u00fcr I\u00b4bbz B\u00fcrsten geeignet. Ihr k\u00f6nnt die\u00a0<strong>Modelle FiXion und FriXion Plus<\/strong> sowie <strong>FriXion Double<\/strong> auf die Stange f\u00fcr Boulderb\u00fcrsten stecken.<\/p>\n<p><a href=\"https:\/\/bolting.eu\/wp-content\/uploads\/2020\/03\/I-bbz-Boulderbuersten-Fontainebleau.jpg\"><img loading=\"lazy\" decoding=\"async\" class=\"alignnone wp-image-2608 size-medium\" src=\"https:\/\/bolting.eu\/wp-content\/uploads\/2020\/03\/I-bbz-Boulderbuersten-Fontainebleau-762x400.jpg\" alt=\"Das Bild zeigt den Gr\u00f6\u00dfenvergleich aller Boulderb\u00fcrsten des Herstellers I\u00b4bbz. Es sind in einem wei\u00dfem Rechteck vier Modelle zu sehen, von links nach rechts ist die Gr\u00f6\u00dfe ansteigend.\" width=\"762\" height=\"400\" srcset=\"https:\/\/bolting.eu\/wp-content\/uploads\/2020\/03\/I-bbz-Boulderbuersten-Fontainebleau-762x400.jpg 762w, https:\/\/bolting.eu\/wp-content\/uploads\/2020\/03\/I-bbz-Boulderbuersten-Fontainebleau-510x268.jpg 510w, https:\/\/bolting.eu\/wp-content\/uploads\/2020\/03\/I-bbz-Boulderbuersten-Fontainebleau-768x403.jpg 768w, https:\/\/bolting.eu\/wp-content\/uploads\/2020\/03\/I-bbz-Boulderbuersten-Fontainebleau-600x315.jpg 600w, https:\/\/bolting.eu\/wp-content\/uploads\/2020\/03\/I-bbz-Boulderbuersten-Fontainebleau.jpg 1200w\" sizes=\"auto, (max-width: 762px) 100vw, 762px\" \/><\/a><\/p>\n<h3>Boulderb\u00fcrste Teleskopstock Triple Tube<\/h3>\n<p>Die Brosse FriXion Double Boulderb\u00fcrste k\u00f6nnt ihr wie die FriXion und FriXtion+ auf den Stock f\u00fcr Boulderb\u00fcrsten stecken. Der Kopf fasst zwei Felsb\u00fcrsten. Diese stehen beide durch die Neigung der Einsteckschlitze ca. 25% ab. So kann man auch geneigte Felsfl\u00e4chen super putzen.<\/p>\n<p><a href=\"https:\/\/bolting.eu\/wp-content\/uploads\/2020\/03\/Teleskop-Boulder-Putzstock-Triple-Tube-Ibbz-set.jpg\"><img loading=\"lazy\" decoding=\"async\" class=\"alignnone wp-image-2609 size-medium\" src=\"https:\/\/bolting.eu\/wp-content\/uploads\/2020\/03\/Teleskop-Boulder-Putzstock-Triple-Tube-Ibbz-set-400x400.jpg\" alt=\"das Bild zeigt den Teleskop Putzstock und im Detail den Aufsatz f\u00fcr zwei Boulderb\u00fcrsten.\" width=\"400\" height=\"400\" srcset=\"https:\/\/bolting.eu\/wp-content\/uploads\/2020\/03\/Teleskop-Boulder-Putzstock-Triple-Tube-Ibbz-set-400x400.jpg 400w, https:\/\/bolting.eu\/wp-content\/uploads\/2020\/03\/Teleskop-Boulder-Putzstock-Triple-Tube-Ibbz-set-247x247.jpg 247w, https:\/\/bolting.eu\/wp-content\/uploads\/2020\/03\/Teleskop-Boulder-Putzstock-Triple-Tube-Ibbz-set-100x100.jpg 100w, https:\/\/bolting.eu\/wp-content\/uploads\/2020\/03\/Teleskop-Boulder-Putzstock-Triple-Tube-Ibbz-set-510x510.jpg 510w, https:\/\/bolting.eu\/wp-content\/uploads\/2020\/03\/Teleskop-Boulder-Putzstock-Triple-Tube-Ibbz-set-280x280.jpg 280w, https:\/\/bolting.eu\/wp-content\/uploads\/2020\/03\/Teleskop-Boulder-Putzstock-Triple-Tube-Ibbz-set-300x300.jpg 300w, https:\/\/bolting.eu\/wp-content\/uploads\/2020\/03\/Teleskop-Boulder-Putzstock-Triple-Tube-Ibbz-set-600x600.jpg 600w, https:\/\/bolting.eu\/wp-content\/uploads\/2020\/03\/Teleskop-Boulder-Putzstock-Triple-Tube-Ibbz-set.jpg 700w\" sizes=\"auto, (max-width: 400px) 100vw, 400px\" \/><\/a><\/p>\n<h3>Boulderb\u00fcrste beim Routen Erschlie\u00dfen<\/h3>\n<p>Wir sind ja DER Experte f\u00fcr\u00b4s Einbohren, deshalb gibt es hier auch Infos f\u00fcr alle motivierten Erschlie\u00dfer. Der Boulderb\u00fcrste Teleskopstock Triple Tube ist perfekt geeignet f\u00fcr die abschlie\u00dfende Endreinigung von Routen. Nach dem <a href=\"https:\/\/bolting.eu\/kletterroute-einbohren\/\">Kletterroute einbohren<\/a> einfach nochmals die Griffe und Tritte die man vom Boden aus erreicht sauber putzen. Fertig!<\/p>\n<p>Link Tipp: Die Boulderb\u00fcrste gleich mal ausprobieren beim <a href=\"https:\/\/maltatal.rocks\/bouldergebiete-maltatal\/\" target=\"_blank\" rel=\"noopener noreferrer\">Bouldern im Maltatal<\/a><\/p>\n","protected":false},"excerpt":{"rendered":"<ul>\n<li>L\u00e4nge: 1m &#8211; 2,5m<\/li>\n<li>Durchmesser: 26-28mm<\/li>\n<li>Material: Aluminium und Kunststoff<\/li>\n<li>Gewicht: 560 Gramm<\/li>\n<li>f\u00fcr die B\u00fcrsten FriXion, FriXion+ und FriXion Double<\/li>\n<li>Kopf aus 3D Kunststoffdruck f\u00fcr festen Halt der B\u00fcrsten<\/li>\n<li>passt in alle g\u00e4ngigen Boudermatten<\/li>\n<\/ul>\n","protected":false},"featured_media":2609,"comment_status":"closed","ping_status":"closed","template":"","meta":[],"product_brand":[],"product_cat":[5284,10938,5707,4661],"product_tag":[],"class_list":{"0":"post-2616","1":"product","2":"type-product","3":"status-publish","4":"has-post-thumbnail","6":"product_cat-boulder-ausruestung","7":"product_cat-boulder-teleskop-putzstoecke","8":"product_cat-boulderbuersten","9":"product_cat-ibzz","11":"first","12":"instock","13":"taxable","14":"shipping-taxable","15":"purchasable","16":"product-type-simple"},"yoast_head":"<!-- This site is optimized with the Yoast SEO Premium plugin v26.9 (Yoast SEO v26.9) - https:\/\/yoast.com\/product\/yoast-seo-premium-wordpress\/ -->\n<title>Boulderb\u00fcrste Teleskopstock Triple Tube I\u00b4bbz online kaufen bei bolting.eu<\/title>\n<meta name=\"description\" content=\"Hier findet ihr die Boulderb\u00fcrste Teleskopstock Triple Tube von I\u00b4bbz. Eine Stange f\u00fcr Boulderb\u00fcrsten - Stock f\u00fcr Boulderb\u00fcrsten mit 3 passenden B\u00fcrsten!\" \/>\n<meta name=\"robots\" content=\"index, follow, max-snippet:-1, max-image-preview:large, max-video-preview:-1\" \/>\n<link rel=\"canonical\" href=\"https:\/\/bolting.eu\/en\/shop\/boulderbuerste-teleskopstock-triple-tube-ibbz\/\" \/>\n<meta property=\"og:locale\" content=\"en_US\" \/>\n<meta property=\"og:type\" content=\"article\" \/>\n<meta property=\"og:title\" content=\"Boulderb\u00fcrste Teleskopstock Triple Tube I\u00b4bbz\" \/>\n<meta property=\"og:description\" content=\"Hier findet ihr die Boulderb\u00fcrste Teleskopstock Triple Tube von I\u00b4bbz. Eine Stange f\u00fcr Boulderb\u00fcrsten - Stock f\u00fcr Boulderb\u00fcrsten mit 3 passenden B\u00fcrsten!\" \/>\n<meta property=\"og:url\" content=\"https:\/\/bolting.eu\/en\/shop\/boulderbuerste-teleskopstock-triple-tube-ibbz\/\" \/>\n<meta property=\"og:site_name\" content=\"bolting.eu\" \/>\n<meta property=\"article:publisher\" content=\"https:\/\/www.facebook.com\/bolting.eu\" \/>\n<meta property=\"article:modified_time\" content=\"2025-03-28T20:19:25+00:00\" \/>\n<meta property=\"og:image\" content=\"https:\/\/bolting.eu\/wp-content\/uploads\/2020\/03\/Teleskop-Boulder-Putzstock-Triple-Tube-Ibbz-set.jpg\" \/>\n\t<meta property=\"og:image:width\" content=\"700\" \/>\n\t<meta property=\"og:image:height\" content=\"700\" \/>\n\t<meta property=\"og:image:type\" content=\"image\/jpeg\" \/>\n<meta name=\"twitter:card\" content=\"summary_large_image\" \/>\n<meta name=\"twitter:label1\" content=\"Price\" \/>\n\t<meta name=\"twitter:data1\" content=\"&euro;&nbsp;39,90\" \/>\n\t<meta name=\"twitter:label2\" content=\"Availability\" \/>\n\t<meta name=\"twitter:data2\" content=\"In stock\" \/>\n<script type=\"application\/ld+json\" class=\"yoast-schema-graph\">{\"@context\":\"https:\/\/schema.org\",\"@graph\":[{\"@type\":[\"WebPage\",\"ItemPage\"],\"@id\":\"https:\/\/bolting.eu\/en\/shop\/boulderbuerste-teleskopstock-triple-tube-ibbz\/\",\"url\":\"https:\/\/bolting.eu\/en\/shop\/boulderbuerste-teleskopstock-triple-tube-ibbz\/\",\"name\":\"Boulderb\u00fcrste Teleskopstock Triple Tube I\u00b4bbz online kaufen bei bolting.eu\",\"isPartOf\":{\"@id\":\"https:\/\/bolting.eu\/en\/#website\"},\"primaryImageOfPage\":{\"@id\":\"https:\/\/bolting.eu\/en\/shop\/boulderbuerste-teleskopstock-triple-tube-ibbz\/#primaryimage\"},\"image\":{\"@id\":\"https:\/\/bolting.eu\/en\/shop\/boulderbuerste-teleskopstock-triple-tube-ibbz\/#primaryimage\"},\"thumbnailUrl\":\"https:\/\/bolting.eu\/wp-content\/uploads\/2020\/03\/Teleskop-Boulder-Putzstock-Triple-Tube-Ibbz-set.jpg\",\"datePublished\":\"2020-03-24T10:13:43+00:00\",\"dateModified\":\"2025-03-28T20:19:25+00:00\",\"description\":\"Hier findet ihr die Boulderb\u00fcrste Teleskopstock Triple Tube von I\u00b4bbz. Eine Stange f\u00fcr Boulderb\u00fcrsten - Stock f\u00fcr Boulderb\u00fcrsten mit 3 passenden B\u00fcrsten!\",\"breadcrumb\":{\"@id\":\"https:\/\/bolting.eu\/en\/shop\/boulderbuerste-teleskopstock-triple-tube-ibbz\/#breadcrumb\"},\"inLanguage\":\"en-US\",\"potentialAction\":[{\"@type\":\"ReadAction\",\"target\":[\"https:\/\/bolting.eu\/en\/shop\/boulderbuerste-teleskopstock-triple-tube-ibbz\/\"]}]},{\"@type\":\"ImageObject\",\"inLanguage\":\"en-US\",\"@id\":\"https:\/\/bolting.eu\/en\/shop\/boulderbuerste-teleskopstock-triple-tube-ibbz\/#primaryimage\",\"url\":\"https:\/\/bolting.eu\/wp-content\/uploads\/2020\/03\/Teleskop-Boulder-Putzstock-Triple-Tube-Ibbz-set.jpg\",\"contentUrl\":\"https:\/\/bolting.eu\/wp-content\/uploads\/2020\/03\/Teleskop-Boulder-Putzstock-Triple-Tube-Ibbz-set.jpg\",\"width\":700,\"height\":700,\"caption\":\"das Bild zeigt den Teleskop Putzstock und im Detail den Aufsatz f\u00fcr zwei Boulderb\u00fcrsten.\"},{\"@type\":\"BreadcrumbList\",\"@id\":\"https:\/\/bolting.eu\/en\/shop\/boulderbuerste-teleskopstock-triple-tube-ibbz\/#breadcrumb\",\"itemListElement\":[{\"@type\":\"ListItem\",\"position\":1,\"name\":\"Shop\",\"item\":\"https:\/\/bolting.eu\/en\/shop\/\"},{\"@type\":\"ListItem\",\"position\":2,\"name\":\"Boulder Ausr\u00fcstung\",\"item\":\"https:\/\/bolting.eu\/produkt-kategorie\/boulder-ausruestung\/\"},{\"@type\":\"ListItem\",\"position\":3,\"name\":\"Boulder Teleskop-Putzst\u00f6cke\",\"item\":\"https:\/\/bolting.eu\/produkt-kategorie\/boulder-ausruestung\/boulder-teleskop-putzstoecke\/\"},{\"@type\":\"ListItem\",\"position\":4,\"name\":\"Boulderb\u00fcrste Teleskopstock Triple Tube I\u00b4bbz\"}]},{\"@type\":\"WebSite\",\"@id\":\"https:\/\/bolting.eu\/en\/#website\",\"url\":\"https:\/\/bolting.eu\/en\/\",\"name\":\"bolting.eu\",\"description\":\"we make climbs happen\",\"publisher\":{\"@id\":\"https:\/\/bolting.eu\/en\/#organization\"},\"potentialAction\":[{\"@type\":\"SearchAction\",\"target\":{\"@type\":\"EntryPoint\",\"urlTemplate\":\"https:\/\/bolting.eu\/en\/?s={search_term_string}\"},\"query-input\":{\"@type\":\"PropertyValueSpecification\",\"valueRequired\":true,\"valueName\":\"search_term_string\"}}],\"inLanguage\":\"en-US\"},{\"@type\":[\"Organization\",\"Place\",\"SportingGoodsStore\"],\"@id\":\"https:\/\/bolting.eu\/en\/#organization\",\"name\":\"bolting.eu\",\"url\":\"https:\/\/bolting.eu\/en\/\",\"logo\":{\"@id\":\"https:\/\/bolting.eu\/en\/shop\/boulderbuerste-teleskopstock-triple-tube-ibbz\/#local-main-organization-logo\"},\"image\":{\"@id\":\"https:\/\/bolting.eu\/en\/shop\/boulderbuerste-teleskopstock-triple-tube-ibbz\/#local-main-organization-logo\"},\"sameAs\":[\"https:\/\/www.facebook.com\/bolting.eu\",\"https:\/\/www.instagram.com\/bolting.eu\/\"],\"address\":{\"@id\":\"https:\/\/bolting.eu\/en\/shop\/boulderbuerste-teleskopstock-triple-tube-ibbz\/#local-main-place-address\"},\"geo\":{\"@type\":\"GeoCoordinates\",\"latitude\":\"47.264176340396226\",\"longitude\":\"11.380109057672346\"},\"telephone\":[\"+43 699 19083372\"],\"openingHoursSpecification\":[{\"@type\":\"OpeningHoursSpecification\",\"dayOfWeek\":[\"Monday\",\"Wednesday\",\"Friday\"],\"opens\":\"14:00\",\"closes\":\"18:00\"},{\"@type\":\"OpeningHoursSpecification\",\"dayOfWeek\":[\"Tuesday\",\"Thursday\",\"Saturday\",\"Sunday\"],\"opens\":\"00:00\",\"closes\":\"00:00\"}],\"email\":\"office@bolting.eu\",\"vatID\":\"ATU59999728\",\"priceRange\":\"$$\",\"currenciesAccepted\":\"Euro\"},{\"@type\":\"PostalAddress\",\"@id\":\"https:\/\/bolting.eu\/en\/shop\/boulderbuerste-teleskopstock-triple-tube-ibbz\/#local-main-place-address\",\"streetAddress\":\"Fischnalerstra\u00dfe 4\",\"addressLocality\":\"Innsbruck\",\"postalCode\":\"6020\",\"addressRegion\":\"Tirol\",\"addressCountry\":\"AT\"},{\"@type\":\"ImageObject\",\"inLanguage\":\"en-US\",\"@id\":\"https:\/\/bolting.eu\/en\/shop\/boulderbuerste-teleskopstock-triple-tube-ibbz\/#local-main-organization-logo\",\"url\":\"https:\/\/bolting.eu\/wp-content\/uploads\/2019\/09\/bolting-logo.png\",\"contentUrl\":\"https:\/\/bolting.eu\/wp-content\/uploads\/2019\/09\/bolting-logo.png\",\"width\":400,\"height\":211,\"caption\":\"bolting.eu\"}]}<\/script>\n<meta property=\"product:price:amount\" content=\"39.90\" \/>\n<meta property=\"product:price:currency\" content=\"EUR\" \/>\n<meta property=\"og:availability\" content=\"instock\" \/>\n<meta property=\"product:availability\" content=\"instock\" \/>\n<meta property=\"product:retailer_item_id\" content=\"ibbz_triple_tube\" \/>\n<meta property=\"product:condition\" content=\"new\" \/>\n<meta name=\"geo.placename\" content=\"Innsbruck\" \/>\n<meta name=\"geo.position\" content=\"47.264176340396226;11.380109057672346\" \/>\n<meta name=\"geo.region\" content=\"Austria\" \/>\n<!-- \/ Yoast SEO Premium plugin. -->","yoast_head_json":{"title":"Boulderb\u00fcrste Teleskopstock Triple Tube I\u00b4bbz online kaufen bei bolting.eu","description":"Hier findet ihr die Boulderb\u00fcrste Teleskopstock Triple Tube von I\u00b4bbz. Eine Stange f\u00fcr Boulderb\u00fcrsten - Stock f\u00fcr Boulderb\u00fcrsten mit 3 passenden B\u00fcrsten!","robots":{"index":"index","follow":"follow","max-snippet":"max-snippet:-1","max-image-preview":"max-image-preview:large","max-video-preview":"max-video-preview:-1"},"canonical":"https:\/\/bolting.eu\/en\/shop\/boulderbuerste-teleskopstock-triple-tube-ibbz\/","og_locale":"en_US","og_type":"article","og_title":"Boulderb\u00fcrste Teleskopstock Triple Tube I\u00b4bbz","og_description":"Hier findet ihr die Boulderb\u00fcrste Teleskopstock Triple Tube von I\u00b4bbz. Eine Stange f\u00fcr Boulderb\u00fcrsten - Stock f\u00fcr Boulderb\u00fcrsten mit 3 passenden B\u00fcrsten!","og_url":"https:\/\/bolting.eu\/en\/shop\/boulderbuerste-teleskopstock-triple-tube-ibbz\/","og_site_name":"bolting.eu","article_publisher":"https:\/\/www.facebook.com\/bolting.eu","article_modified_time":"2025-03-28T20:19:25+00:00","og_image":[{"width":700,"height":700,"url":"https:\/\/bolting.eu\/wp-content\/uploads\/2020\/03\/Teleskop-Boulder-Putzstock-Triple-Tube-Ibbz-set.jpg","type":"image\/jpeg"}],"twitter_card":"summary_large_image","twitter_misc":{"Price":"&euro;&nbsp;39,90","Availability":"In stock"},"schema":{"@context":"https:\/\/schema.org","@graph":[{"@type":["WebPage","ItemPage"],"@id":"https:\/\/bolting.eu\/en\/shop\/boulderbuerste-teleskopstock-triple-tube-ibbz\/","url":"https:\/\/bolting.eu\/en\/shop\/boulderbuerste-teleskopstock-triple-tube-ibbz\/","name":"Boulderb\u00fcrste Teleskopstock Triple Tube I\u00b4bbz online kaufen bei bolting.eu","isPartOf":{"@id":"https:\/\/bolting.eu\/en\/#website"},"primaryImageOfPage":{"@id":"https:\/\/bolting.eu\/en\/shop\/boulderbuerste-teleskopstock-triple-tube-ibbz\/#primaryimage"},"image":{"@id":"https:\/\/bolting.eu\/en\/shop\/boulderbuerste-teleskopstock-triple-tube-ibbz\/#primaryimage"},"thumbnailUrl":"https:\/\/bolting.eu\/wp-content\/uploads\/2020\/03\/Teleskop-Boulder-Putzstock-Triple-Tube-Ibbz-set.jpg","datePublished":"2020-03-24T10:13:43+00:00","dateModified":"2025-03-28T20:19:25+00:00","description":"Hier findet ihr die Boulderb\u00fcrste Teleskopstock Triple Tube von I\u00b4bbz. Eine Stange f\u00fcr Boulderb\u00fcrsten - Stock f\u00fcr Boulderb\u00fcrsten mit 3 passenden B\u00fcrsten!","breadcrumb":{"@id":"https:\/\/bolting.eu\/en\/shop\/boulderbuerste-teleskopstock-triple-tube-ibbz\/#breadcrumb"},"inLanguage":"en-US","potentialAction":[{"@type":"ReadAction","target":["https:\/\/bolting.eu\/en\/shop\/boulderbuerste-teleskopstock-triple-tube-ibbz\/"]}]},{"@type":"ImageObject","inLanguage":"en-US","@id":"https:\/\/bolting.eu\/en\/shop\/boulderbuerste-teleskopstock-triple-tube-ibbz\/#primaryimage","url":"https:\/\/bolting.eu\/wp-content\/uploads\/2020\/03\/Teleskop-Boulder-Putzstock-Triple-Tube-Ibbz-set.jpg","contentUrl":"https:\/\/bolting.eu\/wp-content\/uploads\/2020\/03\/Teleskop-Boulder-Putzstock-Triple-Tube-Ibbz-set.jpg","width":700,"height":700,"caption":"das Bild zeigt den Teleskop Putzstock und im Detail den Aufsatz f\u00fcr zwei Boulderb\u00fcrsten."},{"@type":"BreadcrumbList","@id":"https:\/\/bolting.eu\/en\/shop\/boulderbuerste-teleskopstock-triple-tube-ibbz\/#breadcrumb","itemListElement":[{"@type":"ListItem","position":1,"name":"Shop","item":"https:\/\/bolting.eu\/en\/shop\/"},{"@type":"ListItem","position":2,"name":"Boulder Ausr\u00fcstung","item":"https:\/\/bolting.eu\/produkt-kategorie\/boulder-ausruestung\/"},{"@type":"ListItem","position":3,"name":"Boulder Teleskop-Putzst\u00f6cke","item":"https:\/\/bolting.eu\/produkt-kategorie\/boulder-ausruestung\/boulder-teleskop-putzstoecke\/"},{"@type":"ListItem","position":4,"name":"Boulderb\u00fcrste Teleskopstock Triple Tube I\u00b4bbz"}]},{"@type":"WebSite","@id":"https:\/\/bolting.eu\/en\/#website","url":"https:\/\/bolting.eu\/en\/","name":"bolting.eu","description":"we make climbs happen","publisher":{"@id":"https:\/\/bolting.eu\/en\/#organization"},"potentialAction":[{"@type":"SearchAction","target":{"@type":"EntryPoint","urlTemplate":"https:\/\/bolting.eu\/en\/?s={search_term_string}"},"query-input":{"@type":"PropertyValueSpecification","valueRequired":true,"valueName":"search_term_string"}}],"inLanguage":"en-US"},{"@type":["Organization","Place","SportingGoodsStore"],"@id":"https:\/\/bolting.eu\/en\/#organization","name":"bolting.eu","url":"https:\/\/bolting.eu\/en\/","logo":{"@id":"https:\/\/bolting.eu\/en\/shop\/boulderbuerste-teleskopstock-triple-tube-ibbz\/#local-main-organization-logo"},"image":{"@id":"https:\/\/bolting.eu\/en\/shop\/boulderbuerste-teleskopstock-triple-tube-ibbz\/#local-main-organization-logo"},"sameAs":["https:\/\/www.facebook.com\/bolting.eu","https:\/\/www.instagram.com\/bolting.eu\/"],"address":{"@id":"https:\/\/bolting.eu\/en\/shop\/boulderbuerste-teleskopstock-triple-tube-ibbz\/#local-main-place-address"},"geo":{"@type":"GeoCoordinates","latitude":"47.264176340396226","longitude":"11.380109057672346"},"telephone":["+43 699 19083372"],"openingHoursSpecification":[{"@type":"OpeningHoursSpecification","dayOfWeek":["Monday","Wednesday","Friday"],"opens":"14:00","closes":"18:00"},{"@type":"OpeningHoursSpecification","dayOfWeek":["Tuesday","Thursday","Saturday","Sunday"],"opens":"00:00","closes":"00:00"}],"email":"office@bolting.eu","vatID":"ATU59999728","priceRange":"$$","currenciesAccepted":"Euro"},{"@type":"PostalAddress","@id":"https:\/\/bolting.eu\/en\/shop\/boulderbuerste-teleskopstock-triple-tube-ibbz\/#local-main-place-address","streetAddress":"Fischnalerstra\u00dfe 4","addressLocality":"Innsbruck","postalCode":"6020","addressRegion":"Tirol","addressCountry":"AT"},{"@type":"ImageObject","inLanguage":"en-US","@id":"https:\/\/bolting.eu\/en\/shop\/boulderbuerste-teleskopstock-triple-tube-ibbz\/#local-main-organization-logo","url":"https:\/\/bolting.eu\/wp-content\/uploads\/2019\/09\/bolting-logo.png","contentUrl":"https:\/\/bolting.eu\/wp-content\/uploads\/2019\/09\/bolting-logo.png","width":400,"height":211,"caption":"bolting.eu"}]},"product_price_amount":"39.90","product_price_currency":"EUR","og_availability":"instock","product_availability":"instock","product_retailer_item_id":"ibbz_triple_tube","product_condition":"new","geo.placename":"Innsbruck","geo.position":{"lat":"47.264176340396226","long":"11.380109057672346"},"geo.region":"Austria"},"_links":{"self":[{"href":"https:\/\/bolting.eu\/en\/wp-json\/wp\/v2\/product\/2616","targetHints":{"allow":["GET"]}}],"collection":[{"href":"https:\/\/bolting.eu\/en\/wp-json\/wp\/v2\/product"}],"about":[{"href":"https:\/\/bolting.eu\/en\/wp-json\/wp\/v2\/types\/product"}],"replies":[{"embeddable":true,"href":"https:\/\/bolting.eu\/en\/wp-json\/wp\/v2\/comments?post=2616"}],"wp:featuredmedia":[{"embeddable":true,"href":"https:\/\/bolting.eu\/en\/wp-json\/wp\/v2\/media\/2609"}],"wp:attachment":[{"href":"https:\/\/bolting.eu\/en\/wp-json\/wp\/v2\/media?parent=2616"}],"wp:term":[{"taxonomy":"product_brand","embeddable":true,"href":"https:\/\/bolting.eu\/en\/wp-json\/wp\/v2\/product_brand?post=2616"},{"taxonomy":"product_cat","embeddable":true,"href":"https:\/\/bolting.eu\/en\/wp-json\/wp\/v2\/product_cat?post=2616"},{"taxonomy":"product_tag","embeddable":true,"href":"https:\/\/bolting.eu\/en\/wp-json\/wp\/v2\/product_tag?post=2616"}],"curies":[{"name":"wp","href":"https:\/\/api.w.org\/{rel}","templated":true}]}}