{"id":2585,"date":"2020-03-23T16:35:23","date_gmt":"2020-03-23T15:35:23","guid":{"rendered":"https:\/\/bolting.eu\/?post_type=product&#038;p=2585"},"modified":"2025-12-16T13:17:52","modified_gmt":"2025-12-16T12:17:52","slug":"metolius-half-dome-haulbag","status":"publish","type":"product","link":"https:\/\/bolting.eu\/en\/shop\/metolius-half-dome-haulbag\/","title":{"rendered":"Metolius Half Dome Haulbag"},"content":{"rendered":"<p>Der Metolius Quarter Dome Haulbag ist ein 125 Liter Haulbag. Folglich ist er f\u00fcr gro\u00dfe Big Walls gedacht. Beispielsweise die Salathe Wall im Yosemite. Der Pack ist dank des Metolius Durethan \u00ae Materials extrem robust. Viele Tage an der Wand entlang schleifen macht dem Bag nichts aus. Den Haulbag nach einer langen Tour wegwerfen zu m\u00fcssen gibt es hier nicht. Somit relativiert sich der relativ hohe Preis des Half Dome wieder.<\/p>\n<p>Er weist folgende Eigenschaften auf. Erstens hat er super bequeme Trageriemen und einen H\u00fcftgurt. Beide Teile k\u00f6nnen abgenommen und im R\u00fcckenfach verstaut werden. Zweitens besteht seine H\u00fclle wie erw\u00e4hnt aus extrem abriebfesten Durethan\u00ae. Das ist das Standard Material aller gro\u00dfen Metolius Haulbags. Drittens hat er ein Volumen von 125 Litern. Da passt z.B. Gear, Essen und Trinken sowie Biwakzeugs f\u00fcr 2-4 Tage rein. Viertens hat er einige weitere coole Features. Beispielsweise eine kleine Innentasche mit Zip und nat\u00fcrlich zwei starke Hauling Schlaufen. Die Aluminium Schnalle ist \u00fcbrigens unkaputtbar und macht den Bag zu einer nachhaltigen Investition. Denn er h\u00e4lt in der Regel viele, viele Jahr!<\/p>\n<h3>Eigenschaften Metolius Half Dome Haulbag<\/h3>\n<ul>\n<li>Hersteller: <a href=\"https:\/\/www.metoliusclimbing.com\" target=\"_blank\" rel=\"noopener noreferrer\">Metolius<\/a><\/li>\n<li>Gewicht: 3,4kg<\/li>\n<li>Volumen: 125 Liter<\/li>\n<li>Ma\u00dfe: 45cm Durchmesser und 80cm H\u00f6he + 38cm Kragen<\/li>\n<li>Material: H\u00fclle Durethan und Nylon<\/li>\n<li>extrem abriebfest<\/li>\n<li>Einsatzgebiet: Haulbag f\u00fcr gro\u00dfe Walls<\/li>\n<li>Farben: Gr\u00fcn<\/li>\n<li>2 Hauling Schlaufen<\/li>\n<li>Innentasche mit Zip, Daisy Schlaufen an der Unterseite<\/li>\n<li>Alu-Schnalle<\/li>\n<li>komfortable Trageriemen + H\u00fcftgurt jeweils abnehmbar<\/li>\n<\/ul>\n<h3>Metolius Half Dome Haulbag im Gr\u00f6\u00dfenvergleich<\/h3>\n<h3><a href=\"https:\/\/bolting.eu\/wp-content\/uploads\/2019\/10\/Haulbag-Uebersicht-Groessen-Metolius.jpg\"><img loading=\"lazy\" decoding=\"async\" class=\"alignnone wp-image-547 size-full\" src=\"https:\/\/bolting.eu\/wp-content\/uploads\/2019\/10\/Haulbag-Uebersicht-Groessen-Metolius.jpg\" alt=\"Das Bild zeigt die unterschiedlichen Gr\u00f6\u00dfen des Haulbag Herstellers Metolius. Vor einem waldigen Hintergrund sieht man immer den selben MAnn mit je einem verschieden gro\u00dfen, gr\u00fcnen Haulbag. Es sind vier unterschiedlich gro\u00dfe verschiedene Modelle zu sehen.\" width=\"700\" height=\"292\" srcset=\"https:\/\/bolting.eu\/wp-content\/uploads\/2019\/10\/Haulbag-Uebersicht-Groessen-Metolius.jpg 700w, https:\/\/bolting.eu\/wp-content\/uploads\/2019\/10\/Haulbag-Uebersicht-Groessen-Metolius-600x250.jpg 600w\" sizes=\"auto, (max-width: 700px) 100vw, 700px\" \/><\/a><\/h3>\n<p>Im Bild oben seht ihr von links nach rechts: Sentinel 46 Liter &#8211; Quarter Dome 69 Liter &#8211; Half Dome 125 Liter &#8211; El Cap 157 Liter<\/p>\n<h3>Packen des Haulbags<\/h3>\n<p>Es ist wichtig den Metolius Half Dome Haulbag richtig zu packen. Hierzu lege eine Schaumstoff Iso Matte in den Bag an die Au\u00dfenwand. Das dient zur D\u00e4mpfung des Inhalts. Danach lege die unwichtigsten Sachen in den Boden. Wie z.B. Wasserflaschen und Essen f\u00fcr den 2. Tag sowie Reserve Gear. Beispielsweise zus\u00e4tzliche <a href=\"https:\/\/bolting.eu\/produkt-kategorie\/felshaken-normalhaken\/\">Felshaken<\/a>, gro\u00dfe <a href=\"https:\/\/bolting.eu\/produkt-kategorie\/klemmgeraete-friends\/\">Klemmger\u00e4te<\/a>, usw.<\/p>\n<p>Danach kommt die Reservebekleidung in Dry Bags verpackt. Beachte, diese m\u00fcssen stets trocken gehalten werden. Dar\u00fcber solltet ihr dann Euer Biwak Zeugs, Schlafsack (im Dry Bag) und Proviant bzw. Getr\u00e4nke f\u00fcr den Klettertag legen. Das Kleinzeugs wie Topos, Plastikbesteck, Messer etc. kommt in die Innentasche.<\/p>\n<p><strong>Link Tipp:<\/strong> Hier geht es zum <a href=\"https:\/\/www.metoliusclimbing.com\" target=\"_blank\" rel=\"noopener noreferrer\">Hersteller<\/a><\/p>\n","protected":false},"excerpt":{"rendered":"<ul>\n<li>Hersteller: Metolius<\/li>\n<li>Gewicht: 3,4kg<\/li>\n<li>Volumen: 125 Liter<\/li>\n<li>Material: H\u00fclle Durethan und Nylon<\/li>\n<li>extrem abriebfest<\/li>\n<li>Einsatzgebiet: Haulbag f\u00fcr gro\u00dfe Walls<\/li>\n<li>Farben: Gr\u00fcn<\/li>\n<li>2 Hauling Schlaufen<\/li>\n<li>Innentasche mit Zip, Daisy Schlaufen an der Unterseite<\/li>\n<li>Alu-Schnalle<\/li>\n<li>komfortable Trageriemen + H\u00fcftgurt jeweils abnehmbar<\/li>\n<\/ul>\n","protected":false},"featured_media":2591,"comment_status":"closed","ping_status":"closed","template":"","meta":[],"product_brand":[],"product_cat":[4657,10581,31,42],"product_tag":[265],"class_list":{"0":"post-2585","1":"product","2":"type-product","3":"status-publish","4":"has-post-thumbnail","6":"product_cat-metolius","7":"product_cat-metolius-haulbags","8":"product_cat-big-wall-ausruestung","9":"product_cat-haulbag","10":"product_tag-big-wall-klettern","12":"first","13":"outofstock","14":"sale","15":"taxable","16":"shipping-taxable","17":"purchasable","18":"product-type-simple"},"yoast_head":"<!-- This site is optimized with the Yoast SEO Premium plugin v26.9 (Yoast SEO v26.9) - https:\/\/yoast.com\/product\/yoast-seo-premium-wordpress\/ -->\n<title>Metolius Half Dome Haulbag: jetzt online kaufen bei bolting.eu<\/title>\n<meta name=\"description\" content=\"Hier findet ihr den METOLIUS HALF DOME HAULBAG. Einen robusten 125 Liter Haulbag mit Durethan\u00ae Material f\u00fcr Euer Big Wall Abenteuer!\" \/>\n<meta name=\"robots\" content=\"index, follow, max-snippet:-1, max-image-preview:large, max-video-preview:-1\" \/>\n<link rel=\"canonical\" href=\"https:\/\/bolting.eu\/en\/shop\/metolius-half-dome-haulbag\/\" \/>\n<meta property=\"og:locale\" content=\"en_US\" \/>\n<meta property=\"og:type\" content=\"article\" \/>\n<meta property=\"og:title\" content=\"Metolius Half Dome Haulbag\" \/>\n<meta property=\"og:description\" content=\"Hier findet ihr den METOLIUS HALF DOME HAULBAG. Einen robusten 125 Liter Haulbag mit Durethan\u00ae Material f\u00fcr Euer Big Wall Abenteuer!\" \/>\n<meta property=\"og:url\" content=\"https:\/\/bolting.eu\/en\/shop\/metolius-half-dome-haulbag\/\" \/>\n<meta property=\"og:site_name\" content=\"bolting.eu\" \/>\n<meta property=\"article:publisher\" content=\"https:\/\/www.facebook.com\/bolting.eu\" \/>\n<meta property=\"article:modified_time\" content=\"2025-12-16T12:17:52+00:00\" \/>\n<meta property=\"og:image\" content=\"https:\/\/bolting.eu\/wp-content\/uploads\/2020\/03\/Metolius-El-Cap-Haulbag-1.jpg\" \/>\n\t<meta property=\"og:image:width\" content=\"700\" \/>\n\t<meta property=\"og:image:height\" content=\"700\" \/>\n\t<meta property=\"og:image:type\" content=\"image\/jpeg\" \/>\n<meta name=\"twitter:card\" content=\"summary_large_image\" \/>\n<meta name=\"twitter:label1\" content=\"Price\" \/>\n\t<meta name=\"twitter:data1\" content=\"&euro;&nbsp;385,00\" \/>\n\t<meta name=\"twitter:label2\" content=\"Availability\" \/>\n\t<meta name=\"twitter:data2\" content=\"Out of stock\" \/>\n<script type=\"application\/ld+json\" class=\"yoast-schema-graph\">{\"@context\":\"https:\/\/schema.org\",\"@graph\":[{\"@type\":[\"WebPage\",\"ItemPage\"],\"@id\":\"https:\/\/bolting.eu\/en\/shop\/metolius-half-dome-haulbag\/\",\"url\":\"https:\/\/bolting.eu\/en\/shop\/metolius-half-dome-haulbag\/\",\"name\":\"Metolius Half Dome Haulbag: jetzt online kaufen bei bolting.eu\",\"isPartOf\":{\"@id\":\"https:\/\/bolting.eu\/en\/#website\"},\"primaryImageOfPage\":{\"@id\":\"https:\/\/bolting.eu\/en\/shop\/metolius-half-dome-haulbag\/#primaryimage\"},\"image\":{\"@id\":\"https:\/\/bolting.eu\/en\/shop\/metolius-half-dome-haulbag\/#primaryimage\"},\"thumbnailUrl\":\"https:\/\/bolting.eu\/wp-content\/uploads\/2020\/03\/Metolius-El-Cap-Haulbag-1.jpg\",\"datePublished\":\"2020-03-23T15:35:23+00:00\",\"dateModified\":\"2025-12-16T12:17:52+00:00\",\"description\":\"Hier findet ihr den METOLIUS HALF DOME HAULBAG. Einen robusten 125 Liter Haulbag mit Durethan\u00ae Material f\u00fcr Euer Big Wall Abenteuer!\",\"breadcrumb\":{\"@id\":\"https:\/\/bolting.eu\/en\/shop\/metolius-half-dome-haulbag\/#breadcrumb\"},\"inLanguage\":\"en-US\",\"potentialAction\":[{\"@type\":\"ReadAction\",\"target\":[\"https:\/\/bolting.eu\/en\/shop\/metolius-half-dome-haulbag\/\"]}]},{\"@type\":\"ImageObject\",\"inLanguage\":\"en-US\",\"@id\":\"https:\/\/bolting.eu\/en\/shop\/metolius-half-dome-haulbag\/#primaryimage\",\"url\":\"https:\/\/bolting.eu\/wp-content\/uploads\/2020\/03\/Metolius-El-Cap-Haulbag-1.jpg\",\"contentUrl\":\"https:\/\/bolting.eu\/wp-content\/uploads\/2020\/03\/Metolius-El-Cap-Haulbag-1.jpg\",\"width\":700,\"height\":700,\"caption\":\"Das Bild zeigt den gr\u00fcnen Metolius El Cap Haulbag von der Seite in einem wei\u00dfem Quadrat. Man sieht die Daisy Chain Schlaufen, die schwarze Deckeltasche sowie teilweise einen der Trageriemen.\"},{\"@type\":\"BreadcrumbList\",\"@id\":\"https:\/\/bolting.eu\/en\/shop\/metolius-half-dome-haulbag\/#breadcrumb\",\"itemListElement\":[{\"@type\":\"ListItem\",\"position\":1,\"name\":\"Shop\",\"item\":\"https:\/\/bolting.eu\/en\/shop\/\"},{\"@type\":\"ListItem\",\"position\":2,\"name\":\"Big Wall gear\",\"item\":\"https:\/\/bolting.eu\/en\/produkt-kategorie\/big-wall-gear\/\"},{\"@type\":\"ListItem\",\"position\":3,\"name\":\"Haulbag\",\"item\":\"https:\/\/bolting.eu\/produkt-kategorie\/big-wall-ausruestung\/haulbag\/\"},{\"@type\":\"ListItem\",\"position\":4,\"name\":\"Metolius Haulbags\",\"item\":\"https:\/\/bolting.eu\/en\/produkt-kategorie\/big-wall-gear\/haulbag\/metolius-haulbags\/\"},{\"@type\":\"ListItem\",\"position\":5,\"name\":\"Metolius Half Dome Haulbag\"}]},{\"@type\":\"WebSite\",\"@id\":\"https:\/\/bolting.eu\/en\/#website\",\"url\":\"https:\/\/bolting.eu\/en\/\",\"name\":\"bolting.eu\",\"description\":\"we make climbs happen\",\"publisher\":{\"@id\":\"https:\/\/bolting.eu\/en\/#organization\"},\"potentialAction\":[{\"@type\":\"SearchAction\",\"target\":{\"@type\":\"EntryPoint\",\"urlTemplate\":\"https:\/\/bolting.eu\/en\/?s={search_term_string}\"},\"query-input\":{\"@type\":\"PropertyValueSpecification\",\"valueRequired\":true,\"valueName\":\"search_term_string\"}}],\"inLanguage\":\"en-US\"},{\"@type\":[\"Organization\",\"Place\",\"SportingGoodsStore\"],\"@id\":\"https:\/\/bolting.eu\/en\/#organization\",\"name\":\"bolting.eu\",\"url\":\"https:\/\/bolting.eu\/en\/\",\"logo\":{\"@id\":\"https:\/\/bolting.eu\/en\/shop\/metolius-half-dome-haulbag\/#local-main-organization-logo\"},\"image\":{\"@id\":\"https:\/\/bolting.eu\/en\/shop\/metolius-half-dome-haulbag\/#local-main-organization-logo\"},\"sameAs\":[\"https:\/\/www.facebook.com\/bolting.eu\",\"https:\/\/www.instagram.com\/bolting.eu\/\"],\"address\":{\"@id\":\"https:\/\/bolting.eu\/en\/shop\/metolius-half-dome-haulbag\/#local-main-place-address\"},\"geo\":{\"@type\":\"GeoCoordinates\",\"latitude\":\"47.264176340396226\",\"longitude\":\"11.380109057672346\"},\"telephone\":[\"+43 699 19083372\"],\"openingHoursSpecification\":[{\"@type\":\"OpeningHoursSpecification\",\"dayOfWeek\":[\"Monday\",\"Wednesday\",\"Friday\"],\"opens\":\"14:00\",\"closes\":\"18:00\"},{\"@type\":\"OpeningHoursSpecification\",\"dayOfWeek\":[\"Tuesday\",\"Thursday\",\"Saturday\",\"Sunday\"],\"opens\":\"00:00\",\"closes\":\"00:00\"}],\"email\":\"office@bolting.eu\",\"vatID\":\"ATU59999728\",\"priceRange\":\"$$\",\"currenciesAccepted\":\"Euro\"},{\"@type\":\"PostalAddress\",\"@id\":\"https:\/\/bolting.eu\/en\/shop\/metolius-half-dome-haulbag\/#local-main-place-address\",\"streetAddress\":\"Fischnalerstra\u00dfe 4\",\"addressLocality\":\"Innsbruck\",\"postalCode\":\"6020\",\"addressRegion\":\"Tirol\",\"addressCountry\":\"AT\"},{\"@type\":\"ImageObject\",\"inLanguage\":\"en-US\",\"@id\":\"https:\/\/bolting.eu\/en\/shop\/metolius-half-dome-haulbag\/#local-main-organization-logo\",\"url\":\"https:\/\/bolting.eu\/wp-content\/uploads\/2019\/09\/bolting-logo.png\",\"contentUrl\":\"https:\/\/bolting.eu\/wp-content\/uploads\/2019\/09\/bolting-logo.png\",\"width\":400,\"height\":211,\"caption\":\"bolting.eu\"}]}<\/script>\n<meta property=\"product:price:amount\" content=\"385.00\" \/>\n<meta property=\"product:price:currency\" content=\"EUR\" \/>\n<meta property=\"og:availability\" content=\"out of stock\" \/>\n<meta property=\"product:availability\" content=\"out of stock\" \/>\n<meta property=\"product:retailer_item_id\" content=\"metolius_half_dome\" \/>\n<meta property=\"product:condition\" content=\"new\" \/>\n<meta name=\"geo.placename\" content=\"Innsbruck\" \/>\n<meta name=\"geo.position\" content=\"47.264176340396226;11.380109057672346\" \/>\n<meta name=\"geo.region\" content=\"Austria\" \/>\n<!-- \/ Yoast SEO Premium plugin. -->","yoast_head_json":{"title":"Metolius Half Dome Haulbag: jetzt online kaufen bei bolting.eu","description":"Hier findet ihr den METOLIUS HALF DOME HAULBAG. Einen robusten 125 Liter Haulbag mit Durethan\u00ae Material f\u00fcr Euer Big Wall Abenteuer!","robots":{"index":"index","follow":"follow","max-snippet":"max-snippet:-1","max-image-preview":"max-image-preview:large","max-video-preview":"max-video-preview:-1"},"canonical":"https:\/\/bolting.eu\/en\/shop\/metolius-half-dome-haulbag\/","og_locale":"en_US","og_type":"article","og_title":"Metolius Half Dome Haulbag","og_description":"Hier findet ihr den METOLIUS HALF DOME HAULBAG. Einen robusten 125 Liter Haulbag mit Durethan\u00ae Material f\u00fcr Euer Big Wall Abenteuer!","og_url":"https:\/\/bolting.eu\/en\/shop\/metolius-half-dome-haulbag\/","og_site_name":"bolting.eu","article_publisher":"https:\/\/www.facebook.com\/bolting.eu","article_modified_time":"2025-12-16T12:17:52+00:00","og_image":[{"width":700,"height":700,"url":"https:\/\/bolting.eu\/wp-content\/uploads\/2020\/03\/Metolius-El-Cap-Haulbag-1.jpg","type":"image\/jpeg"}],"twitter_card":"summary_large_image","twitter_misc":{"Price":"&euro;&nbsp;385,00","Availability":"Out of stock"},"schema":{"@context":"https:\/\/schema.org","@graph":[{"@type":["WebPage","ItemPage"],"@id":"https:\/\/bolting.eu\/en\/shop\/metolius-half-dome-haulbag\/","url":"https:\/\/bolting.eu\/en\/shop\/metolius-half-dome-haulbag\/","name":"Metolius Half Dome Haulbag: jetzt online kaufen bei bolting.eu","isPartOf":{"@id":"https:\/\/bolting.eu\/en\/#website"},"primaryImageOfPage":{"@id":"https:\/\/bolting.eu\/en\/shop\/metolius-half-dome-haulbag\/#primaryimage"},"image":{"@id":"https:\/\/bolting.eu\/en\/shop\/metolius-half-dome-haulbag\/#primaryimage"},"thumbnailUrl":"https:\/\/bolting.eu\/wp-content\/uploads\/2020\/03\/Metolius-El-Cap-Haulbag-1.jpg","datePublished":"2020-03-23T15:35:23+00:00","dateModified":"2025-12-16T12:17:52+00:00","description":"Hier findet ihr den METOLIUS HALF DOME HAULBAG. Einen robusten 125 Liter Haulbag mit Durethan\u00ae Material f\u00fcr Euer Big Wall Abenteuer!","breadcrumb":{"@id":"https:\/\/bolting.eu\/en\/shop\/metolius-half-dome-haulbag\/#breadcrumb"},"inLanguage":"en-US","potentialAction":[{"@type":"ReadAction","target":["https:\/\/bolting.eu\/en\/shop\/metolius-half-dome-haulbag\/"]}]},{"@type":"ImageObject","inLanguage":"en-US","@id":"https:\/\/bolting.eu\/en\/shop\/metolius-half-dome-haulbag\/#primaryimage","url":"https:\/\/bolting.eu\/wp-content\/uploads\/2020\/03\/Metolius-El-Cap-Haulbag-1.jpg","contentUrl":"https:\/\/bolting.eu\/wp-content\/uploads\/2020\/03\/Metolius-El-Cap-Haulbag-1.jpg","width":700,"height":700,"caption":"Das Bild zeigt den gr\u00fcnen Metolius El Cap Haulbag von der Seite in einem wei\u00dfem Quadrat. Man sieht die Daisy Chain Schlaufen, die schwarze Deckeltasche sowie teilweise einen der Trageriemen."},{"@type":"BreadcrumbList","@id":"https:\/\/bolting.eu\/en\/shop\/metolius-half-dome-haulbag\/#breadcrumb","itemListElement":[{"@type":"ListItem","position":1,"name":"Shop","item":"https:\/\/bolting.eu\/en\/shop\/"},{"@type":"ListItem","position":2,"name":"Big Wall gear","item":"https:\/\/bolting.eu\/en\/produkt-kategorie\/big-wall-gear\/"},{"@type":"ListItem","position":3,"name":"Haulbag","item":"https:\/\/bolting.eu\/produkt-kategorie\/big-wall-ausruestung\/haulbag\/"},{"@type":"ListItem","position":4,"name":"Metolius Haulbags","item":"https:\/\/bolting.eu\/en\/produkt-kategorie\/big-wall-gear\/haulbag\/metolius-haulbags\/"},{"@type":"ListItem","position":5,"name":"Metolius Half Dome Haulbag"}]},{"@type":"WebSite","@id":"https:\/\/bolting.eu\/en\/#website","url":"https:\/\/bolting.eu\/en\/","name":"bolting.eu","description":"we make climbs happen","publisher":{"@id":"https:\/\/bolting.eu\/en\/#organization"},"potentialAction":[{"@type":"SearchAction","target":{"@type":"EntryPoint","urlTemplate":"https:\/\/bolting.eu\/en\/?s={search_term_string}"},"query-input":{"@type":"PropertyValueSpecification","valueRequired":true,"valueName":"search_term_string"}}],"inLanguage":"en-US"},{"@type":["Organization","Place","SportingGoodsStore"],"@id":"https:\/\/bolting.eu\/en\/#organization","name":"bolting.eu","url":"https:\/\/bolting.eu\/en\/","logo":{"@id":"https:\/\/bolting.eu\/en\/shop\/metolius-half-dome-haulbag\/#local-main-organization-logo"},"image":{"@id":"https:\/\/bolting.eu\/en\/shop\/metolius-half-dome-haulbag\/#local-main-organization-logo"},"sameAs":["https:\/\/www.facebook.com\/bolting.eu","https:\/\/www.instagram.com\/bolting.eu\/"],"address":{"@id":"https:\/\/bolting.eu\/en\/shop\/metolius-half-dome-haulbag\/#local-main-place-address"},"geo":{"@type":"GeoCoordinates","latitude":"47.264176340396226","longitude":"11.380109057672346"},"telephone":["+43 699 19083372"],"openingHoursSpecification":[{"@type":"OpeningHoursSpecification","dayOfWeek":["Monday","Wednesday","Friday"],"opens":"14:00","closes":"18:00"},{"@type":"OpeningHoursSpecification","dayOfWeek":["Tuesday","Thursday","Saturday","Sunday"],"opens":"00:00","closes":"00:00"}],"email":"office@bolting.eu","vatID":"ATU59999728","priceRange":"$$","currenciesAccepted":"Euro"},{"@type":"PostalAddress","@id":"https:\/\/bolting.eu\/en\/shop\/metolius-half-dome-haulbag\/#local-main-place-address","streetAddress":"Fischnalerstra\u00dfe 4","addressLocality":"Innsbruck","postalCode":"6020","addressRegion":"Tirol","addressCountry":"AT"},{"@type":"ImageObject","inLanguage":"en-US","@id":"https:\/\/bolting.eu\/en\/shop\/metolius-half-dome-haulbag\/#local-main-organization-logo","url":"https:\/\/bolting.eu\/wp-content\/uploads\/2019\/09\/bolting-logo.png","contentUrl":"https:\/\/bolting.eu\/wp-content\/uploads\/2019\/09\/bolting-logo.png","width":400,"height":211,"caption":"bolting.eu"}]},"product_price_amount":"385.00","product_price_currency":"EUR","og_availability":"out of stock","product_availability":"out of stock","product_retailer_item_id":"metolius_half_dome","product_condition":"new","geo.placename":"Innsbruck","geo.position":{"lat":"47.264176340396226","long":"11.380109057672346"},"geo.region":"Austria"},"_links":{"self":[{"href":"https:\/\/bolting.eu\/en\/wp-json\/wp\/v2\/product\/2585","targetHints":{"allow":["GET"]}}],"collection":[{"href":"https:\/\/bolting.eu\/en\/wp-json\/wp\/v2\/product"}],"about":[{"href":"https:\/\/bolting.eu\/en\/wp-json\/wp\/v2\/types\/product"}],"replies":[{"embeddable":true,"href":"https:\/\/bolting.eu\/en\/wp-json\/wp\/v2\/comments?post=2585"}],"wp:featuredmedia":[{"embeddable":true,"href":"https:\/\/bolting.eu\/en\/wp-json\/wp\/v2\/media\/2591"}],"wp:attachment":[{"href":"https:\/\/bolting.eu\/en\/wp-json\/wp\/v2\/media?parent=2585"}],"wp:term":[{"taxonomy":"product_brand","embeddable":true,"href":"https:\/\/bolting.eu\/en\/wp-json\/wp\/v2\/product_brand?post=2585"},{"taxonomy":"product_cat","embeddable":true,"href":"https:\/\/bolting.eu\/en\/wp-json\/wp\/v2\/product_cat?post=2585"},{"taxonomy":"product_tag","embeddable":true,"href":"https:\/\/bolting.eu\/en\/wp-json\/wp\/v2\/product_tag?post=2585"}],"curies":[{"name":"wp","href":"https:\/\/api.w.org\/{rel}","templated":true}]}}