{"id":2578,"date":"2020-03-23T15:39:50","date_gmt":"2020-03-23T14:39:50","guid":{"rendered":"https:\/\/bolting.eu\/?post_type=product&#038;p=2578"},"modified":"2025-05-09T09:43:22","modified_gmt":"2025-05-09T07:43:22","slug":"metolius-sentinel-haulbag","status":"publish","type":"product","link":"https:\/\/bolting.eu\/en\/shop\/metolius-sentinel-haulbag\/","title":{"rendered":"Metolius Sentinel Haulbag"},"content":{"rendered":"<p>Der Metolius Sentinel Haulbag ist ein 46 Liter Haulbag bzw. <a href=\"https:\/\/bolting.eu\/produkt-kategorie\/kletterausruestung\/kletterrucksack\/\">Kletterrucksack<\/a>. Er ist f\u00fcr kleine Big Walls bzw. lange Alpinrouten gedacht. Der Pack ist extrem robust und kann daher perfekt an einem extra Seil nachgezogen werden. Der Sentinel ist zudem als Alltagsrucksack, f\u00fcr Baumpfleger sowie zum <a href=\"https:\/\/bolting.eu\/kletterroute-einbohren\/\">Kletterroute einbohren<\/a> eine perfekte Wahl. Er weist folgende Eigenschaften auf.<\/p>\n<p>Erstens hat er super bequeme Trageriemen und einen H\u00fcftgurt. Beide Teile k\u00f6nnen abgenommen und im R\u00fcckenfach verstaut werden. Zweitens besteht seine H\u00fclle aus extrem abriebfesten Durethan\u00ae. Das ist das Standard Materials der gro\u00dfen Metolius Haulbags. Drittens hat er ein Volumen von 46 Litern. Da passt z.B. Gear, Essen und Trinken sowie Regenbekleidung f\u00fcr eine lange Tagestour rein. Viertens hat er einige weitere coole Features. Beispielsweise eine kleine Innentasche mit Zip und nat\u00fcrlich zwei starke Hauling Schlaufen. Die Aluminium Schnalle ist \u00fcbrigens unkaputtbar und macht den Bag zu einer nachhaltigen Investition. Denn er h\u00e4lt in der Regel viele, viele Jahr!<\/p>\n<h3>Eigenschaften Metolius Sentinel Haulbag<\/h3>\n<ul>\n<li>Hersteller: <a href=\"https:\/\/www.metoliusclimbing.com\" target=\"_blank\" rel=\"noopener noreferrer\">Metolius<\/a><\/li>\n<li>Gewicht: 2,1kg<\/li>\n<li>Volumen: 46 Liter<\/li>\n<li>Material: H\u00fclle Durethan, Nylon<\/li>\n<li>extrem abriebfest<\/li>\n<li>Einsatzgebiet: Rucksack und Haulbag<\/li>\n<li>Farben: Blau und Gr\u00fcn<\/li>\n<li>2 Hauling Schlaufen<\/li>\n<li>Innentasche mit Zip<\/li>\n<li>Alu-Schnalle<\/li>\n<li>komfortable Trageriemen + H\u00fcftgurt jeweils abnehmbar<\/li>\n<\/ul>\n<h3>Video Metolius Sentinel Haulbag<\/h3>\n<p>Das Video (Englisch) stellt den Haulbag und Dimension im Vergleich zu den anderen Metolius Haulbags vor.<\/p>\n<p><iframe loading=\"lazy\" src=\"https:\/\/www.youtube.com\/embed\/iSRLIWJMj3Y\" width=\"100%\" height=\"450\" frameborder=\"0\" allowfullscreen=\"allowfullscreen\"><span data-mce-type=\"bookmark\" style=\"display: inline-block; width: 0px; overflow: hidden; line-height: 0;\" class=\"mce_SELRES_start\">\ufeff<\/span><\/iframe><\/p>\n<h3>Die Metolius Bags im Gr\u00f6\u00dfenvergleich<\/h3>\n<h3><a href=\"https:\/\/bolting.eu\/wp-content\/uploads\/2019\/10\/Haulbag-Uebersicht-Groessen-Metolius.jpg\"><img loading=\"lazy\" decoding=\"async\" class=\"alignnone wp-image-547 size-full\" src=\"https:\/\/bolting.eu\/wp-content\/uploads\/2019\/10\/Haulbag-Uebersicht-Groessen-Metolius.jpg\" alt=\"Das Bild zeigt die unterschiedlichen Gr\u00f6\u00dfen des Haulbag Herstellers Metolius. Vor einem waldigen Hintergrund sieht man immer den selben MAnn mit je einem verschieden gro\u00dfen, gr\u00fcnen Haulbag. Es sind vier unterschiedlich gro\u00dfe verschiedene Modelle zu sehen.\" width=\"700\" height=\"292\" srcset=\"https:\/\/bolting.eu\/wp-content\/uploads\/2019\/10\/Haulbag-Uebersicht-Groessen-Metolius.jpg 700w, https:\/\/bolting.eu\/wp-content\/uploads\/2019\/10\/Haulbag-Uebersicht-Groessen-Metolius-600x250.jpg 600w\" sizes=\"auto, (max-width: 700px) 100vw, 700px\" \/><\/a><\/h3>\n<p>Im Bild oben seht ihr von links nach rechts: Sentinel 46 Liter &#8211; Quarter Dome 69 Liter &#8211; Half Dome 125 Liter &#8211; El Cap 157 Liter<\/p>\n<h3>Der Bag beim Einbohren<\/h3>\n<p>Der Metolius Sentinel Haulbag ist auch super f\u00fcr Erschlie\u00dfer. Denn in dem robusten Kletterrucksack lassen sich die schweren Materialien bestens transportieren. Beispielsweise <a href=\"https:\/\/bolting.eu\/produkt-kategorie\/klebehaken-buehlerhaken\/\">Klebehaken<\/a>, <a href=\"https:\/\/bolting.eu\/produkt-kategorie\/bohrhaken\/\">Bohrhaken<\/a>, <a href=\"https:\/\/bolting.eu\/produkt-kategorie\/bohrhakenlasche\/\">Bohrhakenlaschen<\/a> und <a href=\"https:\/\/bolting.eu\/produkt-kategorie\/umlenker-kettenstand\/\">Umlenker-Kettenst\u00e4nde<\/a>. Zudem passen Akku Bohrhammer, ein paar <a href=\"https:\/\/bolting.eu\/produkt-kategorie\/sds-bohrer\/\">SDS Bohrer<\/a> und Reserveakkus ebenfalls hinein. Beim Einbohren selbst kann man den Bag an den Hauling-Schlaufen mit in die Wand nehmen. Das extrem abriebfeste Polyurethan h\u00e4lt enorm viel aus!<\/p>\n<h3>Bag als Kletterrucksack<\/h3>\n<p>Wer einen Kletterrucksack kaufen will der viele Jahre halten soll, ist hier richtig! Denn der Metolius Sentinel Haulbag macht sowohl im Klettergarten als auch in der Freizeit eine Top Figur. Denn erstens ist die H\u00fclle quasi wasserdicht. Zweitens sind die Trageriemen und der H\u00fcftgurt breit, gut gepolstert und somit komfortabel. \u00dcberdies hat die Innentasche Stauraum f\u00fcr Kleinzeugs.<\/p>\n<p><strong>Link Tipp:<\/strong> Den neuen Bag gleich mal ausprobieren, beim <a href=\"https:\/\/maltatal.rocks\" target=\"_blank\" rel=\"noopener noreferrer\">Klettern in K\u00e4rnten<\/a><\/p>\n","protected":false},"excerpt":{"rendered":"<p>Kleiner Tages- bzw. zus\u00e4tzlicher Bag mit 46 Liter. Extrem hochwertiges PU und die langlebigste Modellreihe bei uns im Shop.<\/p>\n<p>Ideal f\u00fcr Tagesbegehungen oder als unzerst\u00f6rbarer Kletterrucksack.<\/p>\n<p>Versandkostenfrei bis 2kg in\u00a0<img decoding=\"async\" class=\"emoji\" role=\"img\" draggable=\"false\" src=\"https:\/\/s.w.org\/images\/core\/emoji\/14.0.0\/svg\/1f1e6-1f1f9.svg\" alt=\"\ud83c\udde6\ud83c\uddf9\" \/>\u00a0ab \u20ac 100,- und\u00a0<img decoding=\"async\" class=\"emoji\" role=\"img\" draggable=\"false\" src=\"https:\/\/s.w.org\/images\/core\/emoji\/14.0.0\/svg\/1f1e9-1f1ea.svg\" alt=\"\ud83c\udde9\ud83c\uddea\" \/>\u00a0ab \u20ac 200,-!<\/p>\n","protected":false},"featured_media":2580,"comment_status":"closed","ping_status":"closed","template":"","meta":[],"product_brand":[],"product_cat":[4657,10581,31,42],"product_tag":[265],"class_list":{"0":"post-2578","1":"product","2":"type-product","3":"status-publish","4":"has-post-thumbnail","6":"product_cat-metolius","7":"product_cat-metolius-haulbags","8":"product_cat-big-wall-ausruestung","9":"product_cat-haulbag","10":"product_tag-big-wall-klettern","12":"first","13":"instock","14":"sale","15":"taxable","16":"shipping-taxable","17":"purchasable","18":"product-type-simple"},"yoast_head":"<!-- This site is optimized with the Yoast SEO Premium plugin v26.9 (Yoast SEO v26.9) - https:\/\/yoast.com\/product\/yoast-seo-premium-wordpress\/ -->\n<title>Metolius Sentinel Haulbag: jetzt online kaufen bei bolting.eu<\/title>\n<meta name=\"description\" content=\"METOLIUS SENTINEL HAULBAG beim Kletter Hardwareprofi kaufen \u2705 Trusted Shop \u2705 kostenloser Versand* \u2705 14 Tage R\u00fcckgaberecht \u2705 Co2 neutrale Zustellung\" \/>\n<meta name=\"robots\" content=\"index, follow, max-snippet:-1, max-image-preview:large, max-video-preview:-1\" \/>\n<link rel=\"canonical\" href=\"https:\/\/bolting.eu\/en\/shop\/metolius-sentinel-haulbag\/\" \/>\n<meta property=\"og:locale\" content=\"en_US\" \/>\n<meta property=\"og:type\" content=\"article\" \/>\n<meta property=\"og:title\" content=\"Metolius Sentinel Haulbag\" \/>\n<meta property=\"og:description\" content=\"METOLIUS SENTINEL HAULBAG beim Kletter Hardwareprofi kaufen \u2705 Trusted Shop \u2705 kostenloser Versand* \u2705 14 Tage R\u00fcckgaberecht \u2705 Co2 neutrale Zustellung\" \/>\n<meta property=\"og:url\" content=\"https:\/\/bolting.eu\/en\/shop\/metolius-sentinel-haulbag\/\" \/>\n<meta property=\"og:site_name\" content=\"bolting.eu\" \/>\n<meta property=\"article:publisher\" content=\"https:\/\/www.facebook.com\/bolting.eu\" \/>\n<meta property=\"article:modified_time\" content=\"2025-05-09T07:43:22+00:00\" \/>\n<meta property=\"og:image\" content=\"https:\/\/bolting.eu\/wp-content\/uploads\/2020\/03\/Metolius-Sentinel-Haulbag-1.jpg\" \/>\n\t<meta property=\"og:image:width\" content=\"700\" \/>\n\t<meta property=\"og:image:height\" content=\"700\" \/>\n\t<meta property=\"og:image:type\" content=\"image\/jpeg\" \/>\n<meta name=\"twitter:card\" content=\"summary_large_image\" \/>\n<meta name=\"twitter:label1\" content=\"Price\" \/>\n\t<meta name=\"twitter:data1\" content=\"&euro;&nbsp;265,00\" \/>\n\t<meta name=\"twitter:label2\" content=\"Availability\" \/>\n\t<meta name=\"twitter:data2\" content=\"In stock\" \/>\n<script type=\"application\/ld+json\" class=\"yoast-schema-graph\">{\"@context\":\"https:\/\/schema.org\",\"@graph\":[{\"@type\":[\"WebPage\",\"ItemPage\"],\"@id\":\"https:\/\/bolting.eu\/en\/shop\/metolius-sentinel-haulbag\/\",\"url\":\"https:\/\/bolting.eu\/en\/shop\/metolius-sentinel-haulbag\/\",\"name\":\"Metolius Sentinel Haulbag: jetzt online kaufen bei bolting.eu\",\"isPartOf\":{\"@id\":\"https:\/\/bolting.eu\/en\/#website\"},\"primaryImageOfPage\":{\"@id\":\"https:\/\/bolting.eu\/en\/shop\/metolius-sentinel-haulbag\/#primaryimage\"},\"image\":{\"@id\":\"https:\/\/bolting.eu\/en\/shop\/metolius-sentinel-haulbag\/#primaryimage\"},\"thumbnailUrl\":\"https:\/\/bolting.eu\/wp-content\/uploads\/2020\/03\/Metolius-Sentinel-Haulbag-1.jpg\",\"datePublished\":\"2020-03-23T14:39:50+00:00\",\"dateModified\":\"2025-05-09T07:43:22+00:00\",\"description\":\"METOLIUS SENTINEL HAULBAG beim Kletter Hardwareprofi kaufen \u2705 Trusted Shop \u2705 kostenloser Versand* \u2705 14 Tage R\u00fcckgaberecht \u2705 Co2 neutrale Zustellung\",\"breadcrumb\":{\"@id\":\"https:\/\/bolting.eu\/en\/shop\/metolius-sentinel-haulbag\/#breadcrumb\"},\"inLanguage\":\"en-US\",\"potentialAction\":[{\"@type\":\"ReadAction\",\"target\":[\"https:\/\/bolting.eu\/en\/shop\/metolius-sentinel-haulbag\/\"]}]},{\"@type\":\"ImageObject\",\"inLanguage\":\"en-US\",\"@id\":\"https:\/\/bolting.eu\/en\/shop\/metolius-sentinel-haulbag\/#primaryimage\",\"url\":\"https:\/\/bolting.eu\/wp-content\/uploads\/2020\/03\/Metolius-Sentinel-Haulbag-1.jpg\",\"contentUrl\":\"https:\/\/bolting.eu\/wp-content\/uploads\/2020\/03\/Metolius-Sentinel-Haulbag-1.jpg\",\"width\":700,\"height\":700,\"caption\":\"Das Bild zeigt den gr\u00fcnen Metolius Sentinel Haulbag von der Seite in einem wei\u00dfem Quadrat. Man sieht die Daisy Chain Schlaufen, die schwarze Deckeltasche sowie teilweise einen der Trageriemen.\"},{\"@type\":\"BreadcrumbList\",\"@id\":\"https:\/\/bolting.eu\/en\/shop\/metolius-sentinel-haulbag\/#breadcrumb\",\"itemListElement\":[{\"@type\":\"ListItem\",\"position\":1,\"name\":\"Shop\",\"item\":\"https:\/\/bolting.eu\/en\/shop\/\"},{\"@type\":\"ListItem\",\"position\":2,\"name\":\"Big Wall gear\",\"item\":\"https:\/\/bolting.eu\/en\/produkt-kategorie\/big-wall-gear\/\"},{\"@type\":\"ListItem\",\"position\":3,\"name\":\"Haulbag\",\"item\":\"https:\/\/bolting.eu\/produkt-kategorie\/big-wall-ausruestung\/haulbag\/\"},{\"@type\":\"ListItem\",\"position\":4,\"name\":\"Metolius Haulbags\",\"item\":\"https:\/\/bolting.eu\/en\/produkt-kategorie\/big-wall-gear\/haulbag\/metolius-haulbags\/\"},{\"@type\":\"ListItem\",\"position\":5,\"name\":\"Metolius Sentinel Haulbag\"}]},{\"@type\":\"WebSite\",\"@id\":\"https:\/\/bolting.eu\/en\/#website\",\"url\":\"https:\/\/bolting.eu\/en\/\",\"name\":\"bolting.eu\",\"description\":\"we make climbs happen\",\"publisher\":{\"@id\":\"https:\/\/bolting.eu\/en\/#organization\"},\"potentialAction\":[{\"@type\":\"SearchAction\",\"target\":{\"@type\":\"EntryPoint\",\"urlTemplate\":\"https:\/\/bolting.eu\/en\/?s={search_term_string}\"},\"query-input\":{\"@type\":\"PropertyValueSpecification\",\"valueRequired\":true,\"valueName\":\"search_term_string\"}}],\"inLanguage\":\"en-US\"},{\"@type\":[\"Organization\",\"Place\",\"SportingGoodsStore\"],\"@id\":\"https:\/\/bolting.eu\/en\/#organization\",\"name\":\"bolting.eu\",\"url\":\"https:\/\/bolting.eu\/en\/\",\"logo\":{\"@id\":\"https:\/\/bolting.eu\/en\/shop\/metolius-sentinel-haulbag\/#local-main-organization-logo\"},\"image\":{\"@id\":\"https:\/\/bolting.eu\/en\/shop\/metolius-sentinel-haulbag\/#local-main-organization-logo\"},\"sameAs\":[\"https:\/\/www.facebook.com\/bolting.eu\",\"https:\/\/www.instagram.com\/bolting.eu\/\"],\"address\":{\"@id\":\"https:\/\/bolting.eu\/en\/shop\/metolius-sentinel-haulbag\/#local-main-place-address\"},\"geo\":{\"@type\":\"GeoCoordinates\",\"latitude\":\"47.264176340396226\",\"longitude\":\"11.380109057672346\"},\"telephone\":[\"+43 699 19083372\"],\"openingHoursSpecification\":[{\"@type\":\"OpeningHoursSpecification\",\"dayOfWeek\":[\"Monday\",\"Wednesday\",\"Friday\"],\"opens\":\"14:00\",\"closes\":\"18:00\"},{\"@type\":\"OpeningHoursSpecification\",\"dayOfWeek\":[\"Tuesday\",\"Thursday\",\"Saturday\",\"Sunday\"],\"opens\":\"00:00\",\"closes\":\"00:00\"}],\"email\":\"office@bolting.eu\",\"vatID\":\"ATU59999728\",\"priceRange\":\"$$\",\"currenciesAccepted\":\"Euro\"},{\"@type\":\"PostalAddress\",\"@id\":\"https:\/\/bolting.eu\/en\/shop\/metolius-sentinel-haulbag\/#local-main-place-address\",\"streetAddress\":\"Fischnalerstra\u00dfe 4\",\"addressLocality\":\"Innsbruck\",\"postalCode\":\"6020\",\"addressRegion\":\"Tirol\",\"addressCountry\":\"AT\"},{\"@type\":\"ImageObject\",\"inLanguage\":\"en-US\",\"@id\":\"https:\/\/bolting.eu\/en\/shop\/metolius-sentinel-haulbag\/#local-main-organization-logo\",\"url\":\"https:\/\/bolting.eu\/wp-content\/uploads\/2019\/09\/bolting-logo.png\",\"contentUrl\":\"https:\/\/bolting.eu\/wp-content\/uploads\/2019\/09\/bolting-logo.png\",\"width\":400,\"height\":211,\"caption\":\"bolting.eu\"}]}<\/script>\n<meta property=\"og:video\" content=\"https:\/\/www.youtube.com\/embed\/iSRLIWJMj3Y\" \/>\n<meta property=\"og:video:type\" content=\"text\/html\" \/>\n<meta property=\"og:video:duration\" content=\"54\" \/>\n<meta property=\"og:video:width\" content=\"480\" \/>\n<meta property=\"og:video:height\" content=\"270\" \/>\n<meta property=\"ya:ovs:adult\" content=\"false\" \/>\n<meta property=\"ya:ovs:upload_date\" content=\"2020-03-23T14:39:50+00:00\" \/>\n<meta property=\"ya:ovs:allow_embed\" content=\"true\" \/>\n<meta property=\"product:price:amount\" content=\"265.00\" \/>\n<meta property=\"product:price:currency\" content=\"EUR\" \/>\n<meta property=\"og:availability\" content=\"instock\" \/>\n<meta property=\"product:availability\" content=\"instock\" \/>\n<meta property=\"product:retailer_item_id\" content=\"metolius_sentinel\" \/>\n<meta property=\"product:condition\" content=\"new\" \/>\n<meta name=\"geo.placename\" content=\"Innsbruck\" \/>\n<meta name=\"geo.position\" content=\"47.264176340396226;11.380109057672346\" \/>\n<meta name=\"geo.region\" content=\"Austria\" \/>\n<!-- \/ Yoast SEO Premium plugin. -->","yoast_head_json":{"title":"Metolius Sentinel Haulbag: jetzt online kaufen bei bolting.eu","description":"METOLIUS SENTINEL HAULBAG beim Kletter Hardwareprofi kaufen \u2705 Trusted Shop \u2705 kostenloser Versand* \u2705 14 Tage R\u00fcckgaberecht \u2705 Co2 neutrale Zustellung","robots":{"index":"index","follow":"follow","max-snippet":"max-snippet:-1","max-image-preview":"max-image-preview:large","max-video-preview":"max-video-preview:-1"},"canonical":"https:\/\/bolting.eu\/en\/shop\/metolius-sentinel-haulbag\/","og_locale":"en_US","og_type":"article","og_title":"Metolius Sentinel Haulbag","og_description":"METOLIUS SENTINEL HAULBAG beim Kletter Hardwareprofi kaufen \u2705 Trusted Shop \u2705 kostenloser Versand* \u2705 14 Tage R\u00fcckgaberecht \u2705 Co2 neutrale Zustellung","og_url":"https:\/\/bolting.eu\/en\/shop\/metolius-sentinel-haulbag\/","og_site_name":"bolting.eu","article_publisher":"https:\/\/www.facebook.com\/bolting.eu","article_modified_time":"2025-05-09T07:43:22+00:00","og_image":[{"width":700,"height":700,"url":"https:\/\/bolting.eu\/wp-content\/uploads\/2020\/03\/Metolius-Sentinel-Haulbag-1.jpg","type":"image\/jpeg"}],"twitter_card":"summary_large_image","twitter_misc":{"Price":"&euro;&nbsp;265,00","Availability":"In stock"},"schema":{"@context":"https:\/\/schema.org","@graph":[{"@type":["WebPage","ItemPage"],"@id":"https:\/\/bolting.eu\/en\/shop\/metolius-sentinel-haulbag\/","url":"https:\/\/bolting.eu\/en\/shop\/metolius-sentinel-haulbag\/","name":"Metolius Sentinel Haulbag: jetzt online kaufen bei bolting.eu","isPartOf":{"@id":"https:\/\/bolting.eu\/en\/#website"},"primaryImageOfPage":{"@id":"https:\/\/bolting.eu\/en\/shop\/metolius-sentinel-haulbag\/#primaryimage"},"image":{"@id":"https:\/\/bolting.eu\/en\/shop\/metolius-sentinel-haulbag\/#primaryimage"},"thumbnailUrl":"https:\/\/bolting.eu\/wp-content\/uploads\/2020\/03\/Metolius-Sentinel-Haulbag-1.jpg","datePublished":"2020-03-23T14:39:50+00:00","dateModified":"2025-05-09T07:43:22+00:00","description":"METOLIUS SENTINEL HAULBAG beim Kletter Hardwareprofi kaufen \u2705 Trusted Shop \u2705 kostenloser Versand* \u2705 14 Tage R\u00fcckgaberecht \u2705 Co2 neutrale Zustellung","breadcrumb":{"@id":"https:\/\/bolting.eu\/en\/shop\/metolius-sentinel-haulbag\/#breadcrumb"},"inLanguage":"en-US","potentialAction":[{"@type":"ReadAction","target":["https:\/\/bolting.eu\/en\/shop\/metolius-sentinel-haulbag\/"]}]},{"@type":"ImageObject","inLanguage":"en-US","@id":"https:\/\/bolting.eu\/en\/shop\/metolius-sentinel-haulbag\/#primaryimage","url":"https:\/\/bolting.eu\/wp-content\/uploads\/2020\/03\/Metolius-Sentinel-Haulbag-1.jpg","contentUrl":"https:\/\/bolting.eu\/wp-content\/uploads\/2020\/03\/Metolius-Sentinel-Haulbag-1.jpg","width":700,"height":700,"caption":"Das Bild zeigt den gr\u00fcnen Metolius Sentinel Haulbag von der Seite in einem wei\u00dfem Quadrat. Man sieht die Daisy Chain Schlaufen, die schwarze Deckeltasche sowie teilweise einen der Trageriemen."},{"@type":"BreadcrumbList","@id":"https:\/\/bolting.eu\/en\/shop\/metolius-sentinel-haulbag\/#breadcrumb","itemListElement":[{"@type":"ListItem","position":1,"name":"Shop","item":"https:\/\/bolting.eu\/en\/shop\/"},{"@type":"ListItem","position":2,"name":"Big Wall gear","item":"https:\/\/bolting.eu\/en\/produkt-kategorie\/big-wall-gear\/"},{"@type":"ListItem","position":3,"name":"Haulbag","item":"https:\/\/bolting.eu\/produkt-kategorie\/big-wall-ausruestung\/haulbag\/"},{"@type":"ListItem","position":4,"name":"Metolius Haulbags","item":"https:\/\/bolting.eu\/en\/produkt-kategorie\/big-wall-gear\/haulbag\/metolius-haulbags\/"},{"@type":"ListItem","position":5,"name":"Metolius Sentinel Haulbag"}]},{"@type":"WebSite","@id":"https:\/\/bolting.eu\/en\/#website","url":"https:\/\/bolting.eu\/en\/","name":"bolting.eu","description":"we make climbs happen","publisher":{"@id":"https:\/\/bolting.eu\/en\/#organization"},"potentialAction":[{"@type":"SearchAction","target":{"@type":"EntryPoint","urlTemplate":"https:\/\/bolting.eu\/en\/?s={search_term_string}"},"query-input":{"@type":"PropertyValueSpecification","valueRequired":true,"valueName":"search_term_string"}}],"inLanguage":"en-US"},{"@type":["Organization","Place","SportingGoodsStore"],"@id":"https:\/\/bolting.eu\/en\/#organization","name":"bolting.eu","url":"https:\/\/bolting.eu\/en\/","logo":{"@id":"https:\/\/bolting.eu\/en\/shop\/metolius-sentinel-haulbag\/#local-main-organization-logo"},"image":{"@id":"https:\/\/bolting.eu\/en\/shop\/metolius-sentinel-haulbag\/#local-main-organization-logo"},"sameAs":["https:\/\/www.facebook.com\/bolting.eu","https:\/\/www.instagram.com\/bolting.eu\/"],"address":{"@id":"https:\/\/bolting.eu\/en\/shop\/metolius-sentinel-haulbag\/#local-main-place-address"},"geo":{"@type":"GeoCoordinates","latitude":"47.264176340396226","longitude":"11.380109057672346"},"telephone":["+43 699 19083372"],"openingHoursSpecification":[{"@type":"OpeningHoursSpecification","dayOfWeek":["Monday","Wednesday","Friday"],"opens":"14:00","closes":"18:00"},{"@type":"OpeningHoursSpecification","dayOfWeek":["Tuesday","Thursday","Saturday","Sunday"],"opens":"00:00","closes":"00:00"}],"email":"office@bolting.eu","vatID":"ATU59999728","priceRange":"$$","currenciesAccepted":"Euro"},{"@type":"PostalAddress","@id":"https:\/\/bolting.eu\/en\/shop\/metolius-sentinel-haulbag\/#local-main-place-address","streetAddress":"Fischnalerstra\u00dfe 4","addressLocality":"Innsbruck","postalCode":"6020","addressRegion":"Tirol","addressCountry":"AT"},{"@type":"ImageObject","inLanguage":"en-US","@id":"https:\/\/bolting.eu\/en\/shop\/metolius-sentinel-haulbag\/#local-main-organization-logo","url":"https:\/\/bolting.eu\/wp-content\/uploads\/2019\/09\/bolting-logo.png","contentUrl":"https:\/\/bolting.eu\/wp-content\/uploads\/2019\/09\/bolting-logo.png","width":400,"height":211,"caption":"bolting.eu"}]},"og_video":"https:\/\/www.youtube.com\/embed\/iSRLIWJMj3Y","og_video_type":"text\/html","og_video_duration":"54","og_video_width":"480","og_video_height":"270","ya_ovs_adult":"false","ya_ovs_upload_date":"2020-03-23T14:39:50+00:00","ya_ovs_allow_embed":"true","product_price_amount":"265.00","product_price_currency":"EUR","og_availability":"instock","product_availability":"instock","product_retailer_item_id":"metolius_sentinel","product_condition":"new","geo.placename":"Innsbruck","geo.position":{"lat":"47.264176340396226","long":"11.380109057672346"},"geo.region":"Austria"},"_links":{"self":[{"href":"https:\/\/bolting.eu\/en\/wp-json\/wp\/v2\/product\/2578","targetHints":{"allow":["GET"]}}],"collection":[{"href":"https:\/\/bolting.eu\/en\/wp-json\/wp\/v2\/product"}],"about":[{"href":"https:\/\/bolting.eu\/en\/wp-json\/wp\/v2\/types\/product"}],"replies":[{"embeddable":true,"href":"https:\/\/bolting.eu\/en\/wp-json\/wp\/v2\/comments?post=2578"}],"wp:featuredmedia":[{"embeddable":true,"href":"https:\/\/bolting.eu\/en\/wp-json\/wp\/v2\/media\/2580"}],"wp:attachment":[{"href":"https:\/\/bolting.eu\/en\/wp-json\/wp\/v2\/media?parent=2578"}],"wp:term":[{"taxonomy":"product_brand","embeddable":true,"href":"https:\/\/bolting.eu\/en\/wp-json\/wp\/v2\/product_brand?post=2578"},{"taxonomy":"product_cat","embeddable":true,"href":"https:\/\/bolting.eu\/en\/wp-json\/wp\/v2\/product_cat?post=2578"},{"taxonomy":"product_tag","embeddable":true,"href":"https:\/\/bolting.eu\/en\/wp-json\/wp\/v2\/product_tag?post=2578"}],"curies":[{"name":"wp","href":"https:\/\/api.w.org\/{rel}","templated":true}]}}