{"id":2570,"date":"2020-03-23T14:22:40","date_gmt":"2020-03-23T13:22:40","guid":{"rendered":"https:\/\/bolting.eu\/?post_type=product&#038;p=2570"},"modified":"2025-03-28T15:25:39","modified_gmt":"2025-03-28T14:25:39","slug":"metolius-crag-station-kletterrucksack","status":"publish","type":"product","link":"https:\/\/bolting.eu\/en\/shop\/metolius-crag-station-kletterrucksack\/","title":{"rendered":"Metolius Crag Station Kletterrucksack"},"content":{"rendered":"<p>Der Metolius Crag Station <a href=\"https:\/\/bolting.eu\/produkt-kategorie\/kletterausruestung\/kletterrucksack\/\">Kletterrucksack<\/a> ist ein extrem langlebiger Bag. Denn er ist aufgrund seines Materials enorm robust und einfach nicht kaputt zu kriegen. Seine zwei integrierten Taschen sowie die Materialschlaufen machen ihn zu einem treuen Begleiter am Fels \u00fcber viele Jahre.<\/p>\n<p>Denn erstens besteht der Crag Station wie alle Metolius Haulbags bzw. Haulpacks aus abriebfestem Polyurethan. Das Material ist zudem wasserdicht und enorm belastbar. Zweitens hat man mit dem langen Front Zipper einerseits bequem Zugang zum gesamten Inneren. Und andererseits einen perfekten \u00dcberblick wo sich was im Bag befindet. Dar\u00fcber hinaus sind au\u00dfen zwei Seitentaschen. Eine lange \u00fcber den ganzen Kletterrucksack reichende. Sowie eine kleine auf der gegen\u00fcberliegenden Seite. Drittens sind die Schulterriemen sehr komfortabel. Der H\u00fcftgurt verhindert \u00fcberdies ein unangenehmes Wackeln des Rucksackes.<\/p>\n<h3>Eigenschaften Metolius Crag Station Kletterrucksack<\/h3>\n<ul>\n<li>Hersteller: <a href=\"https:\/\/www.metoliusclimbing.com\" target=\"_blank\" rel=\"noopener noreferrer\">Metolius<\/a><\/li>\n<li>Gewicht: 1,20 kg<\/li>\n<li>Volumen: 41 Liter<\/li>\n<li>Material: H\u00fclle Polyurethan, Nylon<\/li>\n<li>extrem abriebfest<\/li>\n<li>Einsatzgebiet: Sportklettern, Bouldern,Kletterhalle<\/li>\n<li>Farbe: gr\u00fcn-schwarz<\/li>\n<li>2 Au\u00dfentaschen<\/li>\n<li>2 Materialriemen f\u00fcr Seil oder Jacke<\/li>\n<li>Alu-Schnallen<\/li>\n<li>komfortable Trageriemen plus H\u00fcftgurt<\/li>\n<\/ul>\n<h3>Video Metolius Crag Station Kletterrucksack<\/h3>\n<p>Das Video (Englisch) stellt den Pack vor.<\/p>\n<p><iframe loading=\"lazy\" src=\"https:\/\/www.youtube.com\/embed\/qEf1r91bQOg\" width=\"100%\" height=\"360\" frameborder=\"0\" allowfullscreen=\"allowfullscreen\"><span data-mce-type=\"bookmark\" style=\"display: inline-block; width: 0px; overflow: hidden; line-height: 0;\" class=\"mce_SELRES_start\">\ufeff<\/span><\/iframe><\/p>\n<h3>Der Bag beim Einbohren<\/h3>\n<p>Der Metolius Crag Station Kletterrucksack ist auch super f\u00fcr Erschlie\u00dfer. Denn in dem robusten Kletterrucksack lassen sich schwere Materialien bestens transportieren. Beispielsweise <a href=\"https:\/\/bolting.eu\/produkt-kategorie\/klebehaken-buehlerhaken\/\">Klebehaken<\/a>, <a href=\"https:\/\/bolting.eu\/produkt-kategorie\/bohrhaken\/\">Bohrhaken<\/a>, <a href=\"https:\/\/bolting.eu\/produkt-kategorie\/bohrhakenlasche\/\">Bohrhakenlaschen<\/a> und <a href=\"https:\/\/bolting.eu\/produkt-kategorie\/umlenker-kettenstand\/\">Umlenker-Kettenst\u00e4nde<\/a>. Zudem passen Akku Bohrhammer, ein paar SDS Bohrer und Reserveakkus ebenfalls hinein. Beim Einbohren selbst kann man den Bag notfalls an den Trageriemen mit in die Wand nehmen. Das extrem abriebfeste Polyurethan h\u00e4lt enorm viel aus!<\/p>\n<h3>Bag als Kletterrucksack<\/h3>\n<p><a href=\"https:\/\/bolting.eu\/wp-content\/uploads\/2020\/03\/Metolius-Crag-Station-5.jpg\"><img loading=\"lazy\" decoding=\"async\" class=\"alignnone size-full wp-image-12184\" src=\"https:\/\/bolting.eu\/wp-content\/uploads\/2020\/03\/Metolius-Crag-Station-5.jpg\" alt=\"Das Bild zeigt einen MEtolius Kletterrucksack in gr\u00fcn schwarz mit ge\u00f6ffneten Rei\u00dfverschl\u00fcssen und Klettermaterial darin.\" width=\"700\" height=\"700\" srcset=\"https:\/\/bolting.eu\/wp-content\/uploads\/2020\/03\/Metolius-Crag-Station-5.jpg 700w, https:\/\/bolting.eu\/wp-content\/uploads\/2020\/03\/Metolius-Crag-Station-5-100x100.jpg 100w, https:\/\/bolting.eu\/wp-content\/uploads\/2020\/03\/Metolius-Crag-Station-5-510x510.jpg 510w, https:\/\/bolting.eu\/wp-content\/uploads\/2020\/03\/Metolius-Crag-Station-5-400x400.jpg 400w, https:\/\/bolting.eu\/wp-content\/uploads\/2020\/03\/Metolius-Crag-Station-5-280x280.jpg 280w, https:\/\/bolting.eu\/wp-content\/uploads\/2020\/03\/Metolius-Crag-Station-5-300x300.jpg 300w, https:\/\/bolting.eu\/wp-content\/uploads\/2020\/03\/Metolius-Crag-Station-5-600x600.jpg 600w\" sizes=\"auto, (max-width: 700px) 100vw, 700px\" \/><\/a>Wer einen Kletterrucksack kaufen will der viele Jahre halten soll, ist hier richtig! Denn der Metolius Crag Station Kletterrucksack macht sowohl im Klettergarten, beim Bouldern oder sogar in der Freizeit eine Top Figur. Denn erstens ist die H\u00fclle quasi wasserdicht. Zweitens sind die Trageriemen breit, gut gepolstert und somit komfortabel. Drittens k\u00f6nnen au\u00dfen ein Seil oder eine Jacke fixiert werden. \u00dcberdies sorgen die Seitentaschen f\u00fcr weiteren Stauraum.<\/p>\n<p><strong>Link Tipp:<\/strong> Den neuen Bag gleich mal ausprobieren, beim <a href=\"https:\/\/maltatal.rocks\/klettergebiete-posts\/klettergarten-kanzianiberg\/\" target=\"_blank\" rel=\"noopener noreferrer\">Klettern am Kanzianiberg<\/a>.<\/p>\n","protected":false},"excerpt":{"rendered":"<ul>\n<li>Hersteller: <a href=\"https:\/\/www.metoliusclimbing.com\" target=\"_blank\" rel=\"noopener noreferrer\">Metolius<\/a><\/li>\n<li>Gewicht: 1,20 kg<\/li>\n<li>Volumen: 41 Liter<\/li>\n<li>Material: H\u00fclle Polyurethan, Nylon<\/li>\n<li>extrem abriebfest<\/li>\n<li>Einsatzgebiet: Sportklettern, Bouldern,Kletterhalle<\/li>\n<li>Farben: Beige<\/li>\n<li>2 Au\u00dfentaschen<\/li>\n<li>2 Materialriemen f\u00fcr Seil oder Jacke<\/li>\n<li>Alu-Schnallen<\/li>\n<li>komfortable Trageriemen plus H\u00fcftgurt<\/li>\n<\/ul>\n","protected":false},"featured_media":12188,"comment_status":"closed","ping_status":"closed","template":"","meta":[],"product_brand":[],"product_cat":[29,4809,4657],"product_tag":[263,3465,264],"class_list":{"0":"post-2570","1":"product","2":"type-product","3":"status-publish","4":"has-post-thumbnail","6":"product_cat-kletterausruestung","7":"product_cat-kletterrucksack","8":"product_cat-metolius","9":"product_tag-bouldern","10":"product_tag-kletterhalle","11":"product_tag-sportklettern","13":"first","14":"instock","15":"sale","16":"taxable","17":"shipping-taxable","18":"purchasable","19":"product-type-simple"},"yoast_head":"<!-- This site is optimized with the Yoast SEO Premium plugin v26.9 (Yoast SEO v26.9) - https:\/\/yoast.com\/product\/yoast-seo-premium-wordpress\/ -->\n<title>Metolius Crag Station Kletterrucksack: jetzt online kaufen bei bolting.eu<\/title>\n<meta name=\"description\" content=\"Hier findet ihr den Metolius Crag Station Kletterrucksack. Einen super langlebigen Rucksack zum Sportklettern und die Kletterhalle mit enorm viel Platz!\" \/>\n<meta name=\"robots\" content=\"index, follow, max-snippet:-1, max-image-preview:large, max-video-preview:-1\" \/>\n<link rel=\"canonical\" href=\"https:\/\/bolting.eu\/en\/shop\/metolius-crag-station-kletterrucksack\/\" \/>\n<meta property=\"og:locale\" content=\"en_US\" \/>\n<meta property=\"og:type\" content=\"article\" \/>\n<meta property=\"og:title\" content=\"Metolius Crag Station Kletterrucksack\" \/>\n<meta property=\"og:description\" content=\"Hier findet ihr den Metolius Crag Station Kletterrucksack. Einen super langlebigen Rucksack zum Sportklettern und die Kletterhalle mit enorm viel Platz!\" \/>\n<meta property=\"og:url\" content=\"https:\/\/bolting.eu\/en\/shop\/metolius-crag-station-kletterrucksack\/\" \/>\n<meta property=\"og:site_name\" content=\"bolting.eu\" \/>\n<meta property=\"article:publisher\" content=\"https:\/\/www.facebook.com\/bolting.eu\" \/>\n<meta property=\"article:modified_time\" content=\"2025-03-28T14:25:39+00:00\" \/>\n<meta property=\"og:image\" content=\"https:\/\/bolting.eu\/wp-content\/uploads\/2020\/03\/Metolius-Crag-Station-1.jpg\" \/>\n\t<meta property=\"og:image:width\" content=\"700\" \/>\n\t<meta property=\"og:image:height\" content=\"700\" \/>\n\t<meta property=\"og:image:type\" content=\"image\/jpeg\" \/>\n<meta name=\"twitter:card\" content=\"summary_large_image\" \/>\n<meta name=\"twitter:label1\" content=\"Price\" \/>\n\t<meta name=\"twitter:data1\" content=\"&euro;&nbsp;204,00\" \/>\n\t<meta name=\"twitter:label2\" content=\"Availability\" \/>\n\t<meta name=\"twitter:data2\" content=\"In stock\" \/>\n<script type=\"application\/ld+json\" class=\"yoast-schema-graph\">{\"@context\":\"https:\/\/schema.org\",\"@graph\":[{\"@type\":[\"WebPage\",\"ItemPage\"],\"@id\":\"https:\/\/bolting.eu\/en\/shop\/metolius-crag-station-kletterrucksack\/\",\"url\":\"https:\/\/bolting.eu\/en\/shop\/metolius-crag-station-kletterrucksack\/\",\"name\":\"Metolius Crag Station Kletterrucksack: jetzt online kaufen bei bolting.eu\",\"isPartOf\":{\"@id\":\"https:\/\/bolting.eu\/en\/#website\"},\"primaryImageOfPage\":{\"@id\":\"https:\/\/bolting.eu\/en\/shop\/metolius-crag-station-kletterrucksack\/#primaryimage\"},\"image\":{\"@id\":\"https:\/\/bolting.eu\/en\/shop\/metolius-crag-station-kletterrucksack\/#primaryimage\"},\"thumbnailUrl\":\"https:\/\/bolting.eu\/wp-content\/uploads\/2020\/03\/Metolius-Crag-Station-1.jpg\",\"datePublished\":\"2020-03-23T13:22:40+00:00\",\"dateModified\":\"2025-03-28T14:25:39+00:00\",\"description\":\"Hier findet ihr den Metolius Crag Station Kletterrucksack. Einen super langlebigen Rucksack zum Sportklettern und die Kletterhalle mit enorm viel Platz!\",\"breadcrumb\":{\"@id\":\"https:\/\/bolting.eu\/en\/shop\/metolius-crag-station-kletterrucksack\/#breadcrumb\"},\"inLanguage\":\"en-US\",\"potentialAction\":[{\"@type\":\"ReadAction\",\"target\":[\"https:\/\/bolting.eu\/en\/shop\/metolius-crag-station-kletterrucksack\/\"]}]},{\"@type\":\"ImageObject\",\"inLanguage\":\"en-US\",\"@id\":\"https:\/\/bolting.eu\/en\/shop\/metolius-crag-station-kletterrucksack\/#primaryimage\",\"url\":\"https:\/\/bolting.eu\/wp-content\/uploads\/2020\/03\/Metolius-Crag-Station-1.jpg\",\"contentUrl\":\"https:\/\/bolting.eu\/wp-content\/uploads\/2020\/03\/Metolius-Crag-Station-1.jpg\",\"width\":700,\"height\":700,\"caption\":\"Das Bild zeigt den grell gr\u00fcnen Metolius Crag Station Kletterrucksack von der Seite. Man sieht die gr\u00fcne Seite mit Rei\u00dfverschluss, die schwarze Front mit langem Rei\u00dfverschluss und die Schulterriemen.\"},{\"@type\":\"BreadcrumbList\",\"@id\":\"https:\/\/bolting.eu\/en\/shop\/metolius-crag-station-kletterrucksack\/#breadcrumb\",\"itemListElement\":[{\"@type\":\"ListItem\",\"position\":1,\"name\":\"Shop\",\"item\":\"https:\/\/bolting.eu\/en\/shop\/\"},{\"@type\":\"ListItem\",\"position\":2,\"name\":\"climbing equipment\",\"item\":\"https:\/\/bolting.eu\/en\/produkt-kategorie\/climbing-equipment\/\"},{\"@type\":\"ListItem\",\"position\":3,\"name\":\"Kletterrucksack\",\"item\":\"https:\/\/bolting.eu\/produkt-kategorie\/kletterausruestung\/kletterrucksack\/\"},{\"@type\":\"ListItem\",\"position\":4,\"name\":\"Metolius Crag Station Kletterrucksack\"}]},{\"@type\":\"WebSite\",\"@id\":\"https:\/\/bolting.eu\/en\/#website\",\"url\":\"https:\/\/bolting.eu\/en\/\",\"name\":\"bolting.eu\",\"description\":\"we make climbs happen\",\"publisher\":{\"@id\":\"https:\/\/bolting.eu\/en\/#organization\"},\"potentialAction\":[{\"@type\":\"SearchAction\",\"target\":{\"@type\":\"EntryPoint\",\"urlTemplate\":\"https:\/\/bolting.eu\/en\/?s={search_term_string}\"},\"query-input\":{\"@type\":\"PropertyValueSpecification\",\"valueRequired\":true,\"valueName\":\"search_term_string\"}}],\"inLanguage\":\"en-US\"},{\"@type\":[\"Organization\",\"Place\",\"SportingGoodsStore\"],\"@id\":\"https:\/\/bolting.eu\/en\/#organization\",\"name\":\"bolting.eu\",\"url\":\"https:\/\/bolting.eu\/en\/\",\"logo\":{\"@id\":\"https:\/\/bolting.eu\/en\/shop\/metolius-crag-station-kletterrucksack\/#local-main-organization-logo\"},\"image\":{\"@id\":\"https:\/\/bolting.eu\/en\/shop\/metolius-crag-station-kletterrucksack\/#local-main-organization-logo\"},\"sameAs\":[\"https:\/\/www.facebook.com\/bolting.eu\",\"https:\/\/www.instagram.com\/bolting.eu\/\"],\"address\":{\"@id\":\"https:\/\/bolting.eu\/en\/shop\/metolius-crag-station-kletterrucksack\/#local-main-place-address\"},\"geo\":{\"@type\":\"GeoCoordinates\",\"latitude\":\"47.264176340396226\",\"longitude\":\"11.380109057672346\"},\"telephone\":[\"+43 699 19083372\"],\"openingHoursSpecification\":[{\"@type\":\"OpeningHoursSpecification\",\"dayOfWeek\":[\"Monday\",\"Wednesday\",\"Friday\"],\"opens\":\"14:00\",\"closes\":\"18:00\"},{\"@type\":\"OpeningHoursSpecification\",\"dayOfWeek\":[\"Tuesday\",\"Thursday\",\"Saturday\",\"Sunday\"],\"opens\":\"00:00\",\"closes\":\"00:00\"}],\"email\":\"office@bolting.eu\",\"vatID\":\"ATU59999728\",\"priceRange\":\"$$\",\"currenciesAccepted\":\"Euro\"},{\"@type\":\"PostalAddress\",\"@id\":\"https:\/\/bolting.eu\/en\/shop\/metolius-crag-station-kletterrucksack\/#local-main-place-address\",\"streetAddress\":\"Fischnalerstra\u00dfe 4\",\"addressLocality\":\"Innsbruck\",\"postalCode\":\"6020\",\"addressRegion\":\"Tirol\",\"addressCountry\":\"AT\"},{\"@type\":\"ImageObject\",\"inLanguage\":\"en-US\",\"@id\":\"https:\/\/bolting.eu\/en\/shop\/metolius-crag-station-kletterrucksack\/#local-main-organization-logo\",\"url\":\"https:\/\/bolting.eu\/wp-content\/uploads\/2019\/09\/bolting-logo.png\",\"contentUrl\":\"https:\/\/bolting.eu\/wp-content\/uploads\/2019\/09\/bolting-logo.png\",\"width\":400,\"height\":211,\"caption\":\"bolting.eu\"}]}<\/script>\n<meta property=\"og:video\" content=\"https:\/\/www.youtube.com\/embed\/qEf1r91bQOg\" \/>\n<meta property=\"og:video:type\" content=\"text\/html\" \/>\n<meta property=\"og:video:duration\" content=\"118\" \/>\n<meta property=\"og:video:width\" content=\"480\" \/>\n<meta property=\"og:video:height\" content=\"270\" \/>\n<meta property=\"ya:ovs:adult\" content=\"false\" \/>\n<meta property=\"ya:ovs:upload_date\" content=\"2020-03-23T13:22:40+00:00\" \/>\n<meta property=\"ya:ovs:allow_embed\" content=\"true\" \/>\n<meta property=\"product:price:amount\" content=\"204.00\" \/>\n<meta property=\"product:price:currency\" content=\"EUR\" \/>\n<meta property=\"og:availability\" content=\"instock\" \/>\n<meta property=\"product:availability\" content=\"instock\" \/>\n<meta property=\"product:retailer_item_id\" content=\"metolius_crag_station\" \/>\n<meta property=\"product:condition\" content=\"new\" \/>\n<meta name=\"geo.placename\" content=\"Innsbruck\" \/>\n<meta name=\"geo.position\" content=\"47.264176340396226;11.380109057672346\" \/>\n<meta name=\"geo.region\" content=\"Austria\" \/>\n<!-- \/ Yoast SEO Premium plugin. -->","yoast_head_json":{"title":"Metolius Crag Station Kletterrucksack: jetzt online kaufen bei bolting.eu","description":"Hier findet ihr den Metolius Crag Station Kletterrucksack. Einen super langlebigen Rucksack zum Sportklettern und die Kletterhalle mit enorm viel Platz!","robots":{"index":"index","follow":"follow","max-snippet":"max-snippet:-1","max-image-preview":"max-image-preview:large","max-video-preview":"max-video-preview:-1"},"canonical":"https:\/\/bolting.eu\/en\/shop\/metolius-crag-station-kletterrucksack\/","og_locale":"en_US","og_type":"article","og_title":"Metolius Crag Station Kletterrucksack","og_description":"Hier findet ihr den Metolius Crag Station Kletterrucksack. Einen super langlebigen Rucksack zum Sportklettern und die Kletterhalle mit enorm viel Platz!","og_url":"https:\/\/bolting.eu\/en\/shop\/metolius-crag-station-kletterrucksack\/","og_site_name":"bolting.eu","article_publisher":"https:\/\/www.facebook.com\/bolting.eu","article_modified_time":"2025-03-28T14:25:39+00:00","og_image":[{"width":700,"height":700,"url":"https:\/\/bolting.eu\/wp-content\/uploads\/2020\/03\/Metolius-Crag-Station-1.jpg","type":"image\/jpeg"}],"twitter_card":"summary_large_image","twitter_misc":{"Price":"&euro;&nbsp;204,00","Availability":"In stock"},"schema":{"@context":"https:\/\/schema.org","@graph":[{"@type":["WebPage","ItemPage"],"@id":"https:\/\/bolting.eu\/en\/shop\/metolius-crag-station-kletterrucksack\/","url":"https:\/\/bolting.eu\/en\/shop\/metolius-crag-station-kletterrucksack\/","name":"Metolius Crag Station Kletterrucksack: jetzt online kaufen bei bolting.eu","isPartOf":{"@id":"https:\/\/bolting.eu\/en\/#website"},"primaryImageOfPage":{"@id":"https:\/\/bolting.eu\/en\/shop\/metolius-crag-station-kletterrucksack\/#primaryimage"},"image":{"@id":"https:\/\/bolting.eu\/en\/shop\/metolius-crag-station-kletterrucksack\/#primaryimage"},"thumbnailUrl":"https:\/\/bolting.eu\/wp-content\/uploads\/2020\/03\/Metolius-Crag-Station-1.jpg","datePublished":"2020-03-23T13:22:40+00:00","dateModified":"2025-03-28T14:25:39+00:00","description":"Hier findet ihr den Metolius Crag Station Kletterrucksack. Einen super langlebigen Rucksack zum Sportklettern und die Kletterhalle mit enorm viel Platz!","breadcrumb":{"@id":"https:\/\/bolting.eu\/en\/shop\/metolius-crag-station-kletterrucksack\/#breadcrumb"},"inLanguage":"en-US","potentialAction":[{"@type":"ReadAction","target":["https:\/\/bolting.eu\/en\/shop\/metolius-crag-station-kletterrucksack\/"]}]},{"@type":"ImageObject","inLanguage":"en-US","@id":"https:\/\/bolting.eu\/en\/shop\/metolius-crag-station-kletterrucksack\/#primaryimage","url":"https:\/\/bolting.eu\/wp-content\/uploads\/2020\/03\/Metolius-Crag-Station-1.jpg","contentUrl":"https:\/\/bolting.eu\/wp-content\/uploads\/2020\/03\/Metolius-Crag-Station-1.jpg","width":700,"height":700,"caption":"Das Bild zeigt den grell gr\u00fcnen Metolius Crag Station Kletterrucksack von der Seite. Man sieht die gr\u00fcne Seite mit Rei\u00dfverschluss, die schwarze Front mit langem Rei\u00dfverschluss und die Schulterriemen."},{"@type":"BreadcrumbList","@id":"https:\/\/bolting.eu\/en\/shop\/metolius-crag-station-kletterrucksack\/#breadcrumb","itemListElement":[{"@type":"ListItem","position":1,"name":"Shop","item":"https:\/\/bolting.eu\/en\/shop\/"},{"@type":"ListItem","position":2,"name":"climbing equipment","item":"https:\/\/bolting.eu\/en\/produkt-kategorie\/climbing-equipment\/"},{"@type":"ListItem","position":3,"name":"Kletterrucksack","item":"https:\/\/bolting.eu\/produkt-kategorie\/kletterausruestung\/kletterrucksack\/"},{"@type":"ListItem","position":4,"name":"Metolius Crag Station Kletterrucksack"}]},{"@type":"WebSite","@id":"https:\/\/bolting.eu\/en\/#website","url":"https:\/\/bolting.eu\/en\/","name":"bolting.eu","description":"we make climbs happen","publisher":{"@id":"https:\/\/bolting.eu\/en\/#organization"},"potentialAction":[{"@type":"SearchAction","target":{"@type":"EntryPoint","urlTemplate":"https:\/\/bolting.eu\/en\/?s={search_term_string}"},"query-input":{"@type":"PropertyValueSpecification","valueRequired":true,"valueName":"search_term_string"}}],"inLanguage":"en-US"},{"@type":["Organization","Place","SportingGoodsStore"],"@id":"https:\/\/bolting.eu\/en\/#organization","name":"bolting.eu","url":"https:\/\/bolting.eu\/en\/","logo":{"@id":"https:\/\/bolting.eu\/en\/shop\/metolius-crag-station-kletterrucksack\/#local-main-organization-logo"},"image":{"@id":"https:\/\/bolting.eu\/en\/shop\/metolius-crag-station-kletterrucksack\/#local-main-organization-logo"},"sameAs":["https:\/\/www.facebook.com\/bolting.eu","https:\/\/www.instagram.com\/bolting.eu\/"],"address":{"@id":"https:\/\/bolting.eu\/en\/shop\/metolius-crag-station-kletterrucksack\/#local-main-place-address"},"geo":{"@type":"GeoCoordinates","latitude":"47.264176340396226","longitude":"11.380109057672346"},"telephone":["+43 699 19083372"],"openingHoursSpecification":[{"@type":"OpeningHoursSpecification","dayOfWeek":["Monday","Wednesday","Friday"],"opens":"14:00","closes":"18:00"},{"@type":"OpeningHoursSpecification","dayOfWeek":["Tuesday","Thursday","Saturday","Sunday"],"opens":"00:00","closes":"00:00"}],"email":"office@bolting.eu","vatID":"ATU59999728","priceRange":"$$","currenciesAccepted":"Euro"},{"@type":"PostalAddress","@id":"https:\/\/bolting.eu\/en\/shop\/metolius-crag-station-kletterrucksack\/#local-main-place-address","streetAddress":"Fischnalerstra\u00dfe 4","addressLocality":"Innsbruck","postalCode":"6020","addressRegion":"Tirol","addressCountry":"AT"},{"@type":"ImageObject","inLanguage":"en-US","@id":"https:\/\/bolting.eu\/en\/shop\/metolius-crag-station-kletterrucksack\/#local-main-organization-logo","url":"https:\/\/bolting.eu\/wp-content\/uploads\/2019\/09\/bolting-logo.png","contentUrl":"https:\/\/bolting.eu\/wp-content\/uploads\/2019\/09\/bolting-logo.png","width":400,"height":211,"caption":"bolting.eu"}]},"og_video":"https:\/\/www.youtube.com\/embed\/qEf1r91bQOg","og_video_type":"text\/html","og_video_duration":"118","og_video_width":"480","og_video_height":"270","ya_ovs_adult":"false","ya_ovs_upload_date":"2020-03-23T13:22:40+00:00","ya_ovs_allow_embed":"true","product_price_amount":"204.00","product_price_currency":"EUR","og_availability":"instock","product_availability":"instock","product_retailer_item_id":"metolius_crag_station","product_condition":"new","geo.placename":"Innsbruck","geo.position":{"lat":"47.264176340396226","long":"11.380109057672346"},"geo.region":"Austria"},"_links":{"self":[{"href":"https:\/\/bolting.eu\/en\/wp-json\/wp\/v2\/product\/2570","targetHints":{"allow":["GET"]}}],"collection":[{"href":"https:\/\/bolting.eu\/en\/wp-json\/wp\/v2\/product"}],"about":[{"href":"https:\/\/bolting.eu\/en\/wp-json\/wp\/v2\/types\/product"}],"replies":[{"embeddable":true,"href":"https:\/\/bolting.eu\/en\/wp-json\/wp\/v2\/comments?post=2570"}],"wp:featuredmedia":[{"embeddable":true,"href":"https:\/\/bolting.eu\/en\/wp-json\/wp\/v2\/media\/12188"}],"wp:attachment":[{"href":"https:\/\/bolting.eu\/en\/wp-json\/wp\/v2\/media?parent=2570"}],"wp:term":[{"taxonomy":"product_brand","embeddable":true,"href":"https:\/\/bolting.eu\/en\/wp-json\/wp\/v2\/product_brand?post=2570"},{"taxonomy":"product_cat","embeddable":true,"href":"https:\/\/bolting.eu\/en\/wp-json\/wp\/v2\/product_cat?post=2570"},{"taxonomy":"product_tag","embeddable":true,"href":"https:\/\/bolting.eu\/en\/wp-json\/wp\/v2\/product_tag?post=2570"}],"curies":[{"name":"wp","href":"https:\/\/api.w.org\/{rel}","templated":true}]}}