{"id":2563,"date":"2020-03-23T13:36:50","date_gmt":"2020-03-23T12:36:50","guid":{"rendered":"https:\/\/bolting.eu\/?post_type=product&#038;p=2563"},"modified":"2026-02-27T14:41:39","modified_gmt":"2026-02-27T13:41:39","slug":"metolius-express-haulpack","status":"publish","type":"product","link":"https:\/\/bolting.eu\/en\/shop\/metolius-express-haulpack\/","title":{"rendered":"Metolius Express Haulpack"},"content":{"rendered":"<p>Der Metolius Express Haulpack ist ein kleiner 39 Liter Haulbag bzw. Kletterrucksack. Er ist f\u00fcr kleine Big Walls bzw. lange Alpinrouten gedacht. Der Pack ist extrem robust und kann daher perfekt an einem extra Seil nachgezogen werden. Der Express ist zudem als Alltagsrucksack, f\u00fcr Baumpfleger sowie zum <a href=\"https:\/\/bolting.eu\/kletterroute-einbohren\/\">Kletterroute einbohren<\/a> eine perfekte Wahl. Er weist folgende Eigenschaften auf.<\/p>\n<p>Erstens hat er super bequeme Trageriemen und einen H\u00fcftgurt. Beide Teile k\u00f6nnen abgenommen und im R\u00fcckenfach verstaut werden. Zweitens besteht seine H\u00fclle aus extrem abriebfesten Polyurethan. Das ist die etwas leichtere Version des Materials der gro\u00dfen Metolius Haulbags. Drittens hat er ein Volumen von 39 Litern. Da passt jede Menge Gear, etwas Essen und Trinken sowie Bekleidung rein. Viertens hat er einige weitere coole Features. Beispielsweise fixe Daisy Chain Schlaufen an den Seiten. \u00dcberdies eine kleine Innentasche mit Zip und nat\u00fcrlich zwei starke Hauling Schlaufen. Die Aluminium Schnalle ist \u00fcbrigens unkaputtbar und macht den Bag zu einer nachhaltigen Investition. Denn er h\u00e4lt in der Regel viele, viele Jahr!<\/p>\n<h3>Eigenschaften Metolius Freerider Haulpack<\/h3>\n<ul>\n<li>Hersteller: <a href=\"https:\/\/www.metoliusclimbing.com\" target=\"_blank\" rel=\"noopener noreferrer\">Metolius<\/a><\/li>\n<li>Gewicht: 1,2 kg<\/li>\n<li>Volumen: 39 Liter<\/li>\n<li>Material: H\u00fclle Polyurethan, Nylon<\/li>\n<li>extrem abriebfest<\/li>\n<li>Einsatzgebiet: Rucksack und Haulpack<\/li>\n<li>Farben: gelb-orange<\/li>\n<li>2 Hauling Schlaufen<\/li>\n<li>Innentasche, Daisy Schlaufe au\u00dfen<\/li>\n<li>Alu-Schnalle<\/li>\n<li>komfortable Trageriemen + H\u00fcftgurt jeweils abnehmbar<\/li>\n<\/ul>\n<h3>Video Metolius Express Haulpack<\/h3>\n<p>Das Video (Englisch) stellt den Pack vor.<\/p>\n<p><iframe loading=\"lazy\" src=\"https:\/\/www.youtube.com\/embed\/W6D8kW_rgks\" width=\"100%\" height=\"360\" frameborder=\"0\" allowfullscreen=\"allowfullscreen\"><span data-mce-type=\"bookmark\" style=\"display: inline-block; width: 0px; overflow: hidden; line-height: 0;\" class=\"mce_SELRES_start\">\ufeff<\/span><\/iframe><\/p>\n<h3>Der Bag beim Einbohren<\/h3>\n<p>Der Metolius Express Haulpack ist auch super f\u00fcr Erschlie\u00dfer. Denn in dem robusten Kletterrucksack lassen sich die schweren Materialien bestens transportieren. Beispielsweise <a href=\"https:\/\/bolting.eu\/produkt-kategorie\/klebehaken-buehlerhaken\/\">Klebehaken<\/a>, <a href=\"https:\/\/bolting.eu\/produkt-kategorie\/bohrhaken\/\">Bohrhaken<\/a>, <a href=\"https:\/\/bolting.eu\/produkt-kategorie\/bohrhakenlasche\/\">Bohrhakenlaschen<\/a> und <a href=\"https:\/\/bolting.eu\/produkt-kategorie\/umlenker-kettenstand\/\">Umlenker-Kettenst\u00e4nde<\/a>. Zudem passen Akku Bohrhammer, ein paar SDS Bohrer und Reserveakkus ebenfalls hinein. Beim Einbohren selbst kann man den Bag an den Hauling-Schlaufen mit in die Wand nehmen. Das extrem abriebfeste Polyurethan h\u00e4lt enorm viel aus!<\/p>\n<h3>Bag als Kletterrucksack<\/h3>\n<p>Wer einen Kletterrucksack kaufen will der viele Jahre halten soll, ist hier richtig! Denn der Metolius Express Haulpack macht sowohl im Klettergarten, beim Bouldern oder sogar in der Freizeit eine Top Figur. Denn erstens ist die H\u00fclle quasi wasserdicht. Zweitens sind die Trageriemen und der H\u00fcftgurt breit, gut gepolstert und somit komfortabel. Sie k\u00f6nnen ja abgenommen und um R\u00fcckenteil verstaut werden. Drittens k\u00f6nnen an der Seite an den Daisy Schlaufen Sachen fixiert werden. \u00dcberdies hat die Innentasche Stauraum f\u00fcr Kleinzeugs.<\/p>\n<p><strong>Link Tipp:<\/strong> Den neuen Bag gleich mal ausprobieren, beim <a href=\"https:\/\/maltatal.rocks\" target=\"_blank\" rel=\"noopener noreferrer\">Klettern in K\u00e4rnten<\/a><\/p>\n","protected":false},"excerpt":{"rendered":"<ul>\n<li>Hersteller: Metolius<\/li>\n<li>Gewicht: 1,2 kg<\/li>\n<li>Volumen: 39 Liter<\/li>\n<li>Material: H\u00fclle Polyurethan, Nylon<\/li>\n<li>extrem abriebfest<\/li>\n<li>Einsatzgebiet: Rucksack und Haulpack<\/li>\n<li>Farben: gelb-orange<\/li>\n<li>2 Hauling Schlaufen<\/li>\n<li>Innentasche, Daisy Schlaufe au\u00dfen<\/li>\n<li>Alu-Schnalle<\/li>\n<li>komfortable Trageriemen + H\u00fcftgurt jeweils abnehmbar<\/li>\n<\/ul>\n","protected":false},"featured_media":2569,"comment_status":"closed","ping_status":"closed","template":"","meta":[],"product_brand":[],"product_cat":[31,42,4809,4657,10581],"product_tag":[262],"class_list":{"0":"post-2563","1":"product","2":"type-product","3":"status-publish","4":"has-post-thumbnail","6":"product_cat-big-wall-ausruestung","7":"product_cat-haulbag","8":"product_cat-kletterrucksack","9":"product_cat-metolius","10":"product_cat-metolius-haulbags","11":"product_tag-alpinklettern","13":"first","14":"instock","15":"sale","16":"taxable","17":"shipping-taxable","18":"purchasable","19":"product-type-simple"},"yoast_head":"<!-- This site is optimized with the Yoast SEO Premium plugin v26.9 (Yoast SEO v26.9) - https:\/\/yoast.com\/product\/yoast-seo-premium-wordpress\/ -->\n<title>Metolius Express Haulpack: jetzt online kaufen bei bolting.eu<\/title>\n<meta name=\"description\" content=\"Hier findet ihr den Metolius Express Haulpack. Einen Kletterrucksack aus langlebigen Polyurethan, komfi Trageriemen und Innentasche!\" \/>\n<meta name=\"robots\" content=\"index, follow, max-snippet:-1, max-image-preview:large, max-video-preview:-1\" \/>\n<link rel=\"canonical\" href=\"https:\/\/bolting.eu\/en\/shop\/metolius-express-haulpack\/\" \/>\n<meta property=\"og:locale\" content=\"en_US\" \/>\n<meta property=\"og:type\" content=\"article\" \/>\n<meta property=\"og:title\" content=\"Metolius Express Haulpack\" \/>\n<meta property=\"og:description\" content=\"Hier findet ihr den Metolius Express Haulpack. Einen Kletterrucksack aus langlebigen Polyurethan, komfi Trageriemen und Innentasche!\" \/>\n<meta property=\"og:url\" content=\"https:\/\/bolting.eu\/en\/shop\/metolius-express-haulpack\/\" \/>\n<meta property=\"og:site_name\" content=\"bolting.eu\" \/>\n<meta property=\"article:publisher\" content=\"https:\/\/www.facebook.com\/bolting.eu\" \/>\n<meta property=\"article:modified_time\" content=\"2026-02-27T13:41:39+00:00\" \/>\n<meta property=\"og:image\" content=\"https:\/\/bolting.eu\/wp-content\/uploads\/2020\/03\/Metolius-Express-Haulpack.jpg\" \/>\n\t<meta property=\"og:image:width\" content=\"700\" \/>\n\t<meta property=\"og:image:height\" content=\"700\" \/>\n\t<meta property=\"og:image:type\" content=\"image\/jpeg\" \/>\n<meta name=\"twitter:card\" content=\"summary_large_image\" \/>\n<meta name=\"twitter:label1\" content=\"Price\" \/>\n\t<meta name=\"twitter:data1\" content=\"&euro;&nbsp;180,00\" \/>\n\t<meta name=\"twitter:label2\" content=\"Availability\" \/>\n\t<meta name=\"twitter:data2\" content=\"In stock\" \/>\n<script type=\"application\/ld+json\" class=\"yoast-schema-graph\">{\"@context\":\"https:\/\/schema.org\",\"@graph\":[{\"@type\":[\"WebPage\",\"ItemPage\"],\"@id\":\"https:\/\/bolting.eu\/en\/shop\/metolius-express-haulpack\/\",\"url\":\"https:\/\/bolting.eu\/en\/shop\/metolius-express-haulpack\/\",\"name\":\"Metolius Express Haulpack: jetzt online kaufen bei bolting.eu\",\"isPartOf\":{\"@id\":\"https:\/\/bolting.eu\/en\/#website\"},\"primaryImageOfPage\":{\"@id\":\"https:\/\/bolting.eu\/en\/shop\/metolius-express-haulpack\/#primaryimage\"},\"image\":{\"@id\":\"https:\/\/bolting.eu\/en\/shop\/metolius-express-haulpack\/#primaryimage\"},\"thumbnailUrl\":\"https:\/\/bolting.eu\/wp-content\/uploads\/2020\/03\/Metolius-Express-Haulpack.jpg\",\"datePublished\":\"2020-03-23T12:36:50+00:00\",\"dateModified\":\"2026-02-27T13:41:39+00:00\",\"description\":\"Hier findet ihr den Metolius Express Haulpack. Einen Kletterrucksack aus langlebigen Polyurethan, komfi Trageriemen und Innentasche!\",\"breadcrumb\":{\"@id\":\"https:\/\/bolting.eu\/en\/shop\/metolius-express-haulpack\/#breadcrumb\"},\"inLanguage\":\"en-US\",\"potentialAction\":[{\"@type\":\"ReadAction\",\"target\":[\"https:\/\/bolting.eu\/en\/shop\/metolius-express-haulpack\/\"]}]},{\"@type\":\"ImageObject\",\"inLanguage\":\"en-US\",\"@id\":\"https:\/\/bolting.eu\/en\/shop\/metolius-express-haulpack\/#primaryimage\",\"url\":\"https:\/\/bolting.eu\/wp-content\/uploads\/2020\/03\/Metolius-Express-Haulpack.jpg\",\"contentUrl\":\"https:\/\/bolting.eu\/wp-content\/uploads\/2020\/03\/Metolius-Express-Haulpack.jpg\",\"width\":700,\"height\":700,\"caption\":\"Das Bild zeigt einen gelb-orangen Metolius Express Haulpack schr\u00e4g von der Seite. Der Rucksack steht in Bildmitte aufrecht da. Man sieht die Front mit geschlossenem, schwarzem Deckel und die schwarzen Trageriemen.\"},{\"@type\":\"BreadcrumbList\",\"@id\":\"https:\/\/bolting.eu\/en\/shop\/metolius-express-haulpack\/#breadcrumb\",\"itemListElement\":[{\"@type\":\"ListItem\",\"position\":1,\"name\":\"Shop\",\"item\":\"https:\/\/bolting.eu\/en\/shop\/\"},{\"@type\":\"ListItem\",\"position\":2,\"name\":\"Big Wall gear\",\"item\":\"https:\/\/bolting.eu\/en\/produkt-kategorie\/big-wall-gear\/\"},{\"@type\":\"ListItem\",\"position\":3,\"name\":\"Haulbag\",\"item\":\"https:\/\/bolting.eu\/produkt-kategorie\/big-wall-ausruestung\/haulbag\/\"},{\"@type\":\"ListItem\",\"position\":4,\"name\":\"Metolius Haulbags\",\"item\":\"https:\/\/bolting.eu\/en\/produkt-kategorie\/big-wall-gear\/haulbag\/metolius-haulbags\/\"},{\"@type\":\"ListItem\",\"position\":5,\"name\":\"Metolius Express Haulpack\"}]},{\"@type\":\"WebSite\",\"@id\":\"https:\/\/bolting.eu\/en\/#website\",\"url\":\"https:\/\/bolting.eu\/en\/\",\"name\":\"bolting.eu\",\"description\":\"we make climbs happen\",\"publisher\":{\"@id\":\"https:\/\/bolting.eu\/en\/#organization\"},\"potentialAction\":[{\"@type\":\"SearchAction\",\"target\":{\"@type\":\"EntryPoint\",\"urlTemplate\":\"https:\/\/bolting.eu\/en\/?s={search_term_string}\"},\"query-input\":{\"@type\":\"PropertyValueSpecification\",\"valueRequired\":true,\"valueName\":\"search_term_string\"}}],\"inLanguage\":\"en-US\"},{\"@type\":[\"Organization\",\"Place\",\"SportingGoodsStore\"],\"@id\":\"https:\/\/bolting.eu\/en\/#organization\",\"name\":\"bolting.eu\",\"url\":\"https:\/\/bolting.eu\/en\/\",\"logo\":{\"@id\":\"https:\/\/bolting.eu\/en\/shop\/metolius-express-haulpack\/#local-main-organization-logo\"},\"image\":{\"@id\":\"https:\/\/bolting.eu\/en\/shop\/metolius-express-haulpack\/#local-main-organization-logo\"},\"sameAs\":[\"https:\/\/www.facebook.com\/bolting.eu\",\"https:\/\/www.instagram.com\/bolting.eu\/\"],\"address\":{\"@id\":\"https:\/\/bolting.eu\/en\/shop\/metolius-express-haulpack\/#local-main-place-address\"},\"geo\":{\"@type\":\"GeoCoordinates\",\"latitude\":\"47.264176340396226\",\"longitude\":\"11.380109057672346\"},\"telephone\":[\"+43 699 19083372\"],\"openingHoursSpecification\":[{\"@type\":\"OpeningHoursSpecification\",\"dayOfWeek\":[\"Monday\",\"Wednesday\",\"Friday\"],\"opens\":\"14:00\",\"closes\":\"18:00\"},{\"@type\":\"OpeningHoursSpecification\",\"dayOfWeek\":[\"Tuesday\",\"Thursday\",\"Saturday\",\"Sunday\"],\"opens\":\"00:00\",\"closes\":\"00:00\"}],\"email\":\"office@bolting.eu\",\"vatID\":\"ATU59999728\",\"priceRange\":\"$$\",\"currenciesAccepted\":\"Euro\"},{\"@type\":\"PostalAddress\",\"@id\":\"https:\/\/bolting.eu\/en\/shop\/metolius-express-haulpack\/#local-main-place-address\",\"streetAddress\":\"Fischnalerstra\u00dfe 4\",\"addressLocality\":\"Innsbruck\",\"postalCode\":\"6020\",\"addressRegion\":\"Tirol\",\"addressCountry\":\"AT\"},{\"@type\":\"ImageObject\",\"inLanguage\":\"en-US\",\"@id\":\"https:\/\/bolting.eu\/en\/shop\/metolius-express-haulpack\/#local-main-organization-logo\",\"url\":\"https:\/\/bolting.eu\/wp-content\/uploads\/2019\/09\/bolting-logo.png\",\"contentUrl\":\"https:\/\/bolting.eu\/wp-content\/uploads\/2019\/09\/bolting-logo.png\",\"width\":400,\"height\":211,\"caption\":\"bolting.eu\"}]}<\/script>\n<meta property=\"og:video\" content=\"https:\/\/www.youtube.com\/embed\/W6D8kW_rgks\" \/>\n<meta property=\"og:video:type\" content=\"text\/html\" \/>\n<meta property=\"og:video:duration\" content=\"131\" \/>\n<meta property=\"og:video:width\" content=\"480\" \/>\n<meta property=\"og:video:height\" content=\"270\" \/>\n<meta property=\"ya:ovs:adult\" content=\"false\" \/>\n<meta property=\"ya:ovs:upload_date\" content=\"2020-03-23T12:36:50+00:00\" \/>\n<meta property=\"ya:ovs:allow_embed\" content=\"true\" \/>\n<meta property=\"product:price:amount\" content=\"180.00\" \/>\n<meta property=\"product:price:currency\" content=\"EUR\" \/>\n<meta property=\"og:availability\" content=\"instock\" \/>\n<meta property=\"product:availability\" content=\"instock\" \/>\n<meta property=\"product:retailer_item_id\" content=\"metolius_express_gelb\" \/>\n<meta property=\"product:condition\" content=\"new\" \/>\n<meta name=\"geo.placename\" content=\"Innsbruck\" \/>\n<meta name=\"geo.position\" content=\"47.264176340396226;11.380109057672346\" \/>\n<meta name=\"geo.region\" content=\"Austria\" \/>\n<!-- \/ Yoast SEO Premium plugin. -->","yoast_head_json":{"title":"Metolius Express Haulpack: jetzt online kaufen bei bolting.eu","description":"Hier findet ihr den Metolius Express Haulpack. Einen Kletterrucksack aus langlebigen Polyurethan, komfi Trageriemen und Innentasche!","robots":{"index":"index","follow":"follow","max-snippet":"max-snippet:-1","max-image-preview":"max-image-preview:large","max-video-preview":"max-video-preview:-1"},"canonical":"https:\/\/bolting.eu\/en\/shop\/metolius-express-haulpack\/","og_locale":"en_US","og_type":"article","og_title":"Metolius Express Haulpack","og_description":"Hier findet ihr den Metolius Express Haulpack. Einen Kletterrucksack aus langlebigen Polyurethan, komfi Trageriemen und Innentasche!","og_url":"https:\/\/bolting.eu\/en\/shop\/metolius-express-haulpack\/","og_site_name":"bolting.eu","article_publisher":"https:\/\/www.facebook.com\/bolting.eu","article_modified_time":"2026-02-27T13:41:39+00:00","og_image":[{"width":700,"height":700,"url":"https:\/\/bolting.eu\/wp-content\/uploads\/2020\/03\/Metolius-Express-Haulpack.jpg","type":"image\/jpeg"}],"twitter_card":"summary_large_image","twitter_misc":{"Price":"&euro;&nbsp;180,00","Availability":"In stock"},"schema":{"@context":"https:\/\/schema.org","@graph":[{"@type":["WebPage","ItemPage"],"@id":"https:\/\/bolting.eu\/en\/shop\/metolius-express-haulpack\/","url":"https:\/\/bolting.eu\/en\/shop\/metolius-express-haulpack\/","name":"Metolius Express Haulpack: jetzt online kaufen bei bolting.eu","isPartOf":{"@id":"https:\/\/bolting.eu\/en\/#website"},"primaryImageOfPage":{"@id":"https:\/\/bolting.eu\/en\/shop\/metolius-express-haulpack\/#primaryimage"},"image":{"@id":"https:\/\/bolting.eu\/en\/shop\/metolius-express-haulpack\/#primaryimage"},"thumbnailUrl":"https:\/\/bolting.eu\/wp-content\/uploads\/2020\/03\/Metolius-Express-Haulpack.jpg","datePublished":"2020-03-23T12:36:50+00:00","dateModified":"2026-02-27T13:41:39+00:00","description":"Hier findet ihr den Metolius Express Haulpack. Einen Kletterrucksack aus langlebigen Polyurethan, komfi Trageriemen und Innentasche!","breadcrumb":{"@id":"https:\/\/bolting.eu\/en\/shop\/metolius-express-haulpack\/#breadcrumb"},"inLanguage":"en-US","potentialAction":[{"@type":"ReadAction","target":["https:\/\/bolting.eu\/en\/shop\/metolius-express-haulpack\/"]}]},{"@type":"ImageObject","inLanguage":"en-US","@id":"https:\/\/bolting.eu\/en\/shop\/metolius-express-haulpack\/#primaryimage","url":"https:\/\/bolting.eu\/wp-content\/uploads\/2020\/03\/Metolius-Express-Haulpack.jpg","contentUrl":"https:\/\/bolting.eu\/wp-content\/uploads\/2020\/03\/Metolius-Express-Haulpack.jpg","width":700,"height":700,"caption":"Das Bild zeigt einen gelb-orangen Metolius Express Haulpack schr\u00e4g von der Seite. Der Rucksack steht in Bildmitte aufrecht da. Man sieht die Front mit geschlossenem, schwarzem Deckel und die schwarzen Trageriemen."},{"@type":"BreadcrumbList","@id":"https:\/\/bolting.eu\/en\/shop\/metolius-express-haulpack\/#breadcrumb","itemListElement":[{"@type":"ListItem","position":1,"name":"Shop","item":"https:\/\/bolting.eu\/en\/shop\/"},{"@type":"ListItem","position":2,"name":"Big Wall gear","item":"https:\/\/bolting.eu\/en\/produkt-kategorie\/big-wall-gear\/"},{"@type":"ListItem","position":3,"name":"Haulbag","item":"https:\/\/bolting.eu\/produkt-kategorie\/big-wall-ausruestung\/haulbag\/"},{"@type":"ListItem","position":4,"name":"Metolius Haulbags","item":"https:\/\/bolting.eu\/en\/produkt-kategorie\/big-wall-gear\/haulbag\/metolius-haulbags\/"},{"@type":"ListItem","position":5,"name":"Metolius Express Haulpack"}]},{"@type":"WebSite","@id":"https:\/\/bolting.eu\/en\/#website","url":"https:\/\/bolting.eu\/en\/","name":"bolting.eu","description":"we make climbs happen","publisher":{"@id":"https:\/\/bolting.eu\/en\/#organization"},"potentialAction":[{"@type":"SearchAction","target":{"@type":"EntryPoint","urlTemplate":"https:\/\/bolting.eu\/en\/?s={search_term_string}"},"query-input":{"@type":"PropertyValueSpecification","valueRequired":true,"valueName":"search_term_string"}}],"inLanguage":"en-US"},{"@type":["Organization","Place","SportingGoodsStore"],"@id":"https:\/\/bolting.eu\/en\/#organization","name":"bolting.eu","url":"https:\/\/bolting.eu\/en\/","logo":{"@id":"https:\/\/bolting.eu\/en\/shop\/metolius-express-haulpack\/#local-main-organization-logo"},"image":{"@id":"https:\/\/bolting.eu\/en\/shop\/metolius-express-haulpack\/#local-main-organization-logo"},"sameAs":["https:\/\/www.facebook.com\/bolting.eu","https:\/\/www.instagram.com\/bolting.eu\/"],"address":{"@id":"https:\/\/bolting.eu\/en\/shop\/metolius-express-haulpack\/#local-main-place-address"},"geo":{"@type":"GeoCoordinates","latitude":"47.264176340396226","longitude":"11.380109057672346"},"telephone":["+43 699 19083372"],"openingHoursSpecification":[{"@type":"OpeningHoursSpecification","dayOfWeek":["Monday","Wednesday","Friday"],"opens":"14:00","closes":"18:00"},{"@type":"OpeningHoursSpecification","dayOfWeek":["Tuesday","Thursday","Saturday","Sunday"],"opens":"00:00","closes":"00:00"}],"email":"office@bolting.eu","vatID":"ATU59999728","priceRange":"$$","currenciesAccepted":"Euro"},{"@type":"PostalAddress","@id":"https:\/\/bolting.eu\/en\/shop\/metolius-express-haulpack\/#local-main-place-address","streetAddress":"Fischnalerstra\u00dfe 4","addressLocality":"Innsbruck","postalCode":"6020","addressRegion":"Tirol","addressCountry":"AT"},{"@type":"ImageObject","inLanguage":"en-US","@id":"https:\/\/bolting.eu\/en\/shop\/metolius-express-haulpack\/#local-main-organization-logo","url":"https:\/\/bolting.eu\/wp-content\/uploads\/2019\/09\/bolting-logo.png","contentUrl":"https:\/\/bolting.eu\/wp-content\/uploads\/2019\/09\/bolting-logo.png","width":400,"height":211,"caption":"bolting.eu"}]},"og_video":"https:\/\/www.youtube.com\/embed\/W6D8kW_rgks","og_video_type":"text\/html","og_video_duration":"131","og_video_width":"480","og_video_height":"270","ya_ovs_adult":"false","ya_ovs_upload_date":"2020-03-23T12:36:50+00:00","ya_ovs_allow_embed":"true","product_price_amount":"180.00","product_price_currency":"EUR","og_availability":"instock","product_availability":"instock","product_retailer_item_id":"metolius_express_gelb","product_condition":"new","geo.placename":"Innsbruck","geo.position":{"lat":"47.264176340396226","long":"11.380109057672346"},"geo.region":"Austria"},"_links":{"self":[{"href":"https:\/\/bolting.eu\/en\/wp-json\/wp\/v2\/product\/2563","targetHints":{"allow":["GET"]}}],"collection":[{"href":"https:\/\/bolting.eu\/en\/wp-json\/wp\/v2\/product"}],"about":[{"href":"https:\/\/bolting.eu\/en\/wp-json\/wp\/v2\/types\/product"}],"replies":[{"embeddable":true,"href":"https:\/\/bolting.eu\/en\/wp-json\/wp\/v2\/comments?post=2563"}],"wp:featuredmedia":[{"embeddable":true,"href":"https:\/\/bolting.eu\/en\/wp-json\/wp\/v2\/media\/2569"}],"wp:attachment":[{"href":"https:\/\/bolting.eu\/en\/wp-json\/wp\/v2\/media?parent=2563"}],"wp:term":[{"taxonomy":"product_brand","embeddable":true,"href":"https:\/\/bolting.eu\/en\/wp-json\/wp\/v2\/product_brand?post=2563"},{"taxonomy":"product_cat","embeddable":true,"href":"https:\/\/bolting.eu\/en\/wp-json\/wp\/v2\/product_cat?post=2563"},{"taxonomy":"product_tag","embeddable":true,"href":"https:\/\/bolting.eu\/en\/wp-json\/wp\/v2\/product_tag?post=2563"}],"curies":[{"name":"wp","href":"https:\/\/api.w.org\/{rel}","templated":true}]}}