{"id":2554,"date":"2020-03-23T12:47:10","date_gmt":"2020-03-23T11:47:10","guid":{"rendered":"https:\/\/bolting.eu\/?post_type=product&#038;p=2554"},"modified":"2025-03-24T18:04:22","modified_gmt":"2025-03-24T17:04:22","slug":"metolius-freerider-haulpack","status":"publish","type":"product","link":"https:\/\/bolting.eu\/en\/shop\/metolius-freerider-haulpack\/","title":{"rendered":"Metolius Freerider Haulpack"},"content":{"rendered":"<p>Der Metolius Freerider Haulpack ist eine geniale Mischung aus Rucksack und Haulbag. Er ist f\u00fcr kleine Big Walls bzw. lange Alpinrouten gedacht. Der Pack ist extrem robust und kann daher perfekt an einem extra Seil nachgezogen werden. Der Freerider ist einerseits genau f\u00fcr diesen Einsatzbereich konzipiert. Andererseits gibt das Produkt einen super langlebigen Kletterrucksack her. Er weist folgende Eigenschaften auf.<\/p>\n<p>Erstens hat er super bequeme Trageriemen f\u00fcr den Zu- und Abstieg. Zweitens besteht seine H\u00fclle aus extrem abriebfesten Polyurethan wie alle Metolius Haulbags. Drittens hat er ein Volumen von 41 Litern. Da passt jede Menge Gear, etwas Essen und Trinken sowie Bekleidung rein. Viertens hat er einige weitere coole Features. Beispielsweise Kompressionsriemen sowie Top Riemen f\u00fcr ein Seil oder eine Jacke. \u00dcberdies kann man das Deckelfach von au\u00dfen bzw. innen \u00f6ffnen. Die Aluminium Schnalle ist \u00fcbrigens unkaputtbar und macht den Bag zu einer nachhaltigen Investition. Denn er h\u00e4lt in der Regel viele, viele Jahr!<\/p>\n<h3>Eigenschaften Metolius Freerider Haulpack<\/h3>\n<ul>\n<li>Hersteller: <a href=\"https:\/\/www.metoliusclimbing.com\" target=\"_blank\" rel=\"noopener noreferrer\">Metolius<\/a><\/li>\n<li>Gewicht: 1,38 kg<\/li>\n<li>Volumen: 41 Liter<\/li>\n<li>Material: H\u00fclle Polyurethan, Nylon<\/li>\n<li>extrem abriebfest<\/li>\n<li>Einsatzgebiet: Rucksack und Haulpack<\/li>\n<li>Farben: Beige und gr\u00fcn<\/li>\n<li>2 Hauling Schlaufen<\/li>\n<li>Deckelfach<\/li>\n<li>Alu-Schnalle<\/li>\n<li>komfortable Trageriemen<\/li>\n<\/ul>\n<h3>Video Metolius Freerider Haulpack<\/h3>\n<p>Das Video von Metolius (Englisch) stellt den Pack vor.<\/p>\n<p><iframe loading=\"lazy\" src=\"https:\/\/www.youtube.com\/embed\/5gFKFIm0kpA\" width=\"100%\" height=\"450\" frameborder=\"0\" allowfullscreen=\"allowfullscreen\"><span data-mce-type=\"bookmark\" style=\"display: inline-block; width: 0px; overflow: hidden; line-height: 0;\" class=\"mce_SELRES_start\">\ufeff<\/span><\/iframe><\/p>\n<h3>Der Bag beim Einbohren<\/h3>\n<p>Der Metolius Freerider Haulpack ist auch super f\u00fcr Erschlie\u00dfer. Denn in dem robusten Kletterrucksack lassen sich die schweren Materialien bestens transportieren. Beispielsweise <a href=\"https:\/\/bolting.eu\/produkt-kategorie\/klebehaken-buehlerhaken\/\">Klebehaken<\/a>, <a href=\"https:\/\/bolting.eu\/produkt-kategorie\/bohrhaken\/\">Bohrhaken<\/a>, <a href=\"https:\/\/bolting.eu\/produkt-kategorie\/bohrhakenlasche\/\">Bohrhakenlaschen<\/a> und <a href=\"https:\/\/bolting.eu\/produkt-kategorie\/umlenker-kettenstand\/\">Umlenker-Kettenst\u00e4nde<\/a>. Zudem passen Akku Bohrhammer, ein paar SDS Bohrer und Reserveakkus ebenfalls hinein. Beim Einbohren selbst kann man den Bag an den Hauling-Schlaufen mit in die Wand nehmen. Das extrem abriebfeste Polyurethan h\u00e4lt enorm viel aus!<\/p>\n<h3>Bag als Kletterrucksack<\/h3>\n<p>Wer einen Kletterrucksack kaufen will der viele Jahre halten soll, ist hier richtig! Denn der Metolius Freerider Haulpack macht sowohl im Klettergarten, beim Bouldern oder sogar in der Freizeit eine Top Figur. Denn erstens ist die H\u00fclle quasi wasserdicht. Zweitens sind die Trageriemen breit, gut gepolstert und somit komfortabel. Drittens k\u00f6nnen am Top ein Seil oder eine Jacke fixiert werden. \u00dcberdies sorgt die Deckeltasche f\u00fcr Stauraum. Man kann sie von &#8220;oben&#8221; bzw. &#8220;au\u00dfen&#8221; \u00f6ffnen. Zudem im &#8220;umgeklappten&#8221; Zustand, also von &#8220;innen&#8221; quasi.<\/p>\n<p><strong>Link Tipp:<\/strong> Den neuen Bag gleich mal ausprobieren, beim <a href=\"https:\/\/maltatal.rocks\" target=\"_blank\" rel=\"noopener noreferrer\">Klettern in K\u00e4rnten<\/a><\/p>\n","protected":false},"excerpt":{"rendered":"<ul>\n<li>Hersteller: Metolius<\/li>\n<li>Gewicht: 1,38 kg<\/li>\n<li>Volumen: 41 Liter<\/li>\n<li>Material: H\u00fclle Polyurethan, Nylon<\/li>\n<li>extrem abriebfest<\/li>\n<li>Einsatzgebiet: Rucksack und Haulpack<\/li>\n<li>Farbe: Beige<\/li>\n<li>2 Hauling Schlaufen<\/li>\n<li>Deckelfach<\/li>\n<li>Alu-Schnalle<\/li>\n<li>komfortable Trageriemen<\/li>\n<\/ul>\n","protected":false},"featured_media":2558,"comment_status":"closed","ping_status":"closed","template":"","meta":[],"product_brand":[],"product_cat":[42,4809,4657,10581],"product_tag":[262],"class_list":{"0":"post-2554","1":"product","2":"type-product","3":"status-publish","4":"has-post-thumbnail","6":"product_cat-haulbag","7":"product_cat-kletterrucksack","8":"product_cat-metolius","9":"product_cat-metolius-haulbags","10":"product_tag-alpinklettern","12":"first","13":"instock","14":"sale","15":"taxable","16":"shipping-taxable","17":"purchasable","18":"product-type-variable"},"yoast_head":"<!-- This site is optimized with the Yoast SEO Premium plugin v26.9 (Yoast SEO v26.9) - https:\/\/yoast.com\/product\/yoast-seo-premium-wordpress\/ -->\n<title>Metolius Freerider Haulpack: jetzt online kaufen bei bolting.eu<\/title>\n<meta name=\"description\" content=\"Hier findet ihr den Metolius Freerider Haulpack. Einen Kletterrucksack mit langlebigen Polyurethan, komfi Trageriemen und Deckeltasche!\" \/>\n<meta name=\"robots\" content=\"index, follow, max-snippet:-1, max-image-preview:large, max-video-preview:-1\" \/>\n<link rel=\"canonical\" href=\"https:\/\/bolting.eu\/en\/shop\/metolius-freerider-haulpack\/\" \/>\n<meta property=\"og:locale\" content=\"en_US\" \/>\n<meta property=\"og:type\" content=\"article\" \/>\n<meta property=\"og:title\" content=\"Metolius Freerider Haulpack\" \/>\n<meta property=\"og:description\" content=\"Hier findet ihr den Metolius Freerider Haulpack. Einen Kletterrucksack mit langlebigen Polyurethan, komfi Trageriemen und Deckeltasche!\" \/>\n<meta property=\"og:url\" content=\"https:\/\/bolting.eu\/en\/shop\/metolius-freerider-haulpack\/\" \/>\n<meta property=\"og:site_name\" content=\"bolting.eu\" \/>\n<meta property=\"article:publisher\" content=\"https:\/\/www.facebook.com\/bolting.eu\" \/>\n<meta property=\"article:modified_time\" content=\"2025-03-24T17:04:22+00:00\" \/>\n<meta property=\"og:image\" content=\"https:\/\/bolting.eu\/wp-content\/uploads\/2020\/03\/Metolius-Frerider-Haulpack-gruen.jpg\" \/>\n\t<meta property=\"og:image:width\" content=\"700\" \/>\n\t<meta property=\"og:image:height\" content=\"700\" \/>\n\t<meta property=\"og:image:type\" content=\"image\/jpeg\" \/>\n<meta name=\"twitter:card\" content=\"summary_large_image\" \/>\n<meta name=\"twitter:label1\" content=\"Availability\" \/>\n\t<meta name=\"twitter:data1\" content=\"In stock\" \/>\n<script type=\"application\/ld+json\" class=\"yoast-schema-graph\">{\"@context\":\"https:\/\/schema.org\",\"@graph\":[{\"@type\":[\"WebPage\",\"ItemPage\"],\"@id\":\"https:\/\/bolting.eu\/en\/shop\/metolius-freerider-haulpack\/\",\"url\":\"https:\/\/bolting.eu\/en\/shop\/metolius-freerider-haulpack\/\",\"name\":\"Metolius Freerider Haulpack: jetzt online kaufen bei bolting.eu\",\"isPartOf\":{\"@id\":\"https:\/\/bolting.eu\/en\/#website\"},\"primaryImageOfPage\":{\"@id\":\"https:\/\/bolting.eu\/en\/shop\/metolius-freerider-haulpack\/#primaryimage\"},\"image\":{\"@id\":\"https:\/\/bolting.eu\/en\/shop\/metolius-freerider-haulpack\/#primaryimage\"},\"thumbnailUrl\":\"https:\/\/bolting.eu\/wp-content\/uploads\/2020\/03\/Metolius-Frerider-Haulpack-gruen.jpg\",\"datePublished\":\"2020-03-23T11:47:10+00:00\",\"dateModified\":\"2025-03-24T17:04:22+00:00\",\"description\":\"Hier findet ihr den Metolius Freerider Haulpack. Einen Kletterrucksack mit langlebigen Polyurethan, komfi Trageriemen und Deckeltasche!\",\"breadcrumb\":{\"@id\":\"https:\/\/bolting.eu\/en\/shop\/metolius-freerider-haulpack\/#breadcrumb\"},\"inLanguage\":\"en-US\",\"potentialAction\":[{\"@type\":\"ReadAction\",\"target\":[\"https:\/\/bolting.eu\/en\/shop\/metolius-freerider-haulpack\/\"]}]},{\"@type\":\"ImageObject\",\"inLanguage\":\"en-US\",\"@id\":\"https:\/\/bolting.eu\/en\/shop\/metolius-freerider-haulpack\/#primaryimage\",\"url\":\"https:\/\/bolting.eu\/wp-content\/uploads\/2020\/03\/Metolius-Frerider-Haulpack-gruen.jpg\",\"contentUrl\":\"https:\/\/bolting.eu\/wp-content\/uploads\/2020\/03\/Metolius-Frerider-Haulpack-gruen.jpg\",\"width\":700,\"height\":700,\"caption\":\"Das Bild zeigt einen gr\u00fcnen Metolius Freerider Haulpack schr\u00e4g von der Seite. Der Rucksack steht in Bildmitte aufrecht da. Man sieht die Front mit geschlossenem, schwarzem Deckel sowie die seitlichen Kompressionsriemen und die schwarzen Trageriemen.\"},{\"@type\":\"BreadcrumbList\",\"@id\":\"https:\/\/bolting.eu\/en\/shop\/metolius-freerider-haulpack\/#breadcrumb\",\"itemListElement\":[{\"@type\":\"ListItem\",\"position\":1,\"name\":\"Shop\",\"item\":\"https:\/\/bolting.eu\/en\/shop\/\"},{\"@type\":\"ListItem\",\"position\":2,\"name\":\"Big Wall gear\",\"item\":\"https:\/\/bolting.eu\/en\/produkt-kategorie\/big-wall-gear\/\"},{\"@type\":\"ListItem\",\"position\":3,\"name\":\"Haulbag\",\"item\":\"https:\/\/bolting.eu\/produkt-kategorie\/big-wall-ausruestung\/haulbag\/\"},{\"@type\":\"ListItem\",\"position\":4,\"name\":\"Metolius Haulbags\",\"item\":\"https:\/\/bolting.eu\/en\/produkt-kategorie\/big-wall-gear\/haulbag\/metolius-haulbags\/\"},{\"@type\":\"ListItem\",\"position\":5,\"name\":\"Metolius Freerider Haulpack\"}]},{\"@type\":\"WebSite\",\"@id\":\"https:\/\/bolting.eu\/en\/#website\",\"url\":\"https:\/\/bolting.eu\/en\/\",\"name\":\"bolting.eu\",\"description\":\"we make climbs happen\",\"publisher\":{\"@id\":\"https:\/\/bolting.eu\/en\/#organization\"},\"potentialAction\":[{\"@type\":\"SearchAction\",\"target\":{\"@type\":\"EntryPoint\",\"urlTemplate\":\"https:\/\/bolting.eu\/en\/?s={search_term_string}\"},\"query-input\":{\"@type\":\"PropertyValueSpecification\",\"valueRequired\":true,\"valueName\":\"search_term_string\"}}],\"inLanguage\":\"en-US\"},{\"@type\":[\"Organization\",\"Place\",\"SportingGoodsStore\"],\"@id\":\"https:\/\/bolting.eu\/en\/#organization\",\"name\":\"bolting.eu\",\"url\":\"https:\/\/bolting.eu\/en\/\",\"logo\":{\"@id\":\"https:\/\/bolting.eu\/en\/shop\/metolius-freerider-haulpack\/#local-main-organization-logo\"},\"image\":{\"@id\":\"https:\/\/bolting.eu\/en\/shop\/metolius-freerider-haulpack\/#local-main-organization-logo\"},\"sameAs\":[\"https:\/\/www.facebook.com\/bolting.eu\",\"https:\/\/www.instagram.com\/bolting.eu\/\"],\"address\":{\"@id\":\"https:\/\/bolting.eu\/en\/shop\/metolius-freerider-haulpack\/#local-main-place-address\"},\"geo\":{\"@type\":\"GeoCoordinates\",\"latitude\":\"47.264176340396226\",\"longitude\":\"11.380109057672346\"},\"telephone\":[\"+43 699 19083372\"],\"openingHoursSpecification\":[{\"@type\":\"OpeningHoursSpecification\",\"dayOfWeek\":[\"Monday\",\"Wednesday\",\"Friday\"],\"opens\":\"14:00\",\"closes\":\"18:00\"},{\"@type\":\"OpeningHoursSpecification\",\"dayOfWeek\":[\"Tuesday\",\"Thursday\",\"Saturday\",\"Sunday\"],\"opens\":\"00:00\",\"closes\":\"00:00\"}],\"email\":\"office@bolting.eu\",\"vatID\":\"ATU59999728\",\"priceRange\":\"$$\",\"currenciesAccepted\":\"Euro\"},{\"@type\":\"PostalAddress\",\"@id\":\"https:\/\/bolting.eu\/en\/shop\/metolius-freerider-haulpack\/#local-main-place-address\",\"streetAddress\":\"Fischnalerstra\u00dfe 4\",\"addressLocality\":\"Innsbruck\",\"postalCode\":\"6020\",\"addressRegion\":\"Tirol\",\"addressCountry\":\"AT\"},{\"@type\":\"ImageObject\",\"inLanguage\":\"en-US\",\"@id\":\"https:\/\/bolting.eu\/en\/shop\/metolius-freerider-haulpack\/#local-main-organization-logo\",\"url\":\"https:\/\/bolting.eu\/wp-content\/uploads\/2019\/09\/bolting-logo.png\",\"contentUrl\":\"https:\/\/bolting.eu\/wp-content\/uploads\/2019\/09\/bolting-logo.png\",\"width\":400,\"height\":211,\"caption\":\"bolting.eu\"}]}<\/script>\n<meta property=\"og:video\" content=\"https:\/\/www.youtube.com\/embed\/5gFKFIm0kpA\" \/>\n<meta property=\"og:video:type\" content=\"text\/html\" \/>\n<meta property=\"og:video:duration\" content=\"89\" \/>\n<meta property=\"og:video:width\" content=\"480\" \/>\n<meta property=\"og:video:height\" content=\"270\" \/>\n<meta property=\"ya:ovs:adult\" content=\"false\" \/>\n<meta property=\"ya:ovs:upload_date\" content=\"2020-03-23T11:47:10+00:00\" \/>\n<meta property=\"ya:ovs:allow_embed\" content=\"true\" \/>\n<meta property=\"og:availability\" content=\"instock\" \/>\n<meta property=\"product:availability\" content=\"instock\" \/>\n<meta property=\"product:condition\" content=\"new\" \/>\n<meta name=\"geo.placename\" content=\"Innsbruck\" \/>\n<meta name=\"geo.position\" content=\"47.264176340396226;11.380109057672346\" \/>\n<meta name=\"geo.region\" content=\"Austria\" \/>\n<!-- \/ Yoast SEO Premium plugin. -->","yoast_head_json":{"title":"Metolius Freerider Haulpack: jetzt online kaufen bei bolting.eu","description":"Hier findet ihr den Metolius Freerider Haulpack. Einen Kletterrucksack mit langlebigen Polyurethan, komfi Trageriemen und Deckeltasche!","robots":{"index":"index","follow":"follow","max-snippet":"max-snippet:-1","max-image-preview":"max-image-preview:large","max-video-preview":"max-video-preview:-1"},"canonical":"https:\/\/bolting.eu\/en\/shop\/metolius-freerider-haulpack\/","og_locale":"en_US","og_type":"article","og_title":"Metolius Freerider Haulpack","og_description":"Hier findet ihr den Metolius Freerider Haulpack. Einen Kletterrucksack mit langlebigen Polyurethan, komfi Trageriemen und Deckeltasche!","og_url":"https:\/\/bolting.eu\/en\/shop\/metolius-freerider-haulpack\/","og_site_name":"bolting.eu","article_publisher":"https:\/\/www.facebook.com\/bolting.eu","article_modified_time":"2025-03-24T17:04:22+00:00","og_image":[{"width":700,"height":700,"url":"https:\/\/bolting.eu\/wp-content\/uploads\/2020\/03\/Metolius-Frerider-Haulpack-gruen.jpg","type":"image\/jpeg"}],"twitter_card":"summary_large_image","twitter_misc":{"Availability":"In stock"},"schema":{"@context":"https:\/\/schema.org","@graph":[{"@type":["WebPage","ItemPage"],"@id":"https:\/\/bolting.eu\/en\/shop\/metolius-freerider-haulpack\/","url":"https:\/\/bolting.eu\/en\/shop\/metolius-freerider-haulpack\/","name":"Metolius Freerider Haulpack: jetzt online kaufen bei bolting.eu","isPartOf":{"@id":"https:\/\/bolting.eu\/en\/#website"},"primaryImageOfPage":{"@id":"https:\/\/bolting.eu\/en\/shop\/metolius-freerider-haulpack\/#primaryimage"},"image":{"@id":"https:\/\/bolting.eu\/en\/shop\/metolius-freerider-haulpack\/#primaryimage"},"thumbnailUrl":"https:\/\/bolting.eu\/wp-content\/uploads\/2020\/03\/Metolius-Frerider-Haulpack-gruen.jpg","datePublished":"2020-03-23T11:47:10+00:00","dateModified":"2025-03-24T17:04:22+00:00","description":"Hier findet ihr den Metolius Freerider Haulpack. Einen Kletterrucksack mit langlebigen Polyurethan, komfi Trageriemen und Deckeltasche!","breadcrumb":{"@id":"https:\/\/bolting.eu\/en\/shop\/metolius-freerider-haulpack\/#breadcrumb"},"inLanguage":"en-US","potentialAction":[{"@type":"ReadAction","target":["https:\/\/bolting.eu\/en\/shop\/metolius-freerider-haulpack\/"]}]},{"@type":"ImageObject","inLanguage":"en-US","@id":"https:\/\/bolting.eu\/en\/shop\/metolius-freerider-haulpack\/#primaryimage","url":"https:\/\/bolting.eu\/wp-content\/uploads\/2020\/03\/Metolius-Frerider-Haulpack-gruen.jpg","contentUrl":"https:\/\/bolting.eu\/wp-content\/uploads\/2020\/03\/Metolius-Frerider-Haulpack-gruen.jpg","width":700,"height":700,"caption":"Das Bild zeigt einen gr\u00fcnen Metolius Freerider Haulpack schr\u00e4g von der Seite. Der Rucksack steht in Bildmitte aufrecht da. Man sieht die Front mit geschlossenem, schwarzem Deckel sowie die seitlichen Kompressionsriemen und die schwarzen Trageriemen."},{"@type":"BreadcrumbList","@id":"https:\/\/bolting.eu\/en\/shop\/metolius-freerider-haulpack\/#breadcrumb","itemListElement":[{"@type":"ListItem","position":1,"name":"Shop","item":"https:\/\/bolting.eu\/en\/shop\/"},{"@type":"ListItem","position":2,"name":"Big Wall gear","item":"https:\/\/bolting.eu\/en\/produkt-kategorie\/big-wall-gear\/"},{"@type":"ListItem","position":3,"name":"Haulbag","item":"https:\/\/bolting.eu\/produkt-kategorie\/big-wall-ausruestung\/haulbag\/"},{"@type":"ListItem","position":4,"name":"Metolius Haulbags","item":"https:\/\/bolting.eu\/en\/produkt-kategorie\/big-wall-gear\/haulbag\/metolius-haulbags\/"},{"@type":"ListItem","position":5,"name":"Metolius Freerider Haulpack"}]},{"@type":"WebSite","@id":"https:\/\/bolting.eu\/en\/#website","url":"https:\/\/bolting.eu\/en\/","name":"bolting.eu","description":"we make climbs happen","publisher":{"@id":"https:\/\/bolting.eu\/en\/#organization"},"potentialAction":[{"@type":"SearchAction","target":{"@type":"EntryPoint","urlTemplate":"https:\/\/bolting.eu\/en\/?s={search_term_string}"},"query-input":{"@type":"PropertyValueSpecification","valueRequired":true,"valueName":"search_term_string"}}],"inLanguage":"en-US"},{"@type":["Organization","Place","SportingGoodsStore"],"@id":"https:\/\/bolting.eu\/en\/#organization","name":"bolting.eu","url":"https:\/\/bolting.eu\/en\/","logo":{"@id":"https:\/\/bolting.eu\/en\/shop\/metolius-freerider-haulpack\/#local-main-organization-logo"},"image":{"@id":"https:\/\/bolting.eu\/en\/shop\/metolius-freerider-haulpack\/#local-main-organization-logo"},"sameAs":["https:\/\/www.facebook.com\/bolting.eu","https:\/\/www.instagram.com\/bolting.eu\/"],"address":{"@id":"https:\/\/bolting.eu\/en\/shop\/metolius-freerider-haulpack\/#local-main-place-address"},"geo":{"@type":"GeoCoordinates","latitude":"47.264176340396226","longitude":"11.380109057672346"},"telephone":["+43 699 19083372"],"openingHoursSpecification":[{"@type":"OpeningHoursSpecification","dayOfWeek":["Monday","Wednesday","Friday"],"opens":"14:00","closes":"18:00"},{"@type":"OpeningHoursSpecification","dayOfWeek":["Tuesday","Thursday","Saturday","Sunday"],"opens":"00:00","closes":"00:00"}],"email":"office@bolting.eu","vatID":"ATU59999728","priceRange":"$$","currenciesAccepted":"Euro"},{"@type":"PostalAddress","@id":"https:\/\/bolting.eu\/en\/shop\/metolius-freerider-haulpack\/#local-main-place-address","streetAddress":"Fischnalerstra\u00dfe 4","addressLocality":"Innsbruck","postalCode":"6020","addressRegion":"Tirol","addressCountry":"AT"},{"@type":"ImageObject","inLanguage":"en-US","@id":"https:\/\/bolting.eu\/en\/shop\/metolius-freerider-haulpack\/#local-main-organization-logo","url":"https:\/\/bolting.eu\/wp-content\/uploads\/2019\/09\/bolting-logo.png","contentUrl":"https:\/\/bolting.eu\/wp-content\/uploads\/2019\/09\/bolting-logo.png","width":400,"height":211,"caption":"bolting.eu"}]},"og_video":"https:\/\/www.youtube.com\/embed\/5gFKFIm0kpA","og_video_type":"text\/html","og_video_duration":"89","og_video_width":"480","og_video_height":"270","ya_ovs_adult":"false","ya_ovs_upload_date":"2020-03-23T11:47:10+00:00","ya_ovs_allow_embed":"true","og_availability":"instock","product_availability":"instock","product_condition":"new","geo.placename":"Innsbruck","geo.position":{"lat":"47.264176340396226","long":"11.380109057672346"},"geo.region":"Austria"},"_links":{"self":[{"href":"https:\/\/bolting.eu\/en\/wp-json\/wp\/v2\/product\/2554","targetHints":{"allow":["GET"]}}],"collection":[{"href":"https:\/\/bolting.eu\/en\/wp-json\/wp\/v2\/product"}],"about":[{"href":"https:\/\/bolting.eu\/en\/wp-json\/wp\/v2\/types\/product"}],"replies":[{"embeddable":true,"href":"https:\/\/bolting.eu\/en\/wp-json\/wp\/v2\/comments?post=2554"}],"wp:featuredmedia":[{"embeddable":true,"href":"https:\/\/bolting.eu\/en\/wp-json\/wp\/v2\/media\/2558"}],"wp:attachment":[{"href":"https:\/\/bolting.eu\/en\/wp-json\/wp\/v2\/media?parent=2554"}],"wp:term":[{"taxonomy":"product_brand","embeddable":true,"href":"https:\/\/bolting.eu\/en\/wp-json\/wp\/v2\/product_brand?post=2554"},{"taxonomy":"product_cat","embeddable":true,"href":"https:\/\/bolting.eu\/en\/wp-json\/wp\/v2\/product_cat?post=2554"},{"taxonomy":"product_tag","embeddable":true,"href":"https:\/\/bolting.eu\/en\/wp-json\/wp\/v2\/product_tag?post=2554"}],"curies":[{"name":"wp","href":"https:\/\/api.w.org\/{rel}","templated":true}]}}