{"id":2542,"date":"2020-03-23T11:30:16","date_gmt":"2020-03-23T10:30:16","guid":{"rendered":"https:\/\/bolting.eu\/?post_type=product&#038;p=2542"},"modified":"2026-03-04T19:39:18","modified_gmt":"2026-03-04T18:39:18","slug":"click-up-sicherungsgeraet-climbing-technology","status":"publish","type":"product","link":"https:\/\/bolting.eu\/en\/shop\/click-up-sicherungsgeraet-climbing-technology\/","title":{"rendered":"Click Up Sicherungsger\u00e4t Climbing Technology"},"content":{"rendered":"<p>Das Click Up Sicherungsger\u00e4t von Climbing Technology ist ein super praktischer Halbautomat. D.h. er blockiert automatisch, wenn die Bremshand das <a href=\"https:\/\/bolting.eu\/produkt-kategorie\/kletterausruestung\/kletterseil\/\">Kletterseil<\/a> fixiert. Den Namen hat dieses Produkt von dem deutlich h\u00f6rbaren &#8220;Click&#8221; beim Einrasten der Blockierfunktion. In unserem Shop geh\u00f6rt das Click-up zu den meist verkauften Sicherungsger\u00e4ten. Und das aus gutem Grund.<\/p>\n<p>Denn erstens hat es eine sehr gute Ergonomie. Es liegt super in der Hand und erm\u00f6glicht ein schnelles und hemmungsfreies Seilausgeben. Zweitens ist es sehr einfach zu bedienen. Das Handling des Ger\u00e4tes kann sehr schnell erlernt werden. Drittens ist es mit 115 Gramm sehr leicht. Viertens kann es f\u00fcr Einfachseile von 8,6 bis 10,5mm verwendet werden.<\/p>\n<p>Nat\u00fcrlich k\u00f6nnen damit auch Nachsteiger gesichert werden. Zudem ist es gleichzeitig ein Abseilger\u00e4t mit automatischer Blockierfunktion wenn man es los l\u00e4sst.<\/p>\n<p>Kurzum. Ein klasse Sicherungsger\u00e4t f\u00fcr alle die ein unkompliziertes Handling wollen.<\/p>\n<h3>Eigenschaften Click Up Sicherungsger\u00e4t Climbing Technology<\/h3>\n<ul>\n<li>Hersteller: <a href=\"https:\/\/bolting.eu\/produkt-kategorie\/climbing-technology\/\">Climbing Technology<\/a><\/li>\n<li>Seiltyp: Einfachseile<\/li>\n<li>Durchmesser: 8,6 &#8211; 10,5mm<\/li>\n<li>EN Norm 15151:2:2012<\/li>\n<li>inklusive Karabiner Concept SGL HC<\/li>\n<li>Farben: Gr\u00fcn und Orange<\/li>\n<li>speziell f\u00fcr\u00b4s Sportklettern und Kletterhalle<\/li>\n<li>vor Verwendung <a href=\"https:\/\/www.climbingtechnology.com\/wp-content\/uploads\/2015\/06\/instruction-manual-click-up.pdf\" target=\"_blank\" rel=\"noopener noreferrer\">Bedienungsanleitung<\/a> genau durchlesen<\/li>\n<\/ul>\n<h3>Video Click Up Sicherungsger\u00e4t Climbing Technology<\/h3>\n<p>Das folgende Video des \u00d6AV erkl\u00e4rt die Verwendung ganz genau!<\/p>\n<p><iframe loading=\"lazy\" src=\"https:\/\/www.youtube.com\/embed\/sMLC7aQjcKQ\" width=\"100%\" height=\"450\" frameborder=\"0\" allowfullscreen=\"allowfullscreen\"><\/iframe><\/p>\n<p>&nbsp;<\/p>\n<h3>Auf den passenden Karabiner achten!<\/h3>\n<p>Wie im Video erw\u00e4hnt, h\u00e4ngt die Funktionst\u00fcchtigkeit von der Form des Karabiners ab. Deshalb NIEMALS einen willk\u00fcrlichen Karabiner mit dem Click Up Sicherungsger\u00e4t verwenden. Kommt Euch der Original Karabiner abhanden, bitte das Original nachkaufen. Nur so erhaltet ihr das Sicherungsger\u00e4t voll funktionst\u00fcchtig. Geht kein Risiko ein, zumal der Concept SGL HC ja nicht einmal teurer als andere ist!<\/p>\n<h3>Wann muss das Click Up Sicherungsger\u00e4t ausgetauscht werden?<\/h3>\n<p>Sobald sich am Stahlb\u00fcgel an der Seil Einlass-Stelle eine Rille bildet, nimmt die Blockier- und Bremskraft ab. Ebenso wird der dazugeh\u00f6rige Karabiner irgendwann einmal eine Rille bekommen. Ihr m\u00fcsst selbst entscheiden, wann das Handling sp\u00fcrbar schlechter wird. Das h\u00e4ngt davon ab wieviel ihr klettert bzw. das Click Up benutzt. In der Regel wird das doch einige Klettersaisonen dauern. Ein Sicherungsger\u00e4t ist ein Gebrauchs- und folglich Abnutzungsartikel. Wir empfehlen daher das Produkt nach ein paar Jahren regelm\u00e4\u00dfig zu inspizieren und es dann ggf. auszuscheiden.<\/p>\n<h3>Praxis Tipp<\/h3>\n<p>\u00d6lt die Feder des Sicherungskarabiners des Click Up von Zeit zu Zeit mit einem <a href=\"https:\/\/bolting.eu\/shop\/kong-kletterausruestung-pflegeoel\/\">Karabiner Pflege\u00f6l<\/a> ein. So l\u00e4sst sie sich auch nach langer Zeit perfekt bewegen! Dies gilt \u00fcbrigens auch f\u00fcr Eure <a href=\"https:\/\/bolting.eu\/produkt-kategorie\/expressschlingen\/\">Expressschlingen<\/a> und <a href=\"https:\/\/bolting.eu\/produkt-kategorie\/klemmgeraete-friends\/\">Klemmger\u00e4te-Friends<\/a>.<\/p>\n<p>Link Tipp: Das Sicherungsger\u00e4t gleich ausprobieren, zum Beispiel beim <a href=\"https:\/\/maltatal.rocks\/\" target=\"_blank\" rel=\"noopener noreferrer\">Klettern in K\u00e4rnten<\/a><\/p>\n","protected":false},"excerpt":{"rendered":"<ul>\n<li>Hersteller: Climbing Technology<\/li>\n<li>Seiltyp: Einfachseile<\/li>\n<li>Durchmesser: 8,6 &#8211; 10,5mm<\/li>\n<li>EN Norm 15151:2:2012<\/li>\n<li>inklusive Karabiner Concept SGL HC<\/li>\n<li>Farben: Gr\u00fcn und Orange<\/li>\n<li>speziell f\u00fcr\u00b4s Sportklettern und Kletterhalle<\/li>\n<li>vor Verwendung Bedienungsanleitung genau durchlesen<\/li>\n<\/ul>\n","protected":false},"featured_media":2543,"comment_status":"closed","ping_status":"closed","template":"","meta":[],"product_brand":[],"product_cat":[14447,4662,29,3711],"product_tag":[3465,264],"class_list":{"0":"post-2542","1":"product","2":"type-product","3":"status-publish","4":"has-post-thumbnail","6":"product_cat-abseilgeraete","7":"product_cat-climbing-technology","8":"product_cat-kletterausruestung","9":"product_cat-sicherungsgeraete-klettern","10":"product_tag-kletterhalle","11":"product_tag-sportklettern","13":"first","14":"instock","15":"sale","16":"taxable","17":"shipping-taxable","18":"purchasable","19":"product-type-variable"},"yoast_head":"<!-- This site is optimized with the Yoast SEO Premium plugin v26.9 (Yoast SEO v26.9) - https:\/\/yoast.com\/product\/yoast-seo-premium-wordpress\/ -->\n<title>Click Up Sicherungsger\u00e4t Climbing Technology online kaufen bei bolting.eu<\/title>\n<meta name=\"description\" content=\"Hier findet ihr das CLICK UP SICHERUNGSGER\u00c4T von Climbing Technology. Einen leicht zu bedienenden Halbautomat inklusive passendem Sicherheitskarabiner!\" \/>\n<meta name=\"robots\" content=\"index, follow, max-snippet:-1, max-image-preview:large, max-video-preview:-1\" \/>\n<link rel=\"canonical\" href=\"https:\/\/bolting.eu\/en\/shop\/click-up-sicherungsgeraet-climbing-technology\/\" \/>\n<meta property=\"og:locale\" content=\"en_US\" \/>\n<meta property=\"og:type\" content=\"article\" \/>\n<meta property=\"og:title\" content=\"Click Up Sicherungsger\u00e4t Climbing Technology\" \/>\n<meta property=\"og:description\" content=\"Hier findet ihr das CLICK UP SICHERUNGSGER\u00c4T von Climbing Technology. Einen leicht zu bedienenden Halbautomat inklusive passendem Sicherheitskarabiner!\" \/>\n<meta property=\"og:url\" content=\"https:\/\/bolting.eu\/en\/shop\/click-up-sicherungsgeraet-climbing-technology\/\" \/>\n<meta property=\"og:site_name\" content=\"bolting.eu\" \/>\n<meta property=\"article:publisher\" content=\"https:\/\/www.facebook.com\/bolting.eu\" \/>\n<meta property=\"article:modified_time\" content=\"2026-03-04T18:39:18+00:00\" \/>\n<meta property=\"og:image\" content=\"https:\/\/bolting.eu\/wp-content\/uploads\/2020\/03\/Click-Up-Sicherungsgeraet-Climbing-Technology-1.jpg\" \/>\n\t<meta property=\"og:image:width\" content=\"700\" \/>\n\t<meta property=\"og:image:height\" content=\"700\" \/>\n\t<meta property=\"og:image:type\" content=\"image\/jpeg\" \/>\n<meta name=\"twitter:card\" content=\"summary_large_image\" \/>\n<meta name=\"twitter:label1\" content=\"Availability\" \/>\n\t<meta name=\"twitter:data1\" content=\"In stock\" \/>\n<script type=\"application\/ld+json\" class=\"yoast-schema-graph\">{\"@context\":\"https:\/\/schema.org\",\"@graph\":[{\"@type\":[\"WebPage\",\"ItemPage\"],\"@id\":\"https:\/\/bolting.eu\/en\/shop\/click-up-sicherungsgeraet-climbing-technology\/\",\"url\":\"https:\/\/bolting.eu\/en\/shop\/click-up-sicherungsgeraet-climbing-technology\/\",\"name\":\"Click Up Sicherungsger\u00e4t Climbing Technology online kaufen bei bolting.eu\",\"isPartOf\":{\"@id\":\"https:\/\/bolting.eu\/en\/#website\"},\"primaryImageOfPage\":{\"@id\":\"https:\/\/bolting.eu\/en\/shop\/click-up-sicherungsgeraet-climbing-technology\/#primaryimage\"},\"image\":{\"@id\":\"https:\/\/bolting.eu\/en\/shop\/click-up-sicherungsgeraet-climbing-technology\/#primaryimage\"},\"thumbnailUrl\":\"https:\/\/bolting.eu\/wp-content\/uploads\/2020\/03\/Click-Up-Sicherungsgeraet-Climbing-Technology-1.jpg\",\"datePublished\":\"2020-03-23T10:30:16+00:00\",\"dateModified\":\"2026-03-04T18:39:18+00:00\",\"description\":\"Hier findet ihr das CLICK UP SICHERUNGSGER\u00c4T von Climbing Technology. Einen leicht zu bedienenden Halbautomat inklusive passendem Sicherheitskarabiner!\",\"breadcrumb\":{\"@id\":\"https:\/\/bolting.eu\/en\/shop\/click-up-sicherungsgeraet-climbing-technology\/#breadcrumb\"},\"inLanguage\":\"en-US\",\"potentialAction\":[{\"@type\":\"ReadAction\",\"target\":[\"https:\/\/bolting.eu\/en\/shop\/click-up-sicherungsgeraet-climbing-technology\/\"]}]},{\"@type\":\"ImageObject\",\"inLanguage\":\"en-US\",\"@id\":\"https:\/\/bolting.eu\/en\/shop\/click-up-sicherungsgeraet-climbing-technology\/#primaryimage\",\"url\":\"https:\/\/bolting.eu\/wp-content\/uploads\/2020\/03\/Click-Up-Sicherungsgeraet-Climbing-Technology-1.jpg\",\"contentUrl\":\"https:\/\/bolting.eu\/wp-content\/uploads\/2020\/03\/Click-Up-Sicherungsgeraet-Climbing-Technology-1.jpg\",\"width\":700,\"height\":700,\"caption\":\"Das Bild zeigt das orange Click Up Sicherungsger\u00e4t mit dem passenden Karabiner. Es ist aufrecht in einem wei\u00dfem Quadrat zu sehen.\"},{\"@type\":\"BreadcrumbList\",\"@id\":\"https:\/\/bolting.eu\/en\/shop\/click-up-sicherungsgeraet-climbing-technology\/#breadcrumb\",\"itemListElement\":[{\"@type\":\"ListItem\",\"position\":1,\"name\":\"Shop\",\"item\":\"https:\/\/bolting.eu\/en\/shop\/\"},{\"@type\":\"ListItem\",\"position\":2,\"name\":\"climbing equipment\",\"item\":\"https:\/\/bolting.eu\/en\/produkt-kategorie\/climbing-equipment\/\"},{\"@type\":\"ListItem\",\"position\":3,\"name\":\"Sicherungsger\u00e4te Klettern\",\"item\":\"https:\/\/bolting.eu\/produkt-kategorie\/kletterausruestung\/sicherungsgeraete-klettern\/\"},{\"@type\":\"ListItem\",\"position\":4,\"name\":\"Click Up Sicherungsger\u00e4t Climbing Technology\"}]},{\"@type\":\"WebSite\",\"@id\":\"https:\/\/bolting.eu\/en\/#website\",\"url\":\"https:\/\/bolting.eu\/en\/\",\"name\":\"bolting.eu\",\"description\":\"we make climbs happen\",\"publisher\":{\"@id\":\"https:\/\/bolting.eu\/en\/#organization\"},\"potentialAction\":[{\"@type\":\"SearchAction\",\"target\":{\"@type\":\"EntryPoint\",\"urlTemplate\":\"https:\/\/bolting.eu\/en\/?s={search_term_string}\"},\"query-input\":{\"@type\":\"PropertyValueSpecification\",\"valueRequired\":true,\"valueName\":\"search_term_string\"}}],\"inLanguage\":\"en-US\"},{\"@type\":[\"Organization\",\"Place\",\"SportingGoodsStore\"],\"@id\":\"https:\/\/bolting.eu\/en\/#organization\",\"name\":\"bolting.eu\",\"url\":\"https:\/\/bolting.eu\/en\/\",\"logo\":{\"@id\":\"https:\/\/bolting.eu\/en\/shop\/click-up-sicherungsgeraet-climbing-technology\/#local-main-organization-logo\"},\"image\":{\"@id\":\"https:\/\/bolting.eu\/en\/shop\/click-up-sicherungsgeraet-climbing-technology\/#local-main-organization-logo\"},\"sameAs\":[\"https:\/\/www.facebook.com\/bolting.eu\",\"https:\/\/www.instagram.com\/bolting.eu\/\"],\"address\":{\"@id\":\"https:\/\/bolting.eu\/en\/shop\/click-up-sicherungsgeraet-climbing-technology\/#local-main-place-address\"},\"geo\":{\"@type\":\"GeoCoordinates\",\"latitude\":\"47.264176340396226\",\"longitude\":\"11.380109057672346\"},\"telephone\":[\"+43 699 19083372\"],\"openingHoursSpecification\":[{\"@type\":\"OpeningHoursSpecification\",\"dayOfWeek\":[\"Monday\",\"Wednesday\",\"Friday\"],\"opens\":\"14:00\",\"closes\":\"18:00\"},{\"@type\":\"OpeningHoursSpecification\",\"dayOfWeek\":[\"Tuesday\",\"Thursday\",\"Saturday\",\"Sunday\"],\"opens\":\"00:00\",\"closes\":\"00:00\"}],\"email\":\"office@bolting.eu\",\"vatID\":\"ATU59999728\",\"priceRange\":\"$$\",\"currenciesAccepted\":\"Euro\"},{\"@type\":\"PostalAddress\",\"@id\":\"https:\/\/bolting.eu\/en\/shop\/click-up-sicherungsgeraet-climbing-technology\/#local-main-place-address\",\"streetAddress\":\"Fischnalerstra\u00dfe 4\",\"addressLocality\":\"Innsbruck\",\"postalCode\":\"6020\",\"addressRegion\":\"Tirol\",\"addressCountry\":\"AT\"},{\"@type\":\"ImageObject\",\"inLanguage\":\"en-US\",\"@id\":\"https:\/\/bolting.eu\/en\/shop\/click-up-sicherungsgeraet-climbing-technology\/#local-main-organization-logo\",\"url\":\"https:\/\/bolting.eu\/wp-content\/uploads\/2019\/09\/bolting-logo.png\",\"contentUrl\":\"https:\/\/bolting.eu\/wp-content\/uploads\/2019\/09\/bolting-logo.png\",\"width\":400,\"height\":211,\"caption\":\"bolting.eu\"}]}<\/script>\n<meta property=\"og:video\" content=\"https:\/\/www.youtube.com\/embed\/sMLC7aQjcKQ\" \/>\n<meta property=\"og:video:type\" content=\"text\/html\" \/>\n<meta property=\"og:video:duration\" content=\"180\" \/>\n<meta property=\"og:video:width\" content=\"480\" \/>\n<meta property=\"og:video:height\" content=\"270\" \/>\n<meta property=\"ya:ovs:adult\" content=\"false\" \/>\n<meta property=\"ya:ovs:upload_date\" content=\"2020-03-23T10:30:16+00:00\" \/>\n<meta property=\"ya:ovs:allow_embed\" content=\"true\" \/>\n<meta property=\"og:availability\" content=\"instock\" \/>\n<meta property=\"product:availability\" content=\"instock\" \/>\n<meta property=\"product:condition\" content=\"new\" \/>\n<meta name=\"geo.placename\" content=\"Innsbruck\" \/>\n<meta name=\"geo.position\" content=\"47.264176340396226;11.380109057672346\" \/>\n<meta name=\"geo.region\" content=\"Austria\" \/>\n<!-- \/ Yoast SEO Premium plugin. -->","yoast_head_json":{"title":"Click Up Sicherungsger\u00e4t Climbing Technology online kaufen bei bolting.eu","description":"Hier findet ihr das CLICK UP SICHERUNGSGER\u00c4T von Climbing Technology. Einen leicht zu bedienenden Halbautomat inklusive passendem Sicherheitskarabiner!","robots":{"index":"index","follow":"follow","max-snippet":"max-snippet:-1","max-image-preview":"max-image-preview:large","max-video-preview":"max-video-preview:-1"},"canonical":"https:\/\/bolting.eu\/en\/shop\/click-up-sicherungsgeraet-climbing-technology\/","og_locale":"en_US","og_type":"article","og_title":"Click Up Sicherungsger\u00e4t Climbing Technology","og_description":"Hier findet ihr das CLICK UP SICHERUNGSGER\u00c4T von Climbing Technology. Einen leicht zu bedienenden Halbautomat inklusive passendem Sicherheitskarabiner!","og_url":"https:\/\/bolting.eu\/en\/shop\/click-up-sicherungsgeraet-climbing-technology\/","og_site_name":"bolting.eu","article_publisher":"https:\/\/www.facebook.com\/bolting.eu","article_modified_time":"2026-03-04T18:39:18+00:00","og_image":[{"width":700,"height":700,"url":"https:\/\/bolting.eu\/wp-content\/uploads\/2020\/03\/Click-Up-Sicherungsgeraet-Climbing-Technology-1.jpg","type":"image\/jpeg"}],"twitter_card":"summary_large_image","twitter_misc":{"Availability":"In stock"},"schema":{"@context":"https:\/\/schema.org","@graph":[{"@type":["WebPage","ItemPage"],"@id":"https:\/\/bolting.eu\/en\/shop\/click-up-sicherungsgeraet-climbing-technology\/","url":"https:\/\/bolting.eu\/en\/shop\/click-up-sicherungsgeraet-climbing-technology\/","name":"Click Up Sicherungsger\u00e4t Climbing Technology online kaufen bei bolting.eu","isPartOf":{"@id":"https:\/\/bolting.eu\/en\/#website"},"primaryImageOfPage":{"@id":"https:\/\/bolting.eu\/en\/shop\/click-up-sicherungsgeraet-climbing-technology\/#primaryimage"},"image":{"@id":"https:\/\/bolting.eu\/en\/shop\/click-up-sicherungsgeraet-climbing-technology\/#primaryimage"},"thumbnailUrl":"https:\/\/bolting.eu\/wp-content\/uploads\/2020\/03\/Click-Up-Sicherungsgeraet-Climbing-Technology-1.jpg","datePublished":"2020-03-23T10:30:16+00:00","dateModified":"2026-03-04T18:39:18+00:00","description":"Hier findet ihr das CLICK UP SICHERUNGSGER\u00c4T von Climbing Technology. Einen leicht zu bedienenden Halbautomat inklusive passendem Sicherheitskarabiner!","breadcrumb":{"@id":"https:\/\/bolting.eu\/en\/shop\/click-up-sicherungsgeraet-climbing-technology\/#breadcrumb"},"inLanguage":"en-US","potentialAction":[{"@type":"ReadAction","target":["https:\/\/bolting.eu\/en\/shop\/click-up-sicherungsgeraet-climbing-technology\/"]}]},{"@type":"ImageObject","inLanguage":"en-US","@id":"https:\/\/bolting.eu\/en\/shop\/click-up-sicherungsgeraet-climbing-technology\/#primaryimage","url":"https:\/\/bolting.eu\/wp-content\/uploads\/2020\/03\/Click-Up-Sicherungsgeraet-Climbing-Technology-1.jpg","contentUrl":"https:\/\/bolting.eu\/wp-content\/uploads\/2020\/03\/Click-Up-Sicherungsgeraet-Climbing-Technology-1.jpg","width":700,"height":700,"caption":"Das Bild zeigt das orange Click Up Sicherungsger\u00e4t mit dem passenden Karabiner. Es ist aufrecht in einem wei\u00dfem Quadrat zu sehen."},{"@type":"BreadcrumbList","@id":"https:\/\/bolting.eu\/en\/shop\/click-up-sicherungsgeraet-climbing-technology\/#breadcrumb","itemListElement":[{"@type":"ListItem","position":1,"name":"Shop","item":"https:\/\/bolting.eu\/en\/shop\/"},{"@type":"ListItem","position":2,"name":"climbing equipment","item":"https:\/\/bolting.eu\/en\/produkt-kategorie\/climbing-equipment\/"},{"@type":"ListItem","position":3,"name":"Sicherungsger\u00e4te Klettern","item":"https:\/\/bolting.eu\/produkt-kategorie\/kletterausruestung\/sicherungsgeraete-klettern\/"},{"@type":"ListItem","position":4,"name":"Click Up Sicherungsger\u00e4t Climbing Technology"}]},{"@type":"WebSite","@id":"https:\/\/bolting.eu\/en\/#website","url":"https:\/\/bolting.eu\/en\/","name":"bolting.eu","description":"we make climbs happen","publisher":{"@id":"https:\/\/bolting.eu\/en\/#organization"},"potentialAction":[{"@type":"SearchAction","target":{"@type":"EntryPoint","urlTemplate":"https:\/\/bolting.eu\/en\/?s={search_term_string}"},"query-input":{"@type":"PropertyValueSpecification","valueRequired":true,"valueName":"search_term_string"}}],"inLanguage":"en-US"},{"@type":["Organization","Place","SportingGoodsStore"],"@id":"https:\/\/bolting.eu\/en\/#organization","name":"bolting.eu","url":"https:\/\/bolting.eu\/en\/","logo":{"@id":"https:\/\/bolting.eu\/en\/shop\/click-up-sicherungsgeraet-climbing-technology\/#local-main-organization-logo"},"image":{"@id":"https:\/\/bolting.eu\/en\/shop\/click-up-sicherungsgeraet-climbing-technology\/#local-main-organization-logo"},"sameAs":["https:\/\/www.facebook.com\/bolting.eu","https:\/\/www.instagram.com\/bolting.eu\/"],"address":{"@id":"https:\/\/bolting.eu\/en\/shop\/click-up-sicherungsgeraet-climbing-technology\/#local-main-place-address"},"geo":{"@type":"GeoCoordinates","latitude":"47.264176340396226","longitude":"11.380109057672346"},"telephone":["+43 699 19083372"],"openingHoursSpecification":[{"@type":"OpeningHoursSpecification","dayOfWeek":["Monday","Wednesday","Friday"],"opens":"14:00","closes":"18:00"},{"@type":"OpeningHoursSpecification","dayOfWeek":["Tuesday","Thursday","Saturday","Sunday"],"opens":"00:00","closes":"00:00"}],"email":"office@bolting.eu","vatID":"ATU59999728","priceRange":"$$","currenciesAccepted":"Euro"},{"@type":"PostalAddress","@id":"https:\/\/bolting.eu\/en\/shop\/click-up-sicherungsgeraet-climbing-technology\/#local-main-place-address","streetAddress":"Fischnalerstra\u00dfe 4","addressLocality":"Innsbruck","postalCode":"6020","addressRegion":"Tirol","addressCountry":"AT"},{"@type":"ImageObject","inLanguage":"en-US","@id":"https:\/\/bolting.eu\/en\/shop\/click-up-sicherungsgeraet-climbing-technology\/#local-main-organization-logo","url":"https:\/\/bolting.eu\/wp-content\/uploads\/2019\/09\/bolting-logo.png","contentUrl":"https:\/\/bolting.eu\/wp-content\/uploads\/2019\/09\/bolting-logo.png","width":400,"height":211,"caption":"bolting.eu"}]},"og_video":"https:\/\/www.youtube.com\/embed\/sMLC7aQjcKQ","og_video_type":"text\/html","og_video_duration":"180","og_video_width":"480","og_video_height":"270","ya_ovs_adult":"false","ya_ovs_upload_date":"2020-03-23T10:30:16+00:00","ya_ovs_allow_embed":"true","og_availability":"instock","product_availability":"instock","product_condition":"new","geo.placename":"Innsbruck","geo.position":{"lat":"47.264176340396226","long":"11.380109057672346"},"geo.region":"Austria"},"_links":{"self":[{"href":"https:\/\/bolting.eu\/en\/wp-json\/wp\/v2\/product\/2542","targetHints":{"allow":["GET"]}}],"collection":[{"href":"https:\/\/bolting.eu\/en\/wp-json\/wp\/v2\/product"}],"about":[{"href":"https:\/\/bolting.eu\/en\/wp-json\/wp\/v2\/types\/product"}],"replies":[{"embeddable":true,"href":"https:\/\/bolting.eu\/en\/wp-json\/wp\/v2\/comments?post=2542"}],"wp:featuredmedia":[{"embeddable":true,"href":"https:\/\/bolting.eu\/en\/wp-json\/wp\/v2\/media\/2543"}],"wp:attachment":[{"href":"https:\/\/bolting.eu\/en\/wp-json\/wp\/v2\/media?parent=2542"}],"wp:term":[{"taxonomy":"product_brand","embeddable":true,"href":"https:\/\/bolting.eu\/en\/wp-json\/wp\/v2\/product_brand?post=2542"},{"taxonomy":"product_cat","embeddable":true,"href":"https:\/\/bolting.eu\/en\/wp-json\/wp\/v2\/product_cat?post=2542"},{"taxonomy":"product_tag","embeddable":true,"href":"https:\/\/bolting.eu\/en\/wp-json\/wp\/v2\/product_tag?post=2542"}],"curies":[{"name":"wp","href":"https:\/\/api.w.org\/{rel}","templated":true}]}}