{"id":2480,"date":"2020-03-21T19:46:24","date_gmt":"2020-03-21T18:46:24","guid":{"rendered":"https:\/\/bolting.eu\/?post_type=product&#038;p=2480"},"modified":"2026-03-18T18:42:33","modified_gmt":"2026-03-18T17:42:33","slug":"austrialpin-fish-sicherungsgeraet","status":"publish","type":"product","link":"https:\/\/bolting.eu\/en\/shop\/austrialpin-fish-sicherungsgeraet\/","title":{"rendered":"Austrialpin Fish Sicherungsger\u00e4t"},"content":{"rendered":"<p>Das Austrialpin Fish Sicherungsger\u00e4t ist ein Einfachseil-Autotuber. Er kann sowohl als Sicherungs- als auch Abseilger\u00e4t verwendet werden. Das Produkt hat seinen liebevollen Namen wegen seiner Form. Denn diese \u00e4hnelt einem Fisch. Der verschluckt liebend gerne Einfachseile von 8 bis 11 Millimeter Durchmesser. Das Sicherungsger\u00e4t blockiert im Falle eines Sturzes selbst\u00e4ndig wenn die Bremshand das Seil fixiert.<\/p>\n<p>Weitere Highlights des Produktes sind erstens das extrem geringe Gewicht. Der Autotuber bring gerade einmal 68 Gramm auf die Waage. Zweitens hat der Fish einen zus\u00e4tzlichen Ablasshebel. So l\u00e4sst sich der Seil Einlaufwinkel beim Sichern und Abseilen leicht verstellen. Daraufhin beginnt das Seil durchzurutschen. Drittens wird der passende Karabiner mit Verrutsch-Sicherung angeboten.<\/p>\n<p><span style=\"font-size: 20.16px; color: #333333;\">Eigenschaften Austrialpin Fish Sicherungsger\u00e4t<\/span><\/p>\n<ul>\n<li>Hersteller:<a href=\"https:\/\/bolting.eu\/austrialpin\/\"> Austrialpin<\/a><\/li>\n<li>Material: Aluminium<\/li>\n<li>Gewicht: 66 Gramm<\/li>\n<li>Variante1: t\u00fcrkis + Rondo Slide Autolock<\/li>\n<li>Variante 2: Goldfish + Rondo 3 Wege Twist Lock geh\u00e4rtet<\/li>\n<li>Variante 3: Goldfish + Rondo Slide Autolock geh\u00e4rtet<\/li>\n<li>EN Norm 15151, <a href=\"https:\/\/bolting.eu\/en-12275-norm\/\">EN Norm 12275<\/a>, <a href=\"https:\/\/bolting.eu\/en-362-norm\/\">EN Norm 362<\/a><\/li>\n<li>UIAA Norm 362, UIAA Norm 129<\/li>\n<li>Sicherungsger\u00e4te Typ: Einfachseil-Autotuber<\/li>\n<li>made in Austria\u00a0\ud83c\udde6\ud83c\uddf9<\/li>\n<\/ul>\n<p><a href=\"https:\/\/www.austrialpin.at\/fileadmin\/anleitungen\/AA_instruction-manual_fish.pdf\" target=\"_blank\" rel=\"noopener noreferrer\">Bedienungsanleitung<\/a><\/p>\n<h3>Video Austrialpin Fish Sicherungsger\u00e4t<\/h3>\n<p>Das Sicherungsger\u00e4t wird im folgenden Video ausf\u00fchrlich vorgestellt:<\/p>\n<p><iframe loading=\"lazy\" src=\"https:\/\/www.youtube.com\/embed\/dO6DTtSnyUE\" width=\"100%\" height=\"450\" frameborder=\"0\" allowfullscreen=\"allowfullscreen\"><span data-mce-type=\"bookmark\" style=\"display: inline-block; width: 0px; overflow: hidden; line-height: 0;\" class=\"mce_SELRES_start\">\ufeff<\/span><\/iframe><\/p>\n<h3>Auf den passenden Karabiner achten!<\/h3>\n<p>Wie im Video erw\u00e4hnt, h\u00e4ngt die Funktionst\u00fcchtigkeit von der Form des Karabiners ab. Deshalb NIEMALS einen willk\u00fcrlichen Karabiner mit dem Austrialpin Fish Sicherungsger\u00e4t verwenden. Kommt Euch der Original Karabiner abhanden, bitte das Original nachkaufen. Nur so erhaltet ihr das Sicherungsger\u00e4t voll funktionst\u00fcchtig. Geht kein Risiko ein, zumal der Austrialpin Karabiner ja nicht einmal teurer als andere ist!<\/p>\n<h3>Wann muss das Austrialpin Fish Sicherungsger\u00e4t ausgetauscht werden?<\/h3>\n<p>Sobald sich am Stahlb\u00fcgel an der Seil Einlass-Stelle eine Rille bildet, nimmt die Blockier- und Bremskraft ab. Ebenso wird der dazugeh\u00f6rige Karabiner eine Rille bekommen. Ihr m\u00fcsst selbst entscheiden, wann das Handling sp\u00fcrbar schlechter wird. Das h\u00e4ngt davon ab wieviel ihr klettert bzw. den Fish benutzt. In der Regel wird das doch einige Klettersaisonen dauern. Ein Sicherungsger\u00e4t ist ein Gebrauchs und folglich Abnutzungsartikel. Wir empfehlen daher das Produkt nach ein paar Jahren regelm\u00e4\u00dfig zu inspizieren und es dann ggf. auszuscheiden.<\/p>\n<h3>Praxis Tipp<\/h3>\n<p>\u00d6lt den Ablasshebel von Zeit zu Zeit mit einem <a href=\"https:\/\/bolting.eu\/shop\/kong-kletterausruestung-pflegeoel\/\">Karabiner Pflege\u00f6l<\/a> ein. Das erh\u00e4lt die Spannung der Feder und l\u00e4sst den Hebel wieder gut zur\u00fcck gleiten!<\/p>\n<p>Link Tipp: Das Austrialpin Fish Sicherungsger\u00e4t gleich ausprobieren, zum Beispiel beim <a href=\"https:\/\/maltatal.rocks\" target=\"_blank\" rel=\"noopener noreferrer\">Klettern im Maltatal<\/a><\/p>\n","protected":false},"excerpt":{"rendered":"<p>Beliebter Auto-Tuber made in Austria \ud83c\udde6\ud83c\uddf9 &#8211; in 3 Varianten erh\u00e4ltlich.<\/p>\n<p>F\u00fcr Einfachseile von 8mm &#8211; 11mm und extrem einfach zu bedienen. Ideal f\u00fcr Anf\u00e4nger!<\/p>\n<p>Versandkostenfrei bis 2kg in <img decoding=\"async\" class=\"emoji\" role=\"img\" draggable=\"false\" src=\"https:\/\/s.w.org\/images\/core\/emoji\/14.0.0\/svg\/1f1e6-1f1f9.svg\" alt=\"\ud83c\udde6\ud83c\uddf9\" \/> ab \u20ac 100,- und <img decoding=\"async\" class=\"emoji\" role=\"img\" draggable=\"false\" src=\"https:\/\/s.w.org\/images\/core\/emoji\/14.0.0\/svg\/1f1e9-1f1ea.svg\" alt=\"\ud83c\udde9\ud83c\uddea\" \/> ab \u20ac 200,-!<\/p>\n","protected":false},"featured_media":2482,"comment_status":"closed","ping_status":"closed","template":"","meta":[],"product_brand":[],"product_cat":[14447,4649,29,3711],"product_tag":[2229,3465,264],"class_list":{"0":"post-2480","1":"product","2":"type-product","3":"status-publish","4":"has-post-thumbnail","6":"product_cat-abseilgeraete","7":"product_cat-austrialpin","8":"product_cat-kletterausruestung","9":"product_cat-sicherungsgeraete-klettern","10":"product_tag-abseilen","11":"product_tag-kletterhalle","12":"product_tag-sportklettern","14":"first","15":"instock","16":"sale","17":"taxable","18":"shipping-taxable","19":"purchasable","20":"product-type-variable"},"yoast_head":"<!-- This site is optimized with the Yoast SEO Premium plugin v26.9 (Yoast SEO v26.9) - https:\/\/yoast.com\/product\/yoast-seo-premium-wordpress\/ -->\n<title>Austrialpin Fish Sicherungsger\u00e4t: jetzt online kaufen bei bolting.eu<\/title>\n<meta name=\"description\" content=\"Austrialpin Fish Sicherungsger\u00e4t - Einfachseil Autotuber f\u00fcr 8mm-11mm Seile \u2705 kostenloser Versand* \u2705 14 Tage R\u00fcckgaberecht \u2705 Co2 neutraler Versand\" \/>\n<meta name=\"robots\" content=\"index, follow, max-snippet:-1, max-image-preview:large, max-video-preview:-1\" \/>\n<link rel=\"canonical\" href=\"https:\/\/bolting.eu\/en\/shop\/austrialpin-fish-sicherungsgeraet\/\" \/>\n<meta property=\"og:locale\" content=\"en_US\" \/>\n<meta property=\"og:type\" content=\"article\" \/>\n<meta property=\"og:title\" content=\"Austrialpin Fish Sicherungsger\u00e4t\" \/>\n<meta property=\"og:description\" content=\"Austrialpin Fish Sicherungsger\u00e4t - Einfachseil Autotuber f\u00fcr 8mm-11mm Seile \u2705 kostenloser Versand* \u2705 14 Tage R\u00fcckgaberecht \u2705 Co2 neutraler Versand\" \/>\n<meta property=\"og:url\" content=\"https:\/\/bolting.eu\/en\/shop\/austrialpin-fish-sicherungsgeraet\/\" \/>\n<meta property=\"og:site_name\" content=\"bolting.eu\" \/>\n<meta property=\"article:publisher\" content=\"https:\/\/www.facebook.com\/bolting.eu\" \/>\n<meta property=\"article:modified_time\" content=\"2026-03-18T17:42:33+00:00\" \/>\n<meta property=\"og:image\" content=\"https:\/\/bolting.eu\/wp-content\/uploads\/2020\/03\/Austrialpin-Fish-Sicherungsgeraet-1.jpg\" \/>\n\t<meta property=\"og:image:width\" content=\"700\" \/>\n\t<meta property=\"og:image:height\" content=\"700\" \/>\n\t<meta property=\"og:image:type\" content=\"image\/jpeg\" \/>\n<meta name=\"twitter:card\" content=\"summary_large_image\" \/>\n<meta name=\"twitter:label1\" content=\"Availability\" \/>\n\t<meta name=\"twitter:data1\" content=\"In stock\" \/>\n<script type=\"application\/ld+json\" class=\"yoast-schema-graph\">{\"@context\":\"https:\/\/schema.org\",\"@graph\":[{\"@type\":[\"WebPage\",\"ItemPage\"],\"@id\":\"https:\/\/bolting.eu\/en\/shop\/austrialpin-fish-sicherungsgeraet\/\",\"url\":\"https:\/\/bolting.eu\/en\/shop\/austrialpin-fish-sicherungsgeraet\/\",\"name\":\"Austrialpin Fish Sicherungsger\u00e4t: jetzt online kaufen bei bolting.eu\",\"isPartOf\":{\"@id\":\"https:\/\/bolting.eu\/en\/#website\"},\"primaryImageOfPage\":{\"@id\":\"https:\/\/bolting.eu\/en\/shop\/austrialpin-fish-sicherungsgeraet\/#primaryimage\"},\"image\":{\"@id\":\"https:\/\/bolting.eu\/en\/shop\/austrialpin-fish-sicherungsgeraet\/#primaryimage\"},\"thumbnailUrl\":\"https:\/\/bolting.eu\/wp-content\/uploads\/2020\/03\/Austrialpin-Fish-Sicherungsgeraet-1.jpg\",\"datePublished\":\"2020-03-21T18:46:24+00:00\",\"dateModified\":\"2026-03-18T17:42:33+00:00\",\"description\":\"Austrialpin Fish Sicherungsger\u00e4t - Einfachseil Autotuber f\u00fcr 8mm-11mm Seile \u2705 kostenloser Versand* \u2705 14 Tage R\u00fcckgaberecht \u2705 Co2 neutraler Versand\",\"breadcrumb\":{\"@id\":\"https:\/\/bolting.eu\/en\/shop\/austrialpin-fish-sicherungsgeraet\/#breadcrumb\"},\"inLanguage\":\"en-US\",\"potentialAction\":[{\"@type\":\"ReadAction\",\"target\":[\"https:\/\/bolting.eu\/en\/shop\/austrialpin-fish-sicherungsgeraet\/\"]}]},{\"@type\":\"ImageObject\",\"inLanguage\":\"en-US\",\"@id\":\"https:\/\/bolting.eu\/en\/shop\/austrialpin-fish-sicherungsgeraet\/#primaryimage\",\"url\":\"https:\/\/bolting.eu\/wp-content\/uploads\/2020\/03\/Austrialpin-Fish-Sicherungsgeraet-1.jpg\",\"contentUrl\":\"https:\/\/bolting.eu\/wp-content\/uploads\/2020\/03\/Austrialpin-Fish-Sicherungsgeraet-1.jpg\",\"width\":700,\"height\":700,\"caption\":\"Austrialpin Fish Sicherungsger\u00e4t mit passendem Karabiner. Das t\u00fcrkis-blaue Produkt steht horizontal da, im unteren Teil ist der gr\u00fcne Karabiner eingeh\u00e4ngt.\"},{\"@type\":\"BreadcrumbList\",\"@id\":\"https:\/\/bolting.eu\/en\/shop\/austrialpin-fish-sicherungsgeraet\/#breadcrumb\",\"itemListElement\":[{\"@type\":\"ListItem\",\"position\":1,\"name\":\"Shop\",\"item\":\"https:\/\/bolting.eu\/en\/shop\/\"},{\"@type\":\"ListItem\",\"position\":2,\"name\":\"climbing equipment\",\"item\":\"https:\/\/bolting.eu\/en\/produkt-kategorie\/climbing-equipment\/\"},{\"@type\":\"ListItem\",\"position\":3,\"name\":\"Sicherungsger\u00e4te Klettern\",\"item\":\"https:\/\/bolting.eu\/produkt-kategorie\/kletterausruestung\/sicherungsgeraete-klettern\/\"},{\"@type\":\"ListItem\",\"position\":4,\"name\":\"Austrialpin Fish Sicherungsger\u00e4t\"}]},{\"@type\":\"WebSite\",\"@id\":\"https:\/\/bolting.eu\/en\/#website\",\"url\":\"https:\/\/bolting.eu\/en\/\",\"name\":\"bolting.eu\",\"description\":\"we make climbs happen\",\"publisher\":{\"@id\":\"https:\/\/bolting.eu\/en\/#organization\"},\"potentialAction\":[{\"@type\":\"SearchAction\",\"target\":{\"@type\":\"EntryPoint\",\"urlTemplate\":\"https:\/\/bolting.eu\/en\/?s={search_term_string}\"},\"query-input\":{\"@type\":\"PropertyValueSpecification\",\"valueRequired\":true,\"valueName\":\"search_term_string\"}}],\"inLanguage\":\"en-US\"},{\"@type\":[\"Organization\",\"Place\",\"SportingGoodsStore\"],\"@id\":\"https:\/\/bolting.eu\/en\/#organization\",\"name\":\"bolting.eu\",\"url\":\"https:\/\/bolting.eu\/en\/\",\"logo\":{\"@id\":\"https:\/\/bolting.eu\/en\/shop\/austrialpin-fish-sicherungsgeraet\/#local-main-organization-logo\"},\"image\":{\"@id\":\"https:\/\/bolting.eu\/en\/shop\/austrialpin-fish-sicherungsgeraet\/#local-main-organization-logo\"},\"sameAs\":[\"https:\/\/www.facebook.com\/bolting.eu\",\"https:\/\/www.instagram.com\/bolting.eu\/\"],\"address\":{\"@id\":\"https:\/\/bolting.eu\/en\/shop\/austrialpin-fish-sicherungsgeraet\/#local-main-place-address\"},\"geo\":{\"@type\":\"GeoCoordinates\",\"latitude\":\"47.264176340396226\",\"longitude\":\"11.380109057672346\"},\"telephone\":[\"+43 699 19083372\"],\"openingHoursSpecification\":[{\"@type\":\"OpeningHoursSpecification\",\"dayOfWeek\":[\"Monday\",\"Wednesday\",\"Friday\"],\"opens\":\"14:00\",\"closes\":\"18:00\"},{\"@type\":\"OpeningHoursSpecification\",\"dayOfWeek\":[\"Tuesday\",\"Thursday\",\"Saturday\",\"Sunday\"],\"opens\":\"00:00\",\"closes\":\"00:00\"}],\"email\":\"office@bolting.eu\",\"vatID\":\"ATU59999728\",\"priceRange\":\"$$\",\"currenciesAccepted\":\"Euro\"},{\"@type\":\"PostalAddress\",\"@id\":\"https:\/\/bolting.eu\/en\/shop\/austrialpin-fish-sicherungsgeraet\/#local-main-place-address\",\"streetAddress\":\"Fischnalerstra\u00dfe 4\",\"addressLocality\":\"Innsbruck\",\"postalCode\":\"6020\",\"addressRegion\":\"Tirol\",\"addressCountry\":\"AT\"},{\"@type\":\"ImageObject\",\"inLanguage\":\"en-US\",\"@id\":\"https:\/\/bolting.eu\/en\/shop\/austrialpin-fish-sicherungsgeraet\/#local-main-organization-logo\",\"url\":\"https:\/\/bolting.eu\/wp-content\/uploads\/2019\/09\/bolting-logo.png\",\"contentUrl\":\"https:\/\/bolting.eu\/wp-content\/uploads\/2019\/09\/bolting-logo.png\",\"width\":400,\"height\":211,\"caption\":\"bolting.eu\"}]}<\/script>\n<meta property=\"og:video\" content=\"https:\/\/www.youtube.com\/embed\/dO6DTtSnyUE\" \/>\n<meta property=\"og:video:type\" content=\"text\/html\" \/>\n<meta property=\"og:video:duration\" content=\"191\" \/>\n<meta property=\"og:video:width\" content=\"480\" \/>\n<meta property=\"og:video:height\" content=\"270\" \/>\n<meta property=\"ya:ovs:adult\" content=\"false\" \/>\n<meta property=\"ya:ovs:upload_date\" content=\"2020-03-21T18:46:24+00:00\" \/>\n<meta property=\"ya:ovs:allow_embed\" content=\"true\" \/>\n<meta property=\"og:availability\" content=\"instock\" \/>\n<meta property=\"product:availability\" content=\"instock\" \/>\n<meta property=\"product:condition\" content=\"new\" \/>\n<meta name=\"geo.placename\" content=\"Innsbruck\" \/>\n<meta name=\"geo.position\" content=\"47.264176340396226;11.380109057672346\" \/>\n<meta name=\"geo.region\" content=\"Austria\" \/>\n<!-- \/ Yoast SEO Premium plugin. -->","yoast_head_json":{"title":"Austrialpin Fish Sicherungsger\u00e4t: jetzt online kaufen bei bolting.eu","description":"Austrialpin Fish Sicherungsger\u00e4t - Einfachseil Autotuber f\u00fcr 8mm-11mm Seile \u2705 kostenloser Versand* \u2705 14 Tage R\u00fcckgaberecht \u2705 Co2 neutraler Versand","robots":{"index":"index","follow":"follow","max-snippet":"max-snippet:-1","max-image-preview":"max-image-preview:large","max-video-preview":"max-video-preview:-1"},"canonical":"https:\/\/bolting.eu\/en\/shop\/austrialpin-fish-sicherungsgeraet\/","og_locale":"en_US","og_type":"article","og_title":"Austrialpin Fish Sicherungsger\u00e4t","og_description":"Austrialpin Fish Sicherungsger\u00e4t - Einfachseil Autotuber f\u00fcr 8mm-11mm Seile \u2705 kostenloser Versand* \u2705 14 Tage R\u00fcckgaberecht \u2705 Co2 neutraler Versand","og_url":"https:\/\/bolting.eu\/en\/shop\/austrialpin-fish-sicherungsgeraet\/","og_site_name":"bolting.eu","article_publisher":"https:\/\/www.facebook.com\/bolting.eu","article_modified_time":"2026-03-18T17:42:33+00:00","og_image":[{"width":700,"height":700,"url":"https:\/\/bolting.eu\/wp-content\/uploads\/2020\/03\/Austrialpin-Fish-Sicherungsgeraet-1.jpg","type":"image\/jpeg"}],"twitter_card":"summary_large_image","twitter_misc":{"Availability":"In stock"},"schema":{"@context":"https:\/\/schema.org","@graph":[{"@type":["WebPage","ItemPage"],"@id":"https:\/\/bolting.eu\/en\/shop\/austrialpin-fish-sicherungsgeraet\/","url":"https:\/\/bolting.eu\/en\/shop\/austrialpin-fish-sicherungsgeraet\/","name":"Austrialpin Fish Sicherungsger\u00e4t: jetzt online kaufen bei bolting.eu","isPartOf":{"@id":"https:\/\/bolting.eu\/en\/#website"},"primaryImageOfPage":{"@id":"https:\/\/bolting.eu\/en\/shop\/austrialpin-fish-sicherungsgeraet\/#primaryimage"},"image":{"@id":"https:\/\/bolting.eu\/en\/shop\/austrialpin-fish-sicherungsgeraet\/#primaryimage"},"thumbnailUrl":"https:\/\/bolting.eu\/wp-content\/uploads\/2020\/03\/Austrialpin-Fish-Sicherungsgeraet-1.jpg","datePublished":"2020-03-21T18:46:24+00:00","dateModified":"2026-03-18T17:42:33+00:00","description":"Austrialpin Fish Sicherungsger\u00e4t - Einfachseil Autotuber f\u00fcr 8mm-11mm Seile \u2705 kostenloser Versand* \u2705 14 Tage R\u00fcckgaberecht \u2705 Co2 neutraler Versand","breadcrumb":{"@id":"https:\/\/bolting.eu\/en\/shop\/austrialpin-fish-sicherungsgeraet\/#breadcrumb"},"inLanguage":"en-US","potentialAction":[{"@type":"ReadAction","target":["https:\/\/bolting.eu\/en\/shop\/austrialpin-fish-sicherungsgeraet\/"]}]},{"@type":"ImageObject","inLanguage":"en-US","@id":"https:\/\/bolting.eu\/en\/shop\/austrialpin-fish-sicherungsgeraet\/#primaryimage","url":"https:\/\/bolting.eu\/wp-content\/uploads\/2020\/03\/Austrialpin-Fish-Sicherungsgeraet-1.jpg","contentUrl":"https:\/\/bolting.eu\/wp-content\/uploads\/2020\/03\/Austrialpin-Fish-Sicherungsgeraet-1.jpg","width":700,"height":700,"caption":"Austrialpin Fish Sicherungsger\u00e4t mit passendem Karabiner. Das t\u00fcrkis-blaue Produkt steht horizontal da, im unteren Teil ist der gr\u00fcne Karabiner eingeh\u00e4ngt."},{"@type":"BreadcrumbList","@id":"https:\/\/bolting.eu\/en\/shop\/austrialpin-fish-sicherungsgeraet\/#breadcrumb","itemListElement":[{"@type":"ListItem","position":1,"name":"Shop","item":"https:\/\/bolting.eu\/en\/shop\/"},{"@type":"ListItem","position":2,"name":"climbing equipment","item":"https:\/\/bolting.eu\/en\/produkt-kategorie\/climbing-equipment\/"},{"@type":"ListItem","position":3,"name":"Sicherungsger\u00e4te Klettern","item":"https:\/\/bolting.eu\/produkt-kategorie\/kletterausruestung\/sicherungsgeraete-klettern\/"},{"@type":"ListItem","position":4,"name":"Austrialpin Fish Sicherungsger\u00e4t"}]},{"@type":"WebSite","@id":"https:\/\/bolting.eu\/en\/#website","url":"https:\/\/bolting.eu\/en\/","name":"bolting.eu","description":"we make climbs happen","publisher":{"@id":"https:\/\/bolting.eu\/en\/#organization"},"potentialAction":[{"@type":"SearchAction","target":{"@type":"EntryPoint","urlTemplate":"https:\/\/bolting.eu\/en\/?s={search_term_string}"},"query-input":{"@type":"PropertyValueSpecification","valueRequired":true,"valueName":"search_term_string"}}],"inLanguage":"en-US"},{"@type":["Organization","Place","SportingGoodsStore"],"@id":"https:\/\/bolting.eu\/en\/#organization","name":"bolting.eu","url":"https:\/\/bolting.eu\/en\/","logo":{"@id":"https:\/\/bolting.eu\/en\/shop\/austrialpin-fish-sicherungsgeraet\/#local-main-organization-logo"},"image":{"@id":"https:\/\/bolting.eu\/en\/shop\/austrialpin-fish-sicherungsgeraet\/#local-main-organization-logo"},"sameAs":["https:\/\/www.facebook.com\/bolting.eu","https:\/\/www.instagram.com\/bolting.eu\/"],"address":{"@id":"https:\/\/bolting.eu\/en\/shop\/austrialpin-fish-sicherungsgeraet\/#local-main-place-address"},"geo":{"@type":"GeoCoordinates","latitude":"47.264176340396226","longitude":"11.380109057672346"},"telephone":["+43 699 19083372"],"openingHoursSpecification":[{"@type":"OpeningHoursSpecification","dayOfWeek":["Monday","Wednesday","Friday"],"opens":"14:00","closes":"18:00"},{"@type":"OpeningHoursSpecification","dayOfWeek":["Tuesday","Thursday","Saturday","Sunday"],"opens":"00:00","closes":"00:00"}],"email":"office@bolting.eu","vatID":"ATU59999728","priceRange":"$$","currenciesAccepted":"Euro"},{"@type":"PostalAddress","@id":"https:\/\/bolting.eu\/en\/shop\/austrialpin-fish-sicherungsgeraet\/#local-main-place-address","streetAddress":"Fischnalerstra\u00dfe 4","addressLocality":"Innsbruck","postalCode":"6020","addressRegion":"Tirol","addressCountry":"AT"},{"@type":"ImageObject","inLanguage":"en-US","@id":"https:\/\/bolting.eu\/en\/shop\/austrialpin-fish-sicherungsgeraet\/#local-main-organization-logo","url":"https:\/\/bolting.eu\/wp-content\/uploads\/2019\/09\/bolting-logo.png","contentUrl":"https:\/\/bolting.eu\/wp-content\/uploads\/2019\/09\/bolting-logo.png","width":400,"height":211,"caption":"bolting.eu"}]},"og_video":"https:\/\/www.youtube.com\/embed\/dO6DTtSnyUE","og_video_type":"text\/html","og_video_duration":"191","og_video_width":"480","og_video_height":"270","ya_ovs_adult":"false","ya_ovs_upload_date":"2020-03-21T18:46:24+00:00","ya_ovs_allow_embed":"true","og_availability":"instock","product_availability":"instock","product_condition":"new","geo.placename":"Innsbruck","geo.position":{"lat":"47.264176340396226","long":"11.380109057672346"},"geo.region":"Austria"},"_links":{"self":[{"href":"https:\/\/bolting.eu\/en\/wp-json\/wp\/v2\/product\/2480","targetHints":{"allow":["GET"]}}],"collection":[{"href":"https:\/\/bolting.eu\/en\/wp-json\/wp\/v2\/product"}],"about":[{"href":"https:\/\/bolting.eu\/en\/wp-json\/wp\/v2\/types\/product"}],"replies":[{"embeddable":true,"href":"https:\/\/bolting.eu\/en\/wp-json\/wp\/v2\/comments?post=2480"}],"wp:featuredmedia":[{"embeddable":true,"href":"https:\/\/bolting.eu\/en\/wp-json\/wp\/v2\/media\/2482"}],"wp:attachment":[{"href":"https:\/\/bolting.eu\/en\/wp-json\/wp\/v2\/media?parent=2480"}],"wp:term":[{"taxonomy":"product_brand","embeddable":true,"href":"https:\/\/bolting.eu\/en\/wp-json\/wp\/v2\/product_brand?post=2480"},{"taxonomy":"product_cat","embeddable":true,"href":"https:\/\/bolting.eu\/en\/wp-json\/wp\/v2\/product_cat?post=2480"},{"taxonomy":"product_tag","embeddable":true,"href":"https:\/\/bolting.eu\/en\/wp-json\/wp\/v2\/product_tag?post=2480"}],"curies":[{"name":"wp","href":"https:\/\/api.w.org\/{rel}","templated":true}]}}