{"id":2465,"date":"2020-03-21T16:25:43","date_gmt":"2020-03-21T15:25:43","guid":{"rendered":"https:\/\/bolting.eu\/?post_type=product&#038;p=2465"},"modified":"2025-10-10T19:04:54","modified_gmt":"2025-10-10T17:04:54","slug":"camp-sphinx-seilrolle","status":"publish","type":"product","link":"https:\/\/bolting.eu\/en\/shop\/camp-sphinx-seilrolle\/","title":{"rendered":"Camp Sphinx Seilrolle"},"content":{"rendered":"<p>Die Camp Sphinx Seilrolle ist ein super effizienter Pulley. Die Rolle erreicht einen Wirkungsgrad von 80% aufgrund der selbstschmierenden Gleitlager. Folglich ist die Seilrolle perfekt f\u00fcr alle Arten von Lastentransport bzw. Flaschenz\u00fcge sowie Flying fox (redundant sichern!). Beispielsweise beim Big Wall Klettern.<\/p>\n<p>Denn erstens sind die Rolle und die H\u00fclle aus Aluminium. Zweitens betr\u00e4gt die Tragf\u00e4higkeit 4 kN. Drittens k\u00f6nnen in die Aufh\u00e4ngevorrichtung zwei <a href=\"https:\/\/bolting.eu\/produkt-kategorie\/kletterausruestung\/kletterkarabiner\/\">Karabiner<\/a> eingeh\u00e4ngt werden. Kurzum. Eine super ausgewogene Rolle zu einem tollen Preis!<\/p>\n<h3>Eigenschaften Sphinx Seilrolle<\/h3>\n<ul>\n<li>Hersteller: <a href=\"https:\/\/bolting.eu\/produkt-kategorie\/camp-cassin\/\">Camp<\/a><\/li>\n<li>Material Rolle und Geh\u00e4use: Aluminium<\/li>\n<li>Achse: Edelstahl<\/li>\n<li>Gewicht: 95 Gramm<\/li>\n<li>Wirkungsgrad: 80% auf den selbstschmierenden Gleitlagern<\/li>\n<li>\u00d6ffnung f\u00fcr 2 Karabiner<\/li>\n<li>Seildurchmesser: bis 13mm<\/li>\n<li>Tragf\u00e4higkeit: 4 kN<\/li>\n<li>Norm: <a href=\"https:\/\/bolting.eu\/en-12278-norm-fuer-seilrollen\/\">EN 12278<\/a><\/li>\n<li>empfohlener Karabiner: Austrialpin Ovalo<\/li>\n<\/ul>\n<p><a href=\"http:\/\/doc.camp.it\/Manuali\/CARRUCOLE_MANUALE%20r12.pdf\" target=\"_blank\" rel=\"noopener noreferrer\">Bedienungsanleitung<\/a><\/p>\n<h3>Produktvideo<\/h3>\n<p>Das folgende Video zeigt die Einsatzm\u00f6glichkeiten und Anwendungen des Pulley:<\/p>\n<p><iframe loading=\"lazy\" src=\"https:\/\/www.youtube.com\/embed\/aeBX0RN8Cok\" width=\"100%\" height=\"450\" frameborder=\"0\" allowfullscreen=\"allowfullscreen\"><span data-mce-type=\"bookmark\" style=\"display: inline-block; width: 0px; overflow: hidden; line-height: 0;\" class=\"mce_SELRES_start\">\ufeff<\/span><\/iframe><\/p>\n<h3>Wof\u00fcr ist die Seilrolle Sphinx <strong>NICHT<\/strong> geeignet?<\/h3>\n<p>Diesen Pulley darfst du in keinem Fall als Sicherungsger\u00e4t im Nachstieg verwenden. Ebenso kannst du ihn nicht als Umlenkrolle an Top Ropes benutzen.<\/p>\n<p>Als Lastenrolle ist das Produkt nur f\u00fcr Lasten bis 4 kN gedacht.<\/p>\n<p>Bitte mache dich mit der Bedienungsanleitung vertraut!<\/p>\n<h3>Slacklinen und Flying Fox<\/h3>\n<p>Aufgrund der beschr\u00e4nkten Tragkraft der Camp Sphinx k\u00f6nnt ihr die Seilklemme <strong>nicht f\u00fcr gespannte Slacklines verwenden<\/strong>.<\/p>\n<p>Ebenso zum Fixieren von Seilen beim Flying Fox. Hierzu m\u00fcsst ihr &#8220;schweres Ger\u00e4t&#8221; anschaffen, denn es treten bei horizontalen Verankerungen sehr gro\u00dfe Kr\u00e4fte auf.<\/p>\n<p>Wie ihr hierf\u00fcr die richtigen Verankerungen einbohrt, k\u00f6nnt ihr in unserer <a href=\"https:\/\/bolting.eu\/academy\/\">bolting.eu Academy<\/a> lernen. In unseren <a href=\"https:\/\/bolting.eu\/academy\/einbohr-kurse\/\">Einbohrkursen<\/a> und <a href=\"https:\/\/bolting.eu\/academy\/einbohr-workshop\/\">Einbohr Workshops<\/a> lernt ihr alles zu Themen wie <a href=\"https:\/\/bolting.eu\/kletterroute-einbohren\/\">Kletterroute einbohren<\/a>, <a href=\"https:\/\/bolting.eu\/bohrhaken-setzen\/\">Bohrhaken setzen<\/a> oder <a href=\"https:\/\/bolting.eu\/klebehaken-setzen\/\">Klebehaken setzen<\/a>.<\/p>\n<h3>Wartungsempfehlung<\/h3>\n<p>Wie alle anderen Teile Eurer Kletterausr\u00fcstung wie Klemmger\u00e4te, Expressschlingen und Steigklemmen, muss die Seilrolle Sphinx von Camp regelm\u00e4\u00dfig gewartet werden. Erstens mit lauwarmen Wasser abwaschen. Zweitens den Schmutz durch \u201eAufschlagen\u201c in der Hand herausl\u00f6sen. Drittens an der Luft trocknen lassen. Viertens die Achse mit einem <a href=\"https:\/\/bolting.eu\/shop\/kong-kletterausruestung-pflegeoel\/\">Karabiner Pflege\u00f6l<\/a> leicht einschmieren. So gleiten die Lager wieder reibungslos und ihr erhaltet den hohen Wirkungsgrad!<\/p>\n","protected":false},"excerpt":{"rendered":"<p>Einfache Seilrolle mit einem Wirkungsgrad von 80% und selbstschmierenden Gleitlagern.<\/p>\n<p>Funktioniert mit Seildurchmesser bis 13mm und Tragf\u00e4higkeit bis 4 kN.<\/p>\n<p>Versandkostenfrei bis 2kg in <img decoding=\"async\" class=\"emoji\" role=\"img\" draggable=\"false\" src=\"https:\/\/s.w.org\/images\/core\/emoji\/14.0.0\/svg\/1f1e6-1f1f9.svg\" alt=\"\ud83c\udde6\ud83c\uddf9\" \/> ab \u20ac 100,- und <img decoding=\"async\" class=\"emoji\" role=\"img\" draggable=\"false\" src=\"https:\/\/s.w.org\/images\/core\/emoji\/14.0.0\/svg\/1f1e9-1f1ea.svg\" alt=\"\ud83c\udde9\ud83c\uddea\" \/> ab \u20ac 200,-!<\/p>\n","protected":false},"featured_media":2466,"comment_status":"closed","ping_status":"closed","template":"","meta":[],"product_brand":[],"product_cat":[4653,6620,3828,29,4586,11051],"product_tag":[1565,265,1564,2228,2189],"class_list":{"0":"post-2465","1":"product","2":"type-product","3":"status-publish","4":"has-post-thumbnail","6":"product_cat-camp-cassin","7":"product_cat-hochtouren-ausruestung","8":"product_cat-hoehlenforscher-ausruestung","9":"product_cat-kletterausruestung","10":"product_cat-seilrollen","11":"product_cat-spaltenbergung","12":"product_tag-bergrettung","13":"product_tag-big-wall-klettern","14":"product_tag-flying-fox","15":"product_tag-hoehenarbeiten","16":"product_tag-speleologie","18":"first","19":"instock","20":"taxable","21":"shipping-taxable","22":"purchasable","23":"product-type-simple"},"yoast_head":"<!-- This site is optimized with the Yoast SEO Premium plugin v26.9 (Yoast SEO v26.9) - https:\/\/yoast.com\/product\/yoast-seo-premium-wordpress\/ -->\n<title>Camp Sphinx Seilrolle: jetzt online kaufen bei bolting.eu<\/title>\n<meta name=\"description\" content=\"Camp Seilrolle Sphinx beim Kletter Hardware Profi aus Innsbruck kaufen \u2705 kostenloser Versand* \u2705 14 Tage R\u00fcckgaberecht \u2705 Co2 neutraler Versand\" \/>\n<meta name=\"robots\" content=\"index, follow, max-snippet:-1, max-image-preview:large, max-video-preview:-1\" \/>\n<link rel=\"canonical\" href=\"https:\/\/bolting.eu\/en\/shop\/camp-sphinx-seilrolle\/\" \/>\n<meta property=\"og:locale\" content=\"en_US\" \/>\n<meta property=\"og:type\" content=\"article\" \/>\n<meta property=\"og:title\" content=\"Camp Sphinx Seilrolle\" \/>\n<meta property=\"og:description\" content=\"Camp Seilrolle Sphinx beim Kletter Hardware Profi aus Innsbruck kaufen \u2705 kostenloser Versand* \u2705 14 Tage R\u00fcckgaberecht \u2705 Co2 neutraler Versand\" \/>\n<meta property=\"og:url\" content=\"https:\/\/bolting.eu\/en\/shop\/camp-sphinx-seilrolle\/\" \/>\n<meta property=\"og:site_name\" content=\"bolting.eu\" \/>\n<meta property=\"article:publisher\" content=\"https:\/\/www.facebook.com\/bolting.eu\" \/>\n<meta property=\"article:modified_time\" content=\"2025-10-10T17:04:54+00:00\" \/>\n<meta property=\"og:image\" content=\"https:\/\/bolting.eu\/wp-content\/uploads\/2020\/03\/Camp-Sphinx-Seilrolle.jpg\" \/>\n\t<meta property=\"og:image:width\" content=\"700\" \/>\n\t<meta property=\"og:image:height\" content=\"700\" \/>\n\t<meta property=\"og:image:type\" content=\"image\/jpeg\" \/>\n<meta name=\"twitter:card\" content=\"summary_large_image\" \/>\n<meta name=\"twitter:label1\" content=\"Price\" \/>\n\t<meta name=\"twitter:data1\" content=\"&euro;&nbsp;30,00\" \/>\n\t<meta name=\"twitter:label2\" content=\"Availability\" \/>\n\t<meta name=\"twitter:data2\" content=\"In stock\" \/>\n<script type=\"application\/ld+json\" class=\"yoast-schema-graph\">{\"@context\":\"https:\/\/schema.org\",\"@graph\":[{\"@type\":[\"WebPage\",\"ItemPage\"],\"@id\":\"https:\/\/bolting.eu\/en\/shop\/camp-sphinx-seilrolle\/\",\"url\":\"https:\/\/bolting.eu\/en\/shop\/camp-sphinx-seilrolle\/\",\"name\":\"Camp Sphinx Seilrolle: jetzt online kaufen bei bolting.eu\",\"isPartOf\":{\"@id\":\"https:\/\/bolting.eu\/en\/#website\"},\"primaryImageOfPage\":{\"@id\":\"https:\/\/bolting.eu\/en\/shop\/camp-sphinx-seilrolle\/#primaryimage\"},\"image\":{\"@id\":\"https:\/\/bolting.eu\/en\/shop\/camp-sphinx-seilrolle\/#primaryimage\"},\"thumbnailUrl\":\"https:\/\/bolting.eu\/wp-content\/uploads\/2020\/03\/Camp-Sphinx-Seilrolle.jpg\",\"datePublished\":\"2020-03-21T15:25:43+00:00\",\"dateModified\":\"2025-10-10T17:04:54+00:00\",\"description\":\"Camp Seilrolle Sphinx beim Kletter Hardware Profi aus Innsbruck kaufen \u2705 kostenloser Versand* \u2705 14 Tage R\u00fcckgaberecht \u2705 Co2 neutraler Versand\",\"breadcrumb\":{\"@id\":\"https:\/\/bolting.eu\/en\/shop\/camp-sphinx-seilrolle\/#breadcrumb\"},\"inLanguage\":\"en-US\",\"potentialAction\":[{\"@type\":\"ReadAction\",\"target\":[\"https:\/\/bolting.eu\/en\/shop\/camp-sphinx-seilrolle\/\"]}]},{\"@type\":\"ImageObject\",\"inLanguage\":\"en-US\",\"@id\":\"https:\/\/bolting.eu\/en\/shop\/camp-sphinx-seilrolle\/#primaryimage\",\"url\":\"https:\/\/bolting.eu\/wp-content\/uploads\/2020\/03\/Camp-Sphinx-Seilrolle.jpg\",\"contentUrl\":\"https:\/\/bolting.eu\/wp-content\/uploads\/2020\/03\/Camp-Sphinx-Seilrolle.jpg\",\"width\":700,\"height\":700,\"caption\":\"Das Bild zeigt eine rote Camp Sphinx Seilrolle. Die Karabiner\u00f6ffnung ist oben, die eigentliche Rolle schaut nach unten.\"},{\"@type\":\"BreadcrumbList\",\"@id\":\"https:\/\/bolting.eu\/en\/shop\/camp-sphinx-seilrolle\/#breadcrumb\",\"itemListElement\":[{\"@type\":\"ListItem\",\"position\":1,\"name\":\"Shop\",\"item\":\"https:\/\/bolting.eu\/en\/shop\/\"},{\"@type\":\"ListItem\",\"position\":2,\"name\":\"climbing equipment\",\"item\":\"https:\/\/bolting.eu\/en\/produkt-kategorie\/climbing-equipment\/\"},{\"@type\":\"ListItem\",\"position\":3,\"name\":\"Seilrollen\",\"item\":\"https:\/\/bolting.eu\/produkt-kategorie\/kletterausruestung\/seilrollen\/\"},{\"@type\":\"ListItem\",\"position\":4,\"name\":\"Camp Sphinx Seilrolle\"}]},{\"@type\":\"WebSite\",\"@id\":\"https:\/\/bolting.eu\/en\/#website\",\"url\":\"https:\/\/bolting.eu\/en\/\",\"name\":\"bolting.eu\",\"description\":\"we make climbs happen\",\"publisher\":{\"@id\":\"https:\/\/bolting.eu\/en\/#organization\"},\"potentialAction\":[{\"@type\":\"SearchAction\",\"target\":{\"@type\":\"EntryPoint\",\"urlTemplate\":\"https:\/\/bolting.eu\/en\/?s={search_term_string}\"},\"query-input\":{\"@type\":\"PropertyValueSpecification\",\"valueRequired\":true,\"valueName\":\"search_term_string\"}}],\"inLanguage\":\"en-US\"},{\"@type\":[\"Organization\",\"Place\",\"SportingGoodsStore\"],\"@id\":\"https:\/\/bolting.eu\/en\/#organization\",\"name\":\"bolting.eu\",\"url\":\"https:\/\/bolting.eu\/en\/\",\"logo\":{\"@id\":\"https:\/\/bolting.eu\/en\/shop\/camp-sphinx-seilrolle\/#local-main-organization-logo\"},\"image\":{\"@id\":\"https:\/\/bolting.eu\/en\/shop\/camp-sphinx-seilrolle\/#local-main-organization-logo\"},\"sameAs\":[\"https:\/\/www.facebook.com\/bolting.eu\",\"https:\/\/www.instagram.com\/bolting.eu\/\"],\"address\":{\"@id\":\"https:\/\/bolting.eu\/en\/shop\/camp-sphinx-seilrolle\/#local-main-place-address\"},\"geo\":{\"@type\":\"GeoCoordinates\",\"latitude\":\"47.264176340396226\",\"longitude\":\"11.380109057672346\"},\"telephone\":[\"+43 699 19083372\"],\"openingHoursSpecification\":[{\"@type\":\"OpeningHoursSpecification\",\"dayOfWeek\":[\"Monday\",\"Wednesday\",\"Friday\"],\"opens\":\"14:00\",\"closes\":\"18:00\"},{\"@type\":\"OpeningHoursSpecification\",\"dayOfWeek\":[\"Tuesday\",\"Thursday\",\"Saturday\",\"Sunday\"],\"opens\":\"00:00\",\"closes\":\"00:00\"}],\"email\":\"office@bolting.eu\",\"vatID\":\"ATU59999728\",\"priceRange\":\"$$\",\"currenciesAccepted\":\"Euro\"},{\"@type\":\"PostalAddress\",\"@id\":\"https:\/\/bolting.eu\/en\/shop\/camp-sphinx-seilrolle\/#local-main-place-address\",\"streetAddress\":\"Fischnalerstra\u00dfe 4\",\"addressLocality\":\"Innsbruck\",\"postalCode\":\"6020\",\"addressRegion\":\"Tirol\",\"addressCountry\":\"AT\"},{\"@type\":\"ImageObject\",\"inLanguage\":\"en-US\",\"@id\":\"https:\/\/bolting.eu\/en\/shop\/camp-sphinx-seilrolle\/#local-main-organization-logo\",\"url\":\"https:\/\/bolting.eu\/wp-content\/uploads\/2019\/09\/bolting-logo.png\",\"contentUrl\":\"https:\/\/bolting.eu\/wp-content\/uploads\/2019\/09\/bolting-logo.png\",\"width\":400,\"height\":211,\"caption\":\"bolting.eu\"}]}<\/script>\n<meta property=\"og:video\" content=\"https:\/\/www.youtube.com\/embed\/aeBX0RN8Cok\" \/>\n<meta property=\"og:video:type\" content=\"text\/html\" \/>\n<meta property=\"og:video:duration\" content=\"114\" \/>\n<meta property=\"og:video:width\" content=\"480\" \/>\n<meta property=\"og:video:height\" content=\"270\" \/>\n<meta property=\"ya:ovs:adult\" content=\"false\" \/>\n<meta property=\"ya:ovs:upload_date\" content=\"2020-03-21T15:25:43+00:00\" \/>\n<meta property=\"ya:ovs:allow_embed\" content=\"true\" \/>\n<meta property=\"product:price:amount\" content=\"30.00\" \/>\n<meta property=\"product:price:currency\" content=\"EUR\" \/>\n<meta property=\"og:availability\" content=\"instock\" \/>\n<meta property=\"product:availability\" content=\"instock\" \/>\n<meta property=\"product:retailer_item_id\" content=\"2152\" \/>\n<meta property=\"product:condition\" content=\"new\" \/>\n<meta name=\"geo.placename\" content=\"Innsbruck\" \/>\n<meta name=\"geo.position\" content=\"47.264176340396226;11.380109057672346\" \/>\n<meta name=\"geo.region\" content=\"Austria\" \/>\n<!-- \/ Yoast SEO Premium plugin. -->","yoast_head_json":{"title":"Camp Sphinx Seilrolle: jetzt online kaufen bei bolting.eu","description":"Camp Seilrolle Sphinx beim Kletter Hardware Profi aus Innsbruck kaufen \u2705 kostenloser Versand* \u2705 14 Tage R\u00fcckgaberecht \u2705 Co2 neutraler Versand","robots":{"index":"index","follow":"follow","max-snippet":"max-snippet:-1","max-image-preview":"max-image-preview:large","max-video-preview":"max-video-preview:-1"},"canonical":"https:\/\/bolting.eu\/en\/shop\/camp-sphinx-seilrolle\/","og_locale":"en_US","og_type":"article","og_title":"Camp Sphinx Seilrolle","og_description":"Camp Seilrolle Sphinx beim Kletter Hardware Profi aus Innsbruck kaufen \u2705 kostenloser Versand* \u2705 14 Tage R\u00fcckgaberecht \u2705 Co2 neutraler Versand","og_url":"https:\/\/bolting.eu\/en\/shop\/camp-sphinx-seilrolle\/","og_site_name":"bolting.eu","article_publisher":"https:\/\/www.facebook.com\/bolting.eu","article_modified_time":"2025-10-10T17:04:54+00:00","og_image":[{"width":700,"height":700,"url":"https:\/\/bolting.eu\/wp-content\/uploads\/2020\/03\/Camp-Sphinx-Seilrolle.jpg","type":"image\/jpeg"}],"twitter_card":"summary_large_image","twitter_misc":{"Price":"&euro;&nbsp;30,00","Availability":"In stock"},"schema":{"@context":"https:\/\/schema.org","@graph":[{"@type":["WebPage","ItemPage"],"@id":"https:\/\/bolting.eu\/en\/shop\/camp-sphinx-seilrolle\/","url":"https:\/\/bolting.eu\/en\/shop\/camp-sphinx-seilrolle\/","name":"Camp Sphinx Seilrolle: jetzt online kaufen bei bolting.eu","isPartOf":{"@id":"https:\/\/bolting.eu\/en\/#website"},"primaryImageOfPage":{"@id":"https:\/\/bolting.eu\/en\/shop\/camp-sphinx-seilrolle\/#primaryimage"},"image":{"@id":"https:\/\/bolting.eu\/en\/shop\/camp-sphinx-seilrolle\/#primaryimage"},"thumbnailUrl":"https:\/\/bolting.eu\/wp-content\/uploads\/2020\/03\/Camp-Sphinx-Seilrolle.jpg","datePublished":"2020-03-21T15:25:43+00:00","dateModified":"2025-10-10T17:04:54+00:00","description":"Camp Seilrolle Sphinx beim Kletter Hardware Profi aus Innsbruck kaufen \u2705 kostenloser Versand* \u2705 14 Tage R\u00fcckgaberecht \u2705 Co2 neutraler Versand","breadcrumb":{"@id":"https:\/\/bolting.eu\/en\/shop\/camp-sphinx-seilrolle\/#breadcrumb"},"inLanguage":"en-US","potentialAction":[{"@type":"ReadAction","target":["https:\/\/bolting.eu\/en\/shop\/camp-sphinx-seilrolle\/"]}]},{"@type":"ImageObject","inLanguage":"en-US","@id":"https:\/\/bolting.eu\/en\/shop\/camp-sphinx-seilrolle\/#primaryimage","url":"https:\/\/bolting.eu\/wp-content\/uploads\/2020\/03\/Camp-Sphinx-Seilrolle.jpg","contentUrl":"https:\/\/bolting.eu\/wp-content\/uploads\/2020\/03\/Camp-Sphinx-Seilrolle.jpg","width":700,"height":700,"caption":"Das Bild zeigt eine rote Camp Sphinx Seilrolle. Die Karabiner\u00f6ffnung ist oben, die eigentliche Rolle schaut nach unten."},{"@type":"BreadcrumbList","@id":"https:\/\/bolting.eu\/en\/shop\/camp-sphinx-seilrolle\/#breadcrumb","itemListElement":[{"@type":"ListItem","position":1,"name":"Shop","item":"https:\/\/bolting.eu\/en\/shop\/"},{"@type":"ListItem","position":2,"name":"climbing equipment","item":"https:\/\/bolting.eu\/en\/produkt-kategorie\/climbing-equipment\/"},{"@type":"ListItem","position":3,"name":"Seilrollen","item":"https:\/\/bolting.eu\/produkt-kategorie\/kletterausruestung\/seilrollen\/"},{"@type":"ListItem","position":4,"name":"Camp Sphinx Seilrolle"}]},{"@type":"WebSite","@id":"https:\/\/bolting.eu\/en\/#website","url":"https:\/\/bolting.eu\/en\/","name":"bolting.eu","description":"we make climbs happen","publisher":{"@id":"https:\/\/bolting.eu\/en\/#organization"},"potentialAction":[{"@type":"SearchAction","target":{"@type":"EntryPoint","urlTemplate":"https:\/\/bolting.eu\/en\/?s={search_term_string}"},"query-input":{"@type":"PropertyValueSpecification","valueRequired":true,"valueName":"search_term_string"}}],"inLanguage":"en-US"},{"@type":["Organization","Place","SportingGoodsStore"],"@id":"https:\/\/bolting.eu\/en\/#organization","name":"bolting.eu","url":"https:\/\/bolting.eu\/en\/","logo":{"@id":"https:\/\/bolting.eu\/en\/shop\/camp-sphinx-seilrolle\/#local-main-organization-logo"},"image":{"@id":"https:\/\/bolting.eu\/en\/shop\/camp-sphinx-seilrolle\/#local-main-organization-logo"},"sameAs":["https:\/\/www.facebook.com\/bolting.eu","https:\/\/www.instagram.com\/bolting.eu\/"],"address":{"@id":"https:\/\/bolting.eu\/en\/shop\/camp-sphinx-seilrolle\/#local-main-place-address"},"geo":{"@type":"GeoCoordinates","latitude":"47.264176340396226","longitude":"11.380109057672346"},"telephone":["+43 699 19083372"],"openingHoursSpecification":[{"@type":"OpeningHoursSpecification","dayOfWeek":["Monday","Wednesday","Friday"],"opens":"14:00","closes":"18:00"},{"@type":"OpeningHoursSpecification","dayOfWeek":["Tuesday","Thursday","Saturday","Sunday"],"opens":"00:00","closes":"00:00"}],"email":"office@bolting.eu","vatID":"ATU59999728","priceRange":"$$","currenciesAccepted":"Euro"},{"@type":"PostalAddress","@id":"https:\/\/bolting.eu\/en\/shop\/camp-sphinx-seilrolle\/#local-main-place-address","streetAddress":"Fischnalerstra\u00dfe 4","addressLocality":"Innsbruck","postalCode":"6020","addressRegion":"Tirol","addressCountry":"AT"},{"@type":"ImageObject","inLanguage":"en-US","@id":"https:\/\/bolting.eu\/en\/shop\/camp-sphinx-seilrolle\/#local-main-organization-logo","url":"https:\/\/bolting.eu\/wp-content\/uploads\/2019\/09\/bolting-logo.png","contentUrl":"https:\/\/bolting.eu\/wp-content\/uploads\/2019\/09\/bolting-logo.png","width":400,"height":211,"caption":"bolting.eu"}]},"og_video":"https:\/\/www.youtube.com\/embed\/aeBX0RN8Cok","og_video_type":"text\/html","og_video_duration":"114","og_video_width":"480","og_video_height":"270","ya_ovs_adult":"false","ya_ovs_upload_date":"2020-03-21T15:25:43+00:00","ya_ovs_allow_embed":"true","product_price_amount":"30.00","product_price_currency":"EUR","og_availability":"instock","product_availability":"instock","product_retailer_item_id":"2152","product_condition":"new","geo.placename":"Innsbruck","geo.position":{"lat":"47.264176340396226","long":"11.380109057672346"},"geo.region":"Austria"},"_links":{"self":[{"href":"https:\/\/bolting.eu\/en\/wp-json\/wp\/v2\/product\/2465","targetHints":{"allow":["GET"]}}],"collection":[{"href":"https:\/\/bolting.eu\/en\/wp-json\/wp\/v2\/product"}],"about":[{"href":"https:\/\/bolting.eu\/en\/wp-json\/wp\/v2\/types\/product"}],"replies":[{"embeddable":true,"href":"https:\/\/bolting.eu\/en\/wp-json\/wp\/v2\/comments?post=2465"}],"wp:featuredmedia":[{"embeddable":true,"href":"https:\/\/bolting.eu\/en\/wp-json\/wp\/v2\/media\/2466"}],"wp:attachment":[{"href":"https:\/\/bolting.eu\/en\/wp-json\/wp\/v2\/media?parent=2465"}],"wp:term":[{"taxonomy":"product_brand","embeddable":true,"href":"https:\/\/bolting.eu\/en\/wp-json\/wp\/v2\/product_brand?post=2465"},{"taxonomy":"product_cat","embeddable":true,"href":"https:\/\/bolting.eu\/en\/wp-json\/wp\/v2\/product_cat?post=2465"},{"taxonomy":"product_tag","embeddable":true,"href":"https:\/\/bolting.eu\/en\/wp-json\/wp\/v2\/product_tag?post=2465"}],"curies":[{"name":"wp","href":"https:\/\/api.w.org\/{rel}","templated":true}]}}