{"id":2457,"date":"2020-03-21T14:58:37","date_gmt":"2020-03-21T13:58:37","guid":{"rendered":"https:\/\/bolting.eu\/?post_type=product&#038;p=2457"},"modified":"2024-07-10T20:32:23","modified_gmt":"2024-07-10T18:32:23","slug":"climbing-technology-rollnlock-seilklemme","status":"publish","type":"product","link":"https:\/\/bolting.eu\/en\/shop\/climbing-technology-rollnlock-seilklemme\/","title":{"rendered":"Climbing Technology rollnlock Seilklemme"},"content":{"rendered":"<p>Die Climbing Technology rollnlock Seilklemme ist ein praktischer und leichter Allroundhelfer. Denn sie kann f\u00fcr vielerlei Bergsport Disziplinen und H\u00f6henarbeiten eingesetzt werden. Egal ob Spaltenbergung, Aufstieg am Seil oder bei Rettungs\u00fcbungen. Die Klemme ist sogar zur L\u00e4ngenregulierung f\u00fcr Bandschlingen-Selbstsicherungen (10mm-16mm) geeignet. Einfachseile k\u00f6nnen von 8mm bis 13mm verwendet werden. Zudem hat die rollnlock folgende weiteren Features.<\/p>\n<p>Erstens kann die Klemme super mit einer Hand bedient werden Zweitens ist die Karabiner\u00f6ffnung extra gro\u00df. Somit kann man die Verbindungsmittel leichter drehen. Beispielsweise kann ein Schraubkarabiner inkl. Gewinde durchgeschoben werden!<\/p>\n<h3>Eigenschaften Climbing Technology rollnlock Seilklemme<\/h3>\n<ul>\n<li>Hersteller: <a href=\"https:\/\/bolting.eu\/climbing-technology\/\">Climbing Technology<\/a><\/li>\n<li>Material: Aluminium<\/li>\n<li>Gewicht: 80 Gramm<\/li>\n<li>EN Norm 12278:2007 und EN 567:2013<\/li>\n<li>Farbe: Cyan<\/li>\n<li>Notfall Steigklemme \/ Seilklemme \/ Pulley<\/li>\n<li>empfohlener Karabiner: oavler Schraubkarabiner bzw. <a href=\"https:\/\/bolting.eu\/produkt-kategorie\/schraubglied-rapidglied\/\">Schraubglied<\/a> bei fixer Montage<\/li>\n<\/ul>\n<p><a href=\"https:\/\/www.climbingtechnology.com\/wp-content\/uploads\/2015\/06\/instruction-manual-rollnlock.pdf\" target=\"_blank\" rel=\"noopener noreferrer\">Bedienungsanleitung<\/a><\/p>\n<h3>Einsatzbereiche<\/h3>\n<p>Die Climbing Technology rollnlock Seilklemme kann verwendet werden f\u00fcr:<\/p>\n<ul>\n<li>Aufstieg am Einfachseil 8mm &#8211; 13mm<\/li>\n<li>Spaltenbergung und<\/li>\n<li>Bergrettungseins\u00e4tze<\/li>\n<li>Lastenrolle beim <a href=\"https:\/\/bolting.eu\/kletterroute-einbohren\/\">Kletterroute einbohren<\/a><\/li>\n<li>Abstandsregulation bei Bandschlingen Selbstsicherung<\/li>\n<li>zum Spannen von Seilen (r\u00fccksichern!!!)<\/li>\n<\/ul>\n<h3>Video Climbing Technology rollnlock Seilklemme<\/h3>\n<p>Das folgende Video zeigt euch nochmals super die Anwendungsm\u00f6glichkeiten!<\/p>\n<p><iframe loading=\"lazy\" src=\"https:\/\/www.youtube.com\/embed\/QjGGCTWCBDo\" width=\"100%\" height=\"450\" frameborder=\"0\" allowfullscreen=\"allowfullscreen\"><span data-mce-type=\"bookmark\" style=\"display: inline-block; width: 0px; overflow: hidden; line-height: 0;\" class=\"mce_SELRES_start\">\ufeff<\/span><\/iframe><\/p>\n<h3>Wof\u00fcr ist die Climbing Technology rollnlock Seilklemme <strong>NICHT<\/strong> geeignet?<\/h3>\n<p>Diese Seilklemme darfst du in keinem Fall als Sicherungsger\u00e4t verwenden. Ebenso kannst du sie nicht als Umlenkrolle an Top Ropes benutzen. Als Lastenrolle ist das Produkt nur f\u00fcr kleine Lasten gedacht. Zudem ist sie zum Haulen schwerer Bags bei Big Walls nicht geeignet. Bitte mache dich mit der Bedienungsanleitung vertraut!<\/p>\n<p>Wann muss die Seilklemme ausgetauscht werden?<\/p>\n<h3>Praxis Tipp: Seilklemme beim Einbohren<\/h3>\n<p><a href=\"https:\/\/bolting.eu\/wp-content\/uploads\/2020\/03\/Climbing-Technology-rollnlock-5.jpg\"><img loading=\"lazy\" decoding=\"async\" class=\"size-thumbnail wp-image-2463 alignleft\" src=\"https:\/\/bolting.eu\/wp-content\/uploads\/2020\/03\/Climbing-Technology-rollnlock-5-280x280.jpg\" alt=\"Das Bild zeigt eine schematische Grafik zur Anwendung der rollnlock Seilklemme., das Aufziehen einer Last an einem Seil.\" width=\"280\" height=\"280\" srcset=\"https:\/\/bolting.eu\/wp-content\/uploads\/2020\/03\/Climbing-Technology-rollnlock-5-280x280.jpg 280w, https:\/\/bolting.eu\/wp-content\/uploads\/2020\/03\/Climbing-Technology-rollnlock-5-247x247.jpg 247w, https:\/\/bolting.eu\/wp-content\/uploads\/2020\/03\/Climbing-Technology-rollnlock-5-100x100.jpg 100w, https:\/\/bolting.eu\/wp-content\/uploads\/2020\/03\/Climbing-Technology-rollnlock-5-510x510.jpg 510w, https:\/\/bolting.eu\/wp-content\/uploads\/2020\/03\/Climbing-Technology-rollnlock-5-400x400.jpg 400w, https:\/\/bolting.eu\/wp-content\/uploads\/2020\/03\/Climbing-Technology-rollnlock-5-300x300.jpg 300w, https:\/\/bolting.eu\/wp-content\/uploads\/2020\/03\/Climbing-Technology-rollnlock-5-600x600.jpg 600w, https:\/\/bolting.eu\/wp-content\/uploads\/2020\/03\/Climbing-Technology-rollnlock-5.jpg 700w\" sizes=\"auto, (max-width: 280px) 100vw, 280px\" \/><\/a>Als Spezialist f\u00fcr\u00b4s Einbohren erkl\u00e4ren wir euch die Anwendung etwas n\u00e4her. Denn die Climbing Technology rollnlock Seilklemme ist irre praktisch beim Arbeiten in Kletterg\u00e4rten bzw. bei H\u00f6henarbeiten. H\u00e4ngt Euch zuerst euren kleinen Haulbag mit z.B. <a href=\"https:\/\/bolting.eu\/produkt-kategorie\/bohrhaken\/\">Bohrhaken<\/a>, <a href=\"https:\/\/bolting.eu\/produkt-kategorie\/bohrhakenlasche\/\">Bohrhakenlaschen<\/a>, <a href=\"https:\/\/bolting.eu\/produkt-kategorie\/klebehaken-buehlerhaken\/\">Klebehaken<\/a> oder <a href=\"https:\/\/bolting.eu\/produkt-kategorie\/klebehaken-buehlerhaken\/\">Injektionsm\u00f6rtel<\/a> in ein Seilende. Dann f\u00e4delt das Seil durch die Klemme und beginnt den Aufstieg am Fixseil. Somit k\u00f6nnt ihr bequem euer Reservematerial nachholen ohne dabei immer das ganze Seil aufziehen zu m\u00fcssen bzw. einen Helfer zu ben\u00f6tigen!<\/p>\n<p>Folglich k\u00f6nnt ihr den heraufgezogenen Bag nach dem Deaktivieren der Klemme wieder bequem\u00a0 ablassen. Einfach praktisch!<\/p>\n<p>Wenn du mehr Interesse an diesem Thema hast besuche unsere bolting.eu <a href=\"https:\/\/bolting.eu\/academy\/\">Academy<\/a>. In unseren <a href=\"https:\/\/bolting.eu\/academy\/einbohr-kurse\/\">Einbohrkursen<\/a> sowie <a href=\"https:\/\/bolting.eu\/academy\/einbohr-workshop\/\">Einbohr Workshops<\/a> lernst du das richtige und effiziente Einbohren von Kletterrouten!<\/p>\n","protected":false},"excerpt":{"rendered":"<p>Sehr kleine und leichte Seilklemme. Ideal f\u00fcr Notfallsituationen, Spaltenbergung und H\u00f6henarbeiten.<\/p>\n<p>DER Klassiker f\u00fcr alle Hochtourenkurse!<\/p>\n<p>Versandkostenfrei bis 2kg in <img decoding=\"async\" class=\"emoji\" role=\"img\" draggable=\"false\" src=\"https:\/\/s.w.org\/images\/core\/emoji\/14.0.0\/svg\/1f1e6-1f1f9.svg\" alt=\"\ud83c\udde6\ud83c\uddf9\" \/> ab \u20ac 100,- und <img decoding=\"async\" class=\"emoji\" role=\"img\" draggable=\"false\" src=\"https:\/\/s.w.org\/images\/core\/emoji\/14.0.0\/svg\/1f1e9-1f1ea.svg\" alt=\"\ud83c\udde9\ud83c\uddea\" \/> ab \u20ac 200,-!<\/p>\n","protected":false},"featured_media":2458,"comment_status":"closed","ping_status":"closed","template":"","meta":[],"product_brand":[],"product_cat":[4662,35,6620,11051,3660],"product_tag":[262,1565],"class_list":{"0":"post-2457","1":"product","2":"type-product","3":"status-publish","4":"has-post-thumbnail","6":"product_cat-climbing-technology","7":"product_cat-einbohr-zubehoer","8":"product_cat-hochtouren-ausruestung","9":"product_cat-spaltenbergung","10":"product_cat-steigklemmen-seilklemmen","11":"product_tag-alpinklettern","12":"product_tag-bergrettung","14":"first","15":"instock","16":"sale","17":"taxable","18":"shipping-taxable","19":"purchasable","20":"product-type-simple"},"yoast_head":"<!-- This site is optimized with the Yoast SEO Premium plugin v26.9 (Yoast SEO v26.9) - https:\/\/yoast.com\/product\/yoast-seo-premium-wordpress\/ -->\n<title>Climbing Technology rollnlock Seilklemme | bolting.eu<\/title>\n<meta name=\"description\" content=\"Climbing Technology rollnlock Seilklemme vom Kletterprofi aus Innsbruck Tirol kaufen \u2705 kostenloser Versand* \u2705 14 Tage R\u00fcckgaberecht \u2705 Co2 neutraler Versand\" \/>\n<meta name=\"robots\" content=\"index, follow, max-snippet:-1, max-image-preview:large, max-video-preview:-1\" \/>\n<link rel=\"canonical\" href=\"https:\/\/bolting.eu\/en\/shop\/climbing-technology-rollnlock-seilklemme\/\" \/>\n<meta property=\"og:locale\" content=\"en_US\" \/>\n<meta property=\"og:type\" content=\"article\" \/>\n<meta property=\"og:title\" content=\"Climbing Technology rollnlock Seilklemme\" \/>\n<meta property=\"og:description\" content=\"Climbing Technology rollnlock Seilklemme vom Kletterprofi aus Innsbruck Tirol kaufen \u2705 kostenloser Versand* \u2705 14 Tage R\u00fcckgaberecht \u2705 Co2 neutraler Versand\" \/>\n<meta property=\"og:url\" content=\"https:\/\/bolting.eu\/en\/shop\/climbing-technology-rollnlock-seilklemme\/\" \/>\n<meta property=\"og:site_name\" content=\"bolting.eu\" \/>\n<meta property=\"article:publisher\" content=\"https:\/\/www.facebook.com\/bolting.eu\" \/>\n<meta property=\"article:modified_time\" content=\"2024-07-10T18:32:23+00:00\" \/>\n<meta property=\"og:image\" content=\"https:\/\/bolting.eu\/wp-content\/uploads\/2020\/03\/Climbing-Technology-rollnlock.jpg\" \/>\n\t<meta property=\"og:image:width\" content=\"700\" \/>\n\t<meta property=\"og:image:height\" content=\"700\" \/>\n\t<meta property=\"og:image:type\" content=\"image\/jpeg\" \/>\n<meta name=\"twitter:card\" content=\"summary_large_image\" \/>\n<meta name=\"twitter:label1\" content=\"Price\" \/>\n\t<meta name=\"twitter:data1\" content=\"&euro;&nbsp;81,00\" \/>\n\t<meta name=\"twitter:label2\" content=\"Availability\" \/>\n\t<meta name=\"twitter:data2\" content=\"In stock\" \/>\n<script type=\"application\/ld+json\" class=\"yoast-schema-graph\">{\"@context\":\"https:\/\/schema.org\",\"@graph\":[{\"@type\":[\"WebPage\",\"ItemPage\"],\"@id\":\"https:\/\/bolting.eu\/en\/shop\/climbing-technology-rollnlock-seilklemme\/\",\"url\":\"https:\/\/bolting.eu\/en\/shop\/climbing-technology-rollnlock-seilklemme\/\",\"name\":\"Climbing Technology rollnlock Seilklemme | bolting.eu\",\"isPartOf\":{\"@id\":\"https:\/\/bolting.eu\/en\/#website\"},\"primaryImageOfPage\":{\"@id\":\"https:\/\/bolting.eu\/en\/shop\/climbing-technology-rollnlock-seilklemme\/#primaryimage\"},\"image\":{\"@id\":\"https:\/\/bolting.eu\/en\/shop\/climbing-technology-rollnlock-seilklemme\/#primaryimage\"},\"thumbnailUrl\":\"https:\/\/bolting.eu\/wp-content\/uploads\/2020\/03\/Climbing-Technology-rollnlock.jpg\",\"datePublished\":\"2020-03-21T13:58:37+00:00\",\"dateModified\":\"2024-07-10T18:32:23+00:00\",\"description\":\"Climbing Technology rollnlock Seilklemme vom Kletterprofi aus Innsbruck Tirol kaufen \u2705 kostenloser Versand* \u2705 14 Tage R\u00fcckgaberecht \u2705 Co2 neutraler Versand\",\"breadcrumb\":{\"@id\":\"https:\/\/bolting.eu\/en\/shop\/climbing-technology-rollnlock-seilklemme\/#breadcrumb\"},\"inLanguage\":\"en-US\",\"potentialAction\":[{\"@type\":\"ReadAction\",\"target\":[\"https:\/\/bolting.eu\/en\/shop\/climbing-technology-rollnlock-seilklemme\/\"]}]},{\"@type\":\"ImageObject\",\"inLanguage\":\"en-US\",\"@id\":\"https:\/\/bolting.eu\/en\/shop\/climbing-technology-rollnlock-seilklemme\/#primaryimage\",\"url\":\"https:\/\/bolting.eu\/wp-content\/uploads\/2020\/03\/Climbing-Technology-rollnlock.jpg\",\"contentUrl\":\"https:\/\/bolting.eu\/wp-content\/uploads\/2020\/03\/Climbing-Technology-rollnlock.jpg\",\"width\":700,\"height\":700,\"caption\":\"Das Bild zeigt die orange Climbing Technology rollnlock Seilklemme. Sie steht aufrecht in Bildmitte und hat einen ge\u00f6ffneten Klemm-Mechanismus auf der rechten Seite.\"},{\"@type\":\"BreadcrumbList\",\"@id\":\"https:\/\/bolting.eu\/en\/shop\/climbing-technology-rollnlock-seilklemme\/#breadcrumb\",\"itemListElement\":[{\"@type\":\"ListItem\",\"position\":1,\"name\":\"Shop\",\"item\":\"https:\/\/bolting.eu\/en\/shop\/\"},{\"@type\":\"ListItem\",\"position\":2,\"name\":\"bolting products\",\"item\":\"https:\/\/bolting.eu\/en\/produkt-kategorie\/bolting-products\/\"},{\"@type\":\"ListItem\",\"position\":3,\"name\":\"Bolting accessories\",\"item\":\"https:\/\/bolting.eu\/en\/produkt-kategorie\/bolting-accessories\/\"},{\"@type\":\"ListItem\",\"position\":4,\"name\":\"Climbing Technology rollnlock Seilklemme\"}]},{\"@type\":\"WebSite\",\"@id\":\"https:\/\/bolting.eu\/en\/#website\",\"url\":\"https:\/\/bolting.eu\/en\/\",\"name\":\"bolting.eu\",\"description\":\"we make climbs happen\",\"publisher\":{\"@id\":\"https:\/\/bolting.eu\/en\/#organization\"},\"potentialAction\":[{\"@type\":\"SearchAction\",\"target\":{\"@type\":\"EntryPoint\",\"urlTemplate\":\"https:\/\/bolting.eu\/en\/?s={search_term_string}\"},\"query-input\":{\"@type\":\"PropertyValueSpecification\",\"valueRequired\":true,\"valueName\":\"search_term_string\"}}],\"inLanguage\":\"en-US\"},{\"@type\":[\"Organization\",\"Place\",\"SportingGoodsStore\"],\"@id\":\"https:\/\/bolting.eu\/en\/#organization\",\"name\":\"bolting.eu\",\"url\":\"https:\/\/bolting.eu\/en\/\",\"logo\":{\"@id\":\"https:\/\/bolting.eu\/en\/shop\/climbing-technology-rollnlock-seilklemme\/#local-main-organization-logo\"},\"image\":{\"@id\":\"https:\/\/bolting.eu\/en\/shop\/climbing-technology-rollnlock-seilklemme\/#local-main-organization-logo\"},\"sameAs\":[\"https:\/\/www.facebook.com\/bolting.eu\",\"https:\/\/www.instagram.com\/bolting.eu\/\"],\"address\":{\"@id\":\"https:\/\/bolting.eu\/en\/shop\/climbing-technology-rollnlock-seilklemme\/#local-main-place-address\"},\"geo\":{\"@type\":\"GeoCoordinates\",\"latitude\":\"47.264176340396226\",\"longitude\":\"11.380109057672346\"},\"telephone\":[\"+43 699 19083372\"],\"openingHoursSpecification\":[{\"@type\":\"OpeningHoursSpecification\",\"dayOfWeek\":[\"Monday\",\"Wednesday\",\"Friday\"],\"opens\":\"14:00\",\"closes\":\"18:00\"},{\"@type\":\"OpeningHoursSpecification\",\"dayOfWeek\":[\"Tuesday\",\"Thursday\",\"Saturday\",\"Sunday\"],\"opens\":\"00:00\",\"closes\":\"00:00\"}],\"email\":\"office@bolting.eu\",\"vatID\":\"ATU59999728\",\"priceRange\":\"$$\",\"currenciesAccepted\":\"Euro\"},{\"@type\":\"PostalAddress\",\"@id\":\"https:\/\/bolting.eu\/en\/shop\/climbing-technology-rollnlock-seilklemme\/#local-main-place-address\",\"streetAddress\":\"Fischnalerstra\u00dfe 4\",\"addressLocality\":\"Innsbruck\",\"postalCode\":\"6020\",\"addressRegion\":\"Tirol\",\"addressCountry\":\"AT\"},{\"@type\":\"ImageObject\",\"inLanguage\":\"en-US\",\"@id\":\"https:\/\/bolting.eu\/en\/shop\/climbing-technology-rollnlock-seilklemme\/#local-main-organization-logo\",\"url\":\"https:\/\/bolting.eu\/wp-content\/uploads\/2019\/09\/bolting-logo.png\",\"contentUrl\":\"https:\/\/bolting.eu\/wp-content\/uploads\/2019\/09\/bolting-logo.png\",\"width\":400,\"height\":211,\"caption\":\"bolting.eu\"}]}<\/script>\n<meta property=\"og:video\" content=\"https:\/\/www.youtube.com\/embed\/QjGGCTWCBDo\" \/>\n<meta property=\"og:video:type\" content=\"text\/html\" \/>\n<meta property=\"og:video:duration\" content=\"140\" \/>\n<meta property=\"og:video:width\" content=\"480\" \/>\n<meta property=\"og:video:height\" content=\"270\" \/>\n<meta property=\"ya:ovs:adult\" content=\"false\" \/>\n<meta property=\"ya:ovs:upload_date\" content=\"2020-03-21T13:58:37+00:00\" \/>\n<meta property=\"ya:ovs:allow_embed\" content=\"true\" \/>\n<meta property=\"product:price:amount\" content=\"81.00\" \/>\n<meta property=\"product:price:currency\" content=\"EUR\" \/>\n<meta property=\"og:availability\" content=\"instock\" \/>\n<meta property=\"product:availability\" content=\"instock\" \/>\n<meta property=\"product:retailer_item_id\" content=\"2D652\" \/>\n<meta property=\"product:condition\" content=\"new\" \/>\n<meta name=\"geo.placename\" content=\"Innsbruck\" \/>\n<meta name=\"geo.position\" content=\"47.264176340396226;11.380109057672346\" \/>\n<meta name=\"geo.region\" content=\"Austria\" \/>\n<!-- \/ Yoast SEO Premium plugin. -->","yoast_head_json":{"title":"Climbing Technology rollnlock Seilklemme | bolting.eu","description":"Climbing Technology rollnlock Seilklemme vom Kletterprofi aus Innsbruck Tirol kaufen \u2705 kostenloser Versand* \u2705 14 Tage R\u00fcckgaberecht \u2705 Co2 neutraler Versand","robots":{"index":"index","follow":"follow","max-snippet":"max-snippet:-1","max-image-preview":"max-image-preview:large","max-video-preview":"max-video-preview:-1"},"canonical":"https:\/\/bolting.eu\/en\/shop\/climbing-technology-rollnlock-seilklemme\/","og_locale":"en_US","og_type":"article","og_title":"Climbing Technology rollnlock Seilklemme","og_description":"Climbing Technology rollnlock Seilklemme vom Kletterprofi aus Innsbruck Tirol kaufen \u2705 kostenloser Versand* \u2705 14 Tage R\u00fcckgaberecht \u2705 Co2 neutraler Versand","og_url":"https:\/\/bolting.eu\/en\/shop\/climbing-technology-rollnlock-seilklemme\/","og_site_name":"bolting.eu","article_publisher":"https:\/\/www.facebook.com\/bolting.eu","article_modified_time":"2024-07-10T18:32:23+00:00","og_image":[{"width":700,"height":700,"url":"https:\/\/bolting.eu\/wp-content\/uploads\/2020\/03\/Climbing-Technology-rollnlock.jpg","type":"image\/jpeg"}],"twitter_card":"summary_large_image","twitter_misc":{"Price":"&euro;&nbsp;81,00","Availability":"In stock"},"schema":{"@context":"https:\/\/schema.org","@graph":[{"@type":["WebPage","ItemPage"],"@id":"https:\/\/bolting.eu\/en\/shop\/climbing-technology-rollnlock-seilklemme\/","url":"https:\/\/bolting.eu\/en\/shop\/climbing-technology-rollnlock-seilklemme\/","name":"Climbing Technology rollnlock Seilklemme | bolting.eu","isPartOf":{"@id":"https:\/\/bolting.eu\/en\/#website"},"primaryImageOfPage":{"@id":"https:\/\/bolting.eu\/en\/shop\/climbing-technology-rollnlock-seilklemme\/#primaryimage"},"image":{"@id":"https:\/\/bolting.eu\/en\/shop\/climbing-technology-rollnlock-seilklemme\/#primaryimage"},"thumbnailUrl":"https:\/\/bolting.eu\/wp-content\/uploads\/2020\/03\/Climbing-Technology-rollnlock.jpg","datePublished":"2020-03-21T13:58:37+00:00","dateModified":"2024-07-10T18:32:23+00:00","description":"Climbing Technology rollnlock Seilklemme vom Kletterprofi aus Innsbruck Tirol kaufen \u2705 kostenloser Versand* \u2705 14 Tage R\u00fcckgaberecht \u2705 Co2 neutraler Versand","breadcrumb":{"@id":"https:\/\/bolting.eu\/en\/shop\/climbing-technology-rollnlock-seilklemme\/#breadcrumb"},"inLanguage":"en-US","potentialAction":[{"@type":"ReadAction","target":["https:\/\/bolting.eu\/en\/shop\/climbing-technology-rollnlock-seilklemme\/"]}]},{"@type":"ImageObject","inLanguage":"en-US","@id":"https:\/\/bolting.eu\/en\/shop\/climbing-technology-rollnlock-seilklemme\/#primaryimage","url":"https:\/\/bolting.eu\/wp-content\/uploads\/2020\/03\/Climbing-Technology-rollnlock.jpg","contentUrl":"https:\/\/bolting.eu\/wp-content\/uploads\/2020\/03\/Climbing-Technology-rollnlock.jpg","width":700,"height":700,"caption":"Das Bild zeigt die orange Climbing Technology rollnlock Seilklemme. Sie steht aufrecht in Bildmitte und hat einen ge\u00f6ffneten Klemm-Mechanismus auf der rechten Seite."},{"@type":"BreadcrumbList","@id":"https:\/\/bolting.eu\/en\/shop\/climbing-technology-rollnlock-seilklemme\/#breadcrumb","itemListElement":[{"@type":"ListItem","position":1,"name":"Shop","item":"https:\/\/bolting.eu\/en\/shop\/"},{"@type":"ListItem","position":2,"name":"bolting products","item":"https:\/\/bolting.eu\/en\/produkt-kategorie\/bolting-products\/"},{"@type":"ListItem","position":3,"name":"Bolting accessories","item":"https:\/\/bolting.eu\/en\/produkt-kategorie\/bolting-accessories\/"},{"@type":"ListItem","position":4,"name":"Climbing Technology rollnlock Seilklemme"}]},{"@type":"WebSite","@id":"https:\/\/bolting.eu\/en\/#website","url":"https:\/\/bolting.eu\/en\/","name":"bolting.eu","description":"we make climbs happen","publisher":{"@id":"https:\/\/bolting.eu\/en\/#organization"},"potentialAction":[{"@type":"SearchAction","target":{"@type":"EntryPoint","urlTemplate":"https:\/\/bolting.eu\/en\/?s={search_term_string}"},"query-input":{"@type":"PropertyValueSpecification","valueRequired":true,"valueName":"search_term_string"}}],"inLanguage":"en-US"},{"@type":["Organization","Place","SportingGoodsStore"],"@id":"https:\/\/bolting.eu\/en\/#organization","name":"bolting.eu","url":"https:\/\/bolting.eu\/en\/","logo":{"@id":"https:\/\/bolting.eu\/en\/shop\/climbing-technology-rollnlock-seilklemme\/#local-main-organization-logo"},"image":{"@id":"https:\/\/bolting.eu\/en\/shop\/climbing-technology-rollnlock-seilklemme\/#local-main-organization-logo"},"sameAs":["https:\/\/www.facebook.com\/bolting.eu","https:\/\/www.instagram.com\/bolting.eu\/"],"address":{"@id":"https:\/\/bolting.eu\/en\/shop\/climbing-technology-rollnlock-seilklemme\/#local-main-place-address"},"geo":{"@type":"GeoCoordinates","latitude":"47.264176340396226","longitude":"11.380109057672346"},"telephone":["+43 699 19083372"],"openingHoursSpecification":[{"@type":"OpeningHoursSpecification","dayOfWeek":["Monday","Wednesday","Friday"],"opens":"14:00","closes":"18:00"},{"@type":"OpeningHoursSpecification","dayOfWeek":["Tuesday","Thursday","Saturday","Sunday"],"opens":"00:00","closes":"00:00"}],"email":"office@bolting.eu","vatID":"ATU59999728","priceRange":"$$","currenciesAccepted":"Euro"},{"@type":"PostalAddress","@id":"https:\/\/bolting.eu\/en\/shop\/climbing-technology-rollnlock-seilklemme\/#local-main-place-address","streetAddress":"Fischnalerstra\u00dfe 4","addressLocality":"Innsbruck","postalCode":"6020","addressRegion":"Tirol","addressCountry":"AT"},{"@type":"ImageObject","inLanguage":"en-US","@id":"https:\/\/bolting.eu\/en\/shop\/climbing-technology-rollnlock-seilklemme\/#local-main-organization-logo","url":"https:\/\/bolting.eu\/wp-content\/uploads\/2019\/09\/bolting-logo.png","contentUrl":"https:\/\/bolting.eu\/wp-content\/uploads\/2019\/09\/bolting-logo.png","width":400,"height":211,"caption":"bolting.eu"}]},"og_video":"https:\/\/www.youtube.com\/embed\/QjGGCTWCBDo","og_video_type":"text\/html","og_video_duration":"140","og_video_width":"480","og_video_height":"270","ya_ovs_adult":"false","ya_ovs_upload_date":"2020-03-21T13:58:37+00:00","ya_ovs_allow_embed":"true","product_price_amount":"81.00","product_price_currency":"EUR","og_availability":"instock","product_availability":"instock","product_retailer_item_id":"2D652","product_condition":"new","geo.placename":"Innsbruck","geo.position":{"lat":"47.264176340396226","long":"11.380109057672346"},"geo.region":"Austria"},"_links":{"self":[{"href":"https:\/\/bolting.eu\/en\/wp-json\/wp\/v2\/product\/2457","targetHints":{"allow":["GET"]}}],"collection":[{"href":"https:\/\/bolting.eu\/en\/wp-json\/wp\/v2\/product"}],"about":[{"href":"https:\/\/bolting.eu\/en\/wp-json\/wp\/v2\/types\/product"}],"replies":[{"embeddable":true,"href":"https:\/\/bolting.eu\/en\/wp-json\/wp\/v2\/comments?post=2457"}],"wp:featuredmedia":[{"embeddable":true,"href":"https:\/\/bolting.eu\/en\/wp-json\/wp\/v2\/media\/2458"}],"wp:attachment":[{"href":"https:\/\/bolting.eu\/en\/wp-json\/wp\/v2\/media?parent=2457"}],"wp:term":[{"taxonomy":"product_brand","embeddable":true,"href":"https:\/\/bolting.eu\/en\/wp-json\/wp\/v2\/product_brand?post=2457"},{"taxonomy":"product_cat","embeddable":true,"href":"https:\/\/bolting.eu\/en\/wp-json\/wp\/v2\/product_cat?post=2457"},{"taxonomy":"product_tag","embeddable":true,"href":"https:\/\/bolting.eu\/en\/wp-json\/wp\/v2\/product_tag?post=2457"}],"curies":[{"name":"wp","href":"https:\/\/api.w.org\/{rel}","templated":true}]}}