{"id":2409,"date":"2020-03-20T14:43:35","date_gmt":"2020-03-20T13:43:35","guid":{"rendered":"https:\/\/bolting.eu\/?post_type=product&#038;p=2409"},"modified":"2025-06-09T16:07:25","modified_gmt":"2025-06-09T14:07:25","slug":"friends-climbing-technology-anchor-cam","status":"publish","type":"product","link":"https:\/\/bolting.eu\/en\/shop\/friends-climbing-technology-anchor-cam\/","title":{"rendered":"Friends Climbing Technology Anchor Cam"},"content":{"rendered":"<p>Die Friends Climbing Technology Anchor Cam sind <strong>\u00e4u\u00dferst preiswerte Klemmger\u00e4te<\/strong>. Die Friends des italienischen Markenherstellers sind ein super Produkt f\u00fcr alle <strong>Einsteiger ins Alpin- und Trad Klettern<\/strong>. Denn die Bandbreite der Anchor Cams beinhaltet gleich 8 Gr\u00f6\u00dfen. Wer sich ein Set zulegt, findet damit f\u00fcr extrem viele Routen das Auslangen. Noch eine kleine Auswahl an <a href=\"https:\/\/bolting.eu\/produkt-kategorie\/felshaken-normalhaken\/\">Felshaken<\/a> und einen <a href=\"https:\/\/bolting.eu\/produkt-kategorie\/felshammer\/\">Felshammer<\/a> wie den <a href=\"https:\/\/bolting.eu\/climbing-technology\/\">Climbing Technology<\/a> <a href=\"https:\/\/bolting.eu\/shop\/kletterhammer-thunder-climbing-technology\/\">Thunder<\/a> und euch stehen viele alpine Wege offen!<\/p>\n<h3>Friends Climbing Technology Anchor Cam als Teil der Alpinausr\u00fcstung<\/h3>\n<p>Einordentliches Set an Friends geh\u00f6rt in jede Alpinausr\u00fcstung. Wer sich mit den g\u00fcnstigen Friends noch besser eindecken m\u00f6chte, sollte vielleicht die Gr\u00f6\u00dfen 3 bis 6 doppelt haben. Das bringt wesentlich mehr Flexibilit\u00e4t. Oder ihr schaut euch die Alternative &#8220;<a href=\"https:\/\/bolting.eu\/shop\/omega-pacific-link-cam\/\">Omega Pacific Link Cams<\/a>&#8221; an. Mit diesen Friends kann man ein bestehendes Set super erg\u00e4nzen. Vergesst auch nicht die passenden Expressschlingen oder einzelnen Karabiner dazu zu kaufen!<\/p>\n<p>Ihr wollt Euch hingegen noch kein ganzes Set kaufen? Dann empfehlen wir euch selbst einen kleinen Satz zusammen zu stellen. Unserer Erfahrung nach sind die sechs Gr\u00f6\u00dfen von 1 bis 6 recht praktisch. Sechs mittlere Anchor Cam Klemmger\u00e4te und ein ordentliches Klemmkeil Set sind eine gute Basis f\u00fcr Routen, die nicht zur G\u00e4nze selbe abgesichert werden m\u00fcssen.<\/p>\n<h3>Eigenschaften<\/h3>\n<p>Die Friends Climbing Technology haben folgende Features:<\/p>\n<ul>\n<li>Hersteller: <a href=\"https:\/\/bolting.eu\/climbing-technology\/\">Climbing Technology<\/a><\/li>\n<li>Bauweise: einachsiger, klassischer Friend<\/li>\n<li>Rissbreiten: 15mm bis 132mm<\/li>\n<li>gute Ergonomie<\/li>\n<li>14mm Dyneema Schlinge<\/li>\n<li>hei\u00df geschmiedete Klemmsegmente aus Aluminium<\/li>\n<li>Gewicht: 95 Gramm bis 283 Gramm; Set = 1,28 kg<\/li>\n<\/ul>\n<p>&nbsp;<\/p>\n<h3>\u00dcbersichtstabelle Friends Climbing Technology<\/h3>\n<table>\n<tbody>\n<tr>\n<th>Gr\u00f6\u00dfe<\/th>\n<th>Ref. N.<\/th>\n<th>Farbe<\/th>\n<th><img decoding=\"async\" src=\"https:\/\/www.climbingtechnology.com\/wp-content\/uploads\/2019\/07\/cam-min.png\" alt=\"\" \/><\/th>\n<th><img decoding=\"async\" src=\"https:\/\/www.climbingtechnology.com\/wp-content\/uploads\/2019\/07\/cam-max.png\" alt=\"\" \/><\/th>\n<th>&lt; kN &gt;<\/th>\n<th>Gewicht<\/th>\n<\/tr>\n<tr>\n<td style=\"text-align: center;\">Gr\u00f6\u00dfe 1<\/td>\n<td style=\"text-align: center;\">2A84401<\/td>\n<td style=\"text-align: center;\">Schwarz<\/td>\n<td style=\"text-align: center;\">15 mm<\/td>\n<td style=\"text-align: center;\">24 mm<\/td>\n<td style=\"text-align: center;\">8 kN<\/td>\n<td style=\"text-align: center;\">95 g<\/td>\n<\/tr>\n<tr>\n<td style=\"text-align: center;\">Gr\u00f6\u00dfe 2<\/td>\n<td style=\"text-align: center;\">2A84402<\/td>\n<td style=\"text-align: center;\">Grau<\/td>\n<td style=\"text-align: center;\">20 mm<\/td>\n<td style=\"text-align: center;\">29 mm<\/td>\n<td style=\"text-align: center;\">12 kN<\/td>\n<td style=\"text-align: center;\">109 g<\/td>\n<\/tr>\n<tr>\n<td style=\"text-align: center;\">Gr\u00f6\u00dfe 3<\/td>\n<td style=\"text-align: center;\">2A84403<\/td>\n<td style=\"text-align: center;\">Gold<\/td>\n<td style=\"text-align: center;\">27\u00a0mm<\/td>\n<td style=\"text-align: center;\">42\u00a0mm<\/td>\n<td style=\"text-align: center;\">15 kN<\/td>\n<td style=\"text-align: center;\">119 g<\/td>\n<\/tr>\n<tr>\n<td style=\"text-align: center;\">Gr\u00f6\u00dfe 4<\/td>\n<td style=\"text-align: center;\">2A84404<\/td>\n<td style=\"text-align: center;\">Gr\u00fcn<\/td>\n<td style=\"text-align: center;\">34\u00a0mm<\/td>\n<td style=\"text-align: center;\">55\u00a0mm<\/td>\n<td style=\"text-align: center;\">15\u00a0kN<\/td>\n<td style=\"text-align: center;\">130 g<\/td>\n<\/tr>\n<tr>\n<td style=\"text-align: center;\">Gr\u00f6\u00dfe 5<\/td>\n<td style=\"text-align: center;\">2A84405<\/td>\n<td style=\"text-align: center;\">Blau<\/td>\n<td style=\"text-align: center;\">43\u00a0mm<\/td>\n<td style=\"text-align: center;\">58\u00a0mm<\/td>\n<td style=\"text-align: center;\">15\u00a0kN<\/td>\n<td style=\"text-align: center;\">146\u00a0g<\/td>\n<\/tr>\n<tr>\n<td style=\"text-align: center;\">Gr\u00f6\u00dfe 6<\/td>\n<td style=\"text-align: center;\">2A84406<\/td>\n<td style=\"text-align: center;\">Orange<\/td>\n<td style=\"text-align: center;\">53\u00a0mm<\/td>\n<td style=\"text-align: center;\">86\u00a0mm<\/td>\n<td style=\"text-align: center;\">15\u00a0kN<\/td>\n<td style=\"text-align: center;\">191\u00a0g<\/td>\n<\/tr>\n<tr>\n<td style=\"text-align: center;\">Gr\u00f6\u00dfe 7<\/td>\n<td style=\"text-align: center;\">2A84407<\/td>\n<td style=\"text-align: center;\">Titan<\/td>\n<td style=\"text-align: center;\">59\u00a0mm<\/td>\n<td style=\"text-align: center;\">99\u00a0mm<\/td>\n<td style=\"text-align: center;\">14 kN<\/td>\n<td style=\"text-align: center;\">207\u00a0g<\/td>\n<\/tr>\n<tr>\n<td style=\"text-align: center;\">Gr\u00f6\u00dfe 8<\/td>\n<td style=\"text-align: center;\">2A84408<\/td>\n<td style=\"text-align: center;\">Rot<\/td>\n<td style=\"text-align: center;\">77\u00a0mm<\/td>\n<td style=\"text-align: center;\">132\u00a0mm<\/td>\n<td style=\"text-align: center;\">12 kN<\/td>\n<td style=\"text-align: center;\">283\u00a0g<\/td>\n<\/tr>\n<tr>\n<td style=\"text-align: center;\">SET 1 \u00f7 8<\/td>\n<td style=\"text-align: center;\">2A84499<\/td>\n<td style=\"text-align: center;\" colspan=\"4\">kompletten Set (1 \u00f7 8)<\/td>\n<td style=\"text-align: center;\">1280\u00a0g<\/td>\n<\/tr>\n<tr>\n<td style=\"text-align: center;\">\u00a0SET 1 \u00f75<\/td>\n<td style=\"text-align: center;\">2A844150<\/td>\n<td style=\"text-align: center;\" colspan=\"4\">Set nur die kleinen\u00a0Gr\u00f6\u00dfen (1 \u00f7 5)<\/td>\n<td style=\"text-align: center;\">599\u00a0g<\/td>\n<\/tr>\n<tr>\n<td style=\"text-align: center;\">SET 5 \u00f7 8<\/td>\n<td style=\"text-align: center;\">2A844580<\/td>\n<td style=\"text-align: center;\" colspan=\"4\">Set nur die mittleren Gr\u00f6\u00dfen (5 \u00f7 8)<\/td>\n<td style=\"text-align: center;\">827\u00a0g<\/td>\n<\/tr>\n<\/tbody>\n<\/table>\n<p>&nbsp;<\/p>\n<h3>Wartung<\/h3>\n<p>Eure Friends Climbing Technology solltet ihr regelm\u00e4\u00dfig warten. Reinigt deshalb Eure Klemmger\u00e4te regelm\u00e4\u00dfig und sorgsam. Erstens mit lauwarmen Wasser abwaschen. Zweitens den Schmutz durch \u201eAufschlagen\u201c in der Hand herausl\u00f6sen. Drittens an der Luft trocknen lassen. Viertens den Anchor Cam mit einem <a href=\"https:\/\/bolting.eu\/shop\/kong-kletterausruestung-pflegeoel\/\">Karabiner Pflege\u00f6l<\/a> einschmieren. So gleiten die Klemmsegmente reibungslos und die Federn bleiben geschmeidigt.<\/p>\n<p><strong>Link Tipp:<\/strong> Ihr k\u00f6nnt Eure neuen Klemmger\u00e4te gleich mal ausprobieren, wie z.B. beim <a href=\"https:\/\/maltatal.rocks\/trad-klettern-im-maltatal\/\" target=\"_blank\" rel=\"noopener noreferrer\">Trad Klettern im Maltatal!<\/a><\/p>\n","protected":false},"excerpt":{"rendered":"<ul>\n<li>Hersteller: <a href=\"https:\/\/bolting.eu\/climbing-technology\/\">Climbing Technology<\/a><\/li>\n<li>Bauweise: einachsiger, klassischer Friend<\/li>\n<li>Rissbreiten: 15mm bis 132mm<\/li>\n<li>gute Ergonomie<\/li>\n<li>14mm Dyneema Schlinge<\/li>\n<li>hei\u00df geschmiedete Klemmsegmente aus Aluminium<\/li>\n<li>Gewicht: 95 Gramm bis 283 Gramm; Set = 1,28 kg<\/li>\n<\/ul>\n","protected":false},"featured_media":2429,"comment_status":"closed","ping_status":"closed","template":"","meta":[],"product_brand":[],"product_cat":[4662,39,29,14319],"product_tag":[262,265],"class_list":{"0":"post-2409","1":"product","2":"type-product","3":"status-publish","4":"has-post-thumbnail","6":"product_cat-climbing-technology","7":"product_cat-klemmgeraete-friends","8":"product_cat-kletterausruestung","9":"product_cat-sale-klettern","10":"product_tag-alpinklettern","11":"product_tag-big-wall-klettern","13":"first","14":"instock","15":"sale","16":"taxable","17":"shipping-taxable","18":"purchasable","19":"product-type-variable"},"yoast_head":"<!-- This site is optimized with the Yoast SEO Premium plugin v26.9 (Yoast SEO v26.9) - https:\/\/yoast.com\/product\/yoast-seo-premium-wordpress\/ -->\n<title>Friends Climbing Technology Anchor Cam: jetzt online kaufen | bolting.eu<\/title>\n<meta name=\"description\" content=\"Hier findet ihr die Friends Climbing Technology - Anchor Cam. G\u00fcnstige Klemmger\u00e4te made in Italy mit 8 verschiedenen Gr\u00f6\u00dfen. Ideal f\u00fcr alpine Einsteiger!\" \/>\n<meta name=\"robots\" content=\"index, follow, max-snippet:-1, max-image-preview:large, max-video-preview:-1\" \/>\n<link rel=\"canonical\" href=\"https:\/\/bolting.eu\/en\/shop\/friends-climbing-technology-anchor-cam\/\" \/>\n<meta property=\"og:locale\" content=\"en_US\" \/>\n<meta property=\"og:type\" content=\"article\" \/>\n<meta property=\"og:title\" content=\"Friends Climbing Technology Anchor Cam\" \/>\n<meta property=\"og:description\" content=\"Hier findet ihr die Friends Climbing Technology - Anchor Cam. G\u00fcnstige Klemmger\u00e4te made in Italy mit 8 verschiedenen Gr\u00f6\u00dfen. Ideal f\u00fcr alpine Einsteiger!\" \/>\n<meta property=\"og:url\" content=\"https:\/\/bolting.eu\/en\/shop\/friends-climbing-technology-anchor-cam\/\" \/>\n<meta property=\"og:site_name\" content=\"bolting.eu\" \/>\n<meta property=\"article:publisher\" content=\"https:\/\/www.facebook.com\/bolting.eu\" \/>\n<meta property=\"article:modified_time\" content=\"2025-06-09T14:07:25+00:00\" \/>\n<meta property=\"og:image\" content=\"https:\/\/bolting.eu\/wp-content\/uploads\/2020\/03\/Friends-Climbing-Technology-Anchor-Cam-Set.jpg\" \/>\n\t<meta property=\"og:image:width\" content=\"700\" \/>\n\t<meta property=\"og:image:height\" content=\"700\" \/>\n\t<meta property=\"og:image:type\" content=\"image\/jpeg\" \/>\n<meta name=\"twitter:card\" content=\"summary_large_image\" \/>\n<meta name=\"twitter:label1\" content=\"Availability\" \/>\n\t<meta name=\"twitter:data1\" content=\"In stock\" \/>\n<script type=\"application\/ld+json\" class=\"yoast-schema-graph\">{\"@context\":\"https:\/\/schema.org\",\"@graph\":[{\"@type\":[\"WebPage\",\"ItemPage\"],\"@id\":\"https:\/\/bolting.eu\/en\/shop\/friends-climbing-technology-anchor-cam\/\",\"url\":\"https:\/\/bolting.eu\/en\/shop\/friends-climbing-technology-anchor-cam\/\",\"name\":\"Friends Climbing Technology Anchor Cam: jetzt online kaufen | bolting.eu\",\"isPartOf\":{\"@id\":\"https:\/\/bolting.eu\/en\/#website\"},\"primaryImageOfPage\":{\"@id\":\"https:\/\/bolting.eu\/en\/shop\/friends-climbing-technology-anchor-cam\/#primaryimage\"},\"image\":{\"@id\":\"https:\/\/bolting.eu\/en\/shop\/friends-climbing-technology-anchor-cam\/#primaryimage\"},\"thumbnailUrl\":\"https:\/\/bolting.eu\/wp-content\/uploads\/2020\/03\/Friends-Climbing-Technology-Anchor-Cam-Set.jpg\",\"datePublished\":\"2020-03-20T13:43:35+00:00\",\"dateModified\":\"2025-06-09T14:07:25+00:00\",\"description\":\"Hier findet ihr die Friends Climbing Technology - Anchor Cam. G\u00fcnstige Klemmger\u00e4te made in Italy mit 8 verschiedenen Gr\u00f6\u00dfen. Ideal f\u00fcr alpine Einsteiger!\",\"breadcrumb\":{\"@id\":\"https:\/\/bolting.eu\/en\/shop\/friends-climbing-technology-anchor-cam\/#breadcrumb\"},\"inLanguage\":\"en-US\",\"potentialAction\":[{\"@type\":\"ReadAction\",\"target\":[\"https:\/\/bolting.eu\/en\/shop\/friends-climbing-technology-anchor-cam\/\"]}]},{\"@type\":\"ImageObject\",\"inLanguage\":\"en-US\",\"@id\":\"https:\/\/bolting.eu\/en\/shop\/friends-climbing-technology-anchor-cam\/#primaryimage\",\"url\":\"https:\/\/bolting.eu\/wp-content\/uploads\/2020\/03\/Friends-Climbing-Technology-Anchor-Cam-Set.jpg\",\"contentUrl\":\"https:\/\/bolting.eu\/wp-content\/uploads\/2020\/03\/Friends-Climbing-Technology-Anchor-Cam-Set.jpg\",\"width\":700,\"height\":700,\"caption\":\"Das Bild zeigt ein Set Friends Climbing Technology Anchor Cam. Die Klemmger\u00e4te liegen f\u00e4cherf\u00f6rmig in Mitte eines wei\u00dfen Quadrates. Von links nach rechts werden sie immer kleiner.\"},{\"@type\":\"BreadcrumbList\",\"@id\":\"https:\/\/bolting.eu\/en\/shop\/friends-climbing-technology-anchor-cam\/#breadcrumb\",\"itemListElement\":[{\"@type\":\"ListItem\",\"position\":1,\"name\":\"Shop\",\"item\":\"https:\/\/bolting.eu\/en\/shop\/\"},{\"@type\":\"ListItem\",\"position\":2,\"name\":\"climbing equipment\",\"item\":\"https:\/\/bolting.eu\/en\/produkt-kategorie\/climbing-equipment\/\"},{\"@type\":\"ListItem\",\"position\":3,\"name\":\"Klemmger\u00e4te - Friends\",\"item\":\"https:\/\/bolting.eu\/produkt-kategorie\/kletterausruestung\/klemmgeraete-friends\/\"},{\"@type\":\"ListItem\",\"position\":4,\"name\":\"Friends Climbing Technology Anchor Cam\"}]},{\"@type\":\"WebSite\",\"@id\":\"https:\/\/bolting.eu\/en\/#website\",\"url\":\"https:\/\/bolting.eu\/en\/\",\"name\":\"bolting.eu\",\"description\":\"we make climbs happen\",\"publisher\":{\"@id\":\"https:\/\/bolting.eu\/en\/#organization\"},\"potentialAction\":[{\"@type\":\"SearchAction\",\"target\":{\"@type\":\"EntryPoint\",\"urlTemplate\":\"https:\/\/bolting.eu\/en\/?s={search_term_string}\"},\"query-input\":{\"@type\":\"PropertyValueSpecification\",\"valueRequired\":true,\"valueName\":\"search_term_string\"}}],\"inLanguage\":\"en-US\"},{\"@type\":[\"Organization\",\"Place\",\"SportingGoodsStore\"],\"@id\":\"https:\/\/bolting.eu\/en\/#organization\",\"name\":\"bolting.eu\",\"url\":\"https:\/\/bolting.eu\/en\/\",\"logo\":{\"@id\":\"https:\/\/bolting.eu\/en\/shop\/friends-climbing-technology-anchor-cam\/#local-main-organization-logo\"},\"image\":{\"@id\":\"https:\/\/bolting.eu\/en\/shop\/friends-climbing-technology-anchor-cam\/#local-main-organization-logo\"},\"sameAs\":[\"https:\/\/www.facebook.com\/bolting.eu\",\"https:\/\/www.instagram.com\/bolting.eu\/\"],\"address\":{\"@id\":\"https:\/\/bolting.eu\/en\/shop\/friends-climbing-technology-anchor-cam\/#local-main-place-address\"},\"geo\":{\"@type\":\"GeoCoordinates\",\"latitude\":\"47.264176340396226\",\"longitude\":\"11.380109057672346\"},\"telephone\":[\"+43 699 19083372\"],\"openingHoursSpecification\":[{\"@type\":\"OpeningHoursSpecification\",\"dayOfWeek\":[\"Monday\",\"Wednesday\",\"Friday\"],\"opens\":\"14:00\",\"closes\":\"18:00\"},{\"@type\":\"OpeningHoursSpecification\",\"dayOfWeek\":[\"Tuesday\",\"Thursday\",\"Saturday\",\"Sunday\"],\"opens\":\"00:00\",\"closes\":\"00:00\"}],\"email\":\"office@bolting.eu\",\"vatID\":\"ATU59999728\",\"priceRange\":\"$$\",\"currenciesAccepted\":\"Euro\"},{\"@type\":\"PostalAddress\",\"@id\":\"https:\/\/bolting.eu\/en\/shop\/friends-climbing-technology-anchor-cam\/#local-main-place-address\",\"streetAddress\":\"Fischnalerstra\u00dfe 4\",\"addressLocality\":\"Innsbruck\",\"postalCode\":\"6020\",\"addressRegion\":\"Tirol\",\"addressCountry\":\"AT\"},{\"@type\":\"ImageObject\",\"inLanguage\":\"en-US\",\"@id\":\"https:\/\/bolting.eu\/en\/shop\/friends-climbing-technology-anchor-cam\/#local-main-organization-logo\",\"url\":\"https:\/\/bolting.eu\/wp-content\/uploads\/2019\/09\/bolting-logo.png\",\"contentUrl\":\"https:\/\/bolting.eu\/wp-content\/uploads\/2019\/09\/bolting-logo.png\",\"width\":400,\"height\":211,\"caption\":\"bolting.eu\"}]}<\/script>\n<meta property=\"og:availability\" content=\"instock\" \/>\n<meta property=\"product:availability\" content=\"instock\" \/>\n<meta property=\"product:condition\" content=\"new\" \/>\n<meta name=\"geo.placename\" content=\"Innsbruck\" \/>\n<meta name=\"geo.position\" content=\"47.264176340396226;11.380109057672346\" \/>\n<meta name=\"geo.region\" content=\"Austria\" \/>\n<!-- \/ Yoast SEO Premium plugin. -->","yoast_head_json":{"title":"Friends Climbing Technology Anchor Cam: jetzt online kaufen | bolting.eu","description":"Hier findet ihr die Friends Climbing Technology - Anchor Cam. G\u00fcnstige Klemmger\u00e4te made in Italy mit 8 verschiedenen Gr\u00f6\u00dfen. Ideal f\u00fcr alpine Einsteiger!","robots":{"index":"index","follow":"follow","max-snippet":"max-snippet:-1","max-image-preview":"max-image-preview:large","max-video-preview":"max-video-preview:-1"},"canonical":"https:\/\/bolting.eu\/en\/shop\/friends-climbing-technology-anchor-cam\/","og_locale":"en_US","og_type":"article","og_title":"Friends Climbing Technology Anchor Cam","og_description":"Hier findet ihr die Friends Climbing Technology - Anchor Cam. G\u00fcnstige Klemmger\u00e4te made in Italy mit 8 verschiedenen Gr\u00f6\u00dfen. Ideal f\u00fcr alpine Einsteiger!","og_url":"https:\/\/bolting.eu\/en\/shop\/friends-climbing-technology-anchor-cam\/","og_site_name":"bolting.eu","article_publisher":"https:\/\/www.facebook.com\/bolting.eu","article_modified_time":"2025-06-09T14:07:25+00:00","og_image":[{"width":700,"height":700,"url":"https:\/\/bolting.eu\/wp-content\/uploads\/2020\/03\/Friends-Climbing-Technology-Anchor-Cam-Set.jpg","type":"image\/jpeg"}],"twitter_card":"summary_large_image","twitter_misc":{"Availability":"In stock"},"schema":{"@context":"https:\/\/schema.org","@graph":[{"@type":["WebPage","ItemPage"],"@id":"https:\/\/bolting.eu\/en\/shop\/friends-climbing-technology-anchor-cam\/","url":"https:\/\/bolting.eu\/en\/shop\/friends-climbing-technology-anchor-cam\/","name":"Friends Climbing Technology Anchor Cam: jetzt online kaufen | bolting.eu","isPartOf":{"@id":"https:\/\/bolting.eu\/en\/#website"},"primaryImageOfPage":{"@id":"https:\/\/bolting.eu\/en\/shop\/friends-climbing-technology-anchor-cam\/#primaryimage"},"image":{"@id":"https:\/\/bolting.eu\/en\/shop\/friends-climbing-technology-anchor-cam\/#primaryimage"},"thumbnailUrl":"https:\/\/bolting.eu\/wp-content\/uploads\/2020\/03\/Friends-Climbing-Technology-Anchor-Cam-Set.jpg","datePublished":"2020-03-20T13:43:35+00:00","dateModified":"2025-06-09T14:07:25+00:00","description":"Hier findet ihr die Friends Climbing Technology - Anchor Cam. G\u00fcnstige Klemmger\u00e4te made in Italy mit 8 verschiedenen Gr\u00f6\u00dfen. Ideal f\u00fcr alpine Einsteiger!","breadcrumb":{"@id":"https:\/\/bolting.eu\/en\/shop\/friends-climbing-technology-anchor-cam\/#breadcrumb"},"inLanguage":"en-US","potentialAction":[{"@type":"ReadAction","target":["https:\/\/bolting.eu\/en\/shop\/friends-climbing-technology-anchor-cam\/"]}]},{"@type":"ImageObject","inLanguage":"en-US","@id":"https:\/\/bolting.eu\/en\/shop\/friends-climbing-technology-anchor-cam\/#primaryimage","url":"https:\/\/bolting.eu\/wp-content\/uploads\/2020\/03\/Friends-Climbing-Technology-Anchor-Cam-Set.jpg","contentUrl":"https:\/\/bolting.eu\/wp-content\/uploads\/2020\/03\/Friends-Climbing-Technology-Anchor-Cam-Set.jpg","width":700,"height":700,"caption":"Das Bild zeigt ein Set Friends Climbing Technology Anchor Cam. Die Klemmger\u00e4te liegen f\u00e4cherf\u00f6rmig in Mitte eines wei\u00dfen Quadrates. Von links nach rechts werden sie immer kleiner."},{"@type":"BreadcrumbList","@id":"https:\/\/bolting.eu\/en\/shop\/friends-climbing-technology-anchor-cam\/#breadcrumb","itemListElement":[{"@type":"ListItem","position":1,"name":"Shop","item":"https:\/\/bolting.eu\/en\/shop\/"},{"@type":"ListItem","position":2,"name":"climbing equipment","item":"https:\/\/bolting.eu\/en\/produkt-kategorie\/climbing-equipment\/"},{"@type":"ListItem","position":3,"name":"Klemmger\u00e4te - Friends","item":"https:\/\/bolting.eu\/produkt-kategorie\/kletterausruestung\/klemmgeraete-friends\/"},{"@type":"ListItem","position":4,"name":"Friends Climbing Technology Anchor Cam"}]},{"@type":"WebSite","@id":"https:\/\/bolting.eu\/en\/#website","url":"https:\/\/bolting.eu\/en\/","name":"bolting.eu","description":"we make climbs happen","publisher":{"@id":"https:\/\/bolting.eu\/en\/#organization"},"potentialAction":[{"@type":"SearchAction","target":{"@type":"EntryPoint","urlTemplate":"https:\/\/bolting.eu\/en\/?s={search_term_string}"},"query-input":{"@type":"PropertyValueSpecification","valueRequired":true,"valueName":"search_term_string"}}],"inLanguage":"en-US"},{"@type":["Organization","Place","SportingGoodsStore"],"@id":"https:\/\/bolting.eu\/en\/#organization","name":"bolting.eu","url":"https:\/\/bolting.eu\/en\/","logo":{"@id":"https:\/\/bolting.eu\/en\/shop\/friends-climbing-technology-anchor-cam\/#local-main-organization-logo"},"image":{"@id":"https:\/\/bolting.eu\/en\/shop\/friends-climbing-technology-anchor-cam\/#local-main-organization-logo"},"sameAs":["https:\/\/www.facebook.com\/bolting.eu","https:\/\/www.instagram.com\/bolting.eu\/"],"address":{"@id":"https:\/\/bolting.eu\/en\/shop\/friends-climbing-technology-anchor-cam\/#local-main-place-address"},"geo":{"@type":"GeoCoordinates","latitude":"47.264176340396226","longitude":"11.380109057672346"},"telephone":["+43 699 19083372"],"openingHoursSpecification":[{"@type":"OpeningHoursSpecification","dayOfWeek":["Monday","Wednesday","Friday"],"opens":"14:00","closes":"18:00"},{"@type":"OpeningHoursSpecification","dayOfWeek":["Tuesday","Thursday","Saturday","Sunday"],"opens":"00:00","closes":"00:00"}],"email":"office@bolting.eu","vatID":"ATU59999728","priceRange":"$$","currenciesAccepted":"Euro"},{"@type":"PostalAddress","@id":"https:\/\/bolting.eu\/en\/shop\/friends-climbing-technology-anchor-cam\/#local-main-place-address","streetAddress":"Fischnalerstra\u00dfe 4","addressLocality":"Innsbruck","postalCode":"6020","addressRegion":"Tirol","addressCountry":"AT"},{"@type":"ImageObject","inLanguage":"en-US","@id":"https:\/\/bolting.eu\/en\/shop\/friends-climbing-technology-anchor-cam\/#local-main-organization-logo","url":"https:\/\/bolting.eu\/wp-content\/uploads\/2019\/09\/bolting-logo.png","contentUrl":"https:\/\/bolting.eu\/wp-content\/uploads\/2019\/09\/bolting-logo.png","width":400,"height":211,"caption":"bolting.eu"}]},"og_availability":"instock","product_availability":"instock","product_condition":"new","geo.placename":"Innsbruck","geo.position":{"lat":"47.264176340396226","long":"11.380109057672346"},"geo.region":"Austria"},"_links":{"self":[{"href":"https:\/\/bolting.eu\/en\/wp-json\/wp\/v2\/product\/2409","targetHints":{"allow":["GET"]}}],"collection":[{"href":"https:\/\/bolting.eu\/en\/wp-json\/wp\/v2\/product"}],"about":[{"href":"https:\/\/bolting.eu\/en\/wp-json\/wp\/v2\/types\/product"}],"replies":[{"embeddable":true,"href":"https:\/\/bolting.eu\/en\/wp-json\/wp\/v2\/comments?post=2409"}],"wp:featuredmedia":[{"embeddable":true,"href":"https:\/\/bolting.eu\/en\/wp-json\/wp\/v2\/media\/2429"}],"wp:attachment":[{"href":"https:\/\/bolting.eu\/en\/wp-json\/wp\/v2\/media?parent=2409"}],"wp:term":[{"taxonomy":"product_brand","embeddable":true,"href":"https:\/\/bolting.eu\/en\/wp-json\/wp\/v2\/product_brand?post=2409"},{"taxonomy":"product_cat","embeddable":true,"href":"https:\/\/bolting.eu\/en\/wp-json\/wp\/v2\/product_cat?post=2409"},{"taxonomy":"product_tag","embeddable":true,"href":"https:\/\/bolting.eu\/en\/wp-json\/wp\/v2\/product_tag?post=2409"}],"curies":[{"name":"wp","href":"https:\/\/api.w.org\/{rel}","templated":true}]}}