{"id":2384,"date":"2020-03-20T14:15:04","date_gmt":"2020-03-20T13:15:04","guid":{"rendered":"https:\/\/bolting.eu\/?post_type=product&#038;p=2384"},"modified":"2023-06-12T17:59:31","modified_gmt":"2023-06-12T15:59:31","slug":"friends-lacd-lunatic-cams","status":"publish","type":"product","link":"https:\/\/bolting.eu\/en\/shop\/friends-lacd-lunatic-cams\/","title":{"rendered":"Friends LACD &#8211; Lunatic Cams"},"content":{"rendered":"<p>Die Friends LACD -Lunatic Cams sind <strong>\u00e4u\u00dferst preiswerte Klemmger\u00e4te<\/strong>. Die Friends des deutschen Markenherstellers sind ein super Produkt f\u00fcr alle <strong>Einsteiger ins Alpin- und Trad Klettern<\/strong>. Denn die Bandbreite der Lunatic Cams beinhaltet gleich 10 Gr\u00f6\u00dfen. Wer sich ein Set zulegt, findet damit f\u00fcr extrem viele Routen das Auslangen. Noch eine kleine Auswahl an <a href=\"https:\/\/bolting.eu\/produkt-kategorie\/felshaken-normalhaken\/\">Felshaken<\/a> und einen <a href=\"https:\/\/bolting.eu\/produkt-kategorie\/felshammer\/\">Felshammer<\/a> wie den <a href=\"https:\/\/bolting.eu\/climbing-technology\/\">Climbing Technology<\/a> <a href=\"https:\/\/bolting.eu\/shop\/kletterhammer-thunder-climbing-technology\/\">Thunder<\/a> und euch stehen viele alpine Wege offen!<\/p>\n<h3>Friends LACD &#8211; Lunatic Cams als Teil der Alpinausr\u00fcstung<\/h3>\n<p>Einordentliches Set an Friends geh\u00f6rt in jede Alpinausr\u00fcstung. Wer sich mit den g\u00fcnstigen Friends noch besser eindecken m\u00f6chte, sollte vielleicht die Gr\u00f6\u00dfen 2 bis 3,5 doppelt haben. Das bringt wesentlich mehr Flexibilit\u00e4t. Oder ihr schaut euch die Alternative &#8220;<a href=\"https:\/\/bolting.eu\/shop\/omega-pacific-link-cam\/\">Omega Pacific Link Cams<\/a>&#8221; an. Mit diesen Friends kann man ein bestehendes Set super erg\u00e4nzen. Vergesst auch nicht die passenden Expressschlingen oder einzelnen Karabiner dazu zu kaufen!<\/p>\n<p>Ihr wollt Euch hingegen noch kein ganzes Set kaufen? Dann empfehlen wir euch selbst einen kleinen Satz zusammen zu stellen. Unserer Erfahrung nach sind die sechs Gr\u00f6\u00dfen von 1,5 bis 4 recht praktisch. Sechs mittlere Cams und ein ordentliches Klemmkeil Set sind eine gute Basis f\u00fcr Routen, die nicht zur G\u00e4nze selbe abgesichert werden m\u00fcssen.<\/p>\n<h3>Eigenschaften<\/h3>\n<p>Die Friends LACD &#8211; Lunatic Cams haben folgende Features:<\/p>\n<ul>\n<li>Hersteller: LACD<\/li>\n<li>Bauweise: einachsiger, klassischer Friend<\/li>\n<li>Rissbreiten: 15mm bis 130mm<\/li>\n<li>gute Ergonomie<\/li>\n<li>14mm Dyneema Schlinge<\/li>\n<li>Klemmsegmente und Steg aus Aluminium<\/li>\n<li>Gewicht: 86 Gramm bis 248 Gramm; Set = 1,36 kg<\/li>\n<\/ul>\n<p>&nbsp;<\/p>\n<h3>Gr\u00f6\u00dfentabelle Friends LACD -Lunatic Cams<\/h3>\n<table width=\"626\">\n<tbody>\n<tr>\n<td style=\"text-align: center;\" rowspan=\"2\" width=\"87\"><strong>Gr\u00f6\u00dfe<\/strong><\/td>\n<td style=\"text-align: center;\" rowspan=\"2\" width=\"87\"><strong>Farbe<\/strong><\/td>\n<td style=\"text-align: center;\" width=\"87\"><strong>Gewicht<\/strong><\/td>\n<td style=\"text-align: center;\" width=\"97\"><strong>Bruchlast<\/strong><\/td>\n<td style=\"text-align: center;\" colspan=\"2\" width=\"268\"><strong>Rissbreite<\/strong><\/td>\n<\/tr>\n<tr>\n<td style=\"text-align: center;\"><strong>Gramm<\/strong><\/td>\n<td style=\"text-align: center;\"><strong>kN<\/strong><\/td>\n<td style=\"text-align: center;\"><strong>min.<\/strong><\/td>\n<td style=\"text-align: center;\"><strong>max.<\/strong><\/td>\n<\/tr>\n<tr>\n<td style=\"text-align: center;\">0,5<\/td>\n<td style=\"text-align: center;\">red<\/td>\n<td style=\"text-align: center;\">86<\/td>\n<td style=\"text-align: center;\">7<\/td>\n<td style=\"text-align: center;\">15<\/td>\n<td style=\"text-align: center;\">19<\/td>\n<\/tr>\n<tr>\n<td style=\"text-align: center;\">1<\/td>\n<td style=\"text-align: center;\">orange<\/td>\n<td style=\"text-align: center;\">90<\/td>\n<td style=\"text-align: center;\">7<\/td>\n<td style=\"text-align: center;\">17<\/td>\n<td style=\"text-align: center;\">22<\/td>\n<\/tr>\n<tr>\n<td style=\"text-align: center;\">1,5<\/td>\n<td style=\"text-align: center;\">yellow<\/td>\n<td style=\"text-align: center;\">92<\/td>\n<td style=\"text-align: center;\">7<\/td>\n<td style=\"text-align: center;\">19<\/td>\n<td style=\"text-align: center;\">28<\/td>\n<\/tr>\n<tr>\n<td style=\"text-align: center;\">2<\/td>\n<td style=\"text-align: center;\">blue<\/td>\n<td style=\"text-align: center;\">98<\/td>\n<td style=\"text-align: center;\">7<\/td>\n<td style=\"text-align: center;\">25<\/td>\n<td style=\"text-align: center;\">34<\/td>\n<\/tr>\n<tr>\n<td style=\"text-align: center;\">2,5<\/td>\n<td style=\"text-align: center;\">black<\/td>\n<td style=\"text-align: center;\">110<\/td>\n<td style=\"text-align: center;\">9<\/td>\n<td style=\"text-align: center;\">30<\/td>\n<td style=\"text-align: center;\">41<\/td>\n<\/tr>\n<tr>\n<td style=\"text-align: center;\">3<\/td>\n<td style=\"text-align: center;\">red<\/td>\n<td style=\"text-align: center;\">132<\/td>\n<td style=\"text-align: center;\">9<\/td>\n<td style=\"text-align: center;\">39<\/td>\n<td style=\"text-align: center;\">54<\/td>\n<\/tr>\n<tr>\n<td style=\"text-align: center;\">3,5<\/td>\n<td style=\"text-align: center;\">orange<\/td>\n<td style=\"text-align: center;\">146<\/td>\n<td style=\"text-align: center;\">12<\/td>\n<td style=\"text-align: center;\">48<\/td>\n<td style=\"text-align: center;\">67<\/td>\n<\/tr>\n<tr>\n<td style=\"text-align: center;\">4<\/td>\n<td style=\"text-align: center;\">yellow<\/td>\n<td style=\"text-align: center;\">166<\/td>\n<td style=\"text-align: center;\">12<\/td>\n<td style=\"text-align: center;\">56<\/td>\n<td style=\"text-align: center;\">85<\/td>\n<\/tr>\n<tr>\n<td style=\"text-align: center;\">4,5<\/td>\n<td style=\"text-align: center;\">blue<\/td>\n<td style=\"text-align: center;\">200<\/td>\n<td style=\"text-align: center;\">12<\/td>\n<td style=\"text-align: center;\">77<\/td>\n<td style=\"text-align: center;\">100<\/td>\n<\/tr>\n<tr>\n<td style=\"text-align: center;\">5<\/td>\n<td style=\"text-align: center;\">black<\/td>\n<td style=\"text-align: center;\">248<\/td>\n<td style=\"text-align: center;\">12<\/td>\n<td style=\"text-align: center;\">100<\/td>\n<td style=\"text-align: center;\">130<\/td>\n<\/tr>\n<\/tbody>\n<\/table>\n<p>&nbsp;<\/p>\n<h3>Wartung<\/h3>\n<p>Eure Friends LACD -Lunatic Cams solltet ihr regelm\u00e4\u00dfig warten. Reinigt deshalb Eure Klemmger\u00e4te regelm\u00e4\u00dfig und sorgsam. Erstens mit lauwarmen Wasser abwaschen. Zweitens den Schmutz durch \u201eAufschlagen\u201c in der Hand herausl\u00f6sen. Drittens an der Luft trocknen lassen. Viertens mit einem <a href=\"https:\/\/bolting.eu\/shop\/kong-kletterausruestung-pflegeoel\/\">Karabiner Pflege\u00f6l<\/a> einschmieren. So gleiten die Klemmsegmente reibungslos und die Federn bleiben geschmeidigt.<\/p>\n<p><strong>Link Tipp:<\/strong> Ihr k\u00f6nnt Eure neuen Klemmger\u00e4te gleich mal ausprobieren, wie z.B. beim <a href=\"https:\/\/maltatal.rocks\/alpinklettern-im-maltatal-hohe-tauern\/\" target=\"_blank\" rel=\"noopener noreferrer\">Alpinklettern in den Hohen Tauern<\/a>!<\/p>\n","protected":false},"excerpt":{"rendered":"<ul>\n<li>Hersteller: LACD<\/li>\n<li>Bauweise: einachsiger, klassischer Friend<\/li>\n<li>Rissbreiten: 15mm bis 130mm<\/li>\n<li>gute Ergonomie<\/li>\n<li>14mm Dyneema Schlinge<\/li>\n<li>Klemmsegmente und Steg aus Aluminium<\/li>\n<li>Gewicht: 86 Gramm bis 248 Gramm; Set = 1,36 kg<\/li>\n<\/ul>\n","protected":false},"featured_media":2385,"comment_status":"closed","ping_status":"closed","template":"","meta":[],"product_brand":[],"product_cat":[31,39,4669],"product_tag":[262,265],"class_list":{"0":"post-2384","1":"product","2":"type-product","3":"status-publish","4":"has-post-thumbnail","6":"product_cat-big-wall-ausruestung","7":"product_cat-klemmgeraete-friends","8":"product_cat-lacd","9":"product_tag-alpinklettern","10":"product_tag-big-wall-klettern","12":"first","13":"outofstock","14":"sale","15":"taxable","16":"shipping-taxable","17":"purchasable","18":"product-type-variable"},"yoast_head":"<!-- This site is optimized with the Yoast SEO Premium plugin v26.9 (Yoast SEO v26.9) - https:\/\/yoast.com\/product\/yoast-seo-premium-wordpress\/ -->\n<title>Friends LACD - Lunatic Cams: jetzt online kaufen bei bolting.eu<\/title>\n<meta name=\"description\" content=\"Hier findet ihr die Friends LACD - Lunatic Cams. G\u00fcnstige Klemmger\u00e4te made in GErmany mit 10 verschiedenen Gr\u00f6\u00dfen. Ideal f\u00fcr alpine Einsteiger!\" \/>\n<meta name=\"robots\" content=\"index, follow, max-snippet:-1, max-image-preview:large, max-video-preview:-1\" \/>\n<link rel=\"canonical\" href=\"https:\/\/bolting.eu\/en\/shop\/friends-lacd-lunatic-cams\/\" \/>\n<meta property=\"og:locale\" content=\"en_US\" \/>\n<meta property=\"og:type\" content=\"article\" \/>\n<meta property=\"og:title\" content=\"Friends LACD - Lunatic Cams\" \/>\n<meta property=\"og:description\" content=\"Hier findet ihr die Friends LACD - Lunatic Cams. G\u00fcnstige Klemmger\u00e4te made in GErmany mit 10 verschiedenen Gr\u00f6\u00dfen. Ideal f\u00fcr alpine Einsteiger!\" \/>\n<meta property=\"og:url\" content=\"https:\/\/bolting.eu\/en\/shop\/friends-lacd-lunatic-cams\/\" \/>\n<meta property=\"og:site_name\" content=\"bolting.eu\" \/>\n<meta property=\"article:publisher\" content=\"https:\/\/www.facebook.com\/bolting.eu\" \/>\n<meta property=\"article:modified_time\" content=\"2023-06-12T15:59:31+00:00\" \/>\n<meta property=\"og:image\" content=\"https:\/\/bolting.eu\/wp-content\/uploads\/2020\/03\/Friends-LACD-Lunatic-Cams.jpg\" \/>\n\t<meta property=\"og:image:width\" content=\"700\" \/>\n\t<meta property=\"og:image:height\" content=\"700\" \/>\n\t<meta property=\"og:image:type\" content=\"image\/jpeg\" \/>\n<meta name=\"twitter:card\" content=\"summary_large_image\" \/>\n<meta name=\"twitter:label1\" content=\"Availability\" \/>\n\t<meta name=\"twitter:data1\" content=\"Out of stock\" \/>\n<script type=\"application\/ld+json\" class=\"yoast-schema-graph\">{\"@context\":\"https:\/\/schema.org\",\"@graph\":[{\"@type\":[\"WebPage\",\"ItemPage\"],\"@id\":\"https:\/\/bolting.eu\/en\/shop\/friends-lacd-lunatic-cams\/\",\"url\":\"https:\/\/bolting.eu\/en\/shop\/friends-lacd-lunatic-cams\/\",\"name\":\"Friends LACD - Lunatic Cams: jetzt online kaufen bei bolting.eu\",\"isPartOf\":{\"@id\":\"https:\/\/bolting.eu\/en\/#website\"},\"primaryImageOfPage\":{\"@id\":\"https:\/\/bolting.eu\/en\/shop\/friends-lacd-lunatic-cams\/#primaryimage\"},\"image\":{\"@id\":\"https:\/\/bolting.eu\/en\/shop\/friends-lacd-lunatic-cams\/#primaryimage\"},\"thumbnailUrl\":\"https:\/\/bolting.eu\/wp-content\/uploads\/2020\/03\/Friends-LACD-Lunatic-Cams.jpg\",\"datePublished\":\"2020-03-20T13:15:04+00:00\",\"dateModified\":\"2023-06-12T15:59:31+00:00\",\"description\":\"Hier findet ihr die Friends LACD - Lunatic Cams. G\u00fcnstige Klemmger\u00e4te made in GErmany mit 10 verschiedenen Gr\u00f6\u00dfen. Ideal f\u00fcr alpine Einsteiger!\",\"breadcrumb\":{\"@id\":\"https:\/\/bolting.eu\/en\/shop\/friends-lacd-lunatic-cams\/#breadcrumb\"},\"inLanguage\":\"en-US\",\"potentialAction\":[{\"@type\":\"ReadAction\",\"target\":[\"https:\/\/bolting.eu\/en\/shop\/friends-lacd-lunatic-cams\/\"]}]},{\"@type\":\"ImageObject\",\"inLanguage\":\"en-US\",\"@id\":\"https:\/\/bolting.eu\/en\/shop\/friends-lacd-lunatic-cams\/#primaryimage\",\"url\":\"https:\/\/bolting.eu\/wp-content\/uploads\/2020\/03\/Friends-LACD-Lunatic-Cams.jpg\",\"contentUrl\":\"https:\/\/bolting.eu\/wp-content\/uploads\/2020\/03\/Friends-LACD-Lunatic-Cams.jpg\",\"width\":700,\"height\":700,\"caption\":\"Das Bild zeigt alle 10 Gr\u00f6\u00dfen der Friends-LACD-Lunatic-Cams. Sie sind in zwei Reihen zu je f\u00fcnft St\u00fcck ineinem wei\u00dfem Quadrat aufgereiht.\"},{\"@type\":\"BreadcrumbList\",\"@id\":\"https:\/\/bolting.eu\/en\/shop\/friends-lacd-lunatic-cams\/#breadcrumb\",\"itemListElement\":[{\"@type\":\"ListItem\",\"position\":1,\"name\":\"Shop\",\"item\":\"https:\/\/bolting.eu\/en\/shop\/\"},{\"@type\":\"ListItem\",\"position\":2,\"name\":\"climbing equipment\",\"item\":\"https:\/\/bolting.eu\/en\/produkt-kategorie\/climbing-equipment\/\"},{\"@type\":\"ListItem\",\"position\":3,\"name\":\"Klemmger\u00e4te - Friends\",\"item\":\"https:\/\/bolting.eu\/produkt-kategorie\/kletterausruestung\/klemmgeraete-friends\/\"},{\"@type\":\"ListItem\",\"position\":4,\"name\":\"Friends LACD &#8211; Lunatic Cams\"}]},{\"@type\":\"WebSite\",\"@id\":\"https:\/\/bolting.eu\/en\/#website\",\"url\":\"https:\/\/bolting.eu\/en\/\",\"name\":\"bolting.eu\",\"description\":\"we make climbs happen\",\"publisher\":{\"@id\":\"https:\/\/bolting.eu\/en\/#organization\"},\"potentialAction\":[{\"@type\":\"SearchAction\",\"target\":{\"@type\":\"EntryPoint\",\"urlTemplate\":\"https:\/\/bolting.eu\/en\/?s={search_term_string}\"},\"query-input\":{\"@type\":\"PropertyValueSpecification\",\"valueRequired\":true,\"valueName\":\"search_term_string\"}}],\"inLanguage\":\"en-US\"},{\"@type\":[\"Organization\",\"Place\",\"SportingGoodsStore\"],\"@id\":\"https:\/\/bolting.eu\/en\/#organization\",\"name\":\"bolting.eu\",\"url\":\"https:\/\/bolting.eu\/en\/\",\"logo\":{\"@id\":\"https:\/\/bolting.eu\/en\/shop\/friends-lacd-lunatic-cams\/#local-main-organization-logo\"},\"image\":{\"@id\":\"https:\/\/bolting.eu\/en\/shop\/friends-lacd-lunatic-cams\/#local-main-organization-logo\"},\"sameAs\":[\"https:\/\/www.facebook.com\/bolting.eu\",\"https:\/\/www.instagram.com\/bolting.eu\/\"],\"address\":{\"@id\":\"https:\/\/bolting.eu\/en\/shop\/friends-lacd-lunatic-cams\/#local-main-place-address\"},\"geo\":{\"@type\":\"GeoCoordinates\",\"latitude\":\"47.264176340396226\",\"longitude\":\"11.380109057672346\"},\"telephone\":[\"+43 699 19083372\"],\"openingHoursSpecification\":[{\"@type\":\"OpeningHoursSpecification\",\"dayOfWeek\":[\"Monday\",\"Wednesday\",\"Friday\"],\"opens\":\"14:00\",\"closes\":\"18:00\"},{\"@type\":\"OpeningHoursSpecification\",\"dayOfWeek\":[\"Tuesday\",\"Thursday\",\"Saturday\",\"Sunday\"],\"opens\":\"00:00\",\"closes\":\"00:00\"}],\"email\":\"office@bolting.eu\",\"vatID\":\"ATU59999728\",\"priceRange\":\"$$\",\"currenciesAccepted\":\"Euro\"},{\"@type\":\"PostalAddress\",\"@id\":\"https:\/\/bolting.eu\/en\/shop\/friends-lacd-lunatic-cams\/#local-main-place-address\",\"streetAddress\":\"Fischnalerstra\u00dfe 4\",\"addressLocality\":\"Innsbruck\",\"postalCode\":\"6020\",\"addressRegion\":\"Tirol\",\"addressCountry\":\"AT\"},{\"@type\":\"ImageObject\",\"inLanguage\":\"en-US\",\"@id\":\"https:\/\/bolting.eu\/en\/shop\/friends-lacd-lunatic-cams\/#local-main-organization-logo\",\"url\":\"https:\/\/bolting.eu\/wp-content\/uploads\/2019\/09\/bolting-logo.png\",\"contentUrl\":\"https:\/\/bolting.eu\/wp-content\/uploads\/2019\/09\/bolting-logo.png\",\"width\":400,\"height\":211,\"caption\":\"bolting.eu\"}]}<\/script>\n<meta property=\"og:availability\" content=\"out of stock\" \/>\n<meta property=\"product:availability\" content=\"out of stock\" \/>\n<meta property=\"product:condition\" content=\"new\" \/>\n<meta name=\"geo.placename\" content=\"Innsbruck\" \/>\n<meta name=\"geo.position\" content=\"47.264176340396226;11.380109057672346\" \/>\n<meta name=\"geo.region\" content=\"Austria\" \/>\n<!-- \/ Yoast SEO Premium plugin. -->","yoast_head_json":{"title":"Friends LACD - Lunatic Cams: jetzt online kaufen bei bolting.eu","description":"Hier findet ihr die Friends LACD - Lunatic Cams. G\u00fcnstige Klemmger\u00e4te made in GErmany mit 10 verschiedenen Gr\u00f6\u00dfen. Ideal f\u00fcr alpine Einsteiger!","robots":{"index":"index","follow":"follow","max-snippet":"max-snippet:-1","max-image-preview":"max-image-preview:large","max-video-preview":"max-video-preview:-1"},"canonical":"https:\/\/bolting.eu\/en\/shop\/friends-lacd-lunatic-cams\/","og_locale":"en_US","og_type":"article","og_title":"Friends LACD - Lunatic Cams","og_description":"Hier findet ihr die Friends LACD - Lunatic Cams. G\u00fcnstige Klemmger\u00e4te made in GErmany mit 10 verschiedenen Gr\u00f6\u00dfen. Ideal f\u00fcr alpine Einsteiger!","og_url":"https:\/\/bolting.eu\/en\/shop\/friends-lacd-lunatic-cams\/","og_site_name":"bolting.eu","article_publisher":"https:\/\/www.facebook.com\/bolting.eu","article_modified_time":"2023-06-12T15:59:31+00:00","og_image":[{"width":700,"height":700,"url":"https:\/\/bolting.eu\/wp-content\/uploads\/2020\/03\/Friends-LACD-Lunatic-Cams.jpg","type":"image\/jpeg"}],"twitter_card":"summary_large_image","twitter_misc":{"Availability":"Out of stock"},"schema":{"@context":"https:\/\/schema.org","@graph":[{"@type":["WebPage","ItemPage"],"@id":"https:\/\/bolting.eu\/en\/shop\/friends-lacd-lunatic-cams\/","url":"https:\/\/bolting.eu\/en\/shop\/friends-lacd-lunatic-cams\/","name":"Friends LACD - Lunatic Cams: jetzt online kaufen bei bolting.eu","isPartOf":{"@id":"https:\/\/bolting.eu\/en\/#website"},"primaryImageOfPage":{"@id":"https:\/\/bolting.eu\/en\/shop\/friends-lacd-lunatic-cams\/#primaryimage"},"image":{"@id":"https:\/\/bolting.eu\/en\/shop\/friends-lacd-lunatic-cams\/#primaryimage"},"thumbnailUrl":"https:\/\/bolting.eu\/wp-content\/uploads\/2020\/03\/Friends-LACD-Lunatic-Cams.jpg","datePublished":"2020-03-20T13:15:04+00:00","dateModified":"2023-06-12T15:59:31+00:00","description":"Hier findet ihr die Friends LACD - Lunatic Cams. G\u00fcnstige Klemmger\u00e4te made in GErmany mit 10 verschiedenen Gr\u00f6\u00dfen. Ideal f\u00fcr alpine Einsteiger!","breadcrumb":{"@id":"https:\/\/bolting.eu\/en\/shop\/friends-lacd-lunatic-cams\/#breadcrumb"},"inLanguage":"en-US","potentialAction":[{"@type":"ReadAction","target":["https:\/\/bolting.eu\/en\/shop\/friends-lacd-lunatic-cams\/"]}]},{"@type":"ImageObject","inLanguage":"en-US","@id":"https:\/\/bolting.eu\/en\/shop\/friends-lacd-lunatic-cams\/#primaryimage","url":"https:\/\/bolting.eu\/wp-content\/uploads\/2020\/03\/Friends-LACD-Lunatic-Cams.jpg","contentUrl":"https:\/\/bolting.eu\/wp-content\/uploads\/2020\/03\/Friends-LACD-Lunatic-Cams.jpg","width":700,"height":700,"caption":"Das Bild zeigt alle 10 Gr\u00f6\u00dfen der Friends-LACD-Lunatic-Cams. Sie sind in zwei Reihen zu je f\u00fcnft St\u00fcck ineinem wei\u00dfem Quadrat aufgereiht."},{"@type":"BreadcrumbList","@id":"https:\/\/bolting.eu\/en\/shop\/friends-lacd-lunatic-cams\/#breadcrumb","itemListElement":[{"@type":"ListItem","position":1,"name":"Shop","item":"https:\/\/bolting.eu\/en\/shop\/"},{"@type":"ListItem","position":2,"name":"climbing equipment","item":"https:\/\/bolting.eu\/en\/produkt-kategorie\/climbing-equipment\/"},{"@type":"ListItem","position":3,"name":"Klemmger\u00e4te - Friends","item":"https:\/\/bolting.eu\/produkt-kategorie\/kletterausruestung\/klemmgeraete-friends\/"},{"@type":"ListItem","position":4,"name":"Friends LACD &#8211; Lunatic Cams"}]},{"@type":"WebSite","@id":"https:\/\/bolting.eu\/en\/#website","url":"https:\/\/bolting.eu\/en\/","name":"bolting.eu","description":"we make climbs happen","publisher":{"@id":"https:\/\/bolting.eu\/en\/#organization"},"potentialAction":[{"@type":"SearchAction","target":{"@type":"EntryPoint","urlTemplate":"https:\/\/bolting.eu\/en\/?s={search_term_string}"},"query-input":{"@type":"PropertyValueSpecification","valueRequired":true,"valueName":"search_term_string"}}],"inLanguage":"en-US"},{"@type":["Organization","Place","SportingGoodsStore"],"@id":"https:\/\/bolting.eu\/en\/#organization","name":"bolting.eu","url":"https:\/\/bolting.eu\/en\/","logo":{"@id":"https:\/\/bolting.eu\/en\/shop\/friends-lacd-lunatic-cams\/#local-main-organization-logo"},"image":{"@id":"https:\/\/bolting.eu\/en\/shop\/friends-lacd-lunatic-cams\/#local-main-organization-logo"},"sameAs":["https:\/\/www.facebook.com\/bolting.eu","https:\/\/www.instagram.com\/bolting.eu\/"],"address":{"@id":"https:\/\/bolting.eu\/en\/shop\/friends-lacd-lunatic-cams\/#local-main-place-address"},"geo":{"@type":"GeoCoordinates","latitude":"47.264176340396226","longitude":"11.380109057672346"},"telephone":["+43 699 19083372"],"openingHoursSpecification":[{"@type":"OpeningHoursSpecification","dayOfWeek":["Monday","Wednesday","Friday"],"opens":"14:00","closes":"18:00"},{"@type":"OpeningHoursSpecification","dayOfWeek":["Tuesday","Thursday","Saturday","Sunday"],"opens":"00:00","closes":"00:00"}],"email":"office@bolting.eu","vatID":"ATU59999728","priceRange":"$$","currenciesAccepted":"Euro"},{"@type":"PostalAddress","@id":"https:\/\/bolting.eu\/en\/shop\/friends-lacd-lunatic-cams\/#local-main-place-address","streetAddress":"Fischnalerstra\u00dfe 4","addressLocality":"Innsbruck","postalCode":"6020","addressRegion":"Tirol","addressCountry":"AT"},{"@type":"ImageObject","inLanguage":"en-US","@id":"https:\/\/bolting.eu\/en\/shop\/friends-lacd-lunatic-cams\/#local-main-organization-logo","url":"https:\/\/bolting.eu\/wp-content\/uploads\/2019\/09\/bolting-logo.png","contentUrl":"https:\/\/bolting.eu\/wp-content\/uploads\/2019\/09\/bolting-logo.png","width":400,"height":211,"caption":"bolting.eu"}]},"og_availability":"out of stock","product_availability":"out of stock","product_condition":"new","geo.placename":"Innsbruck","geo.position":{"lat":"47.264176340396226","long":"11.380109057672346"},"geo.region":"Austria"},"_links":{"self":[{"href":"https:\/\/bolting.eu\/en\/wp-json\/wp\/v2\/product\/2384","targetHints":{"allow":["GET"]}}],"collection":[{"href":"https:\/\/bolting.eu\/en\/wp-json\/wp\/v2\/product"}],"about":[{"href":"https:\/\/bolting.eu\/en\/wp-json\/wp\/v2\/types\/product"}],"replies":[{"embeddable":true,"href":"https:\/\/bolting.eu\/en\/wp-json\/wp\/v2\/comments?post=2384"}],"wp:featuredmedia":[{"embeddable":true,"href":"https:\/\/bolting.eu\/en\/wp-json\/wp\/v2\/media\/2385"}],"wp:attachment":[{"href":"https:\/\/bolting.eu\/en\/wp-json\/wp\/v2\/media?parent=2384"}],"wp:term":[{"taxonomy":"product_brand","embeddable":true,"href":"https:\/\/bolting.eu\/en\/wp-json\/wp\/v2\/product_brand?post=2384"},{"taxonomy":"product_cat","embeddable":true,"href":"https:\/\/bolting.eu\/en\/wp-json\/wp\/v2\/product_cat?post=2384"},{"taxonomy":"product_tag","embeddable":true,"href":"https:\/\/bolting.eu\/en\/wp-json\/wp\/v2\/product_tag?post=2384"}],"curies":[{"name":"wp","href":"https:\/\/api.w.org\/{rel}","templated":true}]}}